{"id":2928,"date":"2022-05-16T13:40:43","date_gmt":"2022-05-16T05:40:43","guid":{"rendered":"https:\/\/www.tosunlux.eu\/?post_type=product&#038;p=2928"},"modified":"2022-05-16T13:40:44","modified_gmt":"2022-05-16T05:40:44","slug":"tal-b-control-station-tal-b144h29","status":"publish","type":"product","link":"https:\/\/www.tosunlux.eu\/sq\/products\/tal-b-control-station-tal-b144h29\/","title":{"rendered":"Stacioni i kontrollit TAL-B TAL-B144H29"},"content":{"rendered":"<table style=\"border-collapse: collapse; width: 414.02pt;\" border=\"0\" width=\"552\" cellspacing=\"0\" cellpadding=\"0\">\n<tbody>\n<tr style=\"height: 25.50pt;\">\n<td class=\"et2\" style=\"height: 25.50pt; width: 76.25pt;\" width=\"101\" height=\"34\">P\u00ebrshkrimi<\/td>\n<td class=\"et2\" style=\"width: 91.25pt;\" width=\"121\">Kontaktoni<\/td>\n<td class=\"et2\" style=\"width: 54.00pt;\" width=\"72\">Qarku<\/td>\n<td class=\"et2\" style=\"width: 54.00pt;\" width=\"72\">Sh\u00ebnimi<br \/>\nmbi legjend\u00ebn<\/td>\n<td class=\"et2\" style=\"width: 54.00pt;\" width=\"72\">Sh\u00ebnimi<br \/>\nbutonin n\u00eb<\/td>\n<td class=\"et2\" style=\"width: 85.00pt;\" width=\"113\">Model<\/td>\n<\/tr>\n<tr style=\"height: 25.50pt;\">\n<td class=\"et3\" style=\"height: 51.00pt; width: 76.25pt;\" rowspan=\"2\" width=\"101\" height=\"68\">1 \u00e7el\u00ebs p\u00ebrzgjedh\u00ebs<br \/>\n2 pozicion q\u00ebndro i zi<br \/>\ndorez\u00eb standarde<\/td>\n<td class=\"et3\" style=\"width: 91.25pt;\" rowspan=\"2\" width=\"121\">N\/O<\/td>\n<td class=\"et3\" style=\"width: 54.00pt;\" rowspan=\"2\" width=\"72\"><img decoding=\"async\" class=\"alignnone size-full wp-image-2941\" src=\"https:\/\/www.tosunlux.eu\/wp-content\/uploads\/2022\/05\/QQ\u622a\u56fe20220516133416.png\" alt=\"\" width=\"94\" height=\"81\" \/><\/td>\n<td class=\"et2\" style=\"width: 54.00pt;\" width=\"72\">Filloni<br \/>\nNdalo<\/td>\n<td class=\"et3\" style=\"width: 54.00pt; border-bottom: .5pt solid #000000;\" rowspan=\"2\" width=\"72\">e zez\u00eb<br \/>\nstandarde<\/td>\n<td class=\"et2\" style=\"width: 85.00pt;\" width=\"113\">TAL-B132H29<\/td>\n<\/tr>\n<tr style=\"height: 25.50pt;\">\n<td class=\"et2\" style=\"width: 54.00pt;\" width=\"72\">O<br \/>\nI<\/td>\n<td class=\"et2\" style=\"width: 85.00pt;\" width=\"113\">TAL-B134H29<\/td>\n<\/tr>\n<tr style=\"height: 25.50pt;\">\n<td class=\"et3\" style=\"height: 51.00pt; width: 76.25pt;\" rowspan=\"2\" width=\"101\" height=\"68\">1 \u00e7el\u00ebs p\u00ebrzgjedh\u00ebs<br \/>\noperohet me \u00e7el\u00ebs (\u00e7el\u00ebsi nr. 455)<br \/>\n2 pozicione q\u00ebndroni t\u00eb vendosur<br \/>\n\u00e7el\u00ebsi me t\u00ebrheqje nga<br \/>\nPozicioni LH<\/td>\n<td class=\"et3\" style=\"width: 91.25pt;\" rowspan=\"2\" width=\"121\">N\/O<\/td>\n<td class=\"et3\" style=\"width: 54.00pt;\" rowspan=\"2\" width=\"72\"><img decoding=\"async\" class=\"alignnone size-full wp-image-2939\" src=\"https:\/\/www.tosunlux.eu\/wp-content\/uploads\/2022\/05\/QQ\u622a\u56fe20220516133011.png\" alt=\"\" width=\"84\" height=\"81\" \/><\/td>\n<td class=\"et2\" style=\"width: 54.00pt;\" width=\"72\">Filloni<br \/>\nNdalo<\/td>\n<td class=\"et3\" style=\"width: 54.00pt; border-bottom: .5pt solid #000000;\" rowspan=\"2\" width=\"72\">\u00c7el\u00ebsi<br \/>\nlirim<\/td>\n<td class=\"et2\" style=\"width: 85.00pt;\" width=\"113\">TAL-B142H29<\/td>\n<\/tr>\n<tr style=\"height: 25.50pt;\">\n<td class=\"et2\" style=\"width: 54.00pt;\" width=\"72\">O<br \/>\nI<\/td>\n<td class=\"et2\" style=\"width: 85.00pt;\" width=\"113\">TAL-B144H29<\/td>\n<\/tr>\n<\/tbody>\n<\/table>","protected":false},"parent":0,"template":"","product_category":[35,94],"class_list":["post-2928","product","type-product","status-publish","hentry","product_category-industrial-control-devices","product_category-pushbutton-switch"],"yoast_head":"<!-- This site is optimized with the Yoast SEO plugin v27.3 - https:\/\/yoast.com\/product\/yoast-seo-wordpress\/ -->\n<title>WholesaleTAL-B Control Station TAL-B144H29 - TOSUNlux Official Site - Electrical Circuit Breaker Manufacturer in China Low Voltage Electrical Supplier | TOSUNlux<\/title>\n<meta name=\"description\" content=\"TAL-B Control Station TAL-B144H29 Supplier - Wholesale direct from TOSUNlux, a trusted manufacturer since 1994. Get your B2B factory quote on our certified Low Voltage electrical products.\" \/>\n<meta name=\"robots\" content=\"index, follow, max-snippet:-1, max-image-preview:large, max-video-preview:-1\" \/>\n<link rel=\"canonical\" href=\"https:\/\/www.tosunlux.eu\/sq\/products\/tal-b-control-station-tal-b144h29\/\" \/>\n<meta property=\"og:locale\" content=\"sq_AL\" \/>\n<meta property=\"og:type\" content=\"article\" \/>\n<meta property=\"og:title\" content=\"WholesaleTAL-B Control Station TAL-B144H29 - TOSUNlux Official Site - Electrical Circuit Breaker Manufacturer in China Low Voltage Electrical Supplier | TOSUNlux\" \/>\n<meta property=\"og:description\" content=\"TAL-B Control Station TAL-B144H29 Supplier - Wholesale direct from TOSUNlux, a trusted manufacturer since 1994. Get your B2B factory quote on our certified Low Voltage electrical products.\" \/>\n<meta property=\"og:url\" content=\"https:\/\/www.tosunlux.eu\/sq\/products\/tal-b-control-station-tal-b144h29\/\" \/>\n<meta property=\"og:site_name\" content=\"TOSUNlux Official Site - Electrical Circuit Breaker Manufacturer in China\" \/>\n<meta property=\"article:publisher\" content=\"https:\/\/www.facebook.com\/TOSUNelectric\/\" \/>\n<meta property=\"article:modified_time\" content=\"2022-05-16T05:40:44+00:00\" \/>\n<meta property=\"og:image\" content=\"https:\/\/www.tosunlux.eu\/wp-content\/uploads\/2023\/04\/DSC08160_\u526f\u672c.jpg\" \/>\n\t<meta property=\"og:image:width\" content=\"1500\" \/>\n\t<meta property=\"og:image:height\" content=\"940\" \/>\n\t<meta property=\"og:image:type\" content=\"image\/jpeg\" \/>\n<meta name=\"twitter:card\" content=\"summary_large_image\" \/>\n<meta name=\"twitter:label1\" content=\"Est. reading time\" \/>\n\t<meta name=\"twitter:data1\" content=\"1 minut\u00eb\" \/>\n<script type=\"application\/ld+json\" class=\"yoast-schema-graph\">{\"@context\":\"https:\\\/\\\/schema.org\",\"@graph\":[{\"@type\":\"WebPage\",\"@id\":\"https:\\\/\\\/www.tosunlux.eu\\\/products\\\/tal-b-control-station-tal-b144h29\\\/\",\"url\":\"https:\\\/\\\/www.tosunlux.eu\\\/products\\\/tal-b-control-station-tal-b144h29\\\/\",\"name\":\"WholesaleTAL-B Control Station TAL-B144H29 - TOSUNlux Official Site - Electrical Circuit Breaker Manufacturer in China Low Voltage Electrical Supplier | TOSUNlux\",\"isPartOf\":{\"@id\":\"https:\\\/\\\/www.tosunlux.eu\\\/ru\\\/#website\"},\"datePublished\":\"2022-05-16T05:40:43+00:00\",\"dateModified\":\"2022-05-16T05:40:44+00:00\",\"description\":\"TAL-B Control Station TAL-B144H29 Supplier - Wholesale direct from TOSUNlux, a trusted manufacturer since 1994. Get your B2B factory quote on our certified Low Voltage electrical products.\",\"breadcrumb\":{\"@id\":\"https:\\\/\\\/www.tosunlux.eu\\\/products\\\/tal-b-control-station-tal-b144h29\\\/#breadcrumb\"},\"inLanguage\":\"sq\",\"potentialAction\":[{\"@type\":\"ReadAction\",\"target\":[\"https:\\\/\\\/www.tosunlux.eu\\\/products\\\/tal-b-control-station-tal-b144h29\\\/\"]}]},{\"@type\":\"BreadcrumbList\",\"@id\":\"https:\\\/\\\/www.tosunlux.eu\\\/products\\\/tal-b-control-station-tal-b144h29\\\/#breadcrumb\",\"itemListElement\":[{\"@type\":\"ListItem\",\"position\":1,\"name\":\"Home\",\"item\":\"https:\\\/\\\/www.tosunlux.eu\\\/ru\\\/\"},{\"@type\":\"ListItem\",\"position\":2,\"name\":\"Products\",\"item\":\"https:\\\/\\\/www.tosunlux.eu\\\/products\\\/\"},{\"@type\":\"ListItem\",\"position\":3,\"name\":\"TAL-B Control Station TAL-B144H29\"}]},{\"@type\":\"WebSite\",\"@id\":\"https:\\\/\\\/www.tosunlux.eu\\\/ru\\\/#website\",\"url\":\"https:\\\/\\\/www.tosunlux.eu\\\/ru\\\/\",\"name\":\"TOSUNlux Official Site - Electrical Circuit Breaker Manufacturer in China\",\"description\":\"Power Distribution System Supplier\",\"publisher\":{\"@id\":\"https:\\\/\\\/www.tosunlux.eu\\\/ru\\\/#organization\"},\"alternateName\":\"TOSUNlux\",\"potentialAction\":[{\"@type\":\"SearchAction\",\"target\":{\"@type\":\"EntryPoint\",\"urlTemplate\":\"https:\\\/\\\/www.tosunlux.eu\\\/ru\\\/?s={search_term_string}\"},\"query-input\":{\"@type\":\"PropertyValueSpecification\",\"valueRequired\":true,\"valueName\":\"search_term_string\"}}],\"inLanguage\":\"sq\"},{\"@type\":\"Organization\",\"@id\":\"https:\\\/\\\/www.tosunlux.eu\\\/ru\\\/#organization\",\"name\":\"TOSUNlux\",\"url\":\"https:\\\/\\\/www.tosunlux.eu\\\/ru\\\/\",\"logo\":{\"@type\":\"ImageObject\",\"inLanguage\":\"sq\",\"@id\":\"https:\\\/\\\/www.tosunlux.eu\\\/ru\\\/#\\\/schema\\\/logo\\\/image\\\/\",\"url\":\"https:\\\/\\\/www.tosunlux.eu\\\/wp-content\\\/uploads\\\/2022\\\/01\\\/LOGOSYSM.71762f1.png\",\"contentUrl\":\"https:\\\/\\\/www.tosunlux.eu\\\/wp-content\\\/uploads\\\/2022\\\/01\\\/LOGOSYSM.71762f1.png\",\"width\":153,\"height\":55,\"caption\":\"TOSUNlux\"},\"image\":{\"@id\":\"https:\\\/\\\/www.tosunlux.eu\\\/ru\\\/#\\\/schema\\\/logo\\\/image\\\/\"},\"sameAs\":[\"https:\\\/\\\/www.facebook.com\\\/TOSUNelectric\\\/\",\"https:\\\/\\\/www.linkedin.com\\\/company\\\/wenzhou-tosun-electric-co.-ltd\\\/\"]}]}<\/script>\n<!-- \/ Yoast SEO plugin. -->","yoast_head_json":{"title":"WholesaleTAL-B Control Station TAL-B144H29 - TOSUNlux Official Site - Electrical Circuit Breaker Manufacturer in China Low Voltage Electrical Supplier | TOSUNlux","description":"TAL-B Control Station TAL-B144H29 Supplier - Wholesale direct from TOSUNlux, a trusted manufacturer since 1994. Get your B2B factory quote on our certified Low Voltage electrical products.","robots":{"index":"index","follow":"follow","max-snippet":"max-snippet:-1","max-image-preview":"max-image-preview:large","max-video-preview":"max-video-preview:-1"},"canonical":"https:\/\/www.tosunlux.eu\/sq\/products\/tal-b-control-station-tal-b144h29\/","og_locale":"sq_AL","og_type":"article","og_title":"WholesaleTAL-B Control Station TAL-B144H29 - TOSUNlux Official Site - Electrical Circuit Breaker Manufacturer in China Low Voltage Electrical Supplier | TOSUNlux","og_description":"TAL-B Control Station TAL-B144H29 Supplier - Wholesale direct from TOSUNlux, a trusted manufacturer since 1994. Get your B2B factory quote on our certified Low Voltage electrical products.","og_url":"https:\/\/www.tosunlux.eu\/sq\/products\/tal-b-control-station-tal-b144h29\/","og_site_name":"TOSUNlux Official Site - Electrical Circuit Breaker Manufacturer in China","article_publisher":"https:\/\/www.facebook.com\/TOSUNelectric\/","article_modified_time":"2022-05-16T05:40:44+00:00","og_image":[{"width":1500,"height":940,"url":"https:\/\/www.tosunlux.eu\/wp-content\/uploads\/2023\/04\/DSC08160_\u526f\u672c.jpg","type":"image\/jpeg"}],"twitter_card":"summary_large_image","twitter_misc":{"Est. reading time":"1 minut\u00eb"},"schema":{"@context":"https:\/\/schema.org","@graph":[{"@type":"WebPage","@id":"https:\/\/www.tosunlux.eu\/products\/tal-b-control-station-tal-b144h29\/","url":"https:\/\/www.tosunlux.eu\/products\/tal-b-control-station-tal-b144h29\/","name":"WholesaleTAL-B Control Station TAL-B144H29 - TOSUNlux Official Site - Electrical Circuit Breaker Manufacturer in China Low Voltage Electrical Supplier | TOSUNlux","isPartOf":{"@id":"https:\/\/www.tosunlux.eu\/ru\/#website"},"datePublished":"2022-05-16T05:40:43+00:00","dateModified":"2022-05-16T05:40:44+00:00","description":"TAL-B Control Station TAL-B144H29 Supplier - Wholesale direct from TOSUNlux, a trusted manufacturer since 1994. Get your B2B factory quote on our certified Low Voltage electrical products.","breadcrumb":{"@id":"https:\/\/www.tosunlux.eu\/products\/tal-b-control-station-tal-b144h29\/#breadcrumb"},"inLanguage":"sq","potentialAction":[{"@type":"ReadAction","target":["https:\/\/www.tosunlux.eu\/products\/tal-b-control-station-tal-b144h29\/"]}]},{"@type":"BreadcrumbList","@id":"https:\/\/www.tosunlux.eu\/products\/tal-b-control-station-tal-b144h29\/#breadcrumb","itemListElement":[{"@type":"ListItem","position":1,"name":"Home","item":"https:\/\/www.tosunlux.eu\/ru\/"},{"@type":"ListItem","position":2,"name":"Products","item":"https:\/\/www.tosunlux.eu\/products\/"},{"@type":"ListItem","position":3,"name":"TAL-B Control Station TAL-B144H29"}]},{"@type":"WebSite","@id":"https:\/\/www.tosunlux.eu\/ru\/#website","url":"https:\/\/www.tosunlux.eu\/ru\/","name":"Faqja zyrtare e TOSUNlux - Prodhuesi i nd\u00ebrprer\u00ebsve t\u00eb qarkut elektrik n\u00eb Kin\u00eb","description":"Furnizuesi i Sistemit t\u00eb Shp\u00ebrndarjes s\u00eb Energjis\u00eb","publisher":{"@id":"https:\/\/www.tosunlux.eu\/ru\/#organization"},"alternateName":"TOSUNlux","potentialAction":[{"@type":"SearchAction","target":{"@type":"EntryPoint","urlTemplate":"https:\/\/www.tosunlux.eu\/ru\/?s={search_term_string}"},"query-input":{"@type":"PropertyValueSpecification","valueRequired":true,"valueName":"search_term_string"}}],"inLanguage":"sq"},{"@type":"Organization","@id":"https:\/\/www.tosunlux.eu\/ru\/#organization","name":"TOSUNlux","url":"https:\/\/www.tosunlux.eu\/ru\/","logo":{"@type":"ImageObject","inLanguage":"sq","@id":"https:\/\/www.tosunlux.eu\/ru\/#\/schema\/logo\/image\/","url":"https:\/\/www.tosunlux.eu\/wp-content\/uploads\/2022\/01\/LOGOSYSM.71762f1.png","contentUrl":"https:\/\/www.tosunlux.eu\/wp-content\/uploads\/2022\/01\/LOGOSYSM.71762f1.png","width":153,"height":55,"caption":"TOSUNlux"},"image":{"@id":"https:\/\/www.tosunlux.eu\/ru\/#\/schema\/logo\/image\/"},"sameAs":["https:\/\/www.facebook.com\/TOSUNelectric\/","https:\/\/www.linkedin.com\/company\/wenzhou-tosun-electric-co.-ltd\/"]}]}},"_links":{"self":[{"href":"https:\/\/www.tosunlux.eu\/sq\/wp-json\/wp\/v2\/product\/2928","targetHints":{"allow":["GET"]}}],"collection":[{"href":"https:\/\/www.tosunlux.eu\/sq\/wp-json\/wp\/v2\/product"}],"about":[{"href":"https:\/\/www.tosunlux.eu\/sq\/wp-json\/wp\/v2\/types\/product"}],"version-history":[{"count":0,"href":"https:\/\/www.tosunlux.eu\/sq\/wp-json\/wp\/v2\/product\/2928\/revisions"}],"wp:attachment":[{"href":"https:\/\/www.tosunlux.eu\/sq\/wp-json\/wp\/v2\/media?parent=2928"}],"wp:term":[{"taxonomy":"product_category","embeddable":true,"href":"https:\/\/www.tosunlux.eu\/sq\/wp-json\/wp\/v2\/product_category?post=2928"}],"curies":[{"name":"wp","href":"https:\/\/api.w.org\/{rel}","templated":true}]}}