{"id":2955,"date":"2022-05-16T14:02:58","date_gmt":"2022-05-16T06:02:58","guid":{"rendered":"https:\/\/www.tosunlux.eu\/?post_type=product&#038;p=2955"},"modified":"2022-05-16T14:02:58","modified_gmt":"2022-05-16T06:02:58","slug":"intelligent-digital-temperature-controller-ts-c","status":"publish","type":"product","link":"https:\/\/www.tosunlux.eu\/sq\/products\/intelligent-digital-temperature-controller-ts-c\/","title":{"rendered":"Kontrollues inteligjent dixhital i temperatur\u00ebs TS-C"},"content":{"rendered":"<p>Aplikimi<\/p>\n\n\n\n<p>Kontrolluesi dixhital inteligjent i temperatur\u00ebs miraton teknologjin\u00eb e p\u00ebrparuar t\u00eb \u00e7ipit ASIC, i cili prodhohet n\u00eb madh\u00ebsi t\u00eb vog\u00ebl dhe me fuqi nd\u00ebrkomb\u00ebtare. Produkti prodhohet sipas standardeve nd\u00ebrkomb\u00ebtare dhe p\u00ebrdor furnizim me energji komutuese me diapazon t\u00eb gjer\u00eb 85-265VAC, me dimensione t\u00eb shumta instalimi. Ai \u00ebsht\u00eb i pajtuesh\u00ebm me shumic\u00ebn e instrumenteve automatike t\u00eb kontrollit\/rregullimit industrial n\u00eb bot\u00eb n\u00eb lidhje me specifikimet e performanc\u00ebs, m\u00ebnyrat e hyrjes, funksionet e daljes dhe dimensionet e instalimit, prandaj \u00ebsht\u00eb niveli i avancuar nd\u00ebrkomb\u00ebtar.<\/p>\n\n\n\n<p>Funksioni:<\/p>\n\n\n\n<p>\u00b7Imitoni val\u00ebt e filtrit dixhital.<br>\u00b7 Tubat numerik\u00eb t\u00eb kuq dhe jeshil shfaqin pv dhe sv nj\u00ebkoh\u00ebsisht.<br>\u00b7 Rregullim dixhital PID, t\u00eb gjitha t\u00eb dh\u00ebnat e dh\u00ebna nga procedura e panelit.<br>\u00b7 Funksioni i rishikimit t\u00eb sensorit.<br>\u00b7 Gama e plot\u00eb e kontrollit t\u00eb softuerit nga 0, pa potenciomet\u00ebr.<br>\u00b7Kontroll manual\/automatik i kalimit pa nd\u00ebrhyrje.<br>\u00b7Funksioni i mbrojtjes s\u00eb bllokimit t\u00eb t\u00eb dh\u00ebnave t\u00eb klasit t\u00eb dyt\u00eb.<br>\u00b7Vet\u00ebp\u00ebrshtatje, vet\u00ebp\u00ebrshtatje.<\/p>\n\n\n<p>Specifikimi<\/p>\n<table style=\"border-collapse: collapse; width: 288.02pt;\" border=\"0\" width=\"384\" cellspacing=\"0\" cellpadding=\"0\">\n<tbody>\n<tr style=\"height: 15.00pt;\">\n<td class=\"et2\" style=\"height: 15.00pt; width: 79.50pt;\" width=\"106\" height=\"20\">Model<\/td>\n<td class=\"et2\" style=\"width: 104.25pt;\" width=\"139\">Dimensioni<\/td>\n<td class=\"et2\" style=\"width: 104.25pt;\" width=\"139\">Dimensioni i prerjes<\/td>\n<\/tr>\n<tr style=\"height: 15.00pt;\">\n<td class=\"et2\" style=\"height: 15.00pt;\" height=\"20\">TS-C100<\/td>\n<td class=\"et2\">48x48x108<\/td>\n<td class=\"et2\">45\u00d745<\/td>\n<\/tr>\n<tr style=\"height: 15.00pt;\">\n<td class=\"et2\" style=\"height: 15.00pt;\" height=\"20\">TS-C400<\/td>\n<td class=\"et2\">48x96x113<\/td>\n<td class=\"et2\">45\u00d791<\/td>\n<\/tr>\n<tr style=\"height: 15.00pt;\">\n<td class=\"et2\" style=\"height: 15.00pt;\" height=\"20\">TS-C700<\/td>\n<td class=\"et2\">72x72x113<\/td>\n<td class=\"et2\">68\u00d768<\/td>\n<\/tr>\n<tr style=\"height: 15.00pt;\">\n<td class=\"et2\" style=\"height: 15.00pt;\" height=\"20\">TS-C900<\/td>\n<td class=\"et2\">96x96x113<\/td>\n<td class=\"et2\">91\u00d791<\/td>\n<\/tr>\n<\/tbody>\n<\/table>\n<p>\u00a0<\/p>\n\n<table width=\"245\">\n<tbody>\n<tr>\n<td rowspan=\"7\" width=\"106\">Modaliteti i daljes<\/td>\n<td width=\"139\">0. Pa dalje<\/td>\n<\/tr>\n<tr>\n<td>1. Dalja e kontaktit t\u00eb stafet\u00ebs<\/td>\n<\/tr>\n<tr>\n<td>2. Rele n\u00eb gjendje t\u00eb ngurt\u00eb prodhimi i tensionit drejtues<\/td>\n<\/tr>\n<tr>\n<td>3. 0~10ma dalje aktuale<\/td>\n<\/tr>\n<tr>\n<td>4. Prodhimi aktual 4~20ma<\/td>\n<\/tr>\n<tr>\n<td>5. Dalja e sinjalit t\u00eb k\u00ebmb\u00ebz\u00ebs Scr zero<\/td>\n<\/tr>\n<tr>\n<td>6. Prodhimi me tre pozicione<\/td>\n<\/tr>\n<tr>\n<td rowspan=\"5\">Modaliteti i hyrjes<\/td>\n<td>0. Termo\u00e7ift: jke s<\/td>\n<\/tr>\n<tr>\n<td>1. Rezistenca termike: PT100, CU50<\/td>\n<\/tr>\n<tr>\n<td>2. Tensioni standard: 0~5v<\/td>\n<\/tr>\n<tr>\n<td>3. Rryma standarde: 0~10ma<\/td>\n<\/tr>\n<tr>\n<td>4. Rryma standarde: 4~20ma<\/td>\n<\/tr>\n<tr>\n<td rowspan=\"7\">Modaliteti i alarmit<\/td>\n<td>1. Pa funksion alarmi<\/td>\n<\/tr>\n<tr>\n<td>2. Alarmi i vler\u00ebs s\u00eb sip\u00ebrme absolute<\/td>\n<\/tr>\n<tr>\n<td>3. Alarmi me vler\u00eb absolute m\u00eb t\u00eb ul\u00ebt<\/td>\n<\/tr>\n<tr>\n<td>4. Alarmi i vler\u00ebs s\u00eb sip\u00ebrme t\u00eb devijimit<\/td>\n<\/tr>\n<tr>\n<td>5. Alarmi me vler\u00eb m\u00eb t\u00eb ul\u00ebt t\u00eb devijimit<\/td>\n<\/tr>\n<tr>\n<td>6. Alarmi i vler\u00ebs s\u00eb devijimit t\u00eb sip\u00ebrm dhe t\u00eb posht\u00ebm<\/td>\n<\/tr>\n<tr>\n<td>7. Alarmi me vler\u00eb absolute t\u00eb sip\u00ebrme dhe t\u00eb poshtme<\/td>\n<\/tr>\n<\/tbody>\n<\/table>\n\n\n<p><\/p>","protected":false},"parent":0,"template":"","product_category":[75,127],"class_list":["post-2955","product","type-product","status-publish","hentry","product_category-instruments","product_category-temperature-controller"],"yoast_head":"<!-- This site is optimized with the Yoast SEO plugin v27.3 - https:\/\/yoast.com\/product\/yoast-seo-wordpress\/ -->\n<title>WholesaleIntelligent Digital Temperature Controller TS-C - TOSUNlux Official Site - Electrical Circuit Breaker Manufacturer in China Low Voltage Electrical Supplier | TOSUNlux<\/title>\n<meta name=\"description\" content=\"Intelligent Digital Temperature Controller TS-C Supplier - Wholesale direct from TOSUNlux, a trusted manufacturer since 1994. Get your B2B factory quote on our certified Low Voltage electrical products.\" \/>\n<meta name=\"robots\" content=\"index, follow, max-snippet:-1, max-image-preview:large, max-video-preview:-1\" \/>\n<link rel=\"canonical\" href=\"https:\/\/www.tosunlux.eu\/sq\/products\/intelligent-digital-temperature-controller-ts-c\/\" \/>\n<meta property=\"og:locale\" content=\"sq_AL\" \/>\n<meta property=\"og:type\" content=\"article\" \/>\n<meta property=\"og:title\" content=\"WholesaleIntelligent Digital Temperature Controller TS-C - TOSUNlux Official Site - Electrical Circuit Breaker Manufacturer in China Low Voltage Electrical Supplier | TOSUNlux\" \/>\n<meta property=\"og:description\" content=\"Intelligent Digital Temperature Controller TS-C Supplier - Wholesale direct from TOSUNlux, a trusted manufacturer since 1994. Get your B2B factory quote on our certified Low Voltage electrical products.\" \/>\n<meta property=\"og:url\" content=\"https:\/\/www.tosunlux.eu\/sq\/products\/intelligent-digital-temperature-controller-ts-c\/\" \/>\n<meta property=\"og:site_name\" content=\"TOSUNlux Official Site - Electrical Circuit Breaker Manufacturer in China\" \/>\n<meta property=\"article:publisher\" content=\"https:\/\/www.facebook.com\/TOSUNelectric\/\" \/>\n<meta property=\"og:image\" content=\"https:\/\/www.tosunlux.eu\/wp-content\/uploads\/2023\/04\/DSC08160_\u526f\u672c.jpg\" \/>\n\t<meta property=\"og:image:width\" content=\"1500\" \/>\n\t<meta property=\"og:image:height\" content=\"940\" \/>\n\t<meta property=\"og:image:type\" content=\"image\/jpeg\" \/>\n<meta name=\"twitter:card\" content=\"summary_large_image\" \/>\n<meta name=\"twitter:label1\" content=\"Est. reading time\" \/>\n\t<meta name=\"twitter:data1\" content=\"2 minuta\" \/>\n<script type=\"application\/ld+json\" class=\"yoast-schema-graph\">{\"@context\":\"https:\\\/\\\/schema.org\",\"@graph\":[{\"@type\":\"WebPage\",\"@id\":\"https:\\\/\\\/www.tosunlux.eu\\\/el\\\/products\\\/intelligent-digital-temperature-controller-ts-c\\\/\",\"url\":\"https:\\\/\\\/www.tosunlux.eu\\\/el\\\/products\\\/intelligent-digital-temperature-controller-ts-c\\\/\",\"name\":\"WholesaleIntelligent Digital Temperature Controller TS-C - TOSUNlux Official Site - Electrical Circuit Breaker Manufacturer in China Low Voltage Electrical Supplier | TOSUNlux\",\"isPartOf\":{\"@id\":\"https:\\\/\\\/www.tosunlux.eu\\\/ru\\\/#website\"},\"datePublished\":\"2022-05-16T06:02:58+00:00\",\"description\":\"Intelligent Digital Temperature Controller TS-C Supplier - Wholesale direct from TOSUNlux, a trusted manufacturer since 1994. Get your B2B factory quote on our certified Low Voltage electrical products.\",\"breadcrumb\":{\"@id\":\"https:\\\/\\\/www.tosunlux.eu\\\/el\\\/products\\\/intelligent-digital-temperature-controller-ts-c\\\/#breadcrumb\"},\"inLanguage\":\"sq\",\"potentialAction\":[{\"@type\":\"ReadAction\",\"target\":[\"https:\\\/\\\/www.tosunlux.eu\\\/el\\\/products\\\/intelligent-digital-temperature-controller-ts-c\\\/\"]}]},{\"@type\":\"BreadcrumbList\",\"@id\":\"https:\\\/\\\/www.tosunlux.eu\\\/el\\\/products\\\/intelligent-digital-temperature-controller-ts-c\\\/#breadcrumb\",\"itemListElement\":[{\"@type\":\"ListItem\",\"position\":1,\"name\":\"Home\",\"item\":\"https:\\\/\\\/www.tosunlux.eu\\\/ru\\\/\"},{\"@type\":\"ListItem\",\"position\":2,\"name\":\"Products\",\"item\":\"https:\\\/\\\/www.tosunlux.eu\\\/products\\\/\"},{\"@type\":\"ListItem\",\"position\":3,\"name\":\"Intelligent Digital Temperature Controller TS-C\"}]},{\"@type\":\"WebSite\",\"@id\":\"https:\\\/\\\/www.tosunlux.eu\\\/ru\\\/#website\",\"url\":\"https:\\\/\\\/www.tosunlux.eu\\\/ru\\\/\",\"name\":\"TOSUNlux Official Site - Electrical Circuit Breaker Manufacturer in China\",\"description\":\"Power Distribution System Supplier\",\"publisher\":{\"@id\":\"https:\\\/\\\/www.tosunlux.eu\\\/ru\\\/#organization\"},\"alternateName\":\"TOSUNlux\",\"potentialAction\":[{\"@type\":\"SearchAction\",\"target\":{\"@type\":\"EntryPoint\",\"urlTemplate\":\"https:\\\/\\\/www.tosunlux.eu\\\/ru\\\/?s={search_term_string}\"},\"query-input\":{\"@type\":\"PropertyValueSpecification\",\"valueRequired\":true,\"valueName\":\"search_term_string\"}}],\"inLanguage\":\"sq\"},{\"@type\":\"Organization\",\"@id\":\"https:\\\/\\\/www.tosunlux.eu\\\/ru\\\/#organization\",\"name\":\"TOSUNlux\",\"url\":\"https:\\\/\\\/www.tosunlux.eu\\\/ru\\\/\",\"logo\":{\"@type\":\"ImageObject\",\"inLanguage\":\"sq\",\"@id\":\"https:\\\/\\\/www.tosunlux.eu\\\/ru\\\/#\\\/schema\\\/logo\\\/image\\\/\",\"url\":\"https:\\\/\\\/www.tosunlux.eu\\\/wp-content\\\/uploads\\\/2022\\\/01\\\/LOGOSYSM.71762f1.png\",\"contentUrl\":\"https:\\\/\\\/www.tosunlux.eu\\\/wp-content\\\/uploads\\\/2022\\\/01\\\/LOGOSYSM.71762f1.png\",\"width\":153,\"height\":55,\"caption\":\"TOSUNlux\"},\"image\":{\"@id\":\"https:\\\/\\\/www.tosunlux.eu\\\/ru\\\/#\\\/schema\\\/logo\\\/image\\\/\"},\"sameAs\":[\"https:\\\/\\\/www.facebook.com\\\/TOSUNelectric\\\/\",\"https:\\\/\\\/www.linkedin.com\\\/company\\\/wenzhou-tosun-electric-co.-ltd\\\/\"]}]}<\/script>\n<!-- \/ Yoast SEO plugin. -->","yoast_head_json":{"title":"Kontrollues Dixhital Inteligjent i Temperatur\u00ebs me Shumic\u00eb TS-C - Faqja Zyrtare e TOSUNlux - Prodhues i Nd\u00ebrprer\u00ebsve t\u00eb Qarkut Elektrik n\u00eb Kin\u00eb, Furnizues i Pajisjeve Elektrike me Tension t\u00eb Ul\u00ebt | TOSUNlux","description":"Furnizues i Kontrolluesit Inteligjent Dixhital t\u00eb Temperatur\u00ebs TS-C - Shitje me shumic\u00eb direkt nga TOSUNlux, nj\u00eb prodhues i besuar q\u00eb nga viti 1994. Merrni ofert\u00ebn tuaj B2B t\u00eb fabrik\u00ebs p\u00ebr produktet tona t\u00eb certifikuara elektrike me Tension t\u00eb Ul\u00ebt.","robots":{"index":"index","follow":"follow","max-snippet":"max-snippet:-1","max-image-preview":"max-image-preview:large","max-video-preview":"max-video-preview:-1"},"canonical":"https:\/\/www.tosunlux.eu\/sq\/products\/intelligent-digital-temperature-controller-ts-c\/","og_locale":"sq_AL","og_type":"article","og_title":"WholesaleIntelligent Digital Temperature Controller TS-C - TOSUNlux Official Site - Electrical Circuit Breaker Manufacturer in China Low Voltage Electrical Supplier | TOSUNlux","og_description":"Intelligent Digital Temperature Controller TS-C Supplier - Wholesale direct from TOSUNlux, a trusted manufacturer since 1994. Get your B2B factory quote on our certified Low Voltage electrical products.","og_url":"https:\/\/www.tosunlux.eu\/sq\/products\/intelligent-digital-temperature-controller-ts-c\/","og_site_name":"TOSUNlux Official Site - Electrical Circuit Breaker Manufacturer in China","article_publisher":"https:\/\/www.facebook.com\/TOSUNelectric\/","og_image":[{"width":1500,"height":940,"url":"https:\/\/www.tosunlux.eu\/wp-content\/uploads\/2023\/04\/DSC08160_\u526f\u672c.jpg","type":"image\/jpeg"}],"twitter_card":"summary_large_image","twitter_misc":{"Est. reading time":"2 minuta"},"schema":{"@context":"https:\/\/schema.org","@graph":[{"@type":"WebPage","@id":"https:\/\/www.tosunlux.eu\/el\/products\/intelligent-digital-temperature-controller-ts-c\/","url":"https:\/\/www.tosunlux.eu\/el\/products\/intelligent-digital-temperature-controller-ts-c\/","name":"Kontrollues Dixhital Inteligjent i Temperatur\u00ebs me Shumic\u00eb TS-C - Faqja Zyrtare e TOSUNlux - Prodhues i Nd\u00ebrprer\u00ebsve t\u00eb Qarkut Elektrik n\u00eb Kin\u00eb, Furnizues i Pajisjeve Elektrike me Tension t\u00eb Ul\u00ebt | TOSUNlux","isPartOf":{"@id":"https:\/\/www.tosunlux.eu\/ru\/#website"},"datePublished":"2022-05-16T06:02:58+00:00","description":"Furnizues i Kontrolluesit Inteligjent Dixhital t\u00eb Temperatur\u00ebs TS-C - Shitje me shumic\u00eb direkt nga TOSUNlux, nj\u00eb prodhues i besuar q\u00eb nga viti 1994. Merrni ofert\u00ebn tuaj B2B t\u00eb fabrik\u00ebs p\u00ebr produktet tona t\u00eb certifikuara elektrike me Tension t\u00eb Ul\u00ebt.","breadcrumb":{"@id":"https:\/\/www.tosunlux.eu\/el\/products\/intelligent-digital-temperature-controller-ts-c\/#breadcrumb"},"inLanguage":"sq","potentialAction":[{"@type":"ReadAction","target":["https:\/\/www.tosunlux.eu\/el\/products\/intelligent-digital-temperature-controller-ts-c\/"]}]},{"@type":"BreadcrumbList","@id":"https:\/\/www.tosunlux.eu\/el\/products\/intelligent-digital-temperature-controller-ts-c\/#breadcrumb","itemListElement":[{"@type":"ListItem","position":1,"name":"Home","item":"https:\/\/www.tosunlux.eu\/ru\/"},{"@type":"ListItem","position":2,"name":"Products","item":"https:\/\/www.tosunlux.eu\/products\/"},{"@type":"ListItem","position":3,"name":"Intelligent Digital Temperature Controller TS-C"}]},{"@type":"WebSite","@id":"https:\/\/www.tosunlux.eu\/ru\/#website","url":"https:\/\/www.tosunlux.eu\/ru\/","name":"Faqja zyrtare e TOSUNlux - Prodhuesi i nd\u00ebrprer\u00ebsve t\u00eb qarkut elektrik n\u00eb Kin\u00eb","description":"Furnizuesi i Sistemit t\u00eb Shp\u00ebrndarjes s\u00eb Energjis\u00eb","publisher":{"@id":"https:\/\/www.tosunlux.eu\/ru\/#organization"},"alternateName":"TOSUNlux","potentialAction":[{"@type":"SearchAction","target":{"@type":"EntryPoint","urlTemplate":"https:\/\/www.tosunlux.eu\/ru\/?s={search_term_string}"},"query-input":{"@type":"PropertyValueSpecification","valueRequired":true,"valueName":"search_term_string"}}],"inLanguage":"sq"},{"@type":"Organization","@id":"https:\/\/www.tosunlux.eu\/ru\/#organization","name":"TOSUNlux","url":"https:\/\/www.tosunlux.eu\/ru\/","logo":{"@type":"ImageObject","inLanguage":"sq","@id":"https:\/\/www.tosunlux.eu\/ru\/#\/schema\/logo\/image\/","url":"https:\/\/www.tosunlux.eu\/wp-content\/uploads\/2022\/01\/LOGOSYSM.71762f1.png","contentUrl":"https:\/\/www.tosunlux.eu\/wp-content\/uploads\/2022\/01\/LOGOSYSM.71762f1.png","width":153,"height":55,"caption":"TOSUNlux"},"image":{"@id":"https:\/\/www.tosunlux.eu\/ru\/#\/schema\/logo\/image\/"},"sameAs":["https:\/\/www.facebook.com\/TOSUNelectric\/","https:\/\/www.linkedin.com\/company\/wenzhou-tosun-electric-co.-ltd\/"]}]}},"_links":{"self":[{"href":"https:\/\/www.tosunlux.eu\/sq\/wp-json\/wp\/v2\/product\/2955","targetHints":{"allow":["GET"]}}],"collection":[{"href":"https:\/\/www.tosunlux.eu\/sq\/wp-json\/wp\/v2\/product"}],"about":[{"href":"https:\/\/www.tosunlux.eu\/sq\/wp-json\/wp\/v2\/types\/product"}],"version-history":[{"count":0,"href":"https:\/\/www.tosunlux.eu\/sq\/wp-json\/wp\/v2\/product\/2955\/revisions"}],"wp:attachment":[{"href":"https:\/\/www.tosunlux.eu\/sq\/wp-json\/wp\/v2\/media?parent=2955"}],"wp:term":[{"taxonomy":"product_category","embeddable":true,"href":"https:\/\/www.tosunlux.eu\/sq\/wp-json\/wp\/v2\/product_category?post=2955"}],"curies":[{"name":"wp","href":"https:\/\/api.w.org\/{rel}","templated":true}]}}