{"id":3004,"date":"2022-05-16T14:58:33","date_gmt":"2022-05-16T06:58:33","guid":{"rendered":"https:\/\/www.tosunlux.eu\/?post_type=product&#038;p=3004"},"modified":"2023-06-02T17:20:20","modified_gmt":"2023-06-02T09:20:20","slug":"heater-for-panel-board","status":"publish","type":"product","link":"https:\/\/www.tosunlux.eu\/sq\/products\/heater-for-panel-board\/","title":{"rendered":"Ngroh\u00ebs p\u00ebr panelin e panelit"},"content":{"rendered":"<p><strong>Aplikimi<\/strong><\/p>\n\n\n\n<p>Ngroh\u00ebsit THG140 p\u00ebrdoren n\u00eb ambiente t\u00eb cilat duhet t\u00eb parandalohen nga lag\u00ebshtia ose temperatura e specifikuar nuk duhet t\u00eb jet\u00eb m\u00eb e ul\u00ebt se vlera minimale. Dizajni i profilit t\u00eb aluminit t\u00eb trupit formon efektin e pirgut n\u00eb m\u00ebnyr\u00eb q\u00eb produktet t\u00eb \u00e7lirojn\u00eb nxeht\u00ebsin\u00eb pa probleme. Lidh\u00ebsit e kap\u00ebseve t\u00eb presionit e b\u00ebjn\u00eb instalimin m\u00eb t\u00eb leht\u00eb dhe m\u00eb t\u00eb shpejt\u00eb.<\/p>\n\n\n\n<p>Ngroh\u00ebsit kompakt me ventilator THGL046 p\u00ebrdoren n\u00eb mbyllje t\u00eb cilat duhet t\u00eb parandalohen nga lag\u00ebshtia. Ventilator boshtor me performanc\u00eb t\u00eb lart\u00eb siguron qarkullim t\u00eb fort\u00eb ajri dhe siguron temperatur\u00eb t\u00eb q\u00ebndrueshme n\u00eb mbyllje, k\u00ebshtu q\u00eb lidhja e brendshme do t\u00eb jet\u00eb m\u00eb e sigurt.<\/p>\n\n\n\n<p><strong>Specifikimi<\/strong><\/p>\n\n\n<table>\n<tbody>\n<tr>\n<td id=\"sjs-A1\">Model<\/td>\n<td id=\"sjs-B1\">THG140<\/td>\n<td id=\"sjs-C1\">THGL 046<\/td>\n<\/tr>\n<tr>\n<td id=\"sjs-A2\">Kapaciteti i ngrohjes<\/td>\n<td id=\"sjs-B2\">15W 30W 45W 60W 75W 100W 150W<\/td>\n<td id=\"sjs-C2\">250 W 400 W<\/td>\n<\/tr>\n<tr>\n<td id=\"sjs-A3\">Tensioni i funksionimit<\/td>\n<td id=\"sjs-B3\">120-250 V<\/td>\n<td id=\"sjs-C3\">230 V AC<\/td>\n<\/tr>\n<tr>\n<td id=\"sjs-A4\">Element ngroh\u00ebs<\/td>\n<td id=\"sjs-B4\" colspan=\"2\">Rezistenc\u00eb PTC, vet\u00ebrregulluese dhe kufizuese e temperatur\u00ebs<\/td>\n<\/tr>\n<tr>\n<td id=\"sjs-A5\">Trupi ngroh\u00ebs<\/td>\n<td id=\"sjs-B5\" colspan=\"2\">Profili alumini i anodizuar i ekstruduar<\/td>\n<\/tr>\n<tr>\n<td id=\"sjs-A6\">Prerje e siguris\u00eb s\u00eb temperatur\u00ebs<\/td>\n<td id=\"sjs-B6\">\u4e00<\/td>\n<td id=\"sjs-C6\">Mbroni nga mbinxehja n\u00eb rast t\u00eb d\u00ebshtimit t\u00eb ventilatorit<\/td>\n<\/tr>\n<tr>\n<td id=\"sjs-A7\">Ventilator boshtor (mbajt\u00ebse topash)<\/td>\n<td id=\"sjs-B7\">\u4e00<\/td>\n<td id=\"sjs-C7\">\n<p>I ajrosur, rrjedhje e lir\u00eb<\/p>\n<p>AC: 45 m\u00b3 \/ n (50 Hz) ose 54 m\u00b3 or\u00eb (60 Hz)<\/p>\n<p>DC: 54 m\u00b3 \/ or\u00eb<\/p>\n<p>Sh\u00ebrbimi \u00ebsht\u00eb 5000 or\u00eb n\u00eb 25\u00b0C (77\u00b0F)<\/p>\n<\/td>\n<\/tr>\n<tr>\n<td id=\"sjs-A8\">Lidhja<\/td>\n<td id=\"sjs-B8\">\u4e00<\/td>\n<td id=\"sjs-C8\">Terminali i lidhjes s\u00eb brendshme 1. 5mm\u00b2 me \u00e7ift rrotullues shtr\u00ebngues leht\u00ebsues 0,8 Nm max<\/td>\n<\/tr>\n<tr>\n<td id=\"sjs-A9\">Kutia e lidhjes<\/td>\n<td id=\"sjs-B9\">3 kap\u00ebse presioni p\u00ebr tela t\u00eb bllokuar 0,5-1 ,5mm\u00b2 (me tel dhe ferrule) dhe tela t\u00eb ngurt\u00eb 0,5-2,5mm\u00b2 plastike sipas UL94 V-0, e zez\u00eb<\/td>\n<td id=\"sjs-C9\">Plastike sipas UL94 V-0, e zeze<\/td>\n<\/tr>\n<tr>\n<td id=\"sjs-A10\">Montimi<\/td>\n<td id=\"sjs-B10\" colspan=\"2\">Kap\u00ebse p\u00ebr shina DIN 35 mm, EN 50022<\/td>\n<\/tr>\n<tr>\n<td id=\"sjs-A11\">Pozicioni i p\u00ebrshtatjes<\/td>\n<td id=\"sjs-B11\" colspan=\"2\">Vertikale<\/td>\n<\/tr>\n<tr>\n<td id=\"sjs-A12\">Temperatura e funksionimit \/ ruajtjes<\/td>\n<td id=\"sjs-B12\" colspan=\"2\">-45 deri +70\u00b0C (-49 deri +158\u00b0F)<\/td>\n<\/tr>\n<tr>\n<td id=\"sjs-A13\">Klasa e mbrojtjes<\/td>\n<td id=\"sjs-B13\" colspan=\"2\">IP20\/I (e tok\u00ebzuar)<\/td>\n<\/tr>\n<\/tbody>\n<\/table>\n\n\n<p><strong>Dimensioni<\/strong><\/p>\n\n\n\n<figure class=\"wp-block-image size-large\"><img fetchpriority=\"high\" decoding=\"async\" width=\"1024\" height=\"409\" src=\"https:\/\/www.tosunlux.eu\/wp-content\/uploads\/2023\/06\/\u6a21\u578b-1024x409.jpg\" alt=\"\" class=\"wp-image-6909\" srcset=\"https:\/\/www.tosunlux.eu\/wp-content\/uploads\/2023\/06\/\u6a21\u578b-1024x409.jpg 1024w, https:\/\/www.tosunlux.eu\/wp-content\/uploads\/2023\/06\/\u6a21\u578b-300x120.jpg 300w, https:\/\/www.tosunlux.eu\/wp-content\/uploads\/2023\/06\/\u6a21\u578b-768x307.jpg 768w, https:\/\/www.tosunlux.eu\/wp-content\/uploads\/2023\/06\/\u6a21\u578b-1536x614.jpg 1536w, https:\/\/www.tosunlux.eu\/wp-content\/uploads\/2023\/06\/\u6a21\u578b-2048x819.jpg 2048w, https:\/\/www.tosunlux.eu\/wp-content\/uploads\/2023\/06\/\u6a21\u578b-18x7.jpg 18w\" sizes=\"(max-width: 1024px) 100vw, 1024px\" \/><\/figure>","protected":false},"parent":0,"template":"","product_category":[36,103],"class_list":["post-3004","product","type-product","status-publish","hentry","product_category-electrical-accessories","product_category-ventilation-heating"],"yoast_head":"<!-- This site is optimized with the Yoast SEO plugin v27.5 - https:\/\/yoast.com\/product\/yoast-seo-wordpress\/ -->\n<title>WholesaleHeater for Panel Board - TOSUNlux Official Site - Electrical Circuit Breaker Manufacturer in China Low Voltage Electrical Supplier | TOSUNlux<\/title>\n<meta name=\"description\" content=\"Heater for Panel Board Supplier - Wholesale direct from TOSUNlux, a trusted manufacturer since 1994. Get your B2B factory quote on our certified Low Voltage electrical products.\" \/>\n<meta name=\"robots\" content=\"index, follow, max-snippet:-1, max-image-preview:large, max-video-preview:-1\" \/>\n<link rel=\"canonical\" href=\"https:\/\/www.tosunlux.eu\/sq\/products\/heater-for-panel-board\/\" \/>\n<meta property=\"og:locale\" content=\"sq_AL\" \/>\n<meta property=\"og:type\" content=\"article\" \/>\n<meta property=\"og:title\" content=\"WholesaleHeater for Panel Board - TOSUNlux Official Site - Electrical Circuit Breaker Manufacturer in China Low Voltage Electrical Supplier | TOSUNlux\" \/>\n<meta property=\"og:description\" content=\"Heater for Panel Board Supplier - Wholesale direct from TOSUNlux, a trusted manufacturer since 1994. Get your B2B factory quote on our certified Low Voltage electrical products.\" \/>\n<meta property=\"og:url\" content=\"https:\/\/www.tosunlux.eu\/sq\/products\/heater-for-panel-board\/\" \/>\n<meta property=\"og:site_name\" content=\"TOSUNlux Official Site - Electrical Circuit Breaker Manufacturer in China\" \/>\n<meta property=\"article:publisher\" content=\"https:\/\/www.facebook.com\/TOSUNelectric\/\" \/>\n<meta property=\"article:modified_time\" content=\"2023-06-02T09:20:20+00:00\" \/>\n<meta property=\"og:image\" content=\"https:\/\/www.tosunlux.eu\/wp-content\/uploads\/2023\/04\/DSC08160_\u526f\u672c.jpg\" \/>\n\t<meta property=\"og:image:width\" content=\"1500\" \/>\n\t<meta property=\"og:image:height\" content=\"940\" \/>\n\t<meta property=\"og:image:type\" content=\"image\/jpeg\" \/>\n<meta name=\"twitter:card\" content=\"summary_large_image\" \/>\n<script type=\"application\/ld+json\" class=\"yoast-schema-graph\">{\"@context\":\"https:\\\/\\\/schema.org\",\"@graph\":[{\"@type\":\"WebPage\",\"@id\":\"https:\\\/\\\/www.tosunlux.eu\\\/am\\\/products\\\/heater-for-panel-board\\\/\",\"url\":\"https:\\\/\\\/www.tosunlux.eu\\\/am\\\/products\\\/heater-for-panel-board\\\/\",\"name\":\"WholesaleHeater for Panel Board - TOSUNlux Official Site - Electrical Circuit Breaker Manufacturer in China Low Voltage Electrical Supplier | TOSUNlux\",\"isPartOf\":{\"@id\":\"https:\\\/\\\/www.tosunlux.eu\\\/ru\\\/#website\"},\"datePublished\":\"2022-05-16T06:58:33+00:00\",\"dateModified\":\"2023-06-02T09:20:20+00:00\",\"description\":\"Heater for Panel Board Supplier - Wholesale direct from TOSUNlux, a trusted manufacturer since 1994. Get your B2B factory quote on our certified Low Voltage electrical products.\",\"breadcrumb\":{\"@id\":\"https:\\\/\\\/www.tosunlux.eu\\\/am\\\/products\\\/heater-for-panel-board\\\/#breadcrumb\"},\"inLanguage\":\"sq\",\"potentialAction\":[{\"@type\":\"ReadAction\",\"target\":[\"https:\\\/\\\/www.tosunlux.eu\\\/am\\\/products\\\/heater-for-panel-board\\\/\"]}]},{\"@type\":\"BreadcrumbList\",\"@id\":\"https:\\\/\\\/www.tosunlux.eu\\\/am\\\/products\\\/heater-for-panel-board\\\/#breadcrumb\",\"itemListElement\":[{\"@type\":\"ListItem\",\"position\":1,\"name\":\"Home\",\"item\":\"https:\\\/\\\/www.tosunlux.eu\\\/ru\\\/\"},{\"@type\":\"ListItem\",\"position\":2,\"name\":\"Products\",\"item\":\"https:\\\/\\\/www.tosunlux.eu\\\/products\\\/\"},{\"@type\":\"ListItem\",\"position\":3,\"name\":\"Heater for Panel Board\"}]},{\"@type\":\"WebSite\",\"@id\":\"https:\\\/\\\/www.tosunlux.eu\\\/ru\\\/#website\",\"url\":\"https:\\\/\\\/www.tosunlux.eu\\\/ru\\\/\",\"name\":\"TOSUNlux Official Site - Electrical Circuit Breaker Manufacturer in China\",\"description\":\"Power Distribution System Supplier\",\"publisher\":{\"@id\":\"https:\\\/\\\/www.tosunlux.eu\\\/ru\\\/#organization\"},\"alternateName\":\"TOSUNlux\",\"potentialAction\":[{\"@type\":\"SearchAction\",\"target\":{\"@type\":\"EntryPoint\",\"urlTemplate\":\"https:\\\/\\\/www.tosunlux.eu\\\/ru\\\/?s={search_term_string}\"},\"query-input\":{\"@type\":\"PropertyValueSpecification\",\"valueRequired\":true,\"valueName\":\"search_term_string\"}}],\"inLanguage\":\"sq\"},{\"@type\":\"Organization\",\"@id\":\"https:\\\/\\\/www.tosunlux.eu\\\/ru\\\/#organization\",\"name\":\"TOSUNlux\",\"url\":\"https:\\\/\\\/www.tosunlux.eu\\\/ru\\\/\",\"logo\":{\"@type\":\"ImageObject\",\"inLanguage\":\"sq\",\"@id\":\"https:\\\/\\\/www.tosunlux.eu\\\/ru\\\/#\\\/schema\\\/logo\\\/image\\\/\",\"url\":\"https:\\\/\\\/www.tosunlux.eu\\\/wp-content\\\/uploads\\\/2022\\\/01\\\/LOGOSYSM.71762f1.png\",\"contentUrl\":\"https:\\\/\\\/www.tosunlux.eu\\\/wp-content\\\/uploads\\\/2022\\\/01\\\/LOGOSYSM.71762f1.png\",\"width\":153,\"height\":55,\"caption\":\"TOSUNlux\"},\"image\":{\"@id\":\"https:\\\/\\\/www.tosunlux.eu\\\/ru\\\/#\\\/schema\\\/logo\\\/image\\\/\"},\"sameAs\":[\"https:\\\/\\\/www.facebook.com\\\/TOSUNelectric\\\/\",\"https:\\\/\\\/www.linkedin.com\\\/company\\\/wenzhou-tosun-electric-co.-ltd\\\/\"]}]}<\/script>\n<!-- \/ Yoast SEO plugin. -->","yoast_head_json":{"title":"Ngroh\u00ebs me shumic\u00eb p\u00ebr panelin e panelit - Faqja zyrtare e TOSUNlux - Prodhues i nd\u00ebrprer\u00ebsve elektrik\u00eb n\u00eb Kin\u00eb, furnizues elektrik me tension t\u00eb ul\u00ebt | TOSUNlux","description":"Furnizues Ngroh\u00ebsi p\u00ebr Panele - Shitje me shumic\u00eb direkt nga TOSUNlux, nj\u00eb prodhues i besuar q\u00eb nga viti 1994. Merrni ofert\u00ebn tuaj B2B t\u00eb fabrik\u00ebs p\u00ebr produktet tona t\u00eb \u00e7ertifikuara elektrike me Tension t\u00eb Ul\u00ebt.","robots":{"index":"index","follow":"follow","max-snippet":"max-snippet:-1","max-image-preview":"max-image-preview:large","max-video-preview":"max-video-preview:-1"},"canonical":"https:\/\/www.tosunlux.eu\/sq\/products\/heater-for-panel-board\/","og_locale":"sq_AL","og_type":"article","og_title":"WholesaleHeater for Panel Board - TOSUNlux Official Site - Electrical Circuit Breaker Manufacturer in China Low Voltage Electrical Supplier | TOSUNlux","og_description":"Heater for Panel Board Supplier - Wholesale direct from TOSUNlux, a trusted manufacturer since 1994. Get your B2B factory quote on our certified Low Voltage electrical products.","og_url":"https:\/\/www.tosunlux.eu\/sq\/products\/heater-for-panel-board\/","og_site_name":"TOSUNlux Official Site - Electrical Circuit Breaker Manufacturer in China","article_publisher":"https:\/\/www.facebook.com\/TOSUNelectric\/","article_modified_time":"2023-06-02T09:20:20+00:00","og_image":[{"width":1500,"height":940,"url":"https:\/\/www.tosunlux.eu\/wp-content\/uploads\/2023\/04\/DSC08160_\u526f\u672c.jpg","type":"image\/jpeg"}],"twitter_card":"summary_large_image","schema":{"@context":"https:\/\/schema.org","@graph":[{"@type":"WebPage","@id":"https:\/\/www.tosunlux.eu\/am\/products\/heater-for-panel-board\/","url":"https:\/\/www.tosunlux.eu\/am\/products\/heater-for-panel-board\/","name":"Ngroh\u00ebs me shumic\u00eb p\u00ebr panelin e panelit - Faqja zyrtare e TOSUNlux - Prodhues i nd\u00ebrprer\u00ebsve elektrik\u00eb n\u00eb Kin\u00eb, furnizues elektrik me tension t\u00eb ul\u00ebt | TOSUNlux","isPartOf":{"@id":"https:\/\/www.tosunlux.eu\/ru\/#website"},"datePublished":"2022-05-16T06:58:33+00:00","dateModified":"2023-06-02T09:20:20+00:00","description":"Furnizues Ngroh\u00ebsi p\u00ebr Panele - Shitje me shumic\u00eb direkt nga TOSUNlux, nj\u00eb prodhues i besuar q\u00eb nga viti 1994. Merrni ofert\u00ebn tuaj B2B t\u00eb fabrik\u00ebs p\u00ebr produktet tona t\u00eb \u00e7ertifikuara elektrike me Tension t\u00eb Ul\u00ebt.","breadcrumb":{"@id":"https:\/\/www.tosunlux.eu\/am\/products\/heater-for-panel-board\/#breadcrumb"},"inLanguage":"sq","potentialAction":[{"@type":"ReadAction","target":["https:\/\/www.tosunlux.eu\/am\/products\/heater-for-panel-board\/"]}]},{"@type":"BreadcrumbList","@id":"https:\/\/www.tosunlux.eu\/am\/products\/heater-for-panel-board\/#breadcrumb","itemListElement":[{"@type":"ListItem","position":1,"name":"Home","item":"https:\/\/www.tosunlux.eu\/ru\/"},{"@type":"ListItem","position":2,"name":"Products","item":"https:\/\/www.tosunlux.eu\/products\/"},{"@type":"ListItem","position":3,"name":"Heater for Panel Board"}]},{"@type":"WebSite","@id":"https:\/\/www.tosunlux.eu\/ru\/#website","url":"https:\/\/www.tosunlux.eu\/ru\/","name":"Faqja zyrtare e TOSUNlux - Prodhuesi i nd\u00ebrprer\u00ebsve t\u00eb qarkut elektrik n\u00eb Kin\u00eb","description":"Furnizuesi i Sistemit t\u00eb Shp\u00ebrndarjes s\u00eb Energjis\u00eb","publisher":{"@id":"https:\/\/www.tosunlux.eu\/ru\/#organization"},"alternateName":"TOSUNlux","potentialAction":[{"@type":"SearchAction","target":{"@type":"EntryPoint","urlTemplate":"https:\/\/www.tosunlux.eu\/ru\/?s={search_term_string}"},"query-input":{"@type":"PropertyValueSpecification","valueRequired":true,"valueName":"search_term_string"}}],"inLanguage":"sq"},{"@type":"Organization","@id":"https:\/\/www.tosunlux.eu\/ru\/#organization","name":"TOSUNlux","url":"https:\/\/www.tosunlux.eu\/ru\/","logo":{"@type":"ImageObject","inLanguage":"sq","@id":"https:\/\/www.tosunlux.eu\/ru\/#\/schema\/logo\/image\/","url":"https:\/\/www.tosunlux.eu\/wp-content\/uploads\/2022\/01\/LOGOSYSM.71762f1.png","contentUrl":"https:\/\/www.tosunlux.eu\/wp-content\/uploads\/2022\/01\/LOGOSYSM.71762f1.png","width":153,"height":55,"caption":"TOSUNlux"},"image":{"@id":"https:\/\/www.tosunlux.eu\/ru\/#\/schema\/logo\/image\/"},"sameAs":["https:\/\/www.facebook.com\/TOSUNelectric\/","https:\/\/www.linkedin.com\/company\/wenzhou-tosun-electric-co.-ltd\/"]}]}},"_links":{"self":[{"href":"https:\/\/www.tosunlux.eu\/sq\/wp-json\/wp\/v2\/product\/3004","targetHints":{"allow":["GET"]}}],"collection":[{"href":"https:\/\/www.tosunlux.eu\/sq\/wp-json\/wp\/v2\/product"}],"about":[{"href":"https:\/\/www.tosunlux.eu\/sq\/wp-json\/wp\/v2\/types\/product"}],"version-history":[{"count":1,"href":"https:\/\/www.tosunlux.eu\/sq\/wp-json\/wp\/v2\/product\/3004\/revisions"}],"predecessor-version":[{"id":6912,"href":"https:\/\/www.tosunlux.eu\/sq\/wp-json\/wp\/v2\/product\/3004\/revisions\/6912"}],"wp:attachment":[{"href":"https:\/\/www.tosunlux.eu\/sq\/wp-json\/wp\/v2\/media?parent=3004"}],"wp:term":[{"taxonomy":"product_category","embeddable":true,"href":"https:\/\/www.tosunlux.eu\/sq\/wp-json\/wp\/v2\/product_category?post=3004"}],"curies":[{"name":"wp","href":"https:\/\/api.w.org\/{rel}","templated":true}]}}