{"id":3034,"date":"2022-05-16T16:17:13","date_gmt":"2022-05-16T08:17:13","guid":{"rendered":"https:\/\/www.tosunlux.eu\/?post_type=product&#038;p=3034"},"modified":"2022-05-16T16:18:49","modified_gmt":"2022-05-16T08:18:49","slug":"thermostat","status":"publish","type":"product","link":"https:\/\/www.tosunlux.eu\/sq\/products\/thermostat\/","title":{"rendered":"Termostat"},"content":{"rendered":"<p><strong>Aplikimi<\/strong><\/p>\n\n\n\n<p>KTO 011: shkel\u00ebs kontakti p\u00ebr rregullimin e ngroh\u00ebsve.<br><\/p>\n\n\n\n<p>KTS 011: krijues kontaktues p\u00ebr rregullimin e tifoz\u00ebve t\u00eb filtrit dhe shk\u00ebmbyesve t\u00eb nxeht\u00ebsis\u00eb ose p\u00ebr pajisjen e nd\u00ebrrimit t\u00eb sinjalit kur \u00ebsht\u00eb tejkaluar kufiri i temperatur\u00ebs.<\/p>\n\n\n\n<p>S<strong>pecifikim<\/strong><\/p>\n\n\n<table width=\"576\">\n<tbody>\n<tr>\n<td width=\"255\">KTO 011 NC (e kuqe)<\/td>\n<td width=\"320\">Kur temperatura t\u00eb arrij\u00eb vler\u00ebn e caktuar, hapni qarkun.<\/td>\n<\/tr>\n<tr>\n<td width=\"255\">KTS 011 NO (blu)<\/td>\n<td width=\"320\">Kur temperatura tejkalon vler\u00ebn e vendosur, qarku i mbyllur<\/td>\n<\/tr>\n<tr>\n<td width=\"255\">Diferenca e temperatur\u00ebs s\u00eb nd\u00ebrprer\u00ebsit<\/td>\n<td width=\"320\">7K (\u00b14K toleranc\u00eb)<\/td>\n<\/tr>\n<tr>\n<td width=\"255\">Elementi i sensorit<\/td>\n<td width=\"320\">Bimetal termostatik<\/td>\n<\/tr>\n<tr>\n<td width=\"255\">Lloji i kontaktit<\/td>\n<td width=\"320\">Snap-aksion<\/td>\n<\/tr>\n<tr>\n<td width=\"255\">Rezistenca e kontaktit<\/td>\n<td width=\"320\">&lt;10 m ohm (linja e lidhjes rast\u00ebsore)<\/td>\n<\/tr>\n<tr>\n<td width=\"255\">Jeta e sh\u00ebrbimit<\/td>\n<td width=\"320\">&gt; 100,000 cikle\u00a0<\/td>\n<\/tr>\n<tr>\n<td rowspan=\"3\" width=\"255\">Maks. Kapaciteti komutues<\/td>\n<td width=\"320\">250VAC, 10(2)A<\/td>\n<\/tr>\n<tr>\n<td width=\"320\">120VAC,15(2)A<\/td>\n<\/tr>\n<tr>\n<td width=\"320\">\u00a030 W n\u00eb 24 VDC deri n\u00eb 72 VDC<\/td>\n<\/tr>\n<tr>\n<td rowspan=\"2\" width=\"255\">Lidhja<\/td>\n<td width=\"320\">Terminali 2-pol\u00ebsh, \u00e7ift rrotullues shtr\u00ebngues 0,5 Nm maks. tela i ngurt\u00eb 2,5 mm\u00b2<\/td>\n<\/tr>\n<tr>\n<td width=\"320\">Teli i bllokuar (me ferrule fundi teli) 1,5 mm\u00b2<\/td>\n<\/tr>\n<tr>\n<td width=\"255\">Shtres\u00eb e jashtme<\/td>\n<td width=\"320\">Plastike sipas UL94 V-0, gri e hapur<\/td>\n<\/tr>\n<tr>\n<td width=\"255\">Instalimi<\/td>\n<td width=\"320\">Binar 35 mm Din<\/td>\n<\/tr>\n<tr>\n<td width=\"255\">Dimensionet<\/td>\n<td width=\"320\">E ndryshueshme<\/td>\n<\/tr>\n<tr>\n<td width=\"255\">Pozicioni i p\u00ebrshtatjes<\/td>\n<td width=\"320\">60x33x43mm<\/td>\n<\/tr>\n<tr>\n<td width=\"255\">Temperatura e funksionimit\/ruajtjes<\/td>\n<td width=\"320\">-20\u00b0C deri +80\u00b0C<\/td>\n<\/tr>\n<tr>\n<td width=\"255\">Klasa e mbrojtjes<\/td>\n<td width=\"320\">IP20<\/td>\n<\/tr>\n<\/tbody>\n<\/table>\n\n\n<p>Di<strong>p\u00ebrmendje<\/strong><\/p>\n\n\n\n<figure class=\"wp-block-image size-large\"><img fetchpriority=\"high\" decoding=\"async\" width=\"1024\" height=\"273\" src=\"https:\/\/www.tosunlux.eu\/wp-content\/uploads\/2022\/05\/KTO011-1024x273.jpg\" alt=\"\" class=\"wp-image-3055\" srcset=\"https:\/\/www.tosunlux.eu\/wp-content\/uploads\/2022\/05\/KTO011-1024x273.jpg 1024w, https:\/\/www.tosunlux.eu\/wp-content\/uploads\/2022\/05\/KTO011-300x80.jpg 300w, https:\/\/www.tosunlux.eu\/wp-content\/uploads\/2022\/05\/KTO011-768x204.jpg 768w, https:\/\/www.tosunlux.eu\/wp-content\/uploads\/2022\/05\/KTO011.jpg 1138w\" sizes=\"(max-width: 1024px) 100vw, 1024px\" \/><\/figure>\n\n\n\n<p>Shembuj t\u00eb lidhjes<\/p>\n\n\n\n<figure class=\"wp-block-image size-large\"><img decoding=\"async\" width=\"1024\" height=\"255\" src=\"https:\/\/www.tosunlux.eu\/wp-content\/uploads\/2022\/05\/KTO0112-1024x255.jpg\" alt=\"\" class=\"wp-image-3056\" srcset=\"https:\/\/www.tosunlux.eu\/wp-content\/uploads\/2022\/05\/KTO0112-1024x255.jpg 1024w, https:\/\/www.tosunlux.eu\/wp-content\/uploads\/2022\/05\/KTO0112-300x75.jpg 300w, https:\/\/www.tosunlux.eu\/wp-content\/uploads\/2022\/05\/KTO0112-768x192.jpg 768w, https:\/\/www.tosunlux.eu\/wp-content\/uploads\/2022\/05\/KTO0112.jpg 1419w\" sizes=\"(max-width: 1024px) 100vw, 1024px\" \/><\/figure>","protected":false},"parent":0,"template":"","product_category":[36,103],"class_list":["post-3034","product","type-product","status-publish","hentry","product_category-electrical-accessories","product_category-ventilation-heating"],"yoast_head":"<!-- This site is optimized with the Yoast SEO plugin v27.5 - https:\/\/yoast.com\/product\/yoast-seo-wordpress\/ -->\n<title>WholesaleThermostat - TOSUNlux Official Site - Electrical Circuit Breaker Manufacturer in China Low Voltage Electrical Supplier | TOSUNlux<\/title>\n<meta name=\"description\" content=\"Thermostat Supplier - Wholesale direct from TOSUNlux, a trusted manufacturer since 1994. Get your B2B factory quote on our certified Low Voltage electrical products.\" \/>\n<meta name=\"robots\" content=\"index, follow, max-snippet:-1, max-image-preview:large, max-video-preview:-1\" \/>\n<link rel=\"canonical\" href=\"https:\/\/www.tosunlux.eu\/sq\/products\/thermostat\/\" \/>\n<meta property=\"og:locale\" content=\"sq_AL\" \/>\n<meta property=\"og:type\" content=\"article\" \/>\n<meta property=\"og:title\" content=\"WholesaleThermostat - TOSUNlux Official Site - Electrical Circuit Breaker Manufacturer in China Low Voltage Electrical Supplier | TOSUNlux\" \/>\n<meta property=\"og:description\" content=\"Thermostat Supplier - Wholesale direct from TOSUNlux, a trusted manufacturer since 1994. Get your B2B factory quote on our certified Low Voltage electrical products.\" \/>\n<meta property=\"og:url\" content=\"https:\/\/www.tosunlux.eu\/sq\/products\/thermostat\/\" \/>\n<meta property=\"og:site_name\" content=\"TOSUNlux Official Site - Electrical Circuit Breaker Manufacturer in China\" \/>\n<meta property=\"article:publisher\" content=\"https:\/\/www.facebook.com\/TOSUNelectric\/\" \/>\n<meta property=\"article:modified_time\" content=\"2022-05-16T08:18:49+00:00\" \/>\n<meta property=\"og:image\" content=\"https:\/\/www.tosunlux.eu\/wp-content\/uploads\/2022\/05\/KTO011-1024x273.jpg\" \/>\n<meta name=\"twitter:card\" content=\"summary_large_image\" \/>\n<meta name=\"twitter:label1\" content=\"Est. reading time\" \/>\n\t<meta name=\"twitter:data1\" content=\"2 minuta\" \/>\n<script type=\"application\/ld+json\" class=\"yoast-schema-graph\">{\"@context\":\"https:\\\/\\\/schema.org\",\"@graph\":[{\"@type\":\"WebPage\",\"@id\":\"https:\\\/\\\/www.tosunlux.eu\\\/products\\\/thermostat\\\/\",\"url\":\"https:\\\/\\\/www.tosunlux.eu\\\/products\\\/thermostat\\\/\",\"name\":\"WholesaleThermostat - TOSUNlux Official Site - Electrical Circuit Breaker Manufacturer in China Low Voltage Electrical Supplier | TOSUNlux\",\"isPartOf\":{\"@id\":\"https:\\\/\\\/www.tosunlux.eu\\\/ru\\\/#website\"},\"primaryImageOfPage\":{\"@id\":\"https:\\\/\\\/www.tosunlux.eu\\\/products\\\/thermostat\\\/#primaryimage\"},\"image\":{\"@id\":\"https:\\\/\\\/www.tosunlux.eu\\\/products\\\/thermostat\\\/#primaryimage\"},\"thumbnailUrl\":\"https:\\\/\\\/www.tosunlux.eu\\\/wp-content\\\/uploads\\\/2022\\\/05\\\/KTO011-1024x273.jpg\",\"datePublished\":\"2022-05-16T08:17:13+00:00\",\"dateModified\":\"2022-05-16T08:18:49+00:00\",\"description\":\"Thermostat Supplier - Wholesale direct from TOSUNlux, a trusted manufacturer since 1994. Get your B2B factory quote on our certified Low Voltage electrical products.\",\"breadcrumb\":{\"@id\":\"https:\\\/\\\/www.tosunlux.eu\\\/products\\\/thermostat\\\/#breadcrumb\"},\"inLanguage\":\"sq\",\"potentialAction\":[{\"@type\":\"ReadAction\",\"target\":[\"https:\\\/\\\/www.tosunlux.eu\\\/products\\\/thermostat\\\/\"]}]},{\"@type\":\"ImageObject\",\"inLanguage\":\"sq\",\"@id\":\"https:\\\/\\\/www.tosunlux.eu\\\/products\\\/thermostat\\\/#primaryimage\",\"url\":\"https:\\\/\\\/www.tosunlux.eu\\\/wp-content\\\/uploads\\\/2022\\\/05\\\/KTO011-1024x273.jpg\",\"contentUrl\":\"https:\\\/\\\/www.tosunlux.eu\\\/wp-content\\\/uploads\\\/2022\\\/05\\\/KTO011-1024x273.jpg\"},{\"@type\":\"BreadcrumbList\",\"@id\":\"https:\\\/\\\/www.tosunlux.eu\\\/products\\\/thermostat\\\/#breadcrumb\",\"itemListElement\":[{\"@type\":\"ListItem\",\"position\":1,\"name\":\"Home\",\"item\":\"https:\\\/\\\/www.tosunlux.eu\\\/ru\\\/\"},{\"@type\":\"ListItem\",\"position\":2,\"name\":\"Products\",\"item\":\"https:\\\/\\\/www.tosunlux.eu\\\/products\\\/\"},{\"@type\":\"ListItem\",\"position\":3,\"name\":\"Thermostat\"}]},{\"@type\":\"WebSite\",\"@id\":\"https:\\\/\\\/www.tosunlux.eu\\\/ru\\\/#website\",\"url\":\"https:\\\/\\\/www.tosunlux.eu\\\/ru\\\/\",\"name\":\"TOSUNlux Official Site - Electrical Circuit Breaker Manufacturer in China\",\"description\":\"Power Distribution System Supplier\",\"publisher\":{\"@id\":\"https:\\\/\\\/www.tosunlux.eu\\\/ru\\\/#organization\"},\"alternateName\":\"TOSUNlux\",\"potentialAction\":[{\"@type\":\"SearchAction\",\"target\":{\"@type\":\"EntryPoint\",\"urlTemplate\":\"https:\\\/\\\/www.tosunlux.eu\\\/ru\\\/?s={search_term_string}\"},\"query-input\":{\"@type\":\"PropertyValueSpecification\",\"valueRequired\":true,\"valueName\":\"search_term_string\"}}],\"inLanguage\":\"sq\"},{\"@type\":\"Organization\",\"@id\":\"https:\\\/\\\/www.tosunlux.eu\\\/ru\\\/#organization\",\"name\":\"TOSUNlux\",\"url\":\"https:\\\/\\\/www.tosunlux.eu\\\/ru\\\/\",\"logo\":{\"@type\":\"ImageObject\",\"inLanguage\":\"sq\",\"@id\":\"https:\\\/\\\/www.tosunlux.eu\\\/ru\\\/#\\\/schema\\\/logo\\\/image\\\/\",\"url\":\"https:\\\/\\\/www.tosunlux.eu\\\/wp-content\\\/uploads\\\/2022\\\/01\\\/LOGOSYSM.71762f1.png\",\"contentUrl\":\"https:\\\/\\\/www.tosunlux.eu\\\/wp-content\\\/uploads\\\/2022\\\/01\\\/LOGOSYSM.71762f1.png\",\"width\":153,\"height\":55,\"caption\":\"TOSUNlux\"},\"image\":{\"@id\":\"https:\\\/\\\/www.tosunlux.eu\\\/ru\\\/#\\\/schema\\\/logo\\\/image\\\/\"},\"sameAs\":[\"https:\\\/\\\/www.facebook.com\\\/TOSUNelectric\\\/\",\"https:\\\/\\\/www.linkedin.com\\\/company\\\/wenzhou-tosun-electric-co.-ltd\\\/\"]}]}<\/script>\n<!-- \/ Yoast SEO plugin. -->","yoast_head_json":{"title":"Termostat me shumic\u00eb - Faqja zyrtare e TOSUNlux - Prodhues i nd\u00ebrprer\u00ebsve elektrik\u00eb n\u00eb Kin\u00eb, furnizues elektrik me tension t\u00eb ul\u00ebt | TOSUNlux","description":"Furnizues termostat\u00ebsh - Shitje me shumic\u00eb direkt nga TOSUNlux, nj\u00eb prodhues i besuar q\u00eb nga viti 1994. Merrni ofert\u00ebn tuaj B2B t\u00eb fabrik\u00ebs p\u00ebr produktet tona t\u00eb \u00e7ertifikuara elektrike me tension t\u00eb ul\u00ebt.","robots":{"index":"index","follow":"follow","max-snippet":"max-snippet:-1","max-image-preview":"max-image-preview:large","max-video-preview":"max-video-preview:-1"},"canonical":"https:\/\/www.tosunlux.eu\/sq\/products\/thermostat\/","og_locale":"sq_AL","og_type":"article","og_title":"WholesaleThermostat - TOSUNlux Official Site - Electrical Circuit Breaker Manufacturer in China Low Voltage Electrical Supplier | TOSUNlux","og_description":"Thermostat Supplier - Wholesale direct from TOSUNlux, a trusted manufacturer since 1994. Get your B2B factory quote on our certified Low Voltage electrical products.","og_url":"https:\/\/www.tosunlux.eu\/sq\/products\/thermostat\/","og_site_name":"TOSUNlux Official Site - Electrical Circuit Breaker Manufacturer in China","article_publisher":"https:\/\/www.facebook.com\/TOSUNelectric\/","article_modified_time":"2022-05-16T08:18:49+00:00","og_image":[{"url":"https:\/\/www.tosunlux.eu\/wp-content\/uploads\/2022\/05\/KTO011-1024x273.jpg","type":"","width":"","height":""}],"twitter_card":"summary_large_image","twitter_misc":{"Est. reading time":"2 minuta"},"schema":{"@context":"https:\/\/schema.org","@graph":[{"@type":"WebPage","@id":"https:\/\/www.tosunlux.eu\/products\/thermostat\/","url":"https:\/\/www.tosunlux.eu\/products\/thermostat\/","name":"Termostat me shumic\u00eb - Faqja zyrtare e TOSUNlux - Prodhues i nd\u00ebrprer\u00ebsve elektrik\u00eb n\u00eb Kin\u00eb, furnizues elektrik me tension t\u00eb ul\u00ebt | TOSUNlux","isPartOf":{"@id":"https:\/\/www.tosunlux.eu\/ru\/#website"},"primaryImageOfPage":{"@id":"https:\/\/www.tosunlux.eu\/products\/thermostat\/#primaryimage"},"image":{"@id":"https:\/\/www.tosunlux.eu\/products\/thermostat\/#primaryimage"},"thumbnailUrl":"https:\/\/www.tosunlux.eu\/wp-content\/uploads\/2022\/05\/KTO011-1024x273.jpg","datePublished":"2022-05-16T08:17:13+00:00","dateModified":"2022-05-16T08:18:49+00:00","description":"Furnizues termostat\u00ebsh - Shitje me shumic\u00eb direkt nga TOSUNlux, nj\u00eb prodhues i besuar q\u00eb nga viti 1994. Merrni ofert\u00ebn tuaj B2B t\u00eb fabrik\u00ebs p\u00ebr produktet tona t\u00eb \u00e7ertifikuara elektrike me tension t\u00eb ul\u00ebt.","breadcrumb":{"@id":"https:\/\/www.tosunlux.eu\/products\/thermostat\/#breadcrumb"},"inLanguage":"sq","potentialAction":[{"@type":"ReadAction","target":["https:\/\/www.tosunlux.eu\/products\/thermostat\/"]}]},{"@type":"ImageObject","inLanguage":"sq","@id":"https:\/\/www.tosunlux.eu\/products\/thermostat\/#primaryimage","url":"https:\/\/www.tosunlux.eu\/wp-content\/uploads\/2022\/05\/KTO011-1024x273.jpg","contentUrl":"https:\/\/www.tosunlux.eu\/wp-content\/uploads\/2022\/05\/KTO011-1024x273.jpg"},{"@type":"BreadcrumbList","@id":"https:\/\/www.tosunlux.eu\/products\/thermostat\/#breadcrumb","itemListElement":[{"@type":"ListItem","position":1,"name":"Home","item":"https:\/\/www.tosunlux.eu\/ru\/"},{"@type":"ListItem","position":2,"name":"Products","item":"https:\/\/www.tosunlux.eu\/products\/"},{"@type":"ListItem","position":3,"name":"Thermostat"}]},{"@type":"WebSite","@id":"https:\/\/www.tosunlux.eu\/ru\/#website","url":"https:\/\/www.tosunlux.eu\/ru\/","name":"Faqja zyrtare e TOSUNlux - Prodhuesi i nd\u00ebrprer\u00ebsve t\u00eb qarkut elektrik n\u00eb Kin\u00eb","description":"Furnizuesi i Sistemit t\u00eb Shp\u00ebrndarjes s\u00eb Energjis\u00eb","publisher":{"@id":"https:\/\/www.tosunlux.eu\/ru\/#organization"},"alternateName":"TOSUNlux","potentialAction":[{"@type":"SearchAction","target":{"@type":"EntryPoint","urlTemplate":"https:\/\/www.tosunlux.eu\/ru\/?s={search_term_string}"},"query-input":{"@type":"PropertyValueSpecification","valueRequired":true,"valueName":"search_term_string"}}],"inLanguage":"sq"},{"@type":"Organization","@id":"https:\/\/www.tosunlux.eu\/ru\/#organization","name":"TOSUNlux","url":"https:\/\/www.tosunlux.eu\/ru\/","logo":{"@type":"ImageObject","inLanguage":"sq","@id":"https:\/\/www.tosunlux.eu\/ru\/#\/schema\/logo\/image\/","url":"https:\/\/www.tosunlux.eu\/wp-content\/uploads\/2022\/01\/LOGOSYSM.71762f1.png","contentUrl":"https:\/\/www.tosunlux.eu\/wp-content\/uploads\/2022\/01\/LOGOSYSM.71762f1.png","width":153,"height":55,"caption":"TOSUNlux"},"image":{"@id":"https:\/\/www.tosunlux.eu\/ru\/#\/schema\/logo\/image\/"},"sameAs":["https:\/\/www.facebook.com\/TOSUNelectric\/","https:\/\/www.linkedin.com\/company\/wenzhou-tosun-electric-co.-ltd\/"]}]}},"_links":{"self":[{"href":"https:\/\/www.tosunlux.eu\/sq\/wp-json\/wp\/v2\/product\/3034","targetHints":{"allow":["GET"]}}],"collection":[{"href":"https:\/\/www.tosunlux.eu\/sq\/wp-json\/wp\/v2\/product"}],"about":[{"href":"https:\/\/www.tosunlux.eu\/sq\/wp-json\/wp\/v2\/types\/product"}],"version-history":[{"count":0,"href":"https:\/\/www.tosunlux.eu\/sq\/wp-json\/wp\/v2\/product\/3034\/revisions"}],"wp:attachment":[{"href":"https:\/\/www.tosunlux.eu\/sq\/wp-json\/wp\/v2\/media?parent=3034"}],"wp:term":[{"taxonomy":"product_category","embeddable":true,"href":"https:\/\/www.tosunlux.eu\/sq\/wp-json\/wp\/v2\/product_category?post=3034"}],"curies":[{"name":"wp","href":"https:\/\/api.w.org\/{rel}","templated":true}]}}