{"id":3068,"date":"2022-05-16T17:28:26","date_gmt":"2022-05-16T09:28:26","guid":{"rendered":"https:\/\/www.tosunlux.eu\/?post_type=product&#038;p=3068"},"modified":"2022-05-16T17:28:41","modified_gmt":"2022-05-16T09:28:41","slug":"thermohygrostat","status":"publish","type":"product","link":"https:\/\/www.tosunlux.eu\/sq\/products\/thermohygrostat\/","title":{"rendered":"Thermohigrostat"},"content":{"rendered":"<p>A<strong>aplikimi<\/strong><\/p>\n\n\n\n<p>KTSMF012: Kontrollues i lag\u00ebshtis\u00eb + kontrollues i temperatur\u00ebs (ftohje)<\/p>\n\n\n\n<p>KTOMF012: Kontrollues i lag\u00ebshtis\u00eb + kontrollues i temperatur\u00ebs (ngrohje)<\/p>\n\n\n\n<p>Kontrolli i lag\u00ebshtis\u00eb: N\u00ebse lag\u00ebshtia relative tejkalon vler\u00ebn e vendosur n\u00eb \u00e7el\u00ebsin e lag\u00ebshtis\u00eb, qarku elektrik nd\u00ebrpritet.<br>Diferenca e kthimit \u00ebsht\u00eb 5-10%RH.<\/p>\n\n\n\n<p>Kontrolli i temperatur\u00ebs: N\u00ebse temperatura e ambientit rritet mbi vler\u00ebn e vendosur n\u00eb \u00e7el\u00ebsin e temperatur\u00ebs, qarku elektrik nd\u00ebrpritet, lejohet nj\u00eb toleranc\u00eb prej 1-3 \u2103.<\/p>\n\n\n\n<p><strong>Specifikimi<\/strong><\/p>\n\n\n<table style=\"border-collapse: collapse; width: 483.77pt;\" border=\"0\" width=\"645\" cellspacing=\"0\" cellpadding=\"0\">\n<tbody>\n<tr style=\"height: 20.00pt;\">\n<td class=\"et2\" style=\"height: 20.00pt; width: 232.70pt;\" width=\"310\" height=\"26\">Fuqia<\/td>\n<td class=\"et2\" style=\"width: 251.70pt;\" width=\"335\">AC220V<\/td>\n<\/tr>\n<tr style=\"height: 19.00pt;\">\n<td class=\"et2\" style=\"height: 19.00pt; width: 232.70pt;\" width=\"310\" height=\"25\">Aktuale<\/td>\n<td class=\"et2\" style=\"width: 251.70pt;\" width=\"335\">Maksimumi 46 mA<\/td>\n<\/tr>\n<tr style=\"height: 37.00pt;\">\n<td class=\"et2\" style=\"height: 37.00pt; width: 232.70pt;\" width=\"310\" height=\"49\">Kushtet e funksionimit<\/td>\n<td class=\"et2\" style=\"width: 251.70pt;\" width=\"335\">Temperatura: -10 deri n\u00eb 50\u2103; Lag\u00ebshtia: 40-90% RH<\/td>\n<\/tr>\n<tr style=\"height: 38.00pt;\">\n<td class=\"et2\" style=\"height: 38.00pt; width: 232.70pt;\" width=\"310\" height=\"50\">Kushtet e ruajtjes<\/td>\n<td class=\"et2\" style=\"width: 251.70pt;\" width=\"335\">Temperatura: -20 deri n\u00eb 60\u2103; Lag\u00ebshtia: 20-90% RH<\/td>\n<\/tr>\n<tr style=\"height: 22.00pt;\">\n<td class=\"et2\" style=\"height: 22.00pt; width: 232.70pt;\" width=\"310\" height=\"29\">Sensori i lag\u00ebshtis\u00eb<\/td>\n<td class=\"et2\" style=\"width: 251.70pt;\" width=\"335\">rezistenc\u00eb ndaj lag\u00ebshtir\u00ebs s\u00eb polimerit<\/td>\n<\/tr>\n<tr style=\"height: 24.00pt;\">\n<td class=\"et2\" style=\"height: 24.00pt; width: 232.70pt;\" width=\"310\" height=\"32\">Dallimi i nd\u00ebrrimit t\u00eb lag\u00ebshtis\u00eb<\/td>\n<td class=\"et2\" style=\"width: 251.70pt;\" width=\"335\">4 % RH (\u00b13% toleranc\u00eb)<\/td>\n<\/tr>\n<tr style=\"height: 21.00pt;\">\n<td class=\"et2\" style=\"height: 21.00pt; width: 232.70pt;\" width=\"310\" height=\"28\">Diferenca e nd\u00ebrrimit t\u00eb temperatur\u00ebs<\/td>\n<td class=\"et2\" style=\"width: 251.70pt;\" width=\"335\">7k (\u00b14k toleranc\u00eb)<\/td>\n<\/tr>\n<tr style=\"height: 20.00pt;\">\n<td class=\"et2\" style=\"height: 20.00pt; width: 232.70pt;\" width=\"310\" height=\"26\">Elementi i sensorit t\u00eb temperatur\u00ebs<\/td>\n<td class=\"et2\" style=\"width: 251.70pt;\" width=\"335\">Sensori bimetal<\/td>\n<\/tr>\n<tr style=\"height: 20.00pt;\">\n<td class=\"et2\" style=\"height: 20.00pt; width: 232.70pt;\" width=\"310\" height=\"26\">Gama e lag\u00ebshtis\u00eb relative<\/td>\n<td class=\"et2\" style=\"width: 251.70pt;\" width=\"335\">35%-95%RH<\/td>\n<\/tr>\n<tr style=\"height: 21.00pt;\">\n<td class=\"et2\" style=\"height: 21.00pt; width: 232.70pt;\" width=\"310\" height=\"28\">M\u00ebnyra e kontaktit t\u00eb kontrollit t\u00eb temperatur\u00ebs<\/td>\n<td class=\"et2\" style=\"width: 251.70pt;\" width=\"335\">Pika e kontaktit e llojit hap<\/td>\n<\/tr>\n<tr style=\"height: 20.00pt;\">\n<td class=\"et2\" style=\"height: 20.00pt; width: 232.70pt;\" width=\"310\" height=\"26\">M\u00ebnyra e kontaktit t\u00eb kontrollit t\u00eb lag\u00ebshtis\u00eb<\/td>\n<td class=\"et2\" style=\"width: 251.70pt;\" width=\"335\">Nd\u00ebrprer\u00ebsi<\/td>\n<\/tr>\n<tr style=\"height: 23.00pt;\">\n<td class=\"et2\" style=\"height: 23.00pt; width: 232.70pt;\" width=\"310\" height=\"30\">Jeta e sh\u00ebrbimit<\/td>\n<td class=\"et2\" style=\"width: 251.70pt;\" width=\"335\">750,000 cikle<\/td>\n<\/tr>\n<tr style=\"height: 20.00pt;\">\n<td class=\"et2\" style=\"height: 20.00pt; width: 232.70pt;\" width=\"310\" height=\"26\">Kapaciteti minimal i komutimit<\/td>\n<td class=\"et2\" style=\"width: 251.70pt;\" width=\"335\">20VAC\/DC 100mA<\/td>\n<\/tr>\n<tr style=\"height: 25.00pt;\">\n<td class=\"et2\" style=\"height: 25.00pt; width: 232.70pt;\" width=\"310\" height=\"33\">Maks. kapaciteti komutues<\/td>\n<td class=\"et2\" style=\"width: 251.70pt;\" width=\"335\">250VAC\/DC 5(1)A DC30W<\/td>\n<\/tr>\n<tr style=\"height: 54.00pt;\">\n<td class=\"et2\" style=\"height: 54.00pt; width: 232.70pt;\" width=\"310\" height=\"72\">Lidhja<\/td>\n<td class=\"et2\" style=\"width: 251.70pt;\" width=\"335\">Terminali me 5 pole, \u00e7ift rrotullues shtr\u00ebngues 0,5 Nm Maksimumi p\u00ebr tela t\u00eb ngurt\u00eb 2,5 mm\u00b2 dhe tela t\u00eb bllokuar (me tel dhe ferrule) 1,5 mm\u00b2<\/td>\n<\/tr>\n<tr style=\"height: 21.00pt;\">\n<td class=\"et2\" style=\"height: 21.00pt; width: 232.70pt;\" width=\"310\" height=\"28\">Instalimi<\/td>\n<td class=\"et2\" style=\"width: 251.70pt;\" width=\"335\">Binar 35 mm Din<\/td>\n<\/tr>\n<tr style=\"height: 22.00pt;\">\n<td class=\"et2\" style=\"height: 22.00pt; width: 232.70pt;\" width=\"310\" height=\"29\">Dimensioni<\/td>\n<td class=\"et2\" style=\"width: 251.70pt;\" width=\"335\">70x63x40mm<\/td>\n<\/tr>\n<tr style=\"height: 22.00pt;\">\n<td class=\"et2\" style=\"height: 22.00pt; width: 232.70pt;\" width=\"310\" height=\"29\">Pozicioni i p\u00ebrshtatsh\u00ebm<\/td>\n<td class=\"et2\" style=\"width: 251.70pt;\" width=\"335\">Maja e kabinetit<\/td>\n<\/tr>\n<tr style=\"height: 20.00pt;\">\n<td class=\"et2\" style=\"height: 20.00pt; width: 232.70pt;\" width=\"310\" height=\"26\">Klasa e mbrojtjes<\/td>\n<td class=\"et2\" style=\"width: 251.70pt;\" width=\"335\">IP20<\/td>\n<\/tr>\n<\/tbody>\n<\/table>","protected":false},"parent":0,"template":"","product_category":[36,103],"class_list":["post-3068","product","type-product","status-publish","hentry","product_category-electrical-accessories","product_category-ventilation-heating"],"yoast_head":"<!-- This site is optimized with the Yoast SEO plugin v27.6 - https:\/\/yoast.com\/product\/yoast-seo-wordpress\/ -->\n<title>WholesaleThermohygrostat - TOSUNlux Official Site - Electrical Circuit Breaker Manufacturer in China Low Voltage Electrical Supplier | TOSUNlux<\/title>\n<meta name=\"description\" content=\"Thermohygrostat Supplier - Wholesale direct from TOSUNlux, a trusted manufacturer since 1994. Get your B2B factory quote on our certified Low Voltage electrical products.\" \/>\n<meta name=\"robots\" content=\"index, follow, max-snippet:-1, max-image-preview:large, max-video-preview:-1\" \/>\n<link rel=\"canonical\" href=\"https:\/\/www.tosunlux.eu\/sq\/products\/thermohygrostat\/\" \/>\n<meta property=\"og:locale\" content=\"sq_AL\" \/>\n<meta property=\"og:type\" content=\"article\" \/>\n<meta property=\"og:title\" content=\"WholesaleThermohygrostat - TOSUNlux Official Site - Electrical Circuit Breaker Manufacturer in China Low Voltage Electrical Supplier | TOSUNlux\" \/>\n<meta property=\"og:description\" content=\"Thermohygrostat Supplier - Wholesale direct from TOSUNlux, a trusted manufacturer since 1994. Get your B2B factory quote on our certified Low Voltage electrical products.\" \/>\n<meta property=\"og:url\" content=\"https:\/\/www.tosunlux.eu\/sq\/products\/thermohygrostat\/\" \/>\n<meta property=\"og:site_name\" content=\"TOSUNlux Official Site - Electrical Circuit Breaker Manufacturer in China\" \/>\n<meta property=\"article:publisher\" content=\"https:\/\/www.facebook.com\/TOSUNelectric\/\" \/>\n<meta property=\"article:modified_time\" content=\"2022-05-16T09:28:41+00:00\" \/>\n<meta property=\"og:image\" content=\"https:\/\/www.tosunlux.eu\/wp-content\/uploads\/2023\/04\/DSC08160_\u526f\u672c.jpg\" \/>\n\t<meta property=\"og:image:width\" content=\"1500\" \/>\n\t<meta property=\"og:image:height\" content=\"940\" \/>\n\t<meta property=\"og:image:type\" content=\"image\/jpeg\" \/>\n<meta name=\"twitter:card\" content=\"summary_large_image\" \/>\n<meta name=\"twitter:label1\" content=\"Est. reading time\" \/>\n\t<meta name=\"twitter:data1\" content=\"1 minut\u00eb\" \/>\n<script type=\"application\/ld+json\" class=\"yoast-schema-graph\">{\"@context\":\"https:\\\/\\\/schema.org\",\"@graph\":[{\"@type\":\"WebPage\",\"@id\":\"https:\\\/\\\/www.tosunlux.eu\\\/products\\\/thermohygrostat\\\/\",\"url\":\"https:\\\/\\\/www.tosunlux.eu\\\/products\\\/thermohygrostat\\\/\",\"name\":\"WholesaleThermohygrostat - TOSUNlux Official Site - Electrical Circuit Breaker Manufacturer in China Low Voltage Electrical Supplier | TOSUNlux\",\"isPartOf\":{\"@id\":\"https:\\\/\\\/www.tosunlux.eu\\\/ru\\\/#website\"},\"datePublished\":\"2022-05-16T09:28:26+00:00\",\"dateModified\":\"2022-05-16T09:28:41+00:00\",\"description\":\"Thermohygrostat Supplier - Wholesale direct from TOSUNlux, a trusted manufacturer since 1994. Get your B2B factory quote on our certified Low Voltage electrical products.\",\"breadcrumb\":{\"@id\":\"https:\\\/\\\/www.tosunlux.eu\\\/products\\\/thermohygrostat\\\/#breadcrumb\"},\"inLanguage\":\"sq\",\"potentialAction\":[{\"@type\":\"ReadAction\",\"target\":[\"https:\\\/\\\/www.tosunlux.eu\\\/products\\\/thermohygrostat\\\/\"]}]},{\"@type\":\"BreadcrumbList\",\"@id\":\"https:\\\/\\\/www.tosunlux.eu\\\/products\\\/thermohygrostat\\\/#breadcrumb\",\"itemListElement\":[{\"@type\":\"ListItem\",\"position\":1,\"name\":\"Home\",\"item\":\"https:\\\/\\\/www.tosunlux.eu\\\/ru\\\/\"},{\"@type\":\"ListItem\",\"position\":2,\"name\":\"Products\",\"item\":\"https:\\\/\\\/www.tosunlux.eu\\\/products\\\/\"},{\"@type\":\"ListItem\",\"position\":3,\"name\":\"Thermohygrostat\"}]},{\"@type\":\"WebSite\",\"@id\":\"https:\\\/\\\/www.tosunlux.eu\\\/ru\\\/#website\",\"url\":\"https:\\\/\\\/www.tosunlux.eu\\\/ru\\\/\",\"name\":\"TOSUNlux Official Site - Electrical Circuit Breaker Manufacturer in China\",\"description\":\"Power Distribution System Supplier\",\"publisher\":{\"@id\":\"https:\\\/\\\/www.tosunlux.eu\\\/ru\\\/#organization\"},\"alternateName\":\"TOSUNlux\",\"potentialAction\":[{\"@type\":\"SearchAction\",\"target\":{\"@type\":\"EntryPoint\",\"urlTemplate\":\"https:\\\/\\\/www.tosunlux.eu\\\/ru\\\/?s={search_term_string}\"},\"query-input\":{\"@type\":\"PropertyValueSpecification\",\"valueRequired\":true,\"valueName\":\"search_term_string\"}}],\"inLanguage\":\"sq\"},{\"@type\":\"Organization\",\"@id\":\"https:\\\/\\\/www.tosunlux.eu\\\/ru\\\/#organization\",\"name\":\"TOSUNlux\",\"url\":\"https:\\\/\\\/www.tosunlux.eu\\\/ru\\\/\",\"logo\":{\"@type\":\"ImageObject\",\"inLanguage\":\"sq\",\"@id\":\"https:\\\/\\\/www.tosunlux.eu\\\/ru\\\/#\\\/schema\\\/logo\\\/image\\\/\",\"url\":\"https:\\\/\\\/www.tosunlux.eu\\\/wp-content\\\/uploads\\\/2022\\\/01\\\/LOGOSYSM.71762f1.png\",\"contentUrl\":\"https:\\\/\\\/www.tosunlux.eu\\\/wp-content\\\/uploads\\\/2022\\\/01\\\/LOGOSYSM.71762f1.png\",\"width\":153,\"height\":55,\"caption\":\"TOSUNlux\"},\"image\":{\"@id\":\"https:\\\/\\\/www.tosunlux.eu\\\/ru\\\/#\\\/schema\\\/logo\\\/image\\\/\"},\"sameAs\":[\"https:\\\/\\\/www.facebook.com\\\/TOSUNelectric\\\/\",\"https:\\\/\\\/www.linkedin.com\\\/company\\\/wenzhou-tosun-electric-co.-ltd\\\/\"]}]}<\/script>\n<!-- \/ Yoast SEO plugin. -->","yoast_head_json":{"title":"Termohigrostat me shumic\u00eb - Faqja zyrtare e TOSUNlux - Prodhues i nd\u00ebrprer\u00ebsve elektrik\u00eb n\u00eb Kin\u00eb, furnizues elektrik me tension t\u00eb ul\u00ebt | TOSUNlux","description":"Furnizues termohigrostati - Shitje me shumic\u00eb direkt nga TOSUNlux, nj\u00eb prodhues i besuar q\u00eb nga viti 1994. Merrni ofert\u00ebn tuaj B2B t\u00eb fabrik\u00ebs p\u00ebr produktet tona t\u00eb \u00e7ertifikuara elektrike me tension t\u00eb ul\u00ebt.","robots":{"index":"index","follow":"follow","max-snippet":"max-snippet:-1","max-image-preview":"max-image-preview:large","max-video-preview":"max-video-preview:-1"},"canonical":"https:\/\/www.tosunlux.eu\/sq\/products\/thermohygrostat\/","og_locale":"sq_AL","og_type":"article","og_title":"WholesaleThermohygrostat - TOSUNlux Official Site - Electrical Circuit Breaker Manufacturer in China Low Voltage Electrical Supplier | TOSUNlux","og_description":"Thermohygrostat Supplier - Wholesale direct from TOSUNlux, a trusted manufacturer since 1994. Get your B2B factory quote on our certified Low Voltage electrical products.","og_url":"https:\/\/www.tosunlux.eu\/sq\/products\/thermohygrostat\/","og_site_name":"TOSUNlux Official Site - Electrical Circuit Breaker Manufacturer in China","article_publisher":"https:\/\/www.facebook.com\/TOSUNelectric\/","article_modified_time":"2022-05-16T09:28:41+00:00","og_image":[{"width":1500,"height":940,"url":"https:\/\/www.tosunlux.eu\/wp-content\/uploads\/2023\/04\/DSC08160_\u526f\u672c.jpg","type":"image\/jpeg"}],"twitter_card":"summary_large_image","twitter_misc":{"Est. reading time":"1 minut\u00eb"},"schema":{"@context":"https:\/\/schema.org","@graph":[{"@type":"WebPage","@id":"https:\/\/www.tosunlux.eu\/products\/thermohygrostat\/","url":"https:\/\/www.tosunlux.eu\/products\/thermohygrostat\/","name":"Termohigrostat me shumic\u00eb - Faqja zyrtare e TOSUNlux - Prodhues i nd\u00ebrprer\u00ebsve elektrik\u00eb n\u00eb Kin\u00eb, furnizues elektrik me tension t\u00eb ul\u00ebt | TOSUNlux","isPartOf":{"@id":"https:\/\/www.tosunlux.eu\/ru\/#website"},"datePublished":"2022-05-16T09:28:26+00:00","dateModified":"2022-05-16T09:28:41+00:00","description":"Furnizues termohigrostati - Shitje me shumic\u00eb direkt nga TOSUNlux, nj\u00eb prodhues i besuar q\u00eb nga viti 1994. Merrni ofert\u00ebn tuaj B2B t\u00eb fabrik\u00ebs p\u00ebr produktet tona t\u00eb \u00e7ertifikuara elektrike me tension t\u00eb ul\u00ebt.","breadcrumb":{"@id":"https:\/\/www.tosunlux.eu\/products\/thermohygrostat\/#breadcrumb"},"inLanguage":"sq","potentialAction":[{"@type":"ReadAction","target":["https:\/\/www.tosunlux.eu\/products\/thermohygrostat\/"]}]},{"@type":"BreadcrumbList","@id":"https:\/\/www.tosunlux.eu\/products\/thermohygrostat\/#breadcrumb","itemListElement":[{"@type":"ListItem","position":1,"name":"Home","item":"https:\/\/www.tosunlux.eu\/ru\/"},{"@type":"ListItem","position":2,"name":"Products","item":"https:\/\/www.tosunlux.eu\/products\/"},{"@type":"ListItem","position":3,"name":"Thermohygrostat"}]},{"@type":"WebSite","@id":"https:\/\/www.tosunlux.eu\/ru\/#website","url":"https:\/\/www.tosunlux.eu\/ru\/","name":"Faqja zyrtare e TOSUNlux - Prodhuesi i nd\u00ebrprer\u00ebsve t\u00eb qarkut elektrik n\u00eb Kin\u00eb","description":"Furnizuesi i Sistemit t\u00eb Shp\u00ebrndarjes s\u00eb Energjis\u00eb","publisher":{"@id":"https:\/\/www.tosunlux.eu\/ru\/#organization"},"alternateName":"TOSUNlux","potentialAction":[{"@type":"SearchAction","target":{"@type":"EntryPoint","urlTemplate":"https:\/\/www.tosunlux.eu\/ru\/?s={search_term_string}"},"query-input":{"@type":"PropertyValueSpecification","valueRequired":true,"valueName":"search_term_string"}}],"inLanguage":"sq"},{"@type":"Organization","@id":"https:\/\/www.tosunlux.eu\/ru\/#organization","name":"TOSUNlux","url":"https:\/\/www.tosunlux.eu\/ru\/","logo":{"@type":"ImageObject","inLanguage":"sq","@id":"https:\/\/www.tosunlux.eu\/ru\/#\/schema\/logo\/image\/","url":"https:\/\/www.tosunlux.eu\/wp-content\/uploads\/2022\/01\/LOGOSYSM.71762f1.png","contentUrl":"https:\/\/www.tosunlux.eu\/wp-content\/uploads\/2022\/01\/LOGOSYSM.71762f1.png","width":153,"height":55,"caption":"TOSUNlux"},"image":{"@id":"https:\/\/www.tosunlux.eu\/ru\/#\/schema\/logo\/image\/"},"sameAs":["https:\/\/www.facebook.com\/TOSUNelectric\/","https:\/\/www.linkedin.com\/company\/wenzhou-tosun-electric-co.-ltd\/"]}]}},"_links":{"self":[{"href":"https:\/\/www.tosunlux.eu\/sq\/wp-json\/wp\/v2\/product\/3068","targetHints":{"allow":["GET"]}}],"collection":[{"href":"https:\/\/www.tosunlux.eu\/sq\/wp-json\/wp\/v2\/product"}],"about":[{"href":"https:\/\/www.tosunlux.eu\/sq\/wp-json\/wp\/v2\/types\/product"}],"version-history":[{"count":0,"href":"https:\/\/www.tosunlux.eu\/sq\/wp-json\/wp\/v2\/product\/3068\/revisions"}],"wp:attachment":[{"href":"https:\/\/www.tosunlux.eu\/sq\/wp-json\/wp\/v2\/media?parent=3068"}],"wp:term":[{"taxonomy":"product_category","embeddable":true,"href":"https:\/\/www.tosunlux.eu\/sq\/wp-json\/wp\/v2\/product_category?post=3068"}],"curies":[{"name":"wp","href":"https:\/\/api.w.org\/{rel}","templated":true}]}}