{"id":3121,"date":"2022-05-17T13:20:53","date_gmt":"2022-05-17T05:20:53","guid":{"rendered":"https:\/\/www.tosunlux.eu\/?post_type=product&#038;p=3121"},"modified":"2022-05-17T13:20:54","modified_gmt":"2022-05-17T05:20:54","slug":"tac-a-pushbutton-switch-tac-a881","status":"publish","type":"product","link":"https:\/\/www.tosunlux.eu\/sq\/products\/tac-a-pushbutton-switch-tac-a881\/","title":{"rendered":"Nd\u00ebrprer\u00ebsi me butona TAC-A TAC-A881"},"content":{"rendered":"<table style=\"border-collapse: collapse; width: 389px; height: 806px;\" border=\"0\" width=\"359\" cellspacing=\"0\" cellpadding=\"0\">\n<tbody>\n<tr style=\"height: 38.25pt;\">\n<td class=\"et2\" style=\"height: 38.25pt; width: 76.25pt;\" width=\"101\" height=\"51\">Simboli dhe numri i<br \/>\noperator\u00ebt<\/td>\n<td class=\"et2\" style=\"width: 74.35pt;\" width=\"99\">Kontaktoni<\/td>\n<td class=\"et2\" style=\"width: 54.00pt;\" width=\"72\">Qarku<\/td>\n<td class=\"et2\" style=\"width: 65.00pt;\" width=\"86\">Model<\/td>\n<\/tr>\n<tr style=\"height: 25.50pt;\">\n<td class=\"et3\" style=\"height: 39.00pt; width: 76.25pt;\" rowspan=\"2\" width=\"101\" height=\"52\">\n<img decoding=\"async\" class=\"alignnone size-full wp-image-3123\" src=\"https:\/\/www.tosunlux.eu\/wp-content\/uploads\/2022\/05\/QQ\u622a\u56fe20220517130321.png\" alt=\"\" width=\"205\" height=\"134\" \/>8 i lidhur mekanikisht<br \/>\nmes \u00e7ifteve<\/td>\n<td class=\"et3\" style=\"width: 74.35pt;\" width=\"99\">1 NR<\/td>\n<td class=\"et3\" style=\"width: 54.00pt;\" width=\"72\"><img decoding=\"async\" class=\"alignnone size-full wp-image-3113\" src=\"https:\/\/www.tosunlux.eu\/wp-content\/uploads\/2022\/05\/QQ\u622a\u56fe20220517104709.png\" alt=\"\" width=\"84\" height=\"70\" \/><\/td>\n<td class=\"et2\" style=\"width: 65.00pt;\" width=\"86\">TAC-A871<\/td>\n<\/tr>\n<tr style=\"height: 13.50pt;\">\n<td class=\"et3\" style=\"width: 74.35pt;\" width=\"99\">1 JO + 1 NC<\/td>\n<td class=\"et3\" style=\"width: 54.00pt;\" width=\"72\"><img decoding=\"async\" class=\"alignnone size-full wp-image-3111\" src=\"https:\/\/www.tosunlux.eu\/wp-content\/uploads\/2022\/05\/QQ\u622a\u56fe20220517103409.png\" alt=\"\" width=\"128\" height=\"100\" \/><\/td>\n<td class=\"et2\" style=\"width: 65.00pt;\" width=\"86\">TAC-A881<\/td>\n<\/tr>\n<tr style=\"height: 25.50pt;\">\n<td class=\"et3\" style=\"height: 39.00pt; width: 76.25pt;\" rowspan=\"2\" width=\"101\" height=\"52\"><img decoding=\"async\" class=\"alignnone size-full wp-image-3123\" src=\"https:\/\/www.tosunlux.eu\/wp-content\/uploads\/2022\/05\/QQ\u622a\u56fe20220517130321.png\" alt=\"\" width=\"205\" height=\"134\" \/>8 i lidhur mekanikisht<br \/>\nmes \u00e7ifteve<br \/>\nMb\u00ebrthimi i veprimit t\u00eb k\u00ebmb\u00ebz\u00ebs +1<br \/>\nNdalesa emergjente<br \/>\nOperatori \u00d830mm ZA2-BS44<\/td>\n<td class=\"et3\" style=\"width: 74.35pt;\" width=\"99\">1 NR<\/td>\n<td class=\"et3\" style=\"width: 54.00pt;\" width=\"72\"><img loading=\"lazy\" decoding=\"async\" class=\"alignnone size-full wp-image-3128\" src=\"https:\/\/www.tosunlux.eu\/wp-content\/uploads\/2022\/05\/QQ\u622a\u56fe20220517131502.png\" alt=\"\" width=\"217\" height=\"87\" \/>ZB2-BE102<\/td>\n<td class=\"et2\" style=\"width: 65.00pt;\" width=\"86\">TAC-A8713<\/td>\n<\/tr>\n<tr style=\"height: 13.50pt;\">\n<td class=\"et3\" style=\"width: 74.35pt;\" width=\"99\">1 JO + 1 NC<\/td>\n<td class=\"et3\" style=\"width: 54.00pt;\" width=\"72\"><img loading=\"lazy\" decoding=\"async\" class=\"alignnone size-full wp-image-3126\" src=\"https:\/\/www.tosunlux.eu\/wp-content\/uploads\/2022\/05\/QQ\u622a\u56fe20220517131526.png\" alt=\"\" width=\"200\" height=\"96\" \/>ZB2-BE102<\/td>\n<td class=\"et2\" style=\"width: 65.00pt;\" width=\"86\">TAC-A8813<\/td>\n<\/tr>\n<tr style=\"height: 38.25pt;\">\n<td class=\"et3\" style=\"height: 38.25pt; width: 76.25pt;\" width=\"101\" height=\"51\"><img loading=\"lazy\" decoding=\"async\" class=\"alignnone size-full wp-image-3124\" src=\"https:\/\/www.tosunlux.eu\/wp-content\/uploads\/2022\/05\/QQ\u622a\u56fe20220517130529.png\" alt=\"\" width=\"222\" height=\"99\" \/>2 i lidhur mekanikisht<\/td>\n<td class=\"et3\" style=\"width: 74.35pt;\" width=\"99\">1NC+1JO+1NO<br \/>\nt\u00eb l\u00ebkundur<br \/>\nXEN-G1191<\/td>\n<td class=\"et3\" style=\"width: 54.00pt;\" width=\"72\"><img loading=\"lazy\" decoding=\"async\" class=\"alignnone size-full wp-image-3127\" src=\"https:\/\/www.tosunlux.eu\/wp-content\/uploads\/2022\/05\/QQ\u622a\u56fe20220517131552.png\" alt=\"\" width=\"140\" height=\"82\" \/><\/td>\n<td class=\"et2\" style=\"width: 65.00pt;\" width=\"86\">TAC-A291<\/td>\n<\/tr>\n<\/tbody>\n<\/table>","protected":false},"parent":0,"template":"","product_category":[35,94],"class_list":["post-3121","product","type-product","status-publish","hentry","product_category-industrial-control-devices","product_category-pushbutton-switch"],"yoast_head":"<!-- This site is optimized with the Yoast SEO plugin v27.5 - https:\/\/yoast.com\/product\/yoast-seo-wordpress\/ -->\n<title>WholesaleTAC-A Pushbutton Switch TAC-A881 - TOSUNlux Official Site - Electrical Circuit Breaker Manufacturer in China Low Voltage Electrical Supplier | TOSUNlux<\/title>\n<meta name=\"description\" content=\"TAC-A Pushbutton Switch TAC-A881 Supplier - Wholesale direct from TOSUNlux, a trusted manufacturer since 1994. Get your B2B factory quote on our certified Low Voltage electrical products.\" \/>\n<meta name=\"robots\" content=\"index, follow, max-snippet:-1, max-image-preview:large, max-video-preview:-1\" \/>\n<link rel=\"canonical\" href=\"https:\/\/www.tosunlux.eu\/sq\/products\/tac-a-pushbutton-switch-tac-a881\/\" \/>\n<meta property=\"og:locale\" content=\"sq_AL\" \/>\n<meta property=\"og:type\" content=\"article\" \/>\n<meta property=\"og:title\" content=\"WholesaleTAC-A Pushbutton Switch TAC-A881 - TOSUNlux Official Site - Electrical Circuit Breaker Manufacturer in China Low Voltage Electrical Supplier | TOSUNlux\" \/>\n<meta property=\"og:description\" content=\"TAC-A Pushbutton Switch TAC-A881 Supplier - Wholesale direct from TOSUNlux, a trusted manufacturer since 1994. Get your B2B factory quote on our certified Low Voltage electrical products.\" \/>\n<meta property=\"og:url\" content=\"https:\/\/www.tosunlux.eu\/sq\/products\/tac-a-pushbutton-switch-tac-a881\/\" \/>\n<meta property=\"og:site_name\" content=\"TOSUNlux Official Site - Electrical Circuit Breaker Manufacturer in China\" \/>\n<meta property=\"article:publisher\" content=\"https:\/\/www.facebook.com\/TOSUNelectric\/\" \/>\n<meta property=\"article:modified_time\" content=\"2022-05-17T05:20:54+00:00\" \/>\n<meta property=\"og:image\" content=\"https:\/\/www.tosunlux.eu\/wp-content\/uploads\/2023\/04\/DSC08160_\u526f\u672c.jpg\" \/>\n\t<meta property=\"og:image:width\" content=\"1500\" \/>\n\t<meta property=\"og:image:height\" content=\"940\" \/>\n\t<meta property=\"og:image:type\" content=\"image\/jpeg\" \/>\n<meta name=\"twitter:card\" content=\"summary_large_image\" \/>\n<meta name=\"twitter:label1\" content=\"Est. reading time\" \/>\n\t<meta name=\"twitter:data1\" content=\"2 minuta\" \/>\n<script type=\"application\/ld+json\" class=\"yoast-schema-graph\">{\"@context\":\"https:\\\/\\\/schema.org\",\"@graph\":[{\"@type\":\"WebPage\",\"@id\":\"https:\\\/\\\/www.tosunlux.eu\\\/products\\\/tac-a-pushbutton-switch-tac-a881\\\/\",\"url\":\"https:\\\/\\\/www.tosunlux.eu\\\/products\\\/tac-a-pushbutton-switch-tac-a881\\\/\",\"name\":\"WholesaleTAC-A Pushbutton Switch TAC-A881 - TOSUNlux Official Site - Electrical Circuit Breaker Manufacturer in China Low Voltage Electrical Supplier | TOSUNlux\",\"isPartOf\":{\"@id\":\"https:\\\/\\\/www.tosunlux.eu\\\/ru\\\/#website\"},\"datePublished\":\"2022-05-17T05:20:53+00:00\",\"dateModified\":\"2022-05-17T05:20:54+00:00\",\"description\":\"TAC-A Pushbutton Switch TAC-A881 Supplier - Wholesale direct from TOSUNlux, a trusted manufacturer since 1994. Get your B2B factory quote on our certified Low Voltage electrical products.\",\"breadcrumb\":{\"@id\":\"https:\\\/\\\/www.tosunlux.eu\\\/products\\\/tac-a-pushbutton-switch-tac-a881\\\/#breadcrumb\"},\"inLanguage\":\"sq\",\"potentialAction\":[{\"@type\":\"ReadAction\",\"target\":[\"https:\\\/\\\/www.tosunlux.eu\\\/products\\\/tac-a-pushbutton-switch-tac-a881\\\/\"]}]},{\"@type\":\"BreadcrumbList\",\"@id\":\"https:\\\/\\\/www.tosunlux.eu\\\/products\\\/tac-a-pushbutton-switch-tac-a881\\\/#breadcrumb\",\"itemListElement\":[{\"@type\":\"ListItem\",\"position\":1,\"name\":\"Home\",\"item\":\"https:\\\/\\\/www.tosunlux.eu\\\/ru\\\/\"},{\"@type\":\"ListItem\",\"position\":2,\"name\":\"Products\",\"item\":\"https:\\\/\\\/www.tosunlux.eu\\\/products\\\/\"},{\"@type\":\"ListItem\",\"position\":3,\"name\":\"TAC-A Pushbutton Switch TAC-A881\"}]},{\"@type\":\"WebSite\",\"@id\":\"https:\\\/\\\/www.tosunlux.eu\\\/ru\\\/#website\",\"url\":\"https:\\\/\\\/www.tosunlux.eu\\\/ru\\\/\",\"name\":\"TOSUNlux Official Site - Electrical Circuit Breaker Manufacturer in China\",\"description\":\"Power Distribution System Supplier\",\"publisher\":{\"@id\":\"https:\\\/\\\/www.tosunlux.eu\\\/ru\\\/#organization\"},\"alternateName\":\"TOSUNlux\",\"potentialAction\":[{\"@type\":\"SearchAction\",\"target\":{\"@type\":\"EntryPoint\",\"urlTemplate\":\"https:\\\/\\\/www.tosunlux.eu\\\/ru\\\/?s={search_term_string}\"},\"query-input\":{\"@type\":\"PropertyValueSpecification\",\"valueRequired\":true,\"valueName\":\"search_term_string\"}}],\"inLanguage\":\"sq\"},{\"@type\":\"Organization\",\"@id\":\"https:\\\/\\\/www.tosunlux.eu\\\/ru\\\/#organization\",\"name\":\"TOSUNlux\",\"url\":\"https:\\\/\\\/www.tosunlux.eu\\\/ru\\\/\",\"logo\":{\"@type\":\"ImageObject\",\"inLanguage\":\"sq\",\"@id\":\"https:\\\/\\\/www.tosunlux.eu\\\/ru\\\/#\\\/schema\\\/logo\\\/image\\\/\",\"url\":\"https:\\\/\\\/www.tosunlux.eu\\\/wp-content\\\/uploads\\\/2022\\\/01\\\/LOGOSYSM.71762f1.png\",\"contentUrl\":\"https:\\\/\\\/www.tosunlux.eu\\\/wp-content\\\/uploads\\\/2022\\\/01\\\/LOGOSYSM.71762f1.png\",\"width\":153,\"height\":55,\"caption\":\"TOSUNlux\"},\"image\":{\"@id\":\"https:\\\/\\\/www.tosunlux.eu\\\/ru\\\/#\\\/schema\\\/logo\\\/image\\\/\"},\"sameAs\":[\"https:\\\/\\\/www.facebook.com\\\/TOSUNelectric\\\/\",\"https:\\\/\\\/www.linkedin.com\\\/company\\\/wenzhou-tosun-electric-co.-ltd\\\/\"]}]}<\/script>\n<!-- \/ Yoast SEO plugin. -->","yoast_head_json":{"title":"WholesaleTAC-A Pushbutton Switch TAC-A881 - TOSUNlux Official Site - Electrical Circuit Breaker Manufacturer in China Low Voltage Electrical Supplier | TOSUNlux","description":"TAC-A Pushbutton Switch TAC-A881 Supplier - Wholesale direct from TOSUNlux, a trusted manufacturer since 1994. Get your B2B factory quote on our certified Low Voltage electrical products.","robots":{"index":"index","follow":"follow","max-snippet":"max-snippet:-1","max-image-preview":"max-image-preview:large","max-video-preview":"max-video-preview:-1"},"canonical":"https:\/\/www.tosunlux.eu\/sq\/products\/tac-a-pushbutton-switch-tac-a881\/","og_locale":"sq_AL","og_type":"article","og_title":"WholesaleTAC-A Pushbutton Switch TAC-A881 - TOSUNlux Official Site - Electrical Circuit Breaker Manufacturer in China Low Voltage Electrical Supplier | TOSUNlux","og_description":"TAC-A Pushbutton Switch TAC-A881 Supplier - Wholesale direct from TOSUNlux, a trusted manufacturer since 1994. Get your B2B factory quote on our certified Low Voltage electrical products.","og_url":"https:\/\/www.tosunlux.eu\/sq\/products\/tac-a-pushbutton-switch-tac-a881\/","og_site_name":"TOSUNlux Official Site - Electrical Circuit Breaker Manufacturer in China","article_publisher":"https:\/\/www.facebook.com\/TOSUNelectric\/","article_modified_time":"2022-05-17T05:20:54+00:00","og_image":[{"width":1500,"height":940,"url":"https:\/\/www.tosunlux.eu\/wp-content\/uploads\/2023\/04\/DSC08160_\u526f\u672c.jpg","type":"image\/jpeg"}],"twitter_card":"summary_large_image","twitter_misc":{"Est. reading time":"2 minuta"},"schema":{"@context":"https:\/\/schema.org","@graph":[{"@type":"WebPage","@id":"https:\/\/www.tosunlux.eu\/products\/tac-a-pushbutton-switch-tac-a881\/","url":"https:\/\/www.tosunlux.eu\/products\/tac-a-pushbutton-switch-tac-a881\/","name":"WholesaleTAC-A Pushbutton Switch TAC-A881 - TOSUNlux Official Site - Electrical Circuit Breaker Manufacturer in China Low Voltage Electrical Supplier | TOSUNlux","isPartOf":{"@id":"https:\/\/www.tosunlux.eu\/ru\/#website"},"datePublished":"2022-05-17T05:20:53+00:00","dateModified":"2022-05-17T05:20:54+00:00","description":"TAC-A Pushbutton Switch TAC-A881 Supplier - Wholesale direct from TOSUNlux, a trusted manufacturer since 1994. Get your B2B factory quote on our certified Low Voltage electrical products.","breadcrumb":{"@id":"https:\/\/www.tosunlux.eu\/products\/tac-a-pushbutton-switch-tac-a881\/#breadcrumb"},"inLanguage":"sq","potentialAction":[{"@type":"ReadAction","target":["https:\/\/www.tosunlux.eu\/products\/tac-a-pushbutton-switch-tac-a881\/"]}]},{"@type":"BreadcrumbList","@id":"https:\/\/www.tosunlux.eu\/products\/tac-a-pushbutton-switch-tac-a881\/#breadcrumb","itemListElement":[{"@type":"ListItem","position":1,"name":"Home","item":"https:\/\/www.tosunlux.eu\/ru\/"},{"@type":"ListItem","position":2,"name":"Products","item":"https:\/\/www.tosunlux.eu\/products\/"},{"@type":"ListItem","position":3,"name":"TAC-A Pushbutton Switch TAC-A881"}]},{"@type":"WebSite","@id":"https:\/\/www.tosunlux.eu\/ru\/#website","url":"https:\/\/www.tosunlux.eu\/ru\/","name":"Faqja zyrtare e TOSUNlux - Prodhuesi i nd\u00ebrprer\u00ebsve t\u00eb qarkut elektrik n\u00eb Kin\u00eb","description":"Furnizuesi i Sistemit t\u00eb Shp\u00ebrndarjes s\u00eb Energjis\u00eb","publisher":{"@id":"https:\/\/www.tosunlux.eu\/ru\/#organization"},"alternateName":"TOSUNlux","potentialAction":[{"@type":"SearchAction","target":{"@type":"EntryPoint","urlTemplate":"https:\/\/www.tosunlux.eu\/ru\/?s={search_term_string}"},"query-input":{"@type":"PropertyValueSpecification","valueRequired":true,"valueName":"search_term_string"}}],"inLanguage":"sq"},{"@type":"Organization","@id":"https:\/\/www.tosunlux.eu\/ru\/#organization","name":"TOSUNlux","url":"https:\/\/www.tosunlux.eu\/ru\/","logo":{"@type":"ImageObject","inLanguage":"sq","@id":"https:\/\/www.tosunlux.eu\/ru\/#\/schema\/logo\/image\/","url":"https:\/\/www.tosunlux.eu\/wp-content\/uploads\/2022\/01\/LOGOSYSM.71762f1.png","contentUrl":"https:\/\/www.tosunlux.eu\/wp-content\/uploads\/2022\/01\/LOGOSYSM.71762f1.png","width":153,"height":55,"caption":"TOSUNlux"},"image":{"@id":"https:\/\/www.tosunlux.eu\/ru\/#\/schema\/logo\/image\/"},"sameAs":["https:\/\/www.facebook.com\/TOSUNelectric\/","https:\/\/www.linkedin.com\/company\/wenzhou-tosun-electric-co.-ltd\/"]}]}},"_links":{"self":[{"href":"https:\/\/www.tosunlux.eu\/sq\/wp-json\/wp\/v2\/product\/3121","targetHints":{"allow":["GET"]}}],"collection":[{"href":"https:\/\/www.tosunlux.eu\/sq\/wp-json\/wp\/v2\/product"}],"about":[{"href":"https:\/\/www.tosunlux.eu\/sq\/wp-json\/wp\/v2\/types\/product"}],"version-history":[{"count":0,"href":"https:\/\/www.tosunlux.eu\/sq\/wp-json\/wp\/v2\/product\/3121\/revisions"}],"wp:attachment":[{"href":"https:\/\/www.tosunlux.eu\/sq\/wp-json\/wp\/v2\/media?parent=3121"}],"wp:term":[{"taxonomy":"product_category","embeddable":true,"href":"https:\/\/www.tosunlux.eu\/sq\/wp-json\/wp\/v2\/product_category?post=3121"}],"curies":[{"name":"wp","href":"https:\/\/api.w.org\/{rel}","templated":true}]}}