{"id":3526,"date":"2022-06-09T13:26:18","date_gmt":"2022-06-09T05:26:18","guid":{"rendered":"https:\/\/www.tosunlux.eu\/?post_type=product&#038;p=3526"},"modified":"2025-04-05T01:27:20","modified_gmt":"2025-04-04T17:27:20","slug":"dc-residual-current-circuit-breaker","status":"publish","type":"product","link":"https:\/\/www.tosunlux.eu\/sq\/products\/dc-residual-current-circuit-breaker\/","title":{"rendered":"Nd\u00ebrprer\u00ebs i rrym\u00ebs s\u00eb mbetur DC"},"content":{"rendered":"<p><strong>Funksioni<\/strong><\/p>\n\n\n\n<p>TSL3-63B \u00ebsht\u00eb nj\u00eb lloj nd\u00ebrprer\u00ebsi me p\u00ebrdit\u00ebsim t\u00eb plot\u00eb t\u00eb zbulimit t\u00eb rrym\u00ebs s\u00eb mbetur, bazuar n\u00eb rrym\u00ebn RCCB t\u00eb tipit A. Ai jo vet\u00ebm q\u00eb mund t\u00eb mbroj\u00eb n\u00eb m\u00ebnyr\u00eb efektive AC dhe DC pulsuese (lloji A), rrym\u00ebn e mbetur t\u00eb mundshme t\u00eb p\u00ebrb\u00ebr\u00eb (lloji F), por gjithashtu zbut rrym\u00ebn e mbetur DC dhe frekuenc\u00eb t\u00eb lart\u00eb (1KHz). N\u00eb nj\u00eb qark t\u00eb p\u00ebrb\u00ebr\u00eb nga ndreq\u00ebs, inverter, inverter i frekuenc\u00ebs, etj, rryma e rrjedhjes e shkaktuar n\u00eb qarkun e qarkut DC mund t\u00eb zbulohet dhe mbrohet n\u00eb m\u00ebnyr\u00eb efektive.<\/p>\n\n\n\n<p><strong>Aplikimi<\/strong><\/p>\n\n\n\n<p>Industri, mjek\u00ebsi, karikues EV, ashensor etj<\/p>\n\n\n\n<p>P\u00ebrputhet me standardin: IEC\/EN61008-1, IEC\/EN62423<\/p>\n\n\n\n<p>Lloji i rrym\u00ebs s\u00eb mbetur t\u00eb zbulimit: AC+A+ zbut\u00ebs sinjal DC +F+ me frekuenc\u00eb t\u00eb lart\u00eb (1KHz)<\/p>\n\n\n<p><strong>Specifikimi<\/strong><\/p>\n<table style=\"border-collapse: collapse; width: 467.27pt;\" border=\"0\" width=\"623\" cellspacing=\"0\" cellpadding=\"0\">\n<tbody>\n<tr style=\"height: 17.00pt;\">\n<td class=\"et2\" style=\"height: 17pt; width: 224.2pt; text-align: center;\" width=\"298\" height=\"22\">Tensioni nominal<\/td>\n<td class=\"et2\" style=\"width: 243.65pt; text-align: center;\" colspan=\"2\" width=\"324\">240V~1P+N,415V~3P+N<\/td>\n<\/tr>\n<tr style=\"height: 18.00pt;\">\n<td class=\"et2\" style=\"height: 18pt; width: 224.2pt; text-align: center;\" width=\"298\" height=\"24\">Rryma e vler\u00ebsuar<\/td>\n<td class=\"et2\" style=\"width: 243.65pt; text-align: center;\" colspan=\"2\" width=\"324\">16A,25A,32A,40A,63A<\/td>\n<\/tr>\n<tr style=\"height: 17.00pt;\">\n<td class=\"et2\" style=\"height: 17pt; width: 224.2pt; text-align: center;\" width=\"298\" height=\"22\">Rryma e vler\u00ebsuar e mbetur e operuar<\/td>\n<td class=\"et2\" style=\"width: 243.65pt; text-align: center;\" colspan=\"2\" width=\"324\">0,03A,0,1A,0,3A<\/td>\n<\/tr>\n<tr style=\"height: 18.00pt;\">\n<td class=\"et2\" style=\"height: 18pt; width: 224.2pt; text-align: center;\" width=\"298\" height=\"24\">polak\u00ebt<\/td>\n<td class=\"et4\" style=\"width: 243.65pt; border-right: 0.5pt solid #000000; text-align: center;\" colspan=\"2\" width=\"324\">1P+N,3P+N<\/td>\n<\/tr>\n<tr style=\"height: 34.00pt;\">\n<td class=\"et2\" style=\"height: 34pt; width: 224.2pt; text-align: center;\" width=\"298\" height=\"45\">Lloji i rrym\u00ebs s\u00eb mbetur<\/td>\n<td class=\"et2\" style=\"width: 243.65pt; text-align: center;\" colspan=\"2\" width=\"324\">Lloji B (AC+A+ zbut\u00ebs sinjal DC +F+ me frekuenc\u00eb t\u00eb lart\u00eb 1KHz)<\/td>\n<\/tr>\n<tr style=\"height: 18.00pt;\">\n<td class=\"et2\" style=\"height: 18pt; width: 224.2pt; text-align: center;\" width=\"298\" height=\"24\">Rryma e vler\u00ebsuar e kufizuar e qarkut t\u00eb shkurt\u00ebr<\/td>\n<td class=\"et2\" style=\"width: 243.65pt; text-align: center;\" colspan=\"2\" width=\"324\">10000A<\/td>\n<\/tr>\n<tr style=\"height: 17.00pt;\">\n<td class=\"et2\" style=\"height: 17pt; width: 224.2pt; text-align: center;\" width=\"298\" height=\"22\">Kapaciteti i vler\u00ebsuar i b\u00ebrjes dhe i thyerjes<\/td>\n<td class=\"et2\" style=\"width: 243.65pt; text-align: center;\" colspan=\"2\" width=\"324\">1000 A<\/td>\n<\/tr>\n<tr style=\"height: 18.00pt;\">\n<td class=\"et2\" style=\"height: 18pt; width: 224.2pt; text-align: center;\" width=\"298\" height=\"24\">Vler\u00ebsuar p\u00ebr prodhimin dhe thyerjen e mbetur n\u00eb m\u00ebnyr\u00eb t\u00eb kapacitetit<\/td>\n<td class=\"et2\" style=\"width: 243.65pt; text-align: center;\" colspan=\"2\" width=\"324\">1000 A<\/td>\n<\/tr>\n<tr style=\"height: 17.00pt;\">\n<td class=\"et2\" style=\"height: 17pt; width: 224.2pt; text-align: center;\" width=\"298\" height=\"22\">Tensioni i vler\u00ebsuar i izolimit<\/td>\n<td class=\"et2\" style=\"width: 243.65pt; text-align: center;\" colspan=\"2\" width=\"324\">1P+N:250V 3P +N:500V<\/td>\n<\/tr>\n<tr style=\"height: 18.00pt;\">\n<td class=\"et2\" style=\"height: 18pt; width: 224.2pt; text-align: center;\" width=\"298\" height=\"24\">Impulsi i vler\u00ebsuar i p\u00ebrballon tensionit<\/td>\n<td class=\"et2\" style=\"width: 243.65pt; text-align: center;\" colspan=\"2\" width=\"324\">4000 V<\/td>\n<\/tr>\n<tr style=\"height: 17.00pt;\">\n<td class=\"et2\" style=\"height: 17pt; width: 224.2pt; text-align: center;\" width=\"298\" height=\"22\">Jeta elektrike<\/td>\n<td class=\"et2\" style=\"width: 243.65pt; text-align: center;\" colspan=\"2\" width=\"324\">2000 her\u00eb<\/td>\n<\/tr>\n<tr style=\"height: 17.00pt;\">\n<td class=\"et2\" style=\"height: 17pt; width: 224.2pt; text-align: center;\" width=\"298\" height=\"22\">Jeta mekanike<\/td>\n<td class=\"et2\" style=\"width: 243.65pt; text-align: center;\" colspan=\"2\" width=\"324\">10000 her\u00eb<\/td>\n<\/tr>\n<tr style=\"height: 18.00pt;\">\n<td class=\"et2\" style=\"height: 18pt; width: 224.2pt; text-align: center;\" width=\"298\" height=\"24\">Temperatura e ambientit t\u00eb operuar<\/td>\n<td class=\"et2\" style=\"width: 243.65pt; text-align: center;\" colspan=\"2\" width=\"324\">-25 ~ + 40 \u2103<\/td>\n<\/tr>\n<tr style=\"height: 17.00pt;\">\n<td class=\"et2\" style=\"height: 17pt; width: 224.2pt; text-align: center;\" width=\"298\" height=\"22\">Temperatura e ambientit t\u00eb ruajtur<\/td>\n<td class=\"et2\" style=\"width: 243.65pt; text-align: center;\" colspan=\"2\" width=\"324\">-25 ~ + 70 \u2103<\/td>\n<\/tr>\n<tr style=\"height: 18.00pt;\">\n<td class=\"et2\" style=\"height: 18pt; width: 224.2pt; text-align: center;\" width=\"298\" height=\"24\">\u00c7ift rrotullues shtr\u00ebngues<\/td>\n<td class=\"et4\" style=\"width: 243.65pt; border-right: 0.5pt solid #000000; text-align: center;\" colspan=\"2\" width=\"324\">3 N.m<\/td>\n<\/tr>\n<tr style=\"height: 17.00pt;\">\n<td class=\"et2\" style=\"height: 17pt; width: 224.2pt; text-align: center;\" width=\"298\" height=\"22\">Kapaciteti i lidhjes<\/td>\n<td class=\"et4\" style=\"width: 243.65pt; border-right: 0.5pt solid #000000; text-align: center;\" colspan=\"2\" width=\"324\">16 mm\u00b2<\/td>\n<\/tr>\n<tr style=\"height: 18.00pt;\">\n<td class=\"et2\" style=\"height: 18pt; width: 224.2pt; text-align: center;\" width=\"298\" height=\"24\">Ndotja Ievel<\/td>\n<td class=\"et2\" style=\"width: 243.65pt; text-align: center;\" colspan=\"2\" width=\"324\">2<\/td>\n<\/tr>\n<tr style=\"height: 17.00pt;\">\n<td class=\"et2\" style=\"height: 17pt; width: 224.2pt; text-align: center;\" width=\"298\" height=\"22\">Niveli i mbrojtjes<\/td>\n<td class=\"et2\" style=\"width: 243.65pt; text-align: center;\" colspan=\"2\" width=\"324\">IP20<\/td>\n<\/tr>\n<\/tbody>\n<\/table>\n<p><strong>Dimensionet<\/strong><\/p>\n<p>\u00a0<\/p>\n\n\n<figure class=\"wp-block-image size-large is-style-default\"><img fetchpriority=\"high\" decoding=\"async\" width=\"1024\" height=\"467\" src=\"https:\/\/www.tosunlux.eu\/wp-content\/uploads\/2022\/06\/dimensions-big-1-1024x467.jpg\" alt=\"\" class=\"wp-image-3543\" srcset=\"https:\/\/www.tosunlux.eu\/wp-content\/uploads\/2022\/06\/dimensions-big-1-1024x467.jpg 1024w, https:\/\/www.tosunlux.eu\/wp-content\/uploads\/2022\/06\/dimensions-big-1-300x137.jpg 300w, https:\/\/www.tosunlux.eu\/wp-content\/uploads\/2022\/06\/dimensions-big-1-768x350.jpg 768w, https:\/\/www.tosunlux.eu\/wp-content\/uploads\/2022\/06\/dimensions-big-1.jpg 1242w\" sizes=\"(max-width: 1024px) 100vw, 1024px\" \/><\/figure>","protected":false},"parent":0,"template":"","product_category":[37,118],"class_list":["post-3526","product","type-product","status-publish","hentry","product_category-new-energy-instruments","product_category-dc-circuit-breaker"],"yoast_head":"<!-- This site is optimized with the Yoast SEO plugin v27.5 - https:\/\/yoast.com\/product\/yoast-seo-wordpress\/ -->\n<title>WholesaleDC Residual Current Circuit Breaker - TOSUNlux Official Site - Electrical Circuit Breaker Manufacturer in China Low Voltage Electrical Supplier | TOSUNlux<\/title>\n<meta name=\"description\" content=\"DC Residual Current Circuit Breaker Supplier - Wholesale direct from TOSUNlux, a trusted manufacturer since 1994. Get your B2B factory quote on our certified Low Voltage electrical products.\" \/>\n<meta name=\"robots\" content=\"index, follow, max-snippet:-1, max-image-preview:large, max-video-preview:-1\" \/>\n<link rel=\"canonical\" href=\"https:\/\/www.tosunlux.eu\/sq\/products\/dc-residual-current-circuit-breaker\/\" \/>\n<meta property=\"og:locale\" content=\"sq_AL\" \/>\n<meta property=\"og:type\" content=\"article\" \/>\n<meta property=\"og:title\" content=\"WholesaleDC Residual Current Circuit Breaker - TOSUNlux Official Site - Electrical Circuit Breaker Manufacturer in China Low Voltage Electrical Supplier | TOSUNlux\" \/>\n<meta property=\"og:description\" content=\"DC Residual Current Circuit Breaker Supplier - Wholesale direct from TOSUNlux, a trusted manufacturer since 1994. Get your B2B factory quote on our certified Low Voltage electrical products.\" \/>\n<meta property=\"og:url\" content=\"https:\/\/www.tosunlux.eu\/sq\/products\/dc-residual-current-circuit-breaker\/\" \/>\n<meta property=\"og:site_name\" content=\"TOSUNlux Official Site - Electrical Circuit Breaker Manufacturer in China\" \/>\n<meta property=\"article:publisher\" content=\"https:\/\/www.facebook.com\/TOSUNelectric\/\" \/>\n<meta property=\"article:modified_time\" content=\"2025-04-04T17:27:20+00:00\" \/>\n<meta property=\"og:image\" content=\"https:\/\/www.tosunlux.eu\/wp-content\/uploads\/2022\/06\/dimensions-big-1-1024x467.jpg\" \/>\n<meta name=\"twitter:card\" content=\"summary_large_image\" \/>\n<meta name=\"twitter:label1\" content=\"Est. reading time\" \/>\n\t<meta name=\"twitter:data1\" content=\"2 minuta\" \/>\n<script type=\"application\/ld+json\" class=\"yoast-schema-graph\">{\"@context\":\"https:\\\/\\\/schema.org\",\"@graph\":[{\"@type\":\"WebPage\",\"@id\":\"https:\\\/\\\/www.tosunlux.eu\\\/el\\\/products\\\/dc-residual-current-circuit-breaker\\\/\",\"url\":\"https:\\\/\\\/www.tosunlux.eu\\\/el\\\/products\\\/dc-residual-current-circuit-breaker\\\/\",\"name\":\"WholesaleDC Residual Current Circuit Breaker - TOSUNlux Official Site - Electrical Circuit Breaker Manufacturer in China Low Voltage Electrical Supplier | TOSUNlux\",\"isPartOf\":{\"@id\":\"https:\\\/\\\/www.tosunlux.eu\\\/ru\\\/#website\"},\"primaryImageOfPage\":{\"@id\":\"https:\\\/\\\/www.tosunlux.eu\\\/el\\\/products\\\/dc-residual-current-circuit-breaker\\\/#primaryimage\"},\"image\":{\"@id\":\"https:\\\/\\\/www.tosunlux.eu\\\/el\\\/products\\\/dc-residual-current-circuit-breaker\\\/#primaryimage\"},\"thumbnailUrl\":\"https:\\\/\\\/www.tosunlux.eu\\\/wp-content\\\/uploads\\\/2022\\\/06\\\/dimensions-big-1-1024x467.jpg\",\"datePublished\":\"2022-06-09T05:26:18+00:00\",\"dateModified\":\"2025-04-04T17:27:20+00:00\",\"description\":\"DC Residual Current Circuit Breaker Supplier - Wholesale direct from TOSUNlux, a trusted manufacturer since 1994. Get your B2B factory quote on our certified Low Voltage electrical products.\",\"breadcrumb\":{\"@id\":\"https:\\\/\\\/www.tosunlux.eu\\\/el\\\/products\\\/dc-residual-current-circuit-breaker\\\/#breadcrumb\"},\"inLanguage\":\"sq\",\"potentialAction\":[{\"@type\":\"ReadAction\",\"target\":[\"https:\\\/\\\/www.tosunlux.eu\\\/el\\\/products\\\/dc-residual-current-circuit-breaker\\\/\"]}]},{\"@type\":\"ImageObject\",\"inLanguage\":\"sq\",\"@id\":\"https:\\\/\\\/www.tosunlux.eu\\\/el\\\/products\\\/dc-residual-current-circuit-breaker\\\/#primaryimage\",\"url\":\"https:\\\/\\\/www.tosunlux.eu\\\/wp-content\\\/uploads\\\/2022\\\/06\\\/dimensions-big-1-1024x467.jpg\",\"contentUrl\":\"https:\\\/\\\/www.tosunlux.eu\\\/wp-content\\\/uploads\\\/2022\\\/06\\\/dimensions-big-1-1024x467.jpg\"},{\"@type\":\"BreadcrumbList\",\"@id\":\"https:\\\/\\\/www.tosunlux.eu\\\/el\\\/products\\\/dc-residual-current-circuit-breaker\\\/#breadcrumb\",\"itemListElement\":[{\"@type\":\"ListItem\",\"position\":1,\"name\":\"Home\",\"item\":\"https:\\\/\\\/www.tosunlux.eu\\\/ru\\\/\"},{\"@type\":\"ListItem\",\"position\":2,\"name\":\"Products\",\"item\":\"https:\\\/\\\/www.tosunlux.eu\\\/products\\\/\"},{\"@type\":\"ListItem\",\"position\":3,\"name\":\"DC Residual Current Circuit Breaker\"}]},{\"@type\":\"WebSite\",\"@id\":\"https:\\\/\\\/www.tosunlux.eu\\\/ru\\\/#website\",\"url\":\"https:\\\/\\\/www.tosunlux.eu\\\/ru\\\/\",\"name\":\"TOSUNlux Official Site - Electrical Circuit Breaker Manufacturer in China\",\"description\":\"Power Distribution System Supplier\",\"publisher\":{\"@id\":\"https:\\\/\\\/www.tosunlux.eu\\\/ru\\\/#organization\"},\"alternateName\":\"TOSUNlux\",\"potentialAction\":[{\"@type\":\"SearchAction\",\"target\":{\"@type\":\"EntryPoint\",\"urlTemplate\":\"https:\\\/\\\/www.tosunlux.eu\\\/ru\\\/?s={search_term_string}\"},\"query-input\":{\"@type\":\"PropertyValueSpecification\",\"valueRequired\":true,\"valueName\":\"search_term_string\"}}],\"inLanguage\":\"sq\"},{\"@type\":\"Organization\",\"@id\":\"https:\\\/\\\/www.tosunlux.eu\\\/ru\\\/#organization\",\"name\":\"TOSUNlux\",\"url\":\"https:\\\/\\\/www.tosunlux.eu\\\/ru\\\/\",\"logo\":{\"@type\":\"ImageObject\",\"inLanguage\":\"sq\",\"@id\":\"https:\\\/\\\/www.tosunlux.eu\\\/ru\\\/#\\\/schema\\\/logo\\\/image\\\/\",\"url\":\"https:\\\/\\\/www.tosunlux.eu\\\/wp-content\\\/uploads\\\/2022\\\/01\\\/LOGOSYSM.71762f1.png\",\"contentUrl\":\"https:\\\/\\\/www.tosunlux.eu\\\/wp-content\\\/uploads\\\/2022\\\/01\\\/LOGOSYSM.71762f1.png\",\"width\":153,\"height\":55,\"caption\":\"TOSUNlux\"},\"image\":{\"@id\":\"https:\\\/\\\/www.tosunlux.eu\\\/ru\\\/#\\\/schema\\\/logo\\\/image\\\/\"},\"sameAs\":[\"https:\\\/\\\/www.facebook.com\\\/TOSUNelectric\\\/\",\"https:\\\/\\\/www.linkedin.com\\\/company\\\/wenzhou-tosun-electric-co.-ltd\\\/\"]}]}<\/script>\n<!-- \/ Yoast SEO plugin. -->","yoast_head_json":{"title":"Nd\u00ebrprer\u00ebs qarku me rrym\u00eb t\u00eb mbetur DC me shumic\u00eb - Faqja zyrtare e TOSUNlux - Prodhues nd\u00ebrprer\u00ebsish elektrik\u00eb n\u00eb Kin\u00eb, furnizues elektrik me tension t\u00eb ul\u00ebt | TOSUNlux","description":"Furnizues i Nd\u00ebrprer\u00ebsve t\u00eb Qarkut me Rrym\u00eb Mbet\u00ebse DC - Shitje me shumic\u00eb direkt nga TOSUNlux, nj\u00eb prodhues i besuar q\u00eb nga viti 1994. Merrni ofert\u00ebn tuaj B2B t\u00eb fabrik\u00ebs p\u00ebr produktet tona t\u00eb certifikuara elektrike me Tension t\u00eb Ul\u00ebt.","robots":{"index":"index","follow":"follow","max-snippet":"max-snippet:-1","max-image-preview":"max-image-preview:large","max-video-preview":"max-video-preview:-1"},"canonical":"https:\/\/www.tosunlux.eu\/sq\/products\/dc-residual-current-circuit-breaker\/","og_locale":"sq_AL","og_type":"article","og_title":"WholesaleDC Residual Current Circuit Breaker - TOSUNlux Official Site - Electrical Circuit Breaker Manufacturer in China Low Voltage Electrical Supplier | TOSUNlux","og_description":"DC Residual Current Circuit Breaker Supplier - Wholesale direct from TOSUNlux, a trusted manufacturer since 1994. Get your B2B factory quote on our certified Low Voltage electrical products.","og_url":"https:\/\/www.tosunlux.eu\/sq\/products\/dc-residual-current-circuit-breaker\/","og_site_name":"TOSUNlux Official Site - Electrical Circuit Breaker Manufacturer in China","article_publisher":"https:\/\/www.facebook.com\/TOSUNelectric\/","article_modified_time":"2025-04-04T17:27:20+00:00","og_image":[{"url":"https:\/\/www.tosunlux.eu\/wp-content\/uploads\/2022\/06\/dimensions-big-1-1024x467.jpg","type":"","width":"","height":""}],"twitter_card":"summary_large_image","twitter_misc":{"Est. reading time":"2 minuta"},"schema":{"@context":"https:\/\/schema.org","@graph":[{"@type":"WebPage","@id":"https:\/\/www.tosunlux.eu\/el\/products\/dc-residual-current-circuit-breaker\/","url":"https:\/\/www.tosunlux.eu\/el\/products\/dc-residual-current-circuit-breaker\/","name":"Nd\u00ebrprer\u00ebs qarku me rrym\u00eb t\u00eb mbetur DC me shumic\u00eb - Faqja zyrtare e TOSUNlux - Prodhues nd\u00ebrprer\u00ebsish elektrik\u00eb n\u00eb Kin\u00eb, furnizues elektrik me tension t\u00eb ul\u00ebt | TOSUNlux","isPartOf":{"@id":"https:\/\/www.tosunlux.eu\/ru\/#website"},"primaryImageOfPage":{"@id":"https:\/\/www.tosunlux.eu\/el\/products\/dc-residual-current-circuit-breaker\/#primaryimage"},"image":{"@id":"https:\/\/www.tosunlux.eu\/el\/products\/dc-residual-current-circuit-breaker\/#primaryimage"},"thumbnailUrl":"https:\/\/www.tosunlux.eu\/wp-content\/uploads\/2022\/06\/dimensions-big-1-1024x467.jpg","datePublished":"2022-06-09T05:26:18+00:00","dateModified":"2025-04-04T17:27:20+00:00","description":"Furnizues i Nd\u00ebrprer\u00ebsve t\u00eb Qarkut me Rrym\u00eb Mbet\u00ebse DC - Shitje me shumic\u00eb direkt nga TOSUNlux, nj\u00eb prodhues i besuar q\u00eb nga viti 1994. Merrni ofert\u00ebn tuaj B2B t\u00eb fabrik\u00ebs p\u00ebr produktet tona t\u00eb certifikuara elektrike me Tension t\u00eb Ul\u00ebt.","breadcrumb":{"@id":"https:\/\/www.tosunlux.eu\/el\/products\/dc-residual-current-circuit-breaker\/#breadcrumb"},"inLanguage":"sq","potentialAction":[{"@type":"ReadAction","target":["https:\/\/www.tosunlux.eu\/el\/products\/dc-residual-current-circuit-breaker\/"]}]},{"@type":"ImageObject","inLanguage":"sq","@id":"https:\/\/www.tosunlux.eu\/el\/products\/dc-residual-current-circuit-breaker\/#primaryimage","url":"https:\/\/www.tosunlux.eu\/wp-content\/uploads\/2022\/06\/dimensions-big-1-1024x467.jpg","contentUrl":"https:\/\/www.tosunlux.eu\/wp-content\/uploads\/2022\/06\/dimensions-big-1-1024x467.jpg"},{"@type":"BreadcrumbList","@id":"https:\/\/www.tosunlux.eu\/el\/products\/dc-residual-current-circuit-breaker\/#breadcrumb","itemListElement":[{"@type":"ListItem","position":1,"name":"Home","item":"https:\/\/www.tosunlux.eu\/ru\/"},{"@type":"ListItem","position":2,"name":"Products","item":"https:\/\/www.tosunlux.eu\/products\/"},{"@type":"ListItem","position":3,"name":"DC Residual Current Circuit Breaker"}]},{"@type":"WebSite","@id":"https:\/\/www.tosunlux.eu\/ru\/#website","url":"https:\/\/www.tosunlux.eu\/ru\/","name":"Faqja zyrtare e TOSUNlux - Prodhuesi i nd\u00ebrprer\u00ebsve t\u00eb qarkut elektrik n\u00eb Kin\u00eb","description":"Furnizuesi i Sistemit t\u00eb Shp\u00ebrndarjes s\u00eb Energjis\u00eb","publisher":{"@id":"https:\/\/www.tosunlux.eu\/ru\/#organization"},"alternateName":"TOSUNlux","potentialAction":[{"@type":"SearchAction","target":{"@type":"EntryPoint","urlTemplate":"https:\/\/www.tosunlux.eu\/ru\/?s={search_term_string}"},"query-input":{"@type":"PropertyValueSpecification","valueRequired":true,"valueName":"search_term_string"}}],"inLanguage":"sq"},{"@type":"Organization","@id":"https:\/\/www.tosunlux.eu\/ru\/#organization","name":"TOSUNlux","url":"https:\/\/www.tosunlux.eu\/ru\/","logo":{"@type":"ImageObject","inLanguage":"sq","@id":"https:\/\/www.tosunlux.eu\/ru\/#\/schema\/logo\/image\/","url":"https:\/\/www.tosunlux.eu\/wp-content\/uploads\/2022\/01\/LOGOSYSM.71762f1.png","contentUrl":"https:\/\/www.tosunlux.eu\/wp-content\/uploads\/2022\/01\/LOGOSYSM.71762f1.png","width":153,"height":55,"caption":"TOSUNlux"},"image":{"@id":"https:\/\/www.tosunlux.eu\/ru\/#\/schema\/logo\/image\/"},"sameAs":["https:\/\/www.facebook.com\/TOSUNelectric\/","https:\/\/www.linkedin.com\/company\/wenzhou-tosun-electric-co.-ltd\/"]}]}},"_links":{"self":[{"href":"https:\/\/www.tosunlux.eu\/sq\/wp-json\/wp\/v2\/product\/3526","targetHints":{"allow":["GET"]}}],"collection":[{"href":"https:\/\/www.tosunlux.eu\/sq\/wp-json\/wp\/v2\/product"}],"about":[{"href":"https:\/\/www.tosunlux.eu\/sq\/wp-json\/wp\/v2\/types\/product"}],"version-history":[{"count":1,"href":"https:\/\/www.tosunlux.eu\/sq\/wp-json\/wp\/v2\/product\/3526\/revisions"}],"predecessor-version":[{"id":13184,"href":"https:\/\/www.tosunlux.eu\/sq\/wp-json\/wp\/v2\/product\/3526\/revisions\/13184"}],"wp:attachment":[{"href":"https:\/\/www.tosunlux.eu\/sq\/wp-json\/wp\/v2\/media?parent=3526"}],"wp:term":[{"taxonomy":"product_category","embeddable":true,"href":"https:\/\/www.tosunlux.eu\/sq\/wp-json\/wp\/v2\/product_category?post=3526"}],"curies":[{"name":"wp","href":"https:\/\/api.w.org\/{rel}","templated":true}]}}