{"id":3577,"date":"2022-06-09T17:56:32","date_gmt":"2022-06-09T09:56:32","guid":{"rendered":"https:\/\/www.tosunlux.eu\/?post_type=product&#038;p=3577"},"modified":"2023-03-16T14:55:49","modified_gmt":"2023-03-16T06:55:49","slug":"solar-pv-surge-protector-3","status":"publish","type":"product","link":"https:\/\/www.tosunlux.eu\/sq\/products\/solar-pv-surge-protector-3\/","title":{"rendered":"Mbrojt\u00ebsi diellor i mbitensionit PV"},"content":{"rendered":"<p><strong>P\u00ebrshkrimi<\/strong><\/p>\n\n\n\n<p>Teknologji novatore e fikjes dhe thyerjes<br>Dizajn me priz\u00eb, nuk ka nevoj\u00eb t\u00eb nd\u00ebrpritet sistemi kur lidhet ose shk\u00ebputet nga priza.<br>Nj\u00eb modul i vet\u00ebm mund t\u00eb arrij\u00eb deri n\u00eb 40 kA (8\/20 us)<\/p>\n\n\n<p><strong>Specifikimi<\/strong><\/p>\n<table width=\"733\">\n<tbody>\n<tr>\n<td style=\"text-align: center;\" width=\"196\">Numri i shtyll\u00ebs&nbsp;<\/td>\n<td style=\"text-align: center;\" colspan=\"5\" width=\"536\">2P,3P<\/td>\n<\/tr>\n<tr>\n<td style=\"text-align: center;\" width=\"196\">Tensioni nominal PV (dc) (Uostc)<\/td>\n<td style=\"text-align: center;\" width=\"105\">500 V<\/td>\n<td style=\"text-align: center;\" width=\"105\">600 V<\/td>\n<td style=\"text-align: center;\" width=\"106\">800 V<\/td>\n<td style=\"text-align: center;\" width=\"111\">1000 V<\/td>\n<td style=\"text-align: center;\" width=\"106\">1200 V<\/td>\n<\/tr>\n<tr>\n<td style=\"text-align: center;\" width=\"196\">SPD sipas EN6 164311\/EC 61643-11<\/td>\n<td style=\"text-align: center;\" colspan=\"5\" width=\"536\">Lloji 2\/Klasa II\/T2<\/td>\n<\/tr>\n<tr>\n<td style=\"text-align: center;\" width=\"196\">Rryma nominale e shkarkimit (8\/20 us) (In)<\/td>\n<td style=\"text-align: center;\" colspan=\"5\" width=\"536\">10KA\/20KA<\/td>\n<\/tr>\n<tr>\n<td style=\"text-align: center;\" width=\"196\">Maks. Rryma e shkarkimit (8\/20 us) (Imax)<\/td>\n<td style=\"text-align: center;\" colspan=\"5\" width=\"536\">20KA\/40KA<\/td>\n<\/tr>\n<tr>\n<td style=\"text-align: center;\" width=\"196\">Niveli i mbrojtjes s\u00eb tensionit (Lart)<\/td>\n<td style=\"text-align: center;\" width=\"105\">\u22642,5 KV<\/td>\n<td style=\"text-align: center;\" width=\"105\">\u22642,5 KV<\/td>\n<td style=\"text-align: center;\" width=\"106\">\u22643.2 KV<\/td>\n<td style=\"text-align: center;\" width=\"111\">\u22644.0 KV<\/td>\n<td style=\"text-align: center;\" width=\"106\">\u22644.0 KV<\/td>\n<\/tr>\n<tr>\n<td style=\"text-align: center;\" width=\"196\">Koha e p\u00ebrgjigjes (tA)<\/td>\n<td style=\"text-align: center;\" colspan=\"5\" width=\"536\">25 s<\/td>\n<\/tr>\n<tr>\n<td style=\"text-align: center;\" width=\"196\">Gama e temperatur\u00ebs s\u00eb funksionimit (Tu)<\/td>\n<td style=\"text-align: center;\" colspan=\"5\" width=\"536\">-40\u2103\u2026\u2026+80\u2103<\/td>\n<\/tr>\n<tr>\n<td style=\"text-align: center;\" width=\"196\">Treguesi i defektit t\u00eb gjendjes s\u00eb funksionimit<\/td>\n<td style=\"text-align: center;\" colspan=\"5\" width=\"536\">E gjelb\u00ebr: normale\/ e kuqe: e pavlefshme&nbsp;<\/td>\n<\/tr>\n<tr>\n<td style=\"text-align: center;\" width=\"196\">Numri i portit t\u00eb daljes<\/td>\n<td style=\"text-align: center;\" colspan=\"5\" width=\"536\">1 \u00ebsht\u00eb n\u00eb dispozicion kur nevojitet<\/td>\n<\/tr>\n<tr>\n<td style=\"text-align: center;\" width=\"196\">Instalimi<\/td>\n<td style=\"text-align: center;\" colspan=\"5\" width=\"536\">DN hekurudhor<\/td>\n<\/tr>\n<tr>\n<td style=\"text-align: center;\" width=\"196\">Vendi i instalimit<\/td>\n<td style=\"text-align: center;\" colspan=\"5\" width=\"536\">instalimi i brendsh\u00ebm<\/td>\n<\/tr>\n<tr>\n<td style=\"text-align: center;\" width=\"196\">Shkalla e mbrojtjes<\/td>\n<td style=\"text-align: center;\" colspan=\"5\" width=\"536\">IP20<\/td>\n<\/tr>\n<\/tbody>\n<\/table>\n<p><strong>Diagrami i qarkut<\/strong><\/p>\n\n\n<figure class=\"wp-block-image size-large\"><img fetchpriority=\"high\" decoding=\"async\" width=\"1024\" height=\"348\" src=\"https:\/\/www.tosunlux.eu\/wp-content\/uploads\/2022\/06\/diagem-1024x348.jpg\" alt=\"\" class=\"wp-image-3578\" srcset=\"https:\/\/www.tosunlux.eu\/wp-content\/uploads\/2022\/06\/diagem-1024x348.jpg 1024w, https:\/\/www.tosunlux.eu\/wp-content\/uploads\/2022\/06\/diagem-300x102.jpg 300w, https:\/\/www.tosunlux.eu\/wp-content\/uploads\/2022\/06\/diagem-768x261.jpg 768w, https:\/\/www.tosunlux.eu\/wp-content\/uploads\/2022\/06\/diagem.jpg 1243w\" sizes=\"(max-width: 1024px) 100vw, 1024px\" \/><\/figure>\n\n\n\n<p><\/p>\n\n\n\n<p><strong>Dimensionet<\/strong><\/p>\n\n\n\n<figure class=\"wp-block-image size-large\"><img decoding=\"async\" width=\"1024\" height=\"382\" src=\"https:\/\/www.tosunlux.eu\/wp-content\/uploads\/2022\/06\/dimensions-3-1024x382.jpg\" alt=\"\" class=\"wp-image-3579\" srcset=\"https:\/\/www.tosunlux.eu\/wp-content\/uploads\/2022\/06\/dimensions-3-1024x382.jpg 1024w, https:\/\/www.tosunlux.eu\/wp-content\/uploads\/2022\/06\/dimensions-3-300x112.jpg 300w, https:\/\/www.tosunlux.eu\/wp-content\/uploads\/2022\/06\/dimensions-3-768x287.jpg 768w, https:\/\/www.tosunlux.eu\/wp-content\/uploads\/2022\/06\/dimensions-3.jpg 1270w\" sizes=\"(max-width: 1024px) 100vw, 1024px\" \/><\/figure>\n\n\n\n<figure class=\"wp-block-image size-large is-resized\"><img decoding=\"async\" src=\"https:\/\/www.tosunlux.eu\/wp-content\/uploads\/2023\/03\/22jpg-1-1024x348.jpg\" alt=\"\" class=\"wp-image-5483\" width=\"368\" height=\"125\" srcset=\"https:\/\/www.tosunlux.eu\/wp-content\/uploads\/2023\/03\/22jpg-1-1024x348.jpg 1024w, https:\/\/www.tosunlux.eu\/wp-content\/uploads\/2023\/03\/22jpg-1-300x102.jpg 300w, https:\/\/www.tosunlux.eu\/wp-content\/uploads\/2023\/03\/22jpg-1-768x261.jpg 768w, https:\/\/www.tosunlux.eu\/wp-content\/uploads\/2023\/03\/22jpg-1-1536x521.jpg 1536w, https:\/\/www.tosunlux.eu\/wp-content\/uploads\/2023\/03\/22jpg-1.jpg 1600w\" sizes=\"(max-width: 368px) 100vw, 368px\" \/><\/figure>","protected":false},"parent":0,"template":"","product_category":[117],"class_list":["post-3577","product","type-product","status-publish","hentry","product_category-solar-pv-surge-protector"],"yoast_head":"<!-- This site is optimized with the Yoast SEO plugin v27.5 - https:\/\/yoast.com\/product\/yoast-seo-wordpress\/ -->\n<title>WholesaleSolar PV Surge Protector - TOSUNlux Official Site - Electrical Circuit Breaker Manufacturer in China Low Voltage Electrical Supplier | TOSUNlux<\/title>\n<meta name=\"description\" content=\"Solar PV Surge Protector Supplier - Wholesale direct from TOSUNlux, a trusted manufacturer since 1994. Get your B2B factory quote on our certified Low Voltage electrical products.\" \/>\n<meta name=\"robots\" content=\"index, follow, max-snippet:-1, max-image-preview:large, max-video-preview:-1\" \/>\n<link rel=\"canonical\" href=\"https:\/\/www.tosunlux.eu\/sq\/products\/solar-pv-surge-protector-3\/\" \/>\n<meta property=\"og:locale\" content=\"sq_AL\" \/>\n<meta property=\"og:type\" content=\"article\" \/>\n<meta property=\"og:title\" content=\"WholesaleSolar PV Surge Protector - TOSUNlux Official Site - Electrical Circuit Breaker Manufacturer in China Low Voltage Electrical Supplier | TOSUNlux\" \/>\n<meta property=\"og:description\" content=\"Solar PV Surge Protector Supplier - Wholesale direct from TOSUNlux, a trusted manufacturer since 1994. Get your B2B factory quote on our certified Low Voltage electrical products.\" \/>\n<meta property=\"og:url\" content=\"https:\/\/www.tosunlux.eu\/sq\/products\/solar-pv-surge-protector-3\/\" \/>\n<meta property=\"og:site_name\" content=\"TOSUNlux Official Site - Electrical Circuit Breaker Manufacturer in China\" \/>\n<meta property=\"article:publisher\" content=\"https:\/\/www.facebook.com\/TOSUNelectric\/\" \/>\n<meta property=\"article:modified_time\" content=\"2023-03-16T06:55:49+00:00\" \/>\n<meta property=\"og:image\" content=\"https:\/\/www.tosunlux.eu\/wp-content\/uploads\/2022\/06\/diagem-1024x348.jpg\" \/>\n<meta name=\"twitter:card\" content=\"summary_large_image\" \/>\n<meta name=\"twitter:label1\" content=\"Est. reading time\" \/>\n\t<meta name=\"twitter:data1\" content=\"2 minuta\" \/>\n<script type=\"application\/ld+json\" class=\"yoast-schema-graph\">{\"@context\":\"https:\\\/\\\/schema.org\",\"@graph\":[{\"@type\":\"WebPage\",\"@id\":\"https:\\\/\\\/www.tosunlux.eu\\\/products\\\/solar-pv-surge-protector-3\\\/\",\"url\":\"https:\\\/\\\/www.tosunlux.eu\\\/products\\\/solar-pv-surge-protector-3\\\/\",\"name\":\"WholesaleSolar PV Surge Protector - TOSUNlux Official Site - Electrical Circuit Breaker Manufacturer in China Low Voltage Electrical Supplier | TOSUNlux\",\"isPartOf\":{\"@id\":\"https:\\\/\\\/www.tosunlux.eu\\\/ru\\\/#website\"},\"primaryImageOfPage\":{\"@id\":\"https:\\\/\\\/www.tosunlux.eu\\\/products\\\/solar-pv-surge-protector-3\\\/#primaryimage\"},\"image\":{\"@id\":\"https:\\\/\\\/www.tosunlux.eu\\\/products\\\/solar-pv-surge-protector-3\\\/#primaryimage\"},\"thumbnailUrl\":\"https:\\\/\\\/www.tosunlux.eu\\\/wp-content\\\/uploads\\\/2022\\\/06\\\/diagem-1024x348.jpg\",\"datePublished\":\"2022-06-09T09:56:32+00:00\",\"dateModified\":\"2023-03-16T06:55:49+00:00\",\"description\":\"Solar PV Surge Protector Supplier - Wholesale direct from TOSUNlux, a trusted manufacturer since 1994. Get your B2B factory quote on our certified Low Voltage electrical products.\",\"breadcrumb\":{\"@id\":\"https:\\\/\\\/www.tosunlux.eu\\\/products\\\/solar-pv-surge-protector-3\\\/#breadcrumb\"},\"inLanguage\":\"sq\",\"potentialAction\":[{\"@type\":\"ReadAction\",\"target\":[\"https:\\\/\\\/www.tosunlux.eu\\\/products\\\/solar-pv-surge-protector-3\\\/\"]}]},{\"@type\":\"ImageObject\",\"inLanguage\":\"sq\",\"@id\":\"https:\\\/\\\/www.tosunlux.eu\\\/products\\\/solar-pv-surge-protector-3\\\/#primaryimage\",\"url\":\"https:\\\/\\\/www.tosunlux.eu\\\/wp-content\\\/uploads\\\/2022\\\/06\\\/diagem-1024x348.jpg\",\"contentUrl\":\"https:\\\/\\\/www.tosunlux.eu\\\/wp-content\\\/uploads\\\/2022\\\/06\\\/diagem-1024x348.jpg\"},{\"@type\":\"BreadcrumbList\",\"@id\":\"https:\\\/\\\/www.tosunlux.eu\\\/products\\\/solar-pv-surge-protector-3\\\/#breadcrumb\",\"itemListElement\":[{\"@type\":\"ListItem\",\"position\":1,\"name\":\"Home\",\"item\":\"https:\\\/\\\/www.tosunlux.eu\\\/ru\\\/\"},{\"@type\":\"ListItem\",\"position\":2,\"name\":\"Products\",\"item\":\"https:\\\/\\\/www.tosunlux.eu\\\/products\\\/\"},{\"@type\":\"ListItem\",\"position\":3,\"name\":\"Solar PV Surge Protector\"}]},{\"@type\":\"WebSite\",\"@id\":\"https:\\\/\\\/www.tosunlux.eu\\\/ru\\\/#website\",\"url\":\"https:\\\/\\\/www.tosunlux.eu\\\/ru\\\/\",\"name\":\"TOSUNlux Official Site - Electrical Circuit Breaker Manufacturer in China\",\"description\":\"Power Distribution System Supplier\",\"publisher\":{\"@id\":\"https:\\\/\\\/www.tosunlux.eu\\\/ru\\\/#organization\"},\"alternateName\":\"TOSUNlux\",\"potentialAction\":[{\"@type\":\"SearchAction\",\"target\":{\"@type\":\"EntryPoint\",\"urlTemplate\":\"https:\\\/\\\/www.tosunlux.eu\\\/ru\\\/?s={search_term_string}\"},\"query-input\":{\"@type\":\"PropertyValueSpecification\",\"valueRequired\":true,\"valueName\":\"search_term_string\"}}],\"inLanguage\":\"sq\"},{\"@type\":\"Organization\",\"@id\":\"https:\\\/\\\/www.tosunlux.eu\\\/ru\\\/#organization\",\"name\":\"TOSUNlux\",\"url\":\"https:\\\/\\\/www.tosunlux.eu\\\/ru\\\/\",\"logo\":{\"@type\":\"ImageObject\",\"inLanguage\":\"sq\",\"@id\":\"https:\\\/\\\/www.tosunlux.eu\\\/ru\\\/#\\\/schema\\\/logo\\\/image\\\/\",\"url\":\"https:\\\/\\\/www.tosunlux.eu\\\/wp-content\\\/uploads\\\/2022\\\/01\\\/LOGOSYSM.71762f1.png\",\"contentUrl\":\"https:\\\/\\\/www.tosunlux.eu\\\/wp-content\\\/uploads\\\/2022\\\/01\\\/LOGOSYSM.71762f1.png\",\"width\":153,\"height\":55,\"caption\":\"TOSUNlux\"},\"image\":{\"@id\":\"https:\\\/\\\/www.tosunlux.eu\\\/ru\\\/#\\\/schema\\\/logo\\\/image\\\/\"},\"sameAs\":[\"https:\\\/\\\/www.facebook.com\\\/TOSUNelectric\\\/\",\"https:\\\/\\\/www.linkedin.com\\\/company\\\/wenzhou-tosun-electric-co.-ltd\\\/\"]}]}<\/script>\n<!-- \/ Yoast SEO plugin. -->","yoast_head_json":{"title":"Mbrojt\u00ebs me shumic\u00eb p\u00ebr mbingarkes\u00eb diellore fotovoltaike - Faqja zyrtare e TOSUNlux - Prodhues i nd\u00ebrprer\u00ebsve elektrik\u00eb n\u00eb Kin\u00eb, furnizues elektrik me tension t\u00eb ul\u00ebt | TOSUNlux","description":"Furnizues i Mbrojt\u00ebsve t\u00eb Ngadalt\u00eb t\u00eb Energjis\u00eb Diellore PV - Shitje me shumic\u00eb direkt nga TOSUNlux, nj\u00eb prodhues i besuar q\u00eb nga viti 1994. Merrni ofert\u00ebn tuaj B2B t\u00eb fabrik\u00ebs p\u00ebr produktet tona t\u00eb \u00e7ertifikuara elektrike me Tension t\u00eb Ul\u00ebt.","robots":{"index":"index","follow":"follow","max-snippet":"max-snippet:-1","max-image-preview":"max-image-preview:large","max-video-preview":"max-video-preview:-1"},"canonical":"https:\/\/www.tosunlux.eu\/sq\/products\/solar-pv-surge-protector-3\/","og_locale":"sq_AL","og_type":"article","og_title":"WholesaleSolar PV Surge Protector - TOSUNlux Official Site - Electrical Circuit Breaker Manufacturer in China Low Voltage Electrical Supplier | TOSUNlux","og_description":"Solar PV Surge Protector Supplier - Wholesale direct from TOSUNlux, a trusted manufacturer since 1994. Get your B2B factory quote on our certified Low Voltage electrical products.","og_url":"https:\/\/www.tosunlux.eu\/sq\/products\/solar-pv-surge-protector-3\/","og_site_name":"TOSUNlux Official Site - Electrical Circuit Breaker Manufacturer in China","article_publisher":"https:\/\/www.facebook.com\/TOSUNelectric\/","article_modified_time":"2023-03-16T06:55:49+00:00","og_image":[{"url":"https:\/\/www.tosunlux.eu\/wp-content\/uploads\/2022\/06\/diagem-1024x348.jpg","type":"","width":"","height":""}],"twitter_card":"summary_large_image","twitter_misc":{"Est. reading time":"2 minuta"},"schema":{"@context":"https:\/\/schema.org","@graph":[{"@type":"WebPage","@id":"https:\/\/www.tosunlux.eu\/products\/solar-pv-surge-protector-3\/","url":"https:\/\/www.tosunlux.eu\/products\/solar-pv-surge-protector-3\/","name":"Mbrojt\u00ebs me shumic\u00eb p\u00ebr mbingarkes\u00eb diellore fotovoltaike - Faqja zyrtare e TOSUNlux - Prodhues i nd\u00ebrprer\u00ebsve elektrik\u00eb n\u00eb Kin\u00eb, furnizues elektrik me tension t\u00eb ul\u00ebt | TOSUNlux","isPartOf":{"@id":"https:\/\/www.tosunlux.eu\/ru\/#website"},"primaryImageOfPage":{"@id":"https:\/\/www.tosunlux.eu\/products\/solar-pv-surge-protector-3\/#primaryimage"},"image":{"@id":"https:\/\/www.tosunlux.eu\/products\/solar-pv-surge-protector-3\/#primaryimage"},"thumbnailUrl":"https:\/\/www.tosunlux.eu\/wp-content\/uploads\/2022\/06\/diagem-1024x348.jpg","datePublished":"2022-06-09T09:56:32+00:00","dateModified":"2023-03-16T06:55:49+00:00","description":"Furnizues i Mbrojt\u00ebsve t\u00eb Ngadalt\u00eb t\u00eb Energjis\u00eb Diellore PV - Shitje me shumic\u00eb direkt nga TOSUNlux, nj\u00eb prodhues i besuar q\u00eb nga viti 1994. Merrni ofert\u00ebn tuaj B2B t\u00eb fabrik\u00ebs p\u00ebr produktet tona t\u00eb \u00e7ertifikuara elektrike me Tension t\u00eb Ul\u00ebt.","breadcrumb":{"@id":"https:\/\/www.tosunlux.eu\/products\/solar-pv-surge-protector-3\/#breadcrumb"},"inLanguage":"sq","potentialAction":[{"@type":"ReadAction","target":["https:\/\/www.tosunlux.eu\/products\/solar-pv-surge-protector-3\/"]}]},{"@type":"ImageObject","inLanguage":"sq","@id":"https:\/\/www.tosunlux.eu\/products\/solar-pv-surge-protector-3\/#primaryimage","url":"https:\/\/www.tosunlux.eu\/wp-content\/uploads\/2022\/06\/diagem-1024x348.jpg","contentUrl":"https:\/\/www.tosunlux.eu\/wp-content\/uploads\/2022\/06\/diagem-1024x348.jpg"},{"@type":"BreadcrumbList","@id":"https:\/\/www.tosunlux.eu\/products\/solar-pv-surge-protector-3\/#breadcrumb","itemListElement":[{"@type":"ListItem","position":1,"name":"Home","item":"https:\/\/www.tosunlux.eu\/ru\/"},{"@type":"ListItem","position":2,"name":"Products","item":"https:\/\/www.tosunlux.eu\/products\/"},{"@type":"ListItem","position":3,"name":"Solar PV Surge Protector"}]},{"@type":"WebSite","@id":"https:\/\/www.tosunlux.eu\/ru\/#website","url":"https:\/\/www.tosunlux.eu\/ru\/","name":"Faqja zyrtare e TOSUNlux - Prodhuesi i nd\u00ebrprer\u00ebsve t\u00eb qarkut elektrik n\u00eb Kin\u00eb","description":"Furnizuesi i Sistemit t\u00eb Shp\u00ebrndarjes s\u00eb Energjis\u00eb","publisher":{"@id":"https:\/\/www.tosunlux.eu\/ru\/#organization"},"alternateName":"TOSUNlux","potentialAction":[{"@type":"SearchAction","target":{"@type":"EntryPoint","urlTemplate":"https:\/\/www.tosunlux.eu\/ru\/?s={search_term_string}"},"query-input":{"@type":"PropertyValueSpecification","valueRequired":true,"valueName":"search_term_string"}}],"inLanguage":"sq"},{"@type":"Organization","@id":"https:\/\/www.tosunlux.eu\/ru\/#organization","name":"TOSUNlux","url":"https:\/\/www.tosunlux.eu\/ru\/","logo":{"@type":"ImageObject","inLanguage":"sq","@id":"https:\/\/www.tosunlux.eu\/ru\/#\/schema\/logo\/image\/","url":"https:\/\/www.tosunlux.eu\/wp-content\/uploads\/2022\/01\/LOGOSYSM.71762f1.png","contentUrl":"https:\/\/www.tosunlux.eu\/wp-content\/uploads\/2022\/01\/LOGOSYSM.71762f1.png","width":153,"height":55,"caption":"TOSUNlux"},"image":{"@id":"https:\/\/www.tosunlux.eu\/ru\/#\/schema\/logo\/image\/"},"sameAs":["https:\/\/www.facebook.com\/TOSUNelectric\/","https:\/\/www.linkedin.com\/company\/wenzhou-tosun-electric-co.-ltd\/"]}]}},"_links":{"self":[{"href":"https:\/\/www.tosunlux.eu\/sq\/wp-json\/wp\/v2\/product\/3577","targetHints":{"allow":["GET"]}}],"collection":[{"href":"https:\/\/www.tosunlux.eu\/sq\/wp-json\/wp\/v2\/product"}],"about":[{"href":"https:\/\/www.tosunlux.eu\/sq\/wp-json\/wp\/v2\/types\/product"}],"version-history":[{"count":0,"href":"https:\/\/www.tosunlux.eu\/sq\/wp-json\/wp\/v2\/product\/3577\/revisions"}],"wp:attachment":[{"href":"https:\/\/www.tosunlux.eu\/sq\/wp-json\/wp\/v2\/media?parent=3577"}],"wp:term":[{"taxonomy":"product_category","embeddable":true,"href":"https:\/\/www.tosunlux.eu\/sq\/wp-json\/wp\/v2\/product_category?post=3577"}],"curies":[{"name":"wp","href":"https:\/\/api.w.org\/{rel}","templated":true}]}}