{"id":3695,"date":"2022-06-11T16:18:13","date_gmt":"2022-06-11T08:18:13","guid":{"rendered":"https:\/\/www.tosunlux.eu\/?post_type=product&#038;p=3695"},"modified":"2025-06-19T16:19:32","modified_gmt":"2025-06-19T08:19:32","slug":"cbb61-fan-capacitor","status":"publish","type":"product","link":"https:\/\/www.tosunlux.eu\/sq\/products\/cbb61-fan-capacitor\/","title":{"rendered":"Kondensatori i ventilatorit CBB61"},"content":{"rendered":"<p><strong>Aplikimi<\/strong><\/p>\n\n\n\n<p>\u00b7 Asnj\u00eb struktur\u00eb mb\u00ebshtjell\u00ebse induksioni e membran\u00ebs metalike t\u00eb polipropilenit.<\/p>\n\n\n\n<p>\u00b7P\u00ebrdorni guask\u00eb plastike katrore dhe kapak t\u00eb mbyllur me izolim p\u00ebr vulosje, kapak plastik p\u00ebr vulosje ose rr\u00ebshir\u00eb p\u00ebr vulosje.<\/p>\n\n\n\n<p>\u00b7V\u00ebllim i vog\u00ebl, pesh\u00eb e leht\u00eb, humbje e ul\u00ebt, performanc\u00eb e shk\u00eblqyer vet\u00eb-sh\u00ebruese.<\/p>\n\n\n\n<p>\u00b7Terminali i saldimit t\u00eb bakrit, tela bakri i veshur me plastik\u00eb dhe tela CP jan\u00eb n\u00eb dispozicion.<\/p>\n\n\n\n<p>\u00b7Me karakteristik\u00ebn e tij t\u00eb mir\u00eb vet\u00eb-sh\u00ebruese, jet\u00ebgjat\u00ebsin\u00eb e gjat\u00eb dhe proporcionalitetin e lart\u00eb, p\u00ebrdoret gjer\u00ebsisht si start-up.<\/p>\n\n\n\n<p>\u00b7 I p\u00ebrshtatsh\u00ebm p\u00ebr ventilator elektrik, kondicioner, pomp\u00eb uji elektrik, motor elektrik etj.<\/p>\n\n\n\n<p>\u00b7 P\u00ebrdoret gjer\u00ebsisht p\u00ebr ndezjen dhe funksionimin e elektromotorit nj\u00ebfazor 50\/60Hz.<\/p>\n\n\n\n<p>\u00b7 Mund t\u00eb funksionoj\u00eb vazhdimisht n\u00eb kushte t\u00eb vler\u00ebsuara.<\/p>\n\n\n\n\n\n<p><\/p>\n\n\n\n<p><strong>Specifikimi<\/strong><\/p>\n\n\n<table style=\"border-collapse: collapse; width: 512.27pt;\" border=\"0\" width=\"683\" cellspacing=\"0\" cellpadding=\"0\">\n<tbody>\n<tr style=\"height: 24.00pt;\">\n<td class=\"et2\" style=\"height: 24.00pt; width: 268.75pt;\" width=\"358\" height=\"32\">Kapaciteti (uf)<\/td>\n<td class=\"et2\" style=\"width: 243.75pt;\" width=\"325\">1-30 uf<\/td>\n<\/tr>\n<tr style=\"height: 23.00pt;\">\n<td class=\"et2\" style=\"height: 23.00pt; width: 268.75pt;\" width=\"358\" height=\"30\">Tensioni i vler\u00ebsuar<\/td>\n<td class=\"et2\" style=\"width: 243.75pt;\" width=\"325\">200-500 VAC<\/td>\n<\/tr>\n<tr style=\"height: 22.00pt;\">\n<td class=\"et2\" style=\"height: 22.00pt; width: 268.75pt;\" width=\"358\" height=\"29\">Toleranca e kapacitetit<\/td>\n<td class=\"et2\" style=\"width: 243.75pt;\" width=\"325\">\u00b15%<\/td>\n<\/tr>\n<tr style=\"height: 25.00pt;\">\n<td class=\"et2\" style=\"height: 25.00pt; width: 268.75pt;\" width=\"358\" height=\"33\">Faktori i shp\u00ebrndarjes<\/td>\n<td class=\"et2\" style=\"width: 243.75pt;\" width=\"325\">Tan\u22640,002 (50 Hz)<\/td>\n<\/tr>\n<tr style=\"height: 22.00pt;\">\n<td class=\"et2\" style=\"height: 22.00pt; width: 268.75pt;\" width=\"358\" height=\"29\">T\u00eb p\u00ebrballoj\u00eb tensionin<\/td>\n<td class=\"et2\" style=\"width: 243.75pt;\" width=\"325\">AC\u22651,75 p\u00ebr 2 sekonda (lmax\u2264 1,3 InA)<\/td>\n<\/tr>\n<tr style=\"height: 21.00pt;\">\n<td class=\"et2\" style=\"height: 21.00pt; width: 268.75pt;\" width=\"358\" height=\"28\">Rezistenca e izolimit<\/td>\n<td class=\"et2\" style=\"width: 243.75pt;\" width=\"325\">2000 V p\u00ebr 2 s<\/td>\n<\/tr>\n<tr style=\"height: 22.00pt;\">\n<td class=\"et2\" style=\"height: 22.00pt; width: 268.75pt;\" width=\"358\" height=\"29\">Temperatura e funksionimit<\/td>\n<td class=\"et2\" style=\"width: 243.75pt;\" width=\"325\">-40\u2103~+70\u2103<\/td>\n<\/tr>\n<\/tbody>\n<\/table>\n\n\n\n\n<p><\/p>\n\n\n\n<p><strong>Dimensioni<\/strong><\/p>\n\n\n<table style=\"border-collapse: collapse; width: 546.02pt;\" border=\"0\" width=\"728\" cellspacing=\"0\" cellpadding=\"0\">\n<tbody>\n<tr style=\"height: 29.00pt;\">\n<td class=\"et2\" style=\"height: 49pt; width: 81pt; text-align: center;\" rowspan=\"2\" width=\"108\" height=\"65\">Kapaciteti<\/td>\n<td class=\"et2\" style=\"width: 231.75pt; text-align: center;\" colspan=\"3\" width=\"309\">450 VAC<\/td>\n<td class=\"et2\" style=\"width: 233.65pt; text-align: center;\" colspan=\"3\" width=\"311\">250 VAC<\/td>\n<\/tr>\n<tr style=\"height: 20.00pt;\">\n<td class=\"et2\" style=\"width: 77.25pt; text-align: center;\" width=\"103\">L<\/td>\n<td class=\"et2\" style=\"width: 77.25pt; text-align: center;\" width=\"103\">W<\/td>\n<td class=\"et2\" style=\"width: 77.25pt; text-align: center;\" width=\"103\">H<\/td>\n<td class=\"et2\" style=\"width: 77.25pt; text-align: center;\" width=\"103\">L<\/td>\n<td class=\"et2\" style=\"width: 76.3pt; text-align: center;\" width=\"101\">W<\/td>\n<td class=\"et2\" style=\"width: 80.1pt; text-align: center;\" width=\"106\">H<\/td>\n<\/tr>\n<tr style=\"height: 24.00pt;\">\n<td class=\"et2\" style=\"height: 24pt; width: 81pt; text-align: center;\" width=\"108\" height=\"32\">1uf<\/td>\n<td class=\"et2\" style=\"width: 77.25pt; text-align: center;\" width=\"103\">36<\/td>\n<td class=\"et2\" style=\"width: 77.25pt; text-align: center;\" width=\"103\">11<\/td>\n<td class=\"et2\" style=\"width: 77.25pt; text-align: center;\" width=\"103\">22<\/td>\n<td class=\"et2\" style=\"width: 77.25pt; text-align: center;\" width=\"103\">37<\/td>\n<td class=\"et2\" style=\"width: 76.3pt; text-align: center;\" width=\"101\">15<\/td>\n<td class=\"et2\" style=\"width: 80.1pt; text-align: center;\" width=\"106\">26<\/td>\n<\/tr>\n<tr style=\"height: 19.00pt;\">\n<td class=\"et2\" style=\"height: 19pt; width: 81pt; text-align: center;\" width=\"108\" height=\"25\">1.5 uf<\/td>\n<td class=\"et2\" style=\"width: 77.25pt; text-align: center;\" width=\"103\">38<\/td>\n<td class=\"et2\" style=\"width: 77.25pt; text-align: center;\" width=\"103\">13.5<\/td>\n<td class=\"et2\" style=\"width: 77.25pt; text-align: center;\" width=\"103\">24<\/td>\n<td class=\"et2\" style=\"width: 77.25pt; text-align: center;\" width=\"103\">37<\/td>\n<td class=\"et2\" style=\"width: 76.3pt; text-align: center;\" width=\"101\">15<\/td>\n<td class=\"et2\" style=\"width: 80.1pt; text-align: center;\" width=\"106\">26<\/td>\n<\/tr>\n<tr style=\"height: 20.00pt;\">\n<td class=\"et2\" style=\"height: 20pt; width: 81pt; text-align: center;\" width=\"108\" height=\"26\">2uf<\/td>\n<td class=\"et2\" style=\"width: 77.25pt; text-align: center;\" width=\"103\">38<\/td>\n<td class=\"et2\" style=\"width: 77.25pt; text-align: center;\" width=\"103\">15<\/td>\n<td class=\"et2\" style=\"width: 77.25pt; text-align: center;\" width=\"103\">25<\/td>\n<td class=\"et2\" style=\"width: 77.25pt; text-align: center;\" width=\"103\">38<\/td>\n<td class=\"et2\" style=\"width: 76.3pt; text-align: center;\" width=\"101\">15<\/td>\n<td class=\"et2\" style=\"width: 80.1pt; text-align: center;\" width=\"106\">26<\/td>\n<\/tr>\n<tr style=\"height: 19.00pt;\">\n<td class=\"et2\" style=\"height: 19pt; width: 81pt; text-align: center;\" width=\"108\" height=\"25\">3uf<\/td>\n<td class=\"et2\" style=\"width: 77.25pt; text-align: center;\" width=\"103\">38<\/td>\n<td class=\"et2\" style=\"width: 77.25pt; text-align: center;\" width=\"103\">15<\/td>\n<td class=\"et2\" style=\"width: 77.25pt; text-align: center;\" width=\"103\">25<\/td>\n<td class=\"et2\" style=\"width: 77.25pt; text-align: center;\" width=\"103\">37<\/td>\n<td class=\"et2\" style=\"width: 76.3pt; text-align: center;\" width=\"101\">15<\/td>\n<td class=\"et2\" style=\"width: 80.1pt; text-align: center;\" width=\"106\">30<\/td>\n<\/tr>\n<tr style=\"height: 20.00pt;\">\n<td class=\"et2\" style=\"height: 20pt; width: 81pt; text-align: center;\" width=\"108\" height=\"26\">5uf<\/td>\n<td class=\"et2\" style=\"width: 77.25pt; text-align: center;\" width=\"103\">47<\/td>\n<td class=\"et2\" style=\"width: 77.25pt; text-align: center;\" width=\"103\">20.5<\/td>\n<td class=\"et2\" style=\"width: 77.25pt; text-align: center;\" width=\"103\">33<\/td>\n<td class=\"et2\" style=\"width: 77.25pt; text-align: center;\" width=\"103\">37<\/td>\n<td class=\"et2\" style=\"width: 76.3pt; text-align: center;\" width=\"101\">16<\/td>\n<td class=\"et2\" style=\"width: 80.1pt; text-align: center;\" width=\"106\">30<\/td>\n<\/tr>\n<tr style=\"height: 20.00pt;\">\n<td class=\"et2\" style=\"height: 20pt; width: 81pt; text-align: center;\" width=\"108\" height=\"26\">8uf<\/td>\n<td class=\"et2\" style=\"width: 77.25pt; text-align: center;\" width=\"103\">48<\/td>\n<td class=\"et2\" style=\"width: 77.25pt; text-align: center;\" width=\"103\">22<\/td>\n<td class=\"et2\" style=\"width: 77.25pt; text-align: center;\" width=\"103\">35<\/td>\n<td class=\"et2\" style=\"width: 77.25pt; text-align: center;\" width=\"103\">47<\/td>\n<td class=\"et2\" style=\"width: 76.3pt; text-align: center;\" width=\"101\">17<\/td>\n<td class=\"et2\" style=\"width: 80.1pt; text-align: center;\" width=\"106\">32<\/td>\n<\/tr>\n<tr style=\"height: 19.00pt;\">\n<td class=\"et2\" style=\"height: 19pt; width: 81pt; text-align: center;\" width=\"108\" height=\"25\">10uf<\/td>\n<td class=\"et2\" style=\"width: 77.25pt; text-align: center;\" width=\"103\">47<\/td>\n<td class=\"et2\" style=\"width: 77.25pt; text-align: center;\" width=\"103\">23<\/td>\n<td class=\"et2\" style=\"width: 77.25pt; text-align: center;\" width=\"103\">35<\/td>\n<td class=\"et2\" style=\"width: 77.25pt; text-align: center;\" width=\"103\">47<\/td>\n<td class=\"et2\" style=\"width: 76.3pt; text-align: center;\" width=\"101\">17<\/td>\n<td class=\"et2\" style=\"width: 80.1pt; text-align: center;\" width=\"106\">33<\/td>\n<\/tr>\n<tr style=\"height: 19.00pt;\">\n<td class=\"et2\" style=\"height: 19pt; width: 81pt; text-align: center;\" width=\"108\" height=\"25\">12uf<\/td>\n<td class=\"et2\" style=\"width: 77.25pt; text-align: center;\" width=\"103\">58<\/td>\n<td class=\"et2\" style=\"width: 77.25pt; text-align: center;\" width=\"103\">25<\/td>\n<td class=\"et2\" style=\"width: 77.25pt; text-align: center;\" width=\"103\">38<\/td>\n<td class=\"et2\" style=\"width: 77.25pt; text-align: center;\" width=\"103\">47<\/td>\n<td class=\"et2\" style=\"width: 76.3pt; text-align: center;\" width=\"101\">23<\/td>\n<td class=\"et2\" style=\"width: 80.1pt; text-align: center;\" width=\"106\">35<\/td>\n<\/tr>\n<tr style=\"height: 20.00pt;\">\n<td class=\"et2\" style=\"height: 20pt; width: 81pt; text-align: center;\" width=\"108\" height=\"26\">15uf<\/td>\n<td class=\"et2\" style=\"width: 77.25pt; text-align: center;\" width=\"103\">59<\/td>\n<td class=\"et2\" style=\"width: 77.25pt; text-align: center;\" width=\"103\">28<\/td>\n<td class=\"et2\" style=\"width: 77.25pt; text-align: center;\" width=\"103\">40<\/td>\n<td class=\"et2\" style=\"width: 77.25pt; text-align: center;\" width=\"103\">47<\/td>\n<td class=\"et2\" style=\"width: 76.3pt; text-align: center;\" width=\"101\">23<\/td>\n<td class=\"et2\" style=\"width: 80.1pt; text-align: center;\" width=\"106\">35<\/td>\n<\/tr>\n<tr style=\"height: 19.00pt;\">\n<td class=\"et2\" style=\"height: 19pt; width: 81pt; text-align: center;\" width=\"108\" height=\"25\">18uf<\/td>\n<td class=\"et2\" style=\"width: 77.25pt; text-align: center;\" width=\"103\">59<\/td>\n<td class=\"et2\" style=\"width: 77.25pt; text-align: center;\" width=\"103\">30<\/td>\n<td class=\"et2\" style=\"width: 77.25pt; text-align: center;\" width=\"103\">40<\/td>\n<td class=\"et2\" style=\"width: 77.25pt; text-align: center;\" width=\"103\">58<\/td>\n<td class=\"et2\" style=\"width: 76.3pt; text-align: center;\" width=\"101\">24<\/td>\n<td class=\"et2\" style=\"width: 80.1pt; text-align: center;\" width=\"106\">33<\/td>\n<\/tr>\n<tr style=\"height: 20.00pt;\">\n<td class=\"et2\" style=\"height: 20pt; width: 81pt; text-align: center;\" width=\"108\" height=\"26\">20uf<\/td>\n<td class=\"et2\" style=\"width: 77.25pt; text-align: center;\" width=\"103\">59<\/td>\n<td class=\"et2\" style=\"width: 77.25pt; text-align: center;\" width=\"103\">30<\/td>\n<td class=\"et2\" style=\"width: 77.25pt; text-align: center;\" width=\"103\">40<\/td>\n<td class=\"et2\" style=\"width: 77.25pt; text-align: center;\" width=\"103\">58<\/td>\n<td class=\"et2\" style=\"width: 76.3pt; text-align: center;\" width=\"101\">26<\/td>\n<td class=\"et2\" style=\"width: 80.1pt; text-align: center;\" width=\"106\">38<\/td>\n<\/tr>\n<tr style=\"height: 19.00pt;\">\n<td class=\"et2\" style=\"height: 19pt; width: 81pt; text-align: center;\" width=\"108\" height=\"25\">25uf<\/td>\n<td class=\"et2\" style=\"width: 77.25pt; text-align: center;\" width=\"103\">\u2013<\/td>\n<td class=\"et2\" style=\"width: 77.25pt; text-align: center;\" width=\"103\">\u2013<\/td>\n<td class=\"et2\" style=\"width: 77.25pt; text-align: center;\" width=\"103\">\u2013<\/td>\n<td class=\"et2\" style=\"width: 77.25pt; text-align: center;\" width=\"103\">58<\/td>\n<td class=\"et2\" style=\"width: 76.3pt; text-align: center;\" width=\"101\">26<\/td>\n<td class=\"et2\" style=\"width: 80.1pt; text-align: center;\" width=\"106\">38<\/td>\n<\/tr>\n<tr style=\"height: 20.00pt;\">\n<td class=\"et2\" style=\"height: 20pt; width: 81pt; text-align: center;\" width=\"108\" height=\"26\">30uf<\/td>\n<td class=\"et2\" style=\"width: 77.25pt; text-align: center;\" width=\"103\">\u2013<\/td>\n<td class=\"et2\" style=\"width: 77.25pt; text-align: center;\" width=\"103\">\u2013<\/td>\n<td class=\"et2\" style=\"width: 77.25pt; text-align: center;\" width=\"103\">\u2013<\/td>\n<td class=\"et2\" style=\"width: 77.25pt; text-align: center;\" width=\"103\">58<\/td>\n<td class=\"et2\" style=\"width: 76.3pt; text-align: center;\" width=\"101\">26<\/td>\n<td class=\"et2\" style=\"width: 80.1pt; text-align: center;\" width=\"106\">38<\/td>\n<\/tr>\n<\/tbody>\n<\/table>","protected":false},"parent":0,"template":"","product_category":[114],"class_list":["post-3695","product","type-product","status-publish","hentry","product_category-capacitor"],"yoast_head":"<!-- This site is optimized with the Yoast SEO plugin v27.5 - https:\/\/yoast.com\/product\/yoast-seo-wordpress\/ -->\n<title>CBB61 Fan Capacitor Manufacturer | AC Motor Start Capacitor Factory<\/title>\n<meta name=\"description\" content=\"Reliable CBB61 fan capacitor manufacturer from China, supporting OEM for AC motor and fan startups.\" \/>\n<meta name=\"robots\" content=\"index, follow, max-snippet:-1, max-image-preview:large, max-video-preview:-1\" \/>\n<link rel=\"canonical\" href=\"https:\/\/www.tosunlux.eu\/sq\/products\/cbb61-fan-capacitor\/\" \/>\n<meta property=\"og:locale\" content=\"sq_AL\" \/>\n<meta property=\"og:type\" content=\"article\" \/>\n<meta property=\"og:title\" content=\"CBB61 Fan Capacitor Manufacturer | AC Motor Start Capacitor Factory\" \/>\n<meta property=\"og:description\" content=\"Reliable CBB61 fan capacitor manufacturer from China, supporting OEM for AC motor and fan startups.\" \/>\n<meta property=\"og:url\" content=\"https:\/\/www.tosunlux.eu\/sq\/products\/cbb61-fan-capacitor\/\" \/>\n<meta property=\"og:site_name\" content=\"TOSUNlux Official Site - Electrical Circuit Breaker Manufacturer in China\" \/>\n<meta property=\"article:publisher\" content=\"https:\/\/www.facebook.com\/TOSUNelectric\/\" \/>\n<meta property=\"article:modified_time\" content=\"2025-06-19T08:19:32+00:00\" \/>\n<meta property=\"og:image\" content=\"https:\/\/www.tosunlux.eu\/wp-content\/uploads\/2023\/04\/DSC08160_\u526f\u672c.jpg\" \/>\n\t<meta property=\"og:image:width\" content=\"1500\" \/>\n\t<meta property=\"og:image:height\" content=\"940\" \/>\n\t<meta property=\"og:image:type\" content=\"image\/jpeg\" \/>\n<meta name=\"twitter:card\" content=\"summary_large_image\" \/>\n<meta name=\"twitter:label1\" content=\"Est. reading time\" \/>\n\t<meta name=\"twitter:data1\" content=\"1 minut\u00eb\" \/>\n<script type=\"application\/ld+json\" class=\"yoast-schema-graph\">{\"@context\":\"https:\\\/\\\/schema.org\",\"@graph\":[{\"@type\":\"WebPage\",\"@id\":\"https:\\\/\\\/www.tosunlux.eu\\\/es\\\/products\\\/cbb61-fan-capacitor\\\/\",\"url\":\"https:\\\/\\\/www.tosunlux.eu\\\/es\\\/products\\\/cbb61-fan-capacitor\\\/\",\"name\":\"CBB61 Fan Capacitor Manufacturer | AC Motor Start Capacitor Factory\",\"isPartOf\":{\"@id\":\"https:\\\/\\\/www.tosunlux.eu\\\/ru\\\/#website\"},\"datePublished\":\"2022-06-11T08:18:13+00:00\",\"dateModified\":\"2025-06-19T08:19:32+00:00\",\"description\":\"Reliable CBB61 fan capacitor manufacturer from China, supporting OEM for AC motor and fan startups.\",\"breadcrumb\":{\"@id\":\"https:\\\/\\\/www.tosunlux.eu\\\/es\\\/products\\\/cbb61-fan-capacitor\\\/#breadcrumb\"},\"inLanguage\":\"sq\",\"potentialAction\":[{\"@type\":\"ReadAction\",\"target\":[\"https:\\\/\\\/www.tosunlux.eu\\\/es\\\/products\\\/cbb61-fan-capacitor\\\/\"]}]},{\"@type\":\"BreadcrumbList\",\"@id\":\"https:\\\/\\\/www.tosunlux.eu\\\/es\\\/products\\\/cbb61-fan-capacitor\\\/#breadcrumb\",\"itemListElement\":[{\"@type\":\"ListItem\",\"position\":1,\"name\":\"Home\",\"item\":\"https:\\\/\\\/www.tosunlux.eu\\\/ru\\\/\"},{\"@type\":\"ListItem\",\"position\":2,\"name\":\"Products\",\"item\":\"https:\\\/\\\/www.tosunlux.eu\\\/products\\\/\"},{\"@type\":\"ListItem\",\"position\":3,\"name\":\"CBB61 Fan Capacitor\"}]},{\"@type\":\"WebSite\",\"@id\":\"https:\\\/\\\/www.tosunlux.eu\\\/ru\\\/#website\",\"url\":\"https:\\\/\\\/www.tosunlux.eu\\\/ru\\\/\",\"name\":\"TOSUNlux Official Site - Electrical Circuit Breaker Manufacturer in China\",\"description\":\"Power Distribution System Supplier\",\"publisher\":{\"@id\":\"https:\\\/\\\/www.tosunlux.eu\\\/ru\\\/#organization\"},\"alternateName\":\"TOSUNlux\",\"potentialAction\":[{\"@type\":\"SearchAction\",\"target\":{\"@type\":\"EntryPoint\",\"urlTemplate\":\"https:\\\/\\\/www.tosunlux.eu\\\/ru\\\/?s={search_term_string}\"},\"query-input\":{\"@type\":\"PropertyValueSpecification\",\"valueRequired\":true,\"valueName\":\"search_term_string\"}}],\"inLanguage\":\"sq\"},{\"@type\":\"Organization\",\"@id\":\"https:\\\/\\\/www.tosunlux.eu\\\/ru\\\/#organization\",\"name\":\"TOSUNlux\",\"url\":\"https:\\\/\\\/www.tosunlux.eu\\\/ru\\\/\",\"logo\":{\"@type\":\"ImageObject\",\"inLanguage\":\"sq\",\"@id\":\"https:\\\/\\\/www.tosunlux.eu\\\/ru\\\/#\\\/schema\\\/logo\\\/image\\\/\",\"url\":\"https:\\\/\\\/www.tosunlux.eu\\\/wp-content\\\/uploads\\\/2022\\\/01\\\/LOGOSYSM.71762f1.png\",\"contentUrl\":\"https:\\\/\\\/www.tosunlux.eu\\\/wp-content\\\/uploads\\\/2022\\\/01\\\/LOGOSYSM.71762f1.png\",\"width\":153,\"height\":55,\"caption\":\"TOSUNlux\"},\"image\":{\"@id\":\"https:\\\/\\\/www.tosunlux.eu\\\/ru\\\/#\\\/schema\\\/logo\\\/image\\\/\"},\"sameAs\":[\"https:\\\/\\\/www.facebook.com\\\/TOSUNelectric\\\/\",\"https:\\\/\\\/www.linkedin.com\\\/company\\\/wenzhou-tosun-electric-co.-ltd\\\/\"]}]}<\/script>\n<!-- \/ Yoast SEO plugin. -->","yoast_head_json":{"title":"Prodhuesi i Kondensator\u00ebve t\u00eb Ventilatorit CBB61 | Fabrika e Kondensator\u00ebve t\u00eb Nisjes s\u00eb Motorit AC","description":"Prodhues i besuesh\u00ebm i kondensator\u00ebve t\u00eb ventilator\u00ebve CBB61 nga Kina, q\u00eb mb\u00ebshtet prodhuesit origjinal\u00eb (OEM) p\u00ebr startup-et e motor\u00ebve AC dhe ventilator\u00ebve.","robots":{"index":"index","follow":"follow","max-snippet":"max-snippet:-1","max-image-preview":"max-image-preview:large","max-video-preview":"max-video-preview:-1"},"canonical":"https:\/\/www.tosunlux.eu\/sq\/products\/cbb61-fan-capacitor\/","og_locale":"sq_AL","og_type":"article","og_title":"CBB61 Fan Capacitor Manufacturer | AC Motor Start Capacitor Factory","og_description":"Reliable CBB61 fan capacitor manufacturer from China, supporting OEM for AC motor and fan startups.","og_url":"https:\/\/www.tosunlux.eu\/sq\/products\/cbb61-fan-capacitor\/","og_site_name":"TOSUNlux Official Site - Electrical Circuit Breaker Manufacturer in China","article_publisher":"https:\/\/www.facebook.com\/TOSUNelectric\/","article_modified_time":"2025-06-19T08:19:32+00:00","og_image":[{"width":1500,"height":940,"url":"https:\/\/www.tosunlux.eu\/wp-content\/uploads\/2023\/04\/DSC08160_\u526f\u672c.jpg","type":"image\/jpeg"}],"twitter_card":"summary_large_image","twitter_misc":{"Est. reading time":"1 minut\u00eb"},"schema":{"@context":"https:\/\/schema.org","@graph":[{"@type":"WebPage","@id":"https:\/\/www.tosunlux.eu\/es\/products\/cbb61-fan-capacitor\/","url":"https:\/\/www.tosunlux.eu\/es\/products\/cbb61-fan-capacitor\/","name":"Prodhuesi i Kondensator\u00ebve t\u00eb Ventilatorit CBB61 | Fabrika e Kondensator\u00ebve t\u00eb Nisjes s\u00eb Motorit AC","isPartOf":{"@id":"https:\/\/www.tosunlux.eu\/ru\/#website"},"datePublished":"2022-06-11T08:18:13+00:00","dateModified":"2025-06-19T08:19:32+00:00","description":"Prodhues i besuesh\u00ebm i kondensator\u00ebve t\u00eb ventilator\u00ebve CBB61 nga Kina, q\u00eb mb\u00ebshtet prodhuesit origjinal\u00eb (OEM) p\u00ebr startup-et e motor\u00ebve AC dhe ventilator\u00ebve.","breadcrumb":{"@id":"https:\/\/www.tosunlux.eu\/es\/products\/cbb61-fan-capacitor\/#breadcrumb"},"inLanguage":"sq","potentialAction":[{"@type":"ReadAction","target":["https:\/\/www.tosunlux.eu\/es\/products\/cbb61-fan-capacitor\/"]}]},{"@type":"BreadcrumbList","@id":"https:\/\/www.tosunlux.eu\/es\/products\/cbb61-fan-capacitor\/#breadcrumb","itemListElement":[{"@type":"ListItem","position":1,"name":"Home","item":"https:\/\/www.tosunlux.eu\/ru\/"},{"@type":"ListItem","position":2,"name":"Products","item":"https:\/\/www.tosunlux.eu\/products\/"},{"@type":"ListItem","position":3,"name":"CBB61 Fan Capacitor"}]},{"@type":"WebSite","@id":"https:\/\/www.tosunlux.eu\/ru\/#website","url":"https:\/\/www.tosunlux.eu\/ru\/","name":"Faqja zyrtare e TOSUNlux - Prodhuesi i nd\u00ebrprer\u00ebsve t\u00eb qarkut elektrik n\u00eb Kin\u00eb","description":"Furnizuesi i Sistemit t\u00eb Shp\u00ebrndarjes s\u00eb Energjis\u00eb","publisher":{"@id":"https:\/\/www.tosunlux.eu\/ru\/#organization"},"alternateName":"TOSUNlux","potentialAction":[{"@type":"SearchAction","target":{"@type":"EntryPoint","urlTemplate":"https:\/\/www.tosunlux.eu\/ru\/?s={search_term_string}"},"query-input":{"@type":"PropertyValueSpecification","valueRequired":true,"valueName":"search_term_string"}}],"inLanguage":"sq"},{"@type":"Organization","@id":"https:\/\/www.tosunlux.eu\/ru\/#organization","name":"TOSUNlux","url":"https:\/\/www.tosunlux.eu\/ru\/","logo":{"@type":"ImageObject","inLanguage":"sq","@id":"https:\/\/www.tosunlux.eu\/ru\/#\/schema\/logo\/image\/","url":"https:\/\/www.tosunlux.eu\/wp-content\/uploads\/2022\/01\/LOGOSYSM.71762f1.png","contentUrl":"https:\/\/www.tosunlux.eu\/wp-content\/uploads\/2022\/01\/LOGOSYSM.71762f1.png","width":153,"height":55,"caption":"TOSUNlux"},"image":{"@id":"https:\/\/www.tosunlux.eu\/ru\/#\/schema\/logo\/image\/"},"sameAs":["https:\/\/www.facebook.com\/TOSUNelectric\/","https:\/\/www.linkedin.com\/company\/wenzhou-tosun-electric-co.-ltd\/"]}]}},"_links":{"self":[{"href":"https:\/\/www.tosunlux.eu\/sq\/wp-json\/wp\/v2\/product\/3695","targetHints":{"allow":["GET"]}}],"collection":[{"href":"https:\/\/www.tosunlux.eu\/sq\/wp-json\/wp\/v2\/product"}],"about":[{"href":"https:\/\/www.tosunlux.eu\/sq\/wp-json\/wp\/v2\/types\/product"}],"version-history":[{"count":1,"href":"https:\/\/www.tosunlux.eu\/sq\/wp-json\/wp\/v2\/product\/3695\/revisions"}],"predecessor-version":[{"id":13844,"href":"https:\/\/www.tosunlux.eu\/sq\/wp-json\/wp\/v2\/product\/3695\/revisions\/13844"}],"wp:attachment":[{"href":"https:\/\/www.tosunlux.eu\/sq\/wp-json\/wp\/v2\/media?parent=3695"}],"wp:term":[{"taxonomy":"product_category","embeddable":true,"href":"https:\/\/www.tosunlux.eu\/sq\/wp-json\/wp\/v2\/product_category?post=3695"}],"curies":[{"name":"wp","href":"https:\/\/api.w.org\/{rel}","templated":true}]}}