{"id":3768,"date":"2022-06-13T13:08:30","date_gmt":"2022-06-13T05:08:30","guid":{"rendered":"https:\/\/www.tosunlux.eu\/?post_type=product&#038;p=3768"},"modified":"2023-03-16T13:15:03","modified_gmt":"2023-03-16T05:15:03","slug":"electrical-car-charger","status":"publish","type":"product","link":"https:\/\/www.tosunlux.eu\/sq\/products\/electrical-car-charger\/","title":{"rendered":"Karikues Elektrik Makine"},"content":{"rendered":"<figure class=\"wp-block-image size-large is-resized\"><img fetchpriority=\"high\" decoding=\"async\" src=\"https:\/\/www.tosunlux.eu\/wp-content\/uploads\/2022\/06\/\u5c01\u9762-1024x916.jpg\" alt=\"\" class=\"wp-image-3770\" width=\"734\" height=\"656\" srcset=\"https:\/\/www.tosunlux.eu\/wp-content\/uploads\/2022\/06\/\u5c01\u9762-1024x916.jpg 1024w, https:\/\/www.tosunlux.eu\/wp-content\/uploads\/2022\/06\/\u5c01\u9762-300x268.jpg 300w, https:\/\/www.tosunlux.eu\/wp-content\/uploads\/2022\/06\/\u5c01\u9762-768x687.jpg 768w, https:\/\/www.tosunlux.eu\/wp-content\/uploads\/2022\/06\/\u5c01\u9762-1536x1374.jpg 1536w, https:\/\/www.tosunlux.eu\/wp-content\/uploads\/2022\/06\/\u5c01\u9762-2048x1833.jpg 2048w\" sizes=\"(max-width: 734px) 100vw, 734px\" \/><\/figure>\n\n\n\n<p><\/p>\n\n\n\n<p><\/p>\n\n\n<p><strong>Specifikimi<\/strong><\/p>\n<table width=\"744\">\n<tbody>\n<tr>\n<td style=\"text-align: center;\" width=\"210\">Lloji&nbsp;<\/td>\n<td style=\"text-align: center;\" width=\"155\">E5T1132\/E5T2132<\/td>\n<td style=\"text-align: center;\" width=\"126\">E5T2332<\/td>\n<td style=\"text-align: center;\" width=\"127\">E5T2232<\/td>\n<td style=\"text-align: center;\" width=\"126\">E5T2432<\/td>\n<\/tr>\n<tr>\n<td style=\"text-align: center;\" width=\"210\">Fuqia AC<\/td>\n<td style=\"text-align: center;\" width=\"155\">1P+N+PE<\/td>\n<td style=\"text-align: center;\" width=\"126\">3P+N+PE<\/td>\n<td style=\"text-align: center;\" width=\"127\">1P+N+PE<\/td>\n<td style=\"text-align: center;\" width=\"126\">2P+N+PE<\/td>\n<\/tr>\n<tr>\n<td style=\"text-align: center;\" width=\"210\">Tensioni i furnizimit me energji elektrike<\/td>\n<td style=\"text-align: center;\" width=\"155\">AC230\uff5e\u00b110%<\/td>\n<td style=\"text-align: center;\" width=\"126\">AC400\uff5e\u00b110%<\/td>\n<td style=\"text-align: center;\" width=\"127\">AC230\uff5e\u00b110%<\/td>\n<td style=\"text-align: center;\" width=\"126\">AC400\uff5e\u00b110%<\/td>\n<\/tr>\n<tr>\n<td style=\"text-align: center;\" width=\"210\">Rryma e vler\u00ebsuar<\/td>\n<td style=\"text-align: center;\" colspan=\"4\" width=\"534\">10-32 A&nbsp;<\/td>\n<\/tr>\n<tr>\n<td style=\"text-align: center;\" width=\"210\">Fuqia maksimale<\/td>\n<td style=\"text-align: center;\" width=\"155\">7.4 kW<\/td>\n<td style=\"text-align: center;\" width=\"126\">22 kW<\/td>\n<td style=\"text-align: center;\" width=\"127\">7.4 kW<\/td>\n<td style=\"text-align: center;\" width=\"126\">22 kW<\/td>\n<\/tr>\n<tr>\n<td style=\"text-align: center;\" width=\"210\">Frekuenca<\/td>\n<td style=\"text-align: center;\" colspan=\"4\" width=\"534\">50-60 Hz<\/td>\n<\/tr>\n<tr>\n<td style=\"text-align: center;\" width=\"210\">Gjat\u00ebsia e kabllit<\/td>\n<td style=\"text-align: center;\" colspan=\"2\" width=\"281\">5 m<\/td>\n<td style=\"text-align: center;\" colspan=\"2\" width=\"253\">Priz\u00eb<\/td>\n<\/tr>\n<tr>\n<td style=\"text-align: center;\" width=\"210\">Priza\/priza<\/td>\n<td style=\"text-align: center;\" width=\"155\">Lloji 1\/Lloji 2<\/td>\n<td style=\"text-align: center;\" colspan=\"3\" width=\"379\">Lloji 2<\/td>\n<\/tr>\n<tr>\n<td style=\"text-align: center;\" width=\"210\">Pesha<\/td>\n<td style=\"text-align: center;\" width=\"155\">4.4 kg<\/td>\n<td style=\"text-align: center;\" width=\"126\">5.6 kg<\/td>\n<td style=\"text-align: center;\" width=\"127\">2.65 kg<\/td>\n<td style=\"text-align: center;\" width=\"126\">2.8 kg<\/td>\n<\/tr>\n<tr>\n<td style=\"text-align: center;\" width=\"210\">Nota IP<\/td>\n<td style=\"text-align: center;\" colspan=\"4\" width=\"534\">IP55<\/td>\n<\/tr>\n<tr>\n<td style=\"text-align: center;\" width=\"210\">Temperatura e pun\u00ebs<\/td>\n<td style=\"text-align: center;\" colspan=\"4\" width=\"534\">-40\u2103-+45\u2103<\/td>\n<\/tr>\n<tr>\n<td style=\"text-align: center;\" width=\"210\">M\u00ebnyra e ftohjes<\/td>\n<td style=\"text-align: center;\" colspan=\"4\" width=\"534\">ftohje natyrale<\/td>\n<\/tr>\n<tr>\n<td style=\"text-align: center;\" width=\"210\">Ngjyra e guask\u00ebs<\/td>\n<td style=\"text-align: center;\" colspan=\"4\" width=\"534\">e bardh\u00eb\/e zez\u00eb<\/td>\n<\/tr>\n<tr>\n<td style=\"text-align: center;\" width=\"210\">Flip shell<\/td>\n<td style=\"text-align: center;\" colspan=\"4\" width=\"534\">opsionale<\/td>\n<\/tr>\n<tr>\n<td style=\"text-align: center;\" width=\"210\">Funksion i ve\u00e7ant\u00eb<\/td>\n<td style=\"text-align: center;\" colspan=\"4\" width=\"534\">RCMU\/DLB\/RFID opsionale&nbsp;<\/td>\n<\/tr>\n<tr>\n<td style=\"text-align: center;\" width=\"210\">M\u00ebnyra e instalimit<\/td>\n<td style=\"text-align: center;\" colspan=\"4\" width=\"534\">mur (i parazgjedhur)\/kolona<\/td>\n<\/tr>\n<\/tbody>\n<\/table>\n\n\n<p><strong>Funksioni special<\/strong><\/p>\n\n\n\n<p>RCMU<\/p>\n\n\n\n<p>N\u00ebse rrjedhja DC ndodh gjat\u00eb procesit t\u00eb karikimit, grumbulli i karikimit do t\u00eb shk\u00ebputet, do t\u00eb rikuperohet automatikisht pas eliminimit t\u00eb defektit t\u00eb rrjedhjes pa funksionimin manual. Kontrolluesi do t\u00eb inspektoj\u00eb automatikisht RCMU-n\u00eb p\u00ebrpara \u00e7do procesi karikimi p\u00ebr t\u00eb konfirmuar gjendjen normale t\u00eb RCMU.<\/p>\n\n\n\n<p>DLB<\/p>\n\n\n\n<p>Lloji i balancimit dinamik t\u00eb ngarkes\u00ebs (DLB) \u00ebsht\u00eb projektuar p\u00ebr p\u00ebrdorim t\u00eb arsyesh\u00ebm t\u00eb energjis\u00eb elektrike sht\u00ebpiake duke lidhur nj\u00eb transformator t\u00eb jasht\u00ebm me grumbullin e karikimit. Kur v\u00ebllimi total i rrym\u00ebs i zbuluar nga transformatori tejkalon rrym\u00ebn e caktuar, grumbulli i karikimit do t\u00eb ul\u00eb gradualisht rrym\u00ebn e karikimit derisa grumbulli i karikimit t\u00eb ndaloj\u00eb s\u00eb ngarkuari. Kur rryma totale e zbuluar nga transformatori \u00ebsht\u00eb m\u00eb e vog\u00ebl se rryma e vendosur pas pikut t\u00eb konsumit t\u00eb energjis\u00eb elektrike, grumbulli i karikimit fillon automatikisht t\u00eb realizoj\u00eb balancimin dinamik duke zgjedhur rrym\u00ebn e p\u00ebrshtatshme p\u00ebr karikim. Rryma e karikimit t\u00eb grumbullit t\u00eb karikimit nuk \u00ebsht\u00eb fikse, varion nga 10A n\u00eb 32A n\u00eb baz\u00eb t\u00eb k\u00ebrkes\u00ebs aktuale, e cila nuk mund t\u00eb vendoset.<\/p>\n\n\n\n<p><strong>Dimensionet<\/strong><\/p>\n\n\n\n<figure class=\"wp-block-image size-large\"><img decoding=\"async\" width=\"1024\" height=\"394\" src=\"https:\/\/www.tosunlux.eu\/wp-content\/uploads\/2022\/06\/\u65b0\u80fd\u6e90\u76ee\u5f55-2-1024x394.jpg\" alt=\"\" class=\"wp-image-3771\" srcset=\"https:\/\/www.tosunlux.eu\/wp-content\/uploads\/2022\/06\/\u65b0\u80fd\u6e90\u76ee\u5f55-2-1024x394.jpg 1024w, https:\/\/www.tosunlux.eu\/wp-content\/uploads\/2022\/06\/\u65b0\u80fd\u6e90\u76ee\u5f55-2-300x116.jpg 300w, https:\/\/www.tosunlux.eu\/wp-content\/uploads\/2022\/06\/\u65b0\u80fd\u6e90\u76ee\u5f55-2-768x296.jpg 768w, https:\/\/www.tosunlux.eu\/wp-content\/uploads\/2022\/06\/\u65b0\u80fd\u6e90\u76ee\u5f55-2-1536x592.jpg 1536w, https:\/\/www.tosunlux.eu\/wp-content\/uploads\/2022\/06\/\u65b0\u80fd\u6e90\u76ee\u5f55-2.jpg 1781w\" sizes=\"(max-width: 1024px) 100vw, 1024px\" \/><\/figure>","protected":false},"parent":0,"template":"","product_category":[157],"class_list":["post-3768","product","type-product","status-publish","hentry","product_category-electrical-car-charge"],"yoast_head":"<!-- This site is optimized with the Yoast SEO plugin v27.5 - https:\/\/yoast.com\/product\/yoast-seo-wordpress\/ -->\n<title>WholesaleElectrical Car Charger - TOSUNlux Official Site - Electrical Circuit Breaker Manufacturer in China Low Voltage Electrical Supplier | TOSUNlux<\/title>\n<meta name=\"description\" content=\"Electrical Car Charger Supplier - Wholesale direct from TOSUNlux, a trusted manufacturer since 1994. Get your B2B factory quote on our certified Low Voltage electrical products.\" \/>\n<meta name=\"robots\" content=\"index, follow, max-snippet:-1, max-image-preview:large, max-video-preview:-1\" \/>\n<link rel=\"canonical\" href=\"https:\/\/www.tosunlux.eu\/sq\/products\/electrical-car-charger\/\" \/>\n<meta property=\"og:locale\" content=\"sq_AL\" \/>\n<meta property=\"og:type\" content=\"article\" \/>\n<meta property=\"og:title\" content=\"WholesaleElectrical Car Charger - TOSUNlux Official Site - Electrical Circuit Breaker Manufacturer in China Low Voltage Electrical Supplier | TOSUNlux\" \/>\n<meta property=\"og:description\" content=\"Electrical Car Charger Supplier - Wholesale direct from TOSUNlux, a trusted manufacturer since 1994. Get your B2B factory quote on our certified Low Voltage electrical products.\" \/>\n<meta property=\"og:url\" content=\"https:\/\/www.tosunlux.eu\/sq\/products\/electrical-car-charger\/\" \/>\n<meta property=\"og:site_name\" content=\"TOSUNlux Official Site - Electrical Circuit Breaker Manufacturer in China\" \/>\n<meta property=\"article:publisher\" content=\"https:\/\/www.facebook.com\/TOSUNelectric\/\" \/>\n<meta property=\"article:modified_time\" content=\"2023-03-16T05:15:03+00:00\" \/>\n<meta property=\"og:image\" content=\"https:\/\/www.tosunlux.eu\/wp-content\/uploads\/2023\/04\/DSC08160_\u526f\u672c.jpg\" \/>\n\t<meta property=\"og:image:width\" content=\"1500\" \/>\n\t<meta property=\"og:image:height\" content=\"940\" \/>\n\t<meta property=\"og:image:type\" content=\"image\/jpeg\" \/>\n<meta name=\"twitter:card\" content=\"summary_large_image\" \/>\n<meta name=\"twitter:label1\" content=\"Est. reading time\" \/>\n\t<meta name=\"twitter:data1\" content=\"2 minuta\" \/>\n<script type=\"application\/ld+json\" class=\"yoast-schema-graph\">{\"@context\":\"https:\\\/\\\/schema.org\",\"@graph\":[{\"@type\":\"WebPage\",\"@id\":\"https:\\\/\\\/www.tosunlux.eu\\\/id\\\/products\\\/electrical-car-charger\\\/\",\"url\":\"https:\\\/\\\/www.tosunlux.eu\\\/id\\\/products\\\/electrical-car-charger\\\/\",\"name\":\"WholesaleElectrical Car Charger - TOSUNlux Official Site - Electrical Circuit Breaker Manufacturer in China Low Voltage Electrical Supplier | TOSUNlux\",\"isPartOf\":{\"@id\":\"https:\\\/\\\/www.tosunlux.eu\\\/ru\\\/#website\"},\"datePublished\":\"2022-06-13T05:08:30+00:00\",\"dateModified\":\"2023-03-16T05:15:03+00:00\",\"description\":\"Electrical Car Charger Supplier - Wholesale direct from TOSUNlux, a trusted manufacturer since 1994. Get your B2B factory quote on our certified Low Voltage electrical products.\",\"breadcrumb\":{\"@id\":\"https:\\\/\\\/www.tosunlux.eu\\\/id\\\/products\\\/electrical-car-charger\\\/#breadcrumb\"},\"inLanguage\":\"sq\",\"potentialAction\":[{\"@type\":\"ReadAction\",\"target\":[\"https:\\\/\\\/www.tosunlux.eu\\\/id\\\/products\\\/electrical-car-charger\\\/\"]}]},{\"@type\":\"BreadcrumbList\",\"@id\":\"https:\\\/\\\/www.tosunlux.eu\\\/id\\\/products\\\/electrical-car-charger\\\/#breadcrumb\",\"itemListElement\":[{\"@type\":\"ListItem\",\"position\":1,\"name\":\"Home\",\"item\":\"https:\\\/\\\/www.tosunlux.eu\\\/ru\\\/\"},{\"@type\":\"ListItem\",\"position\":2,\"name\":\"Products\",\"item\":\"https:\\\/\\\/www.tosunlux.eu\\\/products\\\/\"},{\"@type\":\"ListItem\",\"position\":3,\"name\":\"Electrical Car Charger\"}]},{\"@type\":\"WebSite\",\"@id\":\"https:\\\/\\\/www.tosunlux.eu\\\/ru\\\/#website\",\"url\":\"https:\\\/\\\/www.tosunlux.eu\\\/ru\\\/\",\"name\":\"TOSUNlux Official Site - Electrical Circuit Breaker Manufacturer in China\",\"description\":\"Power Distribution System Supplier\",\"publisher\":{\"@id\":\"https:\\\/\\\/www.tosunlux.eu\\\/ru\\\/#organization\"},\"alternateName\":\"TOSUNlux\",\"potentialAction\":[{\"@type\":\"SearchAction\",\"target\":{\"@type\":\"EntryPoint\",\"urlTemplate\":\"https:\\\/\\\/www.tosunlux.eu\\\/ru\\\/?s={search_term_string}\"},\"query-input\":{\"@type\":\"PropertyValueSpecification\",\"valueRequired\":true,\"valueName\":\"search_term_string\"}}],\"inLanguage\":\"sq\"},{\"@type\":\"Organization\",\"@id\":\"https:\\\/\\\/www.tosunlux.eu\\\/ru\\\/#organization\",\"name\":\"TOSUNlux\",\"url\":\"https:\\\/\\\/www.tosunlux.eu\\\/ru\\\/\",\"logo\":{\"@type\":\"ImageObject\",\"inLanguage\":\"sq\",\"@id\":\"https:\\\/\\\/www.tosunlux.eu\\\/ru\\\/#\\\/schema\\\/logo\\\/image\\\/\",\"url\":\"https:\\\/\\\/www.tosunlux.eu\\\/wp-content\\\/uploads\\\/2022\\\/01\\\/LOGOSYSM.71762f1.png\",\"contentUrl\":\"https:\\\/\\\/www.tosunlux.eu\\\/wp-content\\\/uploads\\\/2022\\\/01\\\/LOGOSYSM.71762f1.png\",\"width\":153,\"height\":55,\"caption\":\"TOSUNlux\"},\"image\":{\"@id\":\"https:\\\/\\\/www.tosunlux.eu\\\/ru\\\/#\\\/schema\\\/logo\\\/image\\\/\"},\"sameAs\":[\"https:\\\/\\\/www.facebook.com\\\/TOSUNelectric\\\/\",\"https:\\\/\\\/www.linkedin.com\\\/company\\\/wenzhou-tosun-electric-co.-ltd\\\/\"]}]}<\/script>\n<!-- \/ Yoast SEO plugin. -->","yoast_head_json":{"title":"Karikues elektrik p\u00ebr makina me shumic\u00eb - Faqja zyrtare e TOSUNlux - Prodhues i nd\u00ebrprer\u00ebsve elektrik\u00eb n\u00eb Kin\u00eb, furnizues elektrik me tension t\u00eb ul\u00ebt | TOSUNlux","description":"Furnizues i Karikuesve Elektrik\u00eb p\u00ebr Makina - Shitje me shumic\u00eb direkt nga TOSUNlux, nj\u00eb prodhues i besuar q\u00eb nga viti 1994. Merrni ofert\u00ebn tuaj B2B nga fabrika p\u00ebr produktet tona t\u00eb \u00e7ertifikuara elektrike me Tension t\u00eb Ul\u00ebt.","robots":{"index":"index","follow":"follow","max-snippet":"max-snippet:-1","max-image-preview":"max-image-preview:large","max-video-preview":"max-video-preview:-1"},"canonical":"https:\/\/www.tosunlux.eu\/sq\/products\/electrical-car-charger\/","og_locale":"sq_AL","og_type":"article","og_title":"WholesaleElectrical Car Charger - TOSUNlux Official Site - Electrical Circuit Breaker Manufacturer in China Low Voltage Electrical Supplier | TOSUNlux","og_description":"Electrical Car Charger Supplier - Wholesale direct from TOSUNlux, a trusted manufacturer since 1994. Get your B2B factory quote on our certified Low Voltage electrical products.","og_url":"https:\/\/www.tosunlux.eu\/sq\/products\/electrical-car-charger\/","og_site_name":"TOSUNlux Official Site - Electrical Circuit Breaker Manufacturer in China","article_publisher":"https:\/\/www.facebook.com\/TOSUNelectric\/","article_modified_time":"2023-03-16T05:15:03+00:00","og_image":[{"width":1500,"height":940,"url":"https:\/\/www.tosunlux.eu\/wp-content\/uploads\/2023\/04\/DSC08160_\u526f\u672c.jpg","type":"image\/jpeg"}],"twitter_card":"summary_large_image","twitter_misc":{"Est. reading time":"2 minuta"},"schema":{"@context":"https:\/\/schema.org","@graph":[{"@type":"WebPage","@id":"https:\/\/www.tosunlux.eu\/id\/products\/electrical-car-charger\/","url":"https:\/\/www.tosunlux.eu\/id\/products\/electrical-car-charger\/","name":"Karikues elektrik p\u00ebr makina me shumic\u00eb - Faqja zyrtare e TOSUNlux - Prodhues i nd\u00ebrprer\u00ebsve elektrik\u00eb n\u00eb Kin\u00eb, furnizues elektrik me tension t\u00eb ul\u00ebt | TOSUNlux","isPartOf":{"@id":"https:\/\/www.tosunlux.eu\/ru\/#website"},"datePublished":"2022-06-13T05:08:30+00:00","dateModified":"2023-03-16T05:15:03+00:00","description":"Furnizues i Karikuesve Elektrik\u00eb p\u00ebr Makina - Shitje me shumic\u00eb direkt nga TOSUNlux, nj\u00eb prodhues i besuar q\u00eb nga viti 1994. Merrni ofert\u00ebn tuaj B2B nga fabrika p\u00ebr produktet tona t\u00eb \u00e7ertifikuara elektrike me Tension t\u00eb Ul\u00ebt.","breadcrumb":{"@id":"https:\/\/www.tosunlux.eu\/id\/products\/electrical-car-charger\/#breadcrumb"},"inLanguage":"sq","potentialAction":[{"@type":"ReadAction","target":["https:\/\/www.tosunlux.eu\/id\/products\/electrical-car-charger\/"]}]},{"@type":"BreadcrumbList","@id":"https:\/\/www.tosunlux.eu\/id\/products\/electrical-car-charger\/#breadcrumb","itemListElement":[{"@type":"ListItem","position":1,"name":"Home","item":"https:\/\/www.tosunlux.eu\/ru\/"},{"@type":"ListItem","position":2,"name":"Products","item":"https:\/\/www.tosunlux.eu\/products\/"},{"@type":"ListItem","position":3,"name":"Electrical Car Charger"}]},{"@type":"WebSite","@id":"https:\/\/www.tosunlux.eu\/ru\/#website","url":"https:\/\/www.tosunlux.eu\/ru\/","name":"Faqja zyrtare e TOSUNlux - Prodhuesi i nd\u00ebrprer\u00ebsve t\u00eb qarkut elektrik n\u00eb Kin\u00eb","description":"Furnizuesi i Sistemit t\u00eb Shp\u00ebrndarjes s\u00eb Energjis\u00eb","publisher":{"@id":"https:\/\/www.tosunlux.eu\/ru\/#organization"},"alternateName":"TOSUNlux","potentialAction":[{"@type":"SearchAction","target":{"@type":"EntryPoint","urlTemplate":"https:\/\/www.tosunlux.eu\/ru\/?s={search_term_string}"},"query-input":{"@type":"PropertyValueSpecification","valueRequired":true,"valueName":"search_term_string"}}],"inLanguage":"sq"},{"@type":"Organization","@id":"https:\/\/www.tosunlux.eu\/ru\/#organization","name":"TOSUNlux","url":"https:\/\/www.tosunlux.eu\/ru\/","logo":{"@type":"ImageObject","inLanguage":"sq","@id":"https:\/\/www.tosunlux.eu\/ru\/#\/schema\/logo\/image\/","url":"https:\/\/www.tosunlux.eu\/wp-content\/uploads\/2022\/01\/LOGOSYSM.71762f1.png","contentUrl":"https:\/\/www.tosunlux.eu\/wp-content\/uploads\/2022\/01\/LOGOSYSM.71762f1.png","width":153,"height":55,"caption":"TOSUNlux"},"image":{"@id":"https:\/\/www.tosunlux.eu\/ru\/#\/schema\/logo\/image\/"},"sameAs":["https:\/\/www.facebook.com\/TOSUNelectric\/","https:\/\/www.linkedin.com\/company\/wenzhou-tosun-electric-co.-ltd\/"]}]}},"_links":{"self":[{"href":"https:\/\/www.tosunlux.eu\/sq\/wp-json\/wp\/v2\/product\/3768","targetHints":{"allow":["GET"]}}],"collection":[{"href":"https:\/\/www.tosunlux.eu\/sq\/wp-json\/wp\/v2\/product"}],"about":[{"href":"https:\/\/www.tosunlux.eu\/sq\/wp-json\/wp\/v2\/types\/product"}],"version-history":[{"count":0,"href":"https:\/\/www.tosunlux.eu\/sq\/wp-json\/wp\/v2\/product\/3768\/revisions"}],"wp:attachment":[{"href":"https:\/\/www.tosunlux.eu\/sq\/wp-json\/wp\/v2\/media?parent=3768"}],"wp:term":[{"taxonomy":"product_category","embeddable":true,"href":"https:\/\/www.tosunlux.eu\/sq\/wp-json\/wp\/v2\/product_category?post=3768"}],"curies":[{"name":"wp","href":"https:\/\/api.w.org\/{rel}","templated":true}]}}