{"id":3873,"date":"2022-06-13T17:52:48","date_gmt":"2022-06-13T09:52:48","guid":{"rendered":"https:\/\/www.tosunlux.eu\/?post_type=product&#038;p=3873"},"modified":"2022-06-23T13:49:40","modified_gmt":"2022-06-23T05:49:40","slug":"humidity-proof-lightts-fc","status":"publish","type":"product","link":"https:\/\/www.tosunlux.eu\/sq\/products\/humidity-proof-lightts-fc\/","title":{"rendered":"Drit\u00eb LED q\u00eb mbron nga lag\u00ebshtia"},"content":{"rendered":"<figure class=\"wp-block-image size-full is-resized\"><img fetchpriority=\"high\" decoding=\"async\" src=\"https:\/\/www.tosunlux.eu\/wp-content\/uploads\/2022\/06\/1O8GI@ZHPUTPPY_M.png\" alt=\"\" class=\"wp-image-3913\" width=\"802\" height=\"698\" srcset=\"https:\/\/www.tosunlux.eu\/wp-content\/uploads\/2022\/06\/1O8GI@ZHPUTPPY_M.png 517w, https:\/\/www.tosunlux.eu\/wp-content\/uploads\/2022\/06\/1O8GI@ZHPUTPPY_M-300x261.png 300w\" sizes=\"(max-width: 802px) 100vw, 802px\" \/><\/figure>\n\n\n<p><strong>Specifikimi<\/strong><\/p>\n<table width=\"1083\">\n<tbody>\n<tr>\n<td style=\"text-align: center;\" width=\"164\">Model<\/td>\n<td style=\"text-align: center;\" width=\"104\">Fuqia<\/td>\n<td style=\"text-align: center;\" width=\"154\">Tensioni<\/td>\n<td style=\"text-align: center;\" width=\"133\">Lloji LED<\/td>\n<td style=\"text-align: center;\" width=\"126\">LED Sasia<\/td>\n<td style=\"text-align: center;\" width=\"154\">Madh\u00ebsia<\/td>\n<td style=\"text-align: center;\" width=\"104\">Lumen<\/td>\n<td style=\"text-align: center;\" width=\"97\">CRI<\/td>\n<td style=\"text-align: center;\" width=\"40\">IP<\/td>\n<\/tr>\n<tr>\n<td style=\"text-align: center;\" width=\"164\">TS-FCR 8W<\/td>\n<td style=\"text-align: center;\" width=\"104\">8 W<\/td>\n<td style=\"text-align: center;\" rowspan=\"5\" width=\"154\">AC170-265V<\/td>\n<td style=\"text-align: center;\" rowspan=\"5\" width=\"133\">SMD2835<\/td>\n<td style=\"text-align: center;\" width=\"126\">36 cop\u00eb<\/td>\n<td style=\"text-align: center;\" width=\"154\">\u00d8125x55mm<\/td>\n<td style=\"text-align: center;\" width=\"104\">760L.M<\/td>\n<td style=\"text-align: center;\" rowspan=\"5\" width=\"97\">&gt; 70 Ra<\/td>\n<td style=\"text-align: center;\" rowspan=\"5\" width=\"40\">IP54<\/td>\n<\/tr>\n<tr>\n<td style=\"text-align: center;\" width=\"164\">TS-FCR 12W<\/td>\n<td style=\"text-align: center;\" width=\"104\">12 W<\/td>\n<td style=\"text-align: center;\" width=\"126\">36 cop\u00eb<\/td>\n<td style=\"text-align: center;\" width=\"154\">\u00d8140x55mm<\/td>\n<td style=\"text-align: center;\" width=\"104\">1150L.M<\/td>\n<\/tr>\n<tr>\n<td style=\"text-align: center;\" width=\"164\">TS-FCR 18W<\/td>\n<td style=\"text-align: center;\" width=\"104\">18 W<\/td>\n<td style=\"text-align: center;\" width=\"126\">72 cop\u00eb<\/td>\n<td style=\"text-align: center;\" width=\"154\">\u00d8160x55mm<\/td>\n<td style=\"text-align: center;\" width=\"104\">1750L.M<\/td>\n<\/tr>\n<tr>\n<td style=\"text-align: center;\" width=\"164\">TS-FCR 20W<\/td>\n<td style=\"text-align: center;\" width=\"104\">20 W<\/td>\n<td style=\"text-align: center;\" width=\"126\">108 cop\u00eb<\/td>\n<td style=\"text-align: center;\" width=\"154\">\u00d8172x55mm<\/td>\n<td style=\"text-align: center;\" width=\"104\">1900L.M<\/td>\n<\/tr>\n<tr>\n<td style=\"text-align: center;\" width=\"164\">TS-FCR 24W<\/td>\n<td style=\"text-align: center;\" width=\"104\">24 W<\/td>\n<td style=\"text-align: center;\" width=\"126\">108 cop\u00eb<\/td>\n<td style=\"text-align: center;\" width=\"154\">\u00d8220x55mm<\/td>\n<td style=\"text-align: center;\" width=\"104\">2300L.M<\/td>\n<\/tr>\n<\/tbody>\n<\/table>\n\n\n<p> <\/p>\n\n\n<table width=\"1083\">\n<tbody>\n<tr>\n<td style=\"text-align: center;\" width=\"162\">Model<\/td>\n<td style=\"text-align: center;\" width=\"101\">Fuqia<\/td>\n<td style=\"text-align: center;\" width=\"152\">Tensioni<\/td>\n<td style=\"text-align: center;\" width=\"130\">Lloji LED<\/td>\n<td style=\"text-align: center;\" width=\"123\">LED Sasia<\/td>\n<td style=\"text-align: center;\" width=\"177\">Madh\u00ebsia<\/td>\n<td style=\"text-align: center;\" width=\"103\">Lumen<\/td>\n<td style=\"text-align: center;\" width=\"88\">CRI<\/td>\n<td style=\"text-align: center;\" width=\"42\">IP<\/td>\n<\/tr>\n<tr>\n<td style=\"text-align: center;\" width=\"162\">TS-FCE 8W<\/td>\n<td style=\"text-align: center;\" width=\"101\">8 W<\/td>\n<td style=\"text-align: center;\" rowspan=\"5\" width=\"152\">AC170-265V<\/td>\n<td style=\"text-align: center;\" rowspan=\"5\" width=\"130\">SMD2835<\/td>\n<td style=\"text-align: center;\" width=\"123\">28 cop\u00eb<\/td>\n<td style=\"text-align: center;\" width=\"177\">136x62x55mm<\/td>\n<td style=\"text-align: center;\" width=\"103\">760 LM<\/td>\n<td style=\"text-align: center;\" rowspan=\"5\" width=\"88\">&gt; 70 Ra<\/td>\n<td style=\"text-align: center;\" rowspan=\"5\" width=\"42\">IP54<\/td>\n<\/tr>\n<tr>\n<td style=\"text-align: center;\" width=\"162\">TS-FCE 12W<\/td>\n<td style=\"text-align: center;\" width=\"101\">12 W<\/td>\n<td style=\"text-align: center;\" width=\"123\">36 cop\u00eb<\/td>\n<td style=\"text-align: center;\" width=\"177\">157x68x55mm<\/td>\n<td style=\"text-align: center;\" width=\"103\">1150 LM<\/td>\n<\/tr>\n<tr>\n<td style=\"text-align: center;\" width=\"162\">TS-FCE 18W<\/td>\n<td style=\"text-align: center;\" width=\"101\">18 W<\/td>\n<td style=\"text-align: center;\" width=\"123\">48 cop\u00eb<\/td>\n<td style=\"text-align: center;\" width=\"177\">183x83x55 mm<\/td>\n<td style=\"text-align: center;\" width=\"103\">1750 LM<\/td>\n<\/tr>\n<tr>\n<td style=\"text-align: center;\" width=\"162\">TS-FCE 20W<\/td>\n<td style=\"text-align: center;\" width=\"101\">20 W<\/td>\n<td style=\"text-align: center;\" width=\"123\">48 cop\u00eb<\/td>\n<td style=\"text-align: center;\" width=\"177\">183x83x55 mm<\/td>\n<td style=\"text-align: center;\" width=\"103\">1900 LM<\/td>\n<\/tr>\n<tr>\n<td style=\"text-align: center;\" width=\"162\">TS-FCE 24W<\/td>\n<td style=\"text-align: center;\" width=\"101\">24 W<\/td>\n<td style=\"text-align: center;\" width=\"123\">\u00a064 cop\u00eb\u00a0<\/td>\n<td style=\"text-align: center;\" width=\"177\">250x120x48mm<\/td>\n<td style=\"text-align: center;\" width=\"103\">2300LM<\/td>\n<\/tr>\n<\/tbody>\n<\/table>","protected":false},"parent":0,"template":"","product_category":[135],"class_list":["post-3873","product","type-product","status-publish","hentry","product_category-humidity-proof-light"],"yoast_head":"<!-- This site is optimized with the Yoast SEO plugin v27.5 - https:\/\/yoast.com\/product\/yoast-seo-wordpress\/ -->\n<title>WholesaleLED Humidity Proof Light - TOSUNlux Official Site - Electrical Circuit Breaker Manufacturer in China Low Voltage Electrical Supplier | TOSUNlux<\/title>\n<meta name=\"description\" content=\"LED Humidity Proof Light Supplier - Wholesale direct from TOSUNlux, a trusted manufacturer since 1994. Get your B2B factory quote on our certified Low Voltage electrical products.\" \/>\n<meta name=\"robots\" content=\"index, follow, max-snippet:-1, max-image-preview:large, max-video-preview:-1\" \/>\n<link rel=\"canonical\" href=\"https:\/\/www.tosunlux.eu\/sq\/products\/humidity-proof-lightts-fc\/\" \/>\n<meta property=\"og:locale\" content=\"sq_AL\" \/>\n<meta property=\"og:type\" content=\"article\" \/>\n<meta property=\"og:title\" content=\"WholesaleLED Humidity Proof Light - TOSUNlux Official Site - Electrical Circuit Breaker Manufacturer in China Low Voltage Electrical Supplier | TOSUNlux\" \/>\n<meta property=\"og:description\" content=\"LED Humidity Proof Light Supplier - Wholesale direct from TOSUNlux, a trusted manufacturer since 1994. Get your B2B factory quote on our certified Low Voltage electrical products.\" \/>\n<meta property=\"og:url\" content=\"https:\/\/www.tosunlux.eu\/sq\/products\/humidity-proof-lightts-fc\/\" \/>\n<meta property=\"og:site_name\" content=\"TOSUNlux Official Site - Electrical Circuit Breaker Manufacturer in China\" \/>\n<meta property=\"article:publisher\" content=\"https:\/\/www.facebook.com\/TOSUNelectric\/\" \/>\n<meta property=\"article:modified_time\" content=\"2022-06-23T05:49:40+00:00\" \/>\n<meta property=\"og:image\" content=\"https:\/\/www.tosunlux.eu\/wp-content\/uploads\/2022\/06\/1O8GI@ZHPUTPPY_M.png\" \/>\n<meta name=\"twitter:card\" content=\"summary_large_image\" \/>\n<meta name=\"twitter:label1\" content=\"Est. reading time\" \/>\n\t<meta name=\"twitter:data1\" content=\"1 minut\u00eb\" \/>\n<script type=\"application\/ld+json\" class=\"yoast-schema-graph\">{\"@context\":\"https:\\\/\\\/schema.org\",\"@graph\":[{\"@type\":\"WebPage\",\"@id\":\"https:\\\/\\\/www.tosunlux.eu\\\/products\\\/humidity-proof-lightts-fc\\\/\",\"url\":\"https:\\\/\\\/www.tosunlux.eu\\\/products\\\/humidity-proof-lightts-fc\\\/\",\"name\":\"WholesaleLED Humidity Proof Light - TOSUNlux Official Site - Electrical Circuit Breaker Manufacturer in China Low Voltage Electrical Supplier | TOSUNlux\",\"isPartOf\":{\"@id\":\"https:\\\/\\\/www.tosunlux.eu\\\/ru\\\/#website\"},\"primaryImageOfPage\":{\"@id\":\"https:\\\/\\\/www.tosunlux.eu\\\/products\\\/humidity-proof-lightts-fc\\\/#primaryimage\"},\"image\":{\"@id\":\"https:\\\/\\\/www.tosunlux.eu\\\/products\\\/humidity-proof-lightts-fc\\\/#primaryimage\"},\"thumbnailUrl\":\"https:\\\/\\\/www.tosunlux.eu\\\/wp-content\\\/uploads\\\/2022\\\/06\\\/1O8GI@ZHPUTPPY_M.png\",\"datePublished\":\"2022-06-13T09:52:48+00:00\",\"dateModified\":\"2022-06-23T05:49:40+00:00\",\"description\":\"LED Humidity Proof Light Supplier - Wholesale direct from TOSUNlux, a trusted manufacturer since 1994. Get your B2B factory quote on our certified Low Voltage electrical products.\",\"breadcrumb\":{\"@id\":\"https:\\\/\\\/www.tosunlux.eu\\\/products\\\/humidity-proof-lightts-fc\\\/#breadcrumb\"},\"inLanguage\":\"sq\",\"potentialAction\":[{\"@type\":\"ReadAction\",\"target\":[\"https:\\\/\\\/www.tosunlux.eu\\\/products\\\/humidity-proof-lightts-fc\\\/\"]}]},{\"@type\":\"ImageObject\",\"inLanguage\":\"sq\",\"@id\":\"https:\\\/\\\/www.tosunlux.eu\\\/products\\\/humidity-proof-lightts-fc\\\/#primaryimage\",\"url\":\"https:\\\/\\\/www.tosunlux.eu\\\/wp-content\\\/uploads\\\/2022\\\/06\\\/1O8GI@ZHPUTPPY_M.png\",\"contentUrl\":\"https:\\\/\\\/www.tosunlux.eu\\\/wp-content\\\/uploads\\\/2022\\\/06\\\/1O8GI@ZHPUTPPY_M.png\"},{\"@type\":\"BreadcrumbList\",\"@id\":\"https:\\\/\\\/www.tosunlux.eu\\\/products\\\/humidity-proof-lightts-fc\\\/#breadcrumb\",\"itemListElement\":[{\"@type\":\"ListItem\",\"position\":1,\"name\":\"Home\",\"item\":\"https:\\\/\\\/www.tosunlux.eu\\\/ru\\\/\"},{\"@type\":\"ListItem\",\"position\":2,\"name\":\"Products\",\"item\":\"https:\\\/\\\/www.tosunlux.eu\\\/products\\\/\"},{\"@type\":\"ListItem\",\"position\":3,\"name\":\"LED Humidity Proof Light\"}]},{\"@type\":\"WebSite\",\"@id\":\"https:\\\/\\\/www.tosunlux.eu\\\/ru\\\/#website\",\"url\":\"https:\\\/\\\/www.tosunlux.eu\\\/ru\\\/\",\"name\":\"TOSUNlux Official Site - Electrical Circuit Breaker Manufacturer in China\",\"description\":\"Power Distribution System Supplier\",\"publisher\":{\"@id\":\"https:\\\/\\\/www.tosunlux.eu\\\/ru\\\/#organization\"},\"alternateName\":\"TOSUNlux\",\"potentialAction\":[{\"@type\":\"SearchAction\",\"target\":{\"@type\":\"EntryPoint\",\"urlTemplate\":\"https:\\\/\\\/www.tosunlux.eu\\\/ru\\\/?s={search_term_string}\"},\"query-input\":{\"@type\":\"PropertyValueSpecification\",\"valueRequired\":true,\"valueName\":\"search_term_string\"}}],\"inLanguage\":\"sq\"},{\"@type\":\"Organization\",\"@id\":\"https:\\\/\\\/www.tosunlux.eu\\\/ru\\\/#organization\",\"name\":\"TOSUNlux\",\"url\":\"https:\\\/\\\/www.tosunlux.eu\\\/ru\\\/\",\"logo\":{\"@type\":\"ImageObject\",\"inLanguage\":\"sq\",\"@id\":\"https:\\\/\\\/www.tosunlux.eu\\\/ru\\\/#\\\/schema\\\/logo\\\/image\\\/\",\"url\":\"https:\\\/\\\/www.tosunlux.eu\\\/wp-content\\\/uploads\\\/2022\\\/01\\\/LOGOSYSM.71762f1.png\",\"contentUrl\":\"https:\\\/\\\/www.tosunlux.eu\\\/wp-content\\\/uploads\\\/2022\\\/01\\\/LOGOSYSM.71762f1.png\",\"width\":153,\"height\":55,\"caption\":\"TOSUNlux\"},\"image\":{\"@id\":\"https:\\\/\\\/www.tosunlux.eu\\\/ru\\\/#\\\/schema\\\/logo\\\/image\\\/\"},\"sameAs\":[\"https:\\\/\\\/www.facebook.com\\\/TOSUNelectric\\\/\",\"https:\\\/\\\/www.linkedin.com\\\/company\\\/wenzhou-tosun-electric-co.-ltd\\\/\"]}]}<\/script>\n<!-- \/ Yoast SEO plugin. -->","yoast_head_json":{"title":"WholesaleLED Humidity Proof Light - TOSUNlux Official Site - Electrical Circuit Breaker Manufacturer in China Low Voltage Electrical Supplier | TOSUNlux","description":"LED Humidity Proof Light Supplier - Wholesale direct from TOSUNlux, a trusted manufacturer since 1994. Get your B2B factory quote on our certified Low Voltage electrical products.","robots":{"index":"index","follow":"follow","max-snippet":"max-snippet:-1","max-image-preview":"max-image-preview:large","max-video-preview":"max-video-preview:-1"},"canonical":"https:\/\/www.tosunlux.eu\/sq\/products\/humidity-proof-lightts-fc\/","og_locale":"sq_AL","og_type":"article","og_title":"WholesaleLED Humidity Proof Light - TOSUNlux Official Site - Electrical Circuit Breaker Manufacturer in China Low Voltage Electrical Supplier | TOSUNlux","og_description":"LED Humidity Proof Light Supplier - Wholesale direct from TOSUNlux, a trusted manufacturer since 1994. Get your B2B factory quote on our certified Low Voltage electrical products.","og_url":"https:\/\/www.tosunlux.eu\/sq\/products\/humidity-proof-lightts-fc\/","og_site_name":"TOSUNlux Official Site - Electrical Circuit Breaker Manufacturer in China","article_publisher":"https:\/\/www.facebook.com\/TOSUNelectric\/","article_modified_time":"2022-06-23T05:49:40+00:00","og_image":[{"url":"https:\/\/www.tosunlux.eu\/wp-content\/uploads\/2022\/06\/1O8GI@ZHPUTPPY_M.png","type":"","width":"","height":""}],"twitter_card":"summary_large_image","twitter_misc":{"Est. reading time":"1 minut\u00eb"},"schema":{"@context":"https:\/\/schema.org","@graph":[{"@type":"WebPage","@id":"https:\/\/www.tosunlux.eu\/products\/humidity-proof-lightts-fc\/","url":"https:\/\/www.tosunlux.eu\/products\/humidity-proof-lightts-fc\/","name":"WholesaleLED Humidity Proof Light - TOSUNlux Official Site - Electrical Circuit Breaker Manufacturer in China Low Voltage Electrical Supplier | TOSUNlux","isPartOf":{"@id":"https:\/\/www.tosunlux.eu\/ru\/#website"},"primaryImageOfPage":{"@id":"https:\/\/www.tosunlux.eu\/products\/humidity-proof-lightts-fc\/#primaryimage"},"image":{"@id":"https:\/\/www.tosunlux.eu\/products\/humidity-proof-lightts-fc\/#primaryimage"},"thumbnailUrl":"https:\/\/www.tosunlux.eu\/wp-content\/uploads\/2022\/06\/1O8GI@ZHPUTPPY_M.png","datePublished":"2022-06-13T09:52:48+00:00","dateModified":"2022-06-23T05:49:40+00:00","description":"LED Humidity Proof Light Supplier - Wholesale direct from TOSUNlux, a trusted manufacturer since 1994. Get your B2B factory quote on our certified Low Voltage electrical products.","breadcrumb":{"@id":"https:\/\/www.tosunlux.eu\/products\/humidity-proof-lightts-fc\/#breadcrumb"},"inLanguage":"sq","potentialAction":[{"@type":"ReadAction","target":["https:\/\/www.tosunlux.eu\/products\/humidity-proof-lightts-fc\/"]}]},{"@type":"ImageObject","inLanguage":"sq","@id":"https:\/\/www.tosunlux.eu\/products\/humidity-proof-lightts-fc\/#primaryimage","url":"https:\/\/www.tosunlux.eu\/wp-content\/uploads\/2022\/06\/1O8GI@ZHPUTPPY_M.png","contentUrl":"https:\/\/www.tosunlux.eu\/wp-content\/uploads\/2022\/06\/1O8GI@ZHPUTPPY_M.png"},{"@type":"BreadcrumbList","@id":"https:\/\/www.tosunlux.eu\/products\/humidity-proof-lightts-fc\/#breadcrumb","itemListElement":[{"@type":"ListItem","position":1,"name":"Home","item":"https:\/\/www.tosunlux.eu\/ru\/"},{"@type":"ListItem","position":2,"name":"Products","item":"https:\/\/www.tosunlux.eu\/products\/"},{"@type":"ListItem","position":3,"name":"LED Humidity Proof Light"}]},{"@type":"WebSite","@id":"https:\/\/www.tosunlux.eu\/ru\/#website","url":"https:\/\/www.tosunlux.eu\/ru\/","name":"Faqja zyrtare e TOSUNlux - Prodhuesi i nd\u00ebrprer\u00ebsve t\u00eb qarkut elektrik n\u00eb Kin\u00eb","description":"Furnizuesi i Sistemit t\u00eb Shp\u00ebrndarjes s\u00eb Energjis\u00eb","publisher":{"@id":"https:\/\/www.tosunlux.eu\/ru\/#organization"},"alternateName":"TOSUNlux","potentialAction":[{"@type":"SearchAction","target":{"@type":"EntryPoint","urlTemplate":"https:\/\/www.tosunlux.eu\/ru\/?s={search_term_string}"},"query-input":{"@type":"PropertyValueSpecification","valueRequired":true,"valueName":"search_term_string"}}],"inLanguage":"sq"},{"@type":"Organization","@id":"https:\/\/www.tosunlux.eu\/ru\/#organization","name":"TOSUNlux","url":"https:\/\/www.tosunlux.eu\/ru\/","logo":{"@type":"ImageObject","inLanguage":"sq","@id":"https:\/\/www.tosunlux.eu\/ru\/#\/schema\/logo\/image\/","url":"https:\/\/www.tosunlux.eu\/wp-content\/uploads\/2022\/01\/LOGOSYSM.71762f1.png","contentUrl":"https:\/\/www.tosunlux.eu\/wp-content\/uploads\/2022\/01\/LOGOSYSM.71762f1.png","width":153,"height":55,"caption":"TOSUNlux"},"image":{"@id":"https:\/\/www.tosunlux.eu\/ru\/#\/schema\/logo\/image\/"},"sameAs":["https:\/\/www.facebook.com\/TOSUNelectric\/","https:\/\/www.linkedin.com\/company\/wenzhou-tosun-electric-co.-ltd\/"]}]}},"_links":{"self":[{"href":"https:\/\/www.tosunlux.eu\/sq\/wp-json\/wp\/v2\/product\/3873","targetHints":{"allow":["GET"]}}],"collection":[{"href":"https:\/\/www.tosunlux.eu\/sq\/wp-json\/wp\/v2\/product"}],"about":[{"href":"https:\/\/www.tosunlux.eu\/sq\/wp-json\/wp\/v2\/types\/product"}],"version-history":[{"count":0,"href":"https:\/\/www.tosunlux.eu\/sq\/wp-json\/wp\/v2\/product\/3873\/revisions"}],"wp:attachment":[{"href":"https:\/\/www.tosunlux.eu\/sq\/wp-json\/wp\/v2\/media?parent=3873"}],"wp:term":[{"taxonomy":"product_category","embeddable":true,"href":"https:\/\/www.tosunlux.eu\/sq\/wp-json\/wp\/v2\/product_category?post=3873"}],"curies":[{"name":"wp","href":"https:\/\/api.w.org\/{rel}","templated":true}]}}