{"id":3939,"date":"2022-06-15T11:25:39","date_gmt":"2022-06-15T03:25:39","guid":{"rendered":"https:\/\/www.tosunlux.eu\/?post_type=product&#038;p=3939"},"modified":"2022-06-16T13:09:51","modified_gmt":"2022-06-16T05:09:51","slug":"led-flood-light-with-pir-sensor","status":"publish","type":"product","link":"https:\/\/www.tosunlux.eu\/sq\/products\/led-flood-light-with-pir-sensor\/","title":{"rendered":"Drit\u00eb LED p\u00ebrmbytjeje me sensor PIR"},"content":{"rendered":"<figure class=\"wp-block-image size-full is-resized\"><img fetchpriority=\"high\" decoding=\"async\" src=\"https:\/\/www.tosunlux.eu\/wp-content\/uploads\/2022\/06\/ZSBX42Z_SUMYD7V8@HY.png\" alt=\"\" class=\"wp-image-3994\" width=\"450\" height=\"482\" srcset=\"https:\/\/www.tosunlux.eu\/wp-content\/uploads\/2022\/06\/ZSBX42Z_SUMYD7V8@HY.png 477w, https:\/\/www.tosunlux.eu\/wp-content\/uploads\/2022\/06\/ZSBX42Z_SUMYD7V8@HY-280x300.png 280w\" sizes=\"(max-width: 450px) 100vw, 450px\" \/><\/figure>\n\n\n\n<p><\/p>\n\n\n<p><strong>Specifikimi<\/strong><\/p>\n<table width=\"997\">\n<tbody>\n<tr>\n<td style=\"text-align: center;\" width=\"152\">Model<\/td>\n<td style=\"text-align: center;\" width=\"134\">Fuqia<\/td>\n<td style=\"text-align: center;\" width=\"151\">Tensioni<\/td>\n<td style=\"text-align: center;\" width=\"113\">Lloji i shoferit<\/td>\n<td style=\"text-align: center;\" width=\"91\">PF<\/td>\n<td style=\"text-align: center;\" width=\"89\">CRI<\/td>\n<td style=\"text-align: center;\" width=\"176\">Temperatura e ngjyrave<\/td>\n<td style=\"text-align: center;\" width=\"89\">Efikasiteti i ndritsh\u00ebm<\/td>\n<\/tr>\n<tr>\n<td style=\"text-align: center;\" width=\"152\">TF-20W-D<\/td>\n<td style=\"text-align: center;\" width=\"134\">20 W<\/td>\n<td style=\"text-align: center;\" rowspan=\"4\" width=\"151\">AC220-240V<\/td>\n<td style=\"text-align: center;\" rowspan=\"4\" width=\"113\">Linear<\/td>\n<td style=\"text-align: center;\" rowspan=\"4\" width=\"91\">&gt;0.9<\/td>\n<td style=\"text-align: center;\" rowspan=\"4\" width=\"89\">&gt; 80 Ra<\/td>\n<td style=\"text-align: center;\" rowspan=\"4\" width=\"176\">2700-6500 mij\u00eb<\/td>\n<td style=\"text-align: center;\" rowspan=\"4\" width=\"89\">&gt; 80 LM\/W<\/td>\n<\/tr>\n<tr>\n<td style=\"text-align: center;\" width=\"152\">TF-30W-D<\/td>\n<td style=\"text-align: center;\" width=\"134\">30 W<\/td>\n<\/tr>\n<tr>\n<td style=\"text-align: center;\" width=\"152\">TF-50W-D<\/td>\n<td style=\"text-align: center;\" width=\"134\">50 W<\/td>\n<\/tr>\n<tr>\n<td style=\"text-align: center;\" width=\"152\">TF-70W-D<\/td>\n<td style=\"text-align: center;\" width=\"134\">70 W<\/td>\n<\/tr>\n<\/tbody>\n<\/table>\n\n\n<p><\/p>\n\n\n\n<div class=\"wp-block-columns is-layout-flex wp-container-core-columns-is-layout-9d6595d7 wp-block-columns-is-layout-flex\">\n<div class=\"wp-block-column is-layout-flow wp-block-column-is-layout-flow\" style=\"flex-basis:100%\">\n<p> <\/p>\n<\/div>\n<\/div>\n\n\n\n<figure class=\"wp-block-image size-large\"><img decoding=\"async\" width=\"1024\" height=\"238\" src=\"https:\/\/www.tosunlux.eu\/wp-content\/uploads\/2022\/06\/\u5bfc\u56fe-1024x238.jpg\" alt=\"\" class=\"wp-image-3941\" srcset=\"https:\/\/www.tosunlux.eu\/wp-content\/uploads\/2022\/06\/\u5bfc\u56fe-1024x238.jpg 1024w, https:\/\/www.tosunlux.eu\/wp-content\/uploads\/2022\/06\/\u5bfc\u56fe-300x70.jpg 300w, https:\/\/www.tosunlux.eu\/wp-content\/uploads\/2022\/06\/\u5bfc\u56fe-768x178.jpg 768w, https:\/\/www.tosunlux.eu\/wp-content\/uploads\/2022\/06\/\u5bfc\u56fe-1536x357.jpg 1536w, https:\/\/www.tosunlux.eu\/wp-content\/uploads\/2022\/06\/\u5bfc\u56fe-2048x476.jpg 2048w\" sizes=\"(max-width: 1024px) 100vw, 1024px\" \/><\/figure>","protected":false},"parent":0,"template":"","product_category":[137],"class_list":["post-3939","product","type-product","status-publish","hentry","product_category-led-flood-light"],"yoast_head":"<!-- This site is optimized with the Yoast SEO plugin v27.5 - https:\/\/yoast.com\/product\/yoast-seo-wordpress\/ -->\n<title>WholesaleLED Flood Light with PIR Sensor - TOSUNlux Official Site - Electrical Circuit Breaker Manufacturer in China Low Voltage Electrical Supplier | TOSUNlux<\/title>\n<meta name=\"description\" content=\"LED Flood Light with PIR Sensor Supplier - Wholesale direct from TOSUNlux, a trusted manufacturer since 1994. Get your B2B factory quote on our certified Low Voltage electrical products.\" \/>\n<meta name=\"robots\" content=\"index, follow, max-snippet:-1, max-image-preview:large, max-video-preview:-1\" \/>\n<link rel=\"canonical\" href=\"https:\/\/www.tosunlux.eu\/sq\/products\/led-flood-light-with-pir-sensor\/\" \/>\n<meta property=\"og:locale\" content=\"sq_AL\" \/>\n<meta property=\"og:type\" content=\"article\" \/>\n<meta property=\"og:title\" content=\"WholesaleLED Flood Light with PIR Sensor - TOSUNlux Official Site - Electrical Circuit Breaker Manufacturer in China Low Voltage Electrical Supplier | TOSUNlux\" \/>\n<meta property=\"og:description\" content=\"LED Flood Light with PIR Sensor Supplier - Wholesale direct from TOSUNlux, a trusted manufacturer since 1994. Get your B2B factory quote on our certified Low Voltage electrical products.\" \/>\n<meta property=\"og:url\" content=\"https:\/\/www.tosunlux.eu\/sq\/products\/led-flood-light-with-pir-sensor\/\" \/>\n<meta property=\"og:site_name\" content=\"TOSUNlux Official Site - Electrical Circuit Breaker Manufacturer in China\" \/>\n<meta property=\"article:publisher\" content=\"https:\/\/www.facebook.com\/TOSUNelectric\/\" \/>\n<meta property=\"article:modified_time\" content=\"2022-06-16T05:09:51+00:00\" \/>\n<meta property=\"og:image\" content=\"https:\/\/www.tosunlux.eu\/wp-content\/uploads\/2022\/06\/ZSBX42Z_SUMYD7V8@HY.png\" \/>\n<meta name=\"twitter:card\" content=\"summary_large_image\" \/>\n<meta name=\"twitter:label1\" content=\"Est. reading time\" \/>\n\t<meta name=\"twitter:data1\" content=\"1 minut\u00eb\" \/>\n<script type=\"application\/ld+json\" class=\"yoast-schema-graph\">{\"@context\":\"https:\\\/\\\/schema.org\",\"@graph\":[{\"@type\":\"WebPage\",\"@id\":\"https:\\\/\\\/www.tosunlux.eu\\\/es\\\/products\\\/led-flood-light-with-pir-sensor\\\/\",\"url\":\"https:\\\/\\\/www.tosunlux.eu\\\/es\\\/products\\\/led-flood-light-with-pir-sensor\\\/\",\"name\":\"WholesaleLED Flood Light with PIR Sensor - TOSUNlux Official Site - Electrical Circuit Breaker Manufacturer in China Low Voltage Electrical Supplier | TOSUNlux\",\"isPartOf\":{\"@id\":\"https:\\\/\\\/www.tosunlux.eu\\\/ru\\\/#website\"},\"primaryImageOfPage\":{\"@id\":\"https:\\\/\\\/www.tosunlux.eu\\\/es\\\/products\\\/led-flood-light-with-pir-sensor\\\/#primaryimage\"},\"image\":{\"@id\":\"https:\\\/\\\/www.tosunlux.eu\\\/es\\\/products\\\/led-flood-light-with-pir-sensor\\\/#primaryimage\"},\"thumbnailUrl\":\"https:\\\/\\\/www.tosunlux.eu\\\/wp-content\\\/uploads\\\/2022\\\/06\\\/ZSBX42Z_SUMYD7V8@HY.png\",\"datePublished\":\"2022-06-15T03:25:39+00:00\",\"dateModified\":\"2022-06-16T05:09:51+00:00\",\"description\":\"LED Flood Light with PIR Sensor Supplier - Wholesale direct from TOSUNlux, a trusted manufacturer since 1994. Get your B2B factory quote on our certified Low Voltage electrical products.\",\"breadcrumb\":{\"@id\":\"https:\\\/\\\/www.tosunlux.eu\\\/es\\\/products\\\/led-flood-light-with-pir-sensor\\\/#breadcrumb\"},\"inLanguage\":\"sq\",\"potentialAction\":[{\"@type\":\"ReadAction\",\"target\":[\"https:\\\/\\\/www.tosunlux.eu\\\/es\\\/products\\\/led-flood-light-with-pir-sensor\\\/\"]}]},{\"@type\":\"ImageObject\",\"inLanguage\":\"sq\",\"@id\":\"https:\\\/\\\/www.tosunlux.eu\\\/es\\\/products\\\/led-flood-light-with-pir-sensor\\\/#primaryimage\",\"url\":\"https:\\\/\\\/www.tosunlux.eu\\\/wp-content\\\/uploads\\\/2022\\\/06\\\/ZSBX42Z_SUMYD7V8@HY.png\",\"contentUrl\":\"https:\\\/\\\/www.tosunlux.eu\\\/wp-content\\\/uploads\\\/2022\\\/06\\\/ZSBX42Z_SUMYD7V8@HY.png\"},{\"@type\":\"BreadcrumbList\",\"@id\":\"https:\\\/\\\/www.tosunlux.eu\\\/es\\\/products\\\/led-flood-light-with-pir-sensor\\\/#breadcrumb\",\"itemListElement\":[{\"@type\":\"ListItem\",\"position\":1,\"name\":\"Home\",\"item\":\"https:\\\/\\\/www.tosunlux.eu\\\/ru\\\/\"},{\"@type\":\"ListItem\",\"position\":2,\"name\":\"Products\",\"item\":\"https:\\\/\\\/www.tosunlux.eu\\\/products\\\/\"},{\"@type\":\"ListItem\",\"position\":3,\"name\":\"LED Flood Light with PIR Sensor\"}]},{\"@type\":\"WebSite\",\"@id\":\"https:\\\/\\\/www.tosunlux.eu\\\/ru\\\/#website\",\"url\":\"https:\\\/\\\/www.tosunlux.eu\\\/ru\\\/\",\"name\":\"TOSUNlux Official Site - Electrical Circuit Breaker Manufacturer in China\",\"description\":\"Power Distribution System Supplier\",\"publisher\":{\"@id\":\"https:\\\/\\\/www.tosunlux.eu\\\/ru\\\/#organization\"},\"alternateName\":\"TOSUNlux\",\"potentialAction\":[{\"@type\":\"SearchAction\",\"target\":{\"@type\":\"EntryPoint\",\"urlTemplate\":\"https:\\\/\\\/www.tosunlux.eu\\\/ru\\\/?s={search_term_string}\"},\"query-input\":{\"@type\":\"PropertyValueSpecification\",\"valueRequired\":true,\"valueName\":\"search_term_string\"}}],\"inLanguage\":\"sq\"},{\"@type\":\"Organization\",\"@id\":\"https:\\\/\\\/www.tosunlux.eu\\\/ru\\\/#organization\",\"name\":\"TOSUNlux\",\"url\":\"https:\\\/\\\/www.tosunlux.eu\\\/ru\\\/\",\"logo\":{\"@type\":\"ImageObject\",\"inLanguage\":\"sq\",\"@id\":\"https:\\\/\\\/www.tosunlux.eu\\\/ru\\\/#\\\/schema\\\/logo\\\/image\\\/\",\"url\":\"https:\\\/\\\/www.tosunlux.eu\\\/wp-content\\\/uploads\\\/2022\\\/01\\\/LOGOSYSM.71762f1.png\",\"contentUrl\":\"https:\\\/\\\/www.tosunlux.eu\\\/wp-content\\\/uploads\\\/2022\\\/01\\\/LOGOSYSM.71762f1.png\",\"width\":153,\"height\":55,\"caption\":\"TOSUNlux\"},\"image\":{\"@id\":\"https:\\\/\\\/www.tosunlux.eu\\\/ru\\\/#\\\/schema\\\/logo\\\/image\\\/\"},\"sameAs\":[\"https:\\\/\\\/www.facebook.com\\\/TOSUNelectric\\\/\",\"https:\\\/\\\/www.linkedin.com\\\/company\\\/wenzhou-tosun-electric-co.-ltd\\\/\"]}]}<\/script>\n<!-- \/ Yoast SEO plugin. -->","yoast_head_json":{"title":"WholesaleLED Flood Light with PIR Sensor - TOSUNlux Official Site - Electrical Circuit Breaker Manufacturer in China Low Voltage Electrical Supplier | TOSUNlux","description":"LED Flood Light with PIR Sensor Supplier - Wholesale direct from TOSUNlux, a trusted manufacturer since 1994. Get your B2B factory quote on our certified Low Voltage electrical products.","robots":{"index":"index","follow":"follow","max-snippet":"max-snippet:-1","max-image-preview":"max-image-preview:large","max-video-preview":"max-video-preview:-1"},"canonical":"https:\/\/www.tosunlux.eu\/sq\/products\/led-flood-light-with-pir-sensor\/","og_locale":"sq_AL","og_type":"article","og_title":"WholesaleLED Flood Light with PIR Sensor - TOSUNlux Official Site - Electrical Circuit Breaker Manufacturer in China Low Voltage Electrical Supplier | TOSUNlux","og_description":"LED Flood Light with PIR Sensor Supplier - Wholesale direct from TOSUNlux, a trusted manufacturer since 1994. Get your B2B factory quote on our certified Low Voltage electrical products.","og_url":"https:\/\/www.tosunlux.eu\/sq\/products\/led-flood-light-with-pir-sensor\/","og_site_name":"TOSUNlux Official Site - Electrical Circuit Breaker Manufacturer in China","article_publisher":"https:\/\/www.facebook.com\/TOSUNelectric\/","article_modified_time":"2022-06-16T05:09:51+00:00","og_image":[{"url":"https:\/\/www.tosunlux.eu\/wp-content\/uploads\/2022\/06\/ZSBX42Z_SUMYD7V8@HY.png","type":"","width":"","height":""}],"twitter_card":"summary_large_image","twitter_misc":{"Est. reading time":"1 minut\u00eb"},"schema":{"@context":"https:\/\/schema.org","@graph":[{"@type":"WebPage","@id":"https:\/\/www.tosunlux.eu\/es\/products\/led-flood-light-with-pir-sensor\/","url":"https:\/\/www.tosunlux.eu\/es\/products\/led-flood-light-with-pir-sensor\/","name":"WholesaleLED Flood Light with PIR Sensor - TOSUNlux Official Site - Electrical Circuit Breaker Manufacturer in China Low Voltage Electrical Supplier | TOSUNlux","isPartOf":{"@id":"https:\/\/www.tosunlux.eu\/ru\/#website"},"primaryImageOfPage":{"@id":"https:\/\/www.tosunlux.eu\/es\/products\/led-flood-light-with-pir-sensor\/#primaryimage"},"image":{"@id":"https:\/\/www.tosunlux.eu\/es\/products\/led-flood-light-with-pir-sensor\/#primaryimage"},"thumbnailUrl":"https:\/\/www.tosunlux.eu\/wp-content\/uploads\/2022\/06\/ZSBX42Z_SUMYD7V8@HY.png","datePublished":"2022-06-15T03:25:39+00:00","dateModified":"2022-06-16T05:09:51+00:00","description":"LED Flood Light with PIR Sensor Supplier - Wholesale direct from TOSUNlux, a trusted manufacturer since 1994. Get your B2B factory quote on our certified Low Voltage electrical products.","breadcrumb":{"@id":"https:\/\/www.tosunlux.eu\/es\/products\/led-flood-light-with-pir-sensor\/#breadcrumb"},"inLanguage":"sq","potentialAction":[{"@type":"ReadAction","target":["https:\/\/www.tosunlux.eu\/es\/products\/led-flood-light-with-pir-sensor\/"]}]},{"@type":"ImageObject","inLanguage":"sq","@id":"https:\/\/www.tosunlux.eu\/es\/products\/led-flood-light-with-pir-sensor\/#primaryimage","url":"https:\/\/www.tosunlux.eu\/wp-content\/uploads\/2022\/06\/ZSBX42Z_SUMYD7V8@HY.png","contentUrl":"https:\/\/www.tosunlux.eu\/wp-content\/uploads\/2022\/06\/ZSBX42Z_SUMYD7V8@HY.png"},{"@type":"BreadcrumbList","@id":"https:\/\/www.tosunlux.eu\/es\/products\/led-flood-light-with-pir-sensor\/#breadcrumb","itemListElement":[{"@type":"ListItem","position":1,"name":"Home","item":"https:\/\/www.tosunlux.eu\/ru\/"},{"@type":"ListItem","position":2,"name":"Products","item":"https:\/\/www.tosunlux.eu\/products\/"},{"@type":"ListItem","position":3,"name":"LED Flood Light with PIR Sensor"}]},{"@type":"WebSite","@id":"https:\/\/www.tosunlux.eu\/ru\/#website","url":"https:\/\/www.tosunlux.eu\/ru\/","name":"Faqja zyrtare e TOSUNlux - Prodhuesi i nd\u00ebrprer\u00ebsve t\u00eb qarkut elektrik n\u00eb Kin\u00eb","description":"Furnizuesi i Sistemit t\u00eb Shp\u00ebrndarjes s\u00eb Energjis\u00eb","publisher":{"@id":"https:\/\/www.tosunlux.eu\/ru\/#organization"},"alternateName":"TOSUNlux","potentialAction":[{"@type":"SearchAction","target":{"@type":"EntryPoint","urlTemplate":"https:\/\/www.tosunlux.eu\/ru\/?s={search_term_string}"},"query-input":{"@type":"PropertyValueSpecification","valueRequired":true,"valueName":"search_term_string"}}],"inLanguage":"sq"},{"@type":"Organization","@id":"https:\/\/www.tosunlux.eu\/ru\/#organization","name":"TOSUNlux","url":"https:\/\/www.tosunlux.eu\/ru\/","logo":{"@type":"ImageObject","inLanguage":"sq","@id":"https:\/\/www.tosunlux.eu\/ru\/#\/schema\/logo\/image\/","url":"https:\/\/www.tosunlux.eu\/wp-content\/uploads\/2022\/01\/LOGOSYSM.71762f1.png","contentUrl":"https:\/\/www.tosunlux.eu\/wp-content\/uploads\/2022\/01\/LOGOSYSM.71762f1.png","width":153,"height":55,"caption":"TOSUNlux"},"image":{"@id":"https:\/\/www.tosunlux.eu\/ru\/#\/schema\/logo\/image\/"},"sameAs":["https:\/\/www.facebook.com\/TOSUNelectric\/","https:\/\/www.linkedin.com\/company\/wenzhou-tosun-electric-co.-ltd\/"]}]}},"_links":{"self":[{"href":"https:\/\/www.tosunlux.eu\/sq\/wp-json\/wp\/v2\/product\/3939","targetHints":{"allow":["GET"]}}],"collection":[{"href":"https:\/\/www.tosunlux.eu\/sq\/wp-json\/wp\/v2\/product"}],"about":[{"href":"https:\/\/www.tosunlux.eu\/sq\/wp-json\/wp\/v2\/types\/product"}],"version-history":[{"count":0,"href":"https:\/\/www.tosunlux.eu\/sq\/wp-json\/wp\/v2\/product\/3939\/revisions"}],"wp:attachment":[{"href":"https:\/\/www.tosunlux.eu\/sq\/wp-json\/wp\/v2\/media?parent=3939"}],"wp:term":[{"taxonomy":"product_category","embeddable":true,"href":"https:\/\/www.tosunlux.eu\/sq\/wp-json\/wp\/v2\/product_category?post=3939"}],"curies":[{"name":"wp","href":"https:\/\/api.w.org\/{rel}","templated":true}]}}