{"id":4310,"date":"2022-07-08T16:42:20","date_gmt":"2022-07-08T08:42:20","guid":{"rendered":"https:\/\/www.tosunlux.eu\/?post_type=product&#038;p=4310"},"modified":"2022-07-08T16:42:21","modified_gmt":"2022-07-08T08:42:21","slug":"cord-inslated-end-terminal","status":"publish","type":"product","link":"https:\/\/www.tosunlux.eu\/sq\/products\/cord-inslated-end-terminal\/","title":{"rendered":"Terminali fundor me kordon"},"content":{"rendered":"<p><strong>Specifikimi<\/strong><\/p>\n<table width=\"912\">\n<tbody>\n<tr>\n<td style=\"text-align: center;\" rowspan=\"2\" width=\"128\">Model<\/td>\n<td style=\"text-align: center;\" colspan=\"5\" width=\"517\">Dimensionet<\/td>\n<td style=\"text-align: center;\" rowspan=\"2\" width=\"73\">AWG<\/td>\n<td style=\"text-align: center;\" rowspan=\"2\" width=\"72\">(mm\u00b2)<\/td>\n<td style=\"text-align: center;\" rowspan=\"2\" width=\"122\">Ngjyra<\/td>\n<\/tr>\n<tr>\n<td style=\"text-align: center;\" width=\"109\">F<\/td>\n<td style=\"text-align: center;\" width=\"109\">L<\/td>\n<td style=\"text-align: center;\" width=\"109\">W<\/td>\n<td style=\"text-align: center;\">D<\/td>\n<td style=\"text-align: center;\" width=\"90\">C<\/td>\n<\/tr>\n<tr>\n<td style=\"text-align: center;\">E0506<\/td>\n<td style=\"text-align: center;\">6<\/td>\n<td style=\"text-align: center;\">12<\/td>\n<td style=\"text-align: center;\" rowspan=\"3\">2.6<\/td>\n<td style=\"text-align: center;\" rowspan=\"3\">1.3<\/td>\n<td style=\"text-align: center;\" rowspan=\"3\">1<\/td>\n<td style=\"text-align: center;\" rowspan=\"3\">#22<\/td>\n<td style=\"text-align: center;\" rowspan=\"3\">0.5<\/td>\n<td style=\"text-align: center;\" rowspan=\"3\">Portokalli e Bardhe<\/td>\n<\/tr>\n<tr>\n<td style=\"text-align: center;\">E0508<\/td>\n<td style=\"text-align: center;\">8<\/td>\n<td style=\"text-align: center;\">14<\/td>\n<\/tr>\n<tr>\n<td style=\"text-align: center;\">E0510<\/td>\n<td style=\"text-align: center;\">10<\/td>\n<td style=\"text-align: center;\">16<\/td>\n<\/tr>\n<tr>\n<td style=\"text-align: center;\">E7506<\/td>\n<td style=\"text-align: center;\">6<\/td>\n<td style=\"text-align: center;\">12.4<\/td>\n<td style=\"text-align: center;\" rowspan=\"4\">2.8<\/td>\n<td style=\"text-align: center;\" rowspan=\"4\">1.5<\/td>\n<td style=\"text-align: center;\" rowspan=\"4\">1.2<\/td>\n<td style=\"text-align: center;\" rowspan=\"4\">#20<\/td>\n<td style=\"text-align: center;\" rowspan=\"4\">0.75<\/td>\n<td style=\"text-align: center;\" rowspan=\"4\">Blu e bardh\u00eb<\/td>\n<\/tr>\n<tr>\n<td style=\"text-align: center;\">E7508<\/td>\n<td style=\"text-align: center;\">8<\/td>\n<td style=\"text-align: center;\">14.6<\/td>\n<\/tr>\n<tr>\n<td style=\"text-align: center;\">E7510<\/td>\n<td style=\"text-align: center;\">10<\/td>\n<td style=\"text-align: center;\">16.4<\/td>\n<\/tr>\n<tr>\n<td style=\"text-align: center;\">E7512<\/td>\n<td style=\"text-align: center;\">12<\/td>\n<td style=\"text-align: center;\">18.4<\/td>\n<\/tr>\n<tr>\n<td style=\"text-align: center;\">E1008<\/td>\n<td style=\"text-align: center;\">8<\/td>\n<td style=\"text-align: center;\">14.6<\/td>\n<td style=\"text-align: center;\" rowspan=\"3\">3<\/td>\n<td style=\"text-align: center;\" rowspan=\"3\">1.7<\/td>\n<td style=\"text-align: center;\" rowspan=\"3\">1.4\u00a0<\/td>\n<td style=\"text-align: center;\" rowspan=\"3\">#18<\/td>\n<td style=\"text-align: center;\" rowspan=\"3\">1<\/td>\n<td style=\"text-align: center;\" rowspan=\"3\">E verdh\u00eb e kuqe<\/td>\n<\/tr>\n<tr>\n<td style=\"text-align: center;\">E1010<\/td>\n<td style=\"text-align: center;\">10<\/td>\n<td style=\"text-align: center;\">16.4<\/td>\n<\/tr>\n<tr>\n<td style=\"text-align: center;\">E1012<\/td>\n<td style=\"text-align: center;\">12<\/td>\n<td style=\"text-align: center;\">18.4<\/td>\n<\/tr>\n<tr>\n<td style=\"text-align: center;\">E1508<\/td>\n<td style=\"text-align: center;\">8<\/td>\n<td style=\"text-align: center;\">14.6<\/td>\n<td style=\"text-align: center;\" rowspan=\"3\">3.5<\/td>\n<td style=\"text-align: center;\" rowspan=\"3\">2<\/td>\n<td style=\"text-align: center;\" rowspan=\"3\">1.7<\/td>\n<td style=\"text-align: center;\" rowspan=\"3\">#16<\/td>\n<td style=\"text-align: center;\" rowspan=\"3\">1.5<\/td>\n<td style=\"text-align: center;\" rowspan=\"3\">E kuqe e zez\u00eb<\/td>\n<\/tr>\n<tr>\n<td style=\"text-align: center;\">E1510<\/td>\n<td style=\"text-align: center;\">10<\/td>\n<td style=\"text-align: center;\">16.4<\/td>\n<\/tr>\n<tr>\n<td style=\"text-align: center;\">E1518<\/td>\n<td style=\"text-align: center;\">18<\/td>\n<td style=\"text-align: center;\">24.4<\/td>\n<\/tr>\n<tr>\n<td style=\"text-align: center;\">E2508<\/td>\n<td style=\"text-align: center;\">8<\/td>\n<td style=\"text-align: center;\">15.2<\/td>\n<td style=\"text-align: center;\" rowspan=\"3\">4<\/td>\n<td style=\"text-align: center;\" rowspan=\"3\">2.6<\/td>\n<td style=\"text-align: center;\" rowspan=\"3\">2.3<\/td>\n<td style=\"text-align: center;\" rowspan=\"3\">#14<\/td>\n<td style=\"text-align: center;\" rowspan=\"3\">2.5<\/td>\n<td style=\"text-align: center;\" rowspan=\"3\">Blu gri<\/td>\n<\/tr>\n<tr>\n<td style=\"text-align: center;\">E2512<\/td>\n<td style=\"text-align: center;\">12<\/td>\n<td style=\"text-align: center;\">19<\/td>\n<\/tr>\n<tr>\n<td style=\"text-align: center;\">E2518<\/td>\n<td style=\"text-align: center;\">18<\/td>\n<td style=\"text-align: center;\">25<\/td>\n<\/tr>\n<tr>\n<td style=\"text-align: center;\">E4009<\/td>\n<td style=\"text-align: center;\">9<\/td>\n<td style=\"text-align: center;\">16.5<\/td>\n<td style=\"text-align: center;\" rowspan=\"3\">4.4<\/td>\n<td style=\"text-align: center;\" rowspan=\"3\">3.2<\/td>\n<td style=\"text-align: center;\" rowspan=\"3\">2.8<\/td>\n<td style=\"text-align: center;\" rowspan=\"3\">#12<\/td>\n<td style=\"text-align: center;\" rowspan=\"3\">4<\/td>\n<td style=\"text-align: center;\" rowspan=\"3\">Portokalli gri<\/td>\n<\/tr>\n<tr>\n<td style=\"text-align: center;\">E4012<\/td>\n<td style=\"text-align: center;\">12<\/td>\n<td style=\"text-align: center;\">19.5<\/td>\n<\/tr>\n<tr>\n<td style=\"text-align: center;\">E4018<\/td>\n<td style=\"text-align: center;\">18<\/td>\n<td style=\"text-align: center;\">25.5<\/td>\n<\/tr>\n<tr>\n<td style=\"text-align: center;\">E6012<\/td>\n<td style=\"text-align: center;\">12<\/td>\n<td style=\"text-align: center;\">20<\/td>\n<td style=\"text-align: center;\" rowspan=\"2\">6.3<\/td>\n<td style=\"text-align: center;\" rowspan=\"2\">3.9<\/td>\n<td style=\"text-align: center;\" rowspan=\"2\">3.5<\/td>\n<td style=\"text-align: center;\" rowspan=\"2\">#10<\/td>\n<td style=\"text-align: center;\" rowspan=\"2\">6.3<\/td>\n<td style=\"text-align: center;\" rowspan=\"2\">Jeshile e zez\u00eb<\/td>\n<\/tr>\n<tr>\n<td style=\"text-align: center;\">E6018<\/td>\n<td style=\"text-align: center;\">18<\/td>\n<td style=\"text-align: center;\">26<\/td>\n<\/tr>\n<tr>\n<td style=\"text-align: center;\">E10-12<\/td>\n<td style=\"text-align: center;\">12<\/td>\n<td style=\"text-align: center;\">24.5<\/td>\n<td style=\"text-align: center;\" rowspan=\"2\">7.6<\/td>\n<td style=\"text-align: center;\" rowspan=\"2\">4.9<\/td>\n<td style=\"text-align: center;\" rowspan=\"2\">4.5<\/td>\n<td style=\"text-align: center;\" rowspan=\"2\">#7<\/td>\n<td style=\"text-align: center;\" rowspan=\"2\">10<\/td>\n<td style=\"text-align: center;\" rowspan=\"2\" width=\"122\">E bardh\u00eb Qum\u00ebshti kafe E gjelb\u00ebr<\/td>\n<\/tr>\n<tr>\n<td style=\"text-align: center;\">E10-18<\/td>\n<td style=\"text-align: center;\">18<\/td>\n<td style=\"text-align: center;\">27.5<\/td>\n<\/tr>\n<tr>\n<td style=\"text-align: center;\">E16-12<\/td>\n<td style=\"text-align: center;\">12<\/td>\n<td style=\"text-align: center;\">22<\/td>\n<td style=\"text-align: center;\" rowspan=\"2\">8.8<\/td>\n<td style=\"text-align: center;\" rowspan=\"2\">6.2<\/td>\n<td style=\"text-align: center;\" rowspan=\"2\">5.8<\/td>\n<td style=\"text-align: center;\" rowspan=\"2\">#5<\/td>\n<td style=\"text-align: center;\" rowspan=\"2\">16<\/td>\n<td style=\"text-align: center;\" rowspan=\"2\" width=\"122\">E gjelb\u00ebr e bardh\u00eb e qum\u00ebshtit<\/td>\n<\/tr>\n<tr>\n<td style=\"text-align: center;\">E16-18<\/td>\n<td style=\"text-align: center;\">18<\/td>\n<td style=\"text-align: center;\">28.2<\/td>\n<\/tr>\n<tr>\n<td style=\"text-align: center;\">E25-16<\/td>\n<td style=\"text-align: center;\">18<\/td>\n<td style=\"text-align: center;\">29<\/td>\n<td style=\"text-align: center;\" rowspan=\"2\">11.2<\/td>\n<td style=\"text-align: center;\" rowspan=\"2\">7.9<\/td>\n<td style=\"text-align: center;\" rowspan=\"2\">7.5<\/td>\n<td style=\"text-align: center;\" rowspan=\"2\">#4<\/td>\n<td style=\"text-align: center;\" rowspan=\"2\">25<\/td>\n<td style=\"text-align: center;\" rowspan=\"2\" width=\"122\">Blcak jeshil kafe<\/td>\n<\/tr>\n<tr>\n<td style=\"text-align: center;\">E25-22<\/td>\n<td style=\"text-align: center;\">22<\/td>\n<td style=\"text-align: center;\">35<\/td>\n<\/tr>\n<tr>\n<td style=\"text-align: center;\">E35-16<\/td>\n<td style=\"text-align: center;\">16<\/td>\n<td style=\"text-align: center;\">30<\/td>\n<td style=\"text-align: center;\" rowspan=\"2\">12.7<\/td>\n<td style=\"text-align: center;\" rowspan=\"2\">8.7<\/td>\n<td style=\"text-align: center;\" rowspan=\"2\">8.3<\/td>\n<td style=\"text-align: center;\" rowspan=\"2\">#2<\/td>\n<td style=\"text-align: center;\" rowspan=\"2\">35<\/td>\n<td style=\"text-align: center;\" rowspan=\"2\">Kafe gri<\/td>\n<\/tr>\n<tr>\n<td style=\"text-align: center;\">E35-25<\/td>\n<td style=\"text-align: center;\">25<\/td>\n<td style=\"text-align: center;\">39<\/td>\n<\/tr>\n<tr>\n<td style=\"text-align: center;\">E50-20<\/td>\n<td style=\"text-align: center;\">20<\/td>\n<td style=\"text-align: center;\">46<\/td>\n<td style=\"text-align: center;\" rowspan=\"2\">15.3<\/td>\n<td style=\"text-align: center;\" rowspan=\"2\">10.9<\/td>\n<td style=\"text-align: center;\" rowspan=\"2\">10.3<\/td>\n<td style=\"text-align: center;\" rowspan=\"2\">#1<\/td>\n<td style=\"text-align: center;\" rowspan=\"2\">50<\/td>\n<td style=\"text-align: center;\" rowspan=\"2\">Ulliri<\/td>\n<\/tr>\n<tr>\n<td style=\"text-align: center;\">E50-25<\/td>\n<td style=\"text-align: center;\">25<\/td>\n<td style=\"text-align: center;\">41<\/td>\n<\/tr>\n<\/tbody>\n<\/table>\n\n\n<p><\/p>","protected":false},"parent":0,"template":"","product_category":[108],"class_list":["post-4310","product","type-product","status-publish","hentry","product_category-pre-insulated-terminal"],"yoast_head":"<!-- This site is optimized with the Yoast SEO plugin v27.3 - https:\/\/yoast.com\/product\/yoast-seo-wordpress\/ -->\n<title>WholesaleCord Inslated End Terminal - TOSUNlux Official Site - Electrical Circuit Breaker Manufacturer in China Low Voltage Electrical Supplier | TOSUNlux<\/title>\n<meta name=\"description\" content=\"Cord Inslated End Terminal Supplier - Wholesale direct from TOSUNlux, a trusted manufacturer since 1994. Get your B2B factory quote on our certified Low Voltage electrical products.\" \/>\n<meta name=\"robots\" content=\"index, follow, max-snippet:-1, max-image-preview:large, max-video-preview:-1\" \/>\n<link rel=\"canonical\" href=\"https:\/\/www.tosunlux.eu\/sq\/products\/cord-inslated-end-terminal\/\" \/>\n<meta property=\"og:locale\" content=\"sq_AL\" \/>\n<meta property=\"og:type\" content=\"article\" \/>\n<meta property=\"og:title\" content=\"WholesaleCord Inslated End Terminal - TOSUNlux Official Site - Electrical Circuit Breaker Manufacturer in China Low Voltage Electrical Supplier | TOSUNlux\" \/>\n<meta property=\"og:description\" content=\"Cord Inslated End Terminal Supplier - Wholesale direct from TOSUNlux, a trusted manufacturer since 1994. Get your B2B factory quote on our certified Low Voltage electrical products.\" \/>\n<meta property=\"og:url\" content=\"https:\/\/www.tosunlux.eu\/sq\/products\/cord-inslated-end-terminal\/\" \/>\n<meta property=\"og:site_name\" content=\"TOSUNlux Official Site - Electrical Circuit Breaker Manufacturer in China\" \/>\n<meta property=\"article:publisher\" content=\"https:\/\/www.facebook.com\/TOSUNelectric\/\" \/>\n<meta property=\"article:modified_time\" content=\"2022-07-08T08:42:21+00:00\" \/>\n<meta property=\"og:image\" content=\"https:\/\/www.tosunlux.eu\/wp-content\/uploads\/2023\/04\/DSC08160_\u526f\u672c.jpg\" \/>\n\t<meta property=\"og:image:width\" content=\"1500\" \/>\n\t<meta property=\"og:image:height\" content=\"940\" \/>\n\t<meta property=\"og:image:type\" content=\"image\/jpeg\" \/>\n<meta name=\"twitter:card\" content=\"summary_large_image\" \/>\n<meta name=\"twitter:label1\" content=\"Est. reading time\" \/>\n\t<meta name=\"twitter:data1\" content=\"1 minut\u00eb\" \/>\n<script type=\"application\/ld+json\" class=\"yoast-schema-graph\">{\"@context\":\"https:\\\/\\\/schema.org\",\"@graph\":[{\"@type\":\"WebPage\",\"@id\":\"https:\\\/\\\/www.tosunlux.eu\\\/fr\\\/products\\\/cord-inslated-end-terminal\\\/\",\"url\":\"https:\\\/\\\/www.tosunlux.eu\\\/fr\\\/products\\\/cord-inslated-end-terminal\\\/\",\"name\":\"WholesaleCord Inslated End Terminal - TOSUNlux Official Site - Electrical Circuit Breaker Manufacturer in China Low Voltage Electrical Supplier | TOSUNlux\",\"isPartOf\":{\"@id\":\"https:\\\/\\\/www.tosunlux.eu\\\/ru\\\/#website\"},\"datePublished\":\"2022-07-08T08:42:20+00:00\",\"dateModified\":\"2022-07-08T08:42:21+00:00\",\"description\":\"Cord Inslated End Terminal Supplier - Wholesale direct from TOSUNlux, a trusted manufacturer since 1994. Get your B2B factory quote on our certified Low Voltage electrical products.\",\"breadcrumb\":{\"@id\":\"https:\\\/\\\/www.tosunlux.eu\\\/fr\\\/products\\\/cord-inslated-end-terminal\\\/#breadcrumb\"},\"inLanguage\":\"sq\",\"potentialAction\":[{\"@type\":\"ReadAction\",\"target\":[\"https:\\\/\\\/www.tosunlux.eu\\\/fr\\\/products\\\/cord-inslated-end-terminal\\\/\"]}]},{\"@type\":\"BreadcrumbList\",\"@id\":\"https:\\\/\\\/www.tosunlux.eu\\\/fr\\\/products\\\/cord-inslated-end-terminal\\\/#breadcrumb\",\"itemListElement\":[{\"@type\":\"ListItem\",\"position\":1,\"name\":\"Home\",\"item\":\"https:\\\/\\\/www.tosunlux.eu\\\/ru\\\/\"},{\"@type\":\"ListItem\",\"position\":2,\"name\":\"Products\",\"item\":\"https:\\\/\\\/www.tosunlux.eu\\\/products\\\/\"},{\"@type\":\"ListItem\",\"position\":3,\"name\":\"Cord Inslated End Terminal\"}]},{\"@type\":\"WebSite\",\"@id\":\"https:\\\/\\\/www.tosunlux.eu\\\/ru\\\/#website\",\"url\":\"https:\\\/\\\/www.tosunlux.eu\\\/ru\\\/\",\"name\":\"TOSUNlux Official Site - Electrical Circuit Breaker Manufacturer in China\",\"description\":\"Power Distribution System Supplier\",\"publisher\":{\"@id\":\"https:\\\/\\\/www.tosunlux.eu\\\/ru\\\/#organization\"},\"alternateName\":\"TOSUNlux\",\"potentialAction\":[{\"@type\":\"SearchAction\",\"target\":{\"@type\":\"EntryPoint\",\"urlTemplate\":\"https:\\\/\\\/www.tosunlux.eu\\\/ru\\\/?s={search_term_string}\"},\"query-input\":{\"@type\":\"PropertyValueSpecification\",\"valueRequired\":true,\"valueName\":\"search_term_string\"}}],\"inLanguage\":\"sq\"},{\"@type\":\"Organization\",\"@id\":\"https:\\\/\\\/www.tosunlux.eu\\\/ru\\\/#organization\",\"name\":\"TOSUNlux\",\"url\":\"https:\\\/\\\/www.tosunlux.eu\\\/ru\\\/\",\"logo\":{\"@type\":\"ImageObject\",\"inLanguage\":\"sq\",\"@id\":\"https:\\\/\\\/www.tosunlux.eu\\\/ru\\\/#\\\/schema\\\/logo\\\/image\\\/\",\"url\":\"https:\\\/\\\/www.tosunlux.eu\\\/wp-content\\\/uploads\\\/2022\\\/01\\\/LOGOSYSM.71762f1.png\",\"contentUrl\":\"https:\\\/\\\/www.tosunlux.eu\\\/wp-content\\\/uploads\\\/2022\\\/01\\\/LOGOSYSM.71762f1.png\",\"width\":153,\"height\":55,\"caption\":\"TOSUNlux\"},\"image\":{\"@id\":\"https:\\\/\\\/www.tosunlux.eu\\\/ru\\\/#\\\/schema\\\/logo\\\/image\\\/\"},\"sameAs\":[\"https:\\\/\\\/www.facebook.com\\\/TOSUNelectric\\\/\",\"https:\\\/\\\/www.linkedin.com\\\/company\\\/wenzhou-tosun-electric-co.-ltd\\\/\"]}]}<\/script>\n<!-- \/ Yoast SEO plugin. -->","yoast_head_json":{"title":"WholesaleCord Inslated End Terminal - TOSUNlux Official Site - Electrical Circuit Breaker Manufacturer in China Low Voltage Electrical Supplier | TOSUNlux","description":"Cord Inslated End Terminal Supplier - Wholesale direct from TOSUNlux, a trusted manufacturer since 1994. Get your B2B factory quote on our certified Low Voltage electrical products.","robots":{"index":"index","follow":"follow","max-snippet":"max-snippet:-1","max-image-preview":"max-image-preview:large","max-video-preview":"max-video-preview:-1"},"canonical":"https:\/\/www.tosunlux.eu\/sq\/products\/cord-inslated-end-terminal\/","og_locale":"sq_AL","og_type":"article","og_title":"WholesaleCord Inslated End Terminal - TOSUNlux Official Site - Electrical Circuit Breaker Manufacturer in China Low Voltage Electrical Supplier | TOSUNlux","og_description":"Cord Inslated End Terminal Supplier - Wholesale direct from TOSUNlux, a trusted manufacturer since 1994. Get your B2B factory quote on our certified Low Voltage electrical products.","og_url":"https:\/\/www.tosunlux.eu\/sq\/products\/cord-inslated-end-terminal\/","og_site_name":"TOSUNlux Official Site - Electrical Circuit Breaker Manufacturer in China","article_publisher":"https:\/\/www.facebook.com\/TOSUNelectric\/","article_modified_time":"2022-07-08T08:42:21+00:00","og_image":[{"width":1500,"height":940,"url":"https:\/\/www.tosunlux.eu\/wp-content\/uploads\/2023\/04\/DSC08160_\u526f\u672c.jpg","type":"image\/jpeg"}],"twitter_card":"summary_large_image","twitter_misc":{"Est. reading time":"1 minut\u00eb"},"schema":{"@context":"https:\/\/schema.org","@graph":[{"@type":"WebPage","@id":"https:\/\/www.tosunlux.eu\/fr\/products\/cord-inslated-end-terminal\/","url":"https:\/\/www.tosunlux.eu\/fr\/products\/cord-inslated-end-terminal\/","name":"WholesaleCord Inslated End Terminal - TOSUNlux Official Site - Electrical Circuit Breaker Manufacturer in China Low Voltage Electrical Supplier | TOSUNlux","isPartOf":{"@id":"https:\/\/www.tosunlux.eu\/ru\/#website"},"datePublished":"2022-07-08T08:42:20+00:00","dateModified":"2022-07-08T08:42:21+00:00","description":"Cord Inslated End Terminal Supplier - Wholesale direct from TOSUNlux, a trusted manufacturer since 1994. Get your B2B factory quote on our certified Low Voltage electrical products.","breadcrumb":{"@id":"https:\/\/www.tosunlux.eu\/fr\/products\/cord-inslated-end-terminal\/#breadcrumb"},"inLanguage":"sq","potentialAction":[{"@type":"ReadAction","target":["https:\/\/www.tosunlux.eu\/fr\/products\/cord-inslated-end-terminal\/"]}]},{"@type":"BreadcrumbList","@id":"https:\/\/www.tosunlux.eu\/fr\/products\/cord-inslated-end-terminal\/#breadcrumb","itemListElement":[{"@type":"ListItem","position":1,"name":"Home","item":"https:\/\/www.tosunlux.eu\/ru\/"},{"@type":"ListItem","position":2,"name":"Products","item":"https:\/\/www.tosunlux.eu\/products\/"},{"@type":"ListItem","position":3,"name":"Cord Inslated End Terminal"}]},{"@type":"WebSite","@id":"https:\/\/www.tosunlux.eu\/ru\/#website","url":"https:\/\/www.tosunlux.eu\/ru\/","name":"Faqja zyrtare e TOSUNlux - Prodhuesi i nd\u00ebrprer\u00ebsve t\u00eb qarkut elektrik n\u00eb Kin\u00eb","description":"Furnizuesi i Sistemit t\u00eb Shp\u00ebrndarjes s\u00eb Energjis\u00eb","publisher":{"@id":"https:\/\/www.tosunlux.eu\/ru\/#organization"},"alternateName":"TOSUNlux","potentialAction":[{"@type":"SearchAction","target":{"@type":"EntryPoint","urlTemplate":"https:\/\/www.tosunlux.eu\/ru\/?s={search_term_string}"},"query-input":{"@type":"PropertyValueSpecification","valueRequired":true,"valueName":"search_term_string"}}],"inLanguage":"sq"},{"@type":"Organization","@id":"https:\/\/www.tosunlux.eu\/ru\/#organization","name":"TOSUNlux","url":"https:\/\/www.tosunlux.eu\/ru\/","logo":{"@type":"ImageObject","inLanguage":"sq","@id":"https:\/\/www.tosunlux.eu\/ru\/#\/schema\/logo\/image\/","url":"https:\/\/www.tosunlux.eu\/wp-content\/uploads\/2022\/01\/LOGOSYSM.71762f1.png","contentUrl":"https:\/\/www.tosunlux.eu\/wp-content\/uploads\/2022\/01\/LOGOSYSM.71762f1.png","width":153,"height":55,"caption":"TOSUNlux"},"image":{"@id":"https:\/\/www.tosunlux.eu\/ru\/#\/schema\/logo\/image\/"},"sameAs":["https:\/\/www.facebook.com\/TOSUNelectric\/","https:\/\/www.linkedin.com\/company\/wenzhou-tosun-electric-co.-ltd\/"]}]}},"_links":{"self":[{"href":"https:\/\/www.tosunlux.eu\/sq\/wp-json\/wp\/v2\/product\/4310","targetHints":{"allow":["GET"]}}],"collection":[{"href":"https:\/\/www.tosunlux.eu\/sq\/wp-json\/wp\/v2\/product"}],"about":[{"href":"https:\/\/www.tosunlux.eu\/sq\/wp-json\/wp\/v2\/types\/product"}],"version-history":[{"count":1,"href":"https:\/\/www.tosunlux.eu\/sq\/wp-json\/wp\/v2\/product\/4310\/revisions"}],"predecessor-version":[{"id":4313,"href":"https:\/\/www.tosunlux.eu\/sq\/wp-json\/wp\/v2\/product\/4310\/revisions\/4313"}],"wp:attachment":[{"href":"https:\/\/www.tosunlux.eu\/sq\/wp-json\/wp\/v2\/media?parent=4310"}],"wp:term":[{"taxonomy":"product_category","embeddable":true,"href":"https:\/\/www.tosunlux.eu\/sq\/wp-json\/wp\/v2\/product_category?post=4310"}],"curies":[{"name":"wp","href":"https:\/\/api.w.org\/{rel}","templated":true}]}}