{"id":5031,"date":"2022-09-12T17:05:30","date_gmt":"2022-09-12T09:05:30","guid":{"rendered":"https:\/\/www.tosunlux.eu\/?post_type=product&#038;p=5031"},"modified":"2022-09-22T14:25:54","modified_gmt":"2022-09-22T06:25:54","slug":"tdd1-modular-digital-voltmeter","status":"publish","type":"product","link":"https:\/\/www.tosunlux.eu\/sq\/products\/tdd1-modular-digital-voltmeter\/","title":{"rendered":"Voltmet\u00ebr dixhital modular TDD1"},"content":{"rendered":"<p><strong>Aplikimi<\/strong><\/p>\n\n\n\n<p>Voltmetri dixhital modular i seris\u00eb TDD1 mund t\u00eb p\u00ebrdoret p\u00ebr tregues t\u00eb tensionit n\u00eb raste t\u00eb ndryshme elektrike. Treguesi nj\u00ebfazor dhe treguesi trefazor jan\u00eb t\u00eb disponuesh\u00ebm. Voltmetri miraton dizajn modular, i cili mund t\u00eb instalohet s\u00eb bashku me produkte t\u00eb tjera modulare.<br>Artikujt jan\u00eb t\u00eb p\u00ebrshtatsh\u00ebm p\u00ebr furnizim me energji AC me val\u00eb sinus 50\/60Hz dhe jan\u00eb n\u00eb p\u00ebrputhje me IEC60947-4-1.<br>Produktet jan\u00eb t\u00eb ndaluara t\u00eb p\u00ebrdoren n\u00eb nj\u00eb mjedis elektrik me konvertim t\u00eb fort\u00eb t\u00eb frekuenc\u00ebs, frekuenc\u00eb t\u00eb lart\u00eb, inverter dhe sinjale t\u00eb nd\u00ebrhyrjeve harmonike.<\/p>\n\n\n<p><strong>Specifikimi<\/strong><\/p>\n<table style=\"border-collapse: collapse; width: 690px; height: 461px;\" border=\"0\" width=\"922\" cellspacing=\"0\" cellpadding=\"0\">\n<tbody>\n<tr style=\"height: 46.00pt;\">\n<td class=\"et2\" style=\"height: 46.00pt; width: 228.95pt;\" width=\"305\" height=\"61\">Gama e ekranit t\u00eb tensionit<\/td>\n<td class=\"et3\" style=\"width: 463.05pt; text-align: center;\" width=\"617\">AC 50V-500V<\/td>\n<\/tr>\n<tr style=\"height: 46.00pt;\">\n<td class=\"et2\" style=\"height: 46.00pt; width: 228.95pt;\" width=\"305\" height=\"61\">Indikacion<\/td>\n<td class=\"et3\" style=\"width: 463.05pt; text-align: center;\" width=\"617\">E kuqe, e gjelb\u00ebr, e verdh\u00eb, blu, e bardh\u00eb<\/td>\n<\/tr>\n<tr style=\"height: 47.00pt;\">\n<td class=\"et2\" style=\"height: 47.00pt; width: 228.95pt;\" width=\"305\" height=\"62\">Preciziteti<\/td>\n<td class=\"et3\" style=\"width: 463.05pt; text-align: center;\" width=\"617\">\u571f2%V<\/td>\n<\/tr>\n<tr style=\"height: 46.00pt;\">\n<td class=\"et2\" style=\"height: 46.00pt; width: 228.95pt;\" width=\"305\" height=\"61\">Tensioni i vler\u00ebsuar i izolimit<\/td>\n<td class=\"et3\" style=\"width: 463.05pt; text-align: center;\" width=\"617\">660 V<\/td>\n<\/tr>\n<tr style=\"height: 46.00pt;\">\n<td class=\"et2\" style=\"height: 46.00pt; width: 228.95pt;\" width=\"305\" height=\"61\">Shkalla e kampionimit<\/td>\n<td class=\"et3\" style=\"width: 463.05pt; text-align: center;\" width=\"617\">1 her\u00eb\/s<\/td>\n<\/tr>\n<tr style=\"height: 47.00pt;\">\n<td class=\"et2\" style=\"height: 47.00pt; width: 228.95pt;\" width=\"305\" height=\"62\">Konsumi i energjis\u00eb i lakut t\u00eb hyrjes<\/td>\n<td class=\"et4\" style=\"width: 463.05pt; text-align: center;\" width=\"617\">\u2264<span class=\"font0\">2VA<\/span><\/td>\n<\/tr>\n<tr style=\"height: 46.00pt;\">\n<td class=\"et2\" style=\"height: 46.00pt; width: 228.95pt;\" width=\"305\" height=\"61\">Lart\u00ebsia mbidetare<\/td>\n<td class=\"et4\" style=\"width: 463.05pt; text-align: center;\" width=\"617\">\u2264<span class=\"font0\">2000 m<\/span><\/td>\n<\/tr>\n<tr style=\"height: 46.00pt;\">\n<td class=\"et2\" style=\"height: 46.00pt; width: 228.95pt;\" width=\"305\" height=\"61\">Temperatura e ambientit<\/td>\n<td class=\"et3\" style=\"width: 463.05pt; text-align: center;\" width=\"617\">-50\u00b0C~55\u00b0C<\/td>\n<\/tr>\n<tr style=\"height: 47.00pt;\">\n<td class=\"et2\" style=\"height: 47.00pt; width: 228.95pt;\" width=\"305\" height=\"62\">Lag\u00ebshtia<\/td>\n<td class=\"et3\" style=\"width: 463.05pt; text-align: center;\" width=\"617\">&lt;50% 40\u00b0C<\/td>\n<\/tr>\n<tr style=\"height: 45.00pt;\">\n<td class=\"et2\" style=\"height: 45.00pt; width: 228.95pt;\" width=\"305\" height=\"60\">Temperatura e ruajtjes<\/td>\n<td class=\"et3\" style=\"width: 463.05pt; text-align: center;\" width=\"617\">-30\u00b0C~70\u00b0C<\/td>\n<\/tr>\n<\/tbody>\n<\/table>\n\n\n<p><strong>Dimensionet<\/strong><\/p>\n\n\n\n<figure class=\"wp-block-image size-full is-resized\"><img fetchpriority=\"high\" decoding=\"async\" src=\"https:\/\/www.tosunlux.eu\/wp-content\/uploads\/2022\/09\/TDD-Modular-Digital-Voltmeter-3.jpg\" alt=\"\" class=\"wp-image-5149\" width=\"755\" height=\"360\" srcset=\"https:\/\/www.tosunlux.eu\/wp-content\/uploads\/2022\/09\/TDD-Modular-Digital-Voltmeter-3.jpg 1006w, https:\/\/www.tosunlux.eu\/wp-content\/uploads\/2022\/09\/TDD-Modular-Digital-Voltmeter-3-300x143.jpg 300w, https:\/\/www.tosunlux.eu\/wp-content\/uploads\/2022\/09\/TDD-Modular-Digital-Voltmeter-3-768x366.jpg 768w\" sizes=\"(max-width: 755px) 100vw, 755px\" \/><\/figure>","protected":false},"parent":0,"template":"","product_category":[75,126],"class_list":["post-5031","product","type-product","status-publish","hentry","product_category-instruments","product_category-multimeter"],"yoast_head":"<!-- This site is optimized with the Yoast SEO plugin v27.5 - https:\/\/yoast.com\/product\/yoast-seo-wordpress\/ -->\n<title>WholesaleTDD1 Modular Digital Voltmeter - TOSUNlux Official Site - Electrical Circuit Breaker Manufacturer in China Low Voltage Electrical Supplier | TOSUNlux<\/title>\n<meta name=\"description\" content=\"TDD1 Modular Digital Voltmeter Supplier - Wholesale direct from TOSUNlux, a trusted manufacturer since 1994. Get your B2B factory quote on our certified Low Voltage electrical products.\" \/>\n<meta name=\"robots\" content=\"index, follow, max-snippet:-1, max-image-preview:large, max-video-preview:-1\" \/>\n<link rel=\"canonical\" href=\"https:\/\/www.tosunlux.eu\/sq\/products\/tdd1-modular-digital-voltmeter\/\" \/>\n<meta property=\"og:locale\" content=\"sq_AL\" \/>\n<meta property=\"og:type\" content=\"article\" \/>\n<meta property=\"og:title\" content=\"WholesaleTDD1 Modular Digital Voltmeter - TOSUNlux Official Site - Electrical Circuit Breaker Manufacturer in China Low Voltage Electrical Supplier | TOSUNlux\" \/>\n<meta property=\"og:description\" content=\"TDD1 Modular Digital Voltmeter Supplier - Wholesale direct from TOSUNlux, a trusted manufacturer since 1994. Get your B2B factory quote on our certified Low Voltage electrical products.\" \/>\n<meta property=\"og:url\" content=\"https:\/\/www.tosunlux.eu\/sq\/products\/tdd1-modular-digital-voltmeter\/\" \/>\n<meta property=\"og:site_name\" content=\"TOSUNlux Official Site - Electrical Circuit Breaker Manufacturer in China\" \/>\n<meta property=\"article:publisher\" content=\"https:\/\/www.facebook.com\/TOSUNelectric\/\" \/>\n<meta property=\"article:modified_time\" content=\"2022-09-22T06:25:54+00:00\" \/>\n<meta property=\"og:image\" content=\"https:\/\/www.tosunlux.eu\/wp-content\/uploads\/2022\/09\/TDD-Modular-Digital-Voltmeter-3.jpg\" \/>\n<meta name=\"twitter:card\" content=\"summary_large_image\" \/>\n<meta name=\"twitter:label1\" content=\"Est. reading time\" \/>\n\t<meta name=\"twitter:data1\" content=\"1 minut\u00eb\" \/>\n<script type=\"application\/ld+json\" class=\"yoast-schema-graph\">{\"@context\":\"https:\\\/\\\/schema.org\",\"@graph\":[{\"@type\":\"WebPage\",\"@id\":\"https:\\\/\\\/www.tosunlux.eu\\\/id\\\/products\\\/tdd1-modular-digital-voltmeter\\\/\",\"url\":\"https:\\\/\\\/www.tosunlux.eu\\\/id\\\/products\\\/tdd1-modular-digital-voltmeter\\\/\",\"name\":\"WholesaleTDD1 Modular Digital Voltmeter - TOSUNlux Official Site - Electrical Circuit Breaker Manufacturer in China Low Voltage Electrical Supplier | TOSUNlux\",\"isPartOf\":{\"@id\":\"https:\\\/\\\/www.tosunlux.eu\\\/ru\\\/#website\"},\"primaryImageOfPage\":{\"@id\":\"https:\\\/\\\/www.tosunlux.eu\\\/id\\\/products\\\/tdd1-modular-digital-voltmeter\\\/#primaryimage\"},\"image\":{\"@id\":\"https:\\\/\\\/www.tosunlux.eu\\\/id\\\/products\\\/tdd1-modular-digital-voltmeter\\\/#primaryimage\"},\"thumbnailUrl\":\"https:\\\/\\\/www.tosunlux.eu\\\/wp-content\\\/uploads\\\/2022\\\/09\\\/TDD-Modular-Digital-Voltmeter-3.jpg\",\"datePublished\":\"2022-09-12T09:05:30+00:00\",\"dateModified\":\"2022-09-22T06:25:54+00:00\",\"description\":\"TDD1 Modular Digital Voltmeter Supplier - Wholesale direct from TOSUNlux, a trusted manufacturer since 1994. Get your B2B factory quote on our certified Low Voltage electrical products.\",\"breadcrumb\":{\"@id\":\"https:\\\/\\\/www.tosunlux.eu\\\/id\\\/products\\\/tdd1-modular-digital-voltmeter\\\/#breadcrumb\"},\"inLanguage\":\"sq\",\"potentialAction\":[{\"@type\":\"ReadAction\",\"target\":[\"https:\\\/\\\/www.tosunlux.eu\\\/id\\\/products\\\/tdd1-modular-digital-voltmeter\\\/\"]}]},{\"@type\":\"ImageObject\",\"inLanguage\":\"sq\",\"@id\":\"https:\\\/\\\/www.tosunlux.eu\\\/id\\\/products\\\/tdd1-modular-digital-voltmeter\\\/#primaryimage\",\"url\":\"https:\\\/\\\/www.tosunlux.eu\\\/wp-content\\\/uploads\\\/2022\\\/09\\\/TDD-Modular-Digital-Voltmeter-3.jpg\",\"contentUrl\":\"https:\\\/\\\/www.tosunlux.eu\\\/wp-content\\\/uploads\\\/2022\\\/09\\\/TDD-Modular-Digital-Voltmeter-3.jpg\"},{\"@type\":\"BreadcrumbList\",\"@id\":\"https:\\\/\\\/www.tosunlux.eu\\\/id\\\/products\\\/tdd1-modular-digital-voltmeter\\\/#breadcrumb\",\"itemListElement\":[{\"@type\":\"ListItem\",\"position\":1,\"name\":\"Home\",\"item\":\"https:\\\/\\\/www.tosunlux.eu\\\/ru\\\/\"},{\"@type\":\"ListItem\",\"position\":2,\"name\":\"Products\",\"item\":\"https:\\\/\\\/www.tosunlux.eu\\\/products\\\/\"},{\"@type\":\"ListItem\",\"position\":3,\"name\":\"TDD1 Modular Digital Voltmeter\"}]},{\"@type\":\"WebSite\",\"@id\":\"https:\\\/\\\/www.tosunlux.eu\\\/ru\\\/#website\",\"url\":\"https:\\\/\\\/www.tosunlux.eu\\\/ru\\\/\",\"name\":\"TOSUNlux Official Site - Electrical Circuit Breaker Manufacturer in China\",\"description\":\"Power Distribution System Supplier\",\"publisher\":{\"@id\":\"https:\\\/\\\/www.tosunlux.eu\\\/ru\\\/#organization\"},\"alternateName\":\"TOSUNlux\",\"potentialAction\":[{\"@type\":\"SearchAction\",\"target\":{\"@type\":\"EntryPoint\",\"urlTemplate\":\"https:\\\/\\\/www.tosunlux.eu\\\/ru\\\/?s={search_term_string}\"},\"query-input\":{\"@type\":\"PropertyValueSpecification\",\"valueRequired\":true,\"valueName\":\"search_term_string\"}}],\"inLanguage\":\"sq\"},{\"@type\":\"Organization\",\"@id\":\"https:\\\/\\\/www.tosunlux.eu\\\/ru\\\/#organization\",\"name\":\"TOSUNlux\",\"url\":\"https:\\\/\\\/www.tosunlux.eu\\\/ru\\\/\",\"logo\":{\"@type\":\"ImageObject\",\"inLanguage\":\"sq\",\"@id\":\"https:\\\/\\\/www.tosunlux.eu\\\/ru\\\/#\\\/schema\\\/logo\\\/image\\\/\",\"url\":\"https:\\\/\\\/www.tosunlux.eu\\\/wp-content\\\/uploads\\\/2022\\\/01\\\/LOGOSYSM.71762f1.png\",\"contentUrl\":\"https:\\\/\\\/www.tosunlux.eu\\\/wp-content\\\/uploads\\\/2022\\\/01\\\/LOGOSYSM.71762f1.png\",\"width\":153,\"height\":55,\"caption\":\"TOSUNlux\"},\"image\":{\"@id\":\"https:\\\/\\\/www.tosunlux.eu\\\/ru\\\/#\\\/schema\\\/logo\\\/image\\\/\"},\"sameAs\":[\"https:\\\/\\\/www.facebook.com\\\/TOSUNelectric\\\/\",\"https:\\\/\\\/www.linkedin.com\\\/company\\\/wenzhou-tosun-electric-co.-ltd\\\/\"]}]}<\/script>\n<!-- \/ Yoast SEO plugin. -->","yoast_head_json":{"title":"WholesaleTDD1 Modular Digital Voltmeter - TOSUNlux Official Site - Electrical Circuit Breaker Manufacturer in China Low Voltage Electrical Supplier | TOSUNlux","description":"TDD1 Modular Digital Voltmeter Supplier - Wholesale direct from TOSUNlux, a trusted manufacturer since 1994. Get your B2B factory quote on our certified Low Voltage electrical products.","robots":{"index":"index","follow":"follow","max-snippet":"max-snippet:-1","max-image-preview":"max-image-preview:large","max-video-preview":"max-video-preview:-1"},"canonical":"https:\/\/www.tosunlux.eu\/sq\/products\/tdd1-modular-digital-voltmeter\/","og_locale":"sq_AL","og_type":"article","og_title":"WholesaleTDD1 Modular Digital Voltmeter - TOSUNlux Official Site - Electrical Circuit Breaker Manufacturer in China Low Voltage Electrical Supplier | TOSUNlux","og_description":"TDD1 Modular Digital Voltmeter Supplier - Wholesale direct from TOSUNlux, a trusted manufacturer since 1994. Get your B2B factory quote on our certified Low Voltage electrical products.","og_url":"https:\/\/www.tosunlux.eu\/sq\/products\/tdd1-modular-digital-voltmeter\/","og_site_name":"TOSUNlux Official Site - Electrical Circuit Breaker Manufacturer in China","article_publisher":"https:\/\/www.facebook.com\/TOSUNelectric\/","article_modified_time":"2022-09-22T06:25:54+00:00","og_image":[{"url":"https:\/\/www.tosunlux.eu\/wp-content\/uploads\/2022\/09\/TDD-Modular-Digital-Voltmeter-3.jpg","type":"","width":"","height":""}],"twitter_card":"summary_large_image","twitter_misc":{"Est. reading time":"1 minut\u00eb"},"schema":{"@context":"https:\/\/schema.org","@graph":[{"@type":"WebPage","@id":"https:\/\/www.tosunlux.eu\/id\/products\/tdd1-modular-digital-voltmeter\/","url":"https:\/\/www.tosunlux.eu\/id\/products\/tdd1-modular-digital-voltmeter\/","name":"WholesaleTDD1 Modular Digital Voltmeter - TOSUNlux Official Site - Electrical Circuit Breaker Manufacturer in China Low Voltage Electrical Supplier | TOSUNlux","isPartOf":{"@id":"https:\/\/www.tosunlux.eu\/ru\/#website"},"primaryImageOfPage":{"@id":"https:\/\/www.tosunlux.eu\/id\/products\/tdd1-modular-digital-voltmeter\/#primaryimage"},"image":{"@id":"https:\/\/www.tosunlux.eu\/id\/products\/tdd1-modular-digital-voltmeter\/#primaryimage"},"thumbnailUrl":"https:\/\/www.tosunlux.eu\/wp-content\/uploads\/2022\/09\/TDD-Modular-Digital-Voltmeter-3.jpg","datePublished":"2022-09-12T09:05:30+00:00","dateModified":"2022-09-22T06:25:54+00:00","description":"TDD1 Modular Digital Voltmeter Supplier - Wholesale direct from TOSUNlux, a trusted manufacturer since 1994. Get your B2B factory quote on our certified Low Voltage electrical products.","breadcrumb":{"@id":"https:\/\/www.tosunlux.eu\/id\/products\/tdd1-modular-digital-voltmeter\/#breadcrumb"},"inLanguage":"sq","potentialAction":[{"@type":"ReadAction","target":["https:\/\/www.tosunlux.eu\/id\/products\/tdd1-modular-digital-voltmeter\/"]}]},{"@type":"ImageObject","inLanguage":"sq","@id":"https:\/\/www.tosunlux.eu\/id\/products\/tdd1-modular-digital-voltmeter\/#primaryimage","url":"https:\/\/www.tosunlux.eu\/wp-content\/uploads\/2022\/09\/TDD-Modular-Digital-Voltmeter-3.jpg","contentUrl":"https:\/\/www.tosunlux.eu\/wp-content\/uploads\/2022\/09\/TDD-Modular-Digital-Voltmeter-3.jpg"},{"@type":"BreadcrumbList","@id":"https:\/\/www.tosunlux.eu\/id\/products\/tdd1-modular-digital-voltmeter\/#breadcrumb","itemListElement":[{"@type":"ListItem","position":1,"name":"Home","item":"https:\/\/www.tosunlux.eu\/ru\/"},{"@type":"ListItem","position":2,"name":"Products","item":"https:\/\/www.tosunlux.eu\/products\/"},{"@type":"ListItem","position":3,"name":"TDD1 Modular Digital Voltmeter"}]},{"@type":"WebSite","@id":"https:\/\/www.tosunlux.eu\/ru\/#website","url":"https:\/\/www.tosunlux.eu\/ru\/","name":"Faqja zyrtare e TOSUNlux - Prodhuesi i nd\u00ebrprer\u00ebsve t\u00eb qarkut elektrik n\u00eb Kin\u00eb","description":"Furnizuesi i Sistemit t\u00eb Shp\u00ebrndarjes s\u00eb Energjis\u00eb","publisher":{"@id":"https:\/\/www.tosunlux.eu\/ru\/#organization"},"alternateName":"TOSUNlux","potentialAction":[{"@type":"SearchAction","target":{"@type":"EntryPoint","urlTemplate":"https:\/\/www.tosunlux.eu\/ru\/?s={search_term_string}"},"query-input":{"@type":"PropertyValueSpecification","valueRequired":true,"valueName":"search_term_string"}}],"inLanguage":"sq"},{"@type":"Organization","@id":"https:\/\/www.tosunlux.eu\/ru\/#organization","name":"TOSUNlux","url":"https:\/\/www.tosunlux.eu\/ru\/","logo":{"@type":"ImageObject","inLanguage":"sq","@id":"https:\/\/www.tosunlux.eu\/ru\/#\/schema\/logo\/image\/","url":"https:\/\/www.tosunlux.eu\/wp-content\/uploads\/2022\/01\/LOGOSYSM.71762f1.png","contentUrl":"https:\/\/www.tosunlux.eu\/wp-content\/uploads\/2022\/01\/LOGOSYSM.71762f1.png","width":153,"height":55,"caption":"TOSUNlux"},"image":{"@id":"https:\/\/www.tosunlux.eu\/ru\/#\/schema\/logo\/image\/"},"sameAs":["https:\/\/www.facebook.com\/TOSUNelectric\/","https:\/\/www.linkedin.com\/company\/wenzhou-tosun-electric-co.-ltd\/"]}]}},"_links":{"self":[{"href":"https:\/\/www.tosunlux.eu\/sq\/wp-json\/wp\/v2\/product\/5031","targetHints":{"allow":["GET"]}}],"collection":[{"href":"https:\/\/www.tosunlux.eu\/sq\/wp-json\/wp\/v2\/product"}],"about":[{"href":"https:\/\/www.tosunlux.eu\/sq\/wp-json\/wp\/v2\/types\/product"}],"version-history":[{"count":0,"href":"https:\/\/www.tosunlux.eu\/sq\/wp-json\/wp\/v2\/product\/5031\/revisions"}],"wp:attachment":[{"href":"https:\/\/www.tosunlux.eu\/sq\/wp-json\/wp\/v2\/media?parent=5031"}],"wp:term":[{"taxonomy":"product_category","embeddable":true,"href":"https:\/\/www.tosunlux.eu\/sq\/wp-json\/wp\/v2\/product_category?post=5031"}],"curies":[{"name":"wp","href":"https:\/\/api.w.org\/{rel}","templated":true}]}}