{"id":5062,"date":"2022-09-12T18:01:46","date_gmt":"2022-09-12T10:01:46","guid":{"rendered":"https:\/\/www.tosunlux.eu\/?post_type=product&#038;p=5062"},"modified":"2022-09-12T18:01:47","modified_gmt":"2022-09-12T10:01:47","slug":"voltage-regulator","status":"publish","type":"product","link":"https:\/\/www.tosunlux.eu\/sq\/products\/voltage-regulator\/","title":{"rendered":"Rregullatori i Tensionit"},"content":{"rendered":"<p>Ap<strong>aplikim<\/strong><\/p>\n\n\n\n<p>Rregullatori i tensionit TDGC2 TSGC2 \u00ebsht\u00eb autotransformator special i cili lidhet n\u00eb forma t\u00eb ndryshme. Tensioni i tij i daljes mund t\u00eb rregullohet pa probleme dhe vazhdimisht nga zero n\u00eb vler\u00ebn maksimale. T\u00eb gjitha modelet gjejn\u00eb aplikime t\u00eb njohura n\u00eb industri, bujq\u00ebsi dhe k\u00ebrkime shkencore dhe jan\u00eb ve\u00e7an\u00ebrisht t\u00eb p\u00ebrshtatshme p\u00ebr t\u00eb sh\u00ebrbyer si pajisje ndihm\u00ebse p\u00ebr pajisje t\u00eb tilla si vegla t\u00eb ndryshme makinerish, gjurmues t\u00eb kurbave t\u00eb tranzistorit, televizor\u00eb projektues dhe instrumente analitike n\u00eb industrin\u00eb e naft\u00ebs, etj.<\/p>\n\n\n<p><strong>Specifikimi<\/strong><\/p>\n<table style=\"border-collapse: collapse; width: 433.52pt;\" border=\"0\" width=\"578\" cellspacing=\"0\" cellpadding=\"0\">\n<tbody>\n<tr style=\"height: 72.00pt;\">\n<td class=\"et2\" style=\"height: 72pt; width: 114.75pt; text-align: center;\" width=\"153\" height=\"96\">Model<\/td>\n<td class=\"et2\" style=\"width: 44.1pt; text-align: center;\" width=\"58\">Faza<\/td>\n<td class=\"et2\" style=\"width: 57.75pt; text-align: center;\" width=\"77\">Frekuenca (Hz)<\/td>\n<td class=\"et2\" style=\"width: 54.75pt; text-align: center;\" width=\"73\">Tensioni i hyrjes (V)<\/td>\n<td class=\"et2\" style=\"width: 44.25pt; text-align: center;\" width=\"59\">Tensioni i daljes (V)<\/td>\n<td class=\"et2\" style=\"width: 64pt; text-align: center;\" width=\"85\">Rryma maksimale e daljes (A)<\/td>\n<td class=\"et2\" style=\"width: 54pt; text-align: center;\" width=\"72\">Forma<\/td>\n<\/tr>\n<tr style=\"height: 25.00pt;\">\n<td class=\"et2\" style=\"height: 25.00pt; width: 114.75pt;\" width=\"153\" height=\"33\">TDGC2-0,2KVA<\/td>\n<td class=\"et3\" style=\"width: 44.1pt; border-bottom: 0.5pt solid #000000; text-align: center;\" rowspan=\"11\" width=\"58\">1<\/td>\n<td class=\"et2\" style=\"width: 57.75pt; text-align: center;\" rowspan=\"11\" width=\"77\">50\/60<\/td>\n<td class=\"et2\" style=\"width: 54.75pt; text-align: center;\" rowspan=\"11\" width=\"73\">110\/220<\/td>\n<td class=\"et2\" style=\"width: 44.25pt; text-align: center;\" rowspan=\"11\" width=\"59\">0-250<\/td>\n<td class=\"et2\" style=\"width: 64pt; text-align: center;\" width=\"85\">0.8<\/td>\n<td class=\"et2\" style=\"width: 54pt; text-align: center;\" rowspan=\"5\" width=\"72\">Rrumbullak\u00ebt<\/td>\n<\/tr>\n<tr style=\"height: 25.00pt;\">\n<td class=\"et2\" style=\"height: 25.00pt; width: 114.75pt;\" width=\"153\" height=\"33\">TDGC2-0,25KVA<\/td>\n<td class=\"et2\" style=\"width: 64pt; text-align: center;\" width=\"85\">1<\/td>\n<\/tr>\n<tr style=\"height: 25.00pt;\">\n<td class=\"et2\" style=\"height: 25.00pt; width: 114.75pt;\" width=\"153\" height=\"33\">TDGC2-0,5KVA<\/td>\n<td class=\"et2\" style=\"width: 64pt; text-align: center;\" width=\"85\">2<\/td>\n<\/tr>\n<tr style=\"height: 25.00pt;\">\n<td class=\"et2\" style=\"height: 25.00pt; width: 114.75pt;\" width=\"153\" height=\"33\">TDGC2-1KVA<\/td>\n<td class=\"et2\" style=\"width: 64pt; text-align: center;\" width=\"85\">4<\/td>\n<\/tr>\n<tr style=\"height: 25.00pt;\">\n<td class=\"et2\" style=\"height: 25.00pt; width: 114.75pt;\" width=\"153\" height=\"33\">TDGC2-2KVA<\/td>\n<td class=\"et2\" style=\"width: 64pt; text-align: center;\" width=\"85\">8<\/td>\n<\/tr>\n<tr style=\"height: 25.00pt;\">\n<td class=\"et2\" style=\"height: 25.00pt; width: 114.75pt;\" width=\"153\" height=\"33\">TDGC2-3KVA<\/td>\n<td class=\"et2\" style=\"width: 64pt; text-align: center;\" width=\"85\">12<\/td>\n<td class=\"et2\" style=\"width: 54pt; text-align: center;\" width=\"72\">Gjasht\u00ebk\u00ebnd\u00ebsh<\/td>\n<\/tr>\n<tr style=\"height: 25.00pt;\">\n<td class=\"et2\" style=\"height: 25.00pt; width: 114.75pt;\" width=\"153\" height=\"33\">TDGC2-5KVA<\/td>\n<td class=\"et2\" style=\"width: 64pt; text-align: center;\" width=\"85\">20<\/td>\n<td class=\"et2\" style=\"width: 54pt; text-align: center;\" width=\"72\">Rrumbullak\u00ebt<\/td>\n<\/tr>\n<tr style=\"height: 26.00pt;\">\n<td class=\"et2\" style=\"height: 26.00pt; width: 114.75pt;\" width=\"153\" height=\"34\">TDGC2-10KVA<\/td>\n<td class=\"et2\" style=\"width: 64pt; text-align: center;\" width=\"85\">40<\/td>\n<td class=\"et2\" style=\"width: 54pt; text-align: center;\" rowspan=\"4\" width=\"72\">Tet\u00ebvje\u00e7ar<\/td>\n<\/tr>\n<tr style=\"height: 25.00pt;\">\n<td class=\"et2\" style=\"height: 25.00pt; width: 114.75pt;\" width=\"153\" height=\"33\">TDGC2-15KVA<\/td>\n<td class=\"et2\" style=\"width: 64pt; text-align: center;\" width=\"85\">60<\/td>\n<\/tr>\n<tr style=\"height: 25.00pt;\">\n<td class=\"et2\" style=\"height: 25.00pt; width: 114.75pt;\" width=\"153\" height=\"33\">TDGC2 -20KVA<\/td>\n<td class=\"et2\" style=\"width: 64pt; text-align: center;\" width=\"85\">80<\/td>\n<\/tr>\n<tr style=\"height: 25.00pt;\">\n<td class=\"et2\" style=\"height: 25.00pt; width: 114.75pt;\" width=\"153\" height=\"33\">TDGC2 -30KVA<\/td>\n<td class=\"et2\" style=\"width: 64pt; text-align: center;\" width=\"85\">120<\/td>\n<\/tr>\n<tr style=\"height: 25.00pt;\">\n<td class=\"et2\" style=\"height: 25.00pt; width: 114.75pt;\" width=\"153\" height=\"33\">TSGC2-3KVA<\/td>\n<td class=\"et2\" style=\"width: 44.1pt; text-align: center;\" rowspan=\"6\" width=\"58\">3<\/td>\n<td class=\"et2\" style=\"width: 57.75pt; text-align: center;\" rowspan=\"6\" width=\"77\">50-60<\/td>\n<td class=\"et2\" style=\"width: 54.75pt; text-align: center;\" rowspan=\"6\" width=\"73\">220\/380<\/td>\n<td class=\"et2\" style=\"width: 44.25pt; text-align: center;\" rowspan=\"6\" width=\"59\">0-430<\/td>\n<td class=\"et2\" style=\"width: 64pt; text-align: center;\" width=\"85\">4<\/td>\n<td class=\"et2\" style=\"width: 54pt; text-align: center;\" rowspan=\"3\" width=\"72\">Gjasht\u00ebk\u00ebnd\u00ebsh<\/td>\n<\/tr>\n<tr style=\"height: 25.00pt;\">\n<td class=\"et2\" style=\"height: 25.00pt; width: 114.75pt;\" width=\"153\" height=\"33\">TSGC2-5KVA<\/td>\n<td class=\"et2\" style=\"width: 64pt; text-align: center;\" width=\"85\">8<\/td>\n<\/tr>\n<tr style=\"height: 25.00pt;\">\n<td class=\"et2\" style=\"height: 25.00pt; width: 114.75pt;\" width=\"153\" height=\"33\">TSGC2-9KVA<\/td>\n<td class=\"et2\" style=\"width: 64pt; text-align: center;\" width=\"85\">12<\/td>\n<\/tr>\n<tr style=\"height: 25.00pt;\">\n<td class=\"et2\" style=\"height: 25.00pt; width: 114.75pt;\" width=\"153\" height=\"33\">TSGC2-15KVA<\/td>\n<td class=\"et2\" style=\"width: 64pt; text-align: center;\" width=\"85\">20<\/td>\n<td class=\"et2\" style=\"width: 54pt; text-align: center;\" rowspan=\"3\" width=\"72\">Tet\u00ebk\u00ebnd\u00ebsh<\/td>\n<\/tr>\n<tr style=\"height: 25.00pt;\">\n<td class=\"et2\" style=\"height: 25.00pt; width: 114.75pt;\" width=\"153\" height=\"33\">TSGC2-20KVA<\/td>\n<td class=\"et2\" style=\"width: 64pt; text-align: center;\" width=\"85\">28<\/td>\n<\/tr>\n<tr style=\"height: 25.00pt;\">\n<td class=\"et2\" style=\"height: 25.00pt; width: 114.75pt;\" width=\"153\" height=\"33\">TSGC2-30KVA<\/td>\n<td class=\"et2\" style=\"width: 64pt; text-align: center;\" width=\"85\">40<\/td>\n<\/tr>\n<\/tbody>\n<\/table>","protected":false},"parent":0,"template":"","product_category":[75,122],"class_list":["post-5062","product","type-product","status-publish","hentry","product_category-instruments","product_category-voltage-stabilizer-regulator"],"yoast_head":"<!-- This site is optimized with the Yoast SEO plugin v27.5 - https:\/\/yoast.com\/product\/yoast-seo-wordpress\/ -->\n<title>WholesaleVoltage Regulator - TOSUNlux Official Site - Electrical Circuit Breaker Manufacturer in China Low Voltage Electrical Supplier | TOSUNlux<\/title>\n<meta name=\"description\" content=\"Voltage Regulator Supplier - Wholesale direct from TOSUNlux, a trusted manufacturer since 1994. Get your B2B factory quote on our certified Low Voltage electrical products.\" \/>\n<meta name=\"robots\" content=\"index, follow, max-snippet:-1, max-image-preview:large, max-video-preview:-1\" \/>\n<link rel=\"canonical\" href=\"https:\/\/www.tosunlux.eu\/sq\/products\/voltage-regulator\/\" \/>\n<meta property=\"og:locale\" content=\"sq_AL\" \/>\n<meta property=\"og:type\" content=\"article\" \/>\n<meta property=\"og:title\" content=\"WholesaleVoltage Regulator - TOSUNlux Official Site - Electrical Circuit Breaker Manufacturer in China Low Voltage Electrical Supplier | TOSUNlux\" \/>\n<meta property=\"og:description\" content=\"Voltage Regulator Supplier - Wholesale direct from TOSUNlux, a trusted manufacturer since 1994. Get your B2B factory quote on our certified Low Voltage electrical products.\" \/>\n<meta property=\"og:url\" content=\"https:\/\/www.tosunlux.eu\/sq\/products\/voltage-regulator\/\" \/>\n<meta property=\"og:site_name\" content=\"TOSUNlux Official Site - Electrical Circuit Breaker Manufacturer in China\" \/>\n<meta property=\"article:publisher\" content=\"https:\/\/www.facebook.com\/TOSUNelectric\/\" \/>\n<meta property=\"article:modified_time\" content=\"2022-09-12T10:01:47+00:00\" \/>\n<meta property=\"og:image\" content=\"https:\/\/www.tosunlux.eu\/wp-content\/uploads\/2023\/04\/DSC08160_\u526f\u672c.jpg\" \/>\n\t<meta property=\"og:image:width\" content=\"1500\" \/>\n\t<meta property=\"og:image:height\" content=\"940\" \/>\n\t<meta property=\"og:image:type\" content=\"image\/jpeg\" \/>\n<meta name=\"twitter:card\" content=\"summary_large_image\" \/>\n<meta name=\"twitter:label1\" content=\"Est. reading time\" \/>\n\t<meta name=\"twitter:data1\" content=\"1 minut\u00eb\" \/>\n<script type=\"application\/ld+json\" class=\"yoast-schema-graph\">{\"@context\":\"https:\\\/\\\/schema.org\",\"@graph\":[{\"@type\":\"WebPage\",\"@id\":\"https:\\\/\\\/www.tosunlux.eu\\\/es\\\/products\\\/voltage-regulator\\\/\",\"url\":\"https:\\\/\\\/www.tosunlux.eu\\\/es\\\/products\\\/voltage-regulator\\\/\",\"name\":\"WholesaleVoltage Regulator - TOSUNlux Official Site - Electrical Circuit Breaker Manufacturer in China Low Voltage Electrical Supplier | TOSUNlux\",\"isPartOf\":{\"@id\":\"https:\\\/\\\/www.tosunlux.eu\\\/ru\\\/#website\"},\"datePublished\":\"2022-09-12T10:01:46+00:00\",\"dateModified\":\"2022-09-12T10:01:47+00:00\",\"description\":\"Voltage Regulator Supplier - Wholesale direct from TOSUNlux, a trusted manufacturer since 1994. Get your B2B factory quote on our certified Low Voltage electrical products.\",\"breadcrumb\":{\"@id\":\"https:\\\/\\\/www.tosunlux.eu\\\/es\\\/products\\\/voltage-regulator\\\/#breadcrumb\"},\"inLanguage\":\"sq\",\"potentialAction\":[{\"@type\":\"ReadAction\",\"target\":[\"https:\\\/\\\/www.tosunlux.eu\\\/es\\\/products\\\/voltage-regulator\\\/\"]}]},{\"@type\":\"BreadcrumbList\",\"@id\":\"https:\\\/\\\/www.tosunlux.eu\\\/es\\\/products\\\/voltage-regulator\\\/#breadcrumb\",\"itemListElement\":[{\"@type\":\"ListItem\",\"position\":1,\"name\":\"Home\",\"item\":\"https:\\\/\\\/www.tosunlux.eu\\\/ru\\\/\"},{\"@type\":\"ListItem\",\"position\":2,\"name\":\"Products\",\"item\":\"https:\\\/\\\/www.tosunlux.eu\\\/products\\\/\"},{\"@type\":\"ListItem\",\"position\":3,\"name\":\"Voltage Regulator\"}]},{\"@type\":\"WebSite\",\"@id\":\"https:\\\/\\\/www.tosunlux.eu\\\/ru\\\/#website\",\"url\":\"https:\\\/\\\/www.tosunlux.eu\\\/ru\\\/\",\"name\":\"TOSUNlux Official Site - Electrical Circuit Breaker Manufacturer in China\",\"description\":\"Power Distribution System Supplier\",\"publisher\":{\"@id\":\"https:\\\/\\\/www.tosunlux.eu\\\/ru\\\/#organization\"},\"alternateName\":\"TOSUNlux\",\"potentialAction\":[{\"@type\":\"SearchAction\",\"target\":{\"@type\":\"EntryPoint\",\"urlTemplate\":\"https:\\\/\\\/www.tosunlux.eu\\\/ru\\\/?s={search_term_string}\"},\"query-input\":{\"@type\":\"PropertyValueSpecification\",\"valueRequired\":true,\"valueName\":\"search_term_string\"}}],\"inLanguage\":\"sq\"},{\"@type\":\"Organization\",\"@id\":\"https:\\\/\\\/www.tosunlux.eu\\\/ru\\\/#organization\",\"name\":\"TOSUNlux\",\"url\":\"https:\\\/\\\/www.tosunlux.eu\\\/ru\\\/\",\"logo\":{\"@type\":\"ImageObject\",\"inLanguage\":\"sq\",\"@id\":\"https:\\\/\\\/www.tosunlux.eu\\\/ru\\\/#\\\/schema\\\/logo\\\/image\\\/\",\"url\":\"https:\\\/\\\/www.tosunlux.eu\\\/wp-content\\\/uploads\\\/2022\\\/01\\\/LOGOSYSM.71762f1.png\",\"contentUrl\":\"https:\\\/\\\/www.tosunlux.eu\\\/wp-content\\\/uploads\\\/2022\\\/01\\\/LOGOSYSM.71762f1.png\",\"width\":153,\"height\":55,\"caption\":\"TOSUNlux\"},\"image\":{\"@id\":\"https:\\\/\\\/www.tosunlux.eu\\\/ru\\\/#\\\/schema\\\/logo\\\/image\\\/\"},\"sameAs\":[\"https:\\\/\\\/www.facebook.com\\\/TOSUNelectric\\\/\",\"https:\\\/\\\/www.linkedin.com\\\/company\\\/wenzhou-tosun-electric-co.-ltd\\\/\"]}]}<\/script>\n<!-- \/ Yoast SEO plugin. -->","yoast_head_json":{"title":"Rregullator tensioni me shumic\u00eb - Faqja zyrtare e TOSUNlux - Prodhues i nd\u00ebrprer\u00ebsve elektrik\u00eb n\u00eb Kin\u00eb, furnizues elektrik me tension t\u00eb ul\u00ebt | TOSUNlux","description":"Furnizues i Rregullatorit t\u00eb Tensionit - Shitje me shumic\u00eb direkt nga TOSUNlux, nj\u00eb prodhues i besuar q\u00eb nga viti 1994. Merrni ofert\u00ebn tuaj B2B t\u00eb fabrik\u00ebs p\u00ebr produktet tona t\u00eb \u00e7ertifikuara elektrike me Tension t\u00eb Ul\u00ebt.","robots":{"index":"index","follow":"follow","max-snippet":"max-snippet:-1","max-image-preview":"max-image-preview:large","max-video-preview":"max-video-preview:-1"},"canonical":"https:\/\/www.tosunlux.eu\/sq\/products\/voltage-regulator\/","og_locale":"sq_AL","og_type":"article","og_title":"WholesaleVoltage Regulator - TOSUNlux Official Site - Electrical Circuit Breaker Manufacturer in China Low Voltage Electrical Supplier | TOSUNlux","og_description":"Voltage Regulator Supplier - Wholesale direct from TOSUNlux, a trusted manufacturer since 1994. Get your B2B factory quote on our certified Low Voltage electrical products.","og_url":"https:\/\/www.tosunlux.eu\/sq\/products\/voltage-regulator\/","og_site_name":"TOSUNlux Official Site - Electrical Circuit Breaker Manufacturer in China","article_publisher":"https:\/\/www.facebook.com\/TOSUNelectric\/","article_modified_time":"2022-09-12T10:01:47+00:00","og_image":[{"width":1500,"height":940,"url":"https:\/\/www.tosunlux.eu\/wp-content\/uploads\/2023\/04\/DSC08160_\u526f\u672c.jpg","type":"image\/jpeg"}],"twitter_card":"summary_large_image","twitter_misc":{"Est. reading time":"1 minut\u00eb"},"schema":{"@context":"https:\/\/schema.org","@graph":[{"@type":"WebPage","@id":"https:\/\/www.tosunlux.eu\/es\/products\/voltage-regulator\/","url":"https:\/\/www.tosunlux.eu\/es\/products\/voltage-regulator\/","name":"Rregullator tensioni me shumic\u00eb - Faqja zyrtare e TOSUNlux - Prodhues i nd\u00ebrprer\u00ebsve elektrik\u00eb n\u00eb Kin\u00eb, furnizues elektrik me tension t\u00eb ul\u00ebt | TOSUNlux","isPartOf":{"@id":"https:\/\/www.tosunlux.eu\/ru\/#website"},"datePublished":"2022-09-12T10:01:46+00:00","dateModified":"2022-09-12T10:01:47+00:00","description":"Furnizues i Rregullatorit t\u00eb Tensionit - Shitje me shumic\u00eb direkt nga TOSUNlux, nj\u00eb prodhues i besuar q\u00eb nga viti 1994. Merrni ofert\u00ebn tuaj B2B t\u00eb fabrik\u00ebs p\u00ebr produktet tona t\u00eb \u00e7ertifikuara elektrike me Tension t\u00eb Ul\u00ebt.","breadcrumb":{"@id":"https:\/\/www.tosunlux.eu\/es\/products\/voltage-regulator\/#breadcrumb"},"inLanguage":"sq","potentialAction":[{"@type":"ReadAction","target":["https:\/\/www.tosunlux.eu\/es\/products\/voltage-regulator\/"]}]},{"@type":"BreadcrumbList","@id":"https:\/\/www.tosunlux.eu\/es\/products\/voltage-regulator\/#breadcrumb","itemListElement":[{"@type":"ListItem","position":1,"name":"Home","item":"https:\/\/www.tosunlux.eu\/ru\/"},{"@type":"ListItem","position":2,"name":"Products","item":"https:\/\/www.tosunlux.eu\/products\/"},{"@type":"ListItem","position":3,"name":"Voltage Regulator"}]},{"@type":"WebSite","@id":"https:\/\/www.tosunlux.eu\/ru\/#website","url":"https:\/\/www.tosunlux.eu\/ru\/","name":"Faqja zyrtare e TOSUNlux - Prodhuesi i nd\u00ebrprer\u00ebsve t\u00eb qarkut elektrik n\u00eb Kin\u00eb","description":"Furnizuesi i Sistemit t\u00eb Shp\u00ebrndarjes s\u00eb Energjis\u00eb","publisher":{"@id":"https:\/\/www.tosunlux.eu\/ru\/#organization"},"alternateName":"TOSUNlux","potentialAction":[{"@type":"SearchAction","target":{"@type":"EntryPoint","urlTemplate":"https:\/\/www.tosunlux.eu\/ru\/?s={search_term_string}"},"query-input":{"@type":"PropertyValueSpecification","valueRequired":true,"valueName":"search_term_string"}}],"inLanguage":"sq"},{"@type":"Organization","@id":"https:\/\/www.tosunlux.eu\/ru\/#organization","name":"TOSUNlux","url":"https:\/\/www.tosunlux.eu\/ru\/","logo":{"@type":"ImageObject","inLanguage":"sq","@id":"https:\/\/www.tosunlux.eu\/ru\/#\/schema\/logo\/image\/","url":"https:\/\/www.tosunlux.eu\/wp-content\/uploads\/2022\/01\/LOGOSYSM.71762f1.png","contentUrl":"https:\/\/www.tosunlux.eu\/wp-content\/uploads\/2022\/01\/LOGOSYSM.71762f1.png","width":153,"height":55,"caption":"TOSUNlux"},"image":{"@id":"https:\/\/www.tosunlux.eu\/ru\/#\/schema\/logo\/image\/"},"sameAs":["https:\/\/www.facebook.com\/TOSUNelectric\/","https:\/\/www.linkedin.com\/company\/wenzhou-tosun-electric-co.-ltd\/"]}]}},"_links":{"self":[{"href":"https:\/\/www.tosunlux.eu\/sq\/wp-json\/wp\/v2\/product\/5062","targetHints":{"allow":["GET"]}}],"collection":[{"href":"https:\/\/www.tosunlux.eu\/sq\/wp-json\/wp\/v2\/product"}],"about":[{"href":"https:\/\/www.tosunlux.eu\/sq\/wp-json\/wp\/v2\/types\/product"}],"version-history":[{"count":0,"href":"https:\/\/www.tosunlux.eu\/sq\/wp-json\/wp\/v2\/product\/5062\/revisions"}],"wp:attachment":[{"href":"https:\/\/www.tosunlux.eu\/sq\/wp-json\/wp\/v2\/media?parent=5062"}],"wp:term":[{"taxonomy":"product_category","embeddable":true,"href":"https:\/\/www.tosunlux.eu\/sq\/wp-json\/wp\/v2\/product_category?post=5062"}],"curies":[{"name":"wp","href":"https:\/\/api.w.org\/{rel}","templated":true}]}}