{"id":5178,"date":"2022-09-23T14:27:15","date_gmt":"2022-09-23T06:27:15","guid":{"rendered":"https:\/\/www.tosunlux.eu\/?post_type=product&#038;p=5178"},"modified":"2022-09-23T14:27:15","modified_gmt":"2022-09-23T06:27:15","slug":"single-phase-wall-mounted-voltage-stabilizer","status":"publish","type":"product","link":"https:\/\/www.tosunlux.eu\/sq\/products\/single-phase-wall-mounted-voltage-stabilizer\/","title":{"rendered":"Stabilizues i tensionit nj\u00ebfazor i montuar n\u00eb mur"},"content":{"rendered":"<p><strong>Aplikimi<\/strong><\/p>\n\n\n\n<p>Stabilizuesi nj\u00ebfazor i tensionit i montuar n\u00eb mur WMV p\u00ebrb\u00ebhet nga auto-transformator, CPU, qark kontrolli inteligjent, qark mbrojtjeje nga mbingarkesa, qark mbrojtjeje n\u00ebn dhe mbi tension, qark i daljes me vones\u00eb kohore, ekran LED dhe motor servo. Kur tensioni i hyrjes ose ngarkesa ndryshon, qarku inteligjent i kontrollit do t\u00eb drejtoj\u00eb servo motorin p\u00ebr t\u00eb rregulluar fur\u00e7\u00ebn p\u00ebr t\u00eb rregulluar tensionin e daljes n\u00eb vler\u00ebn e vler\u00ebsuar. Ekrani LED tregon tensionin jasht\u00eb rrjetit, tensionin e pajisjes elektrike dhe p\u00ebrdorimin e ngarkes\u00ebs n\u00eb koh\u00eb reale. K\u00ebshtu, pajisjet elektrike mund t\u00eb p\u00ebrdoren m\u00eb me siguri.<br>Produkti karakterizohet nga instalimi i tij elegant dhe i leht\u00eb me dy lloje t\u00eb montuara n\u00eb mur dhe vertikale, pa shtremb\u00ebrim t\u00eb form\u00ebs s\u00eb val\u00ebs n\u00eb dalje, mbrojtje t\u00eb plot\u00eb dhe performanc\u00eb t\u00eb besueshme. \u00cbsht\u00eb pajisje ideale p\u00ebr furnizim me energji elektrike me tension konstant q\u00eb p\u00ebrdoret n\u00eb elektrosht\u00ebpiake, prodhime industriale, laboratorike dhe higjien\u00ebn mjek\u00ebsore.<\/p>\n\n\n\n<p><\/p>\n\n\n\n<figure class=\"wp-block-image size-large\"><img fetchpriority=\"high\" decoding=\"async\" width=\"1024\" height=\"135\" src=\"https:\/\/www.tosunlux.eu\/wp-content\/uploads\/2022\/09\/\u4f18\u52bf-1024x135.jpg\" alt=\"\" class=\"wp-image-5179\" srcset=\"https:\/\/www.tosunlux.eu\/wp-content\/uploads\/2022\/09\/\u4f18\u52bf-1024x135.jpg 1024w, https:\/\/www.tosunlux.eu\/wp-content\/uploads\/2022\/09\/\u4f18\u52bf-300x39.jpg 300w, https:\/\/www.tosunlux.eu\/wp-content\/uploads\/2022\/09\/\u4f18\u52bf-768x101.jpg 768w, https:\/\/www.tosunlux.eu\/wp-content\/uploads\/2022\/09\/\u4f18\u52bf-1536x202.jpg 1536w, https:\/\/www.tosunlux.eu\/wp-content\/uploads\/2022\/09\/\u4f18\u52bf-2048x270.jpg 2048w\" sizes=\"(max-width: 1024px) 100vw, 1024px\" \/><\/figure>\n\n\n\n<p><\/p>\n\n\n\n<figure class=\"wp-block-image size-large\"><img decoding=\"async\" width=\"1024\" height=\"469\" src=\"https:\/\/www.tosunlux.eu\/wp-content\/uploads\/2022\/09\/2-1024x469.jpg\" alt=\"\" class=\"wp-image-5180\" srcset=\"https:\/\/www.tosunlux.eu\/wp-content\/uploads\/2022\/09\/2-1024x469.jpg 1024w, https:\/\/www.tosunlux.eu\/wp-content\/uploads\/2022\/09\/2-300x137.jpg 300w, https:\/\/www.tosunlux.eu\/wp-content\/uploads\/2022\/09\/2-768x352.jpg 768w, https:\/\/www.tosunlux.eu\/wp-content\/uploads\/2022\/09\/2-1536x704.jpg 1536w, https:\/\/www.tosunlux.eu\/wp-content\/uploads\/2022\/09\/2.jpg 1906w\" sizes=\"(max-width: 1024px) 100vw, 1024px\" \/><\/figure>\n\n\n\n<p><\/p>\n\n\n\n<figure class=\"wp-block-image size-large\"><img decoding=\"async\" width=\"1024\" height=\"285\" src=\"https:\/\/www.tosunlux.eu\/wp-content\/uploads\/2022\/09\/3-1024x285.jpg\" alt=\"\" class=\"wp-image-5181\" srcset=\"https:\/\/www.tosunlux.eu\/wp-content\/uploads\/2022\/09\/3-1024x285.jpg 1024w, https:\/\/www.tosunlux.eu\/wp-content\/uploads\/2022\/09\/3-300x83.jpg 300w, https:\/\/www.tosunlux.eu\/wp-content\/uploads\/2022\/09\/3-768x213.jpg 768w, https:\/\/www.tosunlux.eu\/wp-content\/uploads\/2022\/09\/3-1536x427.jpg 1536w, https:\/\/www.tosunlux.eu\/wp-content\/uploads\/2022\/09\/3-2048x569.jpg 2048w\" sizes=\"(max-width: 1024px) 100vw, 1024px\" \/><\/figure>\n\n\n\n<p><\/p>\n\n\n<p><strong>Specifikimi<\/strong><\/p>\n<table width=\"1048\">\n<tbody>\n<tr>\n<td style=\"text-align: center;\" width=\"249\">\u00a0Tensioni i hyrjes<\/td>\n<td style=\"text-align: center;\" colspan=\"2\" width=\"799\">130V~250V 160V~250V<\/td>\n<\/tr>\n<tr>\n<td style=\"text-align: center;\" width=\"249\">Tensioni i daljes<\/td>\n<td style=\"text-align: center;\" colspan=\"2\" width=\"799\">220\u00b13% me 110V+\u00b13%<\/td>\n<\/tr>\n<tr>\n<td style=\"text-align: center;\" width=\"249\">Faza<\/td>\n<td style=\"text-align: center;\" colspan=\"2\" width=\"799\">Nj\u00ebfazore<\/td>\n<\/tr>\n<tr>\n<td style=\"text-align: center;\" width=\"249\">Frekuenca<\/td>\n<td style=\"text-align: center;\" colspan=\"2\" width=\"799\">\u00a050\/60 Hz<\/td>\n<\/tr>\n<tr>\n<td style=\"text-align: center;\" width=\"249\">Koha e p\u00ebrgjigjes<\/td>\n<td style=\"text-align: center;\" colspan=\"2\" width=\"799\">4 opsione<\/td>\n<\/tr>\n<tr>\n<td style=\"text-align: center;\" width=\"249\">Efikasiteti<\/td>\n<td style=\"text-align: center;\" colspan=\"2\" width=\"799\">&gt;95%<\/td>\n<\/tr>\n<tr>\n<td style=\"text-align: center;\" width=\"249\">Temperatura e ambientit<\/td>\n<td style=\"text-align: center;\" colspan=\"2\" width=\"799\">-5\u00b0c~+40\u00b0c<\/td>\n<\/tr>\n<tr>\n<td style=\"text-align: center;\" width=\"249\">Lag\u00ebshtia relative<\/td>\n<td style=\"text-align: center;\" colspan=\"2\" width=\"799\">&lt; 95%<\/td>\n<\/tr>\n<tr>\n<td style=\"text-align: center;\" width=\"249\">Deformimi i form\u00ebs valore<\/td>\n<td style=\"text-align: center;\" colspan=\"2\" width=\"799\">Nuk mungon besnik\u00ebria n\u00eb form\u00ebn e val\u00ebs<\/td>\n<\/tr>\n<\/tbody>\n<\/table>\n\n\n<p> <\/p>\n\n\n\n<p><\/p>\n\n\n<table style=\"border-collapse: collapse; width: 786.02pt;\" border=\"0\" width=\"1048\" cellspacing=\"0\" cellpadding=\"0\">\n<tbody>\n<tr style=\"height: 22.50pt;\">\n<td class=\"et2\" style=\"height: 22.5pt; width: 187.7pt; text-align: center;\" width=\"250\" height=\"30\">Model<\/td>\n<td class=\"et2\" style=\"width: 599pt; text-align: center;\" colspan=\"2\" width=\"798\">Fuqia dal\u00ebse<\/td>\n<\/tr>\n<tr style=\"height: 22.50pt;\">\n<td class=\"et2\" style=\"height: 22.5pt; width: 187.7pt; text-align: center;\" width=\"250\" height=\"30\">WMV-500VA<\/td>\n<td class=\"et2\" style=\"width: 599pt; text-align: center;\" colspan=\"2\" width=\"798\">500 VA<\/td>\n<\/tr>\n<tr style=\"height: 22.50pt;\">\n<td class=\"et2\" style=\"height: 22.5pt; width: 187.7pt; text-align: center;\" width=\"250\" height=\"30\">WMV-1000VA<\/td>\n<td class=\"et2\" style=\"width: 599pt; text-align: center;\" colspan=\"2\" width=\"798\">1000 VA<\/td>\n<\/tr>\n<tr style=\"height: 22.50pt;\">\n<td class=\"et2\" style=\"height: 22.5pt; width: 187.7pt; text-align: center;\" width=\"250\" height=\"30\">WMV-1500VA<\/td>\n<td class=\"et2\" style=\"width: 599pt; text-align: center;\" colspan=\"2\" width=\"798\">1500 VA<\/td>\n<\/tr>\n<tr style=\"height: 22.50pt;\">\n<td class=\"et2\" style=\"height: 22.5pt; width: 187.7pt; text-align: center;\" width=\"250\" height=\"30\">WMV-2000VA<\/td>\n<td class=\"et2\" style=\"width: 599pt; text-align: center;\" colspan=\"2\" width=\"798\">2000VA<\/td>\n<\/tr>\n<tr style=\"height: 22.50pt;\">\n<td class=\"et2\" style=\"height: 22.5pt; width: 187.7pt; text-align: center;\" width=\"250\" height=\"30\">WMV-3000VA<\/td>\n<td class=\"et2\" style=\"width: 599pt; text-align: center;\" colspan=\"2\" width=\"798\">3000 VA<\/td>\n<\/tr>\n<tr style=\"height: 22.50pt;\">\n<td class=\"et2\" style=\"height: 22.5pt; width: 187.7pt; text-align: center;\" width=\"250\" height=\"30\">WMV-5000VA<\/td>\n<td class=\"et2\" style=\"width: 599pt; text-align: center;\" colspan=\"2\" width=\"798\">5000 VA<\/td>\n<\/tr>\n<tr style=\"height: 22.50pt;\">\n<td class=\"et2\" style=\"height: 22.5pt; width: 187.7pt; text-align: center;\" width=\"250\" height=\"30\">WMV-8000VA<\/td>\n<td class=\"et2\" style=\"width: 599pt; text-align: center;\" colspan=\"2\" width=\"798\">8000VA<\/td>\n<\/tr>\n<tr style=\"height: 22.50pt;\">\n<td class=\"et2\" style=\"height: 22.5pt; width: 187.7pt; text-align: center;\" width=\"250\" height=\"30\">WMV-10000VA<\/td>\n<td class=\"et2\" style=\"width: 599pt; text-align: center;\" colspan=\"2\" width=\"798\">10000 VA<\/td>\n<\/tr>\n<\/tbody>\n<\/table>","protected":false},"parent":0,"template":"","product_category":[75,122],"class_list":["post-5178","product","type-product","status-publish","hentry","product_category-instruments","product_category-voltage-stabilizer-regulator"],"yoast_head":"<!-- This site is optimized with the Yoast SEO plugin v27.5 - https:\/\/yoast.com\/product\/yoast-seo-wordpress\/ -->\n<title>WholesaleSingle Phase Wall Mounted Voltage Stabilizer - TOSUNlux Official Site - Electrical Circuit Breaker Manufacturer in China Low Voltage Electrical Supplier | TOSUNlux<\/title>\n<meta name=\"description\" content=\"Single Phase Wall Mounted Voltage Stabilizer Supplier - Wholesale direct from TOSUNlux, a trusted manufacturer since 1994. Get your B2B factory quote on our certified Low Voltage electrical products.\" \/>\n<meta name=\"robots\" content=\"index, follow, max-snippet:-1, max-image-preview:large, max-video-preview:-1\" \/>\n<link rel=\"canonical\" href=\"https:\/\/www.tosunlux.eu\/sq\/products\/single-phase-wall-mounted-voltage-stabilizer\/\" \/>\n<meta property=\"og:locale\" content=\"sq_AL\" \/>\n<meta property=\"og:type\" content=\"article\" \/>\n<meta property=\"og:title\" content=\"WholesaleSingle Phase Wall Mounted Voltage Stabilizer - TOSUNlux Official Site - Electrical Circuit Breaker Manufacturer in China Low Voltage Electrical Supplier | TOSUNlux\" \/>\n<meta property=\"og:description\" content=\"Single Phase Wall Mounted Voltage Stabilizer Supplier - Wholesale direct from TOSUNlux, a trusted manufacturer since 1994. Get your B2B factory quote on our certified Low Voltage electrical products.\" \/>\n<meta property=\"og:url\" content=\"https:\/\/www.tosunlux.eu\/sq\/products\/single-phase-wall-mounted-voltage-stabilizer\/\" \/>\n<meta property=\"og:site_name\" content=\"TOSUNlux Official Site - Electrical Circuit Breaker Manufacturer in China\" \/>\n<meta property=\"article:publisher\" content=\"https:\/\/www.facebook.com\/TOSUNelectric\/\" \/>\n<meta property=\"og:image\" content=\"https:\/\/www.tosunlux.eu\/wp-content\/uploads\/2022\/09\/2-1024x469.jpg\" \/>\n<meta name=\"twitter:card\" content=\"summary_large_image\" \/>\n<meta name=\"twitter:label1\" content=\"Est. reading time\" \/>\n\t<meta name=\"twitter:data1\" content=\"2 minuta\" \/>\n<script type=\"application\/ld+json\" class=\"yoast-schema-graph\">{\"@context\":\"https:\\\/\\\/schema.org\",\"@graph\":[{\"@type\":\"WebPage\",\"@id\":\"https:\\\/\\\/www.tosunlux.eu\\\/fr\\\/products\\\/single-phase-wall-mounted-voltage-stabilizer\\\/\",\"url\":\"https:\\\/\\\/www.tosunlux.eu\\\/fr\\\/products\\\/single-phase-wall-mounted-voltage-stabilizer\\\/\",\"name\":\"WholesaleSingle Phase Wall Mounted Voltage Stabilizer - TOSUNlux Official Site - Electrical Circuit Breaker Manufacturer in China Low Voltage Electrical Supplier | TOSUNlux\",\"isPartOf\":{\"@id\":\"https:\\\/\\\/www.tosunlux.eu\\\/ru\\\/#website\"},\"primaryImageOfPage\":{\"@id\":\"https:\\\/\\\/www.tosunlux.eu\\\/fr\\\/products\\\/single-phase-wall-mounted-voltage-stabilizer\\\/#primaryimage\"},\"image\":{\"@id\":\"https:\\\/\\\/www.tosunlux.eu\\\/fr\\\/products\\\/single-phase-wall-mounted-voltage-stabilizer\\\/#primaryimage\"},\"thumbnailUrl\":\"https:\\\/\\\/www.tosunlux.eu\\\/wp-content\\\/uploads\\\/2022\\\/09\\\/2-1024x469.jpg\",\"datePublished\":\"2022-09-23T06:27:15+00:00\",\"description\":\"Single Phase Wall Mounted Voltage Stabilizer Supplier - Wholesale direct from TOSUNlux, a trusted manufacturer since 1994. Get your B2B factory quote on our certified Low Voltage electrical products.\",\"breadcrumb\":{\"@id\":\"https:\\\/\\\/www.tosunlux.eu\\\/fr\\\/products\\\/single-phase-wall-mounted-voltage-stabilizer\\\/#breadcrumb\"},\"inLanguage\":\"sq\",\"potentialAction\":[{\"@type\":\"ReadAction\",\"target\":[\"https:\\\/\\\/www.tosunlux.eu\\\/fr\\\/products\\\/single-phase-wall-mounted-voltage-stabilizer\\\/\"]}]},{\"@type\":\"ImageObject\",\"inLanguage\":\"sq\",\"@id\":\"https:\\\/\\\/www.tosunlux.eu\\\/fr\\\/products\\\/single-phase-wall-mounted-voltage-stabilizer\\\/#primaryimage\",\"url\":\"https:\\\/\\\/www.tosunlux.eu\\\/wp-content\\\/uploads\\\/2022\\\/09\\\/2-1024x469.jpg\",\"contentUrl\":\"https:\\\/\\\/www.tosunlux.eu\\\/wp-content\\\/uploads\\\/2022\\\/09\\\/2-1024x469.jpg\"},{\"@type\":\"BreadcrumbList\",\"@id\":\"https:\\\/\\\/www.tosunlux.eu\\\/fr\\\/products\\\/single-phase-wall-mounted-voltage-stabilizer\\\/#breadcrumb\",\"itemListElement\":[{\"@type\":\"ListItem\",\"position\":1,\"name\":\"Home\",\"item\":\"https:\\\/\\\/www.tosunlux.eu\\\/ru\\\/\"},{\"@type\":\"ListItem\",\"position\":2,\"name\":\"Products\",\"item\":\"https:\\\/\\\/www.tosunlux.eu\\\/products\\\/\"},{\"@type\":\"ListItem\",\"position\":3,\"name\":\"Single Phase Wall Mounted Voltage Stabilizer\"}]},{\"@type\":\"WebSite\",\"@id\":\"https:\\\/\\\/www.tosunlux.eu\\\/ru\\\/#website\",\"url\":\"https:\\\/\\\/www.tosunlux.eu\\\/ru\\\/\",\"name\":\"TOSUNlux Official Site - Electrical Circuit Breaker Manufacturer in China\",\"description\":\"Power Distribution System Supplier\",\"publisher\":{\"@id\":\"https:\\\/\\\/www.tosunlux.eu\\\/ru\\\/#organization\"},\"alternateName\":\"TOSUNlux\",\"potentialAction\":[{\"@type\":\"SearchAction\",\"target\":{\"@type\":\"EntryPoint\",\"urlTemplate\":\"https:\\\/\\\/www.tosunlux.eu\\\/ru\\\/?s={search_term_string}\"},\"query-input\":{\"@type\":\"PropertyValueSpecification\",\"valueRequired\":true,\"valueName\":\"search_term_string\"}}],\"inLanguage\":\"sq\"},{\"@type\":\"Organization\",\"@id\":\"https:\\\/\\\/www.tosunlux.eu\\\/ru\\\/#organization\",\"name\":\"TOSUNlux\",\"url\":\"https:\\\/\\\/www.tosunlux.eu\\\/ru\\\/\",\"logo\":{\"@type\":\"ImageObject\",\"inLanguage\":\"sq\",\"@id\":\"https:\\\/\\\/www.tosunlux.eu\\\/ru\\\/#\\\/schema\\\/logo\\\/image\\\/\",\"url\":\"https:\\\/\\\/www.tosunlux.eu\\\/wp-content\\\/uploads\\\/2022\\\/01\\\/LOGOSYSM.71762f1.png\",\"contentUrl\":\"https:\\\/\\\/www.tosunlux.eu\\\/wp-content\\\/uploads\\\/2022\\\/01\\\/LOGOSYSM.71762f1.png\",\"width\":153,\"height\":55,\"caption\":\"TOSUNlux\"},\"image\":{\"@id\":\"https:\\\/\\\/www.tosunlux.eu\\\/ru\\\/#\\\/schema\\\/logo\\\/image\\\/\"},\"sameAs\":[\"https:\\\/\\\/www.facebook.com\\\/TOSUNelectric\\\/\",\"https:\\\/\\\/www.linkedin.com\\\/company\\\/wenzhou-tosun-electric-co.-ltd\\\/\"]}]}<\/script>\n<!-- \/ Yoast SEO plugin. -->","yoast_head_json":{"title":"Stabilizues tensioni me nj\u00eb faz\u00eb t\u00eb montuar n\u00eb mur me shumic\u00eb - Faqja zyrtare e TOSUNlux - Prodhues i nd\u00ebrprer\u00ebsve elektrik\u00eb n\u00eb Kin\u00eb, furnizues elektrik me tension t\u00eb ul\u00ebt | TOSUNlux","description":"Furnizues i Stabilizerit t\u00eb Tensionit me Nj\u00eb Faz\u00eb t\u00eb Montuar n\u00eb Mur - Shitje me shumic\u00eb direkt nga TOSUNlux, nj\u00eb prodhues i besuar q\u00eb nga viti 1994. Merrni ofert\u00ebn tuaj B2B t\u00eb fabrik\u00ebs p\u00ebr produktet tona t\u00eb certifikuara elektrike me Tension t\u00eb Ul\u00ebt.","robots":{"index":"index","follow":"follow","max-snippet":"max-snippet:-1","max-image-preview":"max-image-preview:large","max-video-preview":"max-video-preview:-1"},"canonical":"https:\/\/www.tosunlux.eu\/sq\/products\/single-phase-wall-mounted-voltage-stabilizer\/","og_locale":"sq_AL","og_type":"article","og_title":"WholesaleSingle Phase Wall Mounted Voltage Stabilizer - TOSUNlux Official Site - Electrical Circuit Breaker Manufacturer in China Low Voltage Electrical Supplier | TOSUNlux","og_description":"Single Phase Wall Mounted Voltage Stabilizer Supplier - Wholesale direct from TOSUNlux, a trusted manufacturer since 1994. Get your B2B factory quote on our certified Low Voltage electrical products.","og_url":"https:\/\/www.tosunlux.eu\/sq\/products\/single-phase-wall-mounted-voltage-stabilizer\/","og_site_name":"TOSUNlux Official Site - Electrical Circuit Breaker Manufacturer in China","article_publisher":"https:\/\/www.facebook.com\/TOSUNelectric\/","og_image":[{"url":"https:\/\/www.tosunlux.eu\/wp-content\/uploads\/2022\/09\/2-1024x469.jpg","type":"","width":"","height":""}],"twitter_card":"summary_large_image","twitter_misc":{"Est. reading time":"2 minuta"},"schema":{"@context":"https:\/\/schema.org","@graph":[{"@type":"WebPage","@id":"https:\/\/www.tosunlux.eu\/fr\/products\/single-phase-wall-mounted-voltage-stabilizer\/","url":"https:\/\/www.tosunlux.eu\/fr\/products\/single-phase-wall-mounted-voltage-stabilizer\/","name":"Stabilizues tensioni me nj\u00eb faz\u00eb t\u00eb montuar n\u00eb mur me shumic\u00eb - Faqja zyrtare e TOSUNlux - Prodhues i nd\u00ebrprer\u00ebsve elektrik\u00eb n\u00eb Kin\u00eb, furnizues elektrik me tension t\u00eb ul\u00ebt | TOSUNlux","isPartOf":{"@id":"https:\/\/www.tosunlux.eu\/ru\/#website"},"primaryImageOfPage":{"@id":"https:\/\/www.tosunlux.eu\/fr\/products\/single-phase-wall-mounted-voltage-stabilizer\/#primaryimage"},"image":{"@id":"https:\/\/www.tosunlux.eu\/fr\/products\/single-phase-wall-mounted-voltage-stabilizer\/#primaryimage"},"thumbnailUrl":"https:\/\/www.tosunlux.eu\/wp-content\/uploads\/2022\/09\/2-1024x469.jpg","datePublished":"2022-09-23T06:27:15+00:00","description":"Furnizues i Stabilizerit t\u00eb Tensionit me Nj\u00eb Faz\u00eb t\u00eb Montuar n\u00eb Mur - Shitje me shumic\u00eb direkt nga TOSUNlux, nj\u00eb prodhues i besuar q\u00eb nga viti 1994. Merrni ofert\u00ebn tuaj B2B t\u00eb fabrik\u00ebs p\u00ebr produktet tona t\u00eb certifikuara elektrike me Tension t\u00eb Ul\u00ebt.","breadcrumb":{"@id":"https:\/\/www.tosunlux.eu\/fr\/products\/single-phase-wall-mounted-voltage-stabilizer\/#breadcrumb"},"inLanguage":"sq","potentialAction":[{"@type":"ReadAction","target":["https:\/\/www.tosunlux.eu\/fr\/products\/single-phase-wall-mounted-voltage-stabilizer\/"]}]},{"@type":"ImageObject","inLanguage":"sq","@id":"https:\/\/www.tosunlux.eu\/fr\/products\/single-phase-wall-mounted-voltage-stabilizer\/#primaryimage","url":"https:\/\/www.tosunlux.eu\/wp-content\/uploads\/2022\/09\/2-1024x469.jpg","contentUrl":"https:\/\/www.tosunlux.eu\/wp-content\/uploads\/2022\/09\/2-1024x469.jpg"},{"@type":"BreadcrumbList","@id":"https:\/\/www.tosunlux.eu\/fr\/products\/single-phase-wall-mounted-voltage-stabilizer\/#breadcrumb","itemListElement":[{"@type":"ListItem","position":1,"name":"Home","item":"https:\/\/www.tosunlux.eu\/ru\/"},{"@type":"ListItem","position":2,"name":"Products","item":"https:\/\/www.tosunlux.eu\/products\/"},{"@type":"ListItem","position":3,"name":"Single Phase Wall Mounted Voltage Stabilizer"}]},{"@type":"WebSite","@id":"https:\/\/www.tosunlux.eu\/ru\/#website","url":"https:\/\/www.tosunlux.eu\/ru\/","name":"Faqja zyrtare e TOSUNlux - Prodhuesi i nd\u00ebrprer\u00ebsve t\u00eb qarkut elektrik n\u00eb Kin\u00eb","description":"Furnizuesi i Sistemit t\u00eb Shp\u00ebrndarjes s\u00eb Energjis\u00eb","publisher":{"@id":"https:\/\/www.tosunlux.eu\/ru\/#organization"},"alternateName":"TOSUNlux","potentialAction":[{"@type":"SearchAction","target":{"@type":"EntryPoint","urlTemplate":"https:\/\/www.tosunlux.eu\/ru\/?s={search_term_string}"},"query-input":{"@type":"PropertyValueSpecification","valueRequired":true,"valueName":"search_term_string"}}],"inLanguage":"sq"},{"@type":"Organization","@id":"https:\/\/www.tosunlux.eu\/ru\/#organization","name":"TOSUNlux","url":"https:\/\/www.tosunlux.eu\/ru\/","logo":{"@type":"ImageObject","inLanguage":"sq","@id":"https:\/\/www.tosunlux.eu\/ru\/#\/schema\/logo\/image\/","url":"https:\/\/www.tosunlux.eu\/wp-content\/uploads\/2022\/01\/LOGOSYSM.71762f1.png","contentUrl":"https:\/\/www.tosunlux.eu\/wp-content\/uploads\/2022\/01\/LOGOSYSM.71762f1.png","width":153,"height":55,"caption":"TOSUNlux"},"image":{"@id":"https:\/\/www.tosunlux.eu\/ru\/#\/schema\/logo\/image\/"},"sameAs":["https:\/\/www.facebook.com\/TOSUNelectric\/","https:\/\/www.linkedin.com\/company\/wenzhou-tosun-electric-co.-ltd\/"]}]}},"_links":{"self":[{"href":"https:\/\/www.tosunlux.eu\/sq\/wp-json\/wp\/v2\/product\/5178","targetHints":{"allow":["GET"]}}],"collection":[{"href":"https:\/\/www.tosunlux.eu\/sq\/wp-json\/wp\/v2\/product"}],"about":[{"href":"https:\/\/www.tosunlux.eu\/sq\/wp-json\/wp\/v2\/types\/product"}],"version-history":[{"count":0,"href":"https:\/\/www.tosunlux.eu\/sq\/wp-json\/wp\/v2\/product\/5178\/revisions"}],"wp:attachment":[{"href":"https:\/\/www.tosunlux.eu\/sq\/wp-json\/wp\/v2\/media?parent=5178"}],"wp:term":[{"taxonomy":"product_category","embeddable":true,"href":"https:\/\/www.tosunlux.eu\/sq\/wp-json\/wp\/v2\/product_category?post=5178"}],"curies":[{"name":"wp","href":"https:\/\/api.w.org\/{rel}","templated":true}]}}