{"id":5186,"date":"2022-09-23T15:02:21","date_gmt":"2022-09-23T07:02:21","guid":{"rendered":"https:\/\/www.tosunlux.eu\/?post_type=product&#038;p=5186"},"modified":"2022-09-23T15:14:16","modified_gmt":"2022-09-23T07:14:16","slug":"single-phase-servo-voltage-stabilizer","status":"publish","type":"product","link":"https:\/\/www.tosunlux.eu\/sq\/products\/single-phase-servo-voltage-stabilizer\/","title":{"rendered":"Stabilizues Servo Tensioni Nj\u00ebfazor"},"content":{"rendered":"<figure class=\"wp-block-image size-large\"><img fetchpriority=\"high\" decoding=\"async\" width=\"1024\" height=\"771\" src=\"https:\/\/www.tosunlux.eu\/wp-content\/uploads\/2022\/09\/TU1-1024x771.jpg\" alt=\"\" class=\"wp-image-5195\" srcset=\"https:\/\/www.tosunlux.eu\/wp-content\/uploads\/2022\/09\/TU1-1024x771.jpg 1024w, https:\/\/www.tosunlux.eu\/wp-content\/uploads\/2022\/09\/TU1-300x226.jpg 300w, https:\/\/www.tosunlux.eu\/wp-content\/uploads\/2022\/09\/TU1-768x578.jpg 768w, https:\/\/www.tosunlux.eu\/wp-content\/uploads\/2022\/09\/TU1-1536x1157.jpg 1536w, https:\/\/www.tosunlux.eu\/wp-content\/uploads\/2022\/09\/TU1.jpg 1860w\" sizes=\"(max-width: 1024px) 100vw, 1024px\" \/><\/figure>\n\n\n\n<p><\/p>\n\n\n\n<p><strong>Aplikimi<\/strong><\/p>\n\n\n\n<p>Stabilizuesi plot\u00ebsisht automatik i Servo tensionit SVC p\u00ebrb\u00ebhet nga rregullatori i tensionit t\u00eb kontaktit, qarku i kontrollit t\u00eb kampionimit dhe motori i servo. Kur tensioni i hyrjes ose ngarkesa ndryshon, qarku i kontrollit t\u00eb marrjes s\u00eb mostrave do t\u00eb marr\u00eb kampionimin dhe amplifikimin e tensionit, dhe servo motori do t\u00eb rrotullohet n\u00eb drejtimin e d\u00ebshiruar, i cili kthen krahun, duke rregulluar tensionin derisa tensioni i daljes t\u00eb rregullohet n\u00eb tensionin nominal t\u00eb daljes. Produkti ka p\u00ebrmasa t\u00eb vogla, pesh\u00eb t\u00eb leht\u00eb, m\u00eb pak deformim t\u00eb performanc\u00ebs s\u00eb val\u00ebs n\u00eb dalje. P\u00ebr t\u00eb garantuar cil\u00ebsin\u00eb e tij, futet dhe importohet teknologjia e huaj e avancuar dhe pjes\u00ebt kryesore. P\u00ebrdoret gjer\u00ebsisht n\u00eb pajisjet elektrike q\u00eb kan\u00eb nevoj\u00eb p\u00ebr furnizim t\u00eb vazhduesh\u00ebm me energji elektrike dhe n\u00eb fushat e prodhimit t\u00eb industris\u00eb, k\u00ebrkimit shkencor dhe higjien\u00ebs mjek\u00ebsore. Vet\u00eb produkti konsumon pak dhe mund t\u00eb p\u00ebrdoret vazhdimisht p\u00ebr nj\u00eb koh\u00eb t\u00eb gjat\u00eb.<\/p>\n\n\n\n<p><\/p>\n\n\n\n<p><strong>Specifikimi<\/strong><\/p>\n\n\n<table style=\"border-collapse: collapse; width: 786.02pt;\" border=\"0\" width=\"1048\" cellspacing=\"0\" cellpadding=\"0\">\n<tbody>\n<tr style=\"height: 27.00pt;\">\n<td class=\"et2\" style=\"height: 27pt; width: 186.85pt; text-align: center;\" width=\"249\" height=\"36\">Fuqia e vler\u00ebsuar (VA)<\/td>\n<td class=\"et2\" style=\"width: 599.8pt; text-align: center;\" colspan=\"2\" width=\"799\">500,1000,1500, 2000,3000,5000,8000,10000,15000,20000,30000<\/td>\n<\/tr>\n<tr style=\"height: 22.50pt;\">\n<td class=\"et2\" style=\"height: 22.5pt; width: 186.85pt; text-align: center;\" width=\"249\" height=\"30\">Tensioni i hyrjes<\/td>\n<td class=\"et2\" style=\"width: 599.8pt; text-align: center;\" colspan=\"2\" width=\"799\">130V~250V 160V~250V<\/td>\n<\/tr>\n<tr style=\"height: 22.50pt;\">\n<td class=\"et2\" style=\"height: 22.5pt; width: 186.85pt; text-align: center;\" width=\"249\" height=\"30\">Tensioni i daljes<\/td>\n<td class=\"et4\" style=\"width: 599.8pt; border-right: 0.5pt solid #000000; text-align: center;\" colspan=\"2\" width=\"799\">220\u00b13% me 110V\u00b13%<\/td>\n<\/tr>\n<tr style=\"height: 23.40pt;\">\n<td class=\"et2\" style=\"height: 23.4pt; width: 186.85pt; text-align: center;\" width=\"249\" height=\"31\">Faza<\/td>\n<td class=\"et2\" style=\"width: 599.8pt; text-align: center;\" colspan=\"2\" width=\"799\">Nj\u00ebfazore<\/td>\n<\/tr>\n<tr style=\"height: 22.50pt;\">\n<td class=\"et2\" style=\"height: 22.5pt; width: 186.85pt; text-align: center;\" width=\"249\" height=\"30\">Frekuenca<\/td>\n<td class=\"et2\" style=\"width: 599.8pt; text-align: center;\" colspan=\"2\" width=\"799\">50\/60 Hz<\/td>\n<\/tr>\n<tr style=\"height: 22.50pt;\">\n<td class=\"et2\" style=\"height: 22.5pt; width: 186.85pt; text-align: center;\" width=\"249\" height=\"30\">Koha e p\u00ebrgjigjes<\/td>\n<td class=\"et2\" style=\"width: 599.8pt; text-align: center;\" colspan=\"2\" width=\"799\">brenda 1 sekonde. kundrejt devijimit t\u00eb tensionit t\u00eb hyrjes 10%<\/td>\n<\/tr>\n<tr style=\"height: 22.50pt;\">\n<td class=\"et2\" style=\"height: 22.5pt; width: 186.85pt; text-align: center;\" width=\"249\" height=\"30\">Efikasiteti<\/td>\n<td class=\"et2\" style=\"width: 599.8pt; text-align: center;\" colspan=\"2\" width=\"799\">&gt; 90%<\/td>\n<\/tr>\n<tr style=\"height: 22.50pt;\">\n<td class=\"et2\" style=\"height: 22.5pt; width: 186.85pt; text-align: center;\" width=\"249\" height=\"30\">Temperatura e ambientit<\/td>\n<td class=\"et2\" style=\"width: 599.8pt; text-align: center;\" colspan=\"2\" width=\"799\">-5\u00b0C~+40\u00b0C<\/td>\n<\/tr>\n<tr style=\"height: 22.50pt;\">\n<td class=\"et2\" style=\"height: 22.5pt; width: 186.85pt; text-align: center;\" width=\"249\" height=\"30\">Lag\u00ebshtia relative<\/td>\n<td class=\"et2\" style=\"width: 599.8pt; text-align: center;\" colspan=\"2\" width=\"799\">&lt; 95%<\/td>\n<\/tr>\n<tr style=\"height: 22.50pt;\">\n<td class=\"et2\" style=\"height: 22.5pt; width: 186.85pt; text-align: center;\" width=\"249\" height=\"30\">Deformimi i form\u00ebs valore<\/td>\n<td class=\"et4\" style=\"width: 599.8pt; border-right: 0.5pt solid #000000; text-align: center;\" colspan=\"2\" width=\"799\">Nuk mungon besnik\u00ebria n\u00eb form\u00ebn e val\u00ebs<\/td>\n<\/tr>\n<\/tbody>\n<\/table>\n\n\n<p><\/p>","protected":false},"parent":0,"template":"","product_category":[75,122],"class_list":["post-5186","product","type-product","status-publish","hentry","product_category-instruments","product_category-voltage-stabilizer-regulator"],"yoast_head":"<!-- This site is optimized with the Yoast SEO plugin v27.5 - https:\/\/yoast.com\/product\/yoast-seo-wordpress\/ -->\n<title>WholesaleSingle Phase Servo Voltage Stabilizer - TOSUNlux Official Site - Electrical Circuit Breaker Manufacturer in China Low Voltage Electrical Supplier | TOSUNlux<\/title>\n<meta name=\"description\" content=\"Single Phase Servo Voltage Stabilizer Supplier - Wholesale direct from TOSUNlux, a trusted manufacturer since 1994. Get your B2B factory quote on our certified Low Voltage electrical products.\" \/>\n<meta name=\"robots\" content=\"index, follow, max-snippet:-1, max-image-preview:large, max-video-preview:-1\" \/>\n<link rel=\"canonical\" href=\"https:\/\/www.tosunlux.eu\/sq\/products\/single-phase-servo-voltage-stabilizer\/\" \/>\n<meta property=\"og:locale\" content=\"sq_AL\" \/>\n<meta property=\"og:type\" content=\"article\" \/>\n<meta property=\"og:title\" content=\"WholesaleSingle Phase Servo Voltage Stabilizer - TOSUNlux Official Site - Electrical Circuit Breaker Manufacturer in China Low Voltage Electrical Supplier | TOSUNlux\" \/>\n<meta property=\"og:description\" content=\"Single Phase Servo Voltage Stabilizer Supplier - Wholesale direct from TOSUNlux, a trusted manufacturer since 1994. Get your B2B factory quote on our certified Low Voltage electrical products.\" \/>\n<meta property=\"og:url\" content=\"https:\/\/www.tosunlux.eu\/sq\/products\/single-phase-servo-voltage-stabilizer\/\" \/>\n<meta property=\"og:site_name\" content=\"TOSUNlux Official Site - Electrical Circuit Breaker Manufacturer in China\" \/>\n<meta property=\"article:publisher\" content=\"https:\/\/www.facebook.com\/TOSUNelectric\/\" \/>\n<meta property=\"article:modified_time\" content=\"2022-09-23T07:14:16+00:00\" \/>\n<meta property=\"og:image\" content=\"https:\/\/www.tosunlux.eu\/wp-content\/uploads\/2022\/09\/TU1-1024x771.jpg\" \/>\n<meta name=\"twitter:card\" content=\"summary_large_image\" \/>\n<meta name=\"twitter:label1\" content=\"Est. reading time\" \/>\n\t<meta name=\"twitter:data1\" content=\"1 minut\u00eb\" \/>\n<script type=\"application\/ld+json\" class=\"yoast-schema-graph\">{\"@context\":\"https:\\\/\\\/schema.org\",\"@graph\":[{\"@type\":\"WebPage\",\"@id\":\"https:\\\/\\\/www.tosunlux.eu\\\/products\\\/single-phase-servo-voltage-stabilizer\\\/\",\"url\":\"https:\\\/\\\/www.tosunlux.eu\\\/products\\\/single-phase-servo-voltage-stabilizer\\\/\",\"name\":\"WholesaleSingle Phase Servo Voltage Stabilizer - TOSUNlux Official Site - Electrical Circuit Breaker Manufacturer in China Low Voltage Electrical Supplier | TOSUNlux\",\"isPartOf\":{\"@id\":\"https:\\\/\\\/www.tosunlux.eu\\\/ru\\\/#website\"},\"primaryImageOfPage\":{\"@id\":\"https:\\\/\\\/www.tosunlux.eu\\\/products\\\/single-phase-servo-voltage-stabilizer\\\/#primaryimage\"},\"image\":{\"@id\":\"https:\\\/\\\/www.tosunlux.eu\\\/products\\\/single-phase-servo-voltage-stabilizer\\\/#primaryimage\"},\"thumbnailUrl\":\"https:\\\/\\\/www.tosunlux.eu\\\/wp-content\\\/uploads\\\/2022\\\/09\\\/TU1-1024x771.jpg\",\"datePublished\":\"2022-09-23T07:02:21+00:00\",\"dateModified\":\"2022-09-23T07:14:16+00:00\",\"description\":\"Single Phase Servo Voltage Stabilizer Supplier - Wholesale direct from TOSUNlux, a trusted manufacturer since 1994. Get your B2B factory quote on our certified Low Voltage electrical products.\",\"breadcrumb\":{\"@id\":\"https:\\\/\\\/www.tosunlux.eu\\\/products\\\/single-phase-servo-voltage-stabilizer\\\/#breadcrumb\"},\"inLanguage\":\"sq\",\"potentialAction\":[{\"@type\":\"ReadAction\",\"target\":[\"https:\\\/\\\/www.tosunlux.eu\\\/products\\\/single-phase-servo-voltage-stabilizer\\\/\"]}]},{\"@type\":\"ImageObject\",\"inLanguage\":\"sq\",\"@id\":\"https:\\\/\\\/www.tosunlux.eu\\\/products\\\/single-phase-servo-voltage-stabilizer\\\/#primaryimage\",\"url\":\"https:\\\/\\\/www.tosunlux.eu\\\/wp-content\\\/uploads\\\/2022\\\/09\\\/TU1-1024x771.jpg\",\"contentUrl\":\"https:\\\/\\\/www.tosunlux.eu\\\/wp-content\\\/uploads\\\/2022\\\/09\\\/TU1-1024x771.jpg\"},{\"@type\":\"BreadcrumbList\",\"@id\":\"https:\\\/\\\/www.tosunlux.eu\\\/products\\\/single-phase-servo-voltage-stabilizer\\\/#breadcrumb\",\"itemListElement\":[{\"@type\":\"ListItem\",\"position\":1,\"name\":\"Home\",\"item\":\"https:\\\/\\\/www.tosunlux.eu\\\/ru\\\/\"},{\"@type\":\"ListItem\",\"position\":2,\"name\":\"Products\",\"item\":\"https:\\\/\\\/www.tosunlux.eu\\\/products\\\/\"},{\"@type\":\"ListItem\",\"position\":3,\"name\":\"Single Phase Servo Voltage Stabilizer\"}]},{\"@type\":\"WebSite\",\"@id\":\"https:\\\/\\\/www.tosunlux.eu\\\/ru\\\/#website\",\"url\":\"https:\\\/\\\/www.tosunlux.eu\\\/ru\\\/\",\"name\":\"TOSUNlux Official Site - Electrical Circuit Breaker Manufacturer in China\",\"description\":\"Power Distribution System Supplier\",\"publisher\":{\"@id\":\"https:\\\/\\\/www.tosunlux.eu\\\/ru\\\/#organization\"},\"alternateName\":\"TOSUNlux\",\"potentialAction\":[{\"@type\":\"SearchAction\",\"target\":{\"@type\":\"EntryPoint\",\"urlTemplate\":\"https:\\\/\\\/www.tosunlux.eu\\\/ru\\\/?s={search_term_string}\"},\"query-input\":{\"@type\":\"PropertyValueSpecification\",\"valueRequired\":true,\"valueName\":\"search_term_string\"}}],\"inLanguage\":\"sq\"},{\"@type\":\"Organization\",\"@id\":\"https:\\\/\\\/www.tosunlux.eu\\\/ru\\\/#organization\",\"name\":\"TOSUNlux\",\"url\":\"https:\\\/\\\/www.tosunlux.eu\\\/ru\\\/\",\"logo\":{\"@type\":\"ImageObject\",\"inLanguage\":\"sq\",\"@id\":\"https:\\\/\\\/www.tosunlux.eu\\\/ru\\\/#\\\/schema\\\/logo\\\/image\\\/\",\"url\":\"https:\\\/\\\/www.tosunlux.eu\\\/wp-content\\\/uploads\\\/2022\\\/01\\\/LOGOSYSM.71762f1.png\",\"contentUrl\":\"https:\\\/\\\/www.tosunlux.eu\\\/wp-content\\\/uploads\\\/2022\\\/01\\\/LOGOSYSM.71762f1.png\",\"width\":153,\"height\":55,\"caption\":\"TOSUNlux\"},\"image\":{\"@id\":\"https:\\\/\\\/www.tosunlux.eu\\\/ru\\\/#\\\/schema\\\/logo\\\/image\\\/\"},\"sameAs\":[\"https:\\\/\\\/www.facebook.com\\\/TOSUNelectric\\\/\",\"https:\\\/\\\/www.linkedin.com\\\/company\\\/wenzhou-tosun-electric-co.-ltd\\\/\"]}]}<\/script>\n<!-- \/ Yoast SEO plugin. -->","yoast_head_json":{"title":"Stabilizer Tensioni Servo me Nj\u00eb Faz\u00eb me Shumic\u00eb - Faqja Zyrtare e TOSUNlux - Prodhues i Nd\u00ebrprer\u00ebsve t\u00eb Qarkut Elektrik n\u00eb Kin\u00eb, Furnizues i Pajisjeve Elektrike me Tension t\u00eb Ul\u00ebt | TOSUNlux","description":"Furnizues i Stabilizerit t\u00eb Tensionit Servo me Nj\u00eb Faz\u00eb - Shitje me shumic\u00eb direkt nga TOSUNlux, nj\u00eb prodhues i besuar q\u00eb nga viti 1994. Merrni ofert\u00ebn tuaj B2B t\u00eb fabrik\u00ebs p\u00ebr produktet tona t\u00eb certifikuara elektrike me Tension t\u00eb Ul\u00ebt.","robots":{"index":"index","follow":"follow","max-snippet":"max-snippet:-1","max-image-preview":"max-image-preview:large","max-video-preview":"max-video-preview:-1"},"canonical":"https:\/\/www.tosunlux.eu\/sq\/products\/single-phase-servo-voltage-stabilizer\/","og_locale":"sq_AL","og_type":"article","og_title":"WholesaleSingle Phase Servo Voltage Stabilizer - TOSUNlux Official Site - Electrical Circuit Breaker Manufacturer in China Low Voltage Electrical Supplier | TOSUNlux","og_description":"Single Phase Servo Voltage Stabilizer Supplier - Wholesale direct from TOSUNlux, a trusted manufacturer since 1994. Get your B2B factory quote on our certified Low Voltage electrical products.","og_url":"https:\/\/www.tosunlux.eu\/sq\/products\/single-phase-servo-voltage-stabilizer\/","og_site_name":"TOSUNlux Official Site - Electrical Circuit Breaker Manufacturer in China","article_publisher":"https:\/\/www.facebook.com\/TOSUNelectric\/","article_modified_time":"2022-09-23T07:14:16+00:00","og_image":[{"url":"https:\/\/www.tosunlux.eu\/wp-content\/uploads\/2022\/09\/TU1-1024x771.jpg","type":"","width":"","height":""}],"twitter_card":"summary_large_image","twitter_misc":{"Est. reading time":"1 minut\u00eb"},"schema":{"@context":"https:\/\/schema.org","@graph":[{"@type":"WebPage","@id":"https:\/\/www.tosunlux.eu\/products\/single-phase-servo-voltage-stabilizer\/","url":"https:\/\/www.tosunlux.eu\/products\/single-phase-servo-voltage-stabilizer\/","name":"Stabilizer Tensioni Servo me Nj\u00eb Faz\u00eb me Shumic\u00eb - Faqja Zyrtare e TOSUNlux - Prodhues i Nd\u00ebrprer\u00ebsve t\u00eb Qarkut Elektrik n\u00eb Kin\u00eb, Furnizues i Pajisjeve Elektrike me Tension t\u00eb Ul\u00ebt | TOSUNlux","isPartOf":{"@id":"https:\/\/www.tosunlux.eu\/ru\/#website"},"primaryImageOfPage":{"@id":"https:\/\/www.tosunlux.eu\/products\/single-phase-servo-voltage-stabilizer\/#primaryimage"},"image":{"@id":"https:\/\/www.tosunlux.eu\/products\/single-phase-servo-voltage-stabilizer\/#primaryimage"},"thumbnailUrl":"https:\/\/www.tosunlux.eu\/wp-content\/uploads\/2022\/09\/TU1-1024x771.jpg","datePublished":"2022-09-23T07:02:21+00:00","dateModified":"2022-09-23T07:14:16+00:00","description":"Furnizues i Stabilizerit t\u00eb Tensionit Servo me Nj\u00eb Faz\u00eb - Shitje me shumic\u00eb direkt nga TOSUNlux, nj\u00eb prodhues i besuar q\u00eb nga viti 1994. Merrni ofert\u00ebn tuaj B2B t\u00eb fabrik\u00ebs p\u00ebr produktet tona t\u00eb certifikuara elektrike me Tension t\u00eb Ul\u00ebt.","breadcrumb":{"@id":"https:\/\/www.tosunlux.eu\/products\/single-phase-servo-voltage-stabilizer\/#breadcrumb"},"inLanguage":"sq","potentialAction":[{"@type":"ReadAction","target":["https:\/\/www.tosunlux.eu\/products\/single-phase-servo-voltage-stabilizer\/"]}]},{"@type":"ImageObject","inLanguage":"sq","@id":"https:\/\/www.tosunlux.eu\/products\/single-phase-servo-voltage-stabilizer\/#primaryimage","url":"https:\/\/www.tosunlux.eu\/wp-content\/uploads\/2022\/09\/TU1-1024x771.jpg","contentUrl":"https:\/\/www.tosunlux.eu\/wp-content\/uploads\/2022\/09\/TU1-1024x771.jpg"},{"@type":"BreadcrumbList","@id":"https:\/\/www.tosunlux.eu\/products\/single-phase-servo-voltage-stabilizer\/#breadcrumb","itemListElement":[{"@type":"ListItem","position":1,"name":"Home","item":"https:\/\/www.tosunlux.eu\/ru\/"},{"@type":"ListItem","position":2,"name":"Products","item":"https:\/\/www.tosunlux.eu\/products\/"},{"@type":"ListItem","position":3,"name":"Single Phase Servo Voltage Stabilizer"}]},{"@type":"WebSite","@id":"https:\/\/www.tosunlux.eu\/ru\/#website","url":"https:\/\/www.tosunlux.eu\/ru\/","name":"Faqja zyrtare e TOSUNlux - Prodhuesi i nd\u00ebrprer\u00ebsve t\u00eb qarkut elektrik n\u00eb Kin\u00eb","description":"Furnizuesi i Sistemit t\u00eb Shp\u00ebrndarjes s\u00eb Energjis\u00eb","publisher":{"@id":"https:\/\/www.tosunlux.eu\/ru\/#organization"},"alternateName":"TOSUNlux","potentialAction":[{"@type":"SearchAction","target":{"@type":"EntryPoint","urlTemplate":"https:\/\/www.tosunlux.eu\/ru\/?s={search_term_string}"},"query-input":{"@type":"PropertyValueSpecification","valueRequired":true,"valueName":"search_term_string"}}],"inLanguage":"sq"},{"@type":"Organization","@id":"https:\/\/www.tosunlux.eu\/ru\/#organization","name":"TOSUNlux","url":"https:\/\/www.tosunlux.eu\/ru\/","logo":{"@type":"ImageObject","inLanguage":"sq","@id":"https:\/\/www.tosunlux.eu\/ru\/#\/schema\/logo\/image\/","url":"https:\/\/www.tosunlux.eu\/wp-content\/uploads\/2022\/01\/LOGOSYSM.71762f1.png","contentUrl":"https:\/\/www.tosunlux.eu\/wp-content\/uploads\/2022\/01\/LOGOSYSM.71762f1.png","width":153,"height":55,"caption":"TOSUNlux"},"image":{"@id":"https:\/\/www.tosunlux.eu\/ru\/#\/schema\/logo\/image\/"},"sameAs":["https:\/\/www.facebook.com\/TOSUNelectric\/","https:\/\/www.linkedin.com\/company\/wenzhou-tosun-electric-co.-ltd\/"]}]}},"_links":{"self":[{"href":"https:\/\/www.tosunlux.eu\/sq\/wp-json\/wp\/v2\/product\/5186","targetHints":{"allow":["GET"]}}],"collection":[{"href":"https:\/\/www.tosunlux.eu\/sq\/wp-json\/wp\/v2\/product"}],"about":[{"href":"https:\/\/www.tosunlux.eu\/sq\/wp-json\/wp\/v2\/types\/product"}],"version-history":[{"count":0,"href":"https:\/\/www.tosunlux.eu\/sq\/wp-json\/wp\/v2\/product\/5186\/revisions"}],"wp:attachment":[{"href":"https:\/\/www.tosunlux.eu\/sq\/wp-json\/wp\/v2\/media?parent=5186"}],"wp:term":[{"taxonomy":"product_category","embeddable":true,"href":"https:\/\/www.tosunlux.eu\/sq\/wp-json\/wp\/v2\/product_category?post=5186"}],"curies":[{"name":"wp","href":"https:\/\/api.w.org\/{rel}","templated":true}]}}