{"id":5448,"date":"2023-03-14T13:32:23","date_gmt":"2023-03-14T05:32:23","guid":{"rendered":"https:\/\/www.tosunlux.eu\/?post_type=product&#038;p=5448"},"modified":"2023-03-17T14:44:08","modified_gmt":"2023-03-17T06:44:08","slug":"dc-isolating-switch-3","status":"publish","type":"product","link":"https:\/\/www.tosunlux.eu\/sq\/products\/dc-isolating-switch-3\/","title":{"rendered":"Nd\u00ebrprer\u00ebs izolues DC"},"content":{"rendered":"<p><strong>Aplikimi<\/strong><\/p>\n\n\n\n<p>\u00c7el\u00ebsi izolues DC i seris\u00eb S32D aplikohet n\u00eb sistemin fotovoltaik rezidencial ose komercial 1~20 KW, i vendosur midis moduleve t\u00eb fotovoltazhit dhe inverter\u00ebve. Koha e harkut \u00ebsht\u00eb m\u00eb pak se 8 ms, q\u00eb e mban sistemin diellor m\u00eb t\u00eb sigurt. Tensioni maksimal \u00ebsht\u00eb deri n\u00eb 1200V DC. Ajo mban nj\u00eb ep\u00ebrsi t\u00eb sigurt midis produkteve t\u00eb ngjashme.<\/p>\n\n\n\n<p><strong>Specifikimi<\/strong><\/p>\n\n\n<table style=\"border-collapse: collapse; width: 901px; height: 642px;\" border=\"0\" width=\"1560\" cellspacing=\"0\" cellpadding=\"0\">\n<tbody>\n<tr style=\"height: 25.70pt;\">\n<td class=\"et2\" style=\"height: 25.70pt; width: 491.15pt;\" width=\"948\" height=\"49\">Rryma e vler\u00ebsuar (A)<\/td>\n<td class=\"et2\" style=\"width: 317.35pt; text-align: center;\" width=\"612\">16, 25, 32<\/td>\n<\/tr>\n<tr style=\"height: 26.25pt;\">\n<td class=\"et2\" style=\"height: 26.25pt; width: 491.15pt;\" width=\"948\" height=\"50\">Standard<\/td>\n<td class=\"et2\" style=\"width: 317.35pt; text-align: center;\" width=\"612\">IEC60947-3<\/td>\n<\/tr>\n<tr style=\"height: 27.80pt;\">\n<td class=\"et2\" style=\"height: 27.80pt; width: 491.15pt;\" width=\"948\" height=\"53\">Kategoria e shfryt\u00ebzimit<\/td>\n<td class=\"et2\" style=\"width: 317.35pt; text-align: center;\" width=\"612\">DC-PV2\/ DC-PV1\/ DC-21B<\/td>\n<\/tr>\n<tr style=\"height: 26.75pt;\">\n<td class=\"et2\" style=\"height: 26.75pt; width: 491.15pt;\" width=\"948\" height=\"51\">Pol<\/td>\n<td class=\"et2\" style=\"width: 317.35pt; text-align: center;\" width=\"612\">4P<\/td>\n<\/tr>\n<tr style=\"height: 27.25pt;\">\n<td class=\"et2\" style=\"height: 27.25pt; width: 491.15pt;\" width=\"948\" height=\"52\">Frekuenca e vler\u00ebsuar<\/td>\n<td class=\"et2\" style=\"width: 317.35pt; text-align: center;\" width=\"612\">DC<\/td>\n<\/tr>\n<tr style=\"height: 28.30pt;\">\n<td class=\"et2\" style=\"height: 28.30pt; width: 491.15pt;\" width=\"948\" height=\"54\">Tensioni i vler\u00ebsuar operacional (Ue)<\/td>\n<td class=\"et2\" style=\"width: 317.35pt; text-align: center;\" width=\"612\">300V, 600V, 800V, 1000V, 1200V<\/td>\n<\/tr>\n<tr style=\"height: 26.25pt;\">\n<td class=\"et2\" style=\"height: 26.25pt; width: 491.15pt;\" width=\"948\" height=\"50\">Tensioni i vler\u00ebsuar i izolimit (Ui)<\/td>\n<td class=\"et2\" style=\"width: 317.35pt; text-align: center;\" width=\"612\">1200 V<\/td>\n<\/tr>\n<tr style=\"height: 27.25pt;\">\n<td class=\"et2\" style=\"height: 27.25pt; width: 491.15pt;\" width=\"948\" height=\"52\">Rryma e vler\u00ebsuar me rezistenc\u00eb p\u00ebr koh\u00eb t\u00eb shkurt\u00ebr (lew)<\/td>\n<td class=\"et2\" style=\"width: 317.35pt; text-align: center;\" width=\"612\">1kA, 1s<\/td>\n<\/tr>\n<tr style=\"height: 26.25pt;\">\n<td class=\"et2\" style=\"height: 26.25pt; width: 491.15pt;\" width=\"948\" height=\"50\">Tensioni i vler\u00ebsuar i rezistenc\u00ebs s\u00eb impulsuar (Uimp)<\/td>\n<td class=\"et2\" style=\"width: 317.35pt; text-align: center;\" width=\"612\">8. 0kV<\/td>\n<\/tr>\n<tr style=\"height: 29.85pt;\">\n<td class=\"et2\" style=\"height: 29.85pt; width: 491.15pt;\" width=\"948\" height=\"57\">Kategoria e mbitensionit<\/td>\n<td class=\"et2\" style=\"width: 317.35pt; text-align: center;\" width=\"612\">II<\/td>\n<\/tr>\n<tr style=\"height: 28.30pt;\">\n<td class=\"et2\" style=\"height: 28.30pt; width: 491.15pt;\" width=\"948\" height=\"54\">P\u00ebrshtatshm\u00ebria p\u00ebr izolim<\/td>\n<td class=\"et2\" style=\"width: 317.35pt; text-align: center;\" width=\"612\">po<\/td>\n<\/tr>\n<tr style=\"height: 22.65pt;\">\n<td class=\"et2\" style=\"height: 22.65pt; width: 491.15pt;\" width=\"948\" height=\"43\">Polariteti<\/td>\n<td class=\"et2\" style=\"width: 317.35pt; text-align: center;\" width=\"612\">Asnj\u00eb polaritet&quot;+&quot;dhe&quot;-&quot;polaritete nuk mund t\u00eb nd\u00ebrroheshin<\/td>\n<\/tr>\n<tr style=\"height: 26.75pt;\">\n<td class=\"et2\" style=\"height: 26.75pt; width: 491.15pt;\" width=\"948\" height=\"51\">Jeta mekanike<\/td>\n<td class=\"et2\" style=\"width: 317.35pt; text-align: center;\" width=\"612\">18000 her\u00eb<\/td>\n<\/tr>\n<tr style=\"height: 27.25pt;\">\n<td class=\"et2\" style=\"height: 27.25pt; width: 491.15pt;\" width=\"948\" height=\"52\">Jeta elektrike<\/td>\n<td class=\"et2\" style=\"width: 317.35pt; text-align: center;\" width=\"612\">2000 her\u00eb<\/td>\n<\/tr>\n<tr style=\"height: 27.25pt;\">\n<td class=\"et2\" style=\"height: 27.25pt; width: 491.15pt;\" width=\"948\" height=\"52\">Temperatura e ruajtjes<\/td>\n<td class=\"et2\" style=\"width: 317.35pt; text-align: center;\" width=\"612\">-10\u00b0C-+85\u00b0C<\/td>\n<\/tr>\n<tr style=\"height: 27.80pt;\">\n<td class=\"et2\" style=\"height: 27.80pt; width: 491.15pt;\" width=\"948\" height=\"53\">Lloji i montimit<\/td>\n<td class=\"et2\" style=\"width: 317.35pt; text-align: center;\" width=\"612\">Vertikalisht ose horizontalisht<\/td>\n<\/tr>\n<tr style=\"height: 27.25pt;\">\n<td class=\"et2\" style=\"height: 27.25pt; width: 491.15pt;\" width=\"948\" height=\"52\">Shkalla e ndotjes<\/td>\n<td class=\"et2\" style=\"width: 317.35pt; text-align: center;\" width=\"612\">IIl<\/td>\n<\/tr>\n<\/tbody>\n<\/table>\n\n\n<p><strong>Nd\u00ebrrimi i konfigurimeve<\/strong><\/p>\n\n\n\n<figure class=\"wp-block-image size-large\"><img fetchpriority=\"high\" decoding=\"async\" width=\"1024\" height=\"357\" src=\"https:\/\/www.tosunlux.eu\/wp-content\/uploads\/2023\/03\/2023\u65b0\u80fd\u6e90\u76ee\u5f55-2-1024x357.jpg\" alt=\"\" class=\"wp-image-5449\" srcset=\"https:\/\/www.tosunlux.eu\/wp-content\/uploads\/2023\/03\/2023\u65b0\u80fd\u6e90\u76ee\u5f55-2-1024x357.jpg 1024w, https:\/\/www.tosunlux.eu\/wp-content\/uploads\/2023\/03\/2023\u65b0\u80fd\u6e90\u76ee\u5f55-2-300x105.jpg 300w, https:\/\/www.tosunlux.eu\/wp-content\/uploads\/2023\/03\/2023\u65b0\u80fd\u6e90\u76ee\u5f55-2-768x268.jpg 768w, https:\/\/www.tosunlux.eu\/wp-content\/uploads\/2023\/03\/2023\u65b0\u80fd\u6e90\u76ee\u5f55-2-1536x535.jpg 1536w, https:\/\/www.tosunlux.eu\/wp-content\/uploads\/2023\/03\/2023\u65b0\u80fd\u6e90\u76ee\u5f55-2.jpg 1604w\" sizes=\"(max-width: 1024px) 100vw, 1024px\" \/><\/figure>\n\n\n\n<p><strong>Dimensionet<\/strong><\/p>\n\n\n\n<figure class=\"wp-block-image size-large\"><img decoding=\"async\" width=\"1024\" height=\"255\" src=\"https:\/\/www.tosunlux.eu\/wp-content\/uploads\/2023\/03\/2023\u65b0\u80fd\u6e90\u76ee\u5f552-1024x255.jpg\" alt=\"\" class=\"wp-image-5450\" srcset=\"https:\/\/www.tosunlux.eu\/wp-content\/uploads\/2023\/03\/2023\u65b0\u80fd\u6e90\u76ee\u5f552-1024x255.jpg 1024w, https:\/\/www.tosunlux.eu\/wp-content\/uploads\/2023\/03\/2023\u65b0\u80fd\u6e90\u76ee\u5f552-300x75.jpg 300w, https:\/\/www.tosunlux.eu\/wp-content\/uploads\/2023\/03\/2023\u65b0\u80fd\u6e90\u76ee\u5f552-768x191.jpg 768w, https:\/\/www.tosunlux.eu\/wp-content\/uploads\/2023\/03\/2023\u65b0\u80fd\u6e90\u76ee\u5f552-1536x382.jpg 1536w, https:\/\/www.tosunlux.eu\/wp-content\/uploads\/2023\/03\/2023\u65b0\u80fd\u6e90\u76ee\u5f552.jpg 1599w\" sizes=\"(max-width: 1024px) 100vw, 1024px\" \/><\/figure>\n\n\n\n<p><strong>Ve\u00e7ori<\/strong><\/p>\n\n\n\n<p>Rezistenc\u00eb IP66 dhe UV<br>Doreza mund t\u00eb mbyllet n\u00eb pozicionin &quot;OFF&quot;.<br>Mund t\u00eb zgjidhen priza MC4 me p\u00ebrshtat\u00ebs ose fole kabllosh<br>lidhje e p\u00ebrshtatshme dhe kursim i hap\u00ebsir\u00ebs<br>Valvula e ajrit lP66 ndihmon rrjedhjen e ajrit dhe uljen e temperaturave<br>2 pole, 4 pole jan\u00eb t\u00eb disponueshme (Vargu i vet\u00ebm l i dyfisht\u00eb)<br>Standardi: IEC60947-3,AS60947.3<br>DC-PV2, DC-PV1, DC-21B<br>16A,25A,32A,1200V DC<\/p>\n\n\n\n<figure class=\"wp-block-image size-large is-resized\"><img decoding=\"async\" src=\"https:\/\/www.tosunlux.eu\/wp-content\/uploads\/2023\/03\/2023\u65b0\u80fd\u6e90\u76ee\u5f553-1024x380.jpg\" alt=\"\" class=\"wp-image-5451\" width=\"612\" height=\"226\" srcset=\"https:\/\/www.tosunlux.eu\/wp-content\/uploads\/2023\/03\/2023\u65b0\u80fd\u6e90\u76ee\u5f553-1024x380.jpg 1024w, https:\/\/www.tosunlux.eu\/wp-content\/uploads\/2023\/03\/2023\u65b0\u80fd\u6e90\u76ee\u5f553-300x111.jpg 300w, https:\/\/www.tosunlux.eu\/wp-content\/uploads\/2023\/03\/2023\u65b0\u80fd\u6e90\u76ee\u5f553-768x285.jpg 768w, https:\/\/www.tosunlux.eu\/wp-content\/uploads\/2023\/03\/2023\u65b0\u80fd\u6e90\u76ee\u5f553-1536x570.jpg 1536w, https:\/\/www.tosunlux.eu\/wp-content\/uploads\/2023\/03\/2023\u65b0\u80fd\u6e90\u76ee\u5f553.jpg 1599w\" sizes=\"(max-width: 612px) 100vw, 612px\" \/><\/figure>\n\n\n\n<p><strong>Dimensionet<\/strong><\/p>\n\n\n\n<figure class=\"wp-block-image size-large\"><img loading=\"lazy\" decoding=\"async\" width=\"1024\" height=\"657\" src=\"https:\/\/www.tosunlux.eu\/wp-content\/uploads\/2023\/03\/2023\u65b0\u80fd\u6e90\u76ee\u5f554-1024x657.jpg\" alt=\"\" class=\"wp-image-5452\" srcset=\"https:\/\/www.tosunlux.eu\/wp-content\/uploads\/2023\/03\/2023\u65b0\u80fd\u6e90\u76ee\u5f554-1024x657.jpg 1024w, https:\/\/www.tosunlux.eu\/wp-content\/uploads\/2023\/03\/2023\u65b0\u80fd\u6e90\u76ee\u5f554-300x192.jpg 300w, https:\/\/www.tosunlux.eu\/wp-content\/uploads\/2023\/03\/2023\u65b0\u80fd\u6e90\u76ee\u5f554-768x493.jpg 768w, https:\/\/www.tosunlux.eu\/wp-content\/uploads\/2023\/03\/2023\u65b0\u80fd\u6e90\u76ee\u5f554-1536x986.jpg 1536w, https:\/\/www.tosunlux.eu\/wp-content\/uploads\/2023\/03\/2023\u65b0\u80fd\u6e90\u76ee\u5f554.jpg 1599w\" sizes=\"(max-width: 1024px) 100vw, 1024px\" \/><\/figure>","protected":false},"parent":0,"template":"","product_category":[37,153],"class_list":["post-5448","product","type-product","status-publish","hentry","product_category-new-energy-instruments","product_category-dc-fuse-and-isolating-switch"],"yoast_head":"<!-- This site is optimized with the Yoast SEO plugin v27.3 - https:\/\/yoast.com\/product\/yoast-seo-wordpress\/ -->\n<title>WholesaleDC Isolating Switch - TOSUNlux Official Site - Electrical Circuit Breaker Manufacturer in China Low Voltage Electrical Supplier | TOSUNlux<\/title>\n<meta name=\"description\" content=\"DC Isolating Switch Supplier - Wholesale direct from TOSUNlux, a trusted manufacturer since 1994. Get your B2B factory quote on our certified Low Voltage electrical products.\" \/>\n<meta name=\"robots\" content=\"index, follow, max-snippet:-1, max-image-preview:large, max-video-preview:-1\" \/>\n<link rel=\"canonical\" href=\"https:\/\/www.tosunlux.eu\/sq\/products\/dc-isolating-switch-3\/\" \/>\n<meta property=\"og:locale\" content=\"sq_AL\" \/>\n<meta property=\"og:type\" content=\"article\" \/>\n<meta property=\"og:title\" content=\"WholesaleDC Isolating Switch - TOSUNlux Official Site - Electrical Circuit Breaker Manufacturer in China Low Voltage Electrical Supplier | TOSUNlux\" \/>\n<meta property=\"og:description\" content=\"DC Isolating Switch Supplier - Wholesale direct from TOSUNlux, a trusted manufacturer since 1994. Get your B2B factory quote on our certified Low Voltage electrical products.\" \/>\n<meta property=\"og:url\" content=\"https:\/\/www.tosunlux.eu\/sq\/products\/dc-isolating-switch-3\/\" \/>\n<meta property=\"og:site_name\" content=\"TOSUNlux Official Site - Electrical Circuit Breaker Manufacturer in China\" \/>\n<meta property=\"article:publisher\" content=\"https:\/\/www.facebook.com\/TOSUNelectric\/\" \/>\n<meta property=\"article:modified_time\" content=\"2023-03-17T06:44:08+00:00\" \/>\n<meta property=\"og:image\" content=\"https:\/\/www.tosunlux.eu\/wp-content\/uploads\/2023\/04\/DSC08160_\u526f\u672c.jpg\" \/>\n\t<meta property=\"og:image:width\" content=\"1500\" \/>\n\t<meta property=\"og:image:height\" content=\"940\" \/>\n\t<meta property=\"og:image:type\" content=\"image\/jpeg\" \/>\n<meta name=\"twitter:card\" content=\"summary_large_image\" \/>\n<meta name=\"twitter:label1\" content=\"Est. reading time\" \/>\n\t<meta name=\"twitter:data1\" content=\"2 minuta\" \/>\n<script type=\"application\/ld+json\" class=\"yoast-schema-graph\">{\"@context\":\"https:\\\/\\\/schema.org\",\"@graph\":[{\"@type\":\"WebPage\",\"@id\":\"https:\\\/\\\/www.tosunlux.eu\\\/products\\\/dc-isolating-switch-3\\\/\",\"url\":\"https:\\\/\\\/www.tosunlux.eu\\\/products\\\/dc-isolating-switch-3\\\/\",\"name\":\"WholesaleDC Isolating Switch - TOSUNlux Official Site - Electrical Circuit Breaker Manufacturer in China Low Voltage Electrical Supplier | TOSUNlux\",\"isPartOf\":{\"@id\":\"https:\\\/\\\/www.tosunlux.eu\\\/ru\\\/#website\"},\"datePublished\":\"2023-03-14T05:32:23+00:00\",\"dateModified\":\"2023-03-17T06:44:08+00:00\",\"description\":\"DC Isolating Switch Supplier - Wholesale direct from TOSUNlux, a trusted manufacturer since 1994. Get your B2B factory quote on our certified Low Voltage electrical products.\",\"breadcrumb\":{\"@id\":\"https:\\\/\\\/www.tosunlux.eu\\\/products\\\/dc-isolating-switch-3\\\/#breadcrumb\"},\"inLanguage\":\"sq\",\"potentialAction\":[{\"@type\":\"ReadAction\",\"target\":[\"https:\\\/\\\/www.tosunlux.eu\\\/products\\\/dc-isolating-switch-3\\\/\"]}]},{\"@type\":\"BreadcrumbList\",\"@id\":\"https:\\\/\\\/www.tosunlux.eu\\\/products\\\/dc-isolating-switch-3\\\/#breadcrumb\",\"itemListElement\":[{\"@type\":\"ListItem\",\"position\":1,\"name\":\"Home\",\"item\":\"https:\\\/\\\/www.tosunlux.eu\\\/ru\\\/\"},{\"@type\":\"ListItem\",\"position\":2,\"name\":\"Products\",\"item\":\"https:\\\/\\\/www.tosunlux.eu\\\/products\\\/\"},{\"@type\":\"ListItem\",\"position\":3,\"name\":\"DC Isolating Switch\"}]},{\"@type\":\"WebSite\",\"@id\":\"https:\\\/\\\/www.tosunlux.eu\\\/ru\\\/#website\",\"url\":\"https:\\\/\\\/www.tosunlux.eu\\\/ru\\\/\",\"name\":\"TOSUNlux Official Site - Electrical Circuit Breaker Manufacturer in China\",\"description\":\"Power Distribution System Supplier\",\"publisher\":{\"@id\":\"https:\\\/\\\/www.tosunlux.eu\\\/ru\\\/#organization\"},\"alternateName\":\"TOSUNlux\",\"potentialAction\":[{\"@type\":\"SearchAction\",\"target\":{\"@type\":\"EntryPoint\",\"urlTemplate\":\"https:\\\/\\\/www.tosunlux.eu\\\/ru\\\/?s={search_term_string}\"},\"query-input\":{\"@type\":\"PropertyValueSpecification\",\"valueRequired\":true,\"valueName\":\"search_term_string\"}}],\"inLanguage\":\"sq\"},{\"@type\":\"Organization\",\"@id\":\"https:\\\/\\\/www.tosunlux.eu\\\/ru\\\/#organization\",\"name\":\"TOSUNlux\",\"url\":\"https:\\\/\\\/www.tosunlux.eu\\\/ru\\\/\",\"logo\":{\"@type\":\"ImageObject\",\"inLanguage\":\"sq\",\"@id\":\"https:\\\/\\\/www.tosunlux.eu\\\/ru\\\/#\\\/schema\\\/logo\\\/image\\\/\",\"url\":\"https:\\\/\\\/www.tosunlux.eu\\\/wp-content\\\/uploads\\\/2022\\\/01\\\/LOGOSYSM.71762f1.png\",\"contentUrl\":\"https:\\\/\\\/www.tosunlux.eu\\\/wp-content\\\/uploads\\\/2022\\\/01\\\/LOGOSYSM.71762f1.png\",\"width\":153,\"height\":55,\"caption\":\"TOSUNlux\"},\"image\":{\"@id\":\"https:\\\/\\\/www.tosunlux.eu\\\/ru\\\/#\\\/schema\\\/logo\\\/image\\\/\"},\"sameAs\":[\"https:\\\/\\\/www.facebook.com\\\/TOSUNelectric\\\/\",\"https:\\\/\\\/www.linkedin.com\\\/company\\\/wenzhou-tosun-electric-co.-ltd\\\/\"]}]}<\/script>\n<!-- \/ Yoast SEO plugin. -->","yoast_head_json":{"title":"\u00c7el\u00ebs Izolues DC me Shumic\u00eb - Faqja Zyrtare e TOSUNlux - Prodhues i \u00c7el\u00ebsave t\u00eb Qarkut Elektrike n\u00eb Kin\u00eb, Furnizues i Energjis\u00eb Elektrike me Tension t\u00eb Ul\u00ebt | TOSUNlux","description":"Furnizues i \u00c7el\u00ebsave Izolues DC - Shitje me shumic\u00eb direkt nga TOSUNlux, nj\u00eb prodhues i besuar q\u00eb nga viti 1994. Merrni ofert\u00ebn tuaj B2B t\u00eb fabrik\u00ebs p\u00ebr produktet tona t\u00eb certifikuara elektrike me Tension t\u00eb Ul\u00ebt.","robots":{"index":"index","follow":"follow","max-snippet":"max-snippet:-1","max-image-preview":"max-image-preview:large","max-video-preview":"max-video-preview:-1"},"canonical":"https:\/\/www.tosunlux.eu\/sq\/products\/dc-isolating-switch-3\/","og_locale":"sq_AL","og_type":"article","og_title":"WholesaleDC Isolating Switch - TOSUNlux Official Site - Electrical Circuit Breaker Manufacturer in China Low Voltage Electrical Supplier | TOSUNlux","og_description":"DC Isolating Switch Supplier - Wholesale direct from TOSUNlux, a trusted manufacturer since 1994. Get your B2B factory quote on our certified Low Voltage electrical products.","og_url":"https:\/\/www.tosunlux.eu\/sq\/products\/dc-isolating-switch-3\/","og_site_name":"TOSUNlux Official Site - Electrical Circuit Breaker Manufacturer in China","article_publisher":"https:\/\/www.facebook.com\/TOSUNelectric\/","article_modified_time":"2023-03-17T06:44:08+00:00","og_image":[{"width":1500,"height":940,"url":"https:\/\/www.tosunlux.eu\/wp-content\/uploads\/2023\/04\/DSC08160_\u526f\u672c.jpg","type":"image\/jpeg"}],"twitter_card":"summary_large_image","twitter_misc":{"Est. reading time":"2 minuta"},"schema":{"@context":"https:\/\/schema.org","@graph":[{"@type":"WebPage","@id":"https:\/\/www.tosunlux.eu\/products\/dc-isolating-switch-3\/","url":"https:\/\/www.tosunlux.eu\/products\/dc-isolating-switch-3\/","name":"\u00c7el\u00ebs Izolues DC me Shumic\u00eb - Faqja Zyrtare e TOSUNlux - Prodhues i \u00c7el\u00ebsave t\u00eb Qarkut Elektrike n\u00eb Kin\u00eb, Furnizues i Energjis\u00eb Elektrike me Tension t\u00eb Ul\u00ebt | TOSUNlux","isPartOf":{"@id":"https:\/\/www.tosunlux.eu\/ru\/#website"},"datePublished":"2023-03-14T05:32:23+00:00","dateModified":"2023-03-17T06:44:08+00:00","description":"Furnizues i \u00c7el\u00ebsave Izolues DC - Shitje me shumic\u00eb direkt nga TOSUNlux, nj\u00eb prodhues i besuar q\u00eb nga viti 1994. Merrni ofert\u00ebn tuaj B2B t\u00eb fabrik\u00ebs p\u00ebr produktet tona t\u00eb certifikuara elektrike me Tension t\u00eb Ul\u00ebt.","breadcrumb":{"@id":"https:\/\/www.tosunlux.eu\/products\/dc-isolating-switch-3\/#breadcrumb"},"inLanguage":"sq","potentialAction":[{"@type":"ReadAction","target":["https:\/\/www.tosunlux.eu\/products\/dc-isolating-switch-3\/"]}]},{"@type":"BreadcrumbList","@id":"https:\/\/www.tosunlux.eu\/products\/dc-isolating-switch-3\/#breadcrumb","itemListElement":[{"@type":"ListItem","position":1,"name":"Home","item":"https:\/\/www.tosunlux.eu\/ru\/"},{"@type":"ListItem","position":2,"name":"Products","item":"https:\/\/www.tosunlux.eu\/products\/"},{"@type":"ListItem","position":3,"name":"DC Isolating Switch"}]},{"@type":"WebSite","@id":"https:\/\/www.tosunlux.eu\/ru\/#website","url":"https:\/\/www.tosunlux.eu\/ru\/","name":"Faqja zyrtare e TOSUNlux - Prodhuesi i nd\u00ebrprer\u00ebsve t\u00eb qarkut elektrik n\u00eb Kin\u00eb","description":"Furnizuesi i Sistemit t\u00eb Shp\u00ebrndarjes s\u00eb Energjis\u00eb","publisher":{"@id":"https:\/\/www.tosunlux.eu\/ru\/#organization"},"alternateName":"TOSUNlux","potentialAction":[{"@type":"SearchAction","target":{"@type":"EntryPoint","urlTemplate":"https:\/\/www.tosunlux.eu\/ru\/?s={search_term_string}"},"query-input":{"@type":"PropertyValueSpecification","valueRequired":true,"valueName":"search_term_string"}}],"inLanguage":"sq"},{"@type":"Organization","@id":"https:\/\/www.tosunlux.eu\/ru\/#organization","name":"TOSUNlux","url":"https:\/\/www.tosunlux.eu\/ru\/","logo":{"@type":"ImageObject","inLanguage":"sq","@id":"https:\/\/www.tosunlux.eu\/ru\/#\/schema\/logo\/image\/","url":"https:\/\/www.tosunlux.eu\/wp-content\/uploads\/2022\/01\/LOGOSYSM.71762f1.png","contentUrl":"https:\/\/www.tosunlux.eu\/wp-content\/uploads\/2022\/01\/LOGOSYSM.71762f1.png","width":153,"height":55,"caption":"TOSUNlux"},"image":{"@id":"https:\/\/www.tosunlux.eu\/ru\/#\/schema\/logo\/image\/"},"sameAs":["https:\/\/www.facebook.com\/TOSUNelectric\/","https:\/\/www.linkedin.com\/company\/wenzhou-tosun-electric-co.-ltd\/"]}]}},"_links":{"self":[{"href":"https:\/\/www.tosunlux.eu\/sq\/wp-json\/wp\/v2\/product\/5448","targetHints":{"allow":["GET"]}}],"collection":[{"href":"https:\/\/www.tosunlux.eu\/sq\/wp-json\/wp\/v2\/product"}],"about":[{"href":"https:\/\/www.tosunlux.eu\/sq\/wp-json\/wp\/v2\/types\/product"}],"version-history":[{"count":0,"href":"https:\/\/www.tosunlux.eu\/sq\/wp-json\/wp\/v2\/product\/5448\/revisions"}],"wp:attachment":[{"href":"https:\/\/www.tosunlux.eu\/sq\/wp-json\/wp\/v2\/media?parent=5448"}],"wp:term":[{"taxonomy":"product_category","embeddable":true,"href":"https:\/\/www.tosunlux.eu\/sq\/wp-json\/wp\/v2\/product_category?post=5448"}],"curies":[{"name":"wp","href":"https:\/\/api.w.org\/{rel}","templated":true}]}}