{"id":7114,"date":"2023-06-09T13:24:28","date_gmt":"2023-06-09T05:24:28","guid":{"rendered":"https:\/\/www.tosunlux.eu\/?post_type=product&#038;p=7114"},"modified":"2024-12-18T12:44:02","modified_gmt":"2024-12-18T04:44:02","slug":"pvc-cable-trunking","status":"publish","type":"product","link":"https:\/\/www.tosunlux.eu\/sq\/products\/pvc-cable-trunking\/","title":{"rendered":"Trunking kabllo PVC"},"content":{"rendered":"<p>Materiali: PVC e ngurt\u00eb Klasa e ndezshm\u00ebris\u00eb:<\/p>\n\n\n\n<p>Ndezshm\u00ebria: FV-0, FH-1. Rezistenc\u00eb e shk\u00eblqyer ndaj zjarrit dhe izolim. Struktura:<\/p>\n\n\n\n<p>Struktura: Kllapa dhe mbulesa e trungut. Temperatura e funksionimit:<\/p>\n\n\n\n<p>Temperatura e funksionimit: -40\u2103~65\u2103. Ngjyra:<\/p>\n\n\n\n<p>Ngjyra: e bardh\u00eb, blu e bardh\u00eb, fildishi Karakteristikat: <\/p>\n\n\n\n<p>Ve\u00e7ori: 1. Rezistenc\u00eb e mir\u00eb ndaj flak\u00ebs, vrazhd\u00ebsi e lart\u00eb, rezistenc\u00eb e leht\u00eb ndaj alkalit, rezistenc\u00eb ndaj plakjes, izolim i lart\u00eb, p\u00ebrballon tensionin 25 kV, rezistenc\u00eb ndaj temperatur\u00ebs s\u00eb lart\u00eb, jo e leht\u00eb p\u00ebr t&#039;u deformuar pas temperatur\u00ebs s\u00eb lart\u00eb dhe duke mbrojtur telat dhe t\u00eb gjith\u00eb pajisjen e qarkut.<\/p>\n\n\n\n<p>                                     2. Dizajni i vulosur mund t\u00eb jet\u00eb m\u00eb mir\u00eb i pap\u00ebrshkuesh\u00ebm nga pluhuri, i pap\u00ebrshkuesh\u00ebm nga miu.<\/p>\n\n\n\n<p>                                     3. Instalim i leht\u00eb: i leht\u00eb n\u00eb pesh\u00eb, i leht\u00eb p\u00ebr t&#039;u prer\u00eb, transport,<\/p>\n\n\n\n<p>                                     lakimi, trajtimi dhe lidhja me ngjit\u00ebs pa rrjedhje.<\/p>\n\n\n<table style=\"height: 644px;\" width=\"722\">\n<tbody>\n<tr>\n<td id=\"sjs-A1\" style=\"text-align: center;\" data-t=\"s\" data-v=\"Model\">Model<\/td>\n<td id=\"sjs-B1\" style=\"text-align: center;\" data-t=\"s\" data-v=\"WxH\">WxH<\/td>\n<td id=\"sjs-C1\" style=\"text-align: center;\" data-t=\"s\" data-v=\"Thickness\">Trash\u00ebsia<\/td>\n<\/tr>\n<tr>\n<td id=\"sjs-A2\" style=\"text-align: center;\" data-t=\"s\" data-v=\"PZC-1010\">PZC-1010<\/td>\n<td id=\"sjs-B2\" style=\"text-align: center;\" data-t=\"s\" data-v=\"1 0x10\">10&#215;10<\/td>\n<td id=\"sjs-C2\" style=\"text-align: center;\" data-t=\"s\" data-v=\"0.6\">0.6<\/td>\n<\/tr>\n<tr>\n<td id=\"sjs-A3\" style=\"text-align: center;\" data-t=\"s\" data-v=\"PZC-1208\">PZC-1208<\/td>\n<td id=\"sjs-B3\" style=\"text-align: center;\" data-t=\"s\" data-v=\"12x8\">12&#215;8<\/td>\n<td id=\"sjs-C3\" style=\"text-align: center;\" data-t=\"s\" data-v=\"0.7\">0.7<\/td>\n<\/tr>\n<tr>\n<td id=\"sjs-A4\" style=\"text-align: center;\" data-t=\"s\" data-v=\"PZC-1212\">PZC-1212<\/td>\n<td id=\"sjs-B4\" style=\"text-align: center;\" data-t=\"s\" data-v=\"12x12\">12&#215;12<\/td>\n<td id=\"sjs-C4\" style=\"text-align: center;\" data-t=\"s\" data-v=\"0.59\">0.59<\/td>\n<\/tr>\n<tr>\n<td id=\"sjs-A5\" style=\"text-align: center;\" data-t=\"s\" data-v=\"PZC-1407\">PZC-1407<\/td>\n<td id=\"sjs-B5\" style=\"text-align: center;\" data-t=\"s\" data-v=\"14x7\">14&#215;7<\/td>\n<td id=\"sjs-C5\" style=\"text-align: center;\" data-t=\"s\" data-v=\"0.55\">0.55<\/td>\n<\/tr>\n<tr>\n<td id=\"sjs-A6\" style=\"text-align: center;\" data-t=\"s\" data-v=\"PZC-1510\">PZC-1510<\/td>\n<td id=\"sjs-B6\" style=\"text-align: center;\" data-t=\"s\" data-v=\"1 5x10\">15&#215;10<\/td>\n<td id=\"sjs-C6\" style=\"text-align: center;\" data-t=\"s\" data-v=\"0.5\/0.55\/0.75\">0.5\/0.55\/0.75<\/td>\n<\/tr>\n<tr>\n<td id=\"sjs-A7\" style=\"text-align: center;\" data-t=\"s\" data-v=\"PZC-1515\">PZC-1515<\/td>\n<td id=\"sjs-B7\" style=\"text-align: center;\" data-t=\"s\" data-v=\"15x15\">15&#215;15<\/td>\n<td id=\"sjs-C7\" style=\"text-align: center;\" data-t=\"s\" data-v=\"0.58\">0.58<\/td>\n<\/tr>\n<tr>\n<td id=\"sjs-A8\" style=\"text-align: center;\" data-t=\"s\" data-v=\"PZC-1616\">PZC-1616<\/td>\n<td id=\"sjs-B8\" style=\"text-align: center;\" data-t=\"s\" data-v=\"16x16\">16&#215;16<\/td>\n<td id=\"sjs-C8\" style=\"text-align: center;\" data-t=\"s\" data-v=\"0.58\/0.63\/0.7\/0.85\/0.95\">0.58\/0.63\/0.7\/0.85\/0.95<\/td>\n<\/tr>\n<tr>\n<td id=\"sjs-A9\" style=\"text-align: center;\" data-t=\"s\" data-v=\"PZC-2010\">PZC-2010<\/td>\n<td id=\"sjs-B9\" style=\"text-align: center;\" data-t=\"s\" data-v=\"20x10\">20&#215;10<\/td>\n<td id=\"sjs-C9\" style=\"text-align: center;\" data-t=\"s\" data-v=\"0.5\/0.6\/0.64\/0.7\/0.75\">0.5\/0.6\/0.64\/0.7\/0.75<\/td>\n<\/tr>\n<tr>\n<td id=\"sjs-A10\" style=\"text-align: center;\" data-t=\"s\" data-v=\"PZC-2212\">PZC-2212<\/td>\n<td id=\"sjs-B10\" style=\"text-align: center;\" data-t=\"s\" data-v=\"22x12\">22&#215;12<\/td>\n<td id=\"sjs-C10\" style=\"text-align: center;\" data-t=\"s\" data-v=\"0.45\/0.55\">0.45\/0.55<\/td>\n<\/tr>\n<tr>\n<td id=\"sjs-A11\" style=\"text-align: center;\" data-t=\"s\" data-v=\"PZC-2313\">PZC-2313<\/td>\n<td id=\"sjs-B11\" style=\"text-align: center;\" data-t=\"s\" data-v=\"23x13\">23&#215;13<\/td>\n<td id=\"sjs-C11\" style=\"text-align: center;\" data-t=\"s\" data-v=\"0.55\/0.61\">0.55\/0.61<\/td>\n<\/tr>\n<tr>\n<td id=\"sjs-A12\" style=\"text-align: center;\" data-t=\"s\" data-v=\"PZC-2414\">PZC-2414<\/td>\n<td id=\"sjs-B12\" style=\"text-align: center;\" data-t=\"s\" data-v=\"24x14\">24&#215;14<\/td>\n<td id=\"sjs-C12\" style=\"text-align: center;\" data-t=\"s\" data-v=\"0.7\/0.83\">0.7\/0.83<\/td>\n<\/tr>\n<tr>\n<td id=\"sjs-A13\" style=\"text-align: center;\" data-t=\"s\" data-v=\"PZC-2415\">PZC-2415<\/td>\n<td id=\"sjs-B13\" style=\"text-align: center;\" data-t=\"s\" data-v=\"24.5x15.5\">24.5&#215;15.5<\/td>\n<td id=\"sjs-C13\" style=\"text-align: center;\" data-t=\"s\" data-v=\"0.6\/0.63\/0.75\">0.6\/0.63\/0.75<\/td>\n<\/tr>\n<tr>\n<td id=\"sjs-A14\" style=\"text-align: center;\" data-t=\"s\" data-v=\"PZC-2512\">PZC-2512<\/td>\n<td id=\"sjs-B14\" style=\"text-align: center;\" data-t=\"s\" data-v=\"25x12\">25&#215;12<\/td>\n<td id=\"sjs-C14\" style=\"text-align: center;\" data-t=\"s\" data-v=\"0.6\">0.6<\/td>\n<\/tr>\n<tr>\n<td id=\"sjs-A15\" style=\"text-align: center;\" data-t=\"s\" data-v=\"PZC-2516\">PZC-2516<\/td>\n<td id=\"sjs-B15\" style=\"text-align: center;\" data-t=\"s\" data-v=\"25x16\">25&#215;16<\/td>\n<td id=\"sjs-C15\" style=\"text-align: center;\" data-t=\"s\" data-v=\"0.58\/0.63\/0.7\/0.75\/0.87\">0.58\/0.63\/0.7\/0.75\/0.87<\/td>\n<\/tr>\n<tr>\n<td id=\"sjs-A16\" style=\"text-align: center;\" data-t=\"s\" data-v=\"PZC-2525\">PZC-2525<\/td>\n<td id=\"sjs-B16\" style=\"text-align: center;\" data-t=\"s\" data-v=\"25x25\">25&#215;25<\/td>\n<td id=\"sjs-C16\" style=\"text-align: center;\" data-t=\"s\" data-v=\"0.8\/0.95\">0.8\/0.95<\/td>\n<\/tr>\n<tr>\n<td id=\"sjs-A17\" style=\"text-align: center;\" data-t=\"s\" data-v=\"PZC-2913\">PZC-2913<\/td>\n<td id=\"sjs-B17\" style=\"text-align: center;\" data-t=\"s\" data-v=\"29x13\">29&#215;13<\/td>\n<td id=\"sjs-C17\" style=\"text-align: center;\" data-t=\"s\" data-v=\"0.9\">0.9<\/td>\n<\/tr>\n<tr>\n<td id=\"sjs-A18\" style=\"text-align: center;\" data-t=\"s\" data-v=\"PZC-3015\">PZC-3015<\/td>\n<td id=\"sjs-B18\" style=\"text-align: center;\" data-t=\"s\" data-v=\"30x15\">30&#215;15<\/td>\n<td id=\"sjs-C18\" style=\"text-align: center;\" data-t=\"s\" data-v=\"0.68\/0.76\/0.9\">0.68\/0.76\/0.9<\/td>\n<\/tr>\n<tr>\n<td id=\"sjs-A19\" style=\"text-align: center;\" data-t=\"s\" data-v=\"PZC-3030\">PZC-3030<\/td>\n<td id=\"sjs-B19\" style=\"text-align: center;\" data-t=\"s\" data-v=\"30x30\">30&#215;30<\/td>\n<td id=\"sjs-C19\" style=\"text-align: center;\" data-t=\"s\" data-v=\"1.1\">1.1<\/td>\n<\/tr>\n<tr>\n<td id=\"sjs-A20\" style=\"text-align: center;\" data-t=\"s\" data-v=\"PZC-3817\">PZC-3817<\/td>\n<td id=\"sjs-B20\" style=\"text-align: center;\" data-t=\"s\" data-v=\"38x17\">38&#215;17<\/td>\n<td id=\"sjs-C20\" style=\"text-align: center;\" data-t=\"s\" data-v=\"0.66\">0.66<\/td>\n<\/tr>\n<tr>\n<td id=\"sjs-A21\" style=\"text-align: center;\" data-t=\"s\" data-v=\"PZC-3919\">PZC-3919<\/td>\n<td id=\"sjs-B21\" style=\"text-align: center;\" data-t=\"s\" data-v=\"39x19\">39&#215;19<\/td>\n<td id=\"sjs-C21\" style=\"text-align: center;\" data-t=\"s\" data-v=\"0.8\/0.9\/1 .0\">0.8\/0.9\/1 .0<\/td>\n<\/tr>\n<tr>\n<td id=\"sjs-A22\" style=\"text-align: center;\" data-t=\"s\" data-v=\"PZC-4016\">PZC-4016<\/td>\n<td id=\"sjs-B22\" style=\"text-align: center;\" data-t=\"s\" data-v=\"40x16\">40&#215;16<\/td>\n<td id=\"sjs-C22\" style=\"text-align: center;\" data-t=\"s\" data-v=\"0.62\/0.7\/0.97\">0.62\/0.7\/0.97<\/td>\n<\/tr>\n<\/tbody>\n<\/table>","protected":false},"parent":0,"template":"","product_category":[36,214],"class_list":["post-7114","product","type-product","status-publish","hentry","product_category-electrical-accessories","product_category-plastic-items"],"yoast_head":"<!-- This site is optimized with the Yoast SEO plugin v27.5 - https:\/\/yoast.com\/product\/yoast-seo-wordpress\/ -->\n<title>WholesalePVC Cable Trunking - TOSUNlux Official Site - Electrical Circuit Breaker Manufacturer in China Low Voltage Electrical Supplier | TOSUNlux<\/title>\n<meta name=\"description\" content=\"PVC Cable Trunking Supplier - Wholesale direct from TOSUNlux, a trusted manufacturer since 1994. Get your B2B factory quote on our certified Low Voltage electrical products.\" \/>\n<meta name=\"robots\" content=\"index, follow, max-snippet:-1, max-image-preview:large, max-video-preview:-1\" \/>\n<link rel=\"canonical\" href=\"https:\/\/www.tosunlux.eu\/sq\/products\/pvc-cable-trunking\/\" \/>\n<meta property=\"og:locale\" content=\"sq_AL\" \/>\n<meta property=\"og:type\" content=\"article\" \/>\n<meta property=\"og:title\" content=\"WholesalePVC Cable Trunking - TOSUNlux Official Site - Electrical Circuit Breaker Manufacturer in China Low Voltage Electrical Supplier | TOSUNlux\" \/>\n<meta property=\"og:description\" content=\"PVC Cable Trunking Supplier - Wholesale direct from TOSUNlux, a trusted manufacturer since 1994. Get your B2B factory quote on our certified Low Voltage electrical products.\" \/>\n<meta property=\"og:url\" content=\"https:\/\/www.tosunlux.eu\/sq\/products\/pvc-cable-trunking\/\" \/>\n<meta property=\"og:site_name\" content=\"TOSUNlux Official Site - Electrical Circuit Breaker Manufacturer in China\" \/>\n<meta property=\"article:publisher\" content=\"https:\/\/www.facebook.com\/TOSUNelectric\/\" \/>\n<meta property=\"article:modified_time\" content=\"2024-12-18T04:44:02+00:00\" \/>\n<meta property=\"og:image\" content=\"https:\/\/www.tosunlux.eu\/wp-content\/uploads\/2023\/04\/DSC08160_\u526f\u672c.jpg\" \/>\n\t<meta property=\"og:image:width\" content=\"1500\" \/>\n\t<meta property=\"og:image:height\" content=\"940\" \/>\n\t<meta property=\"og:image:type\" content=\"image\/jpeg\" \/>\n<meta name=\"twitter:card\" content=\"summary_large_image\" \/>\n<meta name=\"twitter:label1\" content=\"Est. reading time\" \/>\n\t<meta name=\"twitter:data1\" content=\"1 minut\u00eb\" \/>\n<script type=\"application\/ld+json\" class=\"yoast-schema-graph\">{\"@context\":\"https:\\\/\\\/schema.org\",\"@graph\":[{\"@type\":\"WebPage\",\"@id\":\"https:\\\/\\\/www.tosunlux.eu\\\/ar\\\/products\\\/pvc-cable-trunking\\\/\",\"url\":\"https:\\\/\\\/www.tosunlux.eu\\\/ar\\\/products\\\/pvc-cable-trunking\\\/\",\"name\":\"WholesalePVC Cable Trunking - TOSUNlux Official Site - Electrical Circuit Breaker Manufacturer in China Low Voltage Electrical Supplier | TOSUNlux\",\"isPartOf\":{\"@id\":\"https:\\\/\\\/www.tosunlux.eu\\\/ru\\\/#website\"},\"datePublished\":\"2023-06-09T05:24:28+00:00\",\"dateModified\":\"2024-12-18T04:44:02+00:00\",\"description\":\"PVC Cable Trunking Supplier - Wholesale direct from TOSUNlux, a trusted manufacturer since 1994. Get your B2B factory quote on our certified Low Voltage electrical products.\",\"breadcrumb\":{\"@id\":\"https:\\\/\\\/www.tosunlux.eu\\\/ar\\\/products\\\/pvc-cable-trunking\\\/#breadcrumb\"},\"inLanguage\":\"sq\",\"potentialAction\":[{\"@type\":\"ReadAction\",\"target\":[\"https:\\\/\\\/www.tosunlux.eu\\\/ar\\\/products\\\/pvc-cable-trunking\\\/\"]}]},{\"@type\":\"BreadcrumbList\",\"@id\":\"https:\\\/\\\/www.tosunlux.eu\\\/ar\\\/products\\\/pvc-cable-trunking\\\/#breadcrumb\",\"itemListElement\":[{\"@type\":\"ListItem\",\"position\":1,\"name\":\"Home\",\"item\":\"https:\\\/\\\/www.tosunlux.eu\\\/ru\\\/\"},{\"@type\":\"ListItem\",\"position\":2,\"name\":\"Products\",\"item\":\"https:\\\/\\\/www.tosunlux.eu\\\/products\\\/\"},{\"@type\":\"ListItem\",\"position\":3,\"name\":\"PVC Cable Trunking\"}]},{\"@type\":\"WebSite\",\"@id\":\"https:\\\/\\\/www.tosunlux.eu\\\/ru\\\/#website\",\"url\":\"https:\\\/\\\/www.tosunlux.eu\\\/ru\\\/\",\"name\":\"TOSUNlux Official Site - Electrical Circuit Breaker Manufacturer in China\",\"description\":\"Power Distribution System Supplier\",\"publisher\":{\"@id\":\"https:\\\/\\\/www.tosunlux.eu\\\/ru\\\/#organization\"},\"alternateName\":\"TOSUNlux\",\"potentialAction\":[{\"@type\":\"SearchAction\",\"target\":{\"@type\":\"EntryPoint\",\"urlTemplate\":\"https:\\\/\\\/www.tosunlux.eu\\\/ru\\\/?s={search_term_string}\"},\"query-input\":{\"@type\":\"PropertyValueSpecification\",\"valueRequired\":true,\"valueName\":\"search_term_string\"}}],\"inLanguage\":\"sq\"},{\"@type\":\"Organization\",\"@id\":\"https:\\\/\\\/www.tosunlux.eu\\\/ru\\\/#organization\",\"name\":\"TOSUNlux\",\"url\":\"https:\\\/\\\/www.tosunlux.eu\\\/ru\\\/\",\"logo\":{\"@type\":\"ImageObject\",\"inLanguage\":\"sq\",\"@id\":\"https:\\\/\\\/www.tosunlux.eu\\\/ru\\\/#\\\/schema\\\/logo\\\/image\\\/\",\"url\":\"https:\\\/\\\/www.tosunlux.eu\\\/wp-content\\\/uploads\\\/2022\\\/01\\\/LOGOSYSM.71762f1.png\",\"contentUrl\":\"https:\\\/\\\/www.tosunlux.eu\\\/wp-content\\\/uploads\\\/2022\\\/01\\\/LOGOSYSM.71762f1.png\",\"width\":153,\"height\":55,\"caption\":\"TOSUNlux\"},\"image\":{\"@id\":\"https:\\\/\\\/www.tosunlux.eu\\\/ru\\\/#\\\/schema\\\/logo\\\/image\\\/\"},\"sameAs\":[\"https:\\\/\\\/www.facebook.com\\\/TOSUNelectric\\\/\",\"https:\\\/\\\/www.linkedin.com\\\/company\\\/wenzhou-tosun-electric-co.-ltd\\\/\"]}]}<\/script>\n<!-- \/ Yoast SEO plugin. -->","yoast_head_json":{"title":"Tregti me shumic\u00eb e tubave t\u00eb kabllove PVC - Faqja zyrtare e TOSUNlux - Prodhues i nd\u00ebrprer\u00ebsve elektrik\u00eb n\u00eb Kin\u00eb, furnizues elektrik me tension t\u00eb ul\u00ebt | TOSUNlux","description":"Furnizues i Tubacioneve t\u00eb Kabllot PVC - Shitje me shumic\u00eb direkt nga TOSUNlux, nj\u00eb prodhues i besuar q\u00eb nga viti 1994. Merrni ofert\u00ebn tuaj B2B t\u00eb fabrik\u00ebs p\u00ebr produktet tona t\u00eb \u00e7ertifikuara elektrike me Tension t\u00eb Ul\u00ebt.","robots":{"index":"index","follow":"follow","max-snippet":"max-snippet:-1","max-image-preview":"max-image-preview:large","max-video-preview":"max-video-preview:-1"},"canonical":"https:\/\/www.tosunlux.eu\/sq\/products\/pvc-cable-trunking\/","og_locale":"sq_AL","og_type":"article","og_title":"WholesalePVC Cable Trunking - TOSUNlux Official Site - Electrical Circuit Breaker Manufacturer in China Low Voltage Electrical Supplier | TOSUNlux","og_description":"PVC Cable Trunking Supplier - Wholesale direct from TOSUNlux, a trusted manufacturer since 1994. Get your B2B factory quote on our certified Low Voltage electrical products.","og_url":"https:\/\/www.tosunlux.eu\/sq\/products\/pvc-cable-trunking\/","og_site_name":"TOSUNlux Official Site - Electrical Circuit Breaker Manufacturer in China","article_publisher":"https:\/\/www.facebook.com\/TOSUNelectric\/","article_modified_time":"2024-12-18T04:44:02+00:00","og_image":[{"width":1500,"height":940,"url":"https:\/\/www.tosunlux.eu\/wp-content\/uploads\/2023\/04\/DSC08160_\u526f\u672c.jpg","type":"image\/jpeg"}],"twitter_card":"summary_large_image","twitter_misc":{"Est. reading time":"1 minut\u00eb"},"schema":{"@context":"https:\/\/schema.org","@graph":[{"@type":"WebPage","@id":"https:\/\/www.tosunlux.eu\/ar\/products\/pvc-cable-trunking\/","url":"https:\/\/www.tosunlux.eu\/ar\/products\/pvc-cable-trunking\/","name":"Tregti me shumic\u00eb e tubave t\u00eb kabllove PVC - Faqja zyrtare e TOSUNlux - Prodhues i nd\u00ebrprer\u00ebsve elektrik\u00eb n\u00eb Kin\u00eb, furnizues elektrik me tension t\u00eb ul\u00ebt | TOSUNlux","isPartOf":{"@id":"https:\/\/www.tosunlux.eu\/ru\/#website"},"datePublished":"2023-06-09T05:24:28+00:00","dateModified":"2024-12-18T04:44:02+00:00","description":"Furnizues i Tubacioneve t\u00eb Kabllot PVC - Shitje me shumic\u00eb direkt nga TOSUNlux, nj\u00eb prodhues i besuar q\u00eb nga viti 1994. Merrni ofert\u00ebn tuaj B2B t\u00eb fabrik\u00ebs p\u00ebr produktet tona t\u00eb \u00e7ertifikuara elektrike me Tension t\u00eb Ul\u00ebt.","breadcrumb":{"@id":"https:\/\/www.tosunlux.eu\/ar\/products\/pvc-cable-trunking\/#breadcrumb"},"inLanguage":"sq","potentialAction":[{"@type":"ReadAction","target":["https:\/\/www.tosunlux.eu\/ar\/products\/pvc-cable-trunking\/"]}]},{"@type":"BreadcrumbList","@id":"https:\/\/www.tosunlux.eu\/ar\/products\/pvc-cable-trunking\/#breadcrumb","itemListElement":[{"@type":"ListItem","position":1,"name":"Home","item":"https:\/\/www.tosunlux.eu\/ru\/"},{"@type":"ListItem","position":2,"name":"Products","item":"https:\/\/www.tosunlux.eu\/products\/"},{"@type":"ListItem","position":3,"name":"PVC Cable Trunking"}]},{"@type":"WebSite","@id":"https:\/\/www.tosunlux.eu\/ru\/#website","url":"https:\/\/www.tosunlux.eu\/ru\/","name":"Faqja zyrtare e TOSUNlux - Prodhuesi i nd\u00ebrprer\u00ebsve t\u00eb qarkut elektrik n\u00eb Kin\u00eb","description":"Furnizuesi i Sistemit t\u00eb Shp\u00ebrndarjes s\u00eb Energjis\u00eb","publisher":{"@id":"https:\/\/www.tosunlux.eu\/ru\/#organization"},"alternateName":"TOSUNlux","potentialAction":[{"@type":"SearchAction","target":{"@type":"EntryPoint","urlTemplate":"https:\/\/www.tosunlux.eu\/ru\/?s={search_term_string}"},"query-input":{"@type":"PropertyValueSpecification","valueRequired":true,"valueName":"search_term_string"}}],"inLanguage":"sq"},{"@type":"Organization","@id":"https:\/\/www.tosunlux.eu\/ru\/#organization","name":"TOSUNlux","url":"https:\/\/www.tosunlux.eu\/ru\/","logo":{"@type":"ImageObject","inLanguage":"sq","@id":"https:\/\/www.tosunlux.eu\/ru\/#\/schema\/logo\/image\/","url":"https:\/\/www.tosunlux.eu\/wp-content\/uploads\/2022\/01\/LOGOSYSM.71762f1.png","contentUrl":"https:\/\/www.tosunlux.eu\/wp-content\/uploads\/2022\/01\/LOGOSYSM.71762f1.png","width":153,"height":55,"caption":"TOSUNlux"},"image":{"@id":"https:\/\/www.tosunlux.eu\/ru\/#\/schema\/logo\/image\/"},"sameAs":["https:\/\/www.facebook.com\/TOSUNelectric\/","https:\/\/www.linkedin.com\/company\/wenzhou-tosun-electric-co.-ltd\/"]}]}},"_links":{"self":[{"href":"https:\/\/www.tosunlux.eu\/sq\/wp-json\/wp\/v2\/product\/7114","targetHints":{"allow":["GET"]}}],"collection":[{"href":"https:\/\/www.tosunlux.eu\/sq\/wp-json\/wp\/v2\/product"}],"about":[{"href":"https:\/\/www.tosunlux.eu\/sq\/wp-json\/wp\/v2\/types\/product"}],"version-history":[{"count":1,"href":"https:\/\/www.tosunlux.eu\/sq\/wp-json\/wp\/v2\/product\/7114\/revisions"}],"predecessor-version":[{"id":7115,"href":"https:\/\/www.tosunlux.eu\/sq\/wp-json\/wp\/v2\/product\/7114\/revisions\/7115"}],"wp:attachment":[{"href":"https:\/\/www.tosunlux.eu\/sq\/wp-json\/wp\/v2\/media?parent=7114"}],"wp:term":[{"taxonomy":"product_category","embeddable":true,"href":"https:\/\/www.tosunlux.eu\/sq\/wp-json\/wp\/v2\/product_category?post=7114"}],"curies":[{"name":"wp","href":"https:\/\/api.w.org\/{rel}","templated":true}]}}