{"id":7263,"date":"2023-06-12T15:57:20","date_gmt":"2023-06-12T07:57:20","guid":{"rendered":"https:\/\/www.tosunlux.eu\/?post_type=product&#038;p=7263"},"modified":"2025-02-10T13:25:55","modified_gmt":"2025-02-10T05:25:55","slug":"tsmq2-125-double-power-automatic-changeover-switch","status":"publish","type":"product","link":"https:\/\/www.tosunlux.eu\/sq\/products\/tsmq2-125-double-power-automatic-changeover-switch\/","title":{"rendered":"TSMQ1-100 Nd\u00ebrrimi automatik i fuqis\u00eb s\u00eb dyfisht\u00eb"},"content":{"rendered":"<p><strong>Aplikimi<\/strong><\/p>\n\n\n\n<p>\u00c7el\u00ebsi i nd\u00ebrrimit automatik me dy fuqi modulare TSM12-100 p\u00ebrdoret p\u00ebr t\u00eb siguruar furnizimin me energji elektrike p\u00ebr qark vazhdimisht kur furnizimi kryesor me energji elektrike nuk \u00ebsht\u00eb i disponuesh\u00ebm papritmas. \u00c7el\u00ebsi \u00ebsht\u00eb i p\u00ebrshtatsh\u00ebm n\u00eb sistemin e furnizimit me energji elektrike me 50\/60Hz, tension nominal deri n\u00eb 415V dhe nominal deri n\u00eb 125A.<br>Kur produkti funksionon n\u00eb modalitetin automatik, nd\u00ebrprer\u00ebsi kalon automatikisht qarkun nga furnizimi kryesor me energji (\u2160) n\u00eb furnizimin me energji n\u00eb gatishm\u00ebri (\u2161) n\u00eb rast se furnizimi kryesor \u00ebsht\u00eb i fikur (ose d\u00ebshtimi i faz\u00ebs). Kur furnizimi kryesor me energji (\u2160) rifillon t\u00eb jet\u00eb i disponuesh\u00ebm, \u00e7el\u00ebsi e kthen qarkun p\u00ebrs\u00ebri n\u00eb furnizimin kryesor me energji (\u2160) nga furnizimi me energji n\u00eb gatishm\u00ebri (\u2161) automatikisht.<br>Kur produkti punon n\u00eb modalitetin manual, nd\u00ebrrimi i qarkut midis furnizimit kryesor me energji elektrike (\u2160) dhe furnizimit me energji n\u00eb gatishm\u00ebri (\u2161) duhet t\u00eb realizohet manualisht.<br>\u00c7el\u00ebsi \u00ebsht\u00eb karakteristik i volumit t\u00eb vog\u00ebl, i shpejt\u00eb n\u00eb reagim, i besuesh\u00ebm n\u00eb konvertim, i p\u00ebrshtatsh\u00ebm n\u00eb instalim dhe jet\u00eb i gjat\u00eb n\u00eb sh\u00ebrbim.<\/p>\n\n\n\n<p><strong>Specifikimi<\/strong><\/p>\n\n\n<table style=\"height: 506px;\" width=\"840\">\n<tbody>\n<tr>\n<td style=\"text-align: center;\" width=\"314\">Numri i polak\u00ebve&nbsp;<\/td>\n<td style=\"text-align: center;\" width=\"332\">2P, 4P<\/td>\n<\/tr>\n<tr>\n<td style=\"text-align: center;\" width=\"314\">Rryma e vler\u00ebsuar<\/td>\n<td style=\"text-align: center;\" width=\"332\">20A, 32A, 40A, 50A, 63A, 80A, 100A, 125A<\/td>\n<\/tr>\n<tr>\n<td style=\"text-align: center;\" width=\"314\">Kategoria e p\u00ebrdorimit<\/td>\n<td style=\"text-align: center;\" width=\"332\">AC-33iB<\/td>\n<\/tr>\n<tr>\n<td style=\"text-align: center;\" width=\"314\">Tensioni i vler\u00ebsuar i pun\u00ebs (Ue)<\/td>\n<td style=\"text-align: center;\" width=\"332\">2P 230\/240V\/50Hz; 4P 400\/415V\/50Hz<\/td>\n<\/tr>\n<tr>\n<td style=\"text-align: center;\" width=\"314\">Tensioni i vler\u00ebsuar i izolimit (Ui)<\/td>\n<td style=\"text-align: center;\" width=\"332\">AC690V\/50Hz<\/td>\n<\/tr>\n<tr>\n<td style=\"text-align: center;\" width=\"314\">Tensioni i vler\u00ebsuar i rezistenc\u00ebs s\u00eb impulsit<\/td>\n<td style=\"text-align: center;\" width=\"332\">8 kV<\/td>\n<\/tr>\n<tr>\n<td style=\"text-align: center;\" width=\"314\">Rryma e vler\u00ebsuar kufizuese e qarkut t\u00eb shkurt\u00ebr<\/td>\n<td style=\"text-align: center;\" width=\"332\">50 kA<\/td>\n<\/tr>\n<tr>\n<td style=\"text-align: center;\" width=\"314\">Jeta mekanike<\/td>\n<td style=\"text-align: center;\" width=\"332\">5000 her\u00eb<\/td>\n<\/tr>\n<tr>\n<td style=\"text-align: center;\" width=\"314\">Jeta elektrike<\/td>\n<td style=\"text-align: center;\" width=\"332\">2000 her\u00eb<\/td>\n<\/tr>\n<tr>\n<td style=\"text-align: center;\" width=\"314\">Klasifikimi<\/td>\n<td style=\"text-align: center;\" width=\"332\">Klasa PC: mund t\u00eb prodhohet dhe t\u00eb p\u00ebrballohet pa rrym\u00eb qarku t\u00eb shkurt\u00ebr<\/td>\n<\/tr>\n<tr>\n<td style=\"text-align: center;\" width=\"314\">Qarku i kontrollit<\/td>\n<td style=\"text-align: center;\" width=\"332\">Tensioni i vler\u00ebsuar i kontrollit Us: AC220V, 50Hz Kushtet normale t\u00eb pun\u00ebs: 85%Us-110%Us<\/td>\n<\/tr>\n<tr>\n<td style=\"text-align: center;\" width=\"314\">Ndihm\u00ebs<\/td>\n<td style=\"text-align: center;\" width=\"332\">Kapaciteti kontaktues i kontaktit:AC220V 50Hz le=5y<\/td>\n<\/tr>\n<tr>\n<td style=\"text-align: center;\" width=\"314\">Koha e Konvertimit t\u00eb Operacionit<\/td>\n<td style=\"text-align: center;\" rowspan=\"3\" width=\"332\">&lt;30 ms<\/td>\n<\/tr>\n<tr>\n<td style=\"text-align: center;\" width=\"314\">Koha e konvertimit t\u00eb kthimit<\/td>\n<\/tr>\n<tr>\n<td style=\"text-align: center;\" width=\"314\">Koha e fikjes<\/td>\n<\/tr>\n<\/tbody>\n<\/table>\n\n\n<p><strong>Dimensionet<\/strong><\/p>\n\n\n\n<figure class=\"wp-block-image size-large is-resized\"><img fetchpriority=\"high\" decoding=\"async\" src=\"https:\/\/www.tosunlux.eu\/wp-content\/uploads\/2023\/06\/TSMQ-1024x268.jpg\" alt=\"\" class=\"wp-image-7269\" width=\"768\" height=\"201\" srcset=\"https:\/\/www.tosunlux.eu\/wp-content\/uploads\/2023\/06\/TSMQ-1024x268.jpg 1024w, https:\/\/www.tosunlux.eu\/wp-content\/uploads\/2023\/06\/TSMQ-300x78.jpg 300w, https:\/\/www.tosunlux.eu\/wp-content\/uploads\/2023\/06\/TSMQ-768x201.jpg 768w, https:\/\/www.tosunlux.eu\/wp-content\/uploads\/2023\/06\/TSMQ-1536x401.jpg 1536w, https:\/\/www.tosunlux.eu\/wp-content\/uploads\/2023\/06\/TSMQ-18x5.jpg 18w, https:\/\/www.tosunlux.eu\/wp-content\/uploads\/2023\/06\/TSMQ.jpg 1600w\" sizes=\"(max-width: 768px) 100vw, 768px\" \/><\/figure>","protected":false},"parent":0,"template":"","product_category":[24,86],"class_list":["post-7263","product","type-product","status-publish","hentry","product_category-power-distribution-system","product_category-automatic-changeover-switch"],"yoast_head":"<!-- This site is optimized with the Yoast SEO plugin v27.4 - https:\/\/yoast.com\/product\/yoast-seo-wordpress\/ -->\n<title>WholesaleTSMQ1-100 Dual Power Automatic Changeover Switch - TOSUNlux Official Site - Electrical Circuit Breaker Manufacturer in China Low Voltage Electrical Supplier | TOSUNlux<\/title>\n<meta name=\"description\" content=\"TSMQ1-100 Dual Power Automatic Changeover Switch Supplier - Wholesale direct from TOSUNlux, a trusted manufacturer since 1994. Get your B2B factory quote on our certified Low Voltage electrical products.\" \/>\n<meta name=\"robots\" content=\"index, follow, max-snippet:-1, max-image-preview:large, max-video-preview:-1\" \/>\n<link rel=\"canonical\" href=\"https:\/\/www.tosunlux.eu\/sq\/products\/tsmq2-125-double-power-automatic-changeover-switch\/\" \/>\n<meta property=\"og:locale\" content=\"sq_AL\" \/>\n<meta property=\"og:type\" content=\"article\" \/>\n<meta property=\"og:title\" content=\"WholesaleTSMQ1-100 Dual Power Automatic Changeover Switch - TOSUNlux Official Site - Electrical Circuit Breaker Manufacturer in China Low Voltage Electrical Supplier | TOSUNlux\" \/>\n<meta property=\"og:description\" content=\"TSMQ1-100 Dual Power Automatic Changeover Switch Supplier - Wholesale direct from TOSUNlux, a trusted manufacturer since 1994. Get your B2B factory quote on our certified Low Voltage electrical products.\" \/>\n<meta property=\"og:url\" content=\"https:\/\/www.tosunlux.eu\/sq\/products\/tsmq2-125-double-power-automatic-changeover-switch\/\" \/>\n<meta property=\"og:site_name\" content=\"TOSUNlux Official Site - Electrical Circuit Breaker Manufacturer in China\" \/>\n<meta property=\"article:publisher\" content=\"https:\/\/www.facebook.com\/TOSUNelectric\/\" \/>\n<meta property=\"article:modified_time\" content=\"2025-02-10T05:25:55+00:00\" \/>\n<meta property=\"og:image\" content=\"https:\/\/www.tosunlux.eu\/wp-content\/uploads\/2023\/06\/TSMQ-1024x268.jpg\" \/>\n<meta name=\"twitter:card\" content=\"summary_large_image\" \/>\n<meta name=\"twitter:label1\" content=\"Est. reading time\" \/>\n\t<meta name=\"twitter:data1\" content=\"2 minuta\" \/>\n<script type=\"application\/ld+json\" class=\"yoast-schema-graph\">{\"@context\":\"https:\\\/\\\/schema.org\",\"@graph\":[{\"@type\":\"WebPage\",\"@id\":\"https:\\\/\\\/www.tosunlux.eu\\\/products\\\/tsmq2-125-double-power-automatic-changeover-switch\\\/\",\"url\":\"https:\\\/\\\/www.tosunlux.eu\\\/products\\\/tsmq2-125-double-power-automatic-changeover-switch\\\/\",\"name\":\"WholesaleTSMQ1-100 Dual Power Automatic Changeover Switch - TOSUNlux Official Site - Electrical Circuit Breaker Manufacturer in China Low Voltage Electrical Supplier | TOSUNlux\",\"isPartOf\":{\"@id\":\"https:\\\/\\\/www.tosunlux.eu\\\/ru\\\/#website\"},\"primaryImageOfPage\":{\"@id\":\"https:\\\/\\\/www.tosunlux.eu\\\/products\\\/tsmq2-125-double-power-automatic-changeover-switch\\\/#primaryimage\"},\"image\":{\"@id\":\"https:\\\/\\\/www.tosunlux.eu\\\/products\\\/tsmq2-125-double-power-automatic-changeover-switch\\\/#primaryimage\"},\"thumbnailUrl\":\"https:\\\/\\\/www.tosunlux.eu\\\/wp-content\\\/uploads\\\/2023\\\/06\\\/TSMQ-1024x268.jpg\",\"datePublished\":\"2023-06-12T07:57:20+00:00\",\"dateModified\":\"2025-02-10T05:25:55+00:00\",\"description\":\"TSMQ1-100 Dual Power Automatic Changeover Switch Supplier - Wholesale direct from TOSUNlux, a trusted manufacturer since 1994. Get your B2B factory quote on our certified Low Voltage electrical products.\",\"breadcrumb\":{\"@id\":\"https:\\\/\\\/www.tosunlux.eu\\\/products\\\/tsmq2-125-double-power-automatic-changeover-switch\\\/#breadcrumb\"},\"inLanguage\":\"sq\",\"potentialAction\":[{\"@type\":\"ReadAction\",\"target\":[\"https:\\\/\\\/www.tosunlux.eu\\\/products\\\/tsmq2-125-double-power-automatic-changeover-switch\\\/\"]}]},{\"@type\":\"ImageObject\",\"inLanguage\":\"sq\",\"@id\":\"https:\\\/\\\/www.tosunlux.eu\\\/products\\\/tsmq2-125-double-power-automatic-changeover-switch\\\/#primaryimage\",\"url\":\"https:\\\/\\\/www.tosunlux.eu\\\/wp-content\\\/uploads\\\/2023\\\/06\\\/TSMQ-1024x268.jpg\",\"contentUrl\":\"https:\\\/\\\/www.tosunlux.eu\\\/wp-content\\\/uploads\\\/2023\\\/06\\\/TSMQ-1024x268.jpg\"},{\"@type\":\"BreadcrumbList\",\"@id\":\"https:\\\/\\\/www.tosunlux.eu\\\/products\\\/tsmq2-125-double-power-automatic-changeover-switch\\\/#breadcrumb\",\"itemListElement\":[{\"@type\":\"ListItem\",\"position\":1,\"name\":\"Home\",\"item\":\"https:\\\/\\\/www.tosunlux.eu\\\/ru\\\/\"},{\"@type\":\"ListItem\",\"position\":2,\"name\":\"Products\",\"item\":\"https:\\\/\\\/www.tosunlux.eu\\\/products\\\/\"},{\"@type\":\"ListItem\",\"position\":3,\"name\":\"TSMQ1-100 Dual Power Automatic Changeover Switch\"}]},{\"@type\":\"WebSite\",\"@id\":\"https:\\\/\\\/www.tosunlux.eu\\\/ru\\\/#website\",\"url\":\"https:\\\/\\\/www.tosunlux.eu\\\/ru\\\/\",\"name\":\"TOSUNlux Official Site - Electrical Circuit Breaker Manufacturer in China\",\"description\":\"Power Distribution System Supplier\",\"publisher\":{\"@id\":\"https:\\\/\\\/www.tosunlux.eu\\\/ru\\\/#organization\"},\"alternateName\":\"TOSUNlux\",\"potentialAction\":[{\"@type\":\"SearchAction\",\"target\":{\"@type\":\"EntryPoint\",\"urlTemplate\":\"https:\\\/\\\/www.tosunlux.eu\\\/ru\\\/?s={search_term_string}\"},\"query-input\":{\"@type\":\"PropertyValueSpecification\",\"valueRequired\":true,\"valueName\":\"search_term_string\"}}],\"inLanguage\":\"sq\"},{\"@type\":\"Organization\",\"@id\":\"https:\\\/\\\/www.tosunlux.eu\\\/ru\\\/#organization\",\"name\":\"TOSUNlux\",\"url\":\"https:\\\/\\\/www.tosunlux.eu\\\/ru\\\/\",\"logo\":{\"@type\":\"ImageObject\",\"inLanguage\":\"sq\",\"@id\":\"https:\\\/\\\/www.tosunlux.eu\\\/ru\\\/#\\\/schema\\\/logo\\\/image\\\/\",\"url\":\"https:\\\/\\\/www.tosunlux.eu\\\/wp-content\\\/uploads\\\/2022\\\/01\\\/LOGOSYSM.71762f1.png\",\"contentUrl\":\"https:\\\/\\\/www.tosunlux.eu\\\/wp-content\\\/uploads\\\/2022\\\/01\\\/LOGOSYSM.71762f1.png\",\"width\":153,\"height\":55,\"caption\":\"TOSUNlux\"},\"image\":{\"@id\":\"https:\\\/\\\/www.tosunlux.eu\\\/ru\\\/#\\\/schema\\\/logo\\\/image\\\/\"},\"sameAs\":[\"https:\\\/\\\/www.facebook.com\\\/TOSUNelectric\\\/\",\"https:\\\/\\\/www.linkedin.com\\\/company\\\/wenzhou-tosun-electric-co.-ltd\\\/\"]}]}<\/script>\n<!-- \/ Yoast SEO plugin. -->","yoast_head_json":{"title":"Nd\u00ebrprer\u00ebs Automatik i Nd\u00ebrrimit me Fuqi t\u00eb Dyfisht\u00eb TSMQ1-100 me Shumic\u00eb - Faqja Zyrtare e TOSUNlux - Prodhues i Nd\u00ebrprer\u00ebsve t\u00eb Qarkut Elektrik n\u00eb Kin\u00eb, Furnizues i Energjis\u00eb Elektrike me Tension t\u00eb Ul\u00ebt | TOSUNlux","description":"Furnizues i \u00c7el\u00ebsit Automatik t\u00eb Nd\u00ebrrimit me Fuqi t\u00eb Dyfisht\u00eb TSMQ1-100 - Shitje me shumic\u00eb direkt nga TOSUNlux, nj\u00eb prodhues i besuar q\u00eb nga viti 1994. Merrni ofert\u00ebn tuaj B2B t\u00eb fabrik\u00ebs p\u00ebr produktet tona t\u00eb certifikuara elektrike me Tension t\u00eb Ul\u00ebt.","robots":{"index":"index","follow":"follow","max-snippet":"max-snippet:-1","max-image-preview":"max-image-preview:large","max-video-preview":"max-video-preview:-1"},"canonical":"https:\/\/www.tosunlux.eu\/sq\/products\/tsmq2-125-double-power-automatic-changeover-switch\/","og_locale":"sq_AL","og_type":"article","og_title":"WholesaleTSMQ1-100 Dual Power Automatic Changeover Switch - TOSUNlux Official Site - Electrical Circuit Breaker Manufacturer in China Low Voltage Electrical Supplier | TOSUNlux","og_description":"TSMQ1-100 Dual Power Automatic Changeover Switch Supplier - Wholesale direct from TOSUNlux, a trusted manufacturer since 1994. Get your B2B factory quote on our certified Low Voltage electrical products.","og_url":"https:\/\/www.tosunlux.eu\/sq\/products\/tsmq2-125-double-power-automatic-changeover-switch\/","og_site_name":"TOSUNlux Official Site - Electrical Circuit Breaker Manufacturer in China","article_publisher":"https:\/\/www.facebook.com\/TOSUNelectric\/","article_modified_time":"2025-02-10T05:25:55+00:00","og_image":[{"url":"https:\/\/www.tosunlux.eu\/wp-content\/uploads\/2023\/06\/TSMQ-1024x268.jpg","type":"","width":"","height":""}],"twitter_card":"summary_large_image","twitter_misc":{"Est. reading time":"2 minuta"},"schema":{"@context":"https:\/\/schema.org","@graph":[{"@type":"WebPage","@id":"https:\/\/www.tosunlux.eu\/products\/tsmq2-125-double-power-automatic-changeover-switch\/","url":"https:\/\/www.tosunlux.eu\/products\/tsmq2-125-double-power-automatic-changeover-switch\/","name":"Nd\u00ebrprer\u00ebs Automatik i Nd\u00ebrrimit me Fuqi t\u00eb Dyfisht\u00eb TSMQ1-100 me Shumic\u00eb - Faqja Zyrtare e TOSUNlux - Prodhues i Nd\u00ebrprer\u00ebsve t\u00eb Qarkut Elektrik n\u00eb Kin\u00eb, Furnizues i Energjis\u00eb Elektrike me Tension t\u00eb Ul\u00ebt | TOSUNlux","isPartOf":{"@id":"https:\/\/www.tosunlux.eu\/ru\/#website"},"primaryImageOfPage":{"@id":"https:\/\/www.tosunlux.eu\/products\/tsmq2-125-double-power-automatic-changeover-switch\/#primaryimage"},"image":{"@id":"https:\/\/www.tosunlux.eu\/products\/tsmq2-125-double-power-automatic-changeover-switch\/#primaryimage"},"thumbnailUrl":"https:\/\/www.tosunlux.eu\/wp-content\/uploads\/2023\/06\/TSMQ-1024x268.jpg","datePublished":"2023-06-12T07:57:20+00:00","dateModified":"2025-02-10T05:25:55+00:00","description":"Furnizues i \u00c7el\u00ebsit Automatik t\u00eb Nd\u00ebrrimit me Fuqi t\u00eb Dyfisht\u00eb TSMQ1-100 - Shitje me shumic\u00eb direkt nga TOSUNlux, nj\u00eb prodhues i besuar q\u00eb nga viti 1994. Merrni ofert\u00ebn tuaj B2B t\u00eb fabrik\u00ebs p\u00ebr produktet tona t\u00eb certifikuara elektrike me Tension t\u00eb Ul\u00ebt.","breadcrumb":{"@id":"https:\/\/www.tosunlux.eu\/products\/tsmq2-125-double-power-automatic-changeover-switch\/#breadcrumb"},"inLanguage":"sq","potentialAction":[{"@type":"ReadAction","target":["https:\/\/www.tosunlux.eu\/products\/tsmq2-125-double-power-automatic-changeover-switch\/"]}]},{"@type":"ImageObject","inLanguage":"sq","@id":"https:\/\/www.tosunlux.eu\/products\/tsmq2-125-double-power-automatic-changeover-switch\/#primaryimage","url":"https:\/\/www.tosunlux.eu\/wp-content\/uploads\/2023\/06\/TSMQ-1024x268.jpg","contentUrl":"https:\/\/www.tosunlux.eu\/wp-content\/uploads\/2023\/06\/TSMQ-1024x268.jpg"},{"@type":"BreadcrumbList","@id":"https:\/\/www.tosunlux.eu\/products\/tsmq2-125-double-power-automatic-changeover-switch\/#breadcrumb","itemListElement":[{"@type":"ListItem","position":1,"name":"Home","item":"https:\/\/www.tosunlux.eu\/ru\/"},{"@type":"ListItem","position":2,"name":"Products","item":"https:\/\/www.tosunlux.eu\/products\/"},{"@type":"ListItem","position":3,"name":"TSMQ1-100 Dual Power Automatic Changeover Switch"}]},{"@type":"WebSite","@id":"https:\/\/www.tosunlux.eu\/ru\/#website","url":"https:\/\/www.tosunlux.eu\/ru\/","name":"Faqja zyrtare e TOSUNlux - Prodhuesi i nd\u00ebrprer\u00ebsve t\u00eb qarkut elektrik n\u00eb Kin\u00eb","description":"Furnizuesi i Sistemit t\u00eb Shp\u00ebrndarjes s\u00eb Energjis\u00eb","publisher":{"@id":"https:\/\/www.tosunlux.eu\/ru\/#organization"},"alternateName":"TOSUNlux","potentialAction":[{"@type":"SearchAction","target":{"@type":"EntryPoint","urlTemplate":"https:\/\/www.tosunlux.eu\/ru\/?s={search_term_string}"},"query-input":{"@type":"PropertyValueSpecification","valueRequired":true,"valueName":"search_term_string"}}],"inLanguage":"sq"},{"@type":"Organization","@id":"https:\/\/www.tosunlux.eu\/ru\/#organization","name":"TOSUNlux","url":"https:\/\/www.tosunlux.eu\/ru\/","logo":{"@type":"ImageObject","inLanguage":"sq","@id":"https:\/\/www.tosunlux.eu\/ru\/#\/schema\/logo\/image\/","url":"https:\/\/www.tosunlux.eu\/wp-content\/uploads\/2022\/01\/LOGOSYSM.71762f1.png","contentUrl":"https:\/\/www.tosunlux.eu\/wp-content\/uploads\/2022\/01\/LOGOSYSM.71762f1.png","width":153,"height":55,"caption":"TOSUNlux"},"image":{"@id":"https:\/\/www.tosunlux.eu\/ru\/#\/schema\/logo\/image\/"},"sameAs":["https:\/\/www.facebook.com\/TOSUNelectric\/","https:\/\/www.linkedin.com\/company\/wenzhou-tosun-electric-co.-ltd\/"]}]}},"_links":{"self":[{"href":"https:\/\/www.tosunlux.eu\/sq\/wp-json\/wp\/v2\/product\/7263","targetHints":{"allow":["GET"]}}],"collection":[{"href":"https:\/\/www.tosunlux.eu\/sq\/wp-json\/wp\/v2\/product"}],"about":[{"href":"https:\/\/www.tosunlux.eu\/sq\/wp-json\/wp\/v2\/types\/product"}],"version-history":[{"count":6,"href":"https:\/\/www.tosunlux.eu\/sq\/wp-json\/wp\/v2\/product\/7263\/revisions"}],"predecessor-version":[{"id":12508,"href":"https:\/\/www.tosunlux.eu\/sq\/wp-json\/wp\/v2\/product\/7263\/revisions\/12508"}],"wp:attachment":[{"href":"https:\/\/www.tosunlux.eu\/sq\/wp-json\/wp\/v2\/media?parent=7263"}],"wp:term":[{"taxonomy":"product_category","embeddable":true,"href":"https:\/\/www.tosunlux.eu\/sq\/wp-json\/wp\/v2\/product_category?post=7263"}],"curies":[{"name":"wp","href":"https:\/\/api.w.org\/{rel}","templated":true}]}}