{"id":7817,"date":"2023-08-22T14:34:06","date_gmt":"2023-08-22T06:34:06","guid":{"rendered":"https:\/\/www.tosunlux.eu\/?post_type=product&#038;p=7817"},"modified":"2025-01-02T11:12:14","modified_gmt":"2025-01-02T03:12:14","slug":"tsn3-40l-residual-current-operated-circuitbreaker-rcbo","status":"publish","type":"product","link":"https:\/\/www.tosunlux.eu\/sq\/products\/tsn3-40l-residual-current-operated-circuitbreaker-rcbo\/","title":{"rendered":"TSN3-32L Nd\u00ebrprer\u00ebs qarku i operuar me rrym\u00eb t\u00eb mbetur (RCBO)"},"content":{"rendered":"<figure class=\"wp-block-image size-large is-resized\"><img decoding=\"async\" src=\"https:\/\/www.tosunlux.eu\/wp-content\/uploads\/2023\/06\/logo-1-1024x348.jpg\" alt=\"\" class=\"wp-image-7244\" width=\"215\" height=\"73\" srcset=\"https:\/\/www.tosunlux.eu\/wp-content\/uploads\/2023\/06\/logo-1-1024x348.jpg 1024w, https:\/\/www.tosunlux.eu\/wp-content\/uploads\/2023\/06\/logo-1-300x102.jpg 300w, https:\/\/www.tosunlux.eu\/wp-content\/uploads\/2023\/06\/logo-1-768x261.jpg 768w, https:\/\/www.tosunlux.eu\/wp-content\/uploads\/2023\/06\/logo-1-1536x521.jpg 1536w, https:\/\/www.tosunlux.eu\/wp-content\/uploads\/2023\/06\/logo-1-18x6.jpg 18w, https:\/\/www.tosunlux.eu\/wp-content\/uploads\/2023\/06\/logo-1.jpg 1600w\" sizes=\"(max-width: 215px) 100vw, 215px\" \/><\/figure>\n\n\n\n<p><strong>Aplikimi<\/strong><\/p>\n\n\n\n<p>RCBO me montim t\u00eb holl\u00eb DIN \u00ebsht\u00eb i disponuesh\u00ebm si pajisje me nj\u00eb modul p\u00ebr t\u00eb kursyer hap\u00ebsir\u00eb t\u00eb vlefshme t\u00eb centralit.<\/p>\n\n\n\n<p><strong>Specifikimi<\/strong><\/p>\n\n\n<table width=\"852\">\n<tbody>\n<tr>\n<td width=\"333\">Numri i polak\u00ebve<\/td>\n<td style=\"text-align: center;\" width=\"518\">1P+N<\/td>\n<\/tr>\n<tr>\n<td width=\"333\">Rryma e vler\u00ebsuar<\/td>\n<td style=\"text-align: center;\" width=\"518\">6A, 10A, 16A, 20A, 25A, 32A<\/td>\n<\/tr>\n<tr>\n<td width=\"333\">Tensioni i vler\u00ebsuar funksional<\/td>\n<td style=\"text-align: center;\" width=\"518\">230 V\/240 ~<\/td>\n<\/tr>\n<tr>\n<td width=\"333\">Ndjeshm\u00ebria ndaj rrjedhjes s\u00eb tok\u00ebs<\/td>\n<td style=\"text-align: center;\" width=\"518\">10 mA, 30 maA, 100 mA<\/td>\n<\/tr>\n<tr>\n<td width=\"333\">Teknologjia e nj\u00ebsis\u00eb s\u00eb udh\u00ebtimit<\/td>\n<td style=\"text-align: center;\" width=\"518\">Elektronike<\/td>\n<\/tr>\n<tr>\n<td width=\"333\">Lloji i rrjetit<\/td>\n<td style=\"text-align: center;\" width=\"518\">AC\/A<\/td>\n<\/tr>\n<tr>\n<td width=\"333\">Standardet<\/td>\n<td style=\"text-align: center;\" width=\"518\">IEC\/EN 61009-1<\/td>\n<\/tr>\n<tr>\n<td width=\"333\">\n<p>Kapaciteti i thyer<\/p>\n<\/td>\n<td style=\"text-align: center;\" width=\"518\">Icn =Ics=6000 A<\/td>\n<\/tr>\n<tr>\n<td width=\"333\">\u3010U i\u3011 Tensioni i vler\u00ebsuar i izolimit<\/td>\n<td style=\"text-align: center;\" width=\"518\">415 V AC<\/td>\n<\/tr>\n<tr>\n<td width=\"333\">\u3010Uimp\u3011 Rezistenca e tensionit t\u00eb vler\u00ebsuar t\u00eb impulsit<\/td>\n<td style=\"text-align: center;\" width=\"518\">4000 V<\/td>\n<\/tr>\n<tr>\n<td width=\"333\">Q\u00ebndrueshm\u00ebria mekanike<\/td>\n<td style=\"text-align: center;\" width=\"518\">10000 cikle<\/td>\n<\/tr>\n<tr>\n<td width=\"333\">Q\u00ebndrueshm\u00ebri elektrike<\/td>\n<td style=\"text-align: center;\" width=\"518\">4000 cikle<\/td>\n<\/tr>\n<tr>\n<td width=\"333\">Shtr\u00ebngimi i rrotullimit<\/td>\n<td style=\"text-align: center;\" width=\"518\">M4 2N. m Il<\/td>\n<\/tr>\n<tr>\n<td width=\"333\">Shkalla e mbrojtjes IP<\/td>\n<td width=\"518\">IP20 n\u00eb p\u00ebrputhje me IEC 60529<br \/>IP40 (mbyllje modulare) n\u00eb p\u00ebrputhje me IEC 60529<\/td>\n<\/tr>\n<tr>\n<td width=\"333\">Kodi i kurb\u00ebs<\/td>\n<td style=\"text-align: center;\" width=\"518\">B, C<\/td>\n<\/tr>\n<tr>\n<td width=\"333\">Temperatura e ajrit t\u00eb ambientit p\u00ebr funksionim<\/td>\n<td style=\"text-align: center;\" width=\"518\">-5~40\u2103<\/td>\n<\/tr>\n<tr>\n<td width=\"333\">Direktiva e BE-s\u00eb RoHS<\/td>\n<td style=\"text-align: center;\" width=\"518\">N\u00eb p\u00ebrputhje me deklarat\u00ebn RoHS t\u00eb BE-s\u00eb<\/td>\n<\/tr>\n<tr>\n<td width=\"333\">Shkalla e Polluionit<\/td>\n<td style=\"text-align: center;\" width=\"518\">2 n\u00eb p\u00ebrputhje me IEC\/EN 60898-1<\/td>\n<\/tr>\n<tr>\n<td width=\"333\">\n<p>Lidhja e sip\u00ebrme<\/p>\n<p>Lidhja elektrike e poshtme<\/p>\n<\/td>\n<td style=\"text-align: center;\" width=\"518\">1-16 mm2\u00a0\u00a0\u00a0\u00a0\u00a0<\/td>\n<\/tr>\n<\/tbody>\n<\/table>\n\n\n<p><strong>Dimensioni<\/strong><\/p>\n\n\n\n<figure class=\"wp-block-image size-large is-resized\"><img fetchpriority=\"high\" decoding=\"async\" src=\"https:\/\/www.tosunlux.eu\/wp-content\/uploads\/2023\/08\/TSL3-40-1024x502.jpg\" alt=\"\" class=\"wp-image-7825\" width=\"451\" height=\"220\" srcset=\"https:\/\/www.tosunlux.eu\/wp-content\/uploads\/2023\/08\/TSL3-40-1024x502.jpg 1024w, https:\/\/www.tosunlux.eu\/wp-content\/uploads\/2023\/08\/TSL3-40-300x147.jpg 300w, https:\/\/www.tosunlux.eu\/wp-content\/uploads\/2023\/08\/TSL3-40-768x376.jpg 768w, https:\/\/www.tosunlux.eu\/wp-content\/uploads\/2023\/08\/TSL3-40-1536x753.jpg 1536w, https:\/\/www.tosunlux.eu\/wp-content\/uploads\/2023\/08\/TSL3-40-18x9.jpg 18w, https:\/\/www.tosunlux.eu\/wp-content\/uploads\/2023\/08\/TSL3-40.jpg 1600w\" sizes=\"(max-width: 451px) 100vw, 451px\" \/><\/figure>","protected":false},"parent":0,"template":"","product_category":[78],"class_list":["post-7817","product","type-product","status-publish","hentry","product_category-rcbo"],"yoast_head":"<!-- This site is optimized with the Yoast SEO plugin v27.4 - https:\/\/yoast.com\/product\/yoast-seo-wordpress\/ -->\n<title>WholesaleTSN3-32L Residual Current Operated Circuit Breaker (RCBO) - TOSUNlux Official Site - Electrical Circuit Breaker Manufacturer in China Low Voltage Electrical Supplier | TOSUNlux<\/title>\n<meta name=\"description\" content=\"TSN3-32L Residual Current Operated Circuit Breaker (RCBO) Supplier - Wholesale direct from TOSUNlux, a trusted manufacturer since 1994. Get your B2B factory quote on our certified Low Voltage electrical products.\" \/>\n<meta name=\"robots\" content=\"index, follow, max-snippet:-1, max-image-preview:large, max-video-preview:-1\" \/>\n<link rel=\"canonical\" href=\"https:\/\/www.tosunlux.eu\/sq\/products\/tsn3-40l-residual-current-operated-circuitbreaker-rcbo\/\" \/>\n<meta property=\"og:locale\" content=\"sq_AL\" \/>\n<meta property=\"og:type\" content=\"article\" \/>\n<meta property=\"og:title\" content=\"WholesaleTSN3-32L Residual Current Operated Circuit Breaker (RCBO) - TOSUNlux Official Site - Electrical Circuit Breaker Manufacturer in China Low Voltage Electrical Supplier | TOSUNlux\" \/>\n<meta property=\"og:description\" content=\"TSN3-32L Residual Current Operated Circuit Breaker (RCBO) Supplier - Wholesale direct from TOSUNlux, a trusted manufacturer since 1994. Get your B2B factory quote on our certified Low Voltage electrical products.\" \/>\n<meta property=\"og:url\" content=\"https:\/\/www.tosunlux.eu\/sq\/products\/tsn3-40l-residual-current-operated-circuitbreaker-rcbo\/\" \/>\n<meta property=\"og:site_name\" content=\"TOSUNlux Official Site - Electrical Circuit Breaker Manufacturer in China\" \/>\n<meta property=\"article:publisher\" content=\"https:\/\/www.facebook.com\/TOSUNelectric\/\" \/>\n<meta property=\"article:modified_time\" content=\"2025-01-02T03:12:14+00:00\" \/>\n<meta property=\"og:image\" content=\"https:\/\/www.tosunlux.eu\/wp-content\/uploads\/2023\/06\/logo-1-1024x348.jpg\" \/>\n<meta name=\"twitter:card\" content=\"summary_large_image\" \/>\n<meta name=\"twitter:label1\" content=\"Est. reading time\" \/>\n\t<meta name=\"twitter:data1\" content=\"1 minut\u00eb\" \/>\n<script type=\"application\/ld+json\" class=\"yoast-schema-graph\">{\"@context\":\"https:\\\/\\\/schema.org\",\"@graph\":[{\"@type\":\"WebPage\",\"@id\":\"https:\\\/\\\/www.tosunlux.eu\\\/products\\\/tsn3-40l-residual-current-operated-circuitbreaker-rcbo\\\/\",\"url\":\"https:\\\/\\\/www.tosunlux.eu\\\/products\\\/tsn3-40l-residual-current-operated-circuitbreaker-rcbo\\\/\",\"name\":\"WholesaleTSN3-32L Residual Current Operated Circuit Breaker (RCBO) - TOSUNlux Official Site - Electrical Circuit Breaker Manufacturer in China Low Voltage Electrical Supplier | TOSUNlux\",\"isPartOf\":{\"@id\":\"https:\\\/\\\/www.tosunlux.eu\\\/ru\\\/#website\"},\"primaryImageOfPage\":{\"@id\":\"https:\\\/\\\/www.tosunlux.eu\\\/products\\\/tsn3-40l-residual-current-operated-circuitbreaker-rcbo\\\/#primaryimage\"},\"image\":{\"@id\":\"https:\\\/\\\/www.tosunlux.eu\\\/products\\\/tsn3-40l-residual-current-operated-circuitbreaker-rcbo\\\/#primaryimage\"},\"thumbnailUrl\":\"https:\\\/\\\/www.tosunlux.eu\\\/wp-content\\\/uploads\\\/2023\\\/06\\\/logo-1-1024x348.jpg\",\"datePublished\":\"2023-08-22T06:34:06+00:00\",\"dateModified\":\"2025-01-02T03:12:14+00:00\",\"description\":\"TSN3-32L Residual Current Operated Circuit Breaker (RCBO) Supplier - Wholesale direct from TOSUNlux, a trusted manufacturer since 1994. Get your B2B factory quote on our certified Low Voltage electrical products.\",\"breadcrumb\":{\"@id\":\"https:\\\/\\\/www.tosunlux.eu\\\/products\\\/tsn3-40l-residual-current-operated-circuitbreaker-rcbo\\\/#breadcrumb\"},\"inLanguage\":\"sq\",\"potentialAction\":[{\"@type\":\"ReadAction\",\"target\":[\"https:\\\/\\\/www.tosunlux.eu\\\/products\\\/tsn3-40l-residual-current-operated-circuitbreaker-rcbo\\\/\"]}]},{\"@type\":\"ImageObject\",\"inLanguage\":\"sq\",\"@id\":\"https:\\\/\\\/www.tosunlux.eu\\\/products\\\/tsn3-40l-residual-current-operated-circuitbreaker-rcbo\\\/#primaryimage\",\"url\":\"https:\\\/\\\/www.tosunlux.eu\\\/wp-content\\\/uploads\\\/2023\\\/06\\\/logo-1-1024x348.jpg\",\"contentUrl\":\"https:\\\/\\\/www.tosunlux.eu\\\/wp-content\\\/uploads\\\/2023\\\/06\\\/logo-1-1024x348.jpg\"},{\"@type\":\"BreadcrumbList\",\"@id\":\"https:\\\/\\\/www.tosunlux.eu\\\/products\\\/tsn3-40l-residual-current-operated-circuitbreaker-rcbo\\\/#breadcrumb\",\"itemListElement\":[{\"@type\":\"ListItem\",\"position\":1,\"name\":\"Home\",\"item\":\"https:\\\/\\\/www.tosunlux.eu\\\/ru\\\/\"},{\"@type\":\"ListItem\",\"position\":2,\"name\":\"Products\",\"item\":\"https:\\\/\\\/www.tosunlux.eu\\\/products\\\/\"},{\"@type\":\"ListItem\",\"position\":3,\"name\":\"TSN3-32L Residual Current Operated Circuit Breaker (RCBO)\"}]},{\"@type\":\"WebSite\",\"@id\":\"https:\\\/\\\/www.tosunlux.eu\\\/ru\\\/#website\",\"url\":\"https:\\\/\\\/www.tosunlux.eu\\\/ru\\\/\",\"name\":\"TOSUNlux Official Site - Electrical Circuit Breaker Manufacturer in China\",\"description\":\"Power Distribution System Supplier\",\"publisher\":{\"@id\":\"https:\\\/\\\/www.tosunlux.eu\\\/ru\\\/#organization\"},\"alternateName\":\"TOSUNlux\",\"potentialAction\":[{\"@type\":\"SearchAction\",\"target\":{\"@type\":\"EntryPoint\",\"urlTemplate\":\"https:\\\/\\\/www.tosunlux.eu\\\/ru\\\/?s={search_term_string}\"},\"query-input\":{\"@type\":\"PropertyValueSpecification\",\"valueRequired\":true,\"valueName\":\"search_term_string\"}}],\"inLanguage\":\"sq\"},{\"@type\":\"Organization\",\"@id\":\"https:\\\/\\\/www.tosunlux.eu\\\/ru\\\/#organization\",\"name\":\"TOSUNlux\",\"url\":\"https:\\\/\\\/www.tosunlux.eu\\\/ru\\\/\",\"logo\":{\"@type\":\"ImageObject\",\"inLanguage\":\"sq\",\"@id\":\"https:\\\/\\\/www.tosunlux.eu\\\/ru\\\/#\\\/schema\\\/logo\\\/image\\\/\",\"url\":\"https:\\\/\\\/www.tosunlux.eu\\\/wp-content\\\/uploads\\\/2022\\\/01\\\/LOGOSYSM.71762f1.png\",\"contentUrl\":\"https:\\\/\\\/www.tosunlux.eu\\\/wp-content\\\/uploads\\\/2022\\\/01\\\/LOGOSYSM.71762f1.png\",\"width\":153,\"height\":55,\"caption\":\"TOSUNlux\"},\"image\":{\"@id\":\"https:\\\/\\\/www.tosunlux.eu\\\/ru\\\/#\\\/schema\\\/logo\\\/image\\\/\"},\"sameAs\":[\"https:\\\/\\\/www.facebook.com\\\/TOSUNelectric\\\/\",\"https:\\\/\\\/www.linkedin.com\\\/company\\\/wenzhou-tosun-electric-co.-ltd\\\/\"]}]}<\/script>\n<!-- \/ Yoast SEO plugin. -->","yoast_head_json":{"title":"WholesaleTSN3-32L Residual Current Operated Circuit Breaker (RCBO) - TOSUNlux Official Site - Electrical Circuit Breaker Manufacturer in China Low Voltage Electrical Supplier | TOSUNlux","description":"TSN3-32L Residual Current Operated Circuit Breaker (RCBO) Supplier - Wholesale direct from TOSUNlux, a trusted manufacturer since 1994. Get your B2B factory quote on our certified Low Voltage electrical products.","robots":{"index":"index","follow":"follow","max-snippet":"max-snippet:-1","max-image-preview":"max-image-preview:large","max-video-preview":"max-video-preview:-1"},"canonical":"https:\/\/www.tosunlux.eu\/sq\/products\/tsn3-40l-residual-current-operated-circuitbreaker-rcbo\/","og_locale":"sq_AL","og_type":"article","og_title":"WholesaleTSN3-32L Residual Current Operated Circuit Breaker (RCBO) - TOSUNlux Official Site - Electrical Circuit Breaker Manufacturer in China Low Voltage Electrical Supplier | TOSUNlux","og_description":"TSN3-32L Residual Current Operated Circuit Breaker (RCBO) Supplier - Wholesale direct from TOSUNlux, a trusted manufacturer since 1994. Get your B2B factory quote on our certified Low Voltage electrical products.","og_url":"https:\/\/www.tosunlux.eu\/sq\/products\/tsn3-40l-residual-current-operated-circuitbreaker-rcbo\/","og_site_name":"TOSUNlux Official Site - Electrical Circuit Breaker Manufacturer in China","article_publisher":"https:\/\/www.facebook.com\/TOSUNelectric\/","article_modified_time":"2025-01-02T03:12:14+00:00","og_image":[{"url":"https:\/\/www.tosunlux.eu\/wp-content\/uploads\/2023\/06\/logo-1-1024x348.jpg","type":"","width":"","height":""}],"twitter_card":"summary_large_image","twitter_misc":{"Est. reading time":"1 minut\u00eb"},"schema":{"@context":"https:\/\/schema.org","@graph":[{"@type":"WebPage","@id":"https:\/\/www.tosunlux.eu\/products\/tsn3-40l-residual-current-operated-circuitbreaker-rcbo\/","url":"https:\/\/www.tosunlux.eu\/products\/tsn3-40l-residual-current-operated-circuitbreaker-rcbo\/","name":"WholesaleTSN3-32L Residual Current Operated Circuit Breaker (RCBO) - TOSUNlux Official Site - Electrical Circuit Breaker Manufacturer in China Low Voltage Electrical Supplier | TOSUNlux","isPartOf":{"@id":"https:\/\/www.tosunlux.eu\/ru\/#website"},"primaryImageOfPage":{"@id":"https:\/\/www.tosunlux.eu\/products\/tsn3-40l-residual-current-operated-circuitbreaker-rcbo\/#primaryimage"},"image":{"@id":"https:\/\/www.tosunlux.eu\/products\/tsn3-40l-residual-current-operated-circuitbreaker-rcbo\/#primaryimage"},"thumbnailUrl":"https:\/\/www.tosunlux.eu\/wp-content\/uploads\/2023\/06\/logo-1-1024x348.jpg","datePublished":"2023-08-22T06:34:06+00:00","dateModified":"2025-01-02T03:12:14+00:00","description":"TSN3-32L Residual Current Operated Circuit Breaker (RCBO) Supplier - Wholesale direct from TOSUNlux, a trusted manufacturer since 1994. Get your B2B factory quote on our certified Low Voltage electrical products.","breadcrumb":{"@id":"https:\/\/www.tosunlux.eu\/products\/tsn3-40l-residual-current-operated-circuitbreaker-rcbo\/#breadcrumb"},"inLanguage":"sq","potentialAction":[{"@type":"ReadAction","target":["https:\/\/www.tosunlux.eu\/products\/tsn3-40l-residual-current-operated-circuitbreaker-rcbo\/"]}]},{"@type":"ImageObject","inLanguage":"sq","@id":"https:\/\/www.tosunlux.eu\/products\/tsn3-40l-residual-current-operated-circuitbreaker-rcbo\/#primaryimage","url":"https:\/\/www.tosunlux.eu\/wp-content\/uploads\/2023\/06\/logo-1-1024x348.jpg","contentUrl":"https:\/\/www.tosunlux.eu\/wp-content\/uploads\/2023\/06\/logo-1-1024x348.jpg"},{"@type":"BreadcrumbList","@id":"https:\/\/www.tosunlux.eu\/products\/tsn3-40l-residual-current-operated-circuitbreaker-rcbo\/#breadcrumb","itemListElement":[{"@type":"ListItem","position":1,"name":"Home","item":"https:\/\/www.tosunlux.eu\/ru\/"},{"@type":"ListItem","position":2,"name":"Products","item":"https:\/\/www.tosunlux.eu\/products\/"},{"@type":"ListItem","position":3,"name":"TSN3-32L Residual Current Operated Circuit Breaker (RCBO)"}]},{"@type":"WebSite","@id":"https:\/\/www.tosunlux.eu\/ru\/#website","url":"https:\/\/www.tosunlux.eu\/ru\/","name":"Faqja zyrtare e TOSUNlux - Prodhuesi i nd\u00ebrprer\u00ebsve t\u00eb qarkut elektrik n\u00eb Kin\u00eb","description":"Furnizuesi i Sistemit t\u00eb Shp\u00ebrndarjes s\u00eb Energjis\u00eb","publisher":{"@id":"https:\/\/www.tosunlux.eu\/ru\/#organization"},"alternateName":"TOSUNlux","potentialAction":[{"@type":"SearchAction","target":{"@type":"EntryPoint","urlTemplate":"https:\/\/www.tosunlux.eu\/ru\/?s={search_term_string}"},"query-input":{"@type":"PropertyValueSpecification","valueRequired":true,"valueName":"search_term_string"}}],"inLanguage":"sq"},{"@type":"Organization","@id":"https:\/\/www.tosunlux.eu\/ru\/#organization","name":"TOSUNlux","url":"https:\/\/www.tosunlux.eu\/ru\/","logo":{"@type":"ImageObject","inLanguage":"sq","@id":"https:\/\/www.tosunlux.eu\/ru\/#\/schema\/logo\/image\/","url":"https:\/\/www.tosunlux.eu\/wp-content\/uploads\/2022\/01\/LOGOSYSM.71762f1.png","contentUrl":"https:\/\/www.tosunlux.eu\/wp-content\/uploads\/2022\/01\/LOGOSYSM.71762f1.png","width":153,"height":55,"caption":"TOSUNlux"},"image":{"@id":"https:\/\/www.tosunlux.eu\/ru\/#\/schema\/logo\/image\/"},"sameAs":["https:\/\/www.facebook.com\/TOSUNelectric\/","https:\/\/www.linkedin.com\/company\/wenzhou-tosun-electric-co.-ltd\/"]}]}},"_links":{"self":[{"href":"https:\/\/www.tosunlux.eu\/sq\/wp-json\/wp\/v2\/product\/7817","targetHints":{"allow":["GET"]}}],"collection":[{"href":"https:\/\/www.tosunlux.eu\/sq\/wp-json\/wp\/v2\/product"}],"about":[{"href":"https:\/\/www.tosunlux.eu\/sq\/wp-json\/wp\/v2\/types\/product"}],"version-history":[{"count":2,"href":"https:\/\/www.tosunlux.eu\/sq\/wp-json\/wp\/v2\/product\/7817\/revisions"}],"predecessor-version":[{"id":12157,"href":"https:\/\/www.tosunlux.eu\/sq\/wp-json\/wp\/v2\/product\/7817\/revisions\/12157"}],"wp:attachment":[{"href":"https:\/\/www.tosunlux.eu\/sq\/wp-json\/wp\/v2\/media?parent=7817"}],"wp:term":[{"taxonomy":"product_category","embeddable":true,"href":"https:\/\/www.tosunlux.eu\/sq\/wp-json\/wp\/v2\/product_category?post=7817"}],"curies":[{"name":"wp","href":"https:\/\/api.w.org\/{rel}","templated":true}]}}