{"id":7953,"date":"2023-09-12T10:22:30","date_gmt":"2023-09-12T02:22:30","guid":{"rendered":"https:\/\/www.tosunlux.eu\/?post_type=product&#038;p=7953"},"modified":"2025-01-09T13:47:03","modified_gmt":"2025-01-09T05:47:03","slug":"tsm4e-electronic-type-moulded-case-circuit-breaker","status":"publish","type":"product","link":"https:\/\/www.tosunlux.eu\/sq\/products\/tsm4e-electronic-type-moulded-case-circuit-breaker\/","title":{"rendered":"Nd\u00ebrprer\u00ebs qarku i kas\u00ebs s\u00eb derdhur t\u00eb tipit elektronik TSM4E"},"content":{"rendered":"<p><strong>Aplikimi<\/strong><\/p>\n\n\n\n<p>Nd\u00ebrprer\u00ebsi i kas\u00ebs s\u00eb derdhur t\u00eb tipit elektronik t\u00eb seris\u00eb TSM4E aplikohet p\u00ebr qark me tension izolues nominal deri n\u00eb 1000V, tension nominal t\u00eb funksionimit deri n\u00eb 400V, rrym\u00eb nominale t\u00eb funksionimit deri n\u00eb 800A, AC 50\/60Hz, p\u00ebr p\u00ebrdorimin e transferimit t\u00eb rrall\u00eb t\u00eb qarkut dhe fillimin e rrall\u00eb t\u00eb motorit.<br>Nd\u00ebrprer\u00ebsit mbrojn\u00eb qarkun dhe pajisjet n\u00eb qark nga d\u00ebmtimi me an\u00eb t\u00eb mbrojtjes s\u00eb mbingarkes\u00ebs me vones\u00eb t\u00eb gjat\u00eb n\u00eb koh\u00eb t\u00eb kund\u00ebrt, mbrojtjes s\u00eb qarkut t\u00eb shkurt\u00ebr me vones\u00eb n\u00eb koh\u00eb t\u00eb shkurt\u00ebr, mbrojtjes nga qarku i shkurt\u00ebr me vones\u00eb n\u00eb koh\u00eb t\u00eb shkurt\u00ebr, mbrojtjes nga qarku i shkurt\u00ebr dhe mbrojtjes n\u00ebn tension.<br>Produktet p\u00ebrputhen me IEC60947-2.<\/p>\n\n\n\n<p><strong>Ve\u00e7ori<\/strong><\/p>\n\n\n\n<ul class=\"wp-block-list\"><li>Jan\u00eb t\u00eb disponueshme pes\u00eb opsione t\u00eb karakteristik\u00ebs s\u00eb fikjes, p\u00ebrdoruesi mund t\u00eb rregulloj\u00eb rrym\u00ebn sipas ngarkimit t\u00eb k\u00ebrkuar;<\/li><li>Nd\u00ebrprer\u00ebsi elektronik aktivizohet nga vet\u00eb nd\u00ebrprer\u00ebsi.<\/li><li>Treguesi i alarmit: kur rryma e ngarkuar \u00ebsht\u00eb m\u00eb e madhe se rryma e paravendosur, treguesi LED n\u00eb panelin e p\u00ebrparm\u00eb tregon menj\u00ebher\u00eb ngjyr\u00ebn e verdh\u00eb.<\/li><li>Treguesi i mbingarkes\u00ebs: kur rryma e ngarkuar \u00ebsht\u00eb m\u00eb e madhe se rryma e korrigjuar, treguesi LED n\u00eb panelin e p\u00ebrparm\u00eb tregon menj\u00ebher\u00eb ngjyr\u00ebn e kuqe.<\/li><\/ul>\n\n\n\n<p><strong>Specifikimi<\/strong><\/p>\n\n\n<table style=\"border-collapse: collapse; width: 836px; height: 322px;\" border=\"0\" width=\"486\" cellspacing=\"0\" cellpadding=\"0\">\n<tbody>\n<tr style=\"height: 16.25pt;\">\n<td class=\"et2\" style=\"height: 16.25pt; width: 52pt; text-align: center;\" width=\"69\" height=\"21\"><span class=\"font0\">Model<\/span><\/td>\n<td class=\"et3\" style=\"width: 29pt; text-align: center;\" width=\"38\"><span class=\"font0\">Lloji<\/span><\/td>\n<td class=\"et4\" style=\"width: 43pt; text-align: center;\" width=\"57\"><span class=\"font6\">Pol<\/span><\/td>\n<td class=\"et5\" style=\"width: 123pt; text-align: center;\" width=\"164\"><span class=\"font0\">Rryma e vler\u00ebsuar (A)<\/span><\/td>\n<td class=\"et6\" style=\"width: 29pt; text-align: center;\" width=\"38\"><span class=\"font5\">ICS (kA)<\/span><\/td>\n<td class=\"et6\" style=\"width: 37pt; text-align: center;\" width=\"49\"><span class=\"font5\">Icu (kA)<\/span><\/td>\n<td class=\"et7\" style=\"width: 52pt; text-align: center;\" width=\"69\"><span class=\"font0\">Larg\u00ebsia e harkut<\/span><\/td>\n<\/tr>\n<tr style=\"height: 16.50pt;\">\n<td class=\"et8\" style=\"height: 33pt; width: 52pt; border-bottom: 0.5pt solid #231916; text-align: center;\" rowspan=\"2\" width=\"69\" height=\"44\"><span class=\"font0\">TSM4E-125<\/span><\/td>\n<td class=\"et3\" style=\"width: 29pt; text-align: center;\" width=\"38\"><span class=\"font0\">L<\/span><\/td>\n<td class=\"et9\" style=\"border-bottom: 0.5pt solid #231916; text-align: center;\" rowspan=\"2\">3<\/td>\n<td class=\"et10\" style=\"width: 123pt; border-bottom: 0.5pt solid #231916; text-align: center;\" rowspan=\"2\" width=\"164\"><span class=\"font7\">16,20,25,32,<br><\/span><span class=\"font7\">36,40,45,50,55,60,<br><\/span><span class=\"font7\">65,70,75,80,85,90,95,125<\/span><\/td>\n<td class=\"et11\" style=\"text-align: center;\">18<\/td>\n<td class=\"et11\" style=\"text-align: center;\">25<\/td>\n<td class=\"et12\" style=\"width: 52pt; border-bottom: 0.5pt solid #231916; text-align: center;\" rowspan=\"2\" width=\"69\"><span class=\"font0\">\u226450<\/span><\/td>\n<\/tr>\n<tr style=\"height: 16.50pt;\">\n<td class=\"et3\" style=\"width: 29pt; text-align: center;\" width=\"38\"><span class=\"font0\">M<\/span><\/td>\n<td class=\"et11\" style=\"text-align: center;\">22<\/td>\n<td class=\"et11\" style=\"text-align: center;\">30<\/td>\n<\/tr>\n<tr style=\"height: 16.50pt;\">\n<td class=\"et8\" style=\"height: 33pt; width: 52pt; border-bottom: 0.5pt solid #231916; text-align: center;\" rowspan=\"2\" width=\"69\" height=\"44\"><span class=\"font0\">TSM4E-250<\/span><\/td>\n<td class=\"et3\" style=\"width: 29pt; text-align: center;\" width=\"38\"><span class=\"font0\">L<\/span><\/td>\n<td class=\"et9\" style=\"border-bottom: 0.5pt solid #231916; text-align: center;\" rowspan=\"2\">3<\/td>\n<td class=\"et10\" style=\"width: 123pt; border-bottom: 0.5pt solid #231916; text-align: center;\" rowspan=\"2\" width=\"164\"><span class=\"font7\">100,125,140,<br><\/span><span class=\"font7\">160,180,200,225,250<\/span><\/td>\n<td class=\"et11\" style=\"text-align: center;\">20<\/td>\n<td class=\"et11\" style=\"text-align: center;\">25<\/td>\n<td class=\"et12\" style=\"width: 52pt; border-bottom: 0.5pt solid #231916; text-align: center;\" rowspan=\"2\" width=\"69\"><span class=\"font0\">\u226450<\/span><\/td>\n<\/tr>\n<tr style=\"height: 16.50pt;\">\n<td class=\"et3\" style=\"width: 29pt; text-align: center;\" width=\"38\"><span class=\"font0\">M<\/span><\/td>\n<td class=\"et11\" style=\"text-align: center;\">25<\/td>\n<td class=\"et11\" style=\"text-align: center;\">35<\/td>\n<\/tr>\n<tr style=\"height: 33.00pt;\">\n<td class=\"et17\" style=\"height: 33pt; width: 52pt; text-align: center;\" width=\"69\" height=\"44\"><span class=\"font0\">TSM4E-400<\/span><\/td>\n<td class=\"et18\" style=\"width: 29pt; text-align: center;\" width=\"38\"><span class=\"font0\">M<\/span><\/td>\n<td class=\"et19\" style=\"text-align: center;\">3<\/td>\n<td class=\"et20\" style=\"width: 123pt; text-align: center;\" width=\"164\"><span class=\"font7\">200,225<\/span><span class=\"font8\">,<\/span><span class=\"font7\">250,<br><\/span><span class=\"font7\">280,315,350,400<\/span><\/td>\n<td class=\"et21\" style=\"text-align: center;\">35<\/td>\n<td class=\"et21\" style=\"text-align: center;\">50<\/td>\n<td class=\"et22\" style=\"width: 52pt; text-align: center;\" width=\"69\"><span class=\"font0\">\u2264100<\/span><\/td>\n<\/tr>\n<tr style=\"height: 33.00pt;\">\n<td class=\"et17\" style=\"height: 33.00pt; width: 52.00pt;\" width=\"69\" height=\"44\"><span class=\"font0\">TSM4E-630<\/span><\/td>\n<td class=\"et18\" style=\"width: 29pt; text-align: center;\" width=\"38\"><span class=\"font0\">M<\/span><\/td>\n<td class=\"et19\" style=\"text-align: center;\">3<\/td>\n<td class=\"et20\" style=\"width: 123pt; text-align: center;\" width=\"164\"><span class=\"font7\">400,420,440,460,<br><\/span><span class=\"font7\">500,530,560,600,630<\/span><\/td>\n<td class=\"et21\" style=\"text-align: center;\">35<\/td>\n<td class=\"et21\" style=\"text-align: center;\">50<\/td>\n<td class=\"et22\" style=\"width: 52pt; text-align: center;\" width=\"69\"><span class=\"font0\">\u2264100<\/span><\/td>\n<\/tr>\n<tr style=\"height: 32.75pt;\">\n<td class=\"et17\" style=\"height: 32.75pt; width: 52pt; text-align: center;\" width=\"69\" height=\"43\"><span class=\"font0\">TSM4E-800<\/span><\/td>\n<td class=\"et18\" style=\"width: 29pt; text-align: center;\" width=\"38\"><span class=\"font0\">M<\/span><\/td>\n<td class=\"et19\" style=\"text-align: center;\">3<\/td>\n<td class=\"et20\" style=\"width: 123pt; text-align: center;\" width=\"164\"><span class=\"font7\">630<\/span><span class=\"font8\">,<\/span><span class=\"font7\">640,660,680,<br><\/span><span class=\"font7\">700,720,740,760,780,800<\/span><\/td>\n<td class=\"et21\" style=\"text-align: center;\">35<\/td>\n<td class=\"et21\" style=\"text-align: center;\">50<\/td>\n<td class=\"et22\" style=\"width: 52pt; text-align: center;\" width=\"69\"><span class=\"font0\">\u2264100<\/span><\/td>\n<\/tr>\n<\/tbody>\n<\/table>","protected":false},"parent":0,"template":"","product_category":[24,79],"class_list":["post-7953","product","type-product","status-publish","hentry","product_category-power-distribution-system","product_category-mccb"],"yoast_head":"<!-- This site is optimized with the Yoast SEO plugin v27.3 - https:\/\/yoast.com\/product\/yoast-seo-wordpress\/ -->\n<title>WholesaleTSM4E Electronic Type Moulded Case Circuit Breaker - TOSUNlux Official Site - Electrical Circuit Breaker Manufacturer in China Low Voltage Electrical Supplier | TOSUNlux<\/title>\n<meta name=\"description\" content=\"TSM4E Electronic Type Moulded Case Circuit Breaker Supplier - Wholesale direct from TOSUNlux, a trusted manufacturer since 1994. Get your B2B factory quote on our certified Low Voltage electrical products.\" \/>\n<meta name=\"robots\" content=\"index, follow, max-snippet:-1, max-image-preview:large, max-video-preview:-1\" \/>\n<link rel=\"canonical\" href=\"https:\/\/www.tosunlux.eu\/sq\/products\/tsm4e-electronic-type-moulded-case-circuit-breaker\/\" \/>\n<meta property=\"og:locale\" content=\"sq_AL\" \/>\n<meta property=\"og:type\" content=\"article\" \/>\n<meta property=\"og:title\" content=\"WholesaleTSM4E Electronic Type Moulded Case Circuit Breaker - TOSUNlux Official Site - Electrical Circuit Breaker Manufacturer in China Low Voltage Electrical Supplier | TOSUNlux\" \/>\n<meta property=\"og:description\" content=\"TSM4E Electronic Type Moulded Case Circuit Breaker Supplier - Wholesale direct from TOSUNlux, a trusted manufacturer since 1994. Get your B2B factory quote on our certified Low Voltage electrical products.\" \/>\n<meta property=\"og:url\" content=\"https:\/\/www.tosunlux.eu\/sq\/products\/tsm4e-electronic-type-moulded-case-circuit-breaker\/\" \/>\n<meta property=\"og:site_name\" content=\"TOSUNlux Official Site - Electrical Circuit Breaker Manufacturer in China\" \/>\n<meta property=\"article:publisher\" content=\"https:\/\/www.facebook.com\/TOSUNelectric\/\" \/>\n<meta property=\"article:modified_time\" content=\"2025-01-09T05:47:03+00:00\" \/>\n<meta property=\"og:image\" content=\"https:\/\/www.tosunlux.eu\/wp-content\/uploads\/2023\/04\/DSC08160_\u526f\u672c.jpg\" \/>\n\t<meta property=\"og:image:width\" content=\"1500\" \/>\n\t<meta property=\"og:image:height\" content=\"940\" \/>\n\t<meta property=\"og:image:type\" content=\"image\/jpeg\" \/>\n<meta name=\"twitter:card\" content=\"summary_large_image\" \/>\n<meta name=\"twitter:label1\" content=\"Est. reading time\" \/>\n\t<meta name=\"twitter:data1\" content=\"2 minuta\" \/>\n<script type=\"application\/ld+json\" class=\"yoast-schema-graph\">{\"@context\":\"https:\\\/\\\/schema.org\",\"@graph\":[{\"@type\":\"WebPage\",\"@id\":\"https:\\\/\\\/www.tosunlux.eu\\\/am\\\/products\\\/tsm4e-electronic-type-moulded-case-circuit-breaker\\\/\",\"url\":\"https:\\\/\\\/www.tosunlux.eu\\\/am\\\/products\\\/tsm4e-electronic-type-moulded-case-circuit-breaker\\\/\",\"name\":\"WholesaleTSM4E Electronic Type Moulded Case Circuit Breaker - TOSUNlux Official Site - Electrical Circuit Breaker Manufacturer in China Low Voltage Electrical Supplier | TOSUNlux\",\"isPartOf\":{\"@id\":\"https:\\\/\\\/www.tosunlux.eu\\\/ru\\\/#website\"},\"datePublished\":\"2023-09-12T02:22:30+00:00\",\"dateModified\":\"2025-01-09T05:47:03+00:00\",\"description\":\"TSM4E Electronic Type Moulded Case Circuit Breaker Supplier - Wholesale direct from TOSUNlux, a trusted manufacturer since 1994. Get your B2B factory quote on our certified Low Voltage electrical products.\",\"breadcrumb\":{\"@id\":\"https:\\\/\\\/www.tosunlux.eu\\\/am\\\/products\\\/tsm4e-electronic-type-moulded-case-circuit-breaker\\\/#breadcrumb\"},\"inLanguage\":\"sq\",\"potentialAction\":[{\"@type\":\"ReadAction\",\"target\":[\"https:\\\/\\\/www.tosunlux.eu\\\/am\\\/products\\\/tsm4e-electronic-type-moulded-case-circuit-breaker\\\/\"]}]},{\"@type\":\"BreadcrumbList\",\"@id\":\"https:\\\/\\\/www.tosunlux.eu\\\/am\\\/products\\\/tsm4e-electronic-type-moulded-case-circuit-breaker\\\/#breadcrumb\",\"itemListElement\":[{\"@type\":\"ListItem\",\"position\":1,\"name\":\"Home\",\"item\":\"https:\\\/\\\/www.tosunlux.eu\\\/ru\\\/\"},{\"@type\":\"ListItem\",\"position\":2,\"name\":\"Products\",\"item\":\"https:\\\/\\\/www.tosunlux.eu\\\/products\\\/\"},{\"@type\":\"ListItem\",\"position\":3,\"name\":\"TSM4E Electronic Type Moulded Case Circuit Breaker\"}]},{\"@type\":\"WebSite\",\"@id\":\"https:\\\/\\\/www.tosunlux.eu\\\/ru\\\/#website\",\"url\":\"https:\\\/\\\/www.tosunlux.eu\\\/ru\\\/\",\"name\":\"TOSUNlux Official Site - Electrical Circuit Breaker Manufacturer in China\",\"description\":\"Power Distribution System Supplier\",\"publisher\":{\"@id\":\"https:\\\/\\\/www.tosunlux.eu\\\/ru\\\/#organization\"},\"alternateName\":\"TOSUNlux\",\"potentialAction\":[{\"@type\":\"SearchAction\",\"target\":{\"@type\":\"EntryPoint\",\"urlTemplate\":\"https:\\\/\\\/www.tosunlux.eu\\\/ru\\\/?s={search_term_string}\"},\"query-input\":{\"@type\":\"PropertyValueSpecification\",\"valueRequired\":true,\"valueName\":\"search_term_string\"}}],\"inLanguage\":\"sq\"},{\"@type\":\"Organization\",\"@id\":\"https:\\\/\\\/www.tosunlux.eu\\\/ru\\\/#organization\",\"name\":\"TOSUNlux\",\"url\":\"https:\\\/\\\/www.tosunlux.eu\\\/ru\\\/\",\"logo\":{\"@type\":\"ImageObject\",\"inLanguage\":\"sq\",\"@id\":\"https:\\\/\\\/www.tosunlux.eu\\\/ru\\\/#\\\/schema\\\/logo\\\/image\\\/\",\"url\":\"https:\\\/\\\/www.tosunlux.eu\\\/wp-content\\\/uploads\\\/2022\\\/01\\\/LOGOSYSM.71762f1.png\",\"contentUrl\":\"https:\\\/\\\/www.tosunlux.eu\\\/wp-content\\\/uploads\\\/2022\\\/01\\\/LOGOSYSM.71762f1.png\",\"width\":153,\"height\":55,\"caption\":\"TOSUNlux\"},\"image\":{\"@id\":\"https:\\\/\\\/www.tosunlux.eu\\\/ru\\\/#\\\/schema\\\/logo\\\/image\\\/\"},\"sameAs\":[\"https:\\\/\\\/www.facebook.com\\\/TOSUNelectric\\\/\",\"https:\\\/\\\/www.linkedin.com\\\/company\\\/wenzhou-tosun-electric-co.-ltd\\\/\"]}]}<\/script>\n<!-- \/ Yoast SEO plugin. -->","yoast_head_json":{"title":"WholesaleTSM4E Electronic Type Moulded Case Circuit Breaker - TOSUNlux Official Site - Electrical Circuit Breaker Manufacturer in China Low Voltage Electrical Supplier | TOSUNlux","description":"TSM4E Electronic Type Moulded Case Circuit Breaker Supplier - Wholesale direct from TOSUNlux, a trusted manufacturer since 1994. Get your B2B factory quote on our certified Low Voltage electrical products.","robots":{"index":"index","follow":"follow","max-snippet":"max-snippet:-1","max-image-preview":"max-image-preview:large","max-video-preview":"max-video-preview:-1"},"canonical":"https:\/\/www.tosunlux.eu\/sq\/products\/tsm4e-electronic-type-moulded-case-circuit-breaker\/","og_locale":"sq_AL","og_type":"article","og_title":"WholesaleTSM4E Electronic Type Moulded Case Circuit Breaker - TOSUNlux Official Site - Electrical Circuit Breaker Manufacturer in China Low Voltage Electrical Supplier | TOSUNlux","og_description":"TSM4E Electronic Type Moulded Case Circuit Breaker Supplier - Wholesale direct from TOSUNlux, a trusted manufacturer since 1994. Get your B2B factory quote on our certified Low Voltage electrical products.","og_url":"https:\/\/www.tosunlux.eu\/sq\/products\/tsm4e-electronic-type-moulded-case-circuit-breaker\/","og_site_name":"TOSUNlux Official Site - Electrical Circuit Breaker Manufacturer in China","article_publisher":"https:\/\/www.facebook.com\/TOSUNelectric\/","article_modified_time":"2025-01-09T05:47:03+00:00","og_image":[{"width":1500,"height":940,"url":"https:\/\/www.tosunlux.eu\/wp-content\/uploads\/2023\/04\/DSC08160_\u526f\u672c.jpg","type":"image\/jpeg"}],"twitter_card":"summary_large_image","twitter_misc":{"Est. reading time":"2 minuta"},"schema":{"@context":"https:\/\/schema.org","@graph":[{"@type":"WebPage","@id":"https:\/\/www.tosunlux.eu\/am\/products\/tsm4e-electronic-type-moulded-case-circuit-breaker\/","url":"https:\/\/www.tosunlux.eu\/am\/products\/tsm4e-electronic-type-moulded-case-circuit-breaker\/","name":"WholesaleTSM4E Electronic Type Moulded Case Circuit Breaker - TOSUNlux Official Site - Electrical Circuit Breaker Manufacturer in China Low Voltage Electrical Supplier | TOSUNlux","isPartOf":{"@id":"https:\/\/www.tosunlux.eu\/ru\/#website"},"datePublished":"2023-09-12T02:22:30+00:00","dateModified":"2025-01-09T05:47:03+00:00","description":"TSM4E Electronic Type Moulded Case Circuit Breaker Supplier - Wholesale direct from TOSUNlux, a trusted manufacturer since 1994. Get your B2B factory quote on our certified Low Voltage electrical products.","breadcrumb":{"@id":"https:\/\/www.tosunlux.eu\/am\/products\/tsm4e-electronic-type-moulded-case-circuit-breaker\/#breadcrumb"},"inLanguage":"sq","potentialAction":[{"@type":"ReadAction","target":["https:\/\/www.tosunlux.eu\/am\/products\/tsm4e-electronic-type-moulded-case-circuit-breaker\/"]}]},{"@type":"BreadcrumbList","@id":"https:\/\/www.tosunlux.eu\/am\/products\/tsm4e-electronic-type-moulded-case-circuit-breaker\/#breadcrumb","itemListElement":[{"@type":"ListItem","position":1,"name":"Home","item":"https:\/\/www.tosunlux.eu\/ru\/"},{"@type":"ListItem","position":2,"name":"Products","item":"https:\/\/www.tosunlux.eu\/products\/"},{"@type":"ListItem","position":3,"name":"TSM4E Electronic Type Moulded Case Circuit Breaker"}]},{"@type":"WebSite","@id":"https:\/\/www.tosunlux.eu\/ru\/#website","url":"https:\/\/www.tosunlux.eu\/ru\/","name":"Faqja zyrtare e TOSUNlux - Prodhuesi i nd\u00ebrprer\u00ebsve t\u00eb qarkut elektrik n\u00eb Kin\u00eb","description":"Furnizuesi i Sistemit t\u00eb Shp\u00ebrndarjes s\u00eb Energjis\u00eb","publisher":{"@id":"https:\/\/www.tosunlux.eu\/ru\/#organization"},"alternateName":"TOSUNlux","potentialAction":[{"@type":"SearchAction","target":{"@type":"EntryPoint","urlTemplate":"https:\/\/www.tosunlux.eu\/ru\/?s={search_term_string}"},"query-input":{"@type":"PropertyValueSpecification","valueRequired":true,"valueName":"search_term_string"}}],"inLanguage":"sq"},{"@type":"Organization","@id":"https:\/\/www.tosunlux.eu\/ru\/#organization","name":"TOSUNlux","url":"https:\/\/www.tosunlux.eu\/ru\/","logo":{"@type":"ImageObject","inLanguage":"sq","@id":"https:\/\/www.tosunlux.eu\/ru\/#\/schema\/logo\/image\/","url":"https:\/\/www.tosunlux.eu\/wp-content\/uploads\/2022\/01\/LOGOSYSM.71762f1.png","contentUrl":"https:\/\/www.tosunlux.eu\/wp-content\/uploads\/2022\/01\/LOGOSYSM.71762f1.png","width":153,"height":55,"caption":"TOSUNlux"},"image":{"@id":"https:\/\/www.tosunlux.eu\/ru\/#\/schema\/logo\/image\/"},"sameAs":["https:\/\/www.facebook.com\/TOSUNelectric\/","https:\/\/www.linkedin.com\/company\/wenzhou-tosun-electric-co.-ltd\/"]}]}},"_links":{"self":[{"href":"https:\/\/www.tosunlux.eu\/sq\/wp-json\/wp\/v2\/product\/7953","targetHints":{"allow":["GET"]}}],"collection":[{"href":"https:\/\/www.tosunlux.eu\/sq\/wp-json\/wp\/v2\/product"}],"about":[{"href":"https:\/\/www.tosunlux.eu\/sq\/wp-json\/wp\/v2\/types\/product"}],"version-history":[{"count":2,"href":"https:\/\/www.tosunlux.eu\/sq\/wp-json\/wp\/v2\/product\/7953\/revisions"}],"predecessor-version":[{"id":12227,"href":"https:\/\/www.tosunlux.eu\/sq\/wp-json\/wp\/v2\/product\/7953\/revisions\/12227"}],"wp:attachment":[{"href":"https:\/\/www.tosunlux.eu\/sq\/wp-json\/wp\/v2\/media?parent=7953"}],"wp:term":[{"taxonomy":"product_category","embeddable":true,"href":"https:\/\/www.tosunlux.eu\/sq\/wp-json\/wp\/v2\/product_category?post=7953"}],"curies":[{"name":"wp","href":"https:\/\/api.w.org\/{rel}","templated":true}]}}