{"id":8102,"date":"2023-09-14T17:22:07","date_gmt":"2023-09-14T09:22:07","guid":{"rendered":"https:\/\/www.tosunlux.eu\/?post_type=product&#038;p=8102"},"modified":"2023-09-14T17:22:08","modified_gmt":"2023-09-14T09:22:08","slug":"timer-tul180a","status":"publish","type":"product","link":"https:\/\/www.tosunlux.eu\/sq\/products\/timer-tul180a\/","title":{"rendered":"Koh\u00ebmat\u00ebsi TUL180A"},"content":{"rendered":"<p><strong>Specifikimi<\/strong><\/p>\n\n\n<table style=\"border-collapse: collapse; width: 659px; height: 347px;\" border=\"0\" width=\"474\" cellspacing=\"0\" cellpadding=\"0\">\n<tbody>\n<tr style=\"height: 15.00pt;\">\n<td class=\"et2\" style=\"height: 15pt; width: 100pt; text-align: center;\" width=\"133\" height=\"20\"><span class=\"font4\">Model<\/span><\/td>\n<td class=\"et3\" style=\"width: 127pt; text-align: center;\" width=\"169\"><span class=\"font4\">TUL180A<\/span><\/td>\n<td class=\"et4\" style=\"width: 129pt; text-align: center;\" width=\"172\"><span class=\"font4\">TUL180N<\/span><\/td>\n<\/tr>\n<tr style=\"height: 15.00pt;\">\n<td class=\"et2\" style=\"height: 15pt; width: 100pt; text-align: center;\" width=\"133\" height=\"20\"><span class=\"font4\">Treguesi<\/span><\/td>\n<td class=\"et5\" style=\"width: 127pt; text-align: center;\" width=\"169\"><span class=\"font3\">\u00d7<\/span><\/td>\n<td class=\"et6\" style=\"width: 129pt; text-align: center;\" width=\"172\"><span class=\"font3\">\u221a<\/span><\/td>\n<\/tr>\n<tr style=\"height: 12.00pt;\">\n<td class=\"et2\" style=\"height: 12pt; width: 100pt; text-align: center;\" width=\"133\" height=\"16\"><span class=\"font4\">Furnizimi me energji elektrike ndihm\u00ebse<\/span><\/td>\n<td class=\"et7\" style=\"width: 256pt; text-align: center;\" colspan=\"2\" width=\"341\"><span class=\"font4\">AC100-240V 50\/60HZ<\/span><\/td>\n<\/tr>\n<tr style=\"height: 12.00pt;\">\n<td class=\"et2\" style=\"height: 12pt; width: 100pt; text-align: center;\" width=\"133\" height=\"16\"><span class=\"font4\">Nd\u00ebrrimi i kontaktit<\/span><\/td>\n<td class=\"et4\" style=\"width: 256pt; text-align: center;\" colspan=\"2\" width=\"341\"><span class=\"font4\">16(4)A 250VAC<\/span><\/td>\n<\/tr>\n<tr style=\"height: 12.00pt;\">\n<td class=\"et2\" style=\"height: 12pt; width: 100pt; text-align: center;\" width=\"133\" height=\"16\"><span class=\"font4\">Barr\u00eb<\/span><\/td>\n<td class=\"et4\" style=\"width: 256pt; text-align: center;\" colspan=\"2\" width=\"341\"><span class=\"font4\">0,5 W<\/span><\/td>\n<\/tr>\n<tr style=\"height: 12.00pt;\">\n<td class=\"et2\" style=\"height: 12pt; width: 100pt; text-align: center;\" width=\"133\" height=\"16\"><span class=\"font4\">Sakt\u00ebsia<\/span><\/td>\n<td class=\"et4\" style=\"width: 256pt; text-align: center;\" colspan=\"2\" width=\"341\"><span class=\"font4\">\u00b13 sek\/dit\u00eb n\u00eb 22\u00b0C<\/span><\/td>\n<\/tr>\n<tr style=\"height: 12.00pt;\">\n<td class=\"et2\" style=\"height: 12pt; width: 100pt; text-align: center;\" width=\"133\" height=\"16\"><span class=\"font4\">Lloji i numrit<\/span><\/td>\n<td class=\"et4\" style=\"width: 256pt; text-align: center;\" colspan=\"2\" width=\"341\"><span class=\"font4\">\u00e7do dit\u00eb 96 kunja<\/span><\/td>\n<\/tr>\n<tr style=\"height: 12.00pt;\">\n<td class=\"et2\" style=\"height: 12pt; width: 100pt; text-align: center;\" width=\"133\" height=\"16\"><span class=\"font4\">Nj\u00ebsia e cil\u00ebsimeve minimale<\/span><\/td>\n<td class=\"et4\" style=\"width: 256pt; text-align: center;\" colspan=\"2\" width=\"341\"><span class=\"font4\">\u00e7do dit\u00eb 15 minuta<\/span><\/td>\n<\/tr>\n<tr style=\"height: 12.00pt;\">\n<td class=\"et2\" style=\"height: 12pt; width: 100pt; text-align: center;\" width=\"133\" height=\"16\"><span class=\"font4\">Temperatura<\/span><\/td>\n<td class=\"et7\" style=\"width: 256pt; text-align: center;\" colspan=\"2\" width=\"341\"><span class=\"font4\">Punon -10\u00b0C ~ +50\u00b0C<\/span><\/td>\n<\/tr>\n<tr style=\"height: 24.00pt;\">\n<td class=\"et10\" style=\"height: 24pt; width: 100pt; text-align: center;\" width=\"133\" height=\"32\"><span class=\"font4\">Nd\u00ebrprer\u00ebs operimi manual<br \/><\/span><span class=\"font4\">2 Pozicione<\/span><\/td>\n<td class=\"et4\" style=\"width: 256pt; text-align: center;\" colspan=\"2\" width=\"341\"><span class=\"font4\">ON-Automatik<\/span><\/td>\n<\/tr>\n<tr style=\"height: 12.00pt;\">\n<td class=\"et2\" style=\"height: 12pt; width: 100pt; text-align: center;\" width=\"133\" height=\"16\"><span class=\"font4\">Telat e terminalit<\/span><\/td>\n<td class=\"et4\" style=\"width: 256pt; text-align: center;\" colspan=\"2\" width=\"341\"><span class=\"font4\">2\u00d72,5 mm<\/span><\/td>\n<\/tr>\n<tr style=\"height: 12.00pt;\">\n<td class=\"et2\" style=\"height: 12pt; width: 100pt; text-align: center;\" width=\"133\" height=\"16\"><span class=\"font4\">Diplom\u00eb Mbrojtjeje<\/span><\/td>\n<td class=\"et11\" style=\"width: 256pt; text-align: center;\" colspan=\"2\" width=\"341\"><span class=\"font4\">IP20 sipas IEC\/EN60730<\/span><\/td>\n<\/tr>\n<\/tbody>\n<\/table>\n\n\n<p><strong>Dimensioni<\/strong><\/p>\n\n\n\n<figure class=\"wp-block-image size-large is-resized\"><img fetchpriority=\"high\" decoding=\"async\" src=\"https:\/\/www.tosunlux.eu\/wp-content\/uploads\/2023\/09\/1-12-1024x336.jpg\" alt=\"\" class=\"wp-image-8103\" width=\"512\" height=\"168\" srcset=\"https:\/\/www.tosunlux.eu\/wp-content\/uploads\/2023\/09\/1-12-1024x336.jpg 1024w, https:\/\/www.tosunlux.eu\/wp-content\/uploads\/2023\/09\/1-12-300x98.jpg 300w, https:\/\/www.tosunlux.eu\/wp-content\/uploads\/2023\/09\/1-12-768x252.jpg 768w, https:\/\/www.tosunlux.eu\/wp-content\/uploads\/2023\/09\/1-12-1536x504.jpg 1536w, https:\/\/www.tosunlux.eu\/wp-content\/uploads\/2023\/09\/1-12-18x6.jpg 18w, https:\/\/www.tosunlux.eu\/wp-content\/uploads\/2023\/09\/1-12.jpg 1600w\" sizes=\"(max-width: 512px) 100vw, 512px\" \/><\/figure>","protected":false},"parent":0,"template":"","product_category":[35,92],"class_list":["post-8102","product","type-product","status-publish","hentry","product_category-industrial-control-devices","product_category-timer-relay"],"yoast_head":"<!-- This site is optimized with the Yoast SEO plugin v27.5 - https:\/\/yoast.com\/product\/yoast-seo-wordpress\/ -->\n<title>WholesaleTimer TUL180A - TOSUNlux Official Site - Electrical Circuit Breaker Manufacturer in China Low Voltage Electrical Supplier | TOSUNlux<\/title>\n<meta name=\"description\" content=\"Timer TUL180A Supplier - Wholesale direct from TOSUNlux, a trusted manufacturer since 1994. Get your B2B factory quote on our certified Low Voltage electrical products.\" \/>\n<meta name=\"robots\" content=\"index, follow, max-snippet:-1, max-image-preview:large, max-video-preview:-1\" \/>\n<link rel=\"canonical\" href=\"https:\/\/www.tosunlux.eu\/sq\/products\/timer-tul180a\/\" \/>\n<meta property=\"og:locale\" content=\"sq_AL\" \/>\n<meta property=\"og:type\" content=\"article\" \/>\n<meta property=\"og:title\" content=\"WholesaleTimer TUL180A - TOSUNlux Official Site - Electrical Circuit Breaker Manufacturer in China Low Voltage Electrical Supplier | TOSUNlux\" \/>\n<meta property=\"og:description\" content=\"Timer TUL180A Supplier - Wholesale direct from TOSUNlux, a trusted manufacturer since 1994. Get your B2B factory quote on our certified Low Voltage electrical products.\" \/>\n<meta property=\"og:url\" content=\"https:\/\/www.tosunlux.eu\/sq\/products\/timer-tul180a\/\" \/>\n<meta property=\"og:site_name\" content=\"TOSUNlux Official Site - Electrical Circuit Breaker Manufacturer in China\" \/>\n<meta property=\"article:publisher\" content=\"https:\/\/www.facebook.com\/TOSUNelectric\/\" \/>\n<meta property=\"article:modified_time\" content=\"2023-09-14T09:22:08+00:00\" \/>\n<meta property=\"og:image\" content=\"https:\/\/www.tosunlux.eu\/wp-content\/uploads\/2023\/09\/1-12-1024x336.jpg\" \/>\n<meta name=\"twitter:card\" content=\"summary_large_image\" \/>\n<meta name=\"twitter:label1\" content=\"Est. reading time\" \/>\n\t<meta name=\"twitter:data1\" content=\"1 minut\u00eb\" \/>\n<script type=\"application\/ld+json\" class=\"yoast-schema-graph\">{\"@context\":\"https:\\\/\\\/schema.org\",\"@graph\":[{\"@type\":\"WebPage\",\"@id\":\"https:\\\/\\\/www.tosunlux.eu\\\/nl\\\/products\\\/timer-tul180a\\\/\",\"url\":\"https:\\\/\\\/www.tosunlux.eu\\\/nl\\\/products\\\/timer-tul180a\\\/\",\"name\":\"WholesaleTimer TUL180A - TOSUNlux Official Site - Electrical Circuit Breaker Manufacturer in China Low Voltage Electrical Supplier | TOSUNlux\",\"isPartOf\":{\"@id\":\"https:\\\/\\\/www.tosunlux.eu\\\/ru\\\/#website\"},\"primaryImageOfPage\":{\"@id\":\"https:\\\/\\\/www.tosunlux.eu\\\/nl\\\/products\\\/timer-tul180a\\\/#primaryimage\"},\"image\":{\"@id\":\"https:\\\/\\\/www.tosunlux.eu\\\/nl\\\/products\\\/timer-tul180a\\\/#primaryimage\"},\"thumbnailUrl\":\"https:\\\/\\\/www.tosunlux.eu\\\/wp-content\\\/uploads\\\/2023\\\/09\\\/1-12-1024x336.jpg\",\"datePublished\":\"2023-09-14T09:22:07+00:00\",\"dateModified\":\"2023-09-14T09:22:08+00:00\",\"description\":\"Timer TUL180A Supplier - Wholesale direct from TOSUNlux, a trusted manufacturer since 1994. Get your B2B factory quote on our certified Low Voltage electrical products.\",\"breadcrumb\":{\"@id\":\"https:\\\/\\\/www.tosunlux.eu\\\/nl\\\/products\\\/timer-tul180a\\\/#breadcrumb\"},\"inLanguage\":\"sq\",\"potentialAction\":[{\"@type\":\"ReadAction\",\"target\":[\"https:\\\/\\\/www.tosunlux.eu\\\/nl\\\/products\\\/timer-tul180a\\\/\"]}]},{\"@type\":\"ImageObject\",\"inLanguage\":\"sq\",\"@id\":\"https:\\\/\\\/www.tosunlux.eu\\\/nl\\\/products\\\/timer-tul180a\\\/#primaryimage\",\"url\":\"https:\\\/\\\/www.tosunlux.eu\\\/wp-content\\\/uploads\\\/2023\\\/09\\\/1-12-1024x336.jpg\",\"contentUrl\":\"https:\\\/\\\/www.tosunlux.eu\\\/wp-content\\\/uploads\\\/2023\\\/09\\\/1-12-1024x336.jpg\"},{\"@type\":\"BreadcrumbList\",\"@id\":\"https:\\\/\\\/www.tosunlux.eu\\\/nl\\\/products\\\/timer-tul180a\\\/#breadcrumb\",\"itemListElement\":[{\"@type\":\"ListItem\",\"position\":1,\"name\":\"Home\",\"item\":\"https:\\\/\\\/www.tosunlux.eu\\\/ru\\\/\"},{\"@type\":\"ListItem\",\"position\":2,\"name\":\"Products\",\"item\":\"https:\\\/\\\/www.tosunlux.eu\\\/products\\\/\"},{\"@type\":\"ListItem\",\"position\":3,\"name\":\"Timer TUL180A\"}]},{\"@type\":\"WebSite\",\"@id\":\"https:\\\/\\\/www.tosunlux.eu\\\/ru\\\/#website\",\"url\":\"https:\\\/\\\/www.tosunlux.eu\\\/ru\\\/\",\"name\":\"TOSUNlux Official Site - Electrical Circuit Breaker Manufacturer in China\",\"description\":\"Power Distribution System Supplier\",\"publisher\":{\"@id\":\"https:\\\/\\\/www.tosunlux.eu\\\/ru\\\/#organization\"},\"alternateName\":\"TOSUNlux\",\"potentialAction\":[{\"@type\":\"SearchAction\",\"target\":{\"@type\":\"EntryPoint\",\"urlTemplate\":\"https:\\\/\\\/www.tosunlux.eu\\\/ru\\\/?s={search_term_string}\"},\"query-input\":{\"@type\":\"PropertyValueSpecification\",\"valueRequired\":true,\"valueName\":\"search_term_string\"}}],\"inLanguage\":\"sq\"},{\"@type\":\"Organization\",\"@id\":\"https:\\\/\\\/www.tosunlux.eu\\\/ru\\\/#organization\",\"name\":\"TOSUNlux\",\"url\":\"https:\\\/\\\/www.tosunlux.eu\\\/ru\\\/\",\"logo\":{\"@type\":\"ImageObject\",\"inLanguage\":\"sq\",\"@id\":\"https:\\\/\\\/www.tosunlux.eu\\\/ru\\\/#\\\/schema\\\/logo\\\/image\\\/\",\"url\":\"https:\\\/\\\/www.tosunlux.eu\\\/wp-content\\\/uploads\\\/2022\\\/01\\\/LOGOSYSM.71762f1.png\",\"contentUrl\":\"https:\\\/\\\/www.tosunlux.eu\\\/wp-content\\\/uploads\\\/2022\\\/01\\\/LOGOSYSM.71762f1.png\",\"width\":153,\"height\":55,\"caption\":\"TOSUNlux\"},\"image\":{\"@id\":\"https:\\\/\\\/www.tosunlux.eu\\\/ru\\\/#\\\/schema\\\/logo\\\/image\\\/\"},\"sameAs\":[\"https:\\\/\\\/www.facebook.com\\\/TOSUNelectric\\\/\",\"https:\\\/\\\/www.linkedin.com\\\/company\\\/wenzhou-tosun-electric-co.-ltd\\\/\"]}]}<\/script>\n<!-- \/ Yoast SEO plugin. -->","yoast_head_json":{"title":"WholesaleTimer TUL180A - Faqja Zyrtare e TOSUNlux - Prodhues i Nd\u00ebrprer\u00ebsve t\u00eb Qarkut Elektrik n\u00eb Kin\u00eb, Furnizues i Energjis\u00eb Elektrike me Tension t\u00eb Ul\u00ebt | TOSUNlux","description":"Furnizues i koh\u00ebmat\u00ebsit TUL180A - Shitje me shumic\u00eb direkt nga TOSUNlux, nj\u00eb prodhues i besuar q\u00eb nga viti 1994. Merrni ofert\u00ebn tuaj B2B t\u00eb fabrik\u00ebs p\u00ebr produktet tona t\u00eb \u00e7ertifikuara elektrike me tension t\u00eb ul\u00ebt.","robots":{"index":"index","follow":"follow","max-snippet":"max-snippet:-1","max-image-preview":"max-image-preview:large","max-video-preview":"max-video-preview:-1"},"canonical":"https:\/\/www.tosunlux.eu\/sq\/products\/timer-tul180a\/","og_locale":"sq_AL","og_type":"article","og_title":"WholesaleTimer TUL180A - TOSUNlux Official Site - Electrical Circuit Breaker Manufacturer in China Low Voltage Electrical Supplier | TOSUNlux","og_description":"Timer TUL180A Supplier - Wholesale direct from TOSUNlux, a trusted manufacturer since 1994. Get your B2B factory quote on our certified Low Voltage electrical products.","og_url":"https:\/\/www.tosunlux.eu\/sq\/products\/timer-tul180a\/","og_site_name":"TOSUNlux Official Site - Electrical Circuit Breaker Manufacturer in China","article_publisher":"https:\/\/www.facebook.com\/TOSUNelectric\/","article_modified_time":"2023-09-14T09:22:08+00:00","og_image":[{"url":"https:\/\/www.tosunlux.eu\/wp-content\/uploads\/2023\/09\/1-12-1024x336.jpg","type":"","width":"","height":""}],"twitter_card":"summary_large_image","twitter_misc":{"Est. reading time":"1 minut\u00eb"},"schema":{"@context":"https:\/\/schema.org","@graph":[{"@type":"WebPage","@id":"https:\/\/www.tosunlux.eu\/nl\/products\/timer-tul180a\/","url":"https:\/\/www.tosunlux.eu\/nl\/products\/timer-tul180a\/","name":"WholesaleTimer TUL180A - Faqja Zyrtare e TOSUNlux - Prodhues i Nd\u00ebrprer\u00ebsve t\u00eb Qarkut Elektrik n\u00eb Kin\u00eb, Furnizues i Energjis\u00eb Elektrike me Tension t\u00eb Ul\u00ebt | TOSUNlux","isPartOf":{"@id":"https:\/\/www.tosunlux.eu\/ru\/#website"},"primaryImageOfPage":{"@id":"https:\/\/www.tosunlux.eu\/nl\/products\/timer-tul180a\/#primaryimage"},"image":{"@id":"https:\/\/www.tosunlux.eu\/nl\/products\/timer-tul180a\/#primaryimage"},"thumbnailUrl":"https:\/\/www.tosunlux.eu\/wp-content\/uploads\/2023\/09\/1-12-1024x336.jpg","datePublished":"2023-09-14T09:22:07+00:00","dateModified":"2023-09-14T09:22:08+00:00","description":"Furnizues i koh\u00ebmat\u00ebsit TUL180A - Shitje me shumic\u00eb direkt nga TOSUNlux, nj\u00eb prodhues i besuar q\u00eb nga viti 1994. Merrni ofert\u00ebn tuaj B2B t\u00eb fabrik\u00ebs p\u00ebr produktet tona t\u00eb \u00e7ertifikuara elektrike me tension t\u00eb ul\u00ebt.","breadcrumb":{"@id":"https:\/\/www.tosunlux.eu\/nl\/products\/timer-tul180a\/#breadcrumb"},"inLanguage":"sq","potentialAction":[{"@type":"ReadAction","target":["https:\/\/www.tosunlux.eu\/nl\/products\/timer-tul180a\/"]}]},{"@type":"ImageObject","inLanguage":"sq","@id":"https:\/\/www.tosunlux.eu\/nl\/products\/timer-tul180a\/#primaryimage","url":"https:\/\/www.tosunlux.eu\/wp-content\/uploads\/2023\/09\/1-12-1024x336.jpg","contentUrl":"https:\/\/www.tosunlux.eu\/wp-content\/uploads\/2023\/09\/1-12-1024x336.jpg"},{"@type":"BreadcrumbList","@id":"https:\/\/www.tosunlux.eu\/nl\/products\/timer-tul180a\/#breadcrumb","itemListElement":[{"@type":"ListItem","position":1,"name":"Home","item":"https:\/\/www.tosunlux.eu\/ru\/"},{"@type":"ListItem","position":2,"name":"Products","item":"https:\/\/www.tosunlux.eu\/products\/"},{"@type":"ListItem","position":3,"name":"Timer TUL180A"}]},{"@type":"WebSite","@id":"https:\/\/www.tosunlux.eu\/ru\/#website","url":"https:\/\/www.tosunlux.eu\/ru\/","name":"Faqja zyrtare e TOSUNlux - Prodhuesi i nd\u00ebrprer\u00ebsve t\u00eb qarkut elektrik n\u00eb Kin\u00eb","description":"Furnizuesi i Sistemit t\u00eb Shp\u00ebrndarjes s\u00eb Energjis\u00eb","publisher":{"@id":"https:\/\/www.tosunlux.eu\/ru\/#organization"},"alternateName":"TOSUNlux","potentialAction":[{"@type":"SearchAction","target":{"@type":"EntryPoint","urlTemplate":"https:\/\/www.tosunlux.eu\/ru\/?s={search_term_string}"},"query-input":{"@type":"PropertyValueSpecification","valueRequired":true,"valueName":"search_term_string"}}],"inLanguage":"sq"},{"@type":"Organization","@id":"https:\/\/www.tosunlux.eu\/ru\/#organization","name":"TOSUNlux","url":"https:\/\/www.tosunlux.eu\/ru\/","logo":{"@type":"ImageObject","inLanguage":"sq","@id":"https:\/\/www.tosunlux.eu\/ru\/#\/schema\/logo\/image\/","url":"https:\/\/www.tosunlux.eu\/wp-content\/uploads\/2022\/01\/LOGOSYSM.71762f1.png","contentUrl":"https:\/\/www.tosunlux.eu\/wp-content\/uploads\/2022\/01\/LOGOSYSM.71762f1.png","width":153,"height":55,"caption":"TOSUNlux"},"image":{"@id":"https:\/\/www.tosunlux.eu\/ru\/#\/schema\/logo\/image\/"},"sameAs":["https:\/\/www.facebook.com\/TOSUNelectric\/","https:\/\/www.linkedin.com\/company\/wenzhou-tosun-electric-co.-ltd\/"]}]}},"_links":{"self":[{"href":"https:\/\/www.tosunlux.eu\/sq\/wp-json\/wp\/v2\/product\/8102","targetHints":{"allow":["GET"]}}],"collection":[{"href":"https:\/\/www.tosunlux.eu\/sq\/wp-json\/wp\/v2\/product"}],"about":[{"href":"https:\/\/www.tosunlux.eu\/sq\/wp-json\/wp\/v2\/types\/product"}],"version-history":[{"count":1,"href":"https:\/\/www.tosunlux.eu\/sq\/wp-json\/wp\/v2\/product\/8102\/revisions"}],"predecessor-version":[{"id":8105,"href":"https:\/\/www.tosunlux.eu\/sq\/wp-json\/wp\/v2\/product\/8102\/revisions\/8105"}],"wp:attachment":[{"href":"https:\/\/www.tosunlux.eu\/sq\/wp-json\/wp\/v2\/media?parent=8102"}],"wp:term":[{"taxonomy":"product_category","embeddable":true,"href":"https:\/\/www.tosunlux.eu\/sq\/wp-json\/wp\/v2\/product_category?post=8102"}],"curies":[{"name":"wp","href":"https:\/\/api.w.org\/{rel}","templated":true}]}}