{"id":8160,"date":"2023-09-23T16:12:13","date_gmt":"2023-09-23T08:12:13","guid":{"rendered":"https:\/\/www.tosunlux.eu\/?post_type=product&#038;p=8160"},"modified":"2023-09-23T16:34:01","modified_gmt":"2023-09-23T08:34:01","slug":"timer-thc-822","status":"publish","type":"product","link":"https:\/\/www.tosunlux.eu\/sq\/products\/timer-thc-822\/","title":{"rendered":"Koh\u00ebmat\u00ebsi THC-822"},"content":{"rendered":"<p><\/p>\n\n\n<h2>&nbsp;<\/h2>\n<h4>Specifikimi<\/h4>\n<table style=\"height: 541px;\" width=\"553\">\n<tbody>\n<tr>\n<td style=\"text-align: center;\" width=\"125\">Model<\/td>\n<td style=\"text-align: center;\" width=\"349\">THC-822<\/td>\n<\/tr>\n<tr>\n<td style=\"text-align: center;\" width=\"125\">Gama e plot\u00eb e koh\u00ebs<\/td>\n<td style=\"text-align: center;\" width=\"349\">Nd\u00ebrrimi i rast\u00ebsish\u00ebm 24 or\u00eb\/7 dit\u00eb, program pushimesh, program pulsi dhe cikli<\/td>\n<\/tr>\n<tr>\n<td style=\"text-align: center;\" width=\"125\">Tensioni nominal<\/td>\n<td style=\"text-align: center;\" width=\"349\">AC 220V 50\/60Hz 85%~110%<\/td>\n<\/tr>\n<tr>\n<td style=\"text-align: center;\" width=\"125\">Kapaciteti i kontaktit<\/td>\n<td style=\"text-align: center;\" width=\"349\">16(10)A, 250VAC<\/td>\n<\/tr>\n<tr>\n<td style=\"text-align: center;\" width=\"125\">Formulari i kontaktit<\/td>\n<td style=\"text-align: center;\" width=\"349\">2 \u00e7el\u00ebs nd\u00ebrrimi<\/td>\n<\/tr>\n<tr>\n<td style=\"text-align: center;\" width=\"125\">Sakt\u00ebsia<\/td>\n<td style=\"text-align: center;\" width=\"349\">1s\/d<\/td>\n<\/tr>\n<tr>\n<td style=\"text-align: center;\" width=\"125\">Ekrani<\/td>\n<td style=\"text-align: center;\" width=\"349\">LCD<\/td>\n<\/tr>\n<tr>\n<td style=\"text-align: center;\" width=\"125\">Montimi<\/td>\n<td style=\"text-align: center;\" width=\"349\">Hekurudhor DIN<\/td>\n<\/tr>\n<tr>\n<td style=\"text-align: center;\" width=\"125\">Nj\u00ebsia minimale e cil\u00ebsimit<\/td>\n<td style=\"text-align: center;\" width=\"349\">1 min<\/td>\n<\/tr>\n<tr>\n<td style=\"text-align: center;\" width=\"125\">I programuesh\u00ebm<\/td>\n<td style=\"text-align: center;\" width=\"349\">96 programe<\/td>\n<\/tr>\n<tr>\n<td style=\"text-align: center;\" width=\"125\">Bateri ruajt\u00ebse<\/td>\n<td style=\"text-align: center;\" width=\"349\">3 vjet<\/td>\n<\/tr>\n<tr>\n<td style=\"text-align: center;\" width=\"125\">Fuqia e konsumuar<\/td>\n<td style=\"text-align: center;\" width=\"349\">7,5 VA<\/td>\n<\/tr>\n<tr>\n<td style=\"text-align: center;\" width=\"125\">Jeta elektrike<\/td>\n<td style=\"text-align: center;\" width=\"349\">105 her\u00eb<\/td>\n<\/tr>\n<tr>\n<td style=\"text-align: center;\" width=\"125\">Jeta mekanike<\/td>\n<td style=\"text-align: center;\" width=\"349\">107 her\u00eb<\/td>\n<\/tr>\n<tr>\n<td style=\"text-align: center;\" width=\"125\">Temperatura e funksionimit<\/td>\n<td style=\"text-align: center;\" width=\"349\">-10~+50\u00b0C<\/td>\n<\/tr>\n<\/tbody>\n<\/table>\n<p><\/p>\n<h4>Dimensioni<\/h4>\n<p><\/p>\n\n\n<figure class=\"wp-block-image size-full\"><img fetchpriority=\"high\" decoding=\"async\" width=\"686\" height=\"389\" src=\"https:\/\/www.tosunlux.eu\/wp-content\/uploads\/2023\/09\/Industrial-Control-1-1.jpg\" alt=\"\" class=\"wp-image-8162\" srcset=\"https:\/\/www.tosunlux.eu\/wp-content\/uploads\/2023\/09\/Industrial-Control-1-1.jpg 686w, https:\/\/www.tosunlux.eu\/wp-content\/uploads\/2023\/09\/Industrial-Control-1-1-300x170.jpg 300w, https:\/\/www.tosunlux.eu\/wp-content\/uploads\/2023\/09\/Industrial-Control-1-1-18x10.jpg 18w\" sizes=\"(max-width: 686px) 100vw, 686px\" \/><\/figure>","protected":false},"parent":0,"template":"","product_category":[35,92],"class_list":["post-8160","product","type-product","status-publish","hentry","product_category-industrial-control-devices","product_category-timer-relay"],"yoast_head":"<!-- This site is optimized with the Yoast SEO plugin v27.3 - https:\/\/yoast.com\/product\/yoast-seo-wordpress\/ -->\n<title>WholesaleTimer THC-822 - TOSUNlux Official Site - Electrical Circuit Breaker Manufacturer in China Low Voltage Electrical Supplier | TOSUNlux<\/title>\n<meta name=\"description\" content=\"Timer THC-822 Supplier - Wholesale direct from TOSUNlux, a trusted manufacturer since 1994. Get your B2B factory quote on our certified Low Voltage electrical products.\" \/>\n<meta name=\"robots\" content=\"index, follow, max-snippet:-1, max-image-preview:large, max-video-preview:-1\" \/>\n<link rel=\"canonical\" href=\"https:\/\/www.tosunlux.eu\/sq\/products\/timer-thc-822\/\" \/>\n<meta property=\"og:locale\" content=\"sq_AL\" \/>\n<meta property=\"og:type\" content=\"article\" \/>\n<meta property=\"og:title\" content=\"WholesaleTimer THC-822 - TOSUNlux Official Site - Electrical Circuit Breaker Manufacturer in China Low Voltage Electrical Supplier | TOSUNlux\" \/>\n<meta property=\"og:description\" content=\"Timer THC-822 Supplier - Wholesale direct from TOSUNlux, a trusted manufacturer since 1994. Get your B2B factory quote on our certified Low Voltage electrical products.\" \/>\n<meta property=\"og:url\" content=\"https:\/\/www.tosunlux.eu\/sq\/products\/timer-thc-822\/\" \/>\n<meta property=\"og:site_name\" content=\"TOSUNlux Official Site - Electrical Circuit Breaker Manufacturer in China\" \/>\n<meta property=\"article:publisher\" content=\"https:\/\/www.facebook.com\/TOSUNelectric\/\" \/>\n<meta property=\"article:modified_time\" content=\"2023-09-23T08:34:01+00:00\" \/>\n<meta property=\"og:image\" content=\"https:\/\/www.tosunlux.eu\/wp-content\/uploads\/2023\/09\/Industrial-Control-1-1.jpg\" \/>\n<meta name=\"twitter:card\" content=\"summary_large_image\" \/>\n<meta name=\"twitter:label1\" content=\"Est. reading time\" \/>\n\t<meta name=\"twitter:data1\" content=\"1 minut\u00eb\" \/>\n<script type=\"application\/ld+json\" class=\"yoast-schema-graph\">{\"@context\":\"https:\\\/\\\/schema.org\",\"@graph\":[{\"@type\":\"WebPage\",\"@id\":\"https:\\\/\\\/www.tosunlux.eu\\\/products\\\/timer-thc-822\\\/\",\"url\":\"https:\\\/\\\/www.tosunlux.eu\\\/products\\\/timer-thc-822\\\/\",\"name\":\"WholesaleTimer THC-822 - TOSUNlux Official Site - Electrical Circuit Breaker Manufacturer in China Low Voltage Electrical Supplier | TOSUNlux\",\"isPartOf\":{\"@id\":\"https:\\\/\\\/www.tosunlux.eu\\\/ru\\\/#website\"},\"primaryImageOfPage\":{\"@id\":\"https:\\\/\\\/www.tosunlux.eu\\\/products\\\/timer-thc-822\\\/#primaryimage\"},\"image\":{\"@id\":\"https:\\\/\\\/www.tosunlux.eu\\\/products\\\/timer-thc-822\\\/#primaryimage\"},\"thumbnailUrl\":\"https:\\\/\\\/www.tosunlux.eu\\\/wp-content\\\/uploads\\\/2023\\\/09\\\/Industrial-Control-1-1.jpg\",\"datePublished\":\"2023-09-23T08:12:13+00:00\",\"dateModified\":\"2023-09-23T08:34:01+00:00\",\"description\":\"Timer THC-822 Supplier - Wholesale direct from TOSUNlux, a trusted manufacturer since 1994. Get your B2B factory quote on our certified Low Voltage electrical products.\",\"breadcrumb\":{\"@id\":\"https:\\\/\\\/www.tosunlux.eu\\\/products\\\/timer-thc-822\\\/#breadcrumb\"},\"inLanguage\":\"sq\",\"potentialAction\":[{\"@type\":\"ReadAction\",\"target\":[\"https:\\\/\\\/www.tosunlux.eu\\\/products\\\/timer-thc-822\\\/\"]}]},{\"@type\":\"ImageObject\",\"inLanguage\":\"sq\",\"@id\":\"https:\\\/\\\/www.tosunlux.eu\\\/products\\\/timer-thc-822\\\/#primaryimage\",\"url\":\"https:\\\/\\\/www.tosunlux.eu\\\/wp-content\\\/uploads\\\/2023\\\/09\\\/Industrial-Control-1-1.jpg\",\"contentUrl\":\"https:\\\/\\\/www.tosunlux.eu\\\/wp-content\\\/uploads\\\/2023\\\/09\\\/Industrial-Control-1-1.jpg\"},{\"@type\":\"BreadcrumbList\",\"@id\":\"https:\\\/\\\/www.tosunlux.eu\\\/products\\\/timer-thc-822\\\/#breadcrumb\",\"itemListElement\":[{\"@type\":\"ListItem\",\"position\":1,\"name\":\"Home\",\"item\":\"https:\\\/\\\/www.tosunlux.eu\\\/ru\\\/\"},{\"@type\":\"ListItem\",\"position\":2,\"name\":\"Products\",\"item\":\"https:\\\/\\\/www.tosunlux.eu\\\/products\\\/\"},{\"@type\":\"ListItem\",\"position\":3,\"name\":\"Timer THC-822\"}]},{\"@type\":\"WebSite\",\"@id\":\"https:\\\/\\\/www.tosunlux.eu\\\/ru\\\/#website\",\"url\":\"https:\\\/\\\/www.tosunlux.eu\\\/ru\\\/\",\"name\":\"TOSUNlux Official Site - Electrical Circuit Breaker Manufacturer in China\",\"description\":\"Power Distribution System Supplier\",\"publisher\":{\"@id\":\"https:\\\/\\\/www.tosunlux.eu\\\/ru\\\/#organization\"},\"alternateName\":\"TOSUNlux\",\"potentialAction\":[{\"@type\":\"SearchAction\",\"target\":{\"@type\":\"EntryPoint\",\"urlTemplate\":\"https:\\\/\\\/www.tosunlux.eu\\\/ru\\\/?s={search_term_string}\"},\"query-input\":{\"@type\":\"PropertyValueSpecification\",\"valueRequired\":true,\"valueName\":\"search_term_string\"}}],\"inLanguage\":\"sq\"},{\"@type\":\"Organization\",\"@id\":\"https:\\\/\\\/www.tosunlux.eu\\\/ru\\\/#organization\",\"name\":\"TOSUNlux\",\"url\":\"https:\\\/\\\/www.tosunlux.eu\\\/ru\\\/\",\"logo\":{\"@type\":\"ImageObject\",\"inLanguage\":\"sq\",\"@id\":\"https:\\\/\\\/www.tosunlux.eu\\\/ru\\\/#\\\/schema\\\/logo\\\/image\\\/\",\"url\":\"https:\\\/\\\/www.tosunlux.eu\\\/wp-content\\\/uploads\\\/2022\\\/01\\\/LOGOSYSM.71762f1.png\",\"contentUrl\":\"https:\\\/\\\/www.tosunlux.eu\\\/wp-content\\\/uploads\\\/2022\\\/01\\\/LOGOSYSM.71762f1.png\",\"width\":153,\"height\":55,\"caption\":\"TOSUNlux\"},\"image\":{\"@id\":\"https:\\\/\\\/www.tosunlux.eu\\\/ru\\\/#\\\/schema\\\/logo\\\/image\\\/\"},\"sameAs\":[\"https:\\\/\\\/www.facebook.com\\\/TOSUNelectric\\\/\",\"https:\\\/\\\/www.linkedin.com\\\/company\\\/wenzhou-tosun-electric-co.-ltd\\\/\"]}]}<\/script>\n<!-- \/ Yoast SEO plugin. -->","yoast_head_json":{"title":"WholesaleTimer THC-822 - TOSUNlux Official Site - Electrical Circuit Breaker Manufacturer in China Low Voltage Electrical Supplier | TOSUNlux","description":"Timer THC-822 Supplier - Wholesale direct from TOSUNlux, a trusted manufacturer since 1994. Get your B2B factory quote on our certified Low Voltage electrical products.","robots":{"index":"index","follow":"follow","max-snippet":"max-snippet:-1","max-image-preview":"max-image-preview:large","max-video-preview":"max-video-preview:-1"},"canonical":"https:\/\/www.tosunlux.eu\/sq\/products\/timer-thc-822\/","og_locale":"sq_AL","og_type":"article","og_title":"WholesaleTimer THC-822 - TOSUNlux Official Site - Electrical Circuit Breaker Manufacturer in China Low Voltage Electrical Supplier | TOSUNlux","og_description":"Timer THC-822 Supplier - Wholesale direct from TOSUNlux, a trusted manufacturer since 1994. Get your B2B factory quote on our certified Low Voltage electrical products.","og_url":"https:\/\/www.tosunlux.eu\/sq\/products\/timer-thc-822\/","og_site_name":"TOSUNlux Official Site - Electrical Circuit Breaker Manufacturer in China","article_publisher":"https:\/\/www.facebook.com\/TOSUNelectric\/","article_modified_time":"2023-09-23T08:34:01+00:00","og_image":[{"url":"https:\/\/www.tosunlux.eu\/wp-content\/uploads\/2023\/09\/Industrial-Control-1-1.jpg","type":"","width":"","height":""}],"twitter_card":"summary_large_image","twitter_misc":{"Est. reading time":"1 minut\u00eb"},"schema":{"@context":"https:\/\/schema.org","@graph":[{"@type":"WebPage","@id":"https:\/\/www.tosunlux.eu\/products\/timer-thc-822\/","url":"https:\/\/www.tosunlux.eu\/products\/timer-thc-822\/","name":"WholesaleTimer THC-822 - TOSUNlux Official Site - Electrical Circuit Breaker Manufacturer in China Low Voltage Electrical Supplier | TOSUNlux","isPartOf":{"@id":"https:\/\/www.tosunlux.eu\/ru\/#website"},"primaryImageOfPage":{"@id":"https:\/\/www.tosunlux.eu\/products\/timer-thc-822\/#primaryimage"},"image":{"@id":"https:\/\/www.tosunlux.eu\/products\/timer-thc-822\/#primaryimage"},"thumbnailUrl":"https:\/\/www.tosunlux.eu\/wp-content\/uploads\/2023\/09\/Industrial-Control-1-1.jpg","datePublished":"2023-09-23T08:12:13+00:00","dateModified":"2023-09-23T08:34:01+00:00","description":"Timer THC-822 Supplier - Wholesale direct from TOSUNlux, a trusted manufacturer since 1994. Get your B2B factory quote on our certified Low Voltage electrical products.","breadcrumb":{"@id":"https:\/\/www.tosunlux.eu\/products\/timer-thc-822\/#breadcrumb"},"inLanguage":"sq","potentialAction":[{"@type":"ReadAction","target":["https:\/\/www.tosunlux.eu\/products\/timer-thc-822\/"]}]},{"@type":"ImageObject","inLanguage":"sq","@id":"https:\/\/www.tosunlux.eu\/products\/timer-thc-822\/#primaryimage","url":"https:\/\/www.tosunlux.eu\/wp-content\/uploads\/2023\/09\/Industrial-Control-1-1.jpg","contentUrl":"https:\/\/www.tosunlux.eu\/wp-content\/uploads\/2023\/09\/Industrial-Control-1-1.jpg"},{"@type":"BreadcrumbList","@id":"https:\/\/www.tosunlux.eu\/products\/timer-thc-822\/#breadcrumb","itemListElement":[{"@type":"ListItem","position":1,"name":"Home","item":"https:\/\/www.tosunlux.eu\/ru\/"},{"@type":"ListItem","position":2,"name":"Products","item":"https:\/\/www.tosunlux.eu\/products\/"},{"@type":"ListItem","position":3,"name":"Timer THC-822"}]},{"@type":"WebSite","@id":"https:\/\/www.tosunlux.eu\/ru\/#website","url":"https:\/\/www.tosunlux.eu\/ru\/","name":"Faqja zyrtare e TOSUNlux - Prodhuesi i nd\u00ebrprer\u00ebsve t\u00eb qarkut elektrik n\u00eb Kin\u00eb","description":"Furnizuesi i Sistemit t\u00eb Shp\u00ebrndarjes s\u00eb Energjis\u00eb","publisher":{"@id":"https:\/\/www.tosunlux.eu\/ru\/#organization"},"alternateName":"TOSUNlux","potentialAction":[{"@type":"SearchAction","target":{"@type":"EntryPoint","urlTemplate":"https:\/\/www.tosunlux.eu\/ru\/?s={search_term_string}"},"query-input":{"@type":"PropertyValueSpecification","valueRequired":true,"valueName":"search_term_string"}}],"inLanguage":"sq"},{"@type":"Organization","@id":"https:\/\/www.tosunlux.eu\/ru\/#organization","name":"TOSUNlux","url":"https:\/\/www.tosunlux.eu\/ru\/","logo":{"@type":"ImageObject","inLanguage":"sq","@id":"https:\/\/www.tosunlux.eu\/ru\/#\/schema\/logo\/image\/","url":"https:\/\/www.tosunlux.eu\/wp-content\/uploads\/2022\/01\/LOGOSYSM.71762f1.png","contentUrl":"https:\/\/www.tosunlux.eu\/wp-content\/uploads\/2022\/01\/LOGOSYSM.71762f1.png","width":153,"height":55,"caption":"TOSUNlux"},"image":{"@id":"https:\/\/www.tosunlux.eu\/ru\/#\/schema\/logo\/image\/"},"sameAs":["https:\/\/www.facebook.com\/TOSUNelectric\/","https:\/\/www.linkedin.com\/company\/wenzhou-tosun-electric-co.-ltd\/"]}]}},"_links":{"self":[{"href":"https:\/\/www.tosunlux.eu\/sq\/wp-json\/wp\/v2\/product\/8160","targetHints":{"allow":["GET"]}}],"collection":[{"href":"https:\/\/www.tosunlux.eu\/sq\/wp-json\/wp\/v2\/product"}],"about":[{"href":"https:\/\/www.tosunlux.eu\/sq\/wp-json\/wp\/v2\/types\/product"}],"version-history":[{"count":4,"href":"https:\/\/www.tosunlux.eu\/sq\/wp-json\/wp\/v2\/product\/8160\/revisions"}],"predecessor-version":[{"id":8179,"href":"https:\/\/www.tosunlux.eu\/sq\/wp-json\/wp\/v2\/product\/8160\/revisions\/8179"}],"wp:attachment":[{"href":"https:\/\/www.tosunlux.eu\/sq\/wp-json\/wp\/v2\/media?parent=8160"}],"wp:term":[{"taxonomy":"product_category","embeddable":true,"href":"https:\/\/www.tosunlux.eu\/sq\/wp-json\/wp\/v2\/product_category?post=8160"}],"curies":[{"name":"wp","href":"https:\/\/api.w.org\/{rel}","templated":true}]}}