{"id":979,"date":"2022-04-12T16:04:39","date_gmt":"2022-04-12T08:04:39","guid":{"rendered":"https:\/\/www.tosunlux.eu\/?post_type=product&#038;p=979"},"modified":"2023-03-17T14:45:23","modified_gmt":"2023-03-17T06:45:23","slug":"single-phase-servo-voltage-stabilizer-svc","status":"publish","type":"product","link":"https:\/\/www.tosunlux.eu\/sq\/products\/single-phase-servo-voltage-stabilizer-svc\/","title":{"rendered":"Stabilizuesi i Tensionit Servo Nj\u00ebfazor SVC"},"content":{"rendered":"<p>Aplikimi<\/p>\n\n\n\n<p>Stabilizuesi plot\u00ebsisht automatik i Servo tensionit SVC p\u00ebrb\u00ebhet nga rregullatori i tensionit t\u00eb kontaktit, qarku i kontrollit t\u00eb kampionimit dhe motori i servo. Kur tensioni i hyrjes ose ngarkesa ndryshon, qarku i kontrollit t\u00eb marrjes s\u00eb mostrave do t\u00eb mostroj\u00eb dhe amplifikoj\u00eb tensionin, dhe servo motori do t\u00eb rrotullohet n\u00eb drejtimin e d\u00ebshiruar, i cili kthen krahun, duke rregulluar tensionin derisa tensioni i daljes t\u00eb rregullohet n\u00eb tensionin nominal t\u00eb daljes.<\/p>\n\n\n\n<p>Produkti \u00ebsht\u00eb me p\u00ebrmasa t\u00eb vogla, pesh\u00eb t\u00eb leht\u00eb, m\u00eb pak shtremb\u00ebrim t\u00eb form\u00ebs s\u00eb val\u00ebs s\u00eb daljes dhe performanc\u00eb t\u00eb besueshme. P\u00ebr t\u00eb garantuar cil\u00ebsin\u00eb e tij, futet dhe importohet teknologjia e huaj e avancuar dhe pjes\u00ebt kryesore. P\u00ebrdoret gjer\u00ebsisht n\u00eb pajisjet elektrike q\u00eb kan\u00eb nevoj\u00eb p\u00ebr furnizim t\u00eb vazhduesh\u00ebm me energji elektrike, dhe n\u00eb fushat e prodhimit t\u00eb industris\u00eb, k\u00ebrkimit shkencor dhe higjien\u00ebs mjek\u00ebsore.<\/p>\n\n\n\n<p>Vet\u00eb produkti konsumon pak dhe mund t\u00eb p\u00ebrdoret vazhdimisht p\u00ebr nj\u00eb koh\u00eb t\u00eb gjat\u00eb.<\/p>\n\n\n\n<p><\/p>\n\n\n\n<p>Specifikimi<\/p>\n\n\n<table style=\"height: 265px;\" width=\"469\">\n<tbody>\n<tr>\n<td width=\"171\">Fuqia e vler\u00ebsuar (VA)<\/td>\n<td width=\"560\">500, 1000, 1500, 2000, 3000, 5000, 8000, 10000, 15000, 20000, 30000<\/td>\n<\/tr>\n<tr>\n<td>Tensioni i hyrjes<\/td>\n<td>130V~250V 160V~250V<\/td>\n<\/tr>\n<tr>\n<td>Tensioni i daljes<\/td>\n<td>220\u00b13% me 110V\u00b13%<\/td>\n<\/tr>\n<tr>\n<td>Faza<\/td>\n<td>Nj\u00ebfazore<\/td>\n<\/tr>\n<tr>\n<td>Frekuenca<\/td>\n<td>50\/60 Hz<\/td>\n<\/tr>\n<tr>\n<td>Koha e p\u00ebrgjigjes<\/td>\n<td>brenda 1 sekonde. kundrejt devijimit t\u00eb tensionit t\u00eb hyrjes 10%<\/td>\n<\/tr>\n<tr>\n<td>Efikasiteti<\/td>\n<td>&gt; 90%<\/td>\n<\/tr>\n<tr>\n<td>Temperatura e Ambientit<\/td>\n<td>-5\u2103~+40\u2103<\/td>\n<\/tr>\n<tr>\n<td>Lag\u00ebshtia relative<\/td>\n<td>&lt; 95%<\/td>\n<\/tr>\n<tr>\n<td>Shtremb\u00ebrimi i form\u00ebs s\u00eb val\u00ebs<\/td>\n<td>Nuk mungon besnik\u00ebria n\u00eb form\u00ebn e val\u00ebs<\/td>\n<\/tr>\n<\/tbody>\n<\/table>","protected":false},"parent":0,"template":"","product_category":[75,122],"class_list":["post-979","product","type-product","status-publish","hentry","product_category-instruments","product_category-voltage-stabilizer-regulator"],"yoast_head":"<!-- This site is optimized with the Yoast SEO plugin v27.4 - https:\/\/yoast.com\/product\/yoast-seo-wordpress\/ -->\n<title>123123123<\/title>\n<meta name=\"description\" content=\"Single Phase Servo Voltage Stabilizer SVC\" \/>\n<meta name=\"robots\" content=\"index, follow, max-snippet:-1, max-image-preview:large, max-video-preview:-1\" \/>\n<link rel=\"canonical\" href=\"https:\/\/www.tosunlux.eu\/sq\/products\/single-phase-servo-voltage-stabilizer-svc\/\" \/>\n<meta property=\"og:locale\" content=\"sq_AL\" \/>\n<meta property=\"og:type\" content=\"article\" \/>\n<meta property=\"og:title\" content=\"123123123\" \/>\n<meta property=\"og:description\" content=\"Single Phase Servo Voltage Stabilizer SVC\" \/>\n<meta property=\"og:url\" content=\"https:\/\/www.tosunlux.eu\/sq\/products\/single-phase-servo-voltage-stabilizer-svc\/\" \/>\n<meta property=\"og:site_name\" content=\"TOSUNlux Official Site - Electrical Circuit Breaker Manufacturer in China\" \/>\n<meta property=\"article:publisher\" content=\"https:\/\/www.facebook.com\/TOSUNelectric\/\" \/>\n<meta property=\"article:modified_time\" content=\"2023-03-17T06:45:23+00:00\" \/>\n<meta property=\"og:image\" content=\"https:\/\/www.tosunlux.eu\/wp-content\/uploads\/2023\/04\/DSC08160_\u526f\u672c.jpg\" \/>\n\t<meta property=\"og:image:width\" content=\"1500\" \/>\n\t<meta property=\"og:image:height\" content=\"940\" \/>\n\t<meta property=\"og:image:type\" content=\"image\/jpeg\" \/>\n<meta name=\"twitter:card\" content=\"summary_large_image\" \/>\n<meta name=\"twitter:label1\" content=\"Est. reading time\" \/>\n\t<meta name=\"twitter:data1\" content=\"1 minut\u00eb\" \/>\n<script type=\"application\/ld+json\" class=\"yoast-schema-graph\">{\"@context\":\"https:\\\/\\\/schema.org\",\"@graph\":[{\"@type\":\"WebPage\",\"@id\":\"https:\\\/\\\/www.tosunlux.eu\\\/es\\\/products\\\/single-phase-servo-voltage-stabilizer-svc\\\/\",\"url\":\"https:\\\/\\\/www.tosunlux.eu\\\/es\\\/products\\\/single-phase-servo-voltage-stabilizer-svc\\\/\",\"name\":\"123123123\",\"isPartOf\":{\"@id\":\"https:\\\/\\\/www.tosunlux.eu\\\/ru\\\/#website\"},\"datePublished\":\"2022-04-12T08:04:39+00:00\",\"dateModified\":\"2023-03-17T06:45:23+00:00\",\"description\":\"Single Phase Servo Voltage Stabilizer SVC\",\"breadcrumb\":{\"@id\":\"https:\\\/\\\/www.tosunlux.eu\\\/es\\\/products\\\/single-phase-servo-voltage-stabilizer-svc\\\/#breadcrumb\"},\"inLanguage\":\"sq\",\"potentialAction\":[{\"@type\":\"ReadAction\",\"target\":[\"https:\\\/\\\/www.tosunlux.eu\\\/es\\\/products\\\/single-phase-servo-voltage-stabilizer-svc\\\/\"]}]},{\"@type\":\"BreadcrumbList\",\"@id\":\"https:\\\/\\\/www.tosunlux.eu\\\/es\\\/products\\\/single-phase-servo-voltage-stabilizer-svc\\\/#breadcrumb\",\"itemListElement\":[{\"@type\":\"ListItem\",\"position\":1,\"name\":\"Home\",\"item\":\"https:\\\/\\\/www.tosunlux.eu\\\/ru\\\/\"},{\"@type\":\"ListItem\",\"position\":2,\"name\":\"Products\",\"item\":\"https:\\\/\\\/www.tosunlux.eu\\\/products\\\/\"},{\"@type\":\"ListItem\",\"position\":3,\"name\":\"Single Phase Servo Voltage Stabilizer SVC\"}]},{\"@type\":\"WebSite\",\"@id\":\"https:\\\/\\\/www.tosunlux.eu\\\/ru\\\/#website\",\"url\":\"https:\\\/\\\/www.tosunlux.eu\\\/ru\\\/\",\"name\":\"TOSUNlux Official Site - Electrical Circuit Breaker Manufacturer in China\",\"description\":\"Power Distribution System Supplier\",\"publisher\":{\"@id\":\"https:\\\/\\\/www.tosunlux.eu\\\/ru\\\/#organization\"},\"alternateName\":\"TOSUNlux\",\"potentialAction\":[{\"@type\":\"SearchAction\",\"target\":{\"@type\":\"EntryPoint\",\"urlTemplate\":\"https:\\\/\\\/www.tosunlux.eu\\\/ru\\\/?s={search_term_string}\"},\"query-input\":{\"@type\":\"PropertyValueSpecification\",\"valueRequired\":true,\"valueName\":\"search_term_string\"}}],\"inLanguage\":\"sq\"},{\"@type\":\"Organization\",\"@id\":\"https:\\\/\\\/www.tosunlux.eu\\\/ru\\\/#organization\",\"name\":\"TOSUNlux\",\"url\":\"https:\\\/\\\/www.tosunlux.eu\\\/ru\\\/\",\"logo\":{\"@type\":\"ImageObject\",\"inLanguage\":\"sq\",\"@id\":\"https:\\\/\\\/www.tosunlux.eu\\\/ru\\\/#\\\/schema\\\/logo\\\/image\\\/\",\"url\":\"https:\\\/\\\/www.tosunlux.eu\\\/wp-content\\\/uploads\\\/2022\\\/01\\\/LOGOSYSM.71762f1.png\",\"contentUrl\":\"https:\\\/\\\/www.tosunlux.eu\\\/wp-content\\\/uploads\\\/2022\\\/01\\\/LOGOSYSM.71762f1.png\",\"width\":153,\"height\":55,\"caption\":\"TOSUNlux\"},\"image\":{\"@id\":\"https:\\\/\\\/www.tosunlux.eu\\\/ru\\\/#\\\/schema\\\/logo\\\/image\\\/\"},\"sameAs\":[\"https:\\\/\\\/www.facebook.com\\\/TOSUNelectric\\\/\",\"https:\\\/\\\/www.linkedin.com\\\/company\\\/wenzhou-tosun-electric-co.-ltd\\\/\"]}]}<\/script>\n<!-- \/ Yoast SEO plugin. -->","yoast_head_json":{"title":"123123123","description":"Stabilizuesi i Tensionit Servo Nj\u00ebfazor SVC","robots":{"index":"index","follow":"follow","max-snippet":"max-snippet:-1","max-image-preview":"max-image-preview:large","max-video-preview":"max-video-preview:-1"},"canonical":"https:\/\/www.tosunlux.eu\/sq\/products\/single-phase-servo-voltage-stabilizer-svc\/","og_locale":"sq_AL","og_type":"article","og_title":"123123123","og_description":"Single Phase Servo Voltage Stabilizer SVC","og_url":"https:\/\/www.tosunlux.eu\/sq\/products\/single-phase-servo-voltage-stabilizer-svc\/","og_site_name":"TOSUNlux Official Site - Electrical Circuit Breaker Manufacturer in China","article_publisher":"https:\/\/www.facebook.com\/TOSUNelectric\/","article_modified_time":"2023-03-17T06:45:23+00:00","og_image":[{"width":1500,"height":940,"url":"https:\/\/www.tosunlux.eu\/wp-content\/uploads\/2023\/04\/DSC08160_\u526f\u672c.jpg","type":"image\/jpeg"}],"twitter_card":"summary_large_image","twitter_misc":{"Est. reading time":"1 minut\u00eb"},"schema":{"@context":"https:\/\/schema.org","@graph":[{"@type":"WebPage","@id":"https:\/\/www.tosunlux.eu\/es\/products\/single-phase-servo-voltage-stabilizer-svc\/","url":"https:\/\/www.tosunlux.eu\/es\/products\/single-phase-servo-voltage-stabilizer-svc\/","name":"123123123","isPartOf":{"@id":"https:\/\/www.tosunlux.eu\/ru\/#website"},"datePublished":"2022-04-12T08:04:39+00:00","dateModified":"2023-03-17T06:45:23+00:00","description":"Stabilizuesi i Tensionit Servo Nj\u00ebfazor SVC","breadcrumb":{"@id":"https:\/\/www.tosunlux.eu\/es\/products\/single-phase-servo-voltage-stabilizer-svc\/#breadcrumb"},"inLanguage":"sq","potentialAction":[{"@type":"ReadAction","target":["https:\/\/www.tosunlux.eu\/es\/products\/single-phase-servo-voltage-stabilizer-svc\/"]}]},{"@type":"BreadcrumbList","@id":"https:\/\/www.tosunlux.eu\/es\/products\/single-phase-servo-voltage-stabilizer-svc\/#breadcrumb","itemListElement":[{"@type":"ListItem","position":1,"name":"Home","item":"https:\/\/www.tosunlux.eu\/ru\/"},{"@type":"ListItem","position":2,"name":"Products","item":"https:\/\/www.tosunlux.eu\/products\/"},{"@type":"ListItem","position":3,"name":"Single Phase Servo Voltage Stabilizer SVC"}]},{"@type":"WebSite","@id":"https:\/\/www.tosunlux.eu\/ru\/#website","url":"https:\/\/www.tosunlux.eu\/ru\/","name":"Faqja zyrtare e TOSUNlux - Prodhuesi i nd\u00ebrprer\u00ebsve t\u00eb qarkut elektrik n\u00eb Kin\u00eb","description":"Furnizuesi i Sistemit t\u00eb Shp\u00ebrndarjes s\u00eb Energjis\u00eb","publisher":{"@id":"https:\/\/www.tosunlux.eu\/ru\/#organization"},"alternateName":"TOSUNlux","potentialAction":[{"@type":"SearchAction","target":{"@type":"EntryPoint","urlTemplate":"https:\/\/www.tosunlux.eu\/ru\/?s={search_term_string}"},"query-input":{"@type":"PropertyValueSpecification","valueRequired":true,"valueName":"search_term_string"}}],"inLanguage":"sq"},{"@type":"Organization","@id":"https:\/\/www.tosunlux.eu\/ru\/#organization","name":"TOSUNlux","url":"https:\/\/www.tosunlux.eu\/ru\/","logo":{"@type":"ImageObject","inLanguage":"sq","@id":"https:\/\/www.tosunlux.eu\/ru\/#\/schema\/logo\/image\/","url":"https:\/\/www.tosunlux.eu\/wp-content\/uploads\/2022\/01\/LOGOSYSM.71762f1.png","contentUrl":"https:\/\/www.tosunlux.eu\/wp-content\/uploads\/2022\/01\/LOGOSYSM.71762f1.png","width":153,"height":55,"caption":"TOSUNlux"},"image":{"@id":"https:\/\/www.tosunlux.eu\/ru\/#\/schema\/logo\/image\/"},"sameAs":["https:\/\/www.facebook.com\/TOSUNelectric\/","https:\/\/www.linkedin.com\/company\/wenzhou-tosun-electric-co.-ltd\/"]}]}},"_links":{"self":[{"href":"https:\/\/www.tosunlux.eu\/sq\/wp-json\/wp\/v2\/product\/979","targetHints":{"allow":["GET"]}}],"collection":[{"href":"https:\/\/www.tosunlux.eu\/sq\/wp-json\/wp\/v2\/product"}],"about":[{"href":"https:\/\/www.tosunlux.eu\/sq\/wp-json\/wp\/v2\/types\/product"}],"version-history":[{"count":0,"href":"https:\/\/www.tosunlux.eu\/sq\/wp-json\/wp\/v2\/product\/979\/revisions"}],"wp:attachment":[{"href":"https:\/\/www.tosunlux.eu\/sq\/wp-json\/wp\/v2\/media?parent=979"}],"wp:term":[{"taxonomy":"product_category","embeddable":true,"href":"https:\/\/www.tosunlux.eu\/sq\/wp-json\/wp\/v2\/product_category?post=979"}],"curies":[{"name":"wp","href":"https:\/\/api.w.org\/{rel}","templated":true}]}}