{"id":5042,"date":"2022-09-12T15:19:28","date_gmt":"2022-09-12T07:19:28","guid":{"rendered":"https:\/\/www.tosunlux.eu\/?post_type=product&#038;p=5042"},"modified":"2022-09-12T15:26:52","modified_gmt":"2022-09-12T07:26:52","slug":"modular-energy-meter-2","status":"publish","type":"product","link":"https:\/\/www.tosunlux.eu\/th\/products\/modular-energy-meter-2\/","title":{"rendered":"\u0e40\u0e04\u0e23\u0e37\u0e48\u0e2d\u0e07\u0e27\u0e31\u0e14\u0e1e\u0e25\u0e31\u0e07\u0e07\u0e32\u0e19\u0e41\u0e1a\u0e1a\u0e41\u0e22\u0e01\u0e2a\u0e48\u0e27\u0e19 DM100SC\/DM100TC"},"content":{"rendered":"<p><strong>\u0e41\u0e2d\u0e1b\u0e1e\u0e25\u0e34\u0e40\u0e04\u0e0a\u0e31\u0e19<\/strong><\/p>\n\n\n\n<p>\u0e40\u0e04\u0e23\u0e37\u0e48\u0e2d\u0e07\u0e27\u0e31\u0e14\u0e1e\u0e25\u0e31\u0e07\u0e07\u0e32\u0e19\u0e41\u0e1a\u0e1a\u0e41\u0e22\u0e01\u0e2a\u0e48\u0e27\u0e19 DM100SC DM100TC \u0e44\u0e14\u0e49\u0e23\u0e31\u0e1a\u0e01\u0e32\u0e23\u0e2d\u0e2d\u0e01\u0e41\u0e1a\u0e1a\u0e14\u0e49\u0e27\u0e22\u0e44\u0e21\u0e42\u0e04\u0e23\u0e2d\u0e34\u0e40\u0e25\u0e47\u0e01\u0e17\u0e23\u0e2d\u0e19\u0e34\u0e01\u0e2a\u0e4c\u0e41\u0e25\u0e30\u0e01\u0e32\u0e23\u0e1b\u0e23\u0e30\u0e21\u0e27\u0e25\u0e1c\u0e25\u0e41\u0e1a\u0e1a\u0e14\u0e34\u0e08\u0e34\u0e17\u0e31\u0e25\u0e40\u0e1e\u0e37\u0e48\u0e2d\u0e43\u0e2b\u0e49\u0e21\u0e31\u0e48\u0e19\u0e43\u0e08\u0e44\u0e14\u0e49\u0e27\u0e48\u0e32\u0e01\u0e32\u0e23\u0e27\u0e31\u0e14\u0e08\u0e30\u0e21\u0e35\u0e04\u0e27\u0e32\u0e21\u0e19\u0e48\u0e32\u0e40\u0e0a\u0e37\u0e48\u0e2d\u0e16\u0e37\u0e2d\u0e41\u0e25\u0e30\u0e41\u0e21\u0e48\u0e19\u0e22\u0e33 \u0e1c\u0e25\u0e34\u0e15\u0e20\u0e31\u0e13\u0e11\u0e4c\u0e19\u0e35\u0e49\u0e43\u0e0a\u0e49\u0e40\u0e17\u0e04\u0e42\u0e19\u0e42\u0e25\u0e22\u0e35 SMT \u0e17\u0e35\u0e48\u0e21\u0e35\u0e04\u0e27\u0e32\u0e21\u0e41\u0e21\u0e48\u0e19\u0e22\u0e33\u0e40\u0e1e\u0e37\u0e48\u0e2d\u0e43\u0e2b\u0e49\u0e21\u0e35\u0e04\u0e27\u0e32\u0e21\u0e15\u0e49\u0e32\u0e19\u0e17\u0e32\u0e19\u0e01\u0e32\u0e23\u0e23\u0e1a\u0e01\u0e27\u0e19\u0e17\u0e32\u0e07\u0e41\u0e21\u0e48\u0e40\u0e2b\u0e25\u0e47\u0e01\u0e44\u0e1f\u0e1f\u0e49\u0e32\u0e17\u0e35\u0e48\u0e14\u0e35\u0e41\u0e25\u0e30\u0e1b\u0e23\u0e30\u0e2a\u0e34\u0e17\u0e18\u0e34\u0e20\u0e32\u0e1e\u0e17\u0e35\u0e48\u0e40\u0e2a\u0e16\u0e35\u0e22\u0e23 \u0e1c\u0e25\u0e34\u0e15\u0e20\u0e31\u0e13\u0e11\u0e4c\u0e19\u0e35\u0e49\u0e27\u0e31\u0e14\u0e1e\u0e25\u0e31\u0e07\u0e07\u0e32\u0e19\u0e41\u0e2d\u0e04\u0e17\u0e35\u0e1f\u0e1a\u0e27\u0e01\u0e43\u0e19\u0e01\u0e32\u0e23\u0e27\u0e31\u0e14\u0e1e\u0e25\u0e31\u0e07\u0e07\u0e32\u0e19\u0e44\u0e1f\u0e1f\u0e49\u0e32\u0e41\u0e25\u0e30\u0e41\u0e2a\u0e14\u0e07\u0e2d\u0e22\u0e48\u0e32\u0e07\u0e0a\u0e31\u0e14\u0e40\u0e08\u0e19\u0e14\u0e49\u0e27\u0e22\u0e2b\u0e19\u0e49\u0e32\u0e08\u0e2d LCD \u0e41\u0e1a\u0e47\u0e04\u0e44\u0e25\u0e17\u0e4c \u0e1c\u0e25\u0e34\u0e15\u0e20\u0e31\u0e13\u0e11\u0e4c\u0e19\u0e35\u0e49\u0e40\u0e1b\u0e47\u0e19\u0e44\u0e1b\u0e15\u0e32\u0e21\u0e21\u0e32\u0e15\u0e23\u0e10\u0e32\u0e19 IEC62053-21<\/p>\n\n\n\n<p><strong>\u0e02\u0e49\u0e2d\u0e21\u0e39\u0e25\u0e08\u0e33\u0e40\u0e1e\u0e32\u0e30<\/strong><\/p>\n\n\n<table width=\"973\">\n<tbody>\n<tr>\n<td style=\"text-align: center;\" colspan=\"2\" width=\"413\">\u0e41\u0e1a\u0e1a\u0e2d\u0e22\u0e48\u0e32\u0e07<\/td>\n<td style=\"text-align: center;\" width=\"258\">\u00a0DM100SC\u00a0<\/td>\n<td style=\"text-align: center;\" width=\"301\">DM100TC<\/td>\n<\/tr>\n<tr>\n<td rowspan=\"3\" width=\"171\">\u0e41\u0e23\u0e07\u0e14\u0e31\u0e19\u0e44\u0e1f\u0e1f\u0e49\u0e32<\/td>\n<td width=\"242\">\u0e40\u0e23\u0e17\u0e15\u0e34\u0e49\u0e07<\/td>\n<td width=\"258\">110\/120\/220\/230\/240 \u0e42\u0e27\u0e25\u0e15\u0e4c 50\/60 \u0e40\u0e2e\u0e34\u0e23\u0e15\u0e0b\u0e4c<\/td>\n<td width=\"301\">3\u00d757.7\/100V, 3\u00d7220\/380V 3\u00d7230V\/400V, 3\u00d7240\/415V<\/td>\n<\/tr>\n<tr>\n<td width=\"242\">\u0e1e\u0e34\u0e2a\u0e31\u0e22<\/td>\n<td colspan=\"2\" width=\"559\">0.9\u0e2d\u0e31\u0e19~1.1\u0e2d\u0e31\u0e19<\/td>\n<\/tr>\n<tr>\n<td width=\"242\">\u0e08\u0e33\u0e01\u0e31\u0e14<\/td>\n<td colspan=\"2\" width=\"559\">0.8Un~1.2Un<\/td>\n<\/tr>\n<tr>\n<td width=\"171\">\u0e1b\u0e31\u0e08\u0e08\u0e38\u0e1a\u0e31\u0e19<\/td>\n<td width=\"242\">\u0e1e\u0e34\u0e2a\u0e31\u0e22<\/td>\n<td width=\"258\">1.5(6), 5(30),10(50), 15(90),20(100),5(40), 5(100)\u0e01<\/td>\n<td width=\"301\">3\u00d71.5(6), 3\u00d75(30), 3\u00d710(50), 3\u00d715(90), 3\u00d720(100), 3\u00d75(40), 3\u00d75(100)\u0e01<\/td>\n<\/tr>\n<tr>\n<td width=\"171\">\u0e04\u0e48\u0e32\u0e04\u0e07\u0e17\u0e35\u0e48\u0e41\u0e2d\u0e47\u0e04\u0e17\u0e35\u0e1f<\/td>\n<td width=\"242\">\u0e04\u0e25\u0e48\u0e2d\u0e07\u0e41\u0e04\u0e25\u0e48\u0e27<\/td>\n<td width=\"258\">800 \u0e2d\u0e34\u0e21\u0e1b\u0e4c\/kWh 1600 \u0e2d\u0e34\u0e21\u0e1b\u0e4c\/kWh<\/td>\n<td width=\"301\">400 \u0e2d\u0e34\u0e21\u0e1e\u0e35\u0e41\u0e14\u0e19\u0e0b\u0e4c\/kWh, 800 \u0e2d\u0e34\u0e21\u0e1e\u0e35\u0e41\u0e14\u0e19\u0e0b\u0e4c\/kWh, 1600 \u0e2d\u0e34\u0e21\u0e1e\u0e35\u0e41\u0e14\u0e19\u0e0b\u0e4c\/kWh<\/td>\n<\/tr>\n<tr>\n<td width=\"171\">\u0e41\u0e2a\u0e14\u0e07<\/td>\n<td width=\"242\">\u0e1e\u0e34\u0e21\u0e1e\u0e4c<\/td>\n<td colspan=\"2\" width=\"559\">\u0e25\u0e07\u0e17\u0e30\u0e40\u0e1a\u0e35\u0e22\u0e19 6+1\/LCD6+1<\/td>\n<\/tr>\n<tr>\n<td rowspan=\"2\" width=\"171\">\u0e01\u0e32\u0e23\u0e43\u0e0a\u0e49\u0e1e\u0e25\u0e31\u0e07\u0e07\u0e32\u0e19<\/td>\n<td width=\"242\">\u0e27\u0e07\u0e08\u0e23\u0e41\u0e23\u0e07\u0e14\u0e31\u0e19\u0e44\u0e1f\u0e1f\u0e49\u0e32<\/td>\n<td colspan=\"2\" width=\"559\">\u22640.8\u0e27\u0e31\u0e15\u0e15\u0e4c10VA<\/td>\n<\/tr>\n<tr>\n<td width=\"242\">\u0e27\u0e07\u0e08\u0e23\u0e01\u0e23\u0e30\u0e41\u0e2a\u0e44\u0e1f\u0e1f\u0e49\u0e32<\/td>\n<td colspan=\"2\" width=\"559\">\u22644VA<\/td>\n<\/tr>\n<tr>\n<td rowspan=\"2\" width=\"171\">\u0e01\u0e32\u0e23\u0e2a\u0e37\u0e48\u0e2d\u0e2a\u0e32\u0e23 &quot;<\/td>\n<td width=\"242\">\u0e2d\u0e34\u0e19\u0e40\u0e17\u0e2d\u0e23\u0e4c\u0e40\u0e1f\u0e0b<\/td>\n<td colspan=\"2\" width=\"559\">\u0e2d\u0e2d\u0e1b\u0e15\u0e34\u0e04\u0e2d\u0e25 \/ \u0e2d\u0e34\u0e19\u0e1f\u0e23\u0e32\u0e40\u0e23\u0e14 \/ RS8485 (\u0e15\u0e31\u0e27\u0e40\u0e25\u0e37\u0e2d\u0e01)<\/td>\n<\/tr>\n<tr>\n<td width=\"242\">\u0e42\u0e1b\u0e23\u0e42\u0e15\u0e04\u0e2d\u0e25<\/td>\n<td colspan=\"2\" width=\"559\">\u0e21\u0e2d\u0e14\u0e1a\u0e31\u0e2a, DLT\/645, IEC1107<\/td>\n<\/tr>\n<tr>\n<td rowspan=\"2\" width=\"171\">\u0e2d\u0e38\u0e13\u0e2b\u0e20\u0e39\u0e21\u0e34<\/td>\n<td width=\"242\">\u0e2d\u0e38\u0e13\u0e2b\u0e20\u0e39\u0e21\u0e34\u0e43\u0e19\u0e01\u0e32\u0e23\u0e17\u0e33\u0e07\u0e32\u0e19<\/td>\n<td colspan=\"2\" width=\"559\">-45\u00b0C~+55\u00b0C<\/td>\n<\/tr>\n<tr>\n<td width=\"242\">\u0e2d\u0e38\u0e13\u0e2b\u0e20\u0e39\u0e21\u0e34\u0e43\u0e19\u0e01\u0e32\u0e23\u0e40\u0e01\u0e47\u0e1a\u0e23\u0e31\u0e01\u0e29\u0e32<\/td>\n<td colspan=\"2\" width=\"559\">-40\u00b0C~+70\u00b0C<\/td>\n<\/tr>\n<\/tbody>\n<\/table>\n\n\n<p><strong>\u0e02\u0e19\u0e32\u0e14<\/strong><\/p>\n\n\n\n<figure class=\"wp-block-image size-large\"><img fetchpriority=\"high\" decoding=\"async\" width=\"1024\" height=\"874\" src=\"https:\/\/www.tosunlux.eu\/wp-content\/uploads\/2022\/09\/\u5c3a\u5bf8-2-1024x874.jpg\" alt=\"\" class=\"wp-image-5043\" srcset=\"https:\/\/www.tosunlux.eu\/wp-content\/uploads\/2022\/09\/\u5c3a\u5bf8-2-1024x874.jpg 1024w, https:\/\/www.tosunlux.eu\/wp-content\/uploads\/2022\/09\/\u5c3a\u5bf8-2-300x256.jpg 300w, https:\/\/www.tosunlux.eu\/wp-content\/uploads\/2022\/09\/\u5c3a\u5bf8-2-768x656.jpg 768w, https:\/\/www.tosunlux.eu\/wp-content\/uploads\/2022\/09\/\u5c3a\u5bf8-2.jpg 1026w\" sizes=\"(max-width: 1024px) 100vw, 1024px\" \/><\/figure>","protected":false},"parent":0,"template":"","product_category":[75,125],"class_list":["post-5042","product","type-product","status-publish","hentry","product_category-instruments","product_category-energy-meter"],"yoast_head":"<!-- This site is optimized with the Yoast SEO plugin v27.5 - https:\/\/yoast.com\/product\/yoast-seo-wordpress\/ -->\n<title>WholesaleDM100SC\/DM100TC Modular Energy Meter - TOSUNlux Official Site - Electrical Circuit Breaker Manufacturer in China Low Voltage Electrical Supplier | TOSUNlux<\/title>\n<meta name=\"description\" content=\"DM100SC\/DM100TC Modular Energy Meter Supplier - Wholesale direct from TOSUNlux, a trusted manufacturer since 1994. Get your B2B factory quote on our certified Low Voltage electrical products.\" \/>\n<meta name=\"robots\" content=\"index, follow, max-snippet:-1, max-image-preview:large, max-video-preview:-1\" \/>\n<link rel=\"canonical\" href=\"https:\/\/www.tosunlux.eu\/th\/products\/modular-energy-meter-2\/\" \/>\n<meta property=\"og:locale\" content=\"th_TH\" \/>\n<meta property=\"og:type\" content=\"article\" \/>\n<meta property=\"og:title\" content=\"WholesaleDM100SC\/DM100TC Modular Energy Meter - TOSUNlux Official Site - Electrical Circuit Breaker Manufacturer in China Low Voltage Electrical Supplier | TOSUNlux\" \/>\n<meta property=\"og:description\" content=\"DM100SC\/DM100TC Modular Energy Meter Supplier - Wholesale direct from TOSUNlux, a trusted manufacturer since 1994. Get your B2B factory quote on our certified Low Voltage electrical products.\" \/>\n<meta property=\"og:url\" content=\"https:\/\/www.tosunlux.eu\/th\/products\/modular-energy-meter-2\/\" \/>\n<meta property=\"og:site_name\" content=\"TOSUNlux Official Site - Electrical Circuit Breaker Manufacturer in China\" \/>\n<meta property=\"article:publisher\" content=\"https:\/\/www.facebook.com\/TOSUNelectric\/\" \/>\n<meta property=\"article:modified_time\" content=\"2022-09-12T07:26:52+00:00\" \/>\n<meta property=\"og:image\" content=\"https:\/\/www.tosunlux.eu\/wp-content\/uploads\/2023\/04\/DSC08160_\u526f\u672c.jpg\" \/>\n\t<meta property=\"og:image:width\" content=\"1500\" \/>\n\t<meta property=\"og:image:height\" content=\"940\" \/>\n\t<meta property=\"og:image:type\" content=\"image\/jpeg\" \/>\n<meta name=\"twitter:card\" content=\"summary_large_image\" \/>\n<meta name=\"twitter:label1\" content=\"Est. reading time\" \/>\n\t<meta name=\"twitter:data1\" content=\"1 \u0e19\u0e32\u0e17\u0e35\" \/>\n<script type=\"application\/ld+json\" class=\"yoast-schema-graph\">{\"@context\":\"https:\\\/\\\/schema.org\",\"@graph\":[{\"@type\":\"WebPage\",\"@id\":\"https:\\\/\\\/www.tosunlux.eu\\\/ar\\\/products\\\/modular-energy-meter-2\\\/\",\"url\":\"https:\\\/\\\/www.tosunlux.eu\\\/ar\\\/products\\\/modular-energy-meter-2\\\/\",\"name\":\"WholesaleDM100SC\\\/DM100TC Modular Energy Meter - TOSUNlux Official Site - Electrical Circuit Breaker Manufacturer in China Low Voltage Electrical Supplier | TOSUNlux\",\"isPartOf\":{\"@id\":\"https:\\\/\\\/www.tosunlux.eu\\\/ru\\\/#website\"},\"datePublished\":\"2022-09-12T07:19:28+00:00\",\"dateModified\":\"2022-09-12T07:26:52+00:00\",\"description\":\"DM100SC\\\/DM100TC Modular Energy Meter Supplier - Wholesale direct from TOSUNlux, a trusted manufacturer since 1994. Get your B2B factory quote on our certified Low Voltage electrical products.\",\"breadcrumb\":{\"@id\":\"https:\\\/\\\/www.tosunlux.eu\\\/ar\\\/products\\\/modular-energy-meter-2\\\/#breadcrumb\"},\"inLanguage\":\"th\",\"potentialAction\":[{\"@type\":\"ReadAction\",\"target\":[\"https:\\\/\\\/www.tosunlux.eu\\\/ar\\\/products\\\/modular-energy-meter-2\\\/\"]}]},{\"@type\":\"BreadcrumbList\",\"@id\":\"https:\\\/\\\/www.tosunlux.eu\\\/ar\\\/products\\\/modular-energy-meter-2\\\/#breadcrumb\",\"itemListElement\":[{\"@type\":\"ListItem\",\"position\":1,\"name\":\"Home\",\"item\":\"https:\\\/\\\/www.tosunlux.eu\\\/ru\\\/\"},{\"@type\":\"ListItem\",\"position\":2,\"name\":\"Products\",\"item\":\"https:\\\/\\\/www.tosunlux.eu\\\/products\\\/\"},{\"@type\":\"ListItem\",\"position\":3,\"name\":\"DM100SC\\\/DM100TC Modular Energy Meter\"}]},{\"@type\":\"WebSite\",\"@id\":\"https:\\\/\\\/www.tosunlux.eu\\\/ru\\\/#website\",\"url\":\"https:\\\/\\\/www.tosunlux.eu\\\/ru\\\/\",\"name\":\"TOSUNlux Official Site - Electrical Circuit Breaker Manufacturer in China\",\"description\":\"Power Distribution System Supplier\",\"publisher\":{\"@id\":\"https:\\\/\\\/www.tosunlux.eu\\\/ru\\\/#organization\"},\"alternateName\":\"TOSUNlux\",\"potentialAction\":[{\"@type\":\"SearchAction\",\"target\":{\"@type\":\"EntryPoint\",\"urlTemplate\":\"https:\\\/\\\/www.tosunlux.eu\\\/ru\\\/?s={search_term_string}\"},\"query-input\":{\"@type\":\"PropertyValueSpecification\",\"valueRequired\":true,\"valueName\":\"search_term_string\"}}],\"inLanguage\":\"th\"},{\"@type\":\"Organization\",\"@id\":\"https:\\\/\\\/www.tosunlux.eu\\\/ru\\\/#organization\",\"name\":\"TOSUNlux\",\"url\":\"https:\\\/\\\/www.tosunlux.eu\\\/ru\\\/\",\"logo\":{\"@type\":\"ImageObject\",\"inLanguage\":\"th\",\"@id\":\"https:\\\/\\\/www.tosunlux.eu\\\/ru\\\/#\\\/schema\\\/logo\\\/image\\\/\",\"url\":\"https:\\\/\\\/www.tosunlux.eu\\\/wp-content\\\/uploads\\\/2022\\\/01\\\/LOGOSYSM.71762f1.png\",\"contentUrl\":\"https:\\\/\\\/www.tosunlux.eu\\\/wp-content\\\/uploads\\\/2022\\\/01\\\/LOGOSYSM.71762f1.png\",\"width\":153,\"height\":55,\"caption\":\"TOSUNlux\"},\"image\":{\"@id\":\"https:\\\/\\\/www.tosunlux.eu\\\/ru\\\/#\\\/schema\\\/logo\\\/image\\\/\"},\"sameAs\":[\"https:\\\/\\\/www.facebook.com\\\/TOSUNelectric\\\/\",\"https:\\\/\\\/www.linkedin.com\\\/company\\\/wenzhou-tosun-electric-co.-ltd\\\/\"]}]}<\/script>\n<!-- \/ Yoast SEO plugin. -->","yoast_head_json":{"title":"\u0e21\u0e34\u0e40\u0e15\u0e2d\u0e23\u0e4c\u0e27\u0e31\u0e14\u0e1e\u0e25\u0e31\u0e07\u0e07\u0e32\u0e19\u0e41\u0e1a\u0e1a\u0e42\u0e21\u0e14\u0e39\u0e25\u0e32\u0e23\u0e4c DM100SC\/DM100TC \u0e02\u0e32\u0e22\u0e2a\u0e48\u0e07 - \u0e40\u0e27\u0e47\u0e1a\u0e44\u0e0b\u0e15\u0e4c\u0e2d\u0e22\u0e48\u0e32\u0e07\u0e40\u0e1b\u0e47\u0e19\u0e17\u0e32\u0e07\u0e01\u0e32\u0e23\u0e02\u0e2d\u0e07 TOSUNlux - \u0e1c\u0e39\u0e49\u0e1c\u0e25\u0e34\u0e15\u0e40\u0e1a\u0e23\u0e01\u0e40\u0e01\u0e2d\u0e23\u0e4c\u0e44\u0e1f\u0e1f\u0e49\u0e32\u0e43\u0e19\u0e08\u0e35\u0e19 \u0e1c\u0e39\u0e49\u0e08\u0e33\u0e2b\u0e19\u0e48\u0e32\u0e22\u0e44\u0e1f\u0e1f\u0e49\u0e32\u0e41\u0e23\u0e07\u0e14\u0e31\u0e19\u0e15\u0e48\u0e33 | TOSUNlux","description":"\u0e0b\u0e31\u0e1e\u0e1e\u0e25\u0e32\u0e22\u0e40\u0e2d\u0e2d\u0e23\u0e4c\u0e21\u0e34\u0e40\u0e15\u0e2d\u0e23\u0e4c\u0e1e\u0e25\u0e31\u0e07\u0e07\u0e32\u0e19\u0e41\u0e1a\u0e1a\u0e41\u0e22\u0e01\u0e2a\u0e48\u0e27\u0e19 DM100SC\/DM100TC - \u0e02\u0e32\u0e22\u0e2a\u0e48\u0e07\u0e42\u0e14\u0e22\u0e15\u0e23\u0e07\u0e08\u0e32\u0e01 TOSUNlux \u0e1c\u0e39\u0e49\u0e1c\u0e25\u0e34\u0e15\u0e17\u0e35\u0e48\u0e40\u0e0a\u0e37\u0e48\u0e2d\u0e16\u0e37\u0e2d\u0e44\u0e14\u0e49\u0e15\u0e31\u0e49\u0e07\u0e41\u0e15\u0e48\u0e1b\u0e35 1994 \u0e23\u0e31\u0e1a\u0e43\u0e1a\u0e40\u0e2a\u0e19\u0e2d\u0e23\u0e32\u0e04\u0e32\u0e08\u0e32\u0e01\u0e42\u0e23\u0e07\u0e07\u0e32\u0e19 B2B \u0e2a\u0e33\u0e2b\u0e23\u0e31\u0e1a\u0e1c\u0e25\u0e34\u0e15\u0e20\u0e31\u0e13\u0e11\u0e4c\u0e44\u0e1f\u0e1f\u0e49\u0e32\u0e41\u0e23\u0e07\u0e14\u0e31\u0e19\u0e15\u0e48\u0e33\u0e17\u0e35\u0e48\u0e1c\u0e48\u0e32\u0e19\u0e01\u0e32\u0e23\u0e23\u0e31\u0e1a\u0e23\u0e2d\u0e07\u0e02\u0e2d\u0e07\u0e40\u0e23\u0e32","robots":{"index":"index","follow":"follow","max-snippet":"max-snippet:-1","max-image-preview":"max-image-preview:large","max-video-preview":"max-video-preview:-1"},"canonical":"https:\/\/www.tosunlux.eu\/th\/products\/modular-energy-meter-2\/","og_locale":"th_TH","og_type":"article","og_title":"WholesaleDM100SC\/DM100TC Modular Energy Meter - TOSUNlux Official Site - Electrical Circuit Breaker Manufacturer in China Low Voltage Electrical Supplier | TOSUNlux","og_description":"DM100SC\/DM100TC Modular Energy Meter Supplier - Wholesale direct from TOSUNlux, a trusted manufacturer since 1994. Get your B2B factory quote on our certified Low Voltage electrical products.","og_url":"https:\/\/www.tosunlux.eu\/th\/products\/modular-energy-meter-2\/","og_site_name":"TOSUNlux Official Site - Electrical Circuit Breaker Manufacturer in China","article_publisher":"https:\/\/www.facebook.com\/TOSUNelectric\/","article_modified_time":"2022-09-12T07:26:52+00:00","og_image":[{"width":1500,"height":940,"url":"https:\/\/www.tosunlux.eu\/wp-content\/uploads\/2023\/04\/DSC08160_\u526f\u672c.jpg","type":"image\/jpeg"}],"twitter_card":"summary_large_image","twitter_misc":{"Est. reading time":"1 \u0e19\u0e32\u0e17\u0e35"},"schema":{"@context":"https:\/\/schema.org","@graph":[{"@type":"WebPage","@id":"https:\/\/www.tosunlux.eu\/ar\/products\/modular-energy-meter-2\/","url":"https:\/\/www.tosunlux.eu\/ar\/products\/modular-energy-meter-2\/","name":"\u0e21\u0e34\u0e40\u0e15\u0e2d\u0e23\u0e4c\u0e27\u0e31\u0e14\u0e1e\u0e25\u0e31\u0e07\u0e07\u0e32\u0e19\u0e41\u0e1a\u0e1a\u0e42\u0e21\u0e14\u0e39\u0e25\u0e32\u0e23\u0e4c DM100SC\/DM100TC \u0e02\u0e32\u0e22\u0e2a\u0e48\u0e07 - \u0e40\u0e27\u0e47\u0e1a\u0e44\u0e0b\u0e15\u0e4c\u0e2d\u0e22\u0e48\u0e32\u0e07\u0e40\u0e1b\u0e47\u0e19\u0e17\u0e32\u0e07\u0e01\u0e32\u0e23\u0e02\u0e2d\u0e07 TOSUNlux - \u0e1c\u0e39\u0e49\u0e1c\u0e25\u0e34\u0e15\u0e40\u0e1a\u0e23\u0e01\u0e40\u0e01\u0e2d\u0e23\u0e4c\u0e44\u0e1f\u0e1f\u0e49\u0e32\u0e43\u0e19\u0e08\u0e35\u0e19 \u0e1c\u0e39\u0e49\u0e08\u0e33\u0e2b\u0e19\u0e48\u0e32\u0e22\u0e44\u0e1f\u0e1f\u0e49\u0e32\u0e41\u0e23\u0e07\u0e14\u0e31\u0e19\u0e15\u0e48\u0e33 | TOSUNlux","isPartOf":{"@id":"https:\/\/www.tosunlux.eu\/ru\/#website"},"datePublished":"2022-09-12T07:19:28+00:00","dateModified":"2022-09-12T07:26:52+00:00","description":"\u0e0b\u0e31\u0e1e\u0e1e\u0e25\u0e32\u0e22\u0e40\u0e2d\u0e2d\u0e23\u0e4c\u0e21\u0e34\u0e40\u0e15\u0e2d\u0e23\u0e4c\u0e1e\u0e25\u0e31\u0e07\u0e07\u0e32\u0e19\u0e41\u0e1a\u0e1a\u0e41\u0e22\u0e01\u0e2a\u0e48\u0e27\u0e19 DM100SC\/DM100TC - \u0e02\u0e32\u0e22\u0e2a\u0e48\u0e07\u0e42\u0e14\u0e22\u0e15\u0e23\u0e07\u0e08\u0e32\u0e01 TOSUNlux \u0e1c\u0e39\u0e49\u0e1c\u0e25\u0e34\u0e15\u0e17\u0e35\u0e48\u0e40\u0e0a\u0e37\u0e48\u0e2d\u0e16\u0e37\u0e2d\u0e44\u0e14\u0e49\u0e15\u0e31\u0e49\u0e07\u0e41\u0e15\u0e48\u0e1b\u0e35 1994 \u0e23\u0e31\u0e1a\u0e43\u0e1a\u0e40\u0e2a\u0e19\u0e2d\u0e23\u0e32\u0e04\u0e32\u0e08\u0e32\u0e01\u0e42\u0e23\u0e07\u0e07\u0e32\u0e19 B2B \u0e2a\u0e33\u0e2b\u0e23\u0e31\u0e1a\u0e1c\u0e25\u0e34\u0e15\u0e20\u0e31\u0e13\u0e11\u0e4c\u0e44\u0e1f\u0e1f\u0e49\u0e32\u0e41\u0e23\u0e07\u0e14\u0e31\u0e19\u0e15\u0e48\u0e33\u0e17\u0e35\u0e48\u0e1c\u0e48\u0e32\u0e19\u0e01\u0e32\u0e23\u0e23\u0e31\u0e1a\u0e23\u0e2d\u0e07\u0e02\u0e2d\u0e07\u0e40\u0e23\u0e32","breadcrumb":{"@id":"https:\/\/www.tosunlux.eu\/ar\/products\/modular-energy-meter-2\/#breadcrumb"},"inLanguage":"th","potentialAction":[{"@type":"ReadAction","target":["https:\/\/www.tosunlux.eu\/ar\/products\/modular-energy-meter-2\/"]}]},{"@type":"BreadcrumbList","@id":"https:\/\/www.tosunlux.eu\/ar\/products\/modular-energy-meter-2\/#breadcrumb","itemListElement":[{"@type":"ListItem","position":1,"name":"Home","item":"https:\/\/www.tosunlux.eu\/ru\/"},{"@type":"ListItem","position":2,"name":"Products","item":"https:\/\/www.tosunlux.eu\/products\/"},{"@type":"ListItem","position":3,"name":"DM100SC\/DM100TC Modular Energy Meter"}]},{"@type":"WebSite","@id":"https:\/\/www.tosunlux.eu\/ru\/#website","url":"https:\/\/www.tosunlux.eu\/ru\/","name":"\u0e40\u0e27\u0e47\u0e1a\u0e44\u0e0b\u0e15\u0e4c\u0e2d\u0e22\u0e48\u0e32\u0e07\u0e40\u0e1b\u0e47\u0e19\u0e17\u0e32\u0e07\u0e01\u0e32\u0e23\u0e02\u0e2d\u0e07 TOSUNlux - \u0e1c\u0e39\u0e49\u0e1c\u0e25\u0e34\u0e15\u0e40\u0e1a\u0e23\u0e01\u0e40\u0e01\u0e2d\u0e23\u0e4c\u0e27\u0e07\u0e08\u0e23\u0e44\u0e1f\u0e1f\u0e49\u0e32\u0e43\u0e19\u0e1b\u0e23\u0e30\u0e40\u0e17\u0e28\u0e08\u0e35\u0e19","description":"\u0e1c\u0e39\u0e49\u0e08\u0e33\u0e2b\u0e19\u0e48\u0e32\u0e22\u0e23\u0e30\u0e1a\u0e1a\u0e08\u0e33\u0e2b\u0e19\u0e48\u0e32\u0e22\u0e44\u0e1f\u0e1f\u0e49\u0e32","publisher":{"@id":"https:\/\/www.tosunlux.eu\/ru\/#organization"},"alternateName":"TOSUNlux","potentialAction":[{"@type":"SearchAction","target":{"@type":"EntryPoint","urlTemplate":"https:\/\/www.tosunlux.eu\/ru\/?s={search_term_string}"},"query-input":{"@type":"PropertyValueSpecification","valueRequired":true,"valueName":"search_term_string"}}],"inLanguage":"th"},{"@type":"Organization","@id":"https:\/\/www.tosunlux.eu\/ru\/#organization","name":"\u0e42\u0e15\u0e0b\u0e31\u0e19\u0e25\u0e31\u0e01\u0e0b\u0e4c","url":"https:\/\/www.tosunlux.eu\/ru\/","logo":{"@type":"ImageObject","inLanguage":"th","@id":"https:\/\/www.tosunlux.eu\/ru\/#\/schema\/logo\/image\/","url":"https:\/\/www.tosunlux.eu\/wp-content\/uploads\/2022\/01\/LOGOSYSM.71762f1.png","contentUrl":"https:\/\/www.tosunlux.eu\/wp-content\/uploads\/2022\/01\/LOGOSYSM.71762f1.png","width":153,"height":55,"caption":"TOSUNlux"},"image":{"@id":"https:\/\/www.tosunlux.eu\/ru\/#\/schema\/logo\/image\/"},"sameAs":["https:\/\/www.facebook.com\/TOSUNelectric\/","https:\/\/www.linkedin.com\/company\/wenzhou-tosun-electric-co.-ltd\/"]}]}},"_links":{"self":[{"href":"https:\/\/www.tosunlux.eu\/th\/wp-json\/wp\/v2\/product\/5042","targetHints":{"allow":["GET"]}}],"collection":[{"href":"https:\/\/www.tosunlux.eu\/th\/wp-json\/wp\/v2\/product"}],"about":[{"href":"https:\/\/www.tosunlux.eu\/th\/wp-json\/wp\/v2\/types\/product"}],"version-history":[{"count":0,"href":"https:\/\/www.tosunlux.eu\/th\/wp-json\/wp\/v2\/product\/5042\/revisions"}],"wp:attachment":[{"href":"https:\/\/www.tosunlux.eu\/th\/wp-json\/wp\/v2\/media?parent=5042"}],"wp:term":[{"taxonomy":"product_category","embeddable":true,"href":"https:\/\/www.tosunlux.eu\/th\/wp-json\/wp\/v2\/product_category?post=5042"}],"curies":[{"name":"wp","href":"https:\/\/api.w.org\/{rel}","templated":true}]}}