{"id":10158,"date":"2024-05-23T17:09:45","date_gmt":"2024-05-23T09:09:45","guid":{"rendered":"https:\/\/www.tosunlux.eu\/?post_type=product&#038;p=10158"},"modified":"2025-02-13T13:33:56","modified_gmt":"2025-02-13T05:33:56","slug":"hr16-fuse-switch-disconnector","status":"publish","type":"product","link":"https:\/\/www.tosunlux.eu\/tr\/products\/hr16-fuse-switch-disconnector\/","title":{"rendered":"HR16 Sigorta Anahtar\u0131 Ay\u0131r\u0131c\u0131"},"content":{"rendered":"<div class=\"wp-block-image\">\n<figure class=\"alignleft size-full is-resized\"><img decoding=\"async\" src=\"https:\/\/www.tosunlux.eu\/wp-content\/uploads\/2025\/02\/\u8ba4\u8bc1.jpg\" alt=\"\" class=\"wp-image-12554\" width=\"149\" height=\"148\" srcset=\"https:\/\/www.tosunlux.eu\/wp-content\/uploads\/2025\/02\/\u8ba4\u8bc1.jpg 297w, https:\/\/www.tosunlux.eu\/wp-content\/uploads\/2025\/02\/\u8ba4\u8bc1-150x150.jpg 150w, https:\/\/www.tosunlux.eu\/wp-content\/uploads\/2025\/02\/\u8ba4\u8bc1-12x12.jpg 12w\" sizes=\"(max-width: 149px) 100vw, 149px\" \/><\/figure>\n<\/div>\n\n\n<p><strong>Ba\u015fvuru<\/strong><\/p>\n\n\n\n<p>HR16 sigortal\u0131 \u015falter ay\u0131r\u0131c\u0131s\u0131, geleneksel \u0131s\u0131tma ak\u0131m\u0131n\u0131n 630A&#039;ya kadar y\u00fcksek k\u0131sa devre ak\u0131m\u0131, AC 50\/60HZ anma geriliminin 690V&#039;a kadar veya DC anma \u00e7al\u0131\u015fma geriliminin 250\/440V&#039;a kadar da\u011f\u0131t\u0131m devresine ve motor devresine uygulan\u0131r. S\u0131k manuel \u00e7al\u0131\u015ft\u0131rma gerektirmeyen g\u00fc\u00e7 anahtar\u0131, izolasyon anahtar\u0131 ve acil durum anahtar\u0131nda k\u0131sa devre korumas\u0131 i\u00e7in uygundur, ancak motoru a\u00e7mak veya kapatmak i\u00e7in anahtar olarak kullan\u0131lmas\u0131 \u00f6nerilmez. \u00dcr\u00fcn IEC60947-3 ile uyumludur.<\/p>\n\n\n\n<div class=\"wp-block-columns is-layout-flex wp-container-core-columns-is-layout-9d6595d7 wp-block-columns-is-layout-flex\">\n<div class=\"wp-block-column is-layout-flow wp-block-column-is-layout-flow\" style=\"flex-basis:100%\">\n<div class=\"wp-block-group\"><div class=\"wp-block-group__inner-container is-layout-flow wp-block-group-is-layout-flow\">\n<p><strong>\u015eartname<\/strong><\/p>\n<\/div><\/div>\n\n\n\n<figure class=\"wp-block-image size-large is-resized\"><img fetchpriority=\"high\" decoding=\"async\" src=\"https:\/\/www.tosunlux.eu\/wp-content\/uploads\/2024\/05\/1-1024x548.jpg\" alt=\"\" class=\"wp-image-10159\" width=\"898\" height=\"480\" srcset=\"https:\/\/www.tosunlux.eu\/wp-content\/uploads\/2024\/05\/1-1024x548.jpg 1024w, https:\/\/www.tosunlux.eu\/wp-content\/uploads\/2024\/05\/1-300x161.jpg 300w, https:\/\/www.tosunlux.eu\/wp-content\/uploads\/2024\/05\/1-768x411.jpg 768w, https:\/\/www.tosunlux.eu\/wp-content\/uploads\/2024\/05\/1-1536x822.jpg 1536w, https:\/\/www.tosunlux.eu\/wp-content\/uploads\/2024\/05\/1-2048x1096.jpg 2048w, https:\/\/www.tosunlux.eu\/wp-content\/uploads\/2024\/05\/1-18x10.jpg 18w\" sizes=\"(max-width: 898px) 100vw, 898px\" \/><\/figure>\n<\/div>\n<\/div>\n\n\n\n<p><strong>Boyutlar<\/strong><\/p>\n\n\n\n<figure class=\"wp-block-image size-large\"><img decoding=\"async\" width=\"1024\" height=\"248\" src=\"https:\/\/www.tosunlux.eu\/wp-content\/uploads\/2024\/05\/1-1-1024x248.jpg\" alt=\"\" class=\"wp-image-10160\" srcset=\"https:\/\/www.tosunlux.eu\/wp-content\/uploads\/2024\/05\/1-1-1024x248.jpg 1024w, https:\/\/www.tosunlux.eu\/wp-content\/uploads\/2024\/05\/1-1-300x73.jpg 300w, https:\/\/www.tosunlux.eu\/wp-content\/uploads\/2024\/05\/1-1-768x186.jpg 768w, https:\/\/www.tosunlux.eu\/wp-content\/uploads\/2024\/05\/1-1-1536x372.jpg 1536w, https:\/\/www.tosunlux.eu\/wp-content\/uploads\/2024\/05\/1-1-18x4.jpg 18w, https:\/\/www.tosunlux.eu\/wp-content\/uploads\/2024\/05\/1-1.jpg 1864w\" sizes=\"(max-width: 1024px) 100vw, 1024px\" \/><\/figure>","protected":false},"parent":0,"template":"","product_category":[37,204],"class_list":["post-10158","product","type-product","status-publish","hentry","product_category-new-energy-instruments","product_category-fuse-switch-disconnector"],"yoast_head":"<!-- This site is optimized with the Yoast SEO plugin v27.3 - https:\/\/yoast.com\/product\/yoast-seo-wordpress\/ -->\n<title>WholesaleHR16 Fuse Switch Disconnector - TOSUNlux Official Site - Electrical Circuit Breaker Manufacturer in China Low Voltage Electrical Supplier | TOSUNlux<\/title>\n<meta name=\"description\" content=\"HR16 Fuse Switch Disconnector Supplier - Wholesale direct from TOSUNlux, a trusted manufacturer since 1994. Get your B2B factory quote on our certified Low Voltage electrical products.\" \/>\n<meta name=\"robots\" content=\"index, follow, max-snippet:-1, max-image-preview:large, max-video-preview:-1\" \/>\n<link rel=\"canonical\" href=\"https:\/\/www.tosunlux.eu\/tr\/products\/hr16-fuse-switch-disconnector\/\" \/>\n<meta property=\"og:locale\" content=\"tr_TR\" \/>\n<meta property=\"og:type\" content=\"article\" \/>\n<meta property=\"og:title\" content=\"WholesaleHR16 Fuse Switch Disconnector - TOSUNlux Official Site - Electrical Circuit Breaker Manufacturer in China Low Voltage Electrical Supplier | TOSUNlux\" \/>\n<meta property=\"og:description\" content=\"HR16 Fuse Switch Disconnector Supplier - Wholesale direct from TOSUNlux, a trusted manufacturer since 1994. Get your B2B factory quote on our certified Low Voltage electrical products.\" \/>\n<meta property=\"og:url\" content=\"https:\/\/www.tosunlux.eu\/tr\/products\/hr16-fuse-switch-disconnector\/\" \/>\n<meta property=\"og:site_name\" content=\"TOSUNlux Official Site - Electrical Circuit Breaker Manufacturer in China\" \/>\n<meta property=\"article:publisher\" content=\"https:\/\/www.facebook.com\/TOSUNelectric\/\" \/>\n<meta property=\"article:modified_time\" content=\"2025-02-13T05:33:56+00:00\" \/>\n<meta property=\"og:image\" content=\"https:\/\/www.tosunlux.eu\/wp-content\/uploads\/2024\/05\/1-1024x548.jpg\" \/>\n<meta name=\"twitter:card\" content=\"summary_large_image\" \/>\n<meta name=\"twitter:label1\" content=\"Tahmini okuma s\u00fcresi\" \/>\n\t<meta name=\"twitter:data1\" content=\"1 dakika\" \/>\n<script type=\"application\/ld+json\" class=\"yoast-schema-graph\">{\"@context\":\"https:\\\/\\\/schema.org\",\"@graph\":[{\"@type\":\"WebPage\",\"@id\":\"https:\\\/\\\/www.tosunlux.eu\\\/mn\\\/products\\\/hr16-fuse-switch-disconnector\\\/\",\"url\":\"https:\\\/\\\/www.tosunlux.eu\\\/mn\\\/products\\\/hr16-fuse-switch-disconnector\\\/\",\"name\":\"WholesaleHR16 Fuse Switch Disconnector - TOSUNlux Official Site - Electrical Circuit Breaker Manufacturer in China Low Voltage Electrical Supplier | TOSUNlux\",\"isPartOf\":{\"@id\":\"https:\\\/\\\/www.tosunlux.eu\\\/ru\\\/#website\"},\"primaryImageOfPage\":{\"@id\":\"https:\\\/\\\/www.tosunlux.eu\\\/mn\\\/products\\\/hr16-fuse-switch-disconnector\\\/#primaryimage\"},\"image\":{\"@id\":\"https:\\\/\\\/www.tosunlux.eu\\\/mn\\\/products\\\/hr16-fuse-switch-disconnector\\\/#primaryimage\"},\"thumbnailUrl\":\"https:\\\/\\\/www.tosunlux.eu\\\/wp-content\\\/uploads\\\/2024\\\/05\\\/1-1024x548.jpg\",\"datePublished\":\"2024-05-23T09:09:45+00:00\",\"dateModified\":\"2025-02-13T05:33:56+00:00\",\"description\":\"HR16 Fuse Switch Disconnector Supplier - Wholesale direct from TOSUNlux, a trusted manufacturer since 1994. Get your B2B factory quote on our certified Low Voltage electrical products.\",\"breadcrumb\":{\"@id\":\"https:\\\/\\\/www.tosunlux.eu\\\/mn\\\/products\\\/hr16-fuse-switch-disconnector\\\/#breadcrumb\"},\"inLanguage\":\"tr\",\"potentialAction\":[{\"@type\":\"ReadAction\",\"target\":[\"https:\\\/\\\/www.tosunlux.eu\\\/mn\\\/products\\\/hr16-fuse-switch-disconnector\\\/\"]}]},{\"@type\":\"ImageObject\",\"inLanguage\":\"tr\",\"@id\":\"https:\\\/\\\/www.tosunlux.eu\\\/mn\\\/products\\\/hr16-fuse-switch-disconnector\\\/#primaryimage\",\"url\":\"https:\\\/\\\/www.tosunlux.eu\\\/wp-content\\\/uploads\\\/2024\\\/05\\\/1-1024x548.jpg\",\"contentUrl\":\"https:\\\/\\\/www.tosunlux.eu\\\/wp-content\\\/uploads\\\/2024\\\/05\\\/1-1024x548.jpg\"},{\"@type\":\"BreadcrumbList\",\"@id\":\"https:\\\/\\\/www.tosunlux.eu\\\/mn\\\/products\\\/hr16-fuse-switch-disconnector\\\/#breadcrumb\",\"itemListElement\":[{\"@type\":\"ListItem\",\"position\":1,\"name\":\"Home\",\"item\":\"https:\\\/\\\/www.tosunlux.eu\\\/ru\\\/\"},{\"@type\":\"ListItem\",\"position\":2,\"name\":\"Products\",\"item\":\"https:\\\/\\\/www.tosunlux.eu\\\/products\\\/\"},{\"@type\":\"ListItem\",\"position\":3,\"name\":\"HR16 Fuse Switch Disconnector\"}]},{\"@type\":\"WebSite\",\"@id\":\"https:\\\/\\\/www.tosunlux.eu\\\/ru\\\/#website\",\"url\":\"https:\\\/\\\/www.tosunlux.eu\\\/ru\\\/\",\"name\":\"TOSUNlux Official Site - Electrical Circuit Breaker Manufacturer in China\",\"description\":\"Power Distribution System Supplier\",\"publisher\":{\"@id\":\"https:\\\/\\\/www.tosunlux.eu\\\/ru\\\/#organization\"},\"alternateName\":\"TOSUNlux\",\"potentialAction\":[{\"@type\":\"SearchAction\",\"target\":{\"@type\":\"EntryPoint\",\"urlTemplate\":\"https:\\\/\\\/www.tosunlux.eu\\\/ru\\\/?s={search_term_string}\"},\"query-input\":{\"@type\":\"PropertyValueSpecification\",\"valueRequired\":true,\"valueName\":\"search_term_string\"}}],\"inLanguage\":\"tr\"},{\"@type\":\"Organization\",\"@id\":\"https:\\\/\\\/www.tosunlux.eu\\\/ru\\\/#organization\",\"name\":\"TOSUNlux\",\"url\":\"https:\\\/\\\/www.tosunlux.eu\\\/ru\\\/\",\"logo\":{\"@type\":\"ImageObject\",\"inLanguage\":\"tr\",\"@id\":\"https:\\\/\\\/www.tosunlux.eu\\\/ru\\\/#\\\/schema\\\/logo\\\/image\\\/\",\"url\":\"https:\\\/\\\/www.tosunlux.eu\\\/wp-content\\\/uploads\\\/2022\\\/01\\\/LOGOSYSM.71762f1.png\",\"contentUrl\":\"https:\\\/\\\/www.tosunlux.eu\\\/wp-content\\\/uploads\\\/2022\\\/01\\\/LOGOSYSM.71762f1.png\",\"width\":153,\"height\":55,\"caption\":\"TOSUNlux\"},\"image\":{\"@id\":\"https:\\\/\\\/www.tosunlux.eu\\\/ru\\\/#\\\/schema\\\/logo\\\/image\\\/\"},\"sameAs\":[\"https:\\\/\\\/www.facebook.com\\\/TOSUNelectric\\\/\",\"https:\\\/\\\/www.linkedin.com\\\/company\\\/wenzhou-tosun-electric-co.-ltd\\\/\"]}]}<\/script>\n<!-- \/ Yoast SEO plugin. -->","yoast_head_json":{"title":"Toptan HR16 Sigorta Anahtar\u0131 Ay\u0131r\u0131c\u0131 - TOSUNlux Resmi Sitesi - \u00c7in&#039;de Elektrik Devre Kesici \u00dcreticisi, D\u00fc\u015f\u00fck Voltajl\u0131 Elektrik Tedarik\u00e7isi | TOSUNlux","description":"HR16 Sigorta Anahtar\u0131 Ay\u0131r\u0131c\u0131 Tedarik\u00e7isi - 1994&#039;ten beri g\u00fcvenilir bir \u00fcretici olan TOSUNlux&#039;tan do\u011frudan toptan sat\u0131\u015f. Sertifikal\u0131 D\u00fc\u015f\u00fck Gerilim elektrik \u00fcr\u00fcnlerimiz i\u00e7in B2B fabrika fiyat teklifinizi al\u0131n.","robots":{"index":"index","follow":"follow","max-snippet":"max-snippet:-1","max-image-preview":"max-image-preview:large","max-video-preview":"max-video-preview:-1"},"canonical":"https:\/\/www.tosunlux.eu\/tr\/products\/hr16-fuse-switch-disconnector\/","og_locale":"tr_TR","og_type":"article","og_title":"WholesaleHR16 Fuse Switch Disconnector - TOSUNlux Official Site - Electrical Circuit Breaker Manufacturer in China Low Voltage Electrical Supplier | TOSUNlux","og_description":"HR16 Fuse Switch Disconnector Supplier - Wholesale direct from TOSUNlux, a trusted manufacturer since 1994. Get your B2B factory quote on our certified Low Voltage electrical products.","og_url":"https:\/\/www.tosunlux.eu\/tr\/products\/hr16-fuse-switch-disconnector\/","og_site_name":"TOSUNlux Official Site - Electrical Circuit Breaker Manufacturer in China","article_publisher":"https:\/\/www.facebook.com\/TOSUNelectric\/","article_modified_time":"2025-02-13T05:33:56+00:00","og_image":[{"url":"https:\/\/www.tosunlux.eu\/wp-content\/uploads\/2024\/05\/1-1024x548.jpg","type":"","width":"","height":""}],"twitter_card":"summary_large_image","twitter_misc":{"Tahmini okuma s\u00fcresi":"1 dakika"},"schema":{"@context":"https:\/\/schema.org","@graph":[{"@type":"WebPage","@id":"https:\/\/www.tosunlux.eu\/mn\/products\/hr16-fuse-switch-disconnector\/","url":"https:\/\/www.tosunlux.eu\/mn\/products\/hr16-fuse-switch-disconnector\/","name":"Toptan HR16 Sigorta Anahtar\u0131 Ay\u0131r\u0131c\u0131 - TOSUNlux Resmi Sitesi - \u00c7in&#039;de Elektrik Devre Kesici \u00dcreticisi, D\u00fc\u015f\u00fck Voltajl\u0131 Elektrik Tedarik\u00e7isi | TOSUNlux","isPartOf":{"@id":"https:\/\/www.tosunlux.eu\/ru\/#website"},"primaryImageOfPage":{"@id":"https:\/\/www.tosunlux.eu\/mn\/products\/hr16-fuse-switch-disconnector\/#primaryimage"},"image":{"@id":"https:\/\/www.tosunlux.eu\/mn\/products\/hr16-fuse-switch-disconnector\/#primaryimage"},"thumbnailUrl":"https:\/\/www.tosunlux.eu\/wp-content\/uploads\/2024\/05\/1-1024x548.jpg","datePublished":"2024-05-23T09:09:45+00:00","dateModified":"2025-02-13T05:33:56+00:00","description":"HR16 Sigorta Anahtar\u0131 Ay\u0131r\u0131c\u0131 Tedarik\u00e7isi - 1994&#039;ten beri g\u00fcvenilir bir \u00fcretici olan TOSUNlux&#039;tan do\u011frudan toptan sat\u0131\u015f. Sertifikal\u0131 D\u00fc\u015f\u00fck Gerilim elektrik \u00fcr\u00fcnlerimiz i\u00e7in B2B fabrika fiyat teklifinizi al\u0131n.","breadcrumb":{"@id":"https:\/\/www.tosunlux.eu\/mn\/products\/hr16-fuse-switch-disconnector\/#breadcrumb"},"inLanguage":"tr","potentialAction":[{"@type":"ReadAction","target":["https:\/\/www.tosunlux.eu\/mn\/products\/hr16-fuse-switch-disconnector\/"]}]},{"@type":"ImageObject","inLanguage":"tr","@id":"https:\/\/www.tosunlux.eu\/mn\/products\/hr16-fuse-switch-disconnector\/#primaryimage","url":"https:\/\/www.tosunlux.eu\/wp-content\/uploads\/2024\/05\/1-1024x548.jpg","contentUrl":"https:\/\/www.tosunlux.eu\/wp-content\/uploads\/2024\/05\/1-1024x548.jpg"},{"@type":"BreadcrumbList","@id":"https:\/\/www.tosunlux.eu\/mn\/products\/hr16-fuse-switch-disconnector\/#breadcrumb","itemListElement":[{"@type":"ListItem","position":1,"name":"Home","item":"https:\/\/www.tosunlux.eu\/ru\/"},{"@type":"ListItem","position":2,"name":"Products","item":"https:\/\/www.tosunlux.eu\/products\/"},{"@type":"ListItem","position":3,"name":"HR16 Fuse Switch Disconnector"}]},{"@type":"WebSite","@id":"https:\/\/www.tosunlux.eu\/ru\/#website","url":"https:\/\/www.tosunlux.eu\/ru\/","name":"TOSUNlux Resmi Sitesi - \u00c7in&#039;de Elektrik Sigortas\u0131 \u00dcreticisi","description":"G\u00fc\u00e7 Da\u011f\u0131t\u0131m Sistemi Tedarik\u00e7isi","publisher":{"@id":"https:\/\/www.tosunlux.eu\/ru\/#organization"},"alternateName":"TOSUNlux","potentialAction":[{"@type":"SearchAction","target":{"@type":"EntryPoint","urlTemplate":"https:\/\/www.tosunlux.eu\/ru\/?s={search_term_string}"},"query-input":{"@type":"PropertyValueSpecification","valueRequired":true,"valueName":"search_term_string"}}],"inLanguage":"tr"},{"@type":"Organization","@id":"https:\/\/www.tosunlux.eu\/ru\/#organization","name":"TOSUNlux","url":"https:\/\/www.tosunlux.eu\/ru\/","logo":{"@type":"ImageObject","inLanguage":"tr","@id":"https:\/\/www.tosunlux.eu\/ru\/#\/schema\/logo\/image\/","url":"https:\/\/www.tosunlux.eu\/wp-content\/uploads\/2022\/01\/LOGOSYSM.71762f1.png","contentUrl":"https:\/\/www.tosunlux.eu\/wp-content\/uploads\/2022\/01\/LOGOSYSM.71762f1.png","width":153,"height":55,"caption":"TOSUNlux"},"image":{"@id":"https:\/\/www.tosunlux.eu\/ru\/#\/schema\/logo\/image\/"},"sameAs":["https:\/\/www.facebook.com\/TOSUNelectric\/","https:\/\/www.linkedin.com\/company\/wenzhou-tosun-electric-co.-ltd\/"]}]}},"_links":{"self":[{"href":"https:\/\/www.tosunlux.eu\/tr\/wp-json\/wp\/v2\/product\/10158","targetHints":{"allow":["GET"]}}],"collection":[{"href":"https:\/\/www.tosunlux.eu\/tr\/wp-json\/wp\/v2\/product"}],"about":[{"href":"https:\/\/www.tosunlux.eu\/tr\/wp-json\/wp\/v2\/types\/product"}],"version-history":[{"count":3,"href":"https:\/\/www.tosunlux.eu\/tr\/wp-json\/wp\/v2\/product\/10158\/revisions"}],"predecessor-version":[{"id":12555,"href":"https:\/\/www.tosunlux.eu\/tr\/wp-json\/wp\/v2\/product\/10158\/revisions\/12555"}],"wp:attachment":[{"href":"https:\/\/www.tosunlux.eu\/tr\/wp-json\/wp\/v2\/media?parent=10158"}],"wp:term":[{"taxonomy":"product_category","embeddable":true,"href":"https:\/\/www.tosunlux.eu\/tr\/wp-json\/wp\/v2\/product_category?post=10158"}],"curies":[{"name":"wp","href":"https:\/\/api.w.org\/{rel}","templated":true}]}}