{"id":10210,"date":"2024-05-27T16:18:26","date_gmt":"2024-05-27T08:18:26","guid":{"rendered":"https:\/\/www.tosunlux.eu\/?post_type=product&#038;p=10210"},"modified":"2024-11-11T10:24:19","modified_gmt":"2024-11-11T02:24:19","slug":"modular-smart-energy-meter","status":"publish","type":"product","link":"https:\/\/www.tosunlux.eu\/tr\/products\/modular-smart-energy-meter\/","title":{"rendered":"Mod\u00fcler Ak\u0131ll\u0131 Enerji \u00d6l\u00e7er"},"content":{"rendered":"<p><strong>Ba\u015fvuru<\/strong><\/p>\n\n\n\n<p>TDP8-63 mod\u00fcler ak\u0131ll\u0131 enerji sayac\u0131, bir t\u00fcr son ev enerji sayac\u0131 ve koruyucusudur. \u00dcr\u00fcn genellikle enerji t\u00fcketimini \u00f6l\u00e7mek i\u00e7in kiral\u0131k evlere kurulur. Y\u00f6neticiler APP&#039;de enerji t\u00fcketimini izleyebilir ve gerekti\u011finde bu evlerin devresini uzaktan kontrol edebilir. Ayn\u0131 zamanda, \u00fcr\u00fcn bir\u00e7ok koruma i\u015flevine sahiptir. Devrede a\u015f\u0131r\u0131 ak\u0131m, a\u015f\u0131r\u0131 voltaj, d\u00fc\u015f\u00fck voltaj veya art\u0131k ak\u0131m oldu\u011funda elektrikli cihazlar\u0131 korumak i\u00e7in devreyi zaman\u0131nda kesebilir. Kullan\u0131c\u0131lar, kontrol edilecek parametreleri buna g\u00f6re ayarlayabilirler. \u00dcr\u00fcn ayr\u0131ca program zamanlay\u0131c\u0131 veya d\u00f6ng\u00fc zamanlay\u0131c\u0131 olarak da ayarlanabilir.<\/p>\n\n\n\n<p><strong>\u015eartname<\/strong><\/p>\n\n\n\n<figure class=\"wp-block-table\"><table><tbody><tr><td>Anma Gerilimi<\/td><td>220VAC<\/td><\/tr><tr><td>\u00c7al\u0131\u015fma Voltaj Aral\u0131\u011f\u0131<\/td><td>85-300VAC<\/td><\/tr><tr><td>Enerji \u00d6l\u00e7\u00fcm Aral\u0131\u011f\u0131<\/td><td>0-99999,9 kWh<\/td><\/tr><tr><td>A\u015f\u0131r\u0131 Ak\u0131m Kesme De\u011feri<\/td><td>1-63A<\/td><\/tr><tr><td>A\u015f\u0131r\u0131 Gerilim Kesme De\u011feri<\/td><td>110-300V (ayarlanabilir)<\/td><\/tr><tr><td>Alt Gerilim Kesme De\u011feri<\/td><td>85-220V (ayarlanabilir)<\/td><\/tr><tr><td>Toprak Ka\u00e7ak Hassasiyeti<\/td><td>10mA-300mA (Bu fonksiyon kapat\u0131labilir)<\/td><\/tr><tr><td>Toprak Ka\u00e7a\u011f\u0131 Hassasiyet Hatas\u0131<\/td><td>2%<\/td><\/tr><tr><td>\uff1eU ve \uff1cU Gezi S\u00fcresi Gecikmesi<\/td><td>1-30 saniye<\/td><\/tr><tr><td>S\u0131f\u0131rlama\/Ba\u015flatma Zaman Gecikmesi<\/td><td>1s-500s (ayarlanabilir) (Varsay\u0131lan de\u011fer: 5s)<\/td><\/tr><tr><td>Voltaj \u00d6l\u00e7\u00fcm Hatas\u0131<\/td><td>1%<\/td><\/tr><tr><td>Anma Yal\u0131t\u0131m Voltaj\u0131<\/td><td>400VAC<\/td><\/tr><tr><td>Y\u00fckseklik<\/td><td>\u22642000m<\/td><\/tr><tr><td>Ortam S\u0131cakl\u0131\u011f\u0131<\/td><td>-30\u00b0C -70\u00b0C<\/td><\/tr><\/tbody><\/table><\/figure>\n\n\n\n<p><strong>Boyutlar<\/strong><\/p>\n\n\n\n<figure class=\"wp-block-image size-full\"><img fetchpriority=\"high\" decoding=\"async\" width=\"874\" height=\"363\" src=\"https:\/\/www.tosunlux.eu\/wp-content\/uploads\/2024\/05\/1-2.jpg\" alt=\"\" class=\"wp-image-10211\" srcset=\"https:\/\/www.tosunlux.eu\/wp-content\/uploads\/2024\/05\/1-2.jpg 874w, https:\/\/www.tosunlux.eu\/wp-content\/uploads\/2024\/05\/1-2-300x125.jpg 300w, https:\/\/www.tosunlux.eu\/wp-content\/uploads\/2024\/05\/1-2-768x319.jpg 768w, https:\/\/www.tosunlux.eu\/wp-content\/uploads\/2024\/05\/1-2-18x7.jpg 18w\" sizes=\"(max-width: 874px) 100vw, 874px\" \/><\/figure>","protected":false},"parent":0,"template":"","product_category":[75,207],"class_list":["post-10210","product","type-product","status-publish","hentry","product_category-instruments","product_category-modular-smart-energy-meter"],"yoast_head":"<!-- This site is optimized with the Yoast SEO plugin v27.4 - https:\/\/yoast.com\/product\/yoast-seo-wordpress\/ -->\n<title>WholesaleModular Smart Energy Meter - TOSUNlux Official Site - Electrical Circuit Breaker Manufacturer in China Low Voltage Electrical Supplier | TOSUNlux<\/title>\n<meta name=\"description\" content=\"Modular Smart Energy Meter Supplier - Wholesale direct from TOSUNlux, a trusted manufacturer since 1994. Get your B2B factory quote on our certified Low Voltage electrical products.\" \/>\n<meta name=\"robots\" content=\"index, follow, max-snippet:-1, max-image-preview:large, max-video-preview:-1\" \/>\n<link rel=\"canonical\" href=\"https:\/\/www.tosunlux.eu\/tr\/products\/modular-smart-energy-meter\/\" \/>\n<meta property=\"og:locale\" content=\"tr_TR\" \/>\n<meta property=\"og:type\" content=\"article\" \/>\n<meta property=\"og:title\" content=\"WholesaleModular Smart Energy Meter - TOSUNlux Official Site - Electrical Circuit Breaker Manufacturer in China Low Voltage Electrical Supplier | TOSUNlux\" \/>\n<meta property=\"og:description\" content=\"Modular Smart Energy Meter Supplier - Wholesale direct from TOSUNlux, a trusted manufacturer since 1994. Get your B2B factory quote on our certified Low Voltage electrical products.\" \/>\n<meta property=\"og:url\" content=\"https:\/\/www.tosunlux.eu\/tr\/products\/modular-smart-energy-meter\/\" \/>\n<meta property=\"og:site_name\" content=\"TOSUNlux Official Site - Electrical Circuit Breaker Manufacturer in China\" \/>\n<meta property=\"article:publisher\" content=\"https:\/\/www.facebook.com\/TOSUNelectric\/\" \/>\n<meta property=\"article:modified_time\" content=\"2024-11-11T02:24:19+00:00\" \/>\n<meta property=\"og:image\" content=\"https:\/\/www.tosunlux.eu\/wp-content\/uploads\/2024\/05\/1-2.jpg\" \/>\n<meta name=\"twitter:card\" content=\"summary_large_image\" \/>\n<meta name=\"twitter:label1\" content=\"Tahmini okuma s\u00fcresi\" \/>\n\t<meta name=\"twitter:data1\" content=\"2 dakika\" \/>\n<script type=\"application\/ld+json\" class=\"yoast-schema-graph\">{\"@context\":\"https:\\\/\\\/schema.org\",\"@graph\":[{\"@type\":\"WebPage\",\"@id\":\"https:\\\/\\\/www.tosunlux.eu\\\/hi\\\/products\\\/modular-smart-energy-meter\\\/\",\"url\":\"https:\\\/\\\/www.tosunlux.eu\\\/hi\\\/products\\\/modular-smart-energy-meter\\\/\",\"name\":\"WholesaleModular Smart Energy Meter - TOSUNlux Official Site - Electrical Circuit Breaker Manufacturer in China Low Voltage Electrical Supplier | TOSUNlux\",\"isPartOf\":{\"@id\":\"https:\\\/\\\/www.tosunlux.eu\\\/ru\\\/#website\"},\"primaryImageOfPage\":{\"@id\":\"https:\\\/\\\/www.tosunlux.eu\\\/hi\\\/products\\\/modular-smart-energy-meter\\\/#primaryimage\"},\"image\":{\"@id\":\"https:\\\/\\\/www.tosunlux.eu\\\/hi\\\/products\\\/modular-smart-energy-meter\\\/#primaryimage\"},\"thumbnailUrl\":\"https:\\\/\\\/www.tosunlux.eu\\\/wp-content\\\/uploads\\\/2024\\\/05\\\/1-2.jpg\",\"datePublished\":\"2024-05-27T08:18:26+00:00\",\"dateModified\":\"2024-11-11T02:24:19+00:00\",\"description\":\"Modular Smart Energy Meter Supplier - Wholesale direct from TOSUNlux, a trusted manufacturer since 1994. Get your B2B factory quote on our certified Low Voltage electrical products.\",\"breadcrumb\":{\"@id\":\"https:\\\/\\\/www.tosunlux.eu\\\/hi\\\/products\\\/modular-smart-energy-meter\\\/#breadcrumb\"},\"inLanguage\":\"tr\",\"potentialAction\":[{\"@type\":\"ReadAction\",\"target\":[\"https:\\\/\\\/www.tosunlux.eu\\\/hi\\\/products\\\/modular-smart-energy-meter\\\/\"]}]},{\"@type\":\"ImageObject\",\"inLanguage\":\"tr\",\"@id\":\"https:\\\/\\\/www.tosunlux.eu\\\/hi\\\/products\\\/modular-smart-energy-meter\\\/#primaryimage\",\"url\":\"https:\\\/\\\/www.tosunlux.eu\\\/wp-content\\\/uploads\\\/2024\\\/05\\\/1-2.jpg\",\"contentUrl\":\"https:\\\/\\\/www.tosunlux.eu\\\/wp-content\\\/uploads\\\/2024\\\/05\\\/1-2.jpg\"},{\"@type\":\"BreadcrumbList\",\"@id\":\"https:\\\/\\\/www.tosunlux.eu\\\/hi\\\/products\\\/modular-smart-energy-meter\\\/#breadcrumb\",\"itemListElement\":[{\"@type\":\"ListItem\",\"position\":1,\"name\":\"Home\",\"item\":\"https:\\\/\\\/www.tosunlux.eu\\\/ru\\\/\"},{\"@type\":\"ListItem\",\"position\":2,\"name\":\"Products\",\"item\":\"https:\\\/\\\/www.tosunlux.eu\\\/products\\\/\"},{\"@type\":\"ListItem\",\"position\":3,\"name\":\"Modular Smart Energy Meter\"}]},{\"@type\":\"WebSite\",\"@id\":\"https:\\\/\\\/www.tosunlux.eu\\\/ru\\\/#website\",\"url\":\"https:\\\/\\\/www.tosunlux.eu\\\/ru\\\/\",\"name\":\"TOSUNlux Official Site - Electrical Circuit Breaker Manufacturer in China\",\"description\":\"Power Distribution System Supplier\",\"publisher\":{\"@id\":\"https:\\\/\\\/www.tosunlux.eu\\\/ru\\\/#organization\"},\"alternateName\":\"TOSUNlux\",\"potentialAction\":[{\"@type\":\"SearchAction\",\"target\":{\"@type\":\"EntryPoint\",\"urlTemplate\":\"https:\\\/\\\/www.tosunlux.eu\\\/ru\\\/?s={search_term_string}\"},\"query-input\":{\"@type\":\"PropertyValueSpecification\",\"valueRequired\":true,\"valueName\":\"search_term_string\"}}],\"inLanguage\":\"tr\"},{\"@type\":\"Organization\",\"@id\":\"https:\\\/\\\/www.tosunlux.eu\\\/ru\\\/#organization\",\"name\":\"TOSUNlux\",\"url\":\"https:\\\/\\\/www.tosunlux.eu\\\/ru\\\/\",\"logo\":{\"@type\":\"ImageObject\",\"inLanguage\":\"tr\",\"@id\":\"https:\\\/\\\/www.tosunlux.eu\\\/ru\\\/#\\\/schema\\\/logo\\\/image\\\/\",\"url\":\"https:\\\/\\\/www.tosunlux.eu\\\/wp-content\\\/uploads\\\/2022\\\/01\\\/LOGOSYSM.71762f1.png\",\"contentUrl\":\"https:\\\/\\\/www.tosunlux.eu\\\/wp-content\\\/uploads\\\/2022\\\/01\\\/LOGOSYSM.71762f1.png\",\"width\":153,\"height\":55,\"caption\":\"TOSUNlux\"},\"image\":{\"@id\":\"https:\\\/\\\/www.tosunlux.eu\\\/ru\\\/#\\\/schema\\\/logo\\\/image\\\/\"},\"sameAs\":[\"https:\\\/\\\/www.facebook.com\\\/TOSUNelectric\\\/\",\"https:\\\/\\\/www.linkedin.com\\\/company\\\/wenzhou-tosun-electric-co.-ltd\\\/\"]}]}<\/script>\n<!-- \/ Yoast SEO plugin. -->","yoast_head_json":{"title":"Toptan Mod\u00fcler Ak\u0131ll\u0131 Enerji Sayac\u0131 - TOSUNlux Resmi Sitesi - \u00c7in&#039;de Elektrik Sigortas\u0131 \u00dcreticisi ve D\u00fc\u015f\u00fck Voltajl\u0131 Elektrik Tedarik\u00e7isi | TOSUNlux","description":"Mod\u00fcler Ak\u0131ll\u0131 Enerji Sayac\u0131 Tedarik\u00e7isi - 1994&#039;ten beri g\u00fcvenilir bir \u00fcretici olan TOSUNlux&#039;tan do\u011frudan toptan sat\u0131\u015f. Sertifikal\u0131 D\u00fc\u015f\u00fck Gerilim elektrik \u00fcr\u00fcnlerimiz i\u00e7in B2B fabrika fiyat teklifinizi al\u0131n.","robots":{"index":"index","follow":"follow","max-snippet":"max-snippet:-1","max-image-preview":"max-image-preview:large","max-video-preview":"max-video-preview:-1"},"canonical":"https:\/\/www.tosunlux.eu\/tr\/products\/modular-smart-energy-meter\/","og_locale":"tr_TR","og_type":"article","og_title":"WholesaleModular Smart Energy Meter - TOSUNlux Official Site - Electrical Circuit Breaker Manufacturer in China Low Voltage Electrical Supplier | TOSUNlux","og_description":"Modular Smart Energy Meter Supplier - Wholesale direct from TOSUNlux, a trusted manufacturer since 1994. Get your B2B factory quote on our certified Low Voltage electrical products.","og_url":"https:\/\/www.tosunlux.eu\/tr\/products\/modular-smart-energy-meter\/","og_site_name":"TOSUNlux Official Site - Electrical Circuit Breaker Manufacturer in China","article_publisher":"https:\/\/www.facebook.com\/TOSUNelectric\/","article_modified_time":"2024-11-11T02:24:19+00:00","og_image":[{"url":"https:\/\/www.tosunlux.eu\/wp-content\/uploads\/2024\/05\/1-2.jpg","type":"","width":"","height":""}],"twitter_card":"summary_large_image","twitter_misc":{"Tahmini okuma s\u00fcresi":"2 dakika"},"schema":{"@context":"https:\/\/schema.org","@graph":[{"@type":"WebPage","@id":"https:\/\/www.tosunlux.eu\/hi\/products\/modular-smart-energy-meter\/","url":"https:\/\/www.tosunlux.eu\/hi\/products\/modular-smart-energy-meter\/","name":"Toptan Mod\u00fcler Ak\u0131ll\u0131 Enerji Sayac\u0131 - TOSUNlux Resmi Sitesi - \u00c7in&#039;de Elektrik Sigortas\u0131 \u00dcreticisi ve D\u00fc\u015f\u00fck Voltajl\u0131 Elektrik Tedarik\u00e7isi | TOSUNlux","isPartOf":{"@id":"https:\/\/www.tosunlux.eu\/ru\/#website"},"primaryImageOfPage":{"@id":"https:\/\/www.tosunlux.eu\/hi\/products\/modular-smart-energy-meter\/#primaryimage"},"image":{"@id":"https:\/\/www.tosunlux.eu\/hi\/products\/modular-smart-energy-meter\/#primaryimage"},"thumbnailUrl":"https:\/\/www.tosunlux.eu\/wp-content\/uploads\/2024\/05\/1-2.jpg","datePublished":"2024-05-27T08:18:26+00:00","dateModified":"2024-11-11T02:24:19+00:00","description":"Mod\u00fcler Ak\u0131ll\u0131 Enerji Sayac\u0131 Tedarik\u00e7isi - 1994&#039;ten beri g\u00fcvenilir bir \u00fcretici olan TOSUNlux&#039;tan do\u011frudan toptan sat\u0131\u015f. Sertifikal\u0131 D\u00fc\u015f\u00fck Gerilim elektrik \u00fcr\u00fcnlerimiz i\u00e7in B2B fabrika fiyat teklifinizi al\u0131n.","breadcrumb":{"@id":"https:\/\/www.tosunlux.eu\/hi\/products\/modular-smart-energy-meter\/#breadcrumb"},"inLanguage":"tr","potentialAction":[{"@type":"ReadAction","target":["https:\/\/www.tosunlux.eu\/hi\/products\/modular-smart-energy-meter\/"]}]},{"@type":"ImageObject","inLanguage":"tr","@id":"https:\/\/www.tosunlux.eu\/hi\/products\/modular-smart-energy-meter\/#primaryimage","url":"https:\/\/www.tosunlux.eu\/wp-content\/uploads\/2024\/05\/1-2.jpg","contentUrl":"https:\/\/www.tosunlux.eu\/wp-content\/uploads\/2024\/05\/1-2.jpg"},{"@type":"BreadcrumbList","@id":"https:\/\/www.tosunlux.eu\/hi\/products\/modular-smart-energy-meter\/#breadcrumb","itemListElement":[{"@type":"ListItem","position":1,"name":"Home","item":"https:\/\/www.tosunlux.eu\/ru\/"},{"@type":"ListItem","position":2,"name":"Products","item":"https:\/\/www.tosunlux.eu\/products\/"},{"@type":"ListItem","position":3,"name":"Modular Smart Energy Meter"}]},{"@type":"WebSite","@id":"https:\/\/www.tosunlux.eu\/ru\/#website","url":"https:\/\/www.tosunlux.eu\/ru\/","name":"TOSUNlux Resmi Sitesi - \u00c7in&#039;de Elektrik Sigortas\u0131 \u00dcreticisi","description":"G\u00fc\u00e7 Da\u011f\u0131t\u0131m Sistemi Tedarik\u00e7isi","publisher":{"@id":"https:\/\/www.tosunlux.eu\/ru\/#organization"},"alternateName":"TOSUNlux","potentialAction":[{"@type":"SearchAction","target":{"@type":"EntryPoint","urlTemplate":"https:\/\/www.tosunlux.eu\/ru\/?s={search_term_string}"},"query-input":{"@type":"PropertyValueSpecification","valueRequired":true,"valueName":"search_term_string"}}],"inLanguage":"tr"},{"@type":"Organization","@id":"https:\/\/www.tosunlux.eu\/ru\/#organization","name":"TOSUNlux","url":"https:\/\/www.tosunlux.eu\/ru\/","logo":{"@type":"ImageObject","inLanguage":"tr","@id":"https:\/\/www.tosunlux.eu\/ru\/#\/schema\/logo\/image\/","url":"https:\/\/www.tosunlux.eu\/wp-content\/uploads\/2022\/01\/LOGOSYSM.71762f1.png","contentUrl":"https:\/\/www.tosunlux.eu\/wp-content\/uploads\/2022\/01\/LOGOSYSM.71762f1.png","width":153,"height":55,"caption":"TOSUNlux"},"image":{"@id":"https:\/\/www.tosunlux.eu\/ru\/#\/schema\/logo\/image\/"},"sameAs":["https:\/\/www.facebook.com\/TOSUNelectric\/","https:\/\/www.linkedin.com\/company\/wenzhou-tosun-electric-co.-ltd\/"]}]}},"_links":{"self":[{"href":"https:\/\/www.tosunlux.eu\/tr\/wp-json\/wp\/v2\/product\/10210","targetHints":{"allow":["GET"]}}],"collection":[{"href":"https:\/\/www.tosunlux.eu\/tr\/wp-json\/wp\/v2\/product"}],"about":[{"href":"https:\/\/www.tosunlux.eu\/tr\/wp-json\/wp\/v2\/types\/product"}],"version-history":[{"count":1,"href":"https:\/\/www.tosunlux.eu\/tr\/wp-json\/wp\/v2\/product\/10210\/revisions"}],"predecessor-version":[{"id":10215,"href":"https:\/\/www.tosunlux.eu\/tr\/wp-json\/wp\/v2\/product\/10210\/revisions\/10215"}],"wp:attachment":[{"href":"https:\/\/www.tosunlux.eu\/tr\/wp-json\/wp\/v2\/media?parent=10210"}],"wp:term":[{"taxonomy":"product_category","embeddable":true,"href":"https:\/\/www.tosunlux.eu\/tr\/wp-json\/wp\/v2\/product_category?post=10210"}],"curies":[{"name":"wp","href":"https:\/\/api.w.org\/{rel}","templated":true}]}}