{"id":1034,"date":"2022-04-13T16:22:08","date_gmt":"2022-04-13T08:22:08","guid":{"rendered":"https:\/\/www.tosunlux.eu\/?post_type=product&#038;p=1034"},"modified":"2023-09-13T10:53:11","modified_gmt":"2023-09-13T02:53:11","slug":"timer-thc20-2c","status":"publish","type":"product","link":"https:\/\/www.tosunlux.eu\/tr\/products\/timer-thc20-2c\/","title":{"rendered":"Zamanlay\u0131c\u0131 THC20-2C"},"content":{"rendered":"<table style=\"height: 543px;\" width=\"787\">\n<tbody>\n<tr>\n<td style=\"text-align: center;\" colspan=\"2\" width=\"144\">\u00d6rnek<\/td>\n<td style=\"text-align: center;\" colspan=\"4\" width=\"288\">THC20-2C 16A\/20A\/30A<\/td>\n<\/tr>\n<tr>\n<td style=\"text-align: center;\" colspan=\"2\">Gerilim\u00a0<\/td>\n<td style=\"text-align: center;\" colspan=\"4\">AC220-240V 50\/60Hz\u00a0<\/td>\n<\/tr>\n<tr>\n<td style=\"text-align: center;\" colspan=\"2\">Voltaj aral\u0131\u011f\u0131<\/td>\n<td style=\"text-align: center;\" colspan=\"4\">AC 180-250V<\/td>\n<\/tr>\n<tr>\n<td style=\"text-align: center;\" colspan=\"2\">Zamanlama hatas\u0131<\/td>\n<td style=\"text-align: center;\" colspan=\"4\">\u22641sn\/g\u00fcn<\/td>\n<\/tr>\n<tr>\n<td style=\"text-align: center;\" colspan=\"2\">A\u00e7\u0131k\/kapal\u0131 ayar\u0131<\/td>\n<td style=\"text-align: center;\" colspan=\"4\">48A\u00c7IK\/48KAPALI<\/td>\n<\/tr>\n<tr>\n<td style=\"text-align: center;\" colspan=\"2\">G\u00fc\u00e7 t\u00fcketimi<\/td>\n<td style=\"text-align: center;\" colspan=\"4\">4VA (maksimum)<\/td>\n<\/tr>\n<tr>\n<td style=\"text-align: center;\" colspan=\"2\">G\u00f6r\u00fcnt\u00fclemek<\/td>\n<td style=\"text-align: center;\" colspan=\"4\">LCD<\/td>\n<\/tr>\n<tr>\n<td style=\"text-align: center;\" colspan=\"2\">Minimum ayar birimi<\/td>\n<td style=\"text-align: center;\" colspan=\"4\">15 dakika<\/td>\n<\/tr>\n<tr>\n<td style=\"text-align: center;\" colspan=\"2\">Temas etmek<\/td>\n<td style=\"text-align: center;\" colspan=\"4\">16A 2NA+2NK, 20A 2NA+2NK, 30A 2NA<\/td>\n<\/tr>\n<tr>\n<td style=\"text-align: center;\" colspan=\"2\">Montaj\u00a0<\/td>\n<td style=\"text-align: center;\" colspan=\"4\">DIN ray montaj\u0131<\/td>\n<\/tr>\n<tr>\n<td style=\"text-align: center;\" colspan=\"2\" rowspan=\"3\">\u0130leti\u015fim kapasitesi<\/td>\n<td style=\"text-align: center;\" colspan=\"4\">THC20-2C 16A Diren\u00e7li: 16A\/250VAC<\/td>\n<\/tr>\n<tr>\n<td style=\"text-align: center;\" colspan=\"4\">THC20-2C 20A Diren\u00e7li: 20A\/250VAC<\/td>\n<\/tr>\n<tr>\n<td style=\"text-align: center;\" colspan=\"4\">THC20-2C 30A Diren\u00e7li: 30A\/250VAC<\/td>\n<\/tr>\n<tr>\n<td colspan=\"2\">Elektriksel \u00f6m\u00fcr<\/td>\n<td style=\"text-align: center;\" colspan=\"4\">100000 kez (Anma y\u00fck\u00fc)<\/td>\n<\/tr>\n<\/tbody>\n<\/table>\n<p><strong>Boyut<\/strong><\/p>\n\n\n<figure class=\"wp-block-image size-large is-resized\"><img fetchpriority=\"high\" decoding=\"async\" src=\"https:\/\/www.tosunlux.eu\/wp-content\/uploads\/2022\/04\/2021Industrial-1-1024x543.jpg\" alt=\"\" class=\"wp-image-1035\" width=\"711\" height=\"377\" srcset=\"https:\/\/www.tosunlux.eu\/wp-content\/uploads\/2022\/04\/2021Industrial-1-1024x543.jpg 1024w, https:\/\/www.tosunlux.eu\/wp-content\/uploads\/2022\/04\/2021Industrial-1-300x159.jpg 300w, https:\/\/www.tosunlux.eu\/wp-content\/uploads\/2022\/04\/2021Industrial-1-768x408.jpg 768w, https:\/\/www.tosunlux.eu\/wp-content\/uploads\/2022\/04\/2021Industrial-1-1536x815.jpg 1536w, https:\/\/www.tosunlux.eu\/wp-content\/uploads\/2022\/04\/2021Industrial-1.jpg 1600w\" sizes=\"(max-width: 711px) 100vw, 711px\" \/><\/figure>\n\n\n\n<p><\/p>","protected":false},"parent":0,"template":"","product_category":[35,92],"class_list":["post-1034","product","type-product","status-publish","hentry","product_category-industrial-control-devices","product_category-timer-relay"],"yoast_head":"<!-- This site is optimized with the Yoast SEO plugin v27.4 - https:\/\/yoast.com\/product\/yoast-seo-wordpress\/ -->\n<title>WholesaleTimer THC20-2C - TOSUNlux Official Site - Electrical Circuit Breaker Manufacturer in China Low Voltage Electrical Supplier | TOSUNlux<\/title>\n<meta name=\"description\" content=\"Timer THC20-2C Supplier - Wholesale direct from TOSUNlux, a trusted manufacturer since 1994. Get your B2B factory quote on our certified Low Voltage electrical products.\" \/>\n<meta name=\"robots\" content=\"index, follow, max-snippet:-1, max-image-preview:large, max-video-preview:-1\" \/>\n<link rel=\"canonical\" href=\"https:\/\/www.tosunlux.eu\/tr\/products\/timer-thc20-2c\/\" \/>\n<meta property=\"og:locale\" content=\"tr_TR\" \/>\n<meta property=\"og:type\" content=\"article\" \/>\n<meta property=\"og:title\" content=\"WholesaleTimer THC20-2C - TOSUNlux Official Site - Electrical Circuit Breaker Manufacturer in China Low Voltage Electrical Supplier | TOSUNlux\" \/>\n<meta property=\"og:description\" content=\"Timer THC20-2C Supplier - Wholesale direct from TOSUNlux, a trusted manufacturer since 1994. Get your B2B factory quote on our certified Low Voltage electrical products.\" \/>\n<meta property=\"og:url\" content=\"https:\/\/www.tosunlux.eu\/tr\/products\/timer-thc20-2c\/\" \/>\n<meta property=\"og:site_name\" content=\"TOSUNlux Official Site - Electrical Circuit Breaker Manufacturer in China\" \/>\n<meta property=\"article:publisher\" content=\"https:\/\/www.facebook.com\/TOSUNelectric\/\" \/>\n<meta property=\"article:modified_time\" content=\"2023-09-13T02:53:11+00:00\" \/>\n<meta property=\"og:image\" content=\"https:\/\/www.tosunlux.eu\/wp-content\/uploads\/2022\/04\/2021Industrial-1-1024x543.jpg\" \/>\n<meta name=\"twitter:card\" content=\"summary_large_image\" \/>\n<meta name=\"twitter:label1\" content=\"Tahmini okuma s\u00fcresi\" \/>\n\t<meta name=\"twitter:data1\" content=\"1 dakika\" \/>\n<script type=\"application\/ld+json\" class=\"yoast-schema-graph\">{\"@context\":\"https:\\\/\\\/schema.org\",\"@graph\":[{\"@type\":\"WebPage\",\"@id\":\"https:\\\/\\\/www.tosunlux.eu\\\/id\\\/products\\\/timer-thc20-2c\\\/\",\"url\":\"https:\\\/\\\/www.tosunlux.eu\\\/id\\\/products\\\/timer-thc20-2c\\\/\",\"name\":\"WholesaleTimer THC20-2C - TOSUNlux Official Site - Electrical Circuit Breaker Manufacturer in China Low Voltage Electrical Supplier | TOSUNlux\",\"isPartOf\":{\"@id\":\"https:\\\/\\\/www.tosunlux.eu\\\/ru\\\/#website\"},\"primaryImageOfPage\":{\"@id\":\"https:\\\/\\\/www.tosunlux.eu\\\/id\\\/products\\\/timer-thc20-2c\\\/#primaryimage\"},\"image\":{\"@id\":\"https:\\\/\\\/www.tosunlux.eu\\\/id\\\/products\\\/timer-thc20-2c\\\/#primaryimage\"},\"thumbnailUrl\":\"https:\\\/\\\/www.tosunlux.eu\\\/wp-content\\\/uploads\\\/2022\\\/04\\\/2021Industrial-1-1024x543.jpg\",\"datePublished\":\"2022-04-13T08:22:08+00:00\",\"dateModified\":\"2023-09-13T02:53:11+00:00\",\"description\":\"Timer THC20-2C Supplier - Wholesale direct from TOSUNlux, a trusted manufacturer since 1994. Get your B2B factory quote on our certified Low Voltage electrical products.\",\"breadcrumb\":{\"@id\":\"https:\\\/\\\/www.tosunlux.eu\\\/id\\\/products\\\/timer-thc20-2c\\\/#breadcrumb\"},\"inLanguage\":\"tr\",\"potentialAction\":[{\"@type\":\"ReadAction\",\"target\":[\"https:\\\/\\\/www.tosunlux.eu\\\/id\\\/products\\\/timer-thc20-2c\\\/\"]}]},{\"@type\":\"ImageObject\",\"inLanguage\":\"tr\",\"@id\":\"https:\\\/\\\/www.tosunlux.eu\\\/id\\\/products\\\/timer-thc20-2c\\\/#primaryimage\",\"url\":\"https:\\\/\\\/www.tosunlux.eu\\\/wp-content\\\/uploads\\\/2022\\\/04\\\/2021Industrial-1-1024x543.jpg\",\"contentUrl\":\"https:\\\/\\\/www.tosunlux.eu\\\/wp-content\\\/uploads\\\/2022\\\/04\\\/2021Industrial-1-1024x543.jpg\"},{\"@type\":\"BreadcrumbList\",\"@id\":\"https:\\\/\\\/www.tosunlux.eu\\\/id\\\/products\\\/timer-thc20-2c\\\/#breadcrumb\",\"itemListElement\":[{\"@type\":\"ListItem\",\"position\":1,\"name\":\"Home\",\"item\":\"https:\\\/\\\/www.tosunlux.eu\\\/ru\\\/\"},{\"@type\":\"ListItem\",\"position\":2,\"name\":\"Products\",\"item\":\"https:\\\/\\\/www.tosunlux.eu\\\/products\\\/\"},{\"@type\":\"ListItem\",\"position\":3,\"name\":\"Timer THC20-2C\"}]},{\"@type\":\"WebSite\",\"@id\":\"https:\\\/\\\/www.tosunlux.eu\\\/ru\\\/#website\",\"url\":\"https:\\\/\\\/www.tosunlux.eu\\\/ru\\\/\",\"name\":\"TOSUNlux Official Site - Electrical Circuit Breaker Manufacturer in China\",\"description\":\"Power Distribution System Supplier\",\"publisher\":{\"@id\":\"https:\\\/\\\/www.tosunlux.eu\\\/ru\\\/#organization\"},\"alternateName\":\"TOSUNlux\",\"potentialAction\":[{\"@type\":\"SearchAction\",\"target\":{\"@type\":\"EntryPoint\",\"urlTemplate\":\"https:\\\/\\\/www.tosunlux.eu\\\/ru\\\/?s={search_term_string}\"},\"query-input\":{\"@type\":\"PropertyValueSpecification\",\"valueRequired\":true,\"valueName\":\"search_term_string\"}}],\"inLanguage\":\"tr\"},{\"@type\":\"Organization\",\"@id\":\"https:\\\/\\\/www.tosunlux.eu\\\/ru\\\/#organization\",\"name\":\"TOSUNlux\",\"url\":\"https:\\\/\\\/www.tosunlux.eu\\\/ru\\\/\",\"logo\":{\"@type\":\"ImageObject\",\"inLanguage\":\"tr\",\"@id\":\"https:\\\/\\\/www.tosunlux.eu\\\/ru\\\/#\\\/schema\\\/logo\\\/image\\\/\",\"url\":\"https:\\\/\\\/www.tosunlux.eu\\\/wp-content\\\/uploads\\\/2022\\\/01\\\/LOGOSYSM.71762f1.png\",\"contentUrl\":\"https:\\\/\\\/www.tosunlux.eu\\\/wp-content\\\/uploads\\\/2022\\\/01\\\/LOGOSYSM.71762f1.png\",\"width\":153,\"height\":55,\"caption\":\"TOSUNlux\"},\"image\":{\"@id\":\"https:\\\/\\\/www.tosunlux.eu\\\/ru\\\/#\\\/schema\\\/logo\\\/image\\\/\"},\"sameAs\":[\"https:\\\/\\\/www.facebook.com\\\/TOSUNelectric\\\/\",\"https:\\\/\\\/www.linkedin.com\\\/company\\\/wenzhou-tosun-electric-co.-ltd\\\/\"]}]}<\/script>\n<!-- \/ Yoast SEO plugin. -->","yoast_head_json":{"title":"WholesaleTimer THC20-2C - TOSUNlux Resmi Sitesi - \u00c7in&#039;de Elektrik Devre Kesici \u00dcreticisi, D\u00fc\u015f\u00fck Voltajl\u0131 Elektrik Tedarik\u00e7isi | TOSUNlux","description":"TOSUNlux&#039;tan (1994&#039;ten beri g\u00fcvenilir bir \u00fcretici) do\u011frudan toptan sat\u0131\u015f: THC20-2C zamanlay\u0131c\u0131. Sertifikal\u0131 d\u00fc\u015f\u00fck voltajl\u0131 elektrik \u00fcr\u00fcnlerimiz i\u00e7in B2B fabrika fiyat teklifinizi al\u0131n.","robots":{"index":"index","follow":"follow","max-snippet":"max-snippet:-1","max-image-preview":"max-image-preview:large","max-video-preview":"max-video-preview:-1"},"canonical":"https:\/\/www.tosunlux.eu\/tr\/products\/timer-thc20-2c\/","og_locale":"tr_TR","og_type":"article","og_title":"WholesaleTimer THC20-2C - TOSUNlux Official Site - Electrical Circuit Breaker Manufacturer in China Low Voltage Electrical Supplier | TOSUNlux","og_description":"Timer THC20-2C Supplier - Wholesale direct from TOSUNlux, a trusted manufacturer since 1994. Get your B2B factory quote on our certified Low Voltage electrical products.","og_url":"https:\/\/www.tosunlux.eu\/tr\/products\/timer-thc20-2c\/","og_site_name":"TOSUNlux Official Site - Electrical Circuit Breaker Manufacturer in China","article_publisher":"https:\/\/www.facebook.com\/TOSUNelectric\/","article_modified_time":"2023-09-13T02:53:11+00:00","og_image":[{"url":"https:\/\/www.tosunlux.eu\/wp-content\/uploads\/2022\/04\/2021Industrial-1-1024x543.jpg","type":"","width":"","height":""}],"twitter_card":"summary_large_image","twitter_misc":{"Tahmini okuma s\u00fcresi":"1 dakika"},"schema":{"@context":"https:\/\/schema.org","@graph":[{"@type":"WebPage","@id":"https:\/\/www.tosunlux.eu\/id\/products\/timer-thc20-2c\/","url":"https:\/\/www.tosunlux.eu\/id\/products\/timer-thc20-2c\/","name":"WholesaleTimer THC20-2C - TOSUNlux Resmi Sitesi - \u00c7in&#039;de Elektrik Devre Kesici \u00dcreticisi, D\u00fc\u015f\u00fck Voltajl\u0131 Elektrik Tedarik\u00e7isi | TOSUNlux","isPartOf":{"@id":"https:\/\/www.tosunlux.eu\/ru\/#website"},"primaryImageOfPage":{"@id":"https:\/\/www.tosunlux.eu\/id\/products\/timer-thc20-2c\/#primaryimage"},"image":{"@id":"https:\/\/www.tosunlux.eu\/id\/products\/timer-thc20-2c\/#primaryimage"},"thumbnailUrl":"https:\/\/www.tosunlux.eu\/wp-content\/uploads\/2022\/04\/2021Industrial-1-1024x543.jpg","datePublished":"2022-04-13T08:22:08+00:00","dateModified":"2023-09-13T02:53:11+00:00","description":"TOSUNlux&#039;tan (1994&#039;ten beri g\u00fcvenilir bir \u00fcretici) do\u011frudan toptan sat\u0131\u015f: THC20-2C zamanlay\u0131c\u0131. Sertifikal\u0131 d\u00fc\u015f\u00fck voltajl\u0131 elektrik \u00fcr\u00fcnlerimiz i\u00e7in B2B fabrika fiyat teklifinizi al\u0131n.","breadcrumb":{"@id":"https:\/\/www.tosunlux.eu\/id\/products\/timer-thc20-2c\/#breadcrumb"},"inLanguage":"tr","potentialAction":[{"@type":"ReadAction","target":["https:\/\/www.tosunlux.eu\/id\/products\/timer-thc20-2c\/"]}]},{"@type":"ImageObject","inLanguage":"tr","@id":"https:\/\/www.tosunlux.eu\/id\/products\/timer-thc20-2c\/#primaryimage","url":"https:\/\/www.tosunlux.eu\/wp-content\/uploads\/2022\/04\/2021Industrial-1-1024x543.jpg","contentUrl":"https:\/\/www.tosunlux.eu\/wp-content\/uploads\/2022\/04\/2021Industrial-1-1024x543.jpg"},{"@type":"BreadcrumbList","@id":"https:\/\/www.tosunlux.eu\/id\/products\/timer-thc20-2c\/#breadcrumb","itemListElement":[{"@type":"ListItem","position":1,"name":"Home","item":"https:\/\/www.tosunlux.eu\/ru\/"},{"@type":"ListItem","position":2,"name":"Products","item":"https:\/\/www.tosunlux.eu\/products\/"},{"@type":"ListItem","position":3,"name":"Timer THC20-2C"}]},{"@type":"WebSite","@id":"https:\/\/www.tosunlux.eu\/ru\/#website","url":"https:\/\/www.tosunlux.eu\/ru\/","name":"TOSUNlux Resmi Sitesi - \u00c7in&#039;de Elektrik Sigortas\u0131 \u00dcreticisi","description":"G\u00fc\u00e7 Da\u011f\u0131t\u0131m Sistemi Tedarik\u00e7isi","publisher":{"@id":"https:\/\/www.tosunlux.eu\/ru\/#organization"},"alternateName":"TOSUNlux","potentialAction":[{"@type":"SearchAction","target":{"@type":"EntryPoint","urlTemplate":"https:\/\/www.tosunlux.eu\/ru\/?s={search_term_string}"},"query-input":{"@type":"PropertyValueSpecification","valueRequired":true,"valueName":"search_term_string"}}],"inLanguage":"tr"},{"@type":"Organization","@id":"https:\/\/www.tosunlux.eu\/ru\/#organization","name":"TOSUNlux","url":"https:\/\/www.tosunlux.eu\/ru\/","logo":{"@type":"ImageObject","inLanguage":"tr","@id":"https:\/\/www.tosunlux.eu\/ru\/#\/schema\/logo\/image\/","url":"https:\/\/www.tosunlux.eu\/wp-content\/uploads\/2022\/01\/LOGOSYSM.71762f1.png","contentUrl":"https:\/\/www.tosunlux.eu\/wp-content\/uploads\/2022\/01\/LOGOSYSM.71762f1.png","width":153,"height":55,"caption":"TOSUNlux"},"image":{"@id":"https:\/\/www.tosunlux.eu\/ru\/#\/schema\/logo\/image\/"},"sameAs":["https:\/\/www.facebook.com\/TOSUNelectric\/","https:\/\/www.linkedin.com\/company\/wenzhou-tosun-electric-co.-ltd\/"]}]}},"_links":{"self":[{"href":"https:\/\/www.tosunlux.eu\/tr\/wp-json\/wp\/v2\/product\/1034","targetHints":{"allow":["GET"]}}],"collection":[{"href":"https:\/\/www.tosunlux.eu\/tr\/wp-json\/wp\/v2\/product"}],"about":[{"href":"https:\/\/www.tosunlux.eu\/tr\/wp-json\/wp\/v2\/types\/product"}],"version-history":[{"count":1,"href":"https:\/\/www.tosunlux.eu\/tr\/wp-json\/wp\/v2\/product\/1034\/revisions"}],"predecessor-version":[{"id":8030,"href":"https:\/\/www.tosunlux.eu\/tr\/wp-json\/wp\/v2\/product\/1034\/revisions\/8030"}],"wp:attachment":[{"href":"https:\/\/www.tosunlux.eu\/tr\/wp-json\/wp\/v2\/media?parent=1034"}],"wp:term":[{"taxonomy":"product_category","embeddable":true,"href":"https:\/\/www.tosunlux.eu\/tr\/wp-json\/wp\/v2\/product_category?post=1034"}],"curies":[{"name":"wp","href":"https:\/\/api.w.org\/{rel}","templated":true}]}}