{"id":1097,"date":"2022-04-14T13:03:00","date_gmt":"2022-04-14T05:03:00","guid":{"rendered":"https:\/\/www.tosunlux.eu\/?post_type=product&#038;p=1097"},"modified":"2023-09-13T10:55:31","modified_gmt":"2023-09-13T02:55:31","slug":"three-phase-voltage-relay-trv8","status":"publish","type":"product","link":"https:\/\/www.tosunlux.eu\/tr\/products\/three-phase-voltage-relay-trv8\/","title":{"rendered":"\u00dc\u00e7 Fazl\u0131 Gerilim R\u00f6lesi TRV8"},"content":{"rendered":"<pre class=\"wp-block-verse\"><strong>Uygulamalar<\/strong>\n\u25cf Hareketli ekipmanlar\u0131n (saha ekipmanlar\u0131, tar\u0131m ekipmanlar\u0131, so\u011futmal\u0131 kamyonlar gibi) ba\u011flant\u0131s\u0131n\u0131n kontrol\u00fc. \u25cf Ters \u00e7al\u0131\u015fmaya kar\u015f\u0131 insanlar\u0131n ve ekipman\u0131n korunmas\u0131n\u0131n kontrol\u00fc. \u25cf Normal\/acil g\u00fc\u00e7 kayna\u011f\u0131 anahtarlamas\u0131. \u25cf S\u00fcr\u00fc\u015f y\u00fck\u00fcn\u00fcn faz hatas\u0131na kar\u015f\u0131 koruma. \u25cf Kendi besleme voltaj\u0131n\u0131 kontrol etme (ger\u00e7ek RMS \u00f6l\u00e7\u00fcm\u00fc). \u25cf D\u00fc\u011fme arac\u0131l\u0131\u011f\u0131yla 8 \u00e7e\u015fit nominal \u00e7al\u0131\u015fma voltaj\u0131 ayarlama\n\n<strong>\u0130\u015flev<\/strong>\n<\/pre>\n\n\n\n<figure class=\"wp-block-table\"><table><tbody><tr><td>\u00d6rnek<\/td><td>A\u015f\u0131r\u0131 voltaj&nbsp;<\/td><td>D\u00fc\u015f\u00fck voltaj&nbsp;<\/td><td>Asimetri<\/td><td>Gecikme s\u00fcresi<\/td><td><br>Faz<br>sekans<\/td><td><br>Faz<br>ar\u0131za<\/td><\/tr><tr><td>TRV8-03<\/td><td>\u2013<\/td><td>\u2013<\/td><td>\u2013<\/td><td>\u2013<\/td><td>\u25cf<\/td><td>\u25cf<\/td><\/tr><tr><td>TRV8-04<\/td><td>2%&#8230;20%<\/td><td>-20%&#8230;2%<\/td><td>\u2013<\/td><td>0,1sn\u202610sn<\/td><td>\u25cf<\/td><td>\u25cf<\/td><\/tr><tr><td>TRV8-05<\/td><td>2%&#8230;20%<\/td><td>-20%&#8230;2%<\/td><td>-8%<\/td><td>0,1sn\u202610sn<\/td><td>\u25cf<\/td><td>\u25cf<\/td><\/tr><tr><td>TRV8-06<\/td><td>2%&#8230;20%<\/td><td>-20%&#8230;2%<\/td><td>5%&#8230;15%<\/td><td>2 saniye<\/td><td>\u25cf<\/td><td>\u25cf<\/td><\/tr><tr><td>TRV8-07<\/td><td>\u2013<\/td><td>\u2013<\/td><td>5%&#8230;15%<\/td><td>2 saniye<\/td><td>\u25cf<\/td><td>\u25cf<\/td><\/tr><tr><td>TRV8-08<\/td><td>15%<\/td><td>-15%<\/td><td>8%<\/td><td>2 saniye<\/td><td>\u25cf<\/td><td>\u25cf<\/td><\/tr><\/tbody><\/table><\/figure>\n\n\n\n<pre class=\"wp-block-verse\"><strong>\u015eartname<\/strong>\n<\/pre>\n\n\n<table style=\"border-collapse: collapse; width: 597px; height: 400px;\" border=\"0\" width=\"344\" cellspacing=\"0\" cellpadding=\"0\">\n<tbody>\n<tr style=\"height: 14.25pt;\">\n<td class=\"et2\" style=\"height: 14.25pt; width: 108pt; border-right: 0.5pt solid #000000; text-align: center;\" colspan=\"2\" width=\"144\" height=\"19\">Voltaj Modeli<\/td>\n<td class=\"et3\" style=\"width: 81.75pt;\" width=\"109\">M460<\/td>\n<td class=\"et2\" style=\"width: 68.25pt;\" width=\"91\">M265<\/td>\n<\/tr>\n<tr style=\"height: 14.25pt;\">\n<td class=\"et2\" style=\"height: 14.25pt; border-right: 0.5pt solid #000000; text-align: center;\" colspan=\"2\" height=\"19\">\u0130\u015flev<\/td>\n<td class=\"et2\" style=\"border-right: 0.5pt solid #000000; text-align: center;\" colspan=\"2\">3 fazl\u0131 voltaj\u0131n izlenmesi<\/td>\n<\/tr>\n<tr style=\"height: 14.25pt;\">\n<td class=\"et2\" style=\"height: 14.25pt; border-right: 0.5pt solid #000000; text-align: center;\" colspan=\"2\" height=\"19\">\u0130zleme Terminalleri<\/td>\n<td class=\"et3\" style=\"text-align: center;\">L1-L2-L3<\/td>\n<td class=\"et3\" style=\"text-align: center;\">L1-L2-L3-N<\/td>\n<\/tr>\n<tr style=\"height: 15.00pt;\">\n<td class=\"et2\" style=\"height: 15pt; border-right: 0.5pt solid #000000; text-align: center;\" colspan=\"2\" height=\"20\">Tedarik Terminalleri<\/td>\n<td class=\"et3\" style=\"text-align: center;\">L1-L2<\/td>\n<td class=\"et3\" style=\"text-align: center;\">L1-N<\/td>\n<\/tr>\n<tr style=\"height: 41.00pt;\">\n<td class=\"et2\" style=\"height: 41pt; border-right: 0.5pt solid #000000; text-align: center;\" colspan=\"2\" height=\"54\">Voltaj Aral\u0131\u011f\u0131 (V)<\/td>\n<td class=\"et4\" style=\"width: 81.75pt; text-align: center;\" width=\"109\">220-230-240-380-400 -415-440-460(PP)<\/td>\n<td class=\"et4\" style=\"width: 68.25pt; text-align: center;\" width=\"91\">127-132-138-220-230<br \/>-240-254-265(PN)<\/td>\n<\/tr>\n<tr style=\"height: 18.00pt;\">\n<td class=\"et2\" style=\"height: 18pt; border-right: 0.5pt solid #000000; text-align: center;\" colspan=\"2\" height=\"24\">Anma Tedarik Frekans\u0131<\/td>\n<td class=\"et2\" style=\"border-right: 0.5pt solid #000000; text-align: center;\" colspan=\"2\">45Hz-65Hz<\/td>\n<\/tr>\n<tr style=\"height: 15.00pt;\">\n<td class=\"et2\" style=\"height: 15pt; border-right: 0.5pt solid #000000; text-align: center;\" colspan=\"2\" height=\"20\">\u00d6l\u00e7\u00fcm Aral\u0131\u011f\u0131<\/td>\n<td class=\"et3\" style=\"text-align: center;\">176V-552V<\/td>\n<td class=\"et3\" style=\"text-align: center;\">101V-318V<\/td>\n<\/tr>\n<tr style=\"height: 15.00pt;\">\n<td class=\"et2\" style=\"height: 15pt; border-right: 0.5pt solid #000000; text-align: center;\" colspan=\"2\" height=\"20\">Tedarik G\u00f6stergesi<\/td>\n<td class=\"et2\" style=\"border-right: 0.5pt solid #000000; text-align: center;\" colspan=\"2\">Ye\u015fil LED<\/td>\n<\/tr>\n<tr style=\"height: 15.00pt;\">\n<td class=\"et2\" style=\"height: 15pt; border-right: 0.5pt solid #000000; text-align: center;\" colspan=\"2\" height=\"20\">\u00c7\u0131k\u0131\u015f G\u00f6stergesi<\/td>\n<td class=\"et2\" style=\"border-right: 0.5pt solid #000000; text-align: center;\" colspan=\"2\">K\u0131rm\u0131z\u0131 LED<\/td>\n<\/tr>\n<tr style=\"height: 14.25pt;\">\n<td class=\"et2\" style=\"height: 14.25pt; border-right: 0.5pt solid #000000; text-align: center;\" colspan=\"2\" height=\"19\">Anahtarlama Voltaj\u0131<\/td>\n<td class=\"et2\" style=\"border-right: 0.5pt solid #000000; text-align: center;\" colspan=\"2\">250VAC\/24VDC<\/td>\n<\/tr>\n<tr style=\"height: 14.25pt;\">\n<td class=\"et2\" style=\"height: 14.25pt; border-right: 0.5pt solid #000000; text-align: center;\" colspan=\"2\" height=\"19\">G\u00fcncel Derecelendirme<\/td>\n<td class=\"et2\" style=\"border-right: 0.5pt solid #000000; text-align: center;\" colspan=\"2\">10A\/AC1<\/td>\n<\/tr>\n<tr style=\"height: 14.25pt;\">\n<td class=\"et2\" style=\"height: 14.25pt; border-right: 0.5pt solid #000000; text-align: center;\" colspan=\"2\" height=\"19\">S\u0131f\u0131rlama Zaman\u0131<\/td>\n<td class=\"et2\" style=\"border-right: 0.5pt solid #000000; text-align: center;\" colspan=\"2\">1000ms<\/td>\n<\/tr>\n<\/tbody>\n<\/table>\n<p><strong style=\"font-size: revert; color: initial;\">Boyut<\/strong><\/p>\n\n\n<figure class=\"wp-block-image size-large is-resized\"><img fetchpriority=\"high\" decoding=\"async\" src=\"https:\/\/www.tosunlux.eu\/wp-content\/uploads\/2022\/04\/dimension-1024x559.jpg\" alt=\"\" class=\"wp-image-1104\" width=\"530\" height=\"289\" srcset=\"https:\/\/www.tosunlux.eu\/wp-content\/uploads\/2022\/04\/dimension-1024x559.jpg 1024w, https:\/\/www.tosunlux.eu\/wp-content\/uploads\/2022\/04\/dimension-300x164.jpg 300w, https:\/\/www.tosunlux.eu\/wp-content\/uploads\/2022\/04\/dimension-768x419.jpg 768w, https:\/\/www.tosunlux.eu\/wp-content\/uploads\/2022\/04\/dimension-1536x838.jpg 1536w, https:\/\/www.tosunlux.eu\/wp-content\/uploads\/2022\/04\/dimension.jpg 1600w\" sizes=\"(max-width: 530px) 100vw, 530px\" \/><\/figure>","protected":false},"parent":0,"template":"","product_category":[35,92],"class_list":["post-1097","product","type-product","status-publish","hentry","product_category-industrial-control-devices","product_category-timer-relay"],"yoast_head":"<!-- This site is optimized with the Yoast SEO plugin v27.5 - https:\/\/yoast.com\/product\/yoast-seo-wordpress\/ -->\n<title>WholesaleThree Phase Voltage Relay TRV8 - TOSUNlux Official Site - Electrical Circuit Breaker Manufacturer in China Low Voltage Electrical Supplier | TOSUNlux<\/title>\n<meta name=\"description\" content=\"Three Phase Voltage Relay TRV8 Supplier - Wholesale direct from TOSUNlux, a trusted manufacturer since 1994. Get your B2B factory quote on our certified Low Voltage electrical products.\" \/>\n<meta name=\"robots\" content=\"index, follow, max-snippet:-1, max-image-preview:large, max-video-preview:-1\" \/>\n<link rel=\"canonical\" href=\"https:\/\/www.tosunlux.eu\/tr\/products\/three-phase-voltage-relay-trv8\/\" \/>\n<meta property=\"og:locale\" content=\"tr_TR\" \/>\n<meta property=\"og:type\" content=\"article\" \/>\n<meta property=\"og:title\" content=\"WholesaleThree Phase Voltage Relay TRV8 - TOSUNlux Official Site - Electrical Circuit Breaker Manufacturer in China Low Voltage Electrical Supplier | TOSUNlux\" \/>\n<meta property=\"og:description\" content=\"Three Phase Voltage Relay TRV8 Supplier - Wholesale direct from TOSUNlux, a trusted manufacturer since 1994. Get your B2B factory quote on our certified Low Voltage electrical products.\" \/>\n<meta property=\"og:url\" content=\"https:\/\/www.tosunlux.eu\/tr\/products\/three-phase-voltage-relay-trv8\/\" \/>\n<meta property=\"og:site_name\" content=\"TOSUNlux Official Site - Electrical Circuit Breaker Manufacturer in China\" \/>\n<meta property=\"article:publisher\" content=\"https:\/\/www.facebook.com\/TOSUNelectric\/\" \/>\n<meta property=\"article:modified_time\" content=\"2023-09-13T02:55:31+00:00\" \/>\n<meta property=\"og:image\" content=\"https:\/\/www.tosunlux.eu\/wp-content\/uploads\/2022\/04\/dimension-1024x559.jpg\" \/>\n<meta name=\"twitter:card\" content=\"summary_large_image\" \/>\n<meta name=\"twitter:label1\" content=\"Tahmini okuma s\u00fcresi\" \/>\n\t<meta name=\"twitter:data1\" content=\"1 dakika\" \/>\n<script type=\"application\/ld+json\" class=\"yoast-schema-graph\">{\"@context\":\"https:\\\/\\\/schema.org\",\"@graph\":[{\"@type\":\"WebPage\",\"@id\":\"https:\\\/\\\/www.tosunlux.eu\\\/hi\\\/products\\\/three-phase-voltage-relay-trv8\\\/\",\"url\":\"https:\\\/\\\/www.tosunlux.eu\\\/hi\\\/products\\\/three-phase-voltage-relay-trv8\\\/\",\"name\":\"WholesaleThree Phase Voltage Relay TRV8 - TOSUNlux Official Site - Electrical Circuit Breaker Manufacturer in China Low Voltage Electrical Supplier | TOSUNlux\",\"isPartOf\":{\"@id\":\"https:\\\/\\\/www.tosunlux.eu\\\/ru\\\/#website\"},\"primaryImageOfPage\":{\"@id\":\"https:\\\/\\\/www.tosunlux.eu\\\/hi\\\/products\\\/three-phase-voltage-relay-trv8\\\/#primaryimage\"},\"image\":{\"@id\":\"https:\\\/\\\/www.tosunlux.eu\\\/hi\\\/products\\\/three-phase-voltage-relay-trv8\\\/#primaryimage\"},\"thumbnailUrl\":\"https:\\\/\\\/www.tosunlux.eu\\\/wp-content\\\/uploads\\\/2022\\\/04\\\/dimension-1024x559.jpg\",\"datePublished\":\"2022-04-14T05:03:00+00:00\",\"dateModified\":\"2023-09-13T02:55:31+00:00\",\"description\":\"Three Phase Voltage Relay TRV8 Supplier - Wholesale direct from TOSUNlux, a trusted manufacturer since 1994. Get your B2B factory quote on our certified Low Voltage electrical products.\",\"breadcrumb\":{\"@id\":\"https:\\\/\\\/www.tosunlux.eu\\\/hi\\\/products\\\/three-phase-voltage-relay-trv8\\\/#breadcrumb\"},\"inLanguage\":\"tr\",\"potentialAction\":[{\"@type\":\"ReadAction\",\"target\":[\"https:\\\/\\\/www.tosunlux.eu\\\/hi\\\/products\\\/three-phase-voltage-relay-trv8\\\/\"]}]},{\"@type\":\"ImageObject\",\"inLanguage\":\"tr\",\"@id\":\"https:\\\/\\\/www.tosunlux.eu\\\/hi\\\/products\\\/three-phase-voltage-relay-trv8\\\/#primaryimage\",\"url\":\"https:\\\/\\\/www.tosunlux.eu\\\/wp-content\\\/uploads\\\/2022\\\/04\\\/dimension-1024x559.jpg\",\"contentUrl\":\"https:\\\/\\\/www.tosunlux.eu\\\/wp-content\\\/uploads\\\/2022\\\/04\\\/dimension-1024x559.jpg\"},{\"@type\":\"BreadcrumbList\",\"@id\":\"https:\\\/\\\/www.tosunlux.eu\\\/hi\\\/products\\\/three-phase-voltage-relay-trv8\\\/#breadcrumb\",\"itemListElement\":[{\"@type\":\"ListItem\",\"position\":1,\"name\":\"Home\",\"item\":\"https:\\\/\\\/www.tosunlux.eu\\\/ru\\\/\"},{\"@type\":\"ListItem\",\"position\":2,\"name\":\"Products\",\"item\":\"https:\\\/\\\/www.tosunlux.eu\\\/products\\\/\"},{\"@type\":\"ListItem\",\"position\":3,\"name\":\"Three Phase Voltage Relay TRV8\"}]},{\"@type\":\"WebSite\",\"@id\":\"https:\\\/\\\/www.tosunlux.eu\\\/ru\\\/#website\",\"url\":\"https:\\\/\\\/www.tosunlux.eu\\\/ru\\\/\",\"name\":\"TOSUNlux Official Site - Electrical Circuit Breaker Manufacturer in China\",\"description\":\"Power Distribution System Supplier\",\"publisher\":{\"@id\":\"https:\\\/\\\/www.tosunlux.eu\\\/ru\\\/#organization\"},\"alternateName\":\"TOSUNlux\",\"potentialAction\":[{\"@type\":\"SearchAction\",\"target\":{\"@type\":\"EntryPoint\",\"urlTemplate\":\"https:\\\/\\\/www.tosunlux.eu\\\/ru\\\/?s={search_term_string}\"},\"query-input\":{\"@type\":\"PropertyValueSpecification\",\"valueRequired\":true,\"valueName\":\"search_term_string\"}}],\"inLanguage\":\"tr\"},{\"@type\":\"Organization\",\"@id\":\"https:\\\/\\\/www.tosunlux.eu\\\/ru\\\/#organization\",\"name\":\"TOSUNlux\",\"url\":\"https:\\\/\\\/www.tosunlux.eu\\\/ru\\\/\",\"logo\":{\"@type\":\"ImageObject\",\"inLanguage\":\"tr\",\"@id\":\"https:\\\/\\\/www.tosunlux.eu\\\/ru\\\/#\\\/schema\\\/logo\\\/image\\\/\",\"url\":\"https:\\\/\\\/www.tosunlux.eu\\\/wp-content\\\/uploads\\\/2022\\\/01\\\/LOGOSYSM.71762f1.png\",\"contentUrl\":\"https:\\\/\\\/www.tosunlux.eu\\\/wp-content\\\/uploads\\\/2022\\\/01\\\/LOGOSYSM.71762f1.png\",\"width\":153,\"height\":55,\"caption\":\"TOSUNlux\"},\"image\":{\"@id\":\"https:\\\/\\\/www.tosunlux.eu\\\/ru\\\/#\\\/schema\\\/logo\\\/image\\\/\"},\"sameAs\":[\"https:\\\/\\\/www.facebook.com\\\/TOSUNelectric\\\/\",\"https:\\\/\\\/www.linkedin.com\\\/company\\\/wenzhou-tosun-electric-co.-ltd\\\/\"]}]}<\/script>\n<!-- \/ Yoast SEO plugin. -->","yoast_head_json":{"title":"Toptan \u00dc\u00e7 Fazl\u0131 Gerilim R\u00f6lesi TRV8 - TOSUNlux Resmi Sitesi - \u00c7in&#039;de Elektrik Sigortas\u0131 \u00dcreticisi ve D\u00fc\u015f\u00fck Voltajl\u0131 Elektrik Tedarik\u00e7isi | TOSUNlux","description":"\u00dc\u00e7 Fazl\u0131 Gerilim R\u00f6lesi TRV8 Tedarik\u00e7isi - 1994&#039;ten beri g\u00fcvenilir bir \u00fcretici olan TOSUNlux&#039;tan do\u011frudan toptan sat\u0131\u015f. Sertifikal\u0131 D\u00fc\u015f\u00fck Gerilim elektrik \u00fcr\u00fcnlerimiz i\u00e7in B2B fabrika fiyat teklifinizi al\u0131n.","robots":{"index":"index","follow":"follow","max-snippet":"max-snippet:-1","max-image-preview":"max-image-preview:large","max-video-preview":"max-video-preview:-1"},"canonical":"https:\/\/www.tosunlux.eu\/tr\/products\/three-phase-voltage-relay-trv8\/","og_locale":"tr_TR","og_type":"article","og_title":"WholesaleThree Phase Voltage Relay TRV8 - TOSUNlux Official Site - Electrical Circuit Breaker Manufacturer in China Low Voltage Electrical Supplier | TOSUNlux","og_description":"Three Phase Voltage Relay TRV8 Supplier - Wholesale direct from TOSUNlux, a trusted manufacturer since 1994. Get your B2B factory quote on our certified Low Voltage electrical products.","og_url":"https:\/\/www.tosunlux.eu\/tr\/products\/three-phase-voltage-relay-trv8\/","og_site_name":"TOSUNlux Official Site - Electrical Circuit Breaker Manufacturer in China","article_publisher":"https:\/\/www.facebook.com\/TOSUNelectric\/","article_modified_time":"2023-09-13T02:55:31+00:00","og_image":[{"url":"https:\/\/www.tosunlux.eu\/wp-content\/uploads\/2022\/04\/dimension-1024x559.jpg","type":"","width":"","height":""}],"twitter_card":"summary_large_image","twitter_misc":{"Tahmini okuma s\u00fcresi":"1 dakika"},"schema":{"@context":"https:\/\/schema.org","@graph":[{"@type":"WebPage","@id":"https:\/\/www.tosunlux.eu\/hi\/products\/three-phase-voltage-relay-trv8\/","url":"https:\/\/www.tosunlux.eu\/hi\/products\/three-phase-voltage-relay-trv8\/","name":"Toptan \u00dc\u00e7 Fazl\u0131 Gerilim R\u00f6lesi TRV8 - TOSUNlux Resmi Sitesi - \u00c7in&#039;de Elektrik Sigortas\u0131 \u00dcreticisi ve D\u00fc\u015f\u00fck Voltajl\u0131 Elektrik Tedarik\u00e7isi | TOSUNlux","isPartOf":{"@id":"https:\/\/www.tosunlux.eu\/ru\/#website"},"primaryImageOfPage":{"@id":"https:\/\/www.tosunlux.eu\/hi\/products\/three-phase-voltage-relay-trv8\/#primaryimage"},"image":{"@id":"https:\/\/www.tosunlux.eu\/hi\/products\/three-phase-voltage-relay-trv8\/#primaryimage"},"thumbnailUrl":"https:\/\/www.tosunlux.eu\/wp-content\/uploads\/2022\/04\/dimension-1024x559.jpg","datePublished":"2022-04-14T05:03:00+00:00","dateModified":"2023-09-13T02:55:31+00:00","description":"\u00dc\u00e7 Fazl\u0131 Gerilim R\u00f6lesi TRV8 Tedarik\u00e7isi - 1994&#039;ten beri g\u00fcvenilir bir \u00fcretici olan TOSUNlux&#039;tan do\u011frudan toptan sat\u0131\u015f. Sertifikal\u0131 D\u00fc\u015f\u00fck Gerilim elektrik \u00fcr\u00fcnlerimiz i\u00e7in B2B fabrika fiyat teklifinizi al\u0131n.","breadcrumb":{"@id":"https:\/\/www.tosunlux.eu\/hi\/products\/three-phase-voltage-relay-trv8\/#breadcrumb"},"inLanguage":"tr","potentialAction":[{"@type":"ReadAction","target":["https:\/\/www.tosunlux.eu\/hi\/products\/three-phase-voltage-relay-trv8\/"]}]},{"@type":"ImageObject","inLanguage":"tr","@id":"https:\/\/www.tosunlux.eu\/hi\/products\/three-phase-voltage-relay-trv8\/#primaryimage","url":"https:\/\/www.tosunlux.eu\/wp-content\/uploads\/2022\/04\/dimension-1024x559.jpg","contentUrl":"https:\/\/www.tosunlux.eu\/wp-content\/uploads\/2022\/04\/dimension-1024x559.jpg"},{"@type":"BreadcrumbList","@id":"https:\/\/www.tosunlux.eu\/hi\/products\/three-phase-voltage-relay-trv8\/#breadcrumb","itemListElement":[{"@type":"ListItem","position":1,"name":"Home","item":"https:\/\/www.tosunlux.eu\/ru\/"},{"@type":"ListItem","position":2,"name":"Products","item":"https:\/\/www.tosunlux.eu\/products\/"},{"@type":"ListItem","position":3,"name":"Three Phase Voltage Relay TRV8"}]},{"@type":"WebSite","@id":"https:\/\/www.tosunlux.eu\/ru\/#website","url":"https:\/\/www.tosunlux.eu\/ru\/","name":"TOSUNlux Resmi Sitesi - \u00c7in&#039;de Elektrik Sigortas\u0131 \u00dcreticisi","description":"G\u00fc\u00e7 Da\u011f\u0131t\u0131m Sistemi Tedarik\u00e7isi","publisher":{"@id":"https:\/\/www.tosunlux.eu\/ru\/#organization"},"alternateName":"TOSUNlux","potentialAction":[{"@type":"SearchAction","target":{"@type":"EntryPoint","urlTemplate":"https:\/\/www.tosunlux.eu\/ru\/?s={search_term_string}"},"query-input":{"@type":"PropertyValueSpecification","valueRequired":true,"valueName":"search_term_string"}}],"inLanguage":"tr"},{"@type":"Organization","@id":"https:\/\/www.tosunlux.eu\/ru\/#organization","name":"TOSUNlux","url":"https:\/\/www.tosunlux.eu\/ru\/","logo":{"@type":"ImageObject","inLanguage":"tr","@id":"https:\/\/www.tosunlux.eu\/ru\/#\/schema\/logo\/image\/","url":"https:\/\/www.tosunlux.eu\/wp-content\/uploads\/2022\/01\/LOGOSYSM.71762f1.png","contentUrl":"https:\/\/www.tosunlux.eu\/wp-content\/uploads\/2022\/01\/LOGOSYSM.71762f1.png","width":153,"height":55,"caption":"TOSUNlux"},"image":{"@id":"https:\/\/www.tosunlux.eu\/ru\/#\/schema\/logo\/image\/"},"sameAs":["https:\/\/www.facebook.com\/TOSUNelectric\/","https:\/\/www.linkedin.com\/company\/wenzhou-tosun-electric-co.-ltd\/"]}]}},"_links":{"self":[{"href":"https:\/\/www.tosunlux.eu\/tr\/wp-json\/wp\/v2\/product\/1097","targetHints":{"allow":["GET"]}}],"collection":[{"href":"https:\/\/www.tosunlux.eu\/tr\/wp-json\/wp\/v2\/product"}],"about":[{"href":"https:\/\/www.tosunlux.eu\/tr\/wp-json\/wp\/v2\/types\/product"}],"version-history":[{"count":1,"href":"https:\/\/www.tosunlux.eu\/tr\/wp-json\/wp\/v2\/product\/1097\/revisions"}],"predecessor-version":[{"id":8032,"href":"https:\/\/www.tosunlux.eu\/tr\/wp-json\/wp\/v2\/product\/1097\/revisions\/8032"}],"wp:attachment":[{"href":"https:\/\/www.tosunlux.eu\/tr\/wp-json\/wp\/v2\/media?parent=1097"}],"wp:term":[{"taxonomy":"product_category","embeddable":true,"href":"https:\/\/www.tosunlux.eu\/tr\/wp-json\/wp\/v2\/product_category?post=1097"}],"curies":[{"name":"wp","href":"https:\/\/api.w.org\/{rel}","templated":true}]}}