{"id":1113,"date":"2022-04-14T15:19:47","date_gmt":"2022-04-14T07:19:47","guid":{"rendered":"https:\/\/www.tosunlux.eu\/?post_type=product&#038;p=1113"},"modified":"2024-07-23T09:06:45","modified_gmt":"2024-07-23T01:06:45","slug":"multifunction-time-relay-trt8","status":"publish","type":"product","link":"https:\/\/www.tosunlux.eu\/tr\/products\/multifunction-time-relay-trt8\/","title":{"rendered":"\u00c7ok Fonksiyonlu Zaman R\u00f6lesi TRT8"},"content":{"rendered":"<meta charset=\"utf-8\">\n\t\t\t<title><\/title>\n\t\t\t<style type=\"text\/css\">\n\t\t\t\t.wzf-icon2 {\n\t\t\t\t\tmargin-left: auto;\n\t\t\t\t}\n\n\t\t\t\t.wzf-catalogueName {\n\t\t\t\t\tmargin-left: 5%;\n\t\t\t\t}\n\n\t\t\t\t.wzf-catalogueName:hover {\n\t\t\t\t\tcolor: #1fc2db;\n\t\t\t\t}\n\n\t\t\t\t.wzf-catalogueTime {\n\t\t\t\t\tmargin-left: 20%;\n\t\t\t\t}\n\n\t\t\t\t.wzf-catalogueDownload {\n\t\t\t\t\tdisplay: flex;\n\t\t\t\t\talign-items: center;\n\t\t\t\t\twidth: 100%;\n\t\t\t\t\t\/* Adjust width if needed *\/\n\t\t\t\t\tpadding: 5px;\n\t\t\t\t\tborder: 0.5px solid gray;\n                                        margin-top:1%;\n                                        margin-botton:100%;\n\t\t\t\t}\n\t\t\t<\/style>\n\t\t\n\t\t\n\t\t\t<div class=\"wzf-catalogueDownload\">\n\t\t\t\t<div class=\"wzf-icon1\">\n\t\t\t\t\t<svg t=\"1712644465367\" viewbox=\"0 0 1024 1024\" version=\"1.1\" xmlns=\"http:\/\/www.w3.org\/2000\/svg\" p-id=\"4313\" width=\"25\" height=\"25\">\n\t\t\t\t\t\t<path d=\"M679.814 62.381H128.692v897.177h768.434V255.079L679.814 62.381zM203.758 890.606V131.333h414.026v188.205H822.06v571.068H203.758z\" fill=\"#1fc2db\" p-id=\"4314\"><\/path>\n\t\t\t\t\t\t<path d=\"M293.825 417.364H746.64v67.229H293.825zM293.825 577.709H746.64v67.229H293.825zM293.825 738.054H746.64v67.229H293.825z\" fill=\"#1fc2db\" p-id=\"4315\"><\/path>\n\t\t\t\t\t<\/svg>\n\t\t\t\t<\/div>\n\t\t\t\t<div class=\"wzf-catalogueName\">\n\t\t\t\t\t<a target=\"_blank\" href=\"https:\/\/www.tosunlux.eu\/wp-content\/uploads\/2022\/05\/230200374SHA-V1.pdf\" rel=\"noopener\">\u0130sim<\/a>\n\t\t\t\t<\/div>\n\t\t\t\t<div class=\"wzf-catalogueTime\">\n\t\t\t\t\tZaman\n\t\t\t\t<\/div>\n\t\t\t\t<div class=\"wzf-icon2\">\n\t\t\t\t\t<a target=\"_blank\" href=\"https:\/\/www.tosunlux.eu\/wp-content\/uploads\/2022\/05\/230200374SHA-V1.pdf\" rel=\"noopener\"><svg t=\"1712644684655\" viewbox=\"0 0 1024 1024\" version=\"1.1\" xmlns=\"http:\/\/www.w3.org\/2000\/svg\" p-id=\"6258\" width=\"25\" height=\"25\">\n\t\t\t\t\t\t\t<path d=\"M512 32C246.4 32 32 246.4 32 512s214.4 480 480 480 480-214.4 480-480S777.6 32 512 32z m-134.4 390.4c12.8-12.8 32-12.8 44.8 0l54.4 54.4V224c0-19.2 12.8-32 32-32s32 12.8 32 32v249.6l54.4-54.4c12.8-12.8 32-12.8 44.8 0 12.8 12.8 12.8 32 0 44.8L531.2 576c-6.4 6.4-16 9.6-22.4 9.6-9.6 0-16-3.2-22.4-9.6l-108.8-108.8c-9.6-12.8-9.6-32 0-44.8zM800 697.6c0 38.4-32 70.4-67.2 70.4H291.2C256 768 224 736 224 697.6V544c0-19.2 12.8-32 32-32s32 12.8 32 32v153.6c0 3.2 3.2 6.4 3.2 6.4h438.4c3.2 0 3.2-3.2 3.2-6.4V544c0-19.2 12.8-32 32-32s32 12.8 32 32v153.6z\" p-id=\"6259\" fill=\"#1fc2db\"><\/path>\n\t\t\t\t\t\t<\/svg><\/a>\n\t\t\t\t<\/div>\n\t\t\t<\/div>\n\n\n\n<pre class=\"wp-block-verse\"><strong>Uygulamalar<\/strong>\n\u00c7ok i\u015flevli zaman r\u00f6lesi elektrikli cihazlar, \u0131\u015f\u0131klar\u0131n kontrol\u00fc, \u0131s\u0131tma, motorlar, pompalar ve fanlar i\u00e7in kullan\u0131labilir (10 fonksiyon, 10 zaman aral\u0131\u011f\u0131 \u00e7oklu voltaj).\n<strong>\u00d6zellikler<\/strong>\n10 fonksiyon: - Besleme voltaj\u0131yla kontrol edilen 5 zaman fonksiyonu - Kontrol giri\u015fiyle kontrol edilen 4 zaman fonksiyonu - Mandal r\u00f6lesinin 1 fonksiyonu D\u00f6ner anahtarlarla rahat ve iyi d\u00fczenlenmi\u015f fonksiyon ve zaman aral\u0131\u011f\u0131 ayar\u0131. Zaman \u00f6l\u00e7e\u011fi 0,1sn-10 g\u00fcn 10 aral\u0131\u011fa b\u00f6l\u00fcnm\u00fc\u015ft\u00fcr. R\u00f6le durumu LED ile g\u00f6sterilir. 1-MOD\u00dcL, DIN ray montaj\u0131.\n<strong>Teknik Parametreler<\/strong>\n<\/pre>\n\n\n<table style=\"height: 823px;\" width=\"588\">\n<tbody>\n<tr>\n<td style=\"text-align: center;\" colspan=\"2\" width=\"175\"><span style=\"vertical-align: inherit;\"><span style=\"vertical-align: inherit;\">\u00d6rnek<\/span><\/span><\/td>\n<td style=\"text-align: center;\" colspan=\"2\" width=\"159\"><span style=\"vertical-align: inherit;\"><span style=\"vertical-align: inherit;\">TRT8-M1<\/span><\/span><\/td>\n<td style=\"text-align: center;\" colspan=\"2\" width=\"200\"><span style=\"vertical-align: inherit;\"><span style=\"vertical-align: inherit;\">TRT8-M2<\/span><\/span><\/td>\n<\/tr>\n<tr>\n<td style=\"text-align: center;\" colspan=\"2\" width=\"175\"><span style=\"vertical-align: inherit;\"><span style=\"vertical-align: inherit;\">\u0130\u015flev<\/span><\/span><\/td>\n<td style=\"text-align: center;\" colspan=\"4\" width=\"359\"><span style=\"vertical-align: inherit;\"><span style=\"vertical-align: inherit;\">A, B, C, D, E, F, G, H, I, J<\/span><\/span><\/td>\n<\/tr>\n<tr>\n<td style=\"text-align: center;\" colspan=\"2\" width=\"175\">Tedarik Terminalleri<\/td>\n<td style=\"text-align: center;\" colspan=\"4\" width=\"359\"><span style=\"vertical-align: inherit;\"><span style=\"vertical-align: inherit;\">A1-A2<\/span><\/span><\/td>\n<\/tr>\n<tr>\n<td style=\"text-align: center;\">Voltaj Aral\u0131\u011f\u0131<\/td>\n<td style=\"text-align: center;\" rowspan=\"2\" width=\"72\"><span style=\"vertical-align: inherit;\"><span style=\"vertical-align: inherit;\">W240<\/span><\/span><\/td>\n<td style=\"text-align: center;\" colspan=\"4\" width=\"359\"><span style=\"vertical-align: inherit;\"><span style=\"vertical-align: inherit;\">AC\/DC 12-240V(50-60Hz)<\/span><\/span><\/td>\n<\/tr>\n<tr>\n<td style=\"text-align: center;\" width=\"103\">Y\u00fck&nbsp;<\/td>\n<td style=\"text-align: center;\" colspan=\"4\" width=\"359\"><span style=\"vertical-align: inherit;\"><span style=\"vertical-align: inherit;\">AC 0,09-3VA\/DC 0,05-1,7W<\/span><\/span><\/td>\n<\/tr>\n<tr>\n<td style=\"text-align: center;\">G\u00fc\u00e7 Giri\u015fi<\/td>\n<td style=\"text-align: center;\" rowspan=\"2\" width=\"72\"><span style=\"vertical-align: inherit;\"><span style=\"vertical-align: inherit;\">A230<\/span><\/span><\/td>\n<td style=\"text-align: center;\" colspan=\"4\" width=\"359\"><span style=\"vertical-align: inherit;\"><span style=\"vertical-align: inherit;\">AC 230V(50-60Hz)<\/span><\/span><\/td>\n<\/tr>\n<tr>\n<td style=\"text-align: center;\">Voltaj Aral\u0131\u011f\u0131<\/td>\n<td style=\"text-align: center;\" colspan=\"3\" width=\"231\"><span style=\"vertical-align: inherit;\"><span style=\"vertical-align: inherit;\">AC maks.6VA\/1.3W<\/span><\/span><\/td>\n<td style=\"text-align: center;\"><span style=\"vertical-align: inherit;\"><span style=\"vertical-align: inherit;\">AC maks.6VA\/1.9W<\/span><\/span><\/td>\n<\/tr>\n<tr>\n<td style=\"text-align: center;\" colspan=\"2\" width=\"175\">Besleme Gerilimi Tolerans\u0131<\/td>\n<td style=\"text-align: center;\" colspan=\"4\" width=\"359\"><span style=\"vertical-align: inherit;\"><span style=\"vertical-align: inherit;\">-15%;+10%<\/span><\/span><\/td>\n<\/tr>\n<tr>\n<td style=\"text-align: center;\" colspan=\"2\" width=\"175\">Tedarik G\u00f6stergesi<\/td>\n<td style=\"text-align: center;\" colspan=\"4\" width=\"359\"><span style=\"vertical-align: inherit;\"><span style=\"vertical-align: inherit;\">&nbsp;Ye\u015fil LED<\/span><\/span><\/td>\n<\/tr>\n<tr>\n<td style=\"text-align: center;\" colspan=\"2\" width=\"175\">Zaman Aral\u0131klar\u0131<\/td>\n<td style=\"text-align: center;\" colspan=\"4\" width=\"359\">0,1s-10g\u00fcn,A\u00c7IK,KAPALI<\/td>\n<\/tr>\n<tr>\n<td style=\"text-align: center;\" colspan=\"2\" width=\"175\">Zaman Ayar\u0131<\/td>\n<td style=\"text-align: center;\" colspan=\"4\" width=\"359\">Potansiyometre<\/td>\n<\/tr>\n<tr>\n<td style=\"text-align: center;\" colspan=\"2\" width=\"175\">Zaman Sapmas\u0131<\/td>\n<td style=\"text-align: center;\" colspan=\"4\" width=\"359\"><span style=\"vertical-align: inherit;\"><span style=\"vertical-align: inherit;\">10%-mekanik ayar<\/span><\/span><\/td>\n<\/tr>\n<tr>\n<td style=\"text-align: center;\" colspan=\"2\" width=\"175\">Tekrarlama Do\u011frulu\u011fu<\/td>\n<td style=\"text-align: center;\" colspan=\"4\" width=\"359\"><span style=\"vertical-align: inherit;\"><span style=\"vertical-align: inherit;\">0.2%-set de\u011feri kararl\u0131l\u0131\u011f\u0131<\/span><\/span><\/td>\n<\/tr>\n<tr>\n<td style=\"text-align: center;\" colspan=\"2\" width=\"175\">S\u0131cakl\u0131k Katsay\u0131s\u0131<\/td>\n<td style=\"text-align: center;\" colspan=\"4\" width=\"359\"><span style=\"vertical-align: inherit;\"><span style=\"vertical-align: inherit;\">&nbsp;0,05%\/\u2103, 20\u00b0C&#039;de (0,05%\u00b0F, 68\u00b0F&#039;de)<\/span><\/span><\/td>\n<\/tr>\n<tr>\n<td style=\"text-align: center;\" colspan=\"2\" width=\"175\">\u00c7\u0131kt\u0131<\/td>\n<td style=\"text-align: center;\" width=\"87\">1xSPDT<\/td>\n<td style=\"text-align: center;\" colspan=\"3\" width=\"272\">2xSPDT<\/td>\n<\/tr>\n<tr>\n<td style=\"text-align: center;\" colspan=\"2\" width=\"175\">G\u00fcncel Derecelendirme<\/td>\n<td style=\"text-align: center;\"><span style=\"vertical-align: inherit;\"><span style=\"vertical-align: inherit;\">1x16A(AC1)<\/span><\/span><\/td>\n<td style=\"text-align: center;\" colspan=\"3\" width=\"272\"><span style=\"vertical-align: inherit;\"><span style=\"vertical-align: inherit;\">2x16A(AC1)<\/span><\/span><\/td>\n<\/tr>\n<tr>\n<td style=\"text-align: center;\" colspan=\"2\" width=\"175\">Anahtarlama Voltaj\u0131<\/td>\n<td style=\"text-align: center;\" colspan=\"4\" width=\"359\"><span style=\"vertical-align: inherit;\"><span style=\"vertical-align: inherit;\">250VAC\/24VDC<\/span><\/span><\/td>\n<\/tr>\n<tr>\n<td style=\"text-align: center;\" colspan=\"2\" width=\"175\">Min.K\u0131rma Kapasitesi DC<\/td>\n<td style=\"text-align: center;\" colspan=\"4\" width=\"359\"><span style=\"vertical-align: inherit;\"><span style=\"vertical-align: inherit;\">500mW<\/span><\/span><\/td>\n<\/tr>\n<tr>\n<td style=\"text-align: center;\" colspan=\"2\" width=\"175\">\u00c7\u0131k\u0131\u015f G\u00f6stergesi<\/td>\n<td style=\"text-align: center;\" colspan=\"4\" width=\"359\"><span style=\"vertical-align: inherit;\"><span style=\"vertical-align: inherit;\">K\u0131rm\u0131z\u0131 LED<\/span><\/span><\/td>\n<\/tr>\n<tr>\n<td style=\"text-align: center;\" colspan=\"2\" width=\"175\">Mekanik Ya\u015fam<\/td>\n<td style=\"text-align: center;\" colspan=\"4\" width=\"359\"><span style=\"vertical-align: inherit;\"><span style=\"vertical-align: inherit;\">1\u00d710000000 kez<\/span><\/span><\/td>\n<\/tr>\n<tr>\n<td style=\"text-align: center;\" colspan=\"2\" width=\"175\">Elektriksel \u00d6m\u00fcr (AC1)<\/td>\n<td style=\"text-align: center;\" colspan=\"4\" width=\"359\"><span style=\"vertical-align: inherit;\"><span style=\"vertical-align: inherit;\">1\u00d7100000 kez<\/span><\/span><\/td>\n<\/tr>\n<tr>\n<td style=\"text-align: center;\" colspan=\"2\" width=\"175\">S\u0131f\u0131rlama Zaman\u0131<\/td>\n<td style=\"text-align: center;\" colspan=\"4\" width=\"359\"><span style=\"vertical-align: inherit;\"><span style=\"vertical-align: inherit;\">en fazla 200ms<\/span><\/span><\/td>\n<\/tr>\n<tr>\n<td style=\"text-align: center;\" colspan=\"2\" width=\"175\">\u00c7al\u0131\u015fma S\u0131cakl\u0131\u011f\u0131<\/td>\n<td style=\"text-align: center;\" colspan=\"4\" width=\"359\"><span style=\"vertical-align: inherit;\"><span style=\"vertical-align: inherit;\">&nbsp;-20\u2103 ila + 55\u2103\uff08-4\u00b0F ila 131\u00b0F\uff09<\/span><\/span><\/td>\n<\/tr>\n<tr>\n<td style=\"text-align: center;\" colspan=\"2\" width=\"175\">Depolama S\u0131cakl\u0131\u011f\u0131<\/td>\n<td style=\"text-align: center;\" colspan=\"4\" width=\"359\"><span style=\"vertical-align: inherit;\"><span style=\"vertical-align: inherit;\">&nbsp;-35\u00b0C ila + 75\u00b0C\uff08-22\u00b0C ila 158\u00b0C\uff09<\/span><\/span><\/td>\n<\/tr>\n<tr>\n<td style=\"text-align: center;\" colspan=\"2\" width=\"175\">Standartlar<\/td>\n<td style=\"text-align: center;\" colspan=\"4\" width=\"359\"><span style=\"vertical-align: inherit;\"><span style=\"vertical-align: inherit;\">EN 61812-1\u3001IEC6947-5-1<\/span><\/span><\/td>\n<\/tr>\n<\/tbody>\n<\/table>\n\n\n<figure><img fetchpriority=\"high\" decoding=\"async\" src=\"https:\/\/www.tosunlux.eu\/wp-content\/uploads\/2022\/04\/TRT8-1-1024x493.jpg\" alt=\"\" width=\"549\" height=\"264\"\/><\/figure>","protected":false},"parent":0,"template":"","product_category":[35,92],"class_list":["post-1113","product","type-product","status-publish","hentry","product_category-industrial-control-devices","product_category-timer-relay"],"yoast_head":"<!-- This site is optimized with the Yoast SEO plugin v27.5 - https:\/\/yoast.com\/product\/yoast-seo-wordpress\/ -->\n<title>WholesaleMultifunction Time Relay TRT8 - TOSUNlux Official Site - Electrical Circuit Breaker Manufacturer in China Low Voltage Electrical Supplier | TOSUNlux<\/title>\n<meta name=\"description\" content=\"Multifunction Time Relay TRT8 Supplier - Wholesale direct from TOSUNlux, a trusted manufacturer since 1994. Get your B2B factory quote on our certified Low Voltage electrical products.\" \/>\n<meta name=\"robots\" content=\"index, follow, max-snippet:-1, max-image-preview:large, max-video-preview:-1\" \/>\n<link rel=\"canonical\" href=\"https:\/\/www.tosunlux.eu\/tr\/products\/multifunction-time-relay-trt8\/\" \/>\n<meta property=\"og:locale\" content=\"tr_TR\" \/>\n<meta property=\"og:type\" content=\"article\" \/>\n<meta property=\"og:title\" content=\"WholesaleMultifunction Time Relay TRT8 - TOSUNlux Official Site - Electrical Circuit Breaker Manufacturer in China Low Voltage Electrical Supplier | TOSUNlux\" \/>\n<meta property=\"og:description\" content=\"Multifunction Time Relay TRT8 Supplier - Wholesale direct from TOSUNlux, a trusted manufacturer since 1994. Get your B2B factory quote on our certified Low Voltage electrical products.\" \/>\n<meta property=\"og:url\" content=\"https:\/\/www.tosunlux.eu\/tr\/products\/multifunction-time-relay-trt8\/\" \/>\n<meta property=\"og:site_name\" content=\"TOSUNlux Official Site - Electrical Circuit Breaker Manufacturer in China\" \/>\n<meta property=\"article:publisher\" content=\"https:\/\/www.facebook.com\/TOSUNelectric\/\" \/>\n<meta property=\"article:modified_time\" content=\"2024-07-23T01:06:45+00:00\" \/>\n<meta property=\"og:image\" content=\"https:\/\/www.tosunlux.eu\/wp-content\/uploads\/2022\/04\/TRT8-1-1024x493.jpg\" \/>\n<meta name=\"twitter:card\" content=\"summary_large_image\" \/>\n<meta name=\"twitter:label1\" content=\"Tahmini okuma s\u00fcresi\" \/>\n\t<meta name=\"twitter:data1\" content=\"2 dakika\" \/>\n<script type=\"application\/ld+json\" class=\"yoast-schema-graph\">{\"@context\":\"https:\\\/\\\/schema.org\",\"@graph\":[{\"@type\":\"WebPage\",\"@id\":\"https:\\\/\\\/www.tosunlux.eu\\\/tr\\\/products\\\/multifunction-time-relay-trt8\\\/\",\"url\":\"https:\\\/\\\/www.tosunlux.eu\\\/tr\\\/products\\\/multifunction-time-relay-trt8\\\/\",\"name\":\"WholesaleMultifunction Time Relay TRT8 - TOSUNlux Official Site - Electrical Circuit Breaker Manufacturer in China Low Voltage Electrical Supplier | TOSUNlux\",\"isPartOf\":{\"@id\":\"https:\\\/\\\/www.tosunlux.eu\\\/ru\\\/#website\"},\"primaryImageOfPage\":{\"@id\":\"https:\\\/\\\/www.tosunlux.eu\\\/tr\\\/products\\\/multifunction-time-relay-trt8\\\/#primaryimage\"},\"image\":{\"@id\":\"https:\\\/\\\/www.tosunlux.eu\\\/tr\\\/products\\\/multifunction-time-relay-trt8\\\/#primaryimage\"},\"thumbnailUrl\":\"https:\\\/\\\/www.tosunlux.eu\\\/wp-content\\\/uploads\\\/2022\\\/04\\\/TRT8-1-1024x493.jpg\",\"datePublished\":\"2022-04-14T07:19:47+00:00\",\"dateModified\":\"2024-07-23T01:06:45+00:00\",\"description\":\"Multifunction Time Relay TRT8 Supplier - Wholesale direct from TOSUNlux, a trusted manufacturer since 1994. Get your B2B factory quote on our certified Low Voltage electrical products.\",\"breadcrumb\":{\"@id\":\"https:\\\/\\\/www.tosunlux.eu\\\/tr\\\/products\\\/multifunction-time-relay-trt8\\\/#breadcrumb\"},\"inLanguage\":\"tr\",\"potentialAction\":[{\"@type\":\"ReadAction\",\"target\":[\"https:\\\/\\\/www.tosunlux.eu\\\/tr\\\/products\\\/multifunction-time-relay-trt8\\\/\"]}]},{\"@type\":\"ImageObject\",\"inLanguage\":\"tr\",\"@id\":\"https:\\\/\\\/www.tosunlux.eu\\\/tr\\\/products\\\/multifunction-time-relay-trt8\\\/#primaryimage\",\"url\":\"https:\\\/\\\/www.tosunlux.eu\\\/wp-content\\\/uploads\\\/2022\\\/04\\\/TRT8-1-1024x493.jpg\",\"contentUrl\":\"https:\\\/\\\/www.tosunlux.eu\\\/wp-content\\\/uploads\\\/2022\\\/04\\\/TRT8-1-1024x493.jpg\"},{\"@type\":\"BreadcrumbList\",\"@id\":\"https:\\\/\\\/www.tosunlux.eu\\\/tr\\\/products\\\/multifunction-time-relay-trt8\\\/#breadcrumb\",\"itemListElement\":[{\"@type\":\"ListItem\",\"position\":1,\"name\":\"Home\",\"item\":\"https:\\\/\\\/www.tosunlux.eu\\\/ru\\\/\"},{\"@type\":\"ListItem\",\"position\":2,\"name\":\"Products\",\"item\":\"https:\\\/\\\/www.tosunlux.eu\\\/products\\\/\"},{\"@type\":\"ListItem\",\"position\":3,\"name\":\"Multifunction Time Relay TRT8\"}]},{\"@type\":\"WebSite\",\"@id\":\"https:\\\/\\\/www.tosunlux.eu\\\/ru\\\/#website\",\"url\":\"https:\\\/\\\/www.tosunlux.eu\\\/ru\\\/\",\"name\":\"TOSUNlux Official Site - Electrical Circuit Breaker Manufacturer in China\",\"description\":\"Power Distribution System Supplier\",\"publisher\":{\"@id\":\"https:\\\/\\\/www.tosunlux.eu\\\/ru\\\/#organization\"},\"alternateName\":\"TOSUNlux\",\"potentialAction\":[{\"@type\":\"SearchAction\",\"target\":{\"@type\":\"EntryPoint\",\"urlTemplate\":\"https:\\\/\\\/www.tosunlux.eu\\\/ru\\\/?s={search_term_string}\"},\"query-input\":{\"@type\":\"PropertyValueSpecification\",\"valueRequired\":true,\"valueName\":\"search_term_string\"}}],\"inLanguage\":\"tr\"},{\"@type\":\"Organization\",\"@id\":\"https:\\\/\\\/www.tosunlux.eu\\\/ru\\\/#organization\",\"name\":\"TOSUNlux\",\"url\":\"https:\\\/\\\/www.tosunlux.eu\\\/ru\\\/\",\"logo\":{\"@type\":\"ImageObject\",\"inLanguage\":\"tr\",\"@id\":\"https:\\\/\\\/www.tosunlux.eu\\\/ru\\\/#\\\/schema\\\/logo\\\/image\\\/\",\"url\":\"https:\\\/\\\/www.tosunlux.eu\\\/wp-content\\\/uploads\\\/2022\\\/01\\\/LOGOSYSM.71762f1.png\",\"contentUrl\":\"https:\\\/\\\/www.tosunlux.eu\\\/wp-content\\\/uploads\\\/2022\\\/01\\\/LOGOSYSM.71762f1.png\",\"width\":153,\"height\":55,\"caption\":\"TOSUNlux\"},\"image\":{\"@id\":\"https:\\\/\\\/www.tosunlux.eu\\\/ru\\\/#\\\/schema\\\/logo\\\/image\\\/\"},\"sameAs\":[\"https:\\\/\\\/www.facebook.com\\\/TOSUNelectric\\\/\",\"https:\\\/\\\/www.linkedin.com\\\/company\\\/wenzhou-tosun-electric-co.-ltd\\\/\"]}]}<\/script>\n<!-- \/ Yoast SEO plugin. -->","yoast_head_json":{"title":"WholesaleMultifunction Time Relay TRT8 - TOSUNlux Official Site - Electrical Circuit Breaker Manufacturer in China Low Voltage Electrical Supplier | TOSUNlux","description":"Multifunction Time Relay TRT8 Supplier - Wholesale direct from TOSUNlux, a trusted manufacturer since 1994. Get your B2B factory quote on our certified Low Voltage electrical products.","robots":{"index":"index","follow":"follow","max-snippet":"max-snippet:-1","max-image-preview":"max-image-preview:large","max-video-preview":"max-video-preview:-1"},"canonical":"https:\/\/www.tosunlux.eu\/tr\/products\/multifunction-time-relay-trt8\/","og_locale":"tr_TR","og_type":"article","og_title":"WholesaleMultifunction Time Relay TRT8 - TOSUNlux Official Site - Electrical Circuit Breaker Manufacturer in China Low Voltage Electrical Supplier | TOSUNlux","og_description":"Multifunction Time Relay TRT8 Supplier - Wholesale direct from TOSUNlux, a trusted manufacturer since 1994. Get your B2B factory quote on our certified Low Voltage electrical products.","og_url":"https:\/\/www.tosunlux.eu\/tr\/products\/multifunction-time-relay-trt8\/","og_site_name":"TOSUNlux Official Site - Electrical Circuit Breaker Manufacturer in China","article_publisher":"https:\/\/www.facebook.com\/TOSUNelectric\/","article_modified_time":"2024-07-23T01:06:45+00:00","og_image":[{"url":"https:\/\/www.tosunlux.eu\/wp-content\/uploads\/2022\/04\/TRT8-1-1024x493.jpg","type":"","width":"","height":""}],"twitter_card":"summary_large_image","twitter_misc":{"Tahmini okuma s\u00fcresi":"2 dakika"},"schema":{"@context":"https:\/\/schema.org","@graph":[{"@type":"WebPage","@id":"https:\/\/www.tosunlux.eu\/tr\/products\/multifunction-time-relay-trt8\/","url":"https:\/\/www.tosunlux.eu\/tr\/products\/multifunction-time-relay-trt8\/","name":"WholesaleMultifunction Time Relay TRT8 - TOSUNlux Official Site - Electrical Circuit Breaker Manufacturer in China Low Voltage Electrical Supplier | TOSUNlux","isPartOf":{"@id":"https:\/\/www.tosunlux.eu\/ru\/#website"},"primaryImageOfPage":{"@id":"https:\/\/www.tosunlux.eu\/tr\/products\/multifunction-time-relay-trt8\/#primaryimage"},"image":{"@id":"https:\/\/www.tosunlux.eu\/tr\/products\/multifunction-time-relay-trt8\/#primaryimage"},"thumbnailUrl":"https:\/\/www.tosunlux.eu\/wp-content\/uploads\/2022\/04\/TRT8-1-1024x493.jpg","datePublished":"2022-04-14T07:19:47+00:00","dateModified":"2024-07-23T01:06:45+00:00","description":"Multifunction Time Relay TRT8 Supplier - Wholesale direct from TOSUNlux, a trusted manufacturer since 1994. Get your B2B factory quote on our certified Low Voltage electrical products.","breadcrumb":{"@id":"https:\/\/www.tosunlux.eu\/tr\/products\/multifunction-time-relay-trt8\/#breadcrumb"},"inLanguage":"tr","potentialAction":[{"@type":"ReadAction","target":["https:\/\/www.tosunlux.eu\/tr\/products\/multifunction-time-relay-trt8\/"]}]},{"@type":"ImageObject","inLanguage":"tr","@id":"https:\/\/www.tosunlux.eu\/tr\/products\/multifunction-time-relay-trt8\/#primaryimage","url":"https:\/\/www.tosunlux.eu\/wp-content\/uploads\/2022\/04\/TRT8-1-1024x493.jpg","contentUrl":"https:\/\/www.tosunlux.eu\/wp-content\/uploads\/2022\/04\/TRT8-1-1024x493.jpg"},{"@type":"BreadcrumbList","@id":"https:\/\/www.tosunlux.eu\/tr\/products\/multifunction-time-relay-trt8\/#breadcrumb","itemListElement":[{"@type":"ListItem","position":1,"name":"Home","item":"https:\/\/www.tosunlux.eu\/ru\/"},{"@type":"ListItem","position":2,"name":"Products","item":"https:\/\/www.tosunlux.eu\/products\/"},{"@type":"ListItem","position":3,"name":"Multifunction Time Relay TRT8"}]},{"@type":"WebSite","@id":"https:\/\/www.tosunlux.eu\/ru\/#website","url":"https:\/\/www.tosunlux.eu\/ru\/","name":"TOSUNlux Resmi Sitesi - \u00c7in&#039;de Elektrik Sigortas\u0131 \u00dcreticisi","description":"G\u00fc\u00e7 Da\u011f\u0131t\u0131m Sistemi Tedarik\u00e7isi","publisher":{"@id":"https:\/\/www.tosunlux.eu\/ru\/#organization"},"alternateName":"TOSUNlux","potentialAction":[{"@type":"SearchAction","target":{"@type":"EntryPoint","urlTemplate":"https:\/\/www.tosunlux.eu\/ru\/?s={search_term_string}"},"query-input":{"@type":"PropertyValueSpecification","valueRequired":true,"valueName":"search_term_string"}}],"inLanguage":"tr"},{"@type":"Organization","@id":"https:\/\/www.tosunlux.eu\/ru\/#organization","name":"TOSUNlux","url":"https:\/\/www.tosunlux.eu\/ru\/","logo":{"@type":"ImageObject","inLanguage":"tr","@id":"https:\/\/www.tosunlux.eu\/ru\/#\/schema\/logo\/image\/","url":"https:\/\/www.tosunlux.eu\/wp-content\/uploads\/2022\/01\/LOGOSYSM.71762f1.png","contentUrl":"https:\/\/www.tosunlux.eu\/wp-content\/uploads\/2022\/01\/LOGOSYSM.71762f1.png","width":153,"height":55,"caption":"TOSUNlux"},"image":{"@id":"https:\/\/www.tosunlux.eu\/ru\/#\/schema\/logo\/image\/"},"sameAs":["https:\/\/www.facebook.com\/TOSUNelectric\/","https:\/\/www.linkedin.com\/company\/wenzhou-tosun-electric-co.-ltd\/"]}]}},"_links":{"self":[{"href":"https:\/\/www.tosunlux.eu\/tr\/wp-json\/wp\/v2\/product\/1113","targetHints":{"allow":["GET"]}}],"collection":[{"href":"https:\/\/www.tosunlux.eu\/tr\/wp-json\/wp\/v2\/product"}],"about":[{"href":"https:\/\/www.tosunlux.eu\/tr\/wp-json\/wp\/v2\/types\/product"}],"version-history":[{"count":32,"href":"https:\/\/www.tosunlux.eu\/tr\/wp-json\/wp\/v2\/product\/1113\/revisions"}],"predecessor-version":[{"id":13038,"href":"https:\/\/www.tosunlux.eu\/tr\/wp-json\/wp\/v2\/product\/1113\/revisions\/13038"}],"wp:attachment":[{"href":"https:\/\/www.tosunlux.eu\/tr\/wp-json\/wp\/v2\/media?parent=1113"}],"wp:term":[{"taxonomy":"product_category","embeddable":true,"href":"https:\/\/www.tosunlux.eu\/tr\/wp-json\/wp\/v2\/product_category?post=1113"}],"curies":[{"name":"wp","href":"https:\/\/api.w.org\/{rel}","templated":true}]}}