{"id":1139,"date":"2022-04-14T17:29:49","date_gmt":"2022-04-14T09:29:49","guid":{"rendered":"https:\/\/www.tosunlux.eu\/?post_type=product&#038;p=1139"},"modified":"2023-09-13T11:16:47","modified_gmt":"2023-09-13T03:16:47","slug":"level-control-relay-trl8","status":"publish","type":"product","link":"https:\/\/www.tosunlux.eu\/tr\/products\/level-control-relay-trl8\/","title":{"rendered":"Seviye Kontrol R\u00f6lesi TRL8"},"content":{"rendered":"<pre class=\"wp-block-verse\"><strong>Uygulamalar<\/strong>\n\nKuyularda, havuzlarda, rezervuarlarda, tanklarda seviye takibi i\u00e7in tasarlanm\u0131\u015ft\u0131r.\n\n<strong>\u00d6zellik<\/strong>\n\nBir cihazda a\u015fa\u011f\u0131daki konfig\u00fcrasyonlar\u0131 se\u00e7ebilirsiniz: 2 seviye kontrol modu 1 seviye kontrol modu PUMP UP, PUMP DOWM fonksiyon se\u00e7imi. Potansiyometre ile ayarlanabilir hassasiyet (5-100k\u03a9) Galvanik olarak ayr\u0131lm\u0131\u015f besleme gerilimi AC\/DC 24-240V R\u00f6le durumu LED ile g\u00f6sterilir. 1-MOD\u00dcL, DIN ray montaj\u0131.\n\n<strong>Teknik Parametreler<\/strong>\n\n\n<\/pre>\n\n\n<table style=\"height: 894px;\" width=\"581\">\n<tbody>\n<tr>\n<td style=\"text-align: center;\" width=\"196\">\u00d6rnek<\/td>\n<td style=\"text-align: center;\" width=\"128\">TRL8-01<\/td>\n<td style=\"text-align: center;\" width=\"171\">TRL8-02<\/td>\n<\/tr>\n<tr>\n<td style=\"text-align: center;\" width=\"196\">\u0130\u015flev<\/td>\n<td style=\"text-align: center;\" width=\"128\">2 seviyeli kontrol modu<\/td>\n<td style=\"text-align: center;\" width=\"171\">2 veya 1 seviye kontrol modu<\/td>\n<\/tr>\n<tr>\n<td style=\"text-align: center;\" width=\"196\">Besleme terminalleri<\/td>\n<td style=\"text-align: center;\" colspan=\"2\" width=\"299\">A1-A2<\/td>\n<\/tr>\n<tr>\n<td style=\"text-align: center;\" width=\"196\">Voltaj aral\u0131\u011f\u0131<\/td>\n<td style=\"text-align: center;\" colspan=\"2\" width=\"299\">AC\/DC 12-240V(50-60Hz)<\/td>\n<\/tr>\n<tr>\n<td style=\"text-align: center;\" width=\"196\">Giri\u015f<\/td>\n<td style=\"text-align: center;\" colspan=\"2\" width=\"299\">maks.2VA<\/td>\n<\/tr>\n<tr>\n<td style=\"text-align: center;\" width=\"196\">Besleme gerilimi tolerans\u0131<\/td>\n<td style=\"text-align: center;\" colspan=\"2\" width=\"299\">-15%;+10%<\/td>\n<\/tr>\n<tr>\n<td style=\"text-align: center;\" width=\"196\">Hassasiyet(giri\u015f direnci)<\/td>\n<td style=\"text-align: center;\" colspan=\"2\" width=\"299\">5 k\u03a9-100k\u03a9 aral\u0131\u011f\u0131nda ayarlanabilir<\/td>\n<\/tr>\n<tr>\n<td style=\"text-align: center;\" width=\"196\">Elektrotlardaki voltaj<\/td>\n<td style=\"text-align: center;\" colspan=\"2\" width=\"299\">maks.AC 5V<\/td>\n<\/tr>\n<tr>\n<td style=\"text-align: center;\" width=\"196\">Sondada ak\u0131m var<\/td>\n<td style=\"text-align: center;\" colspan=\"2\" width=\"299\">AC&lt;0.1mA<\/td>\n<\/tr>\n<tr>\n<td style=\"text-align: center;\" width=\"196\">Zaman tepkisi<\/td>\n<td style=\"text-align: center;\" colspan=\"2\" width=\"299\">maksimum 400ms<\/td>\n<\/tr>\n<tr>\n<td style=\"text-align: center;\" width=\"196\">Maksimum kapasite uzunlu\u011fu<\/td>\n<td style=\"text-align: center;\" colspan=\"2\" width=\"299\">800 m(duyarl\u0131l\u0131k 25k\u03a9),200 m(duyarl\u0131l\u0131k 100k\u03a9)<\/td>\n<\/tr>\n<tr>\n<td style=\"text-align: center;\" width=\"196\">Prob kablosunun maksimum kapasitesi<\/td>\n<td style=\"text-align: center;\" colspan=\"2\" width=\"299\">400 nF(duyarl\u0131l\u0131k 25k\u03a9),100 nF(duyarl\u0131l\u0131k 100k\u03a9)<\/td>\n<\/tr>\n<tr>\n<td style=\"text-align: center;\" width=\"196\">Zaman gecikmesi(t)<\/td>\n<td style=\"text-align: center;\" colspan=\"2\" width=\"299\">Ayarlanabilir, 0.1-10s<\/td>\n<\/tr>\n<tr>\n<td style=\"text-align: center;\" width=\"196\">Ayarda do\u011fruluk (mekanik)<\/td>\n<td style=\"text-align: center;\" colspan=\"2\" width=\"299\">\u00b110%<\/td>\n<\/tr>\n<tr>\n<td style=\"text-align: center;\" width=\"196\">S\u0131cakl\u0131k katsay\u0131s\u0131<\/td>\n<td style=\"text-align: center;\" colspan=\"2\" width=\"299\">0,05%\/\u00b0C,at=20\u2103(0,05%\u00b0F,at=68\u00b0F)<\/td>\n<\/tr>\n<tr>\n<td style=\"text-align: center;\" width=\"196\">\u00c7\u0131kt\u0131\u00a0<\/td>\n<td style=\"text-align: center;\" colspan=\"2\" width=\"299\">1XSPDT<\/td>\n<\/tr>\n<tr>\n<td style=\"text-align: center;\" width=\"196\">G\u00fcncel derecelendirme<\/td>\n<td style=\"text-align: center;\" colspan=\"2\" width=\"299\">10A\/AC1<\/td>\n<\/tr>\n<tr>\n<td style=\"text-align: center;\" width=\"196\">Anahtarlama voltaj\u0131<\/td>\n<td style=\"text-align: center;\" colspan=\"2\" width=\"299\">250VAC\/24VDC<\/td>\n<\/tr>\n<tr>\n<td style=\"text-align: center;\" width=\"196\">Min.k\u0131r\u0131lma kapasitesi DC<\/td>\n<td style=\"text-align: center;\" colspan=\"2\" width=\"299\">500mW<\/td>\n<\/tr>\n<tr>\n<td style=\"text-align: center;\" width=\"196\">\u00c7\u0131k\u0131\u015f g\u00f6stergesi<\/td>\n<td style=\"text-align: center;\" colspan=\"2\" width=\"299\">K\u0131rm\u0131z\u0131 LED<\/td>\n<\/tr>\n<tr>\n<td style=\"text-align: center;\" width=\"196\">Mekanik \u00f6m\u00fcr<\/td>\n<td style=\"text-align: center;\" colspan=\"2\" width=\"299\">1\u00d710000000<\/td>\n<\/tr>\n<tr>\n<td style=\"text-align: center;\" width=\"196\">Elektriksel \u00f6m\u00fcr (AC1)<\/td>\n<td style=\"text-align: center;\" colspan=\"2\" width=\"299\">1\u00d7100000<\/td>\n<\/tr>\n<tr>\n<td style=\"text-align: center;\" width=\"196\">S\u0131f\u0131rlama zaman\u0131<\/td>\n<td style=\"text-align: center;\" colspan=\"2\" width=\"299\">maksimum 200ms<\/td>\n<\/tr>\n<tr>\n<td style=\"text-align: center;\" width=\"196\">\u00c7al\u0131\u015fma s\u0131cakl\u0131\u011f\u0131<\/td>\n<td style=\"text-align: center;\" colspan=\"2\" width=\"299\">-20\u00b0\u2103 ila +55\u00b0C (-4\u00b0F ila 131\u00b0F)<\/td>\n<\/tr>\n<tr>\n<td style=\"text-align: center;\" width=\"196\">Depolama s\u0131cakl\u0131\u011f\u0131<\/td>\n<td style=\"text-align: center;\" colspan=\"2\" width=\"299\">\u00a0-35\u00b0C ila +75\u2103(-22\u00b0\u2109 ila 158\u00b0\u2109)<\/td>\n<\/tr>\n<tr>\n<td style=\"text-align: center;\" width=\"196\">Standartlar<\/td>\n<td style=\"text-align: center;\" colspan=\"2\" width=\"299\">EN 60255-1<\/td>\n<\/tr>\n<\/tbody>\n<\/table>\n<p>Boyut<\/p>\n<p>\u00a0<\/p>\n\n\n<figure class=\"wp-block-image size-large is-resized\"><img fetchpriority=\"high\" decoding=\"async\" src=\"https:\/\/www.tosunlux.eu\/wp-content\/uploads\/2022\/04\/DIMENSION-S2-1-1024x488.jpg\" alt=\"\" class=\"wp-image-1140\" width=\"575\" height=\"274\" srcset=\"https:\/\/www.tosunlux.eu\/wp-content\/uploads\/2022\/04\/DIMENSION-S2-1-1024x488.jpg 1024w, https:\/\/www.tosunlux.eu\/wp-content\/uploads\/2022\/04\/DIMENSION-S2-1-300x143.jpg 300w, https:\/\/www.tosunlux.eu\/wp-content\/uploads\/2022\/04\/DIMENSION-S2-1-768x366.jpg 768w, https:\/\/www.tosunlux.eu\/wp-content\/uploads\/2022\/04\/DIMENSION-S2-1-1536x732.jpg 1536w, https:\/\/www.tosunlux.eu\/wp-content\/uploads\/2022\/04\/DIMENSION-S2-1.jpg 1600w\" sizes=\"(max-width: 575px) 100vw, 575px\" \/><\/figure>","protected":false},"parent":0,"template":"","product_category":[35,92],"class_list":["post-1139","product","type-product","status-publish","hentry","product_category-industrial-control-devices","product_category-timer-relay"],"yoast_head":"<!-- This site is optimized with the Yoast SEO plugin v27.5 - https:\/\/yoast.com\/product\/yoast-seo-wordpress\/ -->\n<title>WholesaleLevel Control Relay TRL8 - TOSUNlux Official Site - Electrical Circuit Breaker Manufacturer in China Low Voltage Electrical Supplier | TOSUNlux<\/title>\n<meta name=\"description\" content=\"Level Control Relay TRL8 Supplier - Wholesale direct from TOSUNlux, a trusted manufacturer since 1994. Get your B2B factory quote on our certified Low Voltage electrical products.\" \/>\n<meta name=\"robots\" content=\"index, follow, max-snippet:-1, max-image-preview:large, max-video-preview:-1\" \/>\n<link rel=\"canonical\" href=\"https:\/\/www.tosunlux.eu\/tr\/products\/level-control-relay-trl8\/\" \/>\n<meta property=\"og:locale\" content=\"tr_TR\" \/>\n<meta property=\"og:type\" content=\"article\" \/>\n<meta property=\"og:title\" content=\"WholesaleLevel Control Relay TRL8 - TOSUNlux Official Site - Electrical Circuit Breaker Manufacturer in China Low Voltage Electrical Supplier | TOSUNlux\" \/>\n<meta property=\"og:description\" content=\"Level Control Relay TRL8 Supplier - Wholesale direct from TOSUNlux, a trusted manufacturer since 1994. Get your B2B factory quote on our certified Low Voltage electrical products.\" \/>\n<meta property=\"og:url\" content=\"https:\/\/www.tosunlux.eu\/tr\/products\/level-control-relay-trl8\/\" \/>\n<meta property=\"og:site_name\" content=\"TOSUNlux Official Site - Electrical Circuit Breaker Manufacturer in China\" \/>\n<meta property=\"article:publisher\" content=\"https:\/\/www.facebook.com\/TOSUNelectric\/\" \/>\n<meta property=\"article:modified_time\" content=\"2023-09-13T03:16:47+00:00\" \/>\n<meta property=\"og:image\" content=\"https:\/\/www.tosunlux.eu\/wp-content\/uploads\/2022\/04\/DIMENSION-S2-1-1024x488.jpg\" \/>\n<meta name=\"twitter:card\" content=\"summary_large_image\" \/>\n<meta name=\"twitter:label1\" content=\"Tahmini okuma s\u00fcresi\" \/>\n\t<meta name=\"twitter:data1\" content=\"1 dakika\" \/>\n<script type=\"application\/ld+json\" class=\"yoast-schema-graph\">{\"@context\":\"https:\\\/\\\/schema.org\",\"@graph\":[{\"@type\":\"WebPage\",\"@id\":\"https:\\\/\\\/www.tosunlux.eu\\\/products\\\/level-control-relay-trl8\\\/\",\"url\":\"https:\\\/\\\/www.tosunlux.eu\\\/products\\\/level-control-relay-trl8\\\/\",\"name\":\"WholesaleLevel Control Relay TRL8 - TOSUNlux Official Site - Electrical Circuit Breaker Manufacturer in China Low Voltage Electrical Supplier | TOSUNlux\",\"isPartOf\":{\"@id\":\"https:\\\/\\\/www.tosunlux.eu\\\/ru\\\/#website\"},\"primaryImageOfPage\":{\"@id\":\"https:\\\/\\\/www.tosunlux.eu\\\/products\\\/level-control-relay-trl8\\\/#primaryimage\"},\"image\":{\"@id\":\"https:\\\/\\\/www.tosunlux.eu\\\/products\\\/level-control-relay-trl8\\\/#primaryimage\"},\"thumbnailUrl\":\"https:\\\/\\\/www.tosunlux.eu\\\/wp-content\\\/uploads\\\/2022\\\/04\\\/DIMENSION-S2-1-1024x488.jpg\",\"datePublished\":\"2022-04-14T09:29:49+00:00\",\"dateModified\":\"2023-09-13T03:16:47+00:00\",\"description\":\"Level Control Relay TRL8 Supplier - Wholesale direct from TOSUNlux, a trusted manufacturer since 1994. Get your B2B factory quote on our certified Low Voltage electrical products.\",\"breadcrumb\":{\"@id\":\"https:\\\/\\\/www.tosunlux.eu\\\/products\\\/level-control-relay-trl8\\\/#breadcrumb\"},\"inLanguage\":\"tr\",\"potentialAction\":[{\"@type\":\"ReadAction\",\"target\":[\"https:\\\/\\\/www.tosunlux.eu\\\/products\\\/level-control-relay-trl8\\\/\"]}]},{\"@type\":\"ImageObject\",\"inLanguage\":\"tr\",\"@id\":\"https:\\\/\\\/www.tosunlux.eu\\\/products\\\/level-control-relay-trl8\\\/#primaryimage\",\"url\":\"https:\\\/\\\/www.tosunlux.eu\\\/wp-content\\\/uploads\\\/2022\\\/04\\\/DIMENSION-S2-1-1024x488.jpg\",\"contentUrl\":\"https:\\\/\\\/www.tosunlux.eu\\\/wp-content\\\/uploads\\\/2022\\\/04\\\/DIMENSION-S2-1-1024x488.jpg\"},{\"@type\":\"BreadcrumbList\",\"@id\":\"https:\\\/\\\/www.tosunlux.eu\\\/products\\\/level-control-relay-trl8\\\/#breadcrumb\",\"itemListElement\":[{\"@type\":\"ListItem\",\"position\":1,\"name\":\"Home\",\"item\":\"https:\\\/\\\/www.tosunlux.eu\\\/ru\\\/\"},{\"@type\":\"ListItem\",\"position\":2,\"name\":\"Products\",\"item\":\"https:\\\/\\\/www.tosunlux.eu\\\/products\\\/\"},{\"@type\":\"ListItem\",\"position\":3,\"name\":\"Level Control Relay TRL8\"}]},{\"@type\":\"WebSite\",\"@id\":\"https:\\\/\\\/www.tosunlux.eu\\\/ru\\\/#website\",\"url\":\"https:\\\/\\\/www.tosunlux.eu\\\/ru\\\/\",\"name\":\"TOSUNlux Official Site - Electrical Circuit Breaker Manufacturer in China\",\"description\":\"Power Distribution System Supplier\",\"publisher\":{\"@id\":\"https:\\\/\\\/www.tosunlux.eu\\\/ru\\\/#organization\"},\"alternateName\":\"TOSUNlux\",\"potentialAction\":[{\"@type\":\"SearchAction\",\"target\":{\"@type\":\"EntryPoint\",\"urlTemplate\":\"https:\\\/\\\/www.tosunlux.eu\\\/ru\\\/?s={search_term_string}\"},\"query-input\":{\"@type\":\"PropertyValueSpecification\",\"valueRequired\":true,\"valueName\":\"search_term_string\"}}],\"inLanguage\":\"tr\"},{\"@type\":\"Organization\",\"@id\":\"https:\\\/\\\/www.tosunlux.eu\\\/ru\\\/#organization\",\"name\":\"TOSUNlux\",\"url\":\"https:\\\/\\\/www.tosunlux.eu\\\/ru\\\/\",\"logo\":{\"@type\":\"ImageObject\",\"inLanguage\":\"tr\",\"@id\":\"https:\\\/\\\/www.tosunlux.eu\\\/ru\\\/#\\\/schema\\\/logo\\\/image\\\/\",\"url\":\"https:\\\/\\\/www.tosunlux.eu\\\/wp-content\\\/uploads\\\/2022\\\/01\\\/LOGOSYSM.71762f1.png\",\"contentUrl\":\"https:\\\/\\\/www.tosunlux.eu\\\/wp-content\\\/uploads\\\/2022\\\/01\\\/LOGOSYSM.71762f1.png\",\"width\":153,\"height\":55,\"caption\":\"TOSUNlux\"},\"image\":{\"@id\":\"https:\\\/\\\/www.tosunlux.eu\\\/ru\\\/#\\\/schema\\\/logo\\\/image\\\/\"},\"sameAs\":[\"https:\\\/\\\/www.facebook.com\\\/TOSUNelectric\\\/\",\"https:\\\/\\\/www.linkedin.com\\\/company\\\/wenzhou-tosun-electric-co.-ltd\\\/\"]}]}<\/script>\n<!-- \/ Yoast SEO plugin. -->","yoast_head_json":{"title":"Toptan Seviye Kontrol R\u00f6lesi TRL8 - TOSUNlux Resmi Sitesi - \u00c7in&#039;de Elektrik Sigortas\u0131 \u00dcreticisi ve D\u00fc\u015f\u00fck Voltajl\u0131 Elektrik Tedarik\u00e7isi | TOSUNlux","description":"Seviye Kontrol R\u00f6lesi TRL8 Tedarik\u00e7isi - 1994&#039;ten beri g\u00fcvenilir bir \u00fcretici olan TOSUNlux&#039;tan do\u011frudan toptan sat\u0131\u015f. Sertifikal\u0131 D\u00fc\u015f\u00fck Gerilim elektrik \u00fcr\u00fcnlerimiz i\u00e7in B2B fabrika fiyat teklifinizi al\u0131n.","robots":{"index":"index","follow":"follow","max-snippet":"max-snippet:-1","max-image-preview":"max-image-preview:large","max-video-preview":"max-video-preview:-1"},"canonical":"https:\/\/www.tosunlux.eu\/tr\/products\/level-control-relay-trl8\/","og_locale":"tr_TR","og_type":"article","og_title":"WholesaleLevel Control Relay TRL8 - TOSUNlux Official Site - Electrical Circuit Breaker Manufacturer in China Low Voltage Electrical Supplier | TOSUNlux","og_description":"Level Control Relay TRL8 Supplier - Wholesale direct from TOSUNlux, a trusted manufacturer since 1994. Get your B2B factory quote on our certified Low Voltage electrical products.","og_url":"https:\/\/www.tosunlux.eu\/tr\/products\/level-control-relay-trl8\/","og_site_name":"TOSUNlux Official Site - Electrical Circuit Breaker Manufacturer in China","article_publisher":"https:\/\/www.facebook.com\/TOSUNelectric\/","article_modified_time":"2023-09-13T03:16:47+00:00","og_image":[{"url":"https:\/\/www.tosunlux.eu\/wp-content\/uploads\/2022\/04\/DIMENSION-S2-1-1024x488.jpg","type":"","width":"","height":""}],"twitter_card":"summary_large_image","twitter_misc":{"Tahmini okuma s\u00fcresi":"1 dakika"},"schema":{"@context":"https:\/\/schema.org","@graph":[{"@type":"WebPage","@id":"https:\/\/www.tosunlux.eu\/products\/level-control-relay-trl8\/","url":"https:\/\/www.tosunlux.eu\/products\/level-control-relay-trl8\/","name":"Toptan Seviye Kontrol R\u00f6lesi TRL8 - TOSUNlux Resmi Sitesi - \u00c7in&#039;de Elektrik Sigortas\u0131 \u00dcreticisi ve D\u00fc\u015f\u00fck Voltajl\u0131 Elektrik Tedarik\u00e7isi | TOSUNlux","isPartOf":{"@id":"https:\/\/www.tosunlux.eu\/ru\/#website"},"primaryImageOfPage":{"@id":"https:\/\/www.tosunlux.eu\/products\/level-control-relay-trl8\/#primaryimage"},"image":{"@id":"https:\/\/www.tosunlux.eu\/products\/level-control-relay-trl8\/#primaryimage"},"thumbnailUrl":"https:\/\/www.tosunlux.eu\/wp-content\/uploads\/2022\/04\/DIMENSION-S2-1-1024x488.jpg","datePublished":"2022-04-14T09:29:49+00:00","dateModified":"2023-09-13T03:16:47+00:00","description":"Seviye Kontrol R\u00f6lesi TRL8 Tedarik\u00e7isi - 1994&#039;ten beri g\u00fcvenilir bir \u00fcretici olan TOSUNlux&#039;tan do\u011frudan toptan sat\u0131\u015f. Sertifikal\u0131 D\u00fc\u015f\u00fck Gerilim elektrik \u00fcr\u00fcnlerimiz i\u00e7in B2B fabrika fiyat teklifinizi al\u0131n.","breadcrumb":{"@id":"https:\/\/www.tosunlux.eu\/products\/level-control-relay-trl8\/#breadcrumb"},"inLanguage":"tr","potentialAction":[{"@type":"ReadAction","target":["https:\/\/www.tosunlux.eu\/products\/level-control-relay-trl8\/"]}]},{"@type":"ImageObject","inLanguage":"tr","@id":"https:\/\/www.tosunlux.eu\/products\/level-control-relay-trl8\/#primaryimage","url":"https:\/\/www.tosunlux.eu\/wp-content\/uploads\/2022\/04\/DIMENSION-S2-1-1024x488.jpg","contentUrl":"https:\/\/www.tosunlux.eu\/wp-content\/uploads\/2022\/04\/DIMENSION-S2-1-1024x488.jpg"},{"@type":"BreadcrumbList","@id":"https:\/\/www.tosunlux.eu\/products\/level-control-relay-trl8\/#breadcrumb","itemListElement":[{"@type":"ListItem","position":1,"name":"Home","item":"https:\/\/www.tosunlux.eu\/ru\/"},{"@type":"ListItem","position":2,"name":"Products","item":"https:\/\/www.tosunlux.eu\/products\/"},{"@type":"ListItem","position":3,"name":"Level Control Relay TRL8"}]},{"@type":"WebSite","@id":"https:\/\/www.tosunlux.eu\/ru\/#website","url":"https:\/\/www.tosunlux.eu\/ru\/","name":"TOSUNlux Resmi Sitesi - \u00c7in&#039;de Elektrik Sigortas\u0131 \u00dcreticisi","description":"G\u00fc\u00e7 Da\u011f\u0131t\u0131m Sistemi Tedarik\u00e7isi","publisher":{"@id":"https:\/\/www.tosunlux.eu\/ru\/#organization"},"alternateName":"TOSUNlux","potentialAction":[{"@type":"SearchAction","target":{"@type":"EntryPoint","urlTemplate":"https:\/\/www.tosunlux.eu\/ru\/?s={search_term_string}"},"query-input":{"@type":"PropertyValueSpecification","valueRequired":true,"valueName":"search_term_string"}}],"inLanguage":"tr"},{"@type":"Organization","@id":"https:\/\/www.tosunlux.eu\/ru\/#organization","name":"TOSUNlux","url":"https:\/\/www.tosunlux.eu\/ru\/","logo":{"@type":"ImageObject","inLanguage":"tr","@id":"https:\/\/www.tosunlux.eu\/ru\/#\/schema\/logo\/image\/","url":"https:\/\/www.tosunlux.eu\/wp-content\/uploads\/2022\/01\/LOGOSYSM.71762f1.png","contentUrl":"https:\/\/www.tosunlux.eu\/wp-content\/uploads\/2022\/01\/LOGOSYSM.71762f1.png","width":153,"height":55,"caption":"TOSUNlux"},"image":{"@id":"https:\/\/www.tosunlux.eu\/ru\/#\/schema\/logo\/image\/"},"sameAs":["https:\/\/www.facebook.com\/TOSUNelectric\/","https:\/\/www.linkedin.com\/company\/wenzhou-tosun-electric-co.-ltd\/"]}]}},"_links":{"self":[{"href":"https:\/\/www.tosunlux.eu\/tr\/wp-json\/wp\/v2\/product\/1139","targetHints":{"allow":["GET"]}}],"collection":[{"href":"https:\/\/www.tosunlux.eu\/tr\/wp-json\/wp\/v2\/product"}],"about":[{"href":"https:\/\/www.tosunlux.eu\/tr\/wp-json\/wp\/v2\/types\/product"}],"version-history":[{"count":1,"href":"https:\/\/www.tosunlux.eu\/tr\/wp-json\/wp\/v2\/product\/1139\/revisions"}],"predecessor-version":[{"id":8040,"href":"https:\/\/www.tosunlux.eu\/tr\/wp-json\/wp\/v2\/product\/1139\/revisions\/8040"}],"wp:attachment":[{"href":"https:\/\/www.tosunlux.eu\/tr\/wp-json\/wp\/v2\/media?parent=1139"}],"wp:term":[{"taxonomy":"product_category","embeddable":true,"href":"https:\/\/www.tosunlux.eu\/tr\/wp-json\/wp\/v2\/product_category?post=1139"}],"curies":[{"name":"wp","href":"https:\/\/api.w.org\/{rel}","templated":true}]}}