{"id":1159,"date":"2022-04-15T14:20:18","date_gmt":"2022-04-15T06:20:18","guid":{"rendered":"https:\/\/www.tosunlux.eu\/?post_type=product&#038;p=1159"},"modified":"2023-09-13T11:25:11","modified_gmt":"2023-09-13T03:25:11","slug":"digital-display-time-relay-trt8","status":"publish","type":"product","link":"https:\/\/www.tosunlux.eu\/tr\/products\/digital-display-time-relay-trt8\/","title":{"rendered":"Dijital G\u00f6stergeli Zaman R\u00f6lesi TRT8"},"content":{"rendered":"<pre class=\"wp-block-verse\"><strong>Uygulamalar<\/strong>\n\n\u00c7ok i\u015flevli zaman r\u00f6lesi end\u00fcstriyel ekipman, ayd\u0131nlatma kontrol\u00fc, \u0131s\u0131tma eleman\u0131 kontrol\u00fc, motor, fan kontrol\u00fc i\u00e7in kullan\u0131labilir. 20 gecikme modu ile gecikme aral\u0131\u011f\u0131 0,1 saniyeden 99 g\u00fcne kadard\u0131r.\n\n<strong>\u00d6zellik<\/strong>\n\n20 gecikme modu: G\u00fc\u00e7 kayna\u011f\u0131 taraf\u0131ndan kontrol edilen 5 gecikme modu, A\u00c7IK, KAPALI modu sinyali taraf\u0131ndan kontrol edilen 13 gecikme modu R\u00f6le durumu LED ile g\u00f6sterilir. 1-MOD\u00dcL, DIN ray montaj\u0131.\n\n<strong>Teknik Parametreler<\/strong>\n<\/pre>\n\n\n<table style=\"height: 858px;\" width=\"595\">\n<tbody>\n<tr>\n<td style=\"text-align: center;\" colspan=\"2\" width=\"176\">\u00d6rnek<\/td>\n<td style=\"text-align: center;\" width=\"130\">TRT8-X1<\/td>\n<td style=\"text-align: center;\" width=\"150\">TRT8-X2<\/td>\n<\/tr>\n<tr>\n<td style=\"text-align: center;\" colspan=\"2\" width=\"176\">\u0130\u015flev<\/td>\n<td style=\"text-align: center;\" colspan=\"2\" width=\"280\">20 fonksiyon<\/td>\n<\/tr>\n<tr>\n<td style=\"text-align: center;\" width=\"104\">Besleme terminalleri<\/td>\n<td style=\"text-align: center;\" rowspan=\"2\" width=\"72\">W240<\/td>\n<td style=\"text-align: center;\" colspan=\"2\" width=\"280\">A1-A2<\/td>\n<\/tr>\n<tr>\n<td style=\"text-align: center;\" width=\"104\">Voltaj aral\u0131\u011f\u0131<\/td>\n<td style=\"text-align: center;\" colspan=\"2\" width=\"280\">AC\/DC12-240V (50-60Hz)<\/td>\n<\/tr>\n<tr>\n<td style=\"text-align: center;\" width=\"104\">Y\u00fck<\/td>\n<td style=\"text-align: center;\" rowspan=\"2\" width=\"72\">A230<\/td>\n<td style=\"text-align: center;\" colspan=\"2\" width=\"280\">AC 0,09-3VA\/DC 0,05-1,7W<\/td>\n<\/tr>\n<tr>\n<td style=\"text-align: center;\" width=\"104\">Voltaj aral\u0131\u011f\u0131<\/td>\n<td style=\"text-align: center;\" colspan=\"2\" width=\"280\">AC 230V(50-60Hz)<\/td>\n<\/tr>\n<tr>\n<td style=\"text-align: center;\" colspan=\"2\" width=\"176\">G\u00fc\u00e7 giri\u015fi<\/td>\n<td style=\"text-align: center;\" width=\"130\">AC maks.6VA\/1.3W<\/td>\n<td style=\"text-align: center;\" width=\"150\">AC maks.6VA\/1.9W<\/td>\n<\/tr>\n<tr>\n<td style=\"text-align: center;\" colspan=\"2\" width=\"176\">Besleme gerilimi tolerans\u0131<\/td>\n<td style=\"text-align: center;\" colspan=\"2\" width=\"280\">-15%;+10%<\/td>\n<\/tr>\n<tr>\n<td style=\"text-align: center;\" colspan=\"2\" width=\"176\">Tedarik g\u00f6stergesi<\/td>\n<td style=\"text-align: center;\" colspan=\"2\" width=\"280\">ye\u015fil LED<\/td>\n<\/tr>\n<tr>\n<td style=\"text-align: center;\" colspan=\"2\" width=\"176\">Zaman aral\u0131klar\u0131<\/td>\n<td style=\"text-align: center;\" colspan=\"2\" width=\"280\">0,1s-99g\u00fcn.A\u00c7IK.KAPALI<\/td>\n<\/tr>\n<tr>\n<td style=\"text-align: center;\" colspan=\"2\" width=\"176\">Zaman ayar\u0131<\/td>\n<td style=\"text-align: center;\" colspan=\"2\" width=\"280\">Anahtar ayar\u0131<\/td>\n<\/tr>\n<tr>\n<td style=\"text-align: center;\" colspan=\"2\" width=\"176\">Zaman sapmas\u0131<\/td>\n<td style=\"text-align: center;\" colspan=\"2\" width=\"280\">\u22641%<\/td>\n<\/tr>\n<tr>\n<td style=\"text-align: center;\" colspan=\"2\" width=\"176\">Tekrarlama do\u011frulu\u011fu<\/td>\n<td style=\"text-align: center;\" colspan=\"2\" width=\"280\">0.2%-set de\u011feri kararl\u0131l\u0131\u011f\u0131<\/td>\n<\/tr>\n<tr>\n<td style=\"text-align: center;\" colspan=\"2\" width=\"176\">S\u0131cakl\u0131k verimsiz<\/td>\n<td style=\"text-align: center;\" colspan=\"2\" width=\"280\">0,05%\/C, 20\u2103&#039;de (0,05%\u00b0F, 68\u00b0F&#039;de)<\/td>\n<\/tr>\n<tr>\n<td style=\"text-align: center;\" colspan=\"2\" width=\"176\">\u00c7\u0131kt\u0131<\/td>\n<td style=\"text-align: center;\" width=\"130\">1xSPDT<\/td>\n<td style=\"text-align: center;\" width=\"150\">2xSPDT<\/td>\n<\/tr>\n<tr>\n<td style=\"text-align: center;\" colspan=\"2\" width=\"176\">G\u00fcncel derecelendirme<\/td>\n<td style=\"text-align: center;\" width=\"130\">1x16A(AC1)<\/td>\n<td style=\"text-align: center;\" width=\"150\">2x16A(AC1)<\/td>\n<\/tr>\n<tr>\n<td style=\"text-align: center;\" colspan=\"2\" width=\"176\">Anahtarlama voltaj\u0131<\/td>\n<td style=\"text-align: center;\" colspan=\"2\" width=\"280\">250VAC\/24VDC<\/td>\n<\/tr>\n<tr>\n<td style=\"text-align: center;\" colspan=\"2\" width=\"176\">Min.k\u0131r\u0131lma kapasitesi DC<\/td>\n<td style=\"text-align: center;\" colspan=\"2\" width=\"280\">500mW<\/td>\n<\/tr>\n<tr>\n<td style=\"text-align: center;\" colspan=\"2\" width=\"176\">\u00c7\u0131k\u0131\u015f g\u00f6stergesi<\/td>\n<td style=\"text-align: center;\" colspan=\"2\" width=\"280\">k\u0131rm\u0131z\u0131 LED<\/td>\n<\/tr>\n<tr>\n<td style=\"text-align: center;\" colspan=\"2\" width=\"176\">Mekanik \u00f6m\u00fcr<\/td>\n<td style=\"text-align: center;\" colspan=\"2\" width=\"280\">1\u00d710000000<\/td>\n<\/tr>\n<tr>\n<td style=\"text-align: center;\" colspan=\"2\" width=\"176\">Elektriksel \u00f6m\u00fcr (AC1)<\/td>\n<td style=\"text-align: center;\" colspan=\"2\" width=\"280\">1\u00d7100000<\/td>\n<\/tr>\n<tr>\n<td style=\"text-align: center;\" colspan=\"2\" width=\"176\">S\u0131f\u0131rlama zaman\u0131<\/td>\n<td style=\"text-align: center;\" colspan=\"2\" width=\"280\">maksimum 200ms<\/td>\n<\/tr>\n<tr>\n<td style=\"text-align: center;\" colspan=\"2\" width=\"176\">\u00c7al\u0131\u015fma s\u0131cakl\u0131\u011f\u0131<\/td>\n<td style=\"text-align: center;\" colspan=\"2\" width=\"280\">\u00a0-20\u00b0C ila +55\u00b0C(-4\u2109 ila 131\u2109)<\/td>\n<\/tr>\n<tr>\n<td style=\"text-align: center;\" colspan=\"2\" width=\"176\">Depolama s\u0131cakl\u0131\u011f\u0131<\/td>\n<td style=\"text-align: center;\" colspan=\"2\" width=\"280\">\u00a0-35\u00b0\u2103 ila +75\u00b0C (-22\u2109 ila 158\u2109)<\/td>\n<\/tr>\n<\/tbody>\n<\/table>\n<p><strong>Boyut<\/strong><\/p>\n<p>\u00a0<\/p>\n\n\n<figure class=\"wp-block-image size-large is-resized\"><img fetchpriority=\"high\" decoding=\"async\" src=\"https:\/\/www.tosunlux.eu\/wp-content\/uploads\/2022\/04\/DIMENSION-S2-4-1024x443.jpg\" alt=\"\" class=\"wp-image-1165\" width=\"506\" height=\"219\" srcset=\"https:\/\/www.tosunlux.eu\/wp-content\/uploads\/2022\/04\/DIMENSION-S2-4-1024x443.jpg 1024w, https:\/\/www.tosunlux.eu\/wp-content\/uploads\/2022\/04\/DIMENSION-S2-4-300x130.jpg 300w, https:\/\/www.tosunlux.eu\/wp-content\/uploads\/2022\/04\/DIMENSION-S2-4-768x332.jpg 768w, https:\/\/www.tosunlux.eu\/wp-content\/uploads\/2022\/04\/DIMENSION-S2-4-1536x665.jpg 1536w, https:\/\/www.tosunlux.eu\/wp-content\/uploads\/2022\/04\/DIMENSION-S2-4.jpg 1599w\" sizes=\"(max-width: 506px) 100vw, 506px\" \/><\/figure>","protected":false},"parent":0,"template":"","product_category":[35,92],"class_list":["post-1159","product","type-product","status-publish","hentry","product_category-industrial-control-devices","product_category-timer-relay"],"yoast_head":"<!-- This site is optimized with the Yoast SEO plugin v27.5 - https:\/\/yoast.com\/product\/yoast-seo-wordpress\/ -->\n<title>WholesaleDigital Display Time Relay TRT8 - TOSUNlux Official Site - Electrical Circuit Breaker Manufacturer in China Low Voltage Electrical Supplier | TOSUNlux<\/title>\n<meta name=\"description\" content=\"Digital Display Time Relay TRT8 Supplier - Wholesale direct from TOSUNlux, a trusted manufacturer since 1994. Get your B2B factory quote on our certified Low Voltage electrical products.\" \/>\n<meta name=\"robots\" content=\"index, follow, max-snippet:-1, max-image-preview:large, max-video-preview:-1\" \/>\n<link rel=\"canonical\" href=\"https:\/\/www.tosunlux.eu\/tr\/products\/digital-display-time-relay-trt8\/\" \/>\n<meta property=\"og:locale\" content=\"tr_TR\" \/>\n<meta property=\"og:type\" content=\"article\" \/>\n<meta property=\"og:title\" content=\"WholesaleDigital Display Time Relay TRT8 - TOSUNlux Official Site - Electrical Circuit Breaker Manufacturer in China Low Voltage Electrical Supplier | TOSUNlux\" \/>\n<meta property=\"og:description\" content=\"Digital Display Time Relay TRT8 Supplier - Wholesale direct from TOSUNlux, a trusted manufacturer since 1994. Get your B2B factory quote on our certified Low Voltage electrical products.\" \/>\n<meta property=\"og:url\" content=\"https:\/\/www.tosunlux.eu\/tr\/products\/digital-display-time-relay-trt8\/\" \/>\n<meta property=\"og:site_name\" content=\"TOSUNlux Official Site - Electrical Circuit Breaker Manufacturer in China\" \/>\n<meta property=\"article:publisher\" content=\"https:\/\/www.facebook.com\/TOSUNelectric\/\" \/>\n<meta property=\"article:modified_time\" content=\"2023-09-13T03:25:11+00:00\" \/>\n<meta property=\"og:image\" content=\"https:\/\/www.tosunlux.eu\/wp-content\/uploads\/2022\/04\/DIMENSION-S2-4-1024x443.jpg\" \/>\n<meta name=\"twitter:card\" content=\"summary_large_image\" \/>\n<meta name=\"twitter:label1\" content=\"Tahmini okuma s\u00fcresi\" \/>\n\t<meta name=\"twitter:data1\" content=\"1 dakika\" \/>\n<script type=\"application\/ld+json\" class=\"yoast-schema-graph\">{\"@context\":\"https:\\\/\\\/schema.org\",\"@graph\":[{\"@type\":\"WebPage\",\"@id\":\"https:\\\/\\\/www.tosunlux.eu\\\/pl\\\/products\\\/digital-display-time-relay-trt8\\\/\",\"url\":\"https:\\\/\\\/www.tosunlux.eu\\\/pl\\\/products\\\/digital-display-time-relay-trt8\\\/\",\"name\":\"WholesaleDigital Display Time Relay TRT8 - TOSUNlux Official Site - Electrical Circuit Breaker Manufacturer in China Low Voltage Electrical Supplier | TOSUNlux\",\"isPartOf\":{\"@id\":\"https:\\\/\\\/www.tosunlux.eu\\\/ru\\\/#website\"},\"primaryImageOfPage\":{\"@id\":\"https:\\\/\\\/www.tosunlux.eu\\\/pl\\\/products\\\/digital-display-time-relay-trt8\\\/#primaryimage\"},\"image\":{\"@id\":\"https:\\\/\\\/www.tosunlux.eu\\\/pl\\\/products\\\/digital-display-time-relay-trt8\\\/#primaryimage\"},\"thumbnailUrl\":\"https:\\\/\\\/www.tosunlux.eu\\\/wp-content\\\/uploads\\\/2022\\\/04\\\/DIMENSION-S2-4-1024x443.jpg\",\"datePublished\":\"2022-04-15T06:20:18+00:00\",\"dateModified\":\"2023-09-13T03:25:11+00:00\",\"description\":\"Digital Display Time Relay TRT8 Supplier - Wholesale direct from TOSUNlux, a trusted manufacturer since 1994. Get your B2B factory quote on our certified Low Voltage electrical products.\",\"breadcrumb\":{\"@id\":\"https:\\\/\\\/www.tosunlux.eu\\\/pl\\\/products\\\/digital-display-time-relay-trt8\\\/#breadcrumb\"},\"inLanguage\":\"tr\",\"potentialAction\":[{\"@type\":\"ReadAction\",\"target\":[\"https:\\\/\\\/www.tosunlux.eu\\\/pl\\\/products\\\/digital-display-time-relay-trt8\\\/\"]}]},{\"@type\":\"ImageObject\",\"inLanguage\":\"tr\",\"@id\":\"https:\\\/\\\/www.tosunlux.eu\\\/pl\\\/products\\\/digital-display-time-relay-trt8\\\/#primaryimage\",\"url\":\"https:\\\/\\\/www.tosunlux.eu\\\/wp-content\\\/uploads\\\/2022\\\/04\\\/DIMENSION-S2-4-1024x443.jpg\",\"contentUrl\":\"https:\\\/\\\/www.tosunlux.eu\\\/wp-content\\\/uploads\\\/2022\\\/04\\\/DIMENSION-S2-4-1024x443.jpg\"},{\"@type\":\"BreadcrumbList\",\"@id\":\"https:\\\/\\\/www.tosunlux.eu\\\/pl\\\/products\\\/digital-display-time-relay-trt8\\\/#breadcrumb\",\"itemListElement\":[{\"@type\":\"ListItem\",\"position\":1,\"name\":\"Home\",\"item\":\"https:\\\/\\\/www.tosunlux.eu\\\/ru\\\/\"},{\"@type\":\"ListItem\",\"position\":2,\"name\":\"Products\",\"item\":\"https:\\\/\\\/www.tosunlux.eu\\\/products\\\/\"},{\"@type\":\"ListItem\",\"position\":3,\"name\":\"Digital Display Time Relay TRT8\"}]},{\"@type\":\"WebSite\",\"@id\":\"https:\\\/\\\/www.tosunlux.eu\\\/ru\\\/#website\",\"url\":\"https:\\\/\\\/www.tosunlux.eu\\\/ru\\\/\",\"name\":\"TOSUNlux Official Site - Electrical Circuit Breaker Manufacturer in China\",\"description\":\"Power Distribution System Supplier\",\"publisher\":{\"@id\":\"https:\\\/\\\/www.tosunlux.eu\\\/ru\\\/#organization\"},\"alternateName\":\"TOSUNlux\",\"potentialAction\":[{\"@type\":\"SearchAction\",\"target\":{\"@type\":\"EntryPoint\",\"urlTemplate\":\"https:\\\/\\\/www.tosunlux.eu\\\/ru\\\/?s={search_term_string}\"},\"query-input\":{\"@type\":\"PropertyValueSpecification\",\"valueRequired\":true,\"valueName\":\"search_term_string\"}}],\"inLanguage\":\"tr\"},{\"@type\":\"Organization\",\"@id\":\"https:\\\/\\\/www.tosunlux.eu\\\/ru\\\/#organization\",\"name\":\"TOSUNlux\",\"url\":\"https:\\\/\\\/www.tosunlux.eu\\\/ru\\\/\",\"logo\":{\"@type\":\"ImageObject\",\"inLanguage\":\"tr\",\"@id\":\"https:\\\/\\\/www.tosunlux.eu\\\/ru\\\/#\\\/schema\\\/logo\\\/image\\\/\",\"url\":\"https:\\\/\\\/www.tosunlux.eu\\\/wp-content\\\/uploads\\\/2022\\\/01\\\/LOGOSYSM.71762f1.png\",\"contentUrl\":\"https:\\\/\\\/www.tosunlux.eu\\\/wp-content\\\/uploads\\\/2022\\\/01\\\/LOGOSYSM.71762f1.png\",\"width\":153,\"height\":55,\"caption\":\"TOSUNlux\"},\"image\":{\"@id\":\"https:\\\/\\\/www.tosunlux.eu\\\/ru\\\/#\\\/schema\\\/logo\\\/image\\\/\"},\"sameAs\":[\"https:\\\/\\\/www.facebook.com\\\/TOSUNelectric\\\/\",\"https:\\\/\\\/www.linkedin.com\\\/company\\\/wenzhou-tosun-electric-co.-ltd\\\/\"]}]}<\/script>\n<!-- \/ Yoast SEO plugin. -->","yoast_head_json":{"title":"WholesaleDigital Display Time Relay TRT8 - TOSUNlux Official Site - Electrical Circuit Breaker Manufacturer in China Low Voltage Electrical Supplier | TOSUNlux","description":"Digital Display Time Relay TRT8 Supplier - Wholesale direct from TOSUNlux, a trusted manufacturer since 1994. Get your B2B factory quote on our certified Low Voltage electrical products.","robots":{"index":"index","follow":"follow","max-snippet":"max-snippet:-1","max-image-preview":"max-image-preview:large","max-video-preview":"max-video-preview:-1"},"canonical":"https:\/\/www.tosunlux.eu\/tr\/products\/digital-display-time-relay-trt8\/","og_locale":"tr_TR","og_type":"article","og_title":"WholesaleDigital Display Time Relay TRT8 - TOSUNlux Official Site - Electrical Circuit Breaker Manufacturer in China Low Voltage Electrical Supplier | TOSUNlux","og_description":"Digital Display Time Relay TRT8 Supplier - Wholesale direct from TOSUNlux, a trusted manufacturer since 1994. Get your B2B factory quote on our certified Low Voltage electrical products.","og_url":"https:\/\/www.tosunlux.eu\/tr\/products\/digital-display-time-relay-trt8\/","og_site_name":"TOSUNlux Official Site - Electrical Circuit Breaker Manufacturer in China","article_publisher":"https:\/\/www.facebook.com\/TOSUNelectric\/","article_modified_time":"2023-09-13T03:25:11+00:00","og_image":[{"url":"https:\/\/www.tosunlux.eu\/wp-content\/uploads\/2022\/04\/DIMENSION-S2-4-1024x443.jpg","type":"","width":"","height":""}],"twitter_card":"summary_large_image","twitter_misc":{"Tahmini okuma s\u00fcresi":"1 dakika"},"schema":{"@context":"https:\/\/schema.org","@graph":[{"@type":"WebPage","@id":"https:\/\/www.tosunlux.eu\/pl\/products\/digital-display-time-relay-trt8\/","url":"https:\/\/www.tosunlux.eu\/pl\/products\/digital-display-time-relay-trt8\/","name":"WholesaleDigital Display Time Relay TRT8 - TOSUNlux Official Site - Electrical Circuit Breaker Manufacturer in China Low Voltage Electrical Supplier | TOSUNlux","isPartOf":{"@id":"https:\/\/www.tosunlux.eu\/ru\/#website"},"primaryImageOfPage":{"@id":"https:\/\/www.tosunlux.eu\/pl\/products\/digital-display-time-relay-trt8\/#primaryimage"},"image":{"@id":"https:\/\/www.tosunlux.eu\/pl\/products\/digital-display-time-relay-trt8\/#primaryimage"},"thumbnailUrl":"https:\/\/www.tosunlux.eu\/wp-content\/uploads\/2022\/04\/DIMENSION-S2-4-1024x443.jpg","datePublished":"2022-04-15T06:20:18+00:00","dateModified":"2023-09-13T03:25:11+00:00","description":"Digital Display Time Relay TRT8 Supplier - Wholesale direct from TOSUNlux, a trusted manufacturer since 1994. Get your B2B factory quote on our certified Low Voltage electrical products.","breadcrumb":{"@id":"https:\/\/www.tosunlux.eu\/pl\/products\/digital-display-time-relay-trt8\/#breadcrumb"},"inLanguage":"tr","potentialAction":[{"@type":"ReadAction","target":["https:\/\/www.tosunlux.eu\/pl\/products\/digital-display-time-relay-trt8\/"]}]},{"@type":"ImageObject","inLanguage":"tr","@id":"https:\/\/www.tosunlux.eu\/pl\/products\/digital-display-time-relay-trt8\/#primaryimage","url":"https:\/\/www.tosunlux.eu\/wp-content\/uploads\/2022\/04\/DIMENSION-S2-4-1024x443.jpg","contentUrl":"https:\/\/www.tosunlux.eu\/wp-content\/uploads\/2022\/04\/DIMENSION-S2-4-1024x443.jpg"},{"@type":"BreadcrumbList","@id":"https:\/\/www.tosunlux.eu\/pl\/products\/digital-display-time-relay-trt8\/#breadcrumb","itemListElement":[{"@type":"ListItem","position":1,"name":"Home","item":"https:\/\/www.tosunlux.eu\/ru\/"},{"@type":"ListItem","position":2,"name":"Products","item":"https:\/\/www.tosunlux.eu\/products\/"},{"@type":"ListItem","position":3,"name":"Digital Display Time Relay TRT8"}]},{"@type":"WebSite","@id":"https:\/\/www.tosunlux.eu\/ru\/#website","url":"https:\/\/www.tosunlux.eu\/ru\/","name":"TOSUNlux Resmi Sitesi - \u00c7in&#039;de Elektrik Sigortas\u0131 \u00dcreticisi","description":"G\u00fc\u00e7 Da\u011f\u0131t\u0131m Sistemi Tedarik\u00e7isi","publisher":{"@id":"https:\/\/www.tosunlux.eu\/ru\/#organization"},"alternateName":"TOSUNlux","potentialAction":[{"@type":"SearchAction","target":{"@type":"EntryPoint","urlTemplate":"https:\/\/www.tosunlux.eu\/ru\/?s={search_term_string}"},"query-input":{"@type":"PropertyValueSpecification","valueRequired":true,"valueName":"search_term_string"}}],"inLanguage":"tr"},{"@type":"Organization","@id":"https:\/\/www.tosunlux.eu\/ru\/#organization","name":"TOSUNlux","url":"https:\/\/www.tosunlux.eu\/ru\/","logo":{"@type":"ImageObject","inLanguage":"tr","@id":"https:\/\/www.tosunlux.eu\/ru\/#\/schema\/logo\/image\/","url":"https:\/\/www.tosunlux.eu\/wp-content\/uploads\/2022\/01\/LOGOSYSM.71762f1.png","contentUrl":"https:\/\/www.tosunlux.eu\/wp-content\/uploads\/2022\/01\/LOGOSYSM.71762f1.png","width":153,"height":55,"caption":"TOSUNlux"},"image":{"@id":"https:\/\/www.tosunlux.eu\/ru\/#\/schema\/logo\/image\/"},"sameAs":["https:\/\/www.facebook.com\/TOSUNelectric\/","https:\/\/www.linkedin.com\/company\/wenzhou-tosun-electric-co.-ltd\/"]}]}},"_links":{"self":[{"href":"https:\/\/www.tosunlux.eu\/tr\/wp-json\/wp\/v2\/product\/1159","targetHints":{"allow":["GET"]}}],"collection":[{"href":"https:\/\/www.tosunlux.eu\/tr\/wp-json\/wp\/v2\/product"}],"about":[{"href":"https:\/\/www.tosunlux.eu\/tr\/wp-json\/wp\/v2\/types\/product"}],"version-history":[{"count":1,"href":"https:\/\/www.tosunlux.eu\/tr\/wp-json\/wp\/v2\/product\/1159\/revisions"}],"predecessor-version":[{"id":8046,"href":"https:\/\/www.tosunlux.eu\/tr\/wp-json\/wp\/v2\/product\/1159\/revisions\/8046"}],"wp:attachment":[{"href":"https:\/\/www.tosunlux.eu\/tr\/wp-json\/wp\/v2\/media?parent=1159"}],"wp:term":[{"taxonomy":"product_category","embeddable":true,"href":"https:\/\/www.tosunlux.eu\/tr\/wp-json\/wp\/v2\/product_category?post=1159"}],"curies":[{"name":"wp","href":"https:\/\/api.w.org\/{rel}","templated":true}]}}