{"id":1172,"date":"2022-04-15T17:10:47","date_gmt":"2022-04-15T09:10:47","guid":{"rendered":"https:\/\/www.tosunlux.eu\/?post_type=product&#038;p=1172"},"modified":"2022-04-15T17:10:48","modified_gmt":"2022-04-15T09:10:48","slug":"staircase-switch-trt8","status":"publish","type":"product","link":"https:\/\/www.tosunlux.eu\/tr\/products\/staircase-switch-trt8\/","title":{"rendered":"Merdiven Anahtar\u0131 TRT8"},"content":{"rendered":"<pre class=\"wp-block-verse\"><strong>Uygulamalar<\/strong>\n\nMavi di\u015fli zaman kontrol r\u00f6lesi end\u00fcstriyel ekipmanlarda, ayd\u0131nlatma kontrol\u00fcnde, \u0131s\u0131tma elemanlar\u0131n\u0131n kontrol\u00fcnde, motor ve fan kontrol\u00fcnde ve y\u00fcklerin d\u00fczenli olarak a\u00e7\u0131l\u0131p kapat\u0131lmas\u0131nda kullan\u0131labilir.\n\n<strong>\u00d6zellik<\/strong>\n\n\nR\u00f6le, basit ve kullan\u0131m\u0131 kolay olan cep telefonu uygulamas\u0131n\u0131n Bluetooth ba\u011flant\u0131s\u0131yla ayarlan\u0131r. 8\/16 grup zamanlama ayar\u0131. \u0130ki \u00e7al\u0131\u015fma modu vard\u0131r: otomatik ve manuel. AC \/ DC 24v-240v ultra geni\u015f \u00e7al\u0131\u015fma voltaj\u0131na sahiptir. R\u00f6le durumu LED ile g\u00f6sterilir. 1-MOD\u00dcL, DIN ray montaj\u0131.\n\n\n<strong>Teknik Parametreler<\/strong>\n\n<\/pre>\n\n\n<table width=\"448\">\n<tbody>\n<tr>\n<td width=\"129\">\u00d6rnek<\/td>\n<td width=\"158\">TRT8-TS1\u00a0\u00a0\u00a0<\/td>\n<td width=\"161\">\u00a0\u00a0\u00a0\u00a0 TRT8-TS2<\/td>\n<\/tr>\n<tr>\n<td width=\"129\">\u0130\u015flev<\/td>\n<td colspan=\"2\" width=\"319\">Bluetooth zaman kontrol r\u00f6lesi<\/td>\n<\/tr>\n<tr>\n<td width=\"129\">Besleme terminalleri<\/td>\n<td colspan=\"2\" width=\"319\">A1-A2<\/td>\n<\/tr>\n<tr>\n<td width=\"129\">Voltaj aral\u0131\u011f\u0131<\/td>\n<td colspan=\"2\" width=\"319\">AC\/DC 24-240V 50Hz<\/td>\n<\/tr>\n<tr>\n<td width=\"129\">Y\u00fck<\/td>\n<td colspan=\"2\" width=\"319\">AC 0,09-3VA\/DC 0,05-1,7W<\/td>\n<\/tr>\n<tr>\n<td width=\"129\">Besleme gerilimi tolerans\u0131<\/td>\n<td colspan=\"2\" width=\"319\">-15%;+10%<\/td>\n<\/tr>\n<tr>\n<td width=\"129\">Tedarik g\u00f6stergesi<\/td>\n<td colspan=\"2\" width=\"319\">ye\u015fil LED<\/td>\n<\/tr>\n<tr>\n<td width=\"129\">Zamanlay\u0131c\u0131 say\u0131s\u0131<\/td>\n<td width=\"158\">8-A\u00c7IK\/8-KAPALI<\/td>\n<td width=\"161\">2\u00d78-A\u00c7IK\/2\u00d78-KAPALI<\/td>\n<\/tr>\n<tr>\n<td width=\"129\">Zaman ayar\u0131<\/td>\n<td colspan=\"2\" width=\"319\">APP(Bluetooth ba\u011flant\u0131s\u0131)<\/td>\n<\/tr>\n<tr>\n<td width=\"129\">Zaman sapmas\u0131<\/td>\n<td colspan=\"2\" width=\"319\">\u00b12s\/g\u00fcn<\/td>\n<\/tr>\n<tr>\n<td width=\"129\">\u00c7\u0131kt\u0131<\/td>\n<td width=\"158\">1xSPDT<\/td>\n<td width=\"161\">2xSPDT<\/td>\n<\/tr>\n<tr>\n<td width=\"129\">G\u00fcncel derecelendirme<\/td>\n<td colspan=\"2\" width=\"319\">1x16A(AC1)<\/td>\n<\/tr>\n<tr>\n<td width=\"129\">Min.k\u0131r\u0131lma kapasitesi DC<\/td>\n<td colspan=\"2\" width=\"319\">500mW<\/td>\n<\/tr>\n<tr>\n<td width=\"129\">\u00c7\u0131k\u0131\u015f g\u00f6stergesi<\/td>\n<td colspan=\"2\" width=\"319\">k\u0131rm\u0131z\u0131 LED<\/td>\n<\/tr>\n<tr>\n<td width=\"129\">Mekanik \u00f6m\u00fcr<\/td>\n<td colspan=\"2\" width=\"319\">1\u00d710000000<\/td>\n<\/tr>\n<tr>\n<td width=\"129\">Elektriksel \u00f6m\u00fcr (AC1)<\/td>\n<td colspan=\"2\" width=\"319\">1\u00d7100000<\/td>\n<\/tr>\n<tr>\n<td width=\"129\">\u00c7al\u0131\u015fma s\u0131cakl\u0131\u011f\u0131<\/td>\n<td colspan=\"2\" width=\"319\">-20\u2103~+55\u2103<\/td>\n<\/tr>\n<tr>\n<td width=\"129\">Depolama s\u0131cakl\u0131\u011f\u0131<\/td>\n<td colspan=\"2\" width=\"319\">\u00a0-35\u2103~+75\u2103<\/td>\n<\/tr>\n<\/tbody>\n<\/table>\n\n\n<p><\/p>\n\n\n\n<pre class=\"wp-block-verse\"><strong>Boyut<\/strong>\n\n\n<\/pre>\n\n\n\n<figure class=\"wp-block-image size-large is-resized\"><img fetchpriority=\"high\" decoding=\"async\" src=\"https:\/\/www.tosunlux.eu\/wp-content\/uploads\/2022\/04\/DIMENSION-S2-6-1024x490.jpg\" alt=\"\" class=\"wp-image-1176\" width=\"494\" height=\"235\" srcset=\"https:\/\/www.tosunlux.eu\/wp-content\/uploads\/2022\/04\/DIMENSION-S2-6-1024x490.jpg 1024w, https:\/\/www.tosunlux.eu\/wp-content\/uploads\/2022\/04\/DIMENSION-S2-6-300x144.jpg 300w, https:\/\/www.tosunlux.eu\/wp-content\/uploads\/2022\/04\/DIMENSION-S2-6-768x367.jpg 768w, https:\/\/www.tosunlux.eu\/wp-content\/uploads\/2022\/04\/DIMENSION-S2-6-1536x735.jpg 1536w, https:\/\/www.tosunlux.eu\/wp-content\/uploads\/2022\/04\/DIMENSION-S2-6.jpg 1599w\" sizes=\"(max-width: 494px) 100vw, 494px\" \/><\/figure>","protected":false},"parent":0,"template":"","product_category":[35,92],"class_list":["post-1172","product","type-product","status-publish","hentry","product_category-industrial-control-devices","product_category-timer-relay"],"yoast_head":"<!-- This site is optimized with the Yoast SEO plugin v27.5 - https:\/\/yoast.com\/product\/yoast-seo-wordpress\/ -->\n<title>WholesaleStaircase Switch TRT8 - TOSUNlux Official Site - Electrical Circuit Breaker Manufacturer in China Low Voltage Electrical Supplier | TOSUNlux<\/title>\n<meta name=\"description\" content=\"Staircase Switch TRT8 Supplier - Wholesale direct from TOSUNlux, a trusted manufacturer since 1994. Get your B2B factory quote on our certified Low Voltage electrical products.\" \/>\n<meta name=\"robots\" content=\"index, follow, max-snippet:-1, max-image-preview:large, max-video-preview:-1\" \/>\n<link rel=\"canonical\" href=\"https:\/\/www.tosunlux.eu\/tr\/products\/staircase-switch-trt8\/\" \/>\n<meta property=\"og:locale\" content=\"tr_TR\" \/>\n<meta property=\"og:type\" content=\"article\" \/>\n<meta property=\"og:title\" content=\"WholesaleStaircase Switch TRT8 - TOSUNlux Official Site - Electrical Circuit Breaker Manufacturer in China Low Voltage Electrical Supplier | TOSUNlux\" \/>\n<meta property=\"og:description\" content=\"Staircase Switch TRT8 Supplier - Wholesale direct from TOSUNlux, a trusted manufacturer since 1994. Get your B2B factory quote on our certified Low Voltage electrical products.\" \/>\n<meta property=\"og:url\" content=\"https:\/\/www.tosunlux.eu\/tr\/products\/staircase-switch-trt8\/\" \/>\n<meta property=\"og:site_name\" content=\"TOSUNlux Official Site - Electrical Circuit Breaker Manufacturer in China\" \/>\n<meta property=\"article:publisher\" content=\"https:\/\/www.facebook.com\/TOSUNelectric\/\" \/>\n<meta property=\"article:modified_time\" content=\"2022-04-15T09:10:48+00:00\" \/>\n<meta property=\"og:image\" content=\"https:\/\/www.tosunlux.eu\/wp-content\/uploads\/2022\/04\/DIMENSION-S2-6-1024x490.jpg\" \/>\n<meta name=\"twitter:card\" content=\"summary_large_image\" \/>\n<meta name=\"twitter:label1\" content=\"Tahmini okuma s\u00fcresi\" \/>\n\t<meta name=\"twitter:data1\" content=\"1 dakika\" \/>\n<script type=\"application\/ld+json\" class=\"yoast-schema-graph\">{\"@context\":\"https:\\\/\\\/schema.org\",\"@graph\":[{\"@type\":\"WebPage\",\"@id\":\"https:\\\/\\\/www.tosunlux.eu\\\/fr\\\/products\\\/staircase-switch-trt8\\\/\",\"url\":\"https:\\\/\\\/www.tosunlux.eu\\\/fr\\\/products\\\/staircase-switch-trt8\\\/\",\"name\":\"WholesaleStaircase Switch TRT8 - TOSUNlux Official Site - Electrical Circuit Breaker Manufacturer in China Low Voltage Electrical Supplier | TOSUNlux\",\"isPartOf\":{\"@id\":\"https:\\\/\\\/www.tosunlux.eu\\\/ru\\\/#website\"},\"primaryImageOfPage\":{\"@id\":\"https:\\\/\\\/www.tosunlux.eu\\\/fr\\\/products\\\/staircase-switch-trt8\\\/#primaryimage\"},\"image\":{\"@id\":\"https:\\\/\\\/www.tosunlux.eu\\\/fr\\\/products\\\/staircase-switch-trt8\\\/#primaryimage\"},\"thumbnailUrl\":\"https:\\\/\\\/www.tosunlux.eu\\\/wp-content\\\/uploads\\\/2022\\\/04\\\/DIMENSION-S2-6-1024x490.jpg\",\"datePublished\":\"2022-04-15T09:10:47+00:00\",\"dateModified\":\"2022-04-15T09:10:48+00:00\",\"description\":\"Staircase Switch TRT8 Supplier - Wholesale direct from TOSUNlux, a trusted manufacturer since 1994. Get your B2B factory quote on our certified Low Voltage electrical products.\",\"breadcrumb\":{\"@id\":\"https:\\\/\\\/www.tosunlux.eu\\\/fr\\\/products\\\/staircase-switch-trt8\\\/#breadcrumb\"},\"inLanguage\":\"tr\",\"potentialAction\":[{\"@type\":\"ReadAction\",\"target\":[\"https:\\\/\\\/www.tosunlux.eu\\\/fr\\\/products\\\/staircase-switch-trt8\\\/\"]}]},{\"@type\":\"ImageObject\",\"inLanguage\":\"tr\",\"@id\":\"https:\\\/\\\/www.tosunlux.eu\\\/fr\\\/products\\\/staircase-switch-trt8\\\/#primaryimage\",\"url\":\"https:\\\/\\\/www.tosunlux.eu\\\/wp-content\\\/uploads\\\/2022\\\/04\\\/DIMENSION-S2-6-1024x490.jpg\",\"contentUrl\":\"https:\\\/\\\/www.tosunlux.eu\\\/wp-content\\\/uploads\\\/2022\\\/04\\\/DIMENSION-S2-6-1024x490.jpg\"},{\"@type\":\"BreadcrumbList\",\"@id\":\"https:\\\/\\\/www.tosunlux.eu\\\/fr\\\/products\\\/staircase-switch-trt8\\\/#breadcrumb\",\"itemListElement\":[{\"@type\":\"ListItem\",\"position\":1,\"name\":\"Home\",\"item\":\"https:\\\/\\\/www.tosunlux.eu\\\/ru\\\/\"},{\"@type\":\"ListItem\",\"position\":2,\"name\":\"Products\",\"item\":\"https:\\\/\\\/www.tosunlux.eu\\\/products\\\/\"},{\"@type\":\"ListItem\",\"position\":3,\"name\":\"Staircase Switch TRT8\"}]},{\"@type\":\"WebSite\",\"@id\":\"https:\\\/\\\/www.tosunlux.eu\\\/ru\\\/#website\",\"url\":\"https:\\\/\\\/www.tosunlux.eu\\\/ru\\\/\",\"name\":\"TOSUNlux Official Site - Electrical Circuit Breaker Manufacturer in China\",\"description\":\"Power Distribution System Supplier\",\"publisher\":{\"@id\":\"https:\\\/\\\/www.tosunlux.eu\\\/ru\\\/#organization\"},\"alternateName\":\"TOSUNlux\",\"potentialAction\":[{\"@type\":\"SearchAction\",\"target\":{\"@type\":\"EntryPoint\",\"urlTemplate\":\"https:\\\/\\\/www.tosunlux.eu\\\/ru\\\/?s={search_term_string}\"},\"query-input\":{\"@type\":\"PropertyValueSpecification\",\"valueRequired\":true,\"valueName\":\"search_term_string\"}}],\"inLanguage\":\"tr\"},{\"@type\":\"Organization\",\"@id\":\"https:\\\/\\\/www.tosunlux.eu\\\/ru\\\/#organization\",\"name\":\"TOSUNlux\",\"url\":\"https:\\\/\\\/www.tosunlux.eu\\\/ru\\\/\",\"logo\":{\"@type\":\"ImageObject\",\"inLanguage\":\"tr\",\"@id\":\"https:\\\/\\\/www.tosunlux.eu\\\/ru\\\/#\\\/schema\\\/logo\\\/image\\\/\",\"url\":\"https:\\\/\\\/www.tosunlux.eu\\\/wp-content\\\/uploads\\\/2022\\\/01\\\/LOGOSYSM.71762f1.png\",\"contentUrl\":\"https:\\\/\\\/www.tosunlux.eu\\\/wp-content\\\/uploads\\\/2022\\\/01\\\/LOGOSYSM.71762f1.png\",\"width\":153,\"height\":55,\"caption\":\"TOSUNlux\"},\"image\":{\"@id\":\"https:\\\/\\\/www.tosunlux.eu\\\/ru\\\/#\\\/schema\\\/logo\\\/image\\\/\"},\"sameAs\":[\"https:\\\/\\\/www.facebook.com\\\/TOSUNelectric\\\/\",\"https:\\\/\\\/www.linkedin.com\\\/company\\\/wenzhou-tosun-electric-co.-ltd\\\/\"]}]}<\/script>\n<!-- \/ Yoast SEO plugin. -->","yoast_head_json":{"title":"Toptan Merdiven Anahtar\u0131 TRT8 - TOSUNlux Resmi Sitesi - \u00c7in&#039;de Elektrik Sigortas\u0131 \u00dcreticisi ve D\u00fc\u015f\u00fck Voltajl\u0131 Elektrik Tedarik\u00e7isi | TOSUNlux","description":"Merdiven Anahtar\u0131 TRT8 Tedarik\u00e7isi - 1994&#039;ten beri g\u00fcvenilir bir \u00fcretici olan TOSUNlux&#039;tan do\u011frudan toptan sat\u0131\u015f. Sertifikal\u0131 D\u00fc\u015f\u00fck Gerilim elektrik \u00fcr\u00fcnlerimiz i\u00e7in B2B fabrika fiyat teklifinizi al\u0131n.","robots":{"index":"index","follow":"follow","max-snippet":"max-snippet:-1","max-image-preview":"max-image-preview:large","max-video-preview":"max-video-preview:-1"},"canonical":"https:\/\/www.tosunlux.eu\/tr\/products\/staircase-switch-trt8\/","og_locale":"tr_TR","og_type":"article","og_title":"WholesaleStaircase Switch TRT8 - TOSUNlux Official Site - Electrical Circuit Breaker Manufacturer in China Low Voltage Electrical Supplier | TOSUNlux","og_description":"Staircase Switch TRT8 Supplier - Wholesale direct from TOSUNlux, a trusted manufacturer since 1994. Get your B2B factory quote on our certified Low Voltage electrical products.","og_url":"https:\/\/www.tosunlux.eu\/tr\/products\/staircase-switch-trt8\/","og_site_name":"TOSUNlux Official Site - Electrical Circuit Breaker Manufacturer in China","article_publisher":"https:\/\/www.facebook.com\/TOSUNelectric\/","article_modified_time":"2022-04-15T09:10:48+00:00","og_image":[{"url":"https:\/\/www.tosunlux.eu\/wp-content\/uploads\/2022\/04\/DIMENSION-S2-6-1024x490.jpg","type":"","width":"","height":""}],"twitter_card":"summary_large_image","twitter_misc":{"Tahmini okuma s\u00fcresi":"1 dakika"},"schema":{"@context":"https:\/\/schema.org","@graph":[{"@type":"WebPage","@id":"https:\/\/www.tosunlux.eu\/fr\/products\/staircase-switch-trt8\/","url":"https:\/\/www.tosunlux.eu\/fr\/products\/staircase-switch-trt8\/","name":"Toptan Merdiven Anahtar\u0131 TRT8 - TOSUNlux Resmi Sitesi - \u00c7in&#039;de Elektrik Sigortas\u0131 \u00dcreticisi ve D\u00fc\u015f\u00fck Voltajl\u0131 Elektrik Tedarik\u00e7isi | TOSUNlux","isPartOf":{"@id":"https:\/\/www.tosunlux.eu\/ru\/#website"},"primaryImageOfPage":{"@id":"https:\/\/www.tosunlux.eu\/fr\/products\/staircase-switch-trt8\/#primaryimage"},"image":{"@id":"https:\/\/www.tosunlux.eu\/fr\/products\/staircase-switch-trt8\/#primaryimage"},"thumbnailUrl":"https:\/\/www.tosunlux.eu\/wp-content\/uploads\/2022\/04\/DIMENSION-S2-6-1024x490.jpg","datePublished":"2022-04-15T09:10:47+00:00","dateModified":"2022-04-15T09:10:48+00:00","description":"Merdiven Anahtar\u0131 TRT8 Tedarik\u00e7isi - 1994&#039;ten beri g\u00fcvenilir bir \u00fcretici olan TOSUNlux&#039;tan do\u011frudan toptan sat\u0131\u015f. Sertifikal\u0131 D\u00fc\u015f\u00fck Gerilim elektrik \u00fcr\u00fcnlerimiz i\u00e7in B2B fabrika fiyat teklifinizi al\u0131n.","breadcrumb":{"@id":"https:\/\/www.tosunlux.eu\/fr\/products\/staircase-switch-trt8\/#breadcrumb"},"inLanguage":"tr","potentialAction":[{"@type":"ReadAction","target":["https:\/\/www.tosunlux.eu\/fr\/products\/staircase-switch-trt8\/"]}]},{"@type":"ImageObject","inLanguage":"tr","@id":"https:\/\/www.tosunlux.eu\/fr\/products\/staircase-switch-trt8\/#primaryimage","url":"https:\/\/www.tosunlux.eu\/wp-content\/uploads\/2022\/04\/DIMENSION-S2-6-1024x490.jpg","contentUrl":"https:\/\/www.tosunlux.eu\/wp-content\/uploads\/2022\/04\/DIMENSION-S2-6-1024x490.jpg"},{"@type":"BreadcrumbList","@id":"https:\/\/www.tosunlux.eu\/fr\/products\/staircase-switch-trt8\/#breadcrumb","itemListElement":[{"@type":"ListItem","position":1,"name":"Home","item":"https:\/\/www.tosunlux.eu\/ru\/"},{"@type":"ListItem","position":2,"name":"Products","item":"https:\/\/www.tosunlux.eu\/products\/"},{"@type":"ListItem","position":3,"name":"Staircase Switch TRT8"}]},{"@type":"WebSite","@id":"https:\/\/www.tosunlux.eu\/ru\/#website","url":"https:\/\/www.tosunlux.eu\/ru\/","name":"TOSUNlux Resmi Sitesi - \u00c7in&#039;de Elektrik Sigortas\u0131 \u00dcreticisi","description":"G\u00fc\u00e7 Da\u011f\u0131t\u0131m Sistemi Tedarik\u00e7isi","publisher":{"@id":"https:\/\/www.tosunlux.eu\/ru\/#organization"},"alternateName":"TOSUNlux","potentialAction":[{"@type":"SearchAction","target":{"@type":"EntryPoint","urlTemplate":"https:\/\/www.tosunlux.eu\/ru\/?s={search_term_string}"},"query-input":{"@type":"PropertyValueSpecification","valueRequired":true,"valueName":"search_term_string"}}],"inLanguage":"tr"},{"@type":"Organization","@id":"https:\/\/www.tosunlux.eu\/ru\/#organization","name":"TOSUNlux","url":"https:\/\/www.tosunlux.eu\/ru\/","logo":{"@type":"ImageObject","inLanguage":"tr","@id":"https:\/\/www.tosunlux.eu\/ru\/#\/schema\/logo\/image\/","url":"https:\/\/www.tosunlux.eu\/wp-content\/uploads\/2022\/01\/LOGOSYSM.71762f1.png","contentUrl":"https:\/\/www.tosunlux.eu\/wp-content\/uploads\/2022\/01\/LOGOSYSM.71762f1.png","width":153,"height":55,"caption":"TOSUNlux"},"image":{"@id":"https:\/\/www.tosunlux.eu\/ru\/#\/schema\/logo\/image\/"},"sameAs":["https:\/\/www.facebook.com\/TOSUNelectric\/","https:\/\/www.linkedin.com\/company\/wenzhou-tosun-electric-co.-ltd\/"]}]}},"_links":{"self":[{"href":"https:\/\/www.tosunlux.eu\/tr\/wp-json\/wp\/v2\/product\/1172","targetHints":{"allow":["GET"]}}],"collection":[{"href":"https:\/\/www.tosunlux.eu\/tr\/wp-json\/wp\/v2\/product"}],"about":[{"href":"https:\/\/www.tosunlux.eu\/tr\/wp-json\/wp\/v2\/types\/product"}],"version-history":[{"count":0,"href":"https:\/\/www.tosunlux.eu\/tr\/wp-json\/wp\/v2\/product\/1172\/revisions"}],"wp:attachment":[{"href":"https:\/\/www.tosunlux.eu\/tr\/wp-json\/wp\/v2\/media?parent=1172"}],"wp:term":[{"taxonomy":"product_category","embeddable":true,"href":"https:\/\/www.tosunlux.eu\/tr\/wp-json\/wp\/v2\/product_category?post=1172"}],"curies":[{"name":"wp","href":"https:\/\/api.w.org\/{rel}","templated":true}]}}