{"id":12159,"date":"2025-01-02T13:21:02","date_gmt":"2025-01-02T05:21:02","guid":{"rendered":"https:\/\/www.tosunlux.eu\/?post_type=product&#038;p=12159"},"modified":"2025-01-02T13:49:37","modified_gmt":"2025-01-02T05:49:37","slug":"tsn9-63l-residual-current-operated-circuitbreaker-rcbo","status":"publish","type":"product","link":"https:\/\/www.tosunlux.eu\/tr\/products\/tsn9-63l-residual-current-operated-circuitbreaker-rcbo\/","title":{"rendered":"TSN9-63L Ka\u00e7ak Ak\u0131mla \u00c7al\u0131\u015fan Devre<br>Kesici (RCBO)"},"content":{"rendered":"<p><strong>Ba\u015fvuru<\/strong><\/p>\n\n\n\n<p>\u00dcr\u00fcn, AC 50\/60Hz, anma gerilimi 230\/400V ve anma ak\u0131m\u0131 63A&#039;ya kadar olan devrelerde \u00e7al\u0131\u015f\u0131r ve birisi elektrik \u00e7arpmas\u0131 veya belirtilen de\u011ferin \u00fczerinde art\u0131k ak\u0131ma maruz kald\u0131\u011f\u0131nda g\u00fc\u00e7 kayna\u011f\u0131n\u0131 otomatik ve derhal keser. Ki\u015fisel g\u00fcvenli\u011fi koruyabilir ve ekipmanlara gelebilecek hasar\u0131 etkili bir \u015fekilde \u00f6nleyebilir.<br>Devre kesici normal \u015fartlarda a\u015f\u0131r\u0131 y\u00fck korumas\u0131, k\u0131sa devre korumas\u0131 ve devrenin seyrek olarak de\u011fi\u015ftirilmesi durumunda da kullan\u0131labilir.<br>\u00dcr\u00fcn IEC61009-1 standard\u0131na uygundur.<\/p>\n\n\n\n<p><\/p>\n\n\n\n<p><strong>\u015eartname<\/strong><\/p>\n\n\n<table style=\"height: 451px;\" width=\"770\">\n<tbody>\n<tr>\n<td width=\"186\">Kutup Say\u0131s\u0131<\/td>\n<td style=\"text-align: center;\" width=\"292\">1P+N, 3P+N<\/td>\n<\/tr>\n<tr>\n<td width=\"186\">Anma Ak\u0131m\u0131<\/td>\n<td style=\"text-align: center;\" width=\"292\">6A, 10A, 16A, 20A, 25A, 32A, 40A, 50A, 63A<\/td>\n<\/tr>\n<tr>\n<td width=\"186\">Anma Gerilimi<\/td>\n<td style=\"text-align: center;\" width=\"292\">230V\/240V~, 400V\/415V~<\/td>\n<\/tr>\n<tr>\n<td width=\"186\">Nominal Kalan \u00c7al\u0131\u015fma Ak\u0131m\u0131<\/td>\n<td style=\"text-align: center;\" width=\"292\">10mA, 30mA, 100mA, 300mA<\/td>\n<\/tr>\n<tr>\n<td width=\"186\">Gezi \u00dcnitesi Teknolojisi<\/td>\n<td style=\"text-align: center;\" width=\"292\">Elektromanyetik<\/td>\n<\/tr>\n<tr>\n<td width=\"186\">E\u011fri Kodu<\/td>\n<td style=\"text-align: center;\" width=\"292\">B, C<\/td>\n<\/tr>\n<tr>\n<td width=\"186\">A\u011f T\u00fcr\u00fc<\/td>\n<td style=\"text-align: center;\" width=\"292\">AC ~ \/A ~ \/F ~<\/td>\n<\/tr>\n<tr>\n<td width=\"186\">Anma K\u0131sa Devre Kapasitesi (Icn)<\/td>\n<td style=\"text-align: center;\" width=\"292\">6000A<\/td>\n<\/tr>\n<tr>\n<td width=\"186\">Nominal Art\u0131k Ak\u0131m \u00c7al\u0131\u015ft\u0131r\u0131ld\u0131<br \/>Yapma ve Bozma Kapasitesi (I\u25b3m)<\/td>\n<td style=\"text-align: center;\" width=\"292\">3000A<\/td>\n<\/tr>\n<tr>\n<td width=\"186\">Anma Kalan \u00c7al\u0131\u015fmayan Ak\u0131m<\/td>\n<td style=\"text-align: center;\" width=\"292\">I\u25b3no: 0.5I\u25b3n<\/td>\n<\/tr>\n<\/tbody>\n<\/table>\n<p>\u00a0<\/p>\n\n\n<p><strong>Boyutlar<\/strong><\/p>\n\n\n\n<figure class=\"wp-block-image size-full is-resized\"><img fetchpriority=\"high\" decoding=\"async\" src=\"https:\/\/www.tosunlux.eu\/wp-content\/uploads\/2025\/01\/1-4.jpg\" alt=\"\" class=\"wp-image-12167\" width=\"485\" height=\"433\" srcset=\"https:\/\/www.tosunlux.eu\/wp-content\/uploads\/2025\/01\/1-4.jpg 966w, https:\/\/www.tosunlux.eu\/wp-content\/uploads\/2025\/01\/1-4-300x268.jpg 300w, https:\/\/www.tosunlux.eu\/wp-content\/uploads\/2025\/01\/1-4-768x685.jpg 768w, https:\/\/www.tosunlux.eu\/wp-content\/uploads\/2025\/01\/1-4-13x12.jpg 13w\" sizes=\"(max-width: 485px) 100vw, 485px\" \/><\/figure>","protected":false},"parent":0,"template":"","product_category":[24,78],"class_list":["post-12159","product","type-product","status-publish","hentry","product_category-power-distribution-system","product_category-rcbo"],"yoast_head":"<!-- This site is optimized with the Yoast SEO plugin v27.6 - https:\/\/yoast.com\/product\/yoast-seo-wordpress\/ -->\n<title>WholesaleTSN9-63L Residual Current Operated CircuitBreaker (RCBO) - TOSUNlux Official Site - Electrical Circuit Breaker Manufacturer in China Low Voltage Electrical Supplier | TOSUNlux<\/title>\n<meta name=\"description\" content=\"TSN9-63L Residual Current Operated CircuitBreaker (RCBO) Supplier - Wholesale direct from TOSUNlux, a trusted manufacturer since 1994. Get your B2B factory quote on our certified Low Voltage electrical products.\" \/>\n<meta name=\"robots\" content=\"index, follow, max-snippet:-1, max-image-preview:large, max-video-preview:-1\" \/>\n<link rel=\"canonical\" href=\"https:\/\/www.tosunlux.eu\/tr\/products\/tsn9-63l-residual-current-operated-circuitbreaker-rcbo\/\" \/>\n<meta property=\"og:locale\" content=\"tr_TR\" \/>\n<meta property=\"og:type\" content=\"article\" \/>\n<meta property=\"og:title\" content=\"WholesaleTSN9-63L Residual Current Operated CircuitBreaker (RCBO) - TOSUNlux Official Site - Electrical Circuit Breaker Manufacturer in China Low Voltage Electrical Supplier | TOSUNlux\" \/>\n<meta property=\"og:description\" content=\"TSN9-63L Residual Current Operated CircuitBreaker (RCBO) Supplier - Wholesale direct from TOSUNlux, a trusted manufacturer since 1994. Get your B2B factory quote on our certified Low Voltage electrical products.\" \/>\n<meta property=\"og:url\" content=\"https:\/\/www.tosunlux.eu\/tr\/products\/tsn9-63l-residual-current-operated-circuitbreaker-rcbo\/\" \/>\n<meta property=\"og:site_name\" content=\"TOSUNlux Official Site - Electrical Circuit Breaker Manufacturer in China\" \/>\n<meta property=\"article:publisher\" content=\"https:\/\/www.facebook.com\/TOSUNelectric\/\" \/>\n<meta property=\"article:modified_time\" content=\"2025-01-02T05:49:37+00:00\" \/>\n<meta property=\"og:image\" content=\"https:\/\/www.tosunlux.eu\/wp-content\/uploads\/2025\/01\/1-4.jpg\" \/>\n<meta name=\"twitter:card\" content=\"summary_large_image\" \/>\n<meta name=\"twitter:label1\" content=\"Tahmini okuma s\u00fcresi\" \/>\n\t<meta name=\"twitter:data1\" content=\"1 dakika\" \/>\n<script type=\"application\/ld+json\" class=\"yoast-schema-graph\">{\"@context\":\"https:\\\/\\\/schema.org\",\"@graph\":[{\"@type\":\"WebPage\",\"@id\":\"https:\\\/\\\/www.tosunlux.eu\\\/products\\\/tsn9-63l-residual-current-operated-circuitbreaker-rcbo\\\/\",\"url\":\"https:\\\/\\\/www.tosunlux.eu\\\/products\\\/tsn9-63l-residual-current-operated-circuitbreaker-rcbo\\\/\",\"name\":\"WholesaleTSN9-63L Residual Current Operated Circuit Breaker (RCBO) - TOSUNlux Official Site - Electrical Circuit Breaker Manufacturer in China Low Voltage Electrical Supplier | TOSUNlux\",\"isPartOf\":{\"@id\":\"https:\\\/\\\/www.tosunlux.eu\\\/ru\\\/#website\"},\"primaryImageOfPage\":{\"@id\":\"https:\\\/\\\/www.tosunlux.eu\\\/products\\\/tsn9-63l-residual-current-operated-circuitbreaker-rcbo\\\/#primaryimage\"},\"image\":{\"@id\":\"https:\\\/\\\/www.tosunlux.eu\\\/products\\\/tsn9-63l-residual-current-operated-circuitbreaker-rcbo\\\/#primaryimage\"},\"thumbnailUrl\":\"https:\\\/\\\/www.tosunlux.eu\\\/wp-content\\\/uploads\\\/2025\\\/01\\\/1-4.jpg\",\"datePublished\":\"2025-01-02T05:21:02+00:00\",\"dateModified\":\"2025-01-02T05:49:37+00:00\",\"description\":\"TSN9-63L Residual Current Operated Circuit Breaker (RCBO) Supplier - Wholesale direct from TOSUNlux, a trusted manufacturer since 1994. Get your B2B factory quote on our certified Low Voltage electrical products.\",\"breadcrumb\":{\"@id\":\"https:\\\/\\\/www.tosunlux.eu\\\/products\\\/tsn9-63l-residual-current-operated-circuitbreaker-rcbo\\\/#breadcrumb\"},\"inLanguage\":\"tr\",\"potentialAction\":[{\"@type\":\"ReadAction\",\"target\":[\"https:\\\/\\\/www.tosunlux.eu\\\/products\\\/tsn9-63l-residual-current-operated-circuitbreaker-rcbo\\\/\"]}]},{\"@type\":\"ImageObject\",\"inLanguage\":\"tr\",\"@id\":\"https:\\\/\\\/www.tosunlux.eu\\\/products\\\/tsn9-63l-residual-current-operated-circuitbreaker-rcbo\\\/#primaryimage\",\"url\":\"https:\\\/\\\/www.tosunlux.eu\\\/wp-content\\\/uploads\\\/2025\\\/01\\\/1-4.jpg\",\"contentUrl\":\"https:\\\/\\\/www.tosunlux.eu\\\/wp-content\\\/uploads\\\/2025\\\/01\\\/1-4.jpg\"},{\"@type\":\"BreadcrumbList\",\"@id\":\"https:\\\/\\\/www.tosunlux.eu\\\/products\\\/tsn9-63l-residual-current-operated-circuitbreaker-rcbo\\\/#breadcrumb\",\"itemListElement\":[{\"@type\":\"ListItem\",\"position\":1,\"name\":\"Home\",\"item\":\"https:\\\/\\\/www.tosunlux.eu\\\/ru\\\/\"},{\"@type\":\"ListItem\",\"position\":2,\"name\":\"Products\",\"item\":\"https:\\\/\\\/www.tosunlux.eu\\\/products\\\/\"},{\"@type\":\"ListItem\",\"position\":3,\"name\":\"TSN9-63L Residual Current Operated CircuitBreaker (RCBO)\"}]},{\"@type\":\"WebSite\",\"@id\":\"https:\\\/\\\/www.tosunlux.eu\\\/ru\\\/#website\",\"url\":\"https:\\\/\\\/www.tosunlux.eu\\\/ru\\\/\",\"name\":\"TOSUNlux Official Site - Electrical Circuit Breaker Manufacturer in China\",\"description\":\"Power Distribution System Supplier\",\"publisher\":{\"@id\":\"https:\\\/\\\/www.tosunlux.eu\\\/ru\\\/#organization\"},\"alternateName\":\"TOSUNlux\",\"potentialAction\":[{\"@type\":\"SearchAction\",\"target\":{\"@type\":\"EntryPoint\",\"urlTemplate\":\"https:\\\/\\\/www.tosunlux.eu\\\/ru\\\/?s={search_term_string}\"},\"query-input\":{\"@type\":\"PropertyValueSpecification\",\"valueRequired\":true,\"valueName\":\"search_term_string\"}}],\"inLanguage\":\"tr\"},{\"@type\":\"Organization\",\"@id\":\"https:\\\/\\\/www.tosunlux.eu\\\/ru\\\/#organization\",\"name\":\"TOSUNlux\",\"url\":\"https:\\\/\\\/www.tosunlux.eu\\\/ru\\\/\",\"logo\":{\"@type\":\"ImageObject\",\"inLanguage\":\"tr\",\"@id\":\"https:\\\/\\\/www.tosunlux.eu\\\/ru\\\/#\\\/schema\\\/logo\\\/image\\\/\",\"url\":\"https:\\\/\\\/www.tosunlux.eu\\\/wp-content\\\/uploads\\\/2022\\\/01\\\/LOGOSYSM.71762f1.png\",\"contentUrl\":\"https:\\\/\\\/www.tosunlux.eu\\\/wp-content\\\/uploads\\\/2022\\\/01\\\/LOGOSYSM.71762f1.png\",\"width\":153,\"height\":55,\"caption\":\"TOSUNlux\"},\"image\":{\"@id\":\"https:\\\/\\\/www.tosunlux.eu\\\/ru\\\/#\\\/schema\\\/logo\\\/image\\\/\"},\"sameAs\":[\"https:\\\/\\\/www.facebook.com\\\/TOSUNelectric\\\/\",\"https:\\\/\\\/www.linkedin.com\\\/company\\\/wenzhou-tosun-electric-co.-ltd\\\/\"]}]}<\/script>\n<!-- \/ Yoast SEO plugin. -->","yoast_head_json":{"title":"WholesaleTSN9-63L Residual Current Operated CircuitBreaker (RCBO) - TOSUNlux Official Site - Electrical Circuit Breaker Manufacturer in China Low Voltage Electrical Supplier | TOSUNlux","description":"TSN9-63L Residual Current Operated CircuitBreaker (RCBO) Supplier - Wholesale direct from TOSUNlux, a trusted manufacturer since 1994. Get your B2B factory quote on our certified Low Voltage electrical products.","robots":{"index":"index","follow":"follow","max-snippet":"max-snippet:-1","max-image-preview":"max-image-preview:large","max-video-preview":"max-video-preview:-1"},"canonical":"https:\/\/www.tosunlux.eu\/tr\/products\/tsn9-63l-residual-current-operated-circuitbreaker-rcbo\/","og_locale":"tr_TR","og_type":"article","og_title":"WholesaleTSN9-63L Residual Current Operated CircuitBreaker (RCBO) - TOSUNlux Official Site - Electrical Circuit Breaker Manufacturer in China Low Voltage Electrical Supplier | TOSUNlux","og_description":"TSN9-63L Residual Current Operated CircuitBreaker (RCBO) Supplier - Wholesale direct from TOSUNlux, a trusted manufacturer since 1994. Get your B2B factory quote on our certified Low Voltage electrical products.","og_url":"https:\/\/www.tosunlux.eu\/tr\/products\/tsn9-63l-residual-current-operated-circuitbreaker-rcbo\/","og_site_name":"TOSUNlux Official Site - Electrical Circuit Breaker Manufacturer in China","article_publisher":"https:\/\/www.facebook.com\/TOSUNelectric\/","article_modified_time":"2025-01-02T05:49:37+00:00","og_image":[{"url":"https:\/\/www.tosunlux.eu\/wp-content\/uploads\/2025\/01\/1-4.jpg","type":"","width":"","height":""}],"twitter_card":"summary_large_image","twitter_misc":{"Tahmini okuma s\u00fcresi":"1 dakika"},"schema":{"@context":"https:\/\/schema.org","@graph":[{"@type":"WebPage","@id":"https:\/\/www.tosunlux.eu\/products\/tsn9-63l-residual-current-operated-circuitbreaker-rcbo\/","url":"https:\/\/www.tosunlux.eu\/products\/tsn9-63l-residual-current-operated-circuitbreaker-rcbo\/","name":"WholesaleTSN9-63L Residual Current Operated Circuit Breaker (RCBO) - TOSUNlux Official Site - Electrical Circuit Breaker Manufacturer in China Low Voltage Electrical Supplier | TOSUNlux","isPartOf":{"@id":"https:\/\/www.tosunlux.eu\/ru\/#website"},"primaryImageOfPage":{"@id":"https:\/\/www.tosunlux.eu\/products\/tsn9-63l-residual-current-operated-circuitbreaker-rcbo\/#primaryimage"},"image":{"@id":"https:\/\/www.tosunlux.eu\/products\/tsn9-63l-residual-current-operated-circuitbreaker-rcbo\/#primaryimage"},"thumbnailUrl":"https:\/\/www.tosunlux.eu\/wp-content\/uploads\/2025\/01\/1-4.jpg","datePublished":"2025-01-02T05:21:02+00:00","dateModified":"2025-01-02T05:49:37+00:00","description":"TSN9-63L Residual Current Operated Circuit Breaker (RCBO) Supplier - Wholesale direct from TOSUNlux, a trusted manufacturer since 1994. Get your B2B factory quote on our certified Low Voltage electrical products.","breadcrumb":{"@id":"https:\/\/www.tosunlux.eu\/products\/tsn9-63l-residual-current-operated-circuitbreaker-rcbo\/#breadcrumb"},"inLanguage":"tr","potentialAction":[{"@type":"ReadAction","target":["https:\/\/www.tosunlux.eu\/products\/tsn9-63l-residual-current-operated-circuitbreaker-rcbo\/"]}]},{"@type":"ImageObject","inLanguage":"tr","@id":"https:\/\/www.tosunlux.eu\/products\/tsn9-63l-residual-current-operated-circuitbreaker-rcbo\/#primaryimage","url":"https:\/\/www.tosunlux.eu\/wp-content\/uploads\/2025\/01\/1-4.jpg","contentUrl":"https:\/\/www.tosunlux.eu\/wp-content\/uploads\/2025\/01\/1-4.jpg"},{"@type":"BreadcrumbList","@id":"https:\/\/www.tosunlux.eu\/products\/tsn9-63l-residual-current-operated-circuitbreaker-rcbo\/#breadcrumb","itemListElement":[{"@type":"ListItem","position":1,"name":"Home","item":"https:\/\/www.tosunlux.eu\/ru\/"},{"@type":"ListItem","position":2,"name":"Products","item":"https:\/\/www.tosunlux.eu\/products\/"},{"@type":"ListItem","position":3,"name":"TSN9-63L Residual Current Operated CircuitBreaker (RCBO)"}]},{"@type":"WebSite","@id":"https:\/\/www.tosunlux.eu\/ru\/#website","url":"https:\/\/www.tosunlux.eu\/ru\/","name":"TOSUNlux Resmi Sitesi - \u00c7in&#039;de Elektrik Sigortas\u0131 \u00dcreticisi","description":"G\u00fc\u00e7 Da\u011f\u0131t\u0131m Sistemi Tedarik\u00e7isi","publisher":{"@id":"https:\/\/www.tosunlux.eu\/ru\/#organization"},"alternateName":"TOSUNlux","potentialAction":[{"@type":"SearchAction","target":{"@type":"EntryPoint","urlTemplate":"https:\/\/www.tosunlux.eu\/ru\/?s={search_term_string}"},"query-input":{"@type":"PropertyValueSpecification","valueRequired":true,"valueName":"search_term_string"}}],"inLanguage":"tr"},{"@type":"Organization","@id":"https:\/\/www.tosunlux.eu\/ru\/#organization","name":"TOSUNlux","url":"https:\/\/www.tosunlux.eu\/ru\/","logo":{"@type":"ImageObject","inLanguage":"tr","@id":"https:\/\/www.tosunlux.eu\/ru\/#\/schema\/logo\/image\/","url":"https:\/\/www.tosunlux.eu\/wp-content\/uploads\/2022\/01\/LOGOSYSM.71762f1.png","contentUrl":"https:\/\/www.tosunlux.eu\/wp-content\/uploads\/2022\/01\/LOGOSYSM.71762f1.png","width":153,"height":55,"caption":"TOSUNlux"},"image":{"@id":"https:\/\/www.tosunlux.eu\/ru\/#\/schema\/logo\/image\/"},"sameAs":["https:\/\/www.facebook.com\/TOSUNelectric\/","https:\/\/www.linkedin.com\/company\/wenzhou-tosun-electric-co.-ltd\/"]}]}},"_links":{"self":[{"href":"https:\/\/www.tosunlux.eu\/tr\/wp-json\/wp\/v2\/product\/12159","targetHints":{"allow":["GET"]}}],"collection":[{"href":"https:\/\/www.tosunlux.eu\/tr\/wp-json\/wp\/v2\/product"}],"about":[{"href":"https:\/\/www.tosunlux.eu\/tr\/wp-json\/wp\/v2\/types\/product"}],"version-history":[{"count":4,"href":"https:\/\/www.tosunlux.eu\/tr\/wp-json\/wp\/v2\/product\/12159\/revisions"}],"predecessor-version":[{"id":12176,"href":"https:\/\/www.tosunlux.eu\/tr\/wp-json\/wp\/v2\/product\/12159\/revisions\/12176"}],"wp:attachment":[{"href":"https:\/\/www.tosunlux.eu\/tr\/wp-json\/wp\/v2\/media?parent=12159"}],"wp:term":[{"taxonomy":"product_category","embeddable":true,"href":"https:\/\/www.tosunlux.eu\/tr\/wp-json\/wp\/v2\/product_category?post=12159"}],"curies":[{"name":"wp","href":"https:\/\/api.w.org\/{rel}","templated":true}]}}