{"id":12178,"date":"2025-01-02T14:41:42","date_gmt":"2025-01-02T06:41:42","guid":{"rendered":"https:\/\/www.tosunlux.eu\/?post_type=product&#038;p=12178"},"modified":"2025-01-02T14:41:43","modified_gmt":"2025-01-02T06:41:43","slug":"til2-modular-indicator","status":"publish","type":"product","link":"https:\/\/www.tosunlux.eu\/tr\/products\/til2-modular-indicator\/","title":{"rendered":"TIL2 Mod\u00fcler G\u00f6sterge"},"content":{"rendered":"<p><strong>Ba\u015fvuru<\/strong><\/p>\n\n\n\n<p>TIL2 Mod\u00fcler g\u00f6sterge, g\u00f6rsel g\u00f6sterge ve sinyalizasyon ama\u00e7l\u0131 devreye uygulanabilir.<\/p>\n\n\n\n<p><\/p>\n\n\n\n<p><strong>\u015eartname<\/strong><\/p>\n\n\n<table style=\"height: 865px;\" width=\"827\">\n<tbody>\n<tr>\n<td width=\"190\">\u00d6rnek<\/td>\n<td style=\"text-align: center;\" width=\"149\">TSAF1-40<\/td>\n<td style=\"text-align: center;\" width=\"149\">TSAF1-63<\/td>\n<\/tr>\n<tr>\n<td width=\"190\">Anma Ak\u0131m\u0131<\/td>\n<td style=\"text-align: center;\" width=\"149\">6A, 10A, 16A, 20A,<br \/>25A, 32A, 40A<\/td>\n<td style=\"text-align: center;\" width=\"149\">6A, 10A, 16A, 20A, 25A,<br \/>32A, 40A, 50A, 63A<\/td>\n<\/tr>\n<tr>\n<td width=\"190\">A\u011f T\u00fcr\u00fc<\/td>\n<td style=\"text-align: center;\" colspan=\"2\" width=\"298\">AC ~ \/A ~<\/td>\n<\/tr>\n<tr>\n<td width=\"190\">Anma Gerilimi<\/td>\n<td style=\"text-align: center;\" colspan=\"2\" width=\"298\">230\/240V~<\/td>\n<\/tr>\n<tr>\n<td width=\"190\">Maksimum \u00c7al\u0131\u015fma Voltaj\u0131<\/td>\n<td style=\"text-align: center;\" colspan=\"2\" width=\"298\">1.1Bir<\/td>\n<\/tr>\n<tr>\n<td width=\"190\">Minimum \u00c7al\u0131\u015fma Voltaj\u0131<\/td>\n<td style=\"text-align: center;\" colspan=\"2\" width=\"298\">180V<\/td>\n<\/tr>\n<tr>\n<td width=\"190\">E\u011fri Kodu<\/td>\n<td style=\"text-align: center;\" colspan=\"2\" width=\"298\">B, C<\/td>\n<\/tr>\n<tr>\n<td width=\"190\">Anma Kalan \u00dcretim ve Kesme Kapasitesi (I\u25b3m)<\/td>\n<td style=\"text-align: center;\" colspan=\"2\" width=\"298\">3000A<\/td>\n<\/tr>\n<tr>\n<td width=\"190\">Anma Kalan \u00c7al\u0131\u015fma Ak\u0131m\u0131 (I\u25b3n)<\/td>\n<td style=\"text-align: center;\" colspan=\"2\" width=\"298\">30mA, 100mA, 300mA<\/td>\n<\/tr>\n<tr>\n<td width=\"190\">Anma K\u0131sa Devre Kapasitesi (Icn)<\/td>\n<td style=\"text-align: center;\" colspan=\"2\" width=\"298\">6000A<\/td>\n<\/tr>\n<tr>\n<td width=\"190\">AFDD Testi Ortalamalar\u0131<\/td>\n<td style=\"text-align: center;\" colspan=\"2\" width=\"298\">IEC 62606&#039;ya g\u00f6re otomatik test fonksiyonu<\/td>\n<\/tr>\n<tr>\n<td width=\"190\">IEC 62606&#039;ya G\u00f6re S\u0131n\u0131fland\u0131rma<\/td>\n<td style=\"text-align: center;\" colspan=\"2\" width=\"298\">4.1.2 \u2013 Koruyucu bir cihaza entegre edilmi\u015f AFDD \u00fcnitesi<\/td>\n<\/tr>\n<tr>\n<td width=\"190\">Ortam \u00c7al\u0131\u015fma S\u0131cakl\u0131\u011f\u0131<\/td>\n<td style=\"text-align: center;\" colspan=\"2\" width=\"298\">-25\u00b0C ~ 40\u00b0C<\/td>\n<\/tr>\n<tr>\n<td width=\"190\">AFDD Haz\u0131r G\u00f6stergesi<\/td>\n<td style=\"text-align: center;\" colspan=\"2\" width=\"298\">Tek LED G\u00f6stergesi<\/td>\n<\/tr>\n<tr>\n<td width=\"190\">A\u015f\u0131r\u0131 Gerilim Fonksiyonu<\/td>\n<td style=\"text-align: center;\" colspan=\"2\" width=\"298\">10 saniye boyunca 270Vrms ile 300Vrms aras\u0131ndaki a\u015f\u0131r\u0131 voltaj durumu cihaz\u0131n devre d\u0131\u015f\u0131 kalmas\u0131na neden olur.<br \/>\u00dcr\u00fcn tekrar kilitlendi\u011finde a\u015f\u0131r\u0131 gerilim uyar\u0131s\u0131 LED ile g\u00f6sterilecektir.<\/td>\n<\/tr>\n<tr>\n<td width=\"190\">Kendi Kendini Test Aral\u0131\u011f\u0131<\/td>\n<td style=\"text-align: center;\" colspan=\"2\" width=\"298\">1 Saat<\/td>\n<\/tr>\n<\/tbody>\n<\/table>\n\n\n<p><\/p>\n\n\n\n<p><strong>Devre \u015eemas\u0131<\/strong><\/p>\n\n\n\n<figure class=\"wp-block-image size-full is-resized\"><img fetchpriority=\"high\" decoding=\"async\" src=\"https:\/\/www.tosunlux.eu\/wp-content\/uploads\/2025\/01\/1-7.jpg\" alt=\"\" class=\"wp-image-12179\" width=\"570\" height=\"165\" srcset=\"https:\/\/www.tosunlux.eu\/wp-content\/uploads\/2025\/01\/1-7.jpg 987w, https:\/\/www.tosunlux.eu\/wp-content\/uploads\/2025\/01\/1-7-300x87.jpg 300w, https:\/\/www.tosunlux.eu\/wp-content\/uploads\/2025\/01\/1-7-768x223.jpg 768w, https:\/\/www.tosunlux.eu\/wp-content\/uploads\/2025\/01\/1-7-18x5.jpg 18w\" sizes=\"(max-width: 570px) 100vw, 570px\" \/><\/figure>\n\n\n\n<p><\/p>\n\n\n\n<p><strong>Boyutlar<\/strong><\/p>\n\n\n\n<figure class=\"wp-block-image size-full is-resized\"><img decoding=\"async\" src=\"https:\/\/www.tosunlux.eu\/wp-content\/uploads\/2025\/01\/2-2.jpg\" alt=\"\" class=\"wp-image-12180\" width=\"611\" height=\"330\" srcset=\"https:\/\/www.tosunlux.eu\/wp-content\/uploads\/2025\/01\/2-2.jpg 996w, https:\/\/www.tosunlux.eu\/wp-content\/uploads\/2025\/01\/2-2-300x162.jpg 300w, https:\/\/www.tosunlux.eu\/wp-content\/uploads\/2025\/01\/2-2-768x415.jpg 768w, https:\/\/www.tosunlux.eu\/wp-content\/uploads\/2025\/01\/2-2-18x10.jpg 18w\" sizes=\"(max-width: 611px) 100vw, 611px\" \/><\/figure>","protected":false},"parent":0,"template":"","product_category":[24,76],"class_list":["post-12178","product","type-product","status-publish","hentry","product_category-power-distribution-system","product_category-mcb"],"yoast_head":"<!-- This site is optimized with the Yoast SEO plugin v27.3 - https:\/\/yoast.com\/product\/yoast-seo-wordpress\/ -->\n<title>WholesaleTIL2 Modular Indicator - TOSUNlux Official Site - Electrical Circuit Breaker Manufacturer in China Low Voltage Electrical Supplier | TOSUNlux<\/title>\n<meta name=\"description\" content=\"TIL2 Modular Indicator Supplier - Wholesale direct from TOSUNlux, a trusted manufacturer since 1994. Get your B2B factory quote on our certified Low Voltage electrical products.\" \/>\n<meta name=\"robots\" content=\"index, follow, max-snippet:-1, max-image-preview:large, max-video-preview:-1\" \/>\n<link rel=\"canonical\" href=\"https:\/\/www.tosunlux.eu\/tr\/products\/til2-modular-indicator\/\" \/>\n<meta property=\"og:locale\" content=\"tr_TR\" \/>\n<meta property=\"og:type\" content=\"article\" \/>\n<meta property=\"og:title\" content=\"WholesaleTIL2 Modular Indicator - TOSUNlux Official Site - Electrical Circuit Breaker Manufacturer in China Low Voltage Electrical Supplier | TOSUNlux\" \/>\n<meta property=\"og:description\" content=\"TIL2 Modular Indicator Supplier - Wholesale direct from TOSUNlux, a trusted manufacturer since 1994. Get your B2B factory quote on our certified Low Voltage electrical products.\" \/>\n<meta property=\"og:url\" content=\"https:\/\/www.tosunlux.eu\/tr\/products\/til2-modular-indicator\/\" \/>\n<meta property=\"og:site_name\" content=\"TOSUNlux Official Site - Electrical Circuit Breaker Manufacturer in China\" \/>\n<meta property=\"article:publisher\" content=\"https:\/\/www.facebook.com\/TOSUNelectric\/\" \/>\n<meta property=\"article:modified_time\" content=\"2025-01-02T06:41:43+00:00\" \/>\n<meta property=\"og:image\" content=\"https:\/\/www.tosunlux.eu\/wp-content\/uploads\/2025\/01\/1-7.jpg\" \/>\n<meta name=\"twitter:card\" content=\"summary_large_image\" \/>\n<meta name=\"twitter:label1\" content=\"Tahmini okuma s\u00fcresi\" \/>\n\t<meta name=\"twitter:data1\" content=\"2 dakika\" \/>\n<script type=\"application\/ld+json\" class=\"yoast-schema-graph\">{\"@context\":\"https:\\\/\\\/schema.org\",\"@graph\":[{\"@type\":\"WebPage\",\"@id\":\"https:\\\/\\\/www.tosunlux.eu\\\/products\\\/til2-modular-indicator\\\/\",\"url\":\"https:\\\/\\\/www.tosunlux.eu\\\/products\\\/til2-modular-indicator\\\/\",\"name\":\"WholesaleTIL2 Modular Indicator - TOSUNlux Official Site - Electrical Circuit Breaker Manufacturer in China Low Voltage Electrical Supplier | TOSUNlux\",\"isPartOf\":{\"@id\":\"https:\\\/\\\/www.tosunlux.eu\\\/ru\\\/#website\"},\"primaryImageOfPage\":{\"@id\":\"https:\\\/\\\/www.tosunlux.eu\\\/products\\\/til2-modular-indicator\\\/#primaryimage\"},\"image\":{\"@id\":\"https:\\\/\\\/www.tosunlux.eu\\\/products\\\/til2-modular-indicator\\\/#primaryimage\"},\"thumbnailUrl\":\"https:\\\/\\\/www.tosunlux.eu\\\/wp-content\\\/uploads\\\/2025\\\/01\\\/1-7.jpg\",\"datePublished\":\"2025-01-02T06:41:42+00:00\",\"dateModified\":\"2025-01-02T06:41:43+00:00\",\"description\":\"TIL2 Modular Indicator Supplier - Wholesale direct from TOSUNlux, a trusted manufacturer since 1994. Get your B2B factory quote on our certified Low Voltage electrical products.\",\"breadcrumb\":{\"@id\":\"https:\\\/\\\/www.tosunlux.eu\\\/products\\\/til2-modular-indicator\\\/#breadcrumb\"},\"inLanguage\":\"tr\",\"potentialAction\":[{\"@type\":\"ReadAction\",\"target\":[\"https:\\\/\\\/www.tosunlux.eu\\\/products\\\/til2-modular-indicator\\\/\"]}]},{\"@type\":\"ImageObject\",\"inLanguage\":\"tr\",\"@id\":\"https:\\\/\\\/www.tosunlux.eu\\\/products\\\/til2-modular-indicator\\\/#primaryimage\",\"url\":\"https:\\\/\\\/www.tosunlux.eu\\\/wp-content\\\/uploads\\\/2025\\\/01\\\/1-7.jpg\",\"contentUrl\":\"https:\\\/\\\/www.tosunlux.eu\\\/wp-content\\\/uploads\\\/2025\\\/01\\\/1-7.jpg\"},{\"@type\":\"BreadcrumbList\",\"@id\":\"https:\\\/\\\/www.tosunlux.eu\\\/products\\\/til2-modular-indicator\\\/#breadcrumb\",\"itemListElement\":[{\"@type\":\"ListItem\",\"position\":1,\"name\":\"Home\",\"item\":\"https:\\\/\\\/www.tosunlux.eu\\\/ru\\\/\"},{\"@type\":\"ListItem\",\"position\":2,\"name\":\"Products\",\"item\":\"https:\\\/\\\/www.tosunlux.eu\\\/products\\\/\"},{\"@type\":\"ListItem\",\"position\":3,\"name\":\"TIL2 Modular Indicator\"}]},{\"@type\":\"WebSite\",\"@id\":\"https:\\\/\\\/www.tosunlux.eu\\\/ru\\\/#website\",\"url\":\"https:\\\/\\\/www.tosunlux.eu\\\/ru\\\/\",\"name\":\"TOSUNlux Official Site - Electrical Circuit Breaker Manufacturer in China\",\"description\":\"Power Distribution System Supplier\",\"publisher\":{\"@id\":\"https:\\\/\\\/www.tosunlux.eu\\\/ru\\\/#organization\"},\"alternateName\":\"TOSUNlux\",\"potentialAction\":[{\"@type\":\"SearchAction\",\"target\":{\"@type\":\"EntryPoint\",\"urlTemplate\":\"https:\\\/\\\/www.tosunlux.eu\\\/ru\\\/?s={search_term_string}\"},\"query-input\":{\"@type\":\"PropertyValueSpecification\",\"valueRequired\":true,\"valueName\":\"search_term_string\"}}],\"inLanguage\":\"tr\"},{\"@type\":\"Organization\",\"@id\":\"https:\\\/\\\/www.tosunlux.eu\\\/ru\\\/#organization\",\"name\":\"TOSUNlux\",\"url\":\"https:\\\/\\\/www.tosunlux.eu\\\/ru\\\/\",\"logo\":{\"@type\":\"ImageObject\",\"inLanguage\":\"tr\",\"@id\":\"https:\\\/\\\/www.tosunlux.eu\\\/ru\\\/#\\\/schema\\\/logo\\\/image\\\/\",\"url\":\"https:\\\/\\\/www.tosunlux.eu\\\/wp-content\\\/uploads\\\/2022\\\/01\\\/LOGOSYSM.71762f1.png\",\"contentUrl\":\"https:\\\/\\\/www.tosunlux.eu\\\/wp-content\\\/uploads\\\/2022\\\/01\\\/LOGOSYSM.71762f1.png\",\"width\":153,\"height\":55,\"caption\":\"TOSUNlux\"},\"image\":{\"@id\":\"https:\\\/\\\/www.tosunlux.eu\\\/ru\\\/#\\\/schema\\\/logo\\\/image\\\/\"},\"sameAs\":[\"https:\\\/\\\/www.facebook.com\\\/TOSUNelectric\\\/\",\"https:\\\/\\\/www.linkedin.com\\\/company\\\/wenzhou-tosun-electric-co.-ltd\\\/\"]}]}<\/script>\n<!-- \/ Yoast SEO plugin. -->","yoast_head_json":{"title":"WholesaleTIL2 Mod\u00fcler G\u00f6sterge - TOSUNlux Resmi Sitesi - \u00c7in&#039;de Elektrik Sigortas\u0131 \u00dcreticisi, D\u00fc\u015f\u00fck Voltajl\u0131 Elektrik Tedarik\u00e7isi | TOSUNlux","description":"TIL2 Mod\u00fcler G\u00f6sterge Tedarik\u00e7isi - 1994&#039;ten beri g\u00fcvenilir bir \u00fcretici olan TOSUNlux&#039;tan do\u011frudan toptan sat\u0131\u015f. Sertifikal\u0131 D\u00fc\u015f\u00fck Gerilim elektrik \u00fcr\u00fcnlerimiz i\u00e7in B2B fabrika fiyat teklifinizi al\u0131n.","robots":{"index":"index","follow":"follow","max-snippet":"max-snippet:-1","max-image-preview":"max-image-preview:large","max-video-preview":"max-video-preview:-1"},"canonical":"https:\/\/www.tosunlux.eu\/tr\/products\/til2-modular-indicator\/","og_locale":"tr_TR","og_type":"article","og_title":"WholesaleTIL2 Modular Indicator - TOSUNlux Official Site - Electrical Circuit Breaker Manufacturer in China Low Voltage Electrical Supplier | TOSUNlux","og_description":"TIL2 Modular Indicator Supplier - Wholesale direct from TOSUNlux, a trusted manufacturer since 1994. Get your B2B factory quote on our certified Low Voltage electrical products.","og_url":"https:\/\/www.tosunlux.eu\/tr\/products\/til2-modular-indicator\/","og_site_name":"TOSUNlux Official Site - Electrical Circuit Breaker Manufacturer in China","article_publisher":"https:\/\/www.facebook.com\/TOSUNelectric\/","article_modified_time":"2025-01-02T06:41:43+00:00","og_image":[{"url":"https:\/\/www.tosunlux.eu\/wp-content\/uploads\/2025\/01\/1-7.jpg","type":"","width":"","height":""}],"twitter_card":"summary_large_image","twitter_misc":{"Tahmini okuma s\u00fcresi":"2 dakika"},"schema":{"@context":"https:\/\/schema.org","@graph":[{"@type":"WebPage","@id":"https:\/\/www.tosunlux.eu\/products\/til2-modular-indicator\/","url":"https:\/\/www.tosunlux.eu\/products\/til2-modular-indicator\/","name":"WholesaleTIL2 Mod\u00fcler G\u00f6sterge - TOSUNlux Resmi Sitesi - \u00c7in&#039;de Elektrik Sigortas\u0131 \u00dcreticisi, D\u00fc\u015f\u00fck Voltajl\u0131 Elektrik Tedarik\u00e7isi | TOSUNlux","isPartOf":{"@id":"https:\/\/www.tosunlux.eu\/ru\/#website"},"primaryImageOfPage":{"@id":"https:\/\/www.tosunlux.eu\/products\/til2-modular-indicator\/#primaryimage"},"image":{"@id":"https:\/\/www.tosunlux.eu\/products\/til2-modular-indicator\/#primaryimage"},"thumbnailUrl":"https:\/\/www.tosunlux.eu\/wp-content\/uploads\/2025\/01\/1-7.jpg","datePublished":"2025-01-02T06:41:42+00:00","dateModified":"2025-01-02T06:41:43+00:00","description":"TIL2 Mod\u00fcler G\u00f6sterge Tedarik\u00e7isi - 1994&#039;ten beri g\u00fcvenilir bir \u00fcretici olan TOSUNlux&#039;tan do\u011frudan toptan sat\u0131\u015f. Sertifikal\u0131 D\u00fc\u015f\u00fck Gerilim elektrik \u00fcr\u00fcnlerimiz i\u00e7in B2B fabrika fiyat teklifinizi al\u0131n.","breadcrumb":{"@id":"https:\/\/www.tosunlux.eu\/products\/til2-modular-indicator\/#breadcrumb"},"inLanguage":"tr","potentialAction":[{"@type":"ReadAction","target":["https:\/\/www.tosunlux.eu\/products\/til2-modular-indicator\/"]}]},{"@type":"ImageObject","inLanguage":"tr","@id":"https:\/\/www.tosunlux.eu\/products\/til2-modular-indicator\/#primaryimage","url":"https:\/\/www.tosunlux.eu\/wp-content\/uploads\/2025\/01\/1-7.jpg","contentUrl":"https:\/\/www.tosunlux.eu\/wp-content\/uploads\/2025\/01\/1-7.jpg"},{"@type":"BreadcrumbList","@id":"https:\/\/www.tosunlux.eu\/products\/til2-modular-indicator\/#breadcrumb","itemListElement":[{"@type":"ListItem","position":1,"name":"Home","item":"https:\/\/www.tosunlux.eu\/ru\/"},{"@type":"ListItem","position":2,"name":"Products","item":"https:\/\/www.tosunlux.eu\/products\/"},{"@type":"ListItem","position":3,"name":"TIL2 Modular Indicator"}]},{"@type":"WebSite","@id":"https:\/\/www.tosunlux.eu\/ru\/#website","url":"https:\/\/www.tosunlux.eu\/ru\/","name":"TOSUNlux Resmi Sitesi - \u00c7in&#039;de Elektrik Sigortas\u0131 \u00dcreticisi","description":"G\u00fc\u00e7 Da\u011f\u0131t\u0131m Sistemi Tedarik\u00e7isi","publisher":{"@id":"https:\/\/www.tosunlux.eu\/ru\/#organization"},"alternateName":"TOSUNlux","potentialAction":[{"@type":"SearchAction","target":{"@type":"EntryPoint","urlTemplate":"https:\/\/www.tosunlux.eu\/ru\/?s={search_term_string}"},"query-input":{"@type":"PropertyValueSpecification","valueRequired":true,"valueName":"search_term_string"}}],"inLanguage":"tr"},{"@type":"Organization","@id":"https:\/\/www.tosunlux.eu\/ru\/#organization","name":"TOSUNlux","url":"https:\/\/www.tosunlux.eu\/ru\/","logo":{"@type":"ImageObject","inLanguage":"tr","@id":"https:\/\/www.tosunlux.eu\/ru\/#\/schema\/logo\/image\/","url":"https:\/\/www.tosunlux.eu\/wp-content\/uploads\/2022\/01\/LOGOSYSM.71762f1.png","contentUrl":"https:\/\/www.tosunlux.eu\/wp-content\/uploads\/2022\/01\/LOGOSYSM.71762f1.png","width":153,"height":55,"caption":"TOSUNlux"},"image":{"@id":"https:\/\/www.tosunlux.eu\/ru\/#\/schema\/logo\/image\/"},"sameAs":["https:\/\/www.facebook.com\/TOSUNelectric\/","https:\/\/www.linkedin.com\/company\/wenzhou-tosun-electric-co.-ltd\/"]}]}},"_links":{"self":[{"href":"https:\/\/www.tosunlux.eu\/tr\/wp-json\/wp\/v2\/product\/12178","targetHints":{"allow":["GET"]}}],"collection":[{"href":"https:\/\/www.tosunlux.eu\/tr\/wp-json\/wp\/v2\/product"}],"about":[{"href":"https:\/\/www.tosunlux.eu\/tr\/wp-json\/wp\/v2\/types\/product"}],"version-history":[{"count":1,"href":"https:\/\/www.tosunlux.eu\/tr\/wp-json\/wp\/v2\/product\/12178\/revisions"}],"predecessor-version":[{"id":12184,"href":"https:\/\/www.tosunlux.eu\/tr\/wp-json\/wp\/v2\/product\/12178\/revisions\/12184"}],"wp:attachment":[{"href":"https:\/\/www.tosunlux.eu\/tr\/wp-json\/wp\/v2\/media?parent=12178"}],"wp:term":[{"taxonomy":"product_category","embeddable":true,"href":"https:\/\/www.tosunlux.eu\/tr\/wp-json\/wp\/v2\/product_category?post=12178"}],"curies":[{"name":"wp","href":"https:\/\/api.w.org\/{rel}","templated":true}]}}