{"id":12512,"date":"2025-02-10T13:44:34","date_gmt":"2025-02-10T05:44:34","guid":{"rendered":"https:\/\/www.tosunlux.eu\/?post_type=product&#038;p=12512"},"modified":"2025-02-10T13:44:36","modified_gmt":"2025-02-10T05:44:36","slug":"tsmq8-dual-power-automatic-changeover-switch","status":"publish","type":"product","link":"https:\/\/www.tosunlux.eu\/tr\/products\/tsmq8-dual-power-automatic-changeover-switch\/","title":{"rendered":"TSMQ8 \u00c7ift G\u00fc\u00e7 Otomatik Ge\u00e7i\u015f Anahtar\u0131"},"content":{"rendered":"<p><strong>Ba\u015fvuru<\/strong><\/p>\n\n\n\n<p>TSMQ8 \u00e7ift g\u00fc\u00e7 otomatik ge\u00e7i\u015f anahtar\u0131, \u015febeke g\u00fc\u00e7 kayna\u011f\u0131 aniden mevcut olmad\u0131\u011f\u0131nda devreye s\u00fcrekli g\u00fc\u00e7 sa\u011flamak i\u00e7in PC s\u0131n\u0131f\u0131 seyrek ge\u00e7i\u015f anahtar\u0131d\u0131r. Anahtar, 50\/60Hz, 400V&#039;a kadar nominal voltaj ve 63A&#039;ya kadar nominal ak\u0131ma sahip g\u00fc\u00e7 kayna\u011f\u0131 sistemlerinde uygundur.<br>\u00dcr\u00fcn \u201cotomatik\u201d modda \u00e7al\u0131\u015ft\u0131\u011f\u0131nda, \u015febeke besleme g\u00fcc\u00fc kapal\u0131ysa (veya faz ar\u0131zas\u0131 varsa), anahtar devreyi \u015febeke g\u00fc\u00e7 kayna\u011f\u0131ndan (\u2160) bekleme g\u00fc\u00e7 kayna\u011f\u0131na (\u2161) otomatik olarak \u00e7evirir. \u015eebeke g\u00fc\u00e7 kayna\u011f\u0131 (\u2160) tekrar kullan\u0131labilir oldu\u011funda, anahtar devreyi bekleme g\u00fc\u00e7 kayna\u011f\u0131ndan (\u2161) otomatik olarak \u015febeke g\u00fc\u00e7 kayna\u011f\u0131na (\u2160) geri \u00e7evirir.<br>Anahtar, hacim olarak k\u00fc\u00e7\u00fck, tepki olarak h\u0131zl\u0131, d\u00f6n\u00fc\u015f\u00fcmde g\u00fcvenilir, montajda rahat ve hizmette uzun \u00f6m\u00fcrl\u00fc olma \u00f6zelli\u011fiyle \u00f6ne \u00e7\u0131k\u0131yor.<\/p>\n\n\n\n<p><strong>\u015eartname<\/strong><\/p>\n\n\n<table style=\"height: 645px;\" width=\"939\">\n<tbody>\n<tr>\n<td width=\"247\">\u00dcr\u00fcn kategorisi<\/td>\n<td style=\"text-align: center;\" width=\"562\">PC s\u0131n\u0131f\u0131: K\u0131sa devre ak\u0131m\u0131 olu\u015fturmadan a\u00e7\u0131l\u0131p y\u00fcklenebilir<\/td>\n<\/tr>\n<tr>\n<td width=\"247\">Kutup Say\u0131s\u0131<\/td>\n<td style=\"text-align: center;\" width=\"562\">2P, 4P<\/td>\n<\/tr>\n<tr>\n<td width=\"247\">Anma Ak\u0131m\u0131<\/td>\n<td style=\"text-align: center;\" width=\"562\">6A, 10A, 16A, 20A, 25A, 32A, 40A, 50A, 63A<\/td>\n<\/tr>\n<tr>\n<td width=\"247\">Anma Yal\u0131t\u0131m Voltaj\u0131 (Ul)<\/td>\n<td style=\"text-align: center;\" width=\"562\">AC 690V<\/td>\n<\/tr>\n<tr>\n<td width=\"247\">Nominal Darbe Dayan\u0131m Gerilimi (Uimp)<\/td>\n<td style=\"text-align: center;\" width=\"562\">8kV<\/td>\n<\/tr>\n<tr>\n<td width=\"247\">Nominal \u00c7al\u0131\u015fma Voltaj\u0131 (Ue)<\/td>\n<td style=\"text-align: center;\" width=\"562\">2P 110\/220V, 4P 400V<\/td>\n<\/tr>\n<tr>\n<td width=\"247\">Anma K\u0131sa Devre Ak\u0131m\u0131 (lq)<\/td>\n<td style=\"text-align: center;\" width=\"562\">5kA<\/td>\n<\/tr>\n<tr>\n<td width=\"247\">K\u0131sa Devre Koruma Cihaz\u0131 (sigorta)<\/td>\n<td style=\"text-align: center;\" width=\"562\">NT00 63A<\/td>\n<\/tr>\n<tr>\n<td width=\"247\">Anma Darbe Dayan\u0131m Gerilimi<\/td>\n<td style=\"text-align: center;\" width=\"562\">8kV<\/td>\n<\/tr>\n<tr>\n<td width=\"247\">Kontrol Devresi<\/td>\n<td style=\"text-align: center;\" width=\"562\">Nominal kontrol voltaj\u0131 ABD: AC220V\/ 110V, 50\/60Hz Normal \u00e7al\u0131\u015fma ko\u015fullar\u0131: 85%Us-110%Us<\/td>\n<\/tr>\n<tr>\n<td width=\"247\">Yard\u0131mc\u0131 Devre<\/td>\n<td style=\"text-align: center;\" width=\"562\">AC220V\/ 110V 50\/60Hz le=5A<\/td>\n<\/tr>\n<tr>\n<td width=\"247\">A\u015f\u0131r\u0131 voltaj\/D\u00fc\u015f\u00fck voltaj<br \/>Koruma Aral\u0131\u011f\u0131<br \/>(Normal&#039;e D\u00f6n\u00fc\u015f 30&#039;lar)<\/td>\n<td style=\"text-align: center;\" width=\"562\">220V D\u00fc\u015f\u00fck voltaj de\u011feri: 175V Kurtarma de\u011feri: 195V<br \/>A\u015f\u0131r\u0131 voltaj de\u011feri: 260V Kurtarma de\u011feri: 240V(\u00b15V)<br \/>110V D\u00fc\u015f\u00fck voltaj de\u011feri: 85V Kurtarma de\u011feri: 95V<br \/>A\u015f\u0131r\u0131 voltaj de\u011feri: 145V Kurtarma de\u011feri: 130(\u00b15V)<\/td>\n<\/tr>\n<tr>\n<td width=\"247\">Mekanik Ya\u015fam<\/td>\n<td style=\"text-align: center;\" width=\"562\">8000 kez<\/td>\n<\/tr>\n<tr>\n<td width=\"247\">Elektriksel \u00d6m\u00fcr<\/td>\n<td style=\"text-align: center;\" width=\"562\">1500 kez<\/td>\n<\/tr>\n<tr>\n<td width=\"247\">Kullan\u0131m Kategorisi<\/td>\n<td style=\"text-align: center;\" width=\"562\">AC-31B<\/td>\n<\/tr>\n<\/tbody>\n<\/table>\n\n\n<p><strong>Boyutlar<\/strong><\/p>\n\n\n\n<figure class=\"wp-block-image size-large is-resized\"><img fetchpriority=\"high\" decoding=\"async\" src=\"https:\/\/www.tosunlux.eu\/wp-content\/uploads\/2025\/02\/1-2-1024x348.jpg\" alt=\"\" class=\"wp-image-12514\" width=\"768\" height=\"261\" srcset=\"https:\/\/www.tosunlux.eu\/wp-content\/uploads\/2025\/02\/1-2-1024x348.jpg 1024w, https:\/\/www.tosunlux.eu\/wp-content\/uploads\/2025\/02\/1-2-300x102.jpg 300w, https:\/\/www.tosunlux.eu\/wp-content\/uploads\/2025\/02\/1-2-768x261.jpg 768w, https:\/\/www.tosunlux.eu\/wp-content\/uploads\/2025\/02\/1-2-18x6.jpg 18w, https:\/\/www.tosunlux.eu\/wp-content\/uploads\/2025\/02\/1-2.jpg 1431w\" sizes=\"(max-width: 768px) 100vw, 768px\" \/><\/figure>","protected":false},"parent":0,"template":"","product_category":[24,86],"class_list":["post-12512","product","type-product","status-publish","hentry","product_category-power-distribution-system","product_category-automatic-changeover-switch"],"yoast_head":"<!-- This site is optimized with the Yoast SEO plugin v27.6 - https:\/\/yoast.com\/product\/yoast-seo-wordpress\/ -->\n<title>WholesaleTSMQ8 Dual Power Automatic Changeover Switch - TOSUNlux Official Site - Electrical Circuit Breaker Manufacturer in China Low Voltage Electrical Supplier | TOSUNlux<\/title>\n<meta name=\"description\" content=\"TSMQ8 Dual Power Automatic Changeover Switch Supplier - Wholesale direct from TOSUNlux, a trusted manufacturer since 1994. Get your B2B factory quote on our certified Low Voltage electrical products.\" \/>\n<meta name=\"robots\" content=\"index, follow, max-snippet:-1, max-image-preview:large, max-video-preview:-1\" \/>\n<link rel=\"canonical\" href=\"https:\/\/www.tosunlux.eu\/tr\/products\/tsmq8-dual-power-automatic-changeover-switch\/\" \/>\n<meta property=\"og:locale\" content=\"tr_TR\" \/>\n<meta property=\"og:type\" content=\"article\" \/>\n<meta property=\"og:title\" content=\"WholesaleTSMQ8 Dual Power Automatic Changeover Switch - TOSUNlux Official Site - Electrical Circuit Breaker Manufacturer in China Low Voltage Electrical Supplier | TOSUNlux\" \/>\n<meta property=\"og:description\" content=\"TSMQ8 Dual Power Automatic Changeover Switch Supplier - Wholesale direct from TOSUNlux, a trusted manufacturer since 1994. Get your B2B factory quote on our certified Low Voltage electrical products.\" \/>\n<meta property=\"og:url\" content=\"https:\/\/www.tosunlux.eu\/tr\/products\/tsmq8-dual-power-automatic-changeover-switch\/\" \/>\n<meta property=\"og:site_name\" content=\"TOSUNlux Official Site - Electrical Circuit Breaker Manufacturer in China\" \/>\n<meta property=\"article:publisher\" content=\"https:\/\/www.facebook.com\/TOSUNelectric\/\" \/>\n<meta property=\"article:modified_time\" content=\"2025-02-10T05:44:36+00:00\" \/>\n<meta property=\"og:image\" content=\"https:\/\/www.tosunlux.eu\/wp-content\/uploads\/2025\/02\/1-2-1024x348.jpg\" \/>\n<meta name=\"twitter:card\" content=\"summary_large_image\" \/>\n<meta name=\"twitter:label1\" content=\"Tahmini okuma s\u00fcresi\" \/>\n\t<meta name=\"twitter:data1\" content=\"2 dakika\" \/>\n<script type=\"application\/ld+json\" class=\"yoast-schema-graph\">{\"@context\":\"https:\\\/\\\/schema.org\",\"@graph\":[{\"@type\":\"WebPage\",\"@id\":\"https:\\\/\\\/www.tosunlux.eu\\\/ru\\\/products\\\/tsmq8-dual-power-automatic-changeover-switch\\\/\",\"url\":\"https:\\\/\\\/www.tosunlux.eu\\\/ru\\\/products\\\/tsmq8-dual-power-automatic-changeover-switch\\\/\",\"name\":\"WholesaleTSMQ8 Dual Power Automatic Changeover Switch - TOSUNlux Official Site - Electrical Circuit Breaker Manufacturer in China Low Voltage Electrical Supplier | TOSUNlux\",\"isPartOf\":{\"@id\":\"https:\\\/\\\/www.tosunlux.eu\\\/ru\\\/#website\"},\"primaryImageOfPage\":{\"@id\":\"https:\\\/\\\/www.tosunlux.eu\\\/ru\\\/products\\\/tsmq8-dual-power-automatic-changeover-switch\\\/#primaryimage\"},\"image\":{\"@id\":\"https:\\\/\\\/www.tosunlux.eu\\\/ru\\\/products\\\/tsmq8-dual-power-automatic-changeover-switch\\\/#primaryimage\"},\"thumbnailUrl\":\"https:\\\/\\\/www.tosunlux.eu\\\/wp-content\\\/uploads\\\/2025\\\/02\\\/1-2-1024x348.jpg\",\"datePublished\":\"2025-02-10T05:44:34+00:00\",\"dateModified\":\"2025-02-10T05:44:36+00:00\",\"description\":\"TSMQ8 Dual Power Automatic Changeover Switch Supplier - Wholesale direct from TOSUNlux, a trusted manufacturer since 1994. Get your B2B factory quote on our certified Low Voltage electrical products.\",\"breadcrumb\":{\"@id\":\"https:\\\/\\\/www.tosunlux.eu\\\/ru\\\/products\\\/tsmq8-dual-power-automatic-changeover-switch\\\/#breadcrumb\"},\"inLanguage\":\"tr\",\"potentialAction\":[{\"@type\":\"ReadAction\",\"target\":[\"https:\\\/\\\/www.tosunlux.eu\\\/ru\\\/products\\\/tsmq8-dual-power-automatic-changeover-switch\\\/\"]}]},{\"@type\":\"ImageObject\",\"inLanguage\":\"tr\",\"@id\":\"https:\\\/\\\/www.tosunlux.eu\\\/ru\\\/products\\\/tsmq8-dual-power-automatic-changeover-switch\\\/#primaryimage\",\"url\":\"https:\\\/\\\/www.tosunlux.eu\\\/wp-content\\\/uploads\\\/2025\\\/02\\\/1-2-1024x348.jpg\",\"contentUrl\":\"https:\\\/\\\/www.tosunlux.eu\\\/wp-content\\\/uploads\\\/2025\\\/02\\\/1-2-1024x348.jpg\"},{\"@type\":\"BreadcrumbList\",\"@id\":\"https:\\\/\\\/www.tosunlux.eu\\\/ru\\\/products\\\/tsmq8-dual-power-automatic-changeover-switch\\\/#breadcrumb\",\"itemListElement\":[{\"@type\":\"ListItem\",\"position\":1,\"name\":\"Home\",\"item\":\"https:\\\/\\\/www.tosunlux.eu\\\/ru\\\/\"},{\"@type\":\"ListItem\",\"position\":2,\"name\":\"Products\",\"item\":\"https:\\\/\\\/www.tosunlux.eu\\\/products\\\/\"},{\"@type\":\"ListItem\",\"position\":3,\"name\":\"TSMQ8 Dual Power Automatic Changeover Switch\"}]},{\"@type\":\"WebSite\",\"@id\":\"https:\\\/\\\/www.tosunlux.eu\\\/ru\\\/#website\",\"url\":\"https:\\\/\\\/www.tosunlux.eu\\\/ru\\\/\",\"name\":\"TOSUNlux Official Site - Electrical Circuit Breaker Manufacturer in China\",\"description\":\"Power Distribution System Supplier\",\"publisher\":{\"@id\":\"https:\\\/\\\/www.tosunlux.eu\\\/ru\\\/#organization\"},\"alternateName\":\"TOSUNlux\",\"potentialAction\":[{\"@type\":\"SearchAction\",\"target\":{\"@type\":\"EntryPoint\",\"urlTemplate\":\"https:\\\/\\\/www.tosunlux.eu\\\/ru\\\/?s={search_term_string}\"},\"query-input\":{\"@type\":\"PropertyValueSpecification\",\"valueRequired\":true,\"valueName\":\"search_term_string\"}}],\"inLanguage\":\"tr\"},{\"@type\":\"Organization\",\"@id\":\"https:\\\/\\\/www.tosunlux.eu\\\/ru\\\/#organization\",\"name\":\"TOSUNlux\",\"url\":\"https:\\\/\\\/www.tosunlux.eu\\\/ru\\\/\",\"logo\":{\"@type\":\"ImageObject\",\"inLanguage\":\"tr\",\"@id\":\"https:\\\/\\\/www.tosunlux.eu\\\/ru\\\/#\\\/schema\\\/logo\\\/image\\\/\",\"url\":\"https:\\\/\\\/www.tosunlux.eu\\\/wp-content\\\/uploads\\\/2022\\\/01\\\/LOGOSYSM.71762f1.png\",\"contentUrl\":\"https:\\\/\\\/www.tosunlux.eu\\\/wp-content\\\/uploads\\\/2022\\\/01\\\/LOGOSYSM.71762f1.png\",\"width\":153,\"height\":55,\"caption\":\"TOSUNlux\"},\"image\":{\"@id\":\"https:\\\/\\\/www.tosunlux.eu\\\/ru\\\/#\\\/schema\\\/logo\\\/image\\\/\"},\"sameAs\":[\"https:\\\/\\\/www.facebook.com\\\/TOSUNelectric\\\/\",\"https:\\\/\\\/www.linkedin.com\\\/company\\\/wenzhou-tosun-electric-co.-ltd\\\/\"]}]}<\/script>\n<!-- \/ Yoast SEO plugin. -->","yoast_head_json":{"title":"WholesaleTSMQ8 Dual Power Automatic Changeover Switch - TOSUNlux Official Site - Electrical Circuit Breaker Manufacturer in China Low Voltage Electrical Supplier | TOSUNlux","description":"TSMQ8 Dual Power Automatic Changeover Switch Supplier - Wholesale direct from TOSUNlux, a trusted manufacturer since 1994. Get your B2B factory quote on our certified Low Voltage electrical products.","robots":{"index":"index","follow":"follow","max-snippet":"max-snippet:-1","max-image-preview":"max-image-preview:large","max-video-preview":"max-video-preview:-1"},"canonical":"https:\/\/www.tosunlux.eu\/tr\/products\/tsmq8-dual-power-automatic-changeover-switch\/","og_locale":"tr_TR","og_type":"article","og_title":"WholesaleTSMQ8 Dual Power Automatic Changeover Switch - TOSUNlux Official Site - Electrical Circuit Breaker Manufacturer in China Low Voltage Electrical Supplier | TOSUNlux","og_description":"TSMQ8 Dual Power Automatic Changeover Switch Supplier - Wholesale direct from TOSUNlux, a trusted manufacturer since 1994. Get your B2B factory quote on our certified Low Voltage electrical products.","og_url":"https:\/\/www.tosunlux.eu\/tr\/products\/tsmq8-dual-power-automatic-changeover-switch\/","og_site_name":"TOSUNlux Official Site - Electrical Circuit Breaker Manufacturer in China","article_publisher":"https:\/\/www.facebook.com\/TOSUNelectric\/","article_modified_time":"2025-02-10T05:44:36+00:00","og_image":[{"url":"https:\/\/www.tosunlux.eu\/wp-content\/uploads\/2025\/02\/1-2-1024x348.jpg","type":"","width":"","height":""}],"twitter_card":"summary_large_image","twitter_misc":{"Tahmini okuma s\u00fcresi":"2 dakika"},"schema":{"@context":"https:\/\/schema.org","@graph":[{"@type":"WebPage","@id":"https:\/\/www.tosunlux.eu\/ru\/products\/tsmq8-dual-power-automatic-changeover-switch\/","url":"https:\/\/www.tosunlux.eu\/ru\/products\/tsmq8-dual-power-automatic-changeover-switch\/","name":"WholesaleTSMQ8 Dual Power Automatic Changeover Switch - TOSUNlux Official Site - Electrical Circuit Breaker Manufacturer in China Low Voltage Electrical Supplier | TOSUNlux","isPartOf":{"@id":"https:\/\/www.tosunlux.eu\/ru\/#website"},"primaryImageOfPage":{"@id":"https:\/\/www.tosunlux.eu\/ru\/products\/tsmq8-dual-power-automatic-changeover-switch\/#primaryimage"},"image":{"@id":"https:\/\/www.tosunlux.eu\/ru\/products\/tsmq8-dual-power-automatic-changeover-switch\/#primaryimage"},"thumbnailUrl":"https:\/\/www.tosunlux.eu\/wp-content\/uploads\/2025\/02\/1-2-1024x348.jpg","datePublished":"2025-02-10T05:44:34+00:00","dateModified":"2025-02-10T05:44:36+00:00","description":"TSMQ8 Dual Power Automatic Changeover Switch Supplier - Wholesale direct from TOSUNlux, a trusted manufacturer since 1994. Get your B2B factory quote on our certified Low Voltage electrical products.","breadcrumb":{"@id":"https:\/\/www.tosunlux.eu\/ru\/products\/tsmq8-dual-power-automatic-changeover-switch\/#breadcrumb"},"inLanguage":"tr","potentialAction":[{"@type":"ReadAction","target":["https:\/\/www.tosunlux.eu\/ru\/products\/tsmq8-dual-power-automatic-changeover-switch\/"]}]},{"@type":"ImageObject","inLanguage":"tr","@id":"https:\/\/www.tosunlux.eu\/ru\/products\/tsmq8-dual-power-automatic-changeover-switch\/#primaryimage","url":"https:\/\/www.tosunlux.eu\/wp-content\/uploads\/2025\/02\/1-2-1024x348.jpg","contentUrl":"https:\/\/www.tosunlux.eu\/wp-content\/uploads\/2025\/02\/1-2-1024x348.jpg"},{"@type":"BreadcrumbList","@id":"https:\/\/www.tosunlux.eu\/ru\/products\/tsmq8-dual-power-automatic-changeover-switch\/#breadcrumb","itemListElement":[{"@type":"ListItem","position":1,"name":"Home","item":"https:\/\/www.tosunlux.eu\/ru\/"},{"@type":"ListItem","position":2,"name":"Products","item":"https:\/\/www.tosunlux.eu\/products\/"},{"@type":"ListItem","position":3,"name":"TSMQ8 Dual Power Automatic Changeover Switch"}]},{"@type":"WebSite","@id":"https:\/\/www.tosunlux.eu\/ru\/#website","url":"https:\/\/www.tosunlux.eu\/ru\/","name":"TOSUNlux Resmi Sitesi - \u00c7in&#039;de Elektrik Sigortas\u0131 \u00dcreticisi","description":"G\u00fc\u00e7 Da\u011f\u0131t\u0131m Sistemi Tedarik\u00e7isi","publisher":{"@id":"https:\/\/www.tosunlux.eu\/ru\/#organization"},"alternateName":"TOSUNlux","potentialAction":[{"@type":"SearchAction","target":{"@type":"EntryPoint","urlTemplate":"https:\/\/www.tosunlux.eu\/ru\/?s={search_term_string}"},"query-input":{"@type":"PropertyValueSpecification","valueRequired":true,"valueName":"search_term_string"}}],"inLanguage":"tr"},{"@type":"Organization","@id":"https:\/\/www.tosunlux.eu\/ru\/#organization","name":"TOSUNlux","url":"https:\/\/www.tosunlux.eu\/ru\/","logo":{"@type":"ImageObject","inLanguage":"tr","@id":"https:\/\/www.tosunlux.eu\/ru\/#\/schema\/logo\/image\/","url":"https:\/\/www.tosunlux.eu\/wp-content\/uploads\/2022\/01\/LOGOSYSM.71762f1.png","contentUrl":"https:\/\/www.tosunlux.eu\/wp-content\/uploads\/2022\/01\/LOGOSYSM.71762f1.png","width":153,"height":55,"caption":"TOSUNlux"},"image":{"@id":"https:\/\/www.tosunlux.eu\/ru\/#\/schema\/logo\/image\/"},"sameAs":["https:\/\/www.facebook.com\/TOSUNelectric\/","https:\/\/www.linkedin.com\/company\/wenzhou-tosun-electric-co.-ltd\/"]}]}},"_links":{"self":[{"href":"https:\/\/www.tosunlux.eu\/tr\/wp-json\/wp\/v2\/product\/12512","targetHints":{"allow":["GET"]}}],"collection":[{"href":"https:\/\/www.tosunlux.eu\/tr\/wp-json\/wp\/v2\/product"}],"about":[{"href":"https:\/\/www.tosunlux.eu\/tr\/wp-json\/wp\/v2\/types\/product"}],"version-history":[{"count":2,"href":"https:\/\/www.tosunlux.eu\/tr\/wp-json\/wp\/v2\/product\/12512\/revisions"}],"predecessor-version":[{"id":12518,"href":"https:\/\/www.tosunlux.eu\/tr\/wp-json\/wp\/v2\/product\/12512\/revisions\/12518"}],"wp:attachment":[{"href":"https:\/\/www.tosunlux.eu\/tr\/wp-json\/wp\/v2\/media?parent=12512"}],"wp:term":[{"taxonomy":"product_category","embeddable":true,"href":"https:\/\/www.tosunlux.eu\/tr\/wp-json\/wp\/v2\/product_category?post=12512"}],"curies":[{"name":"wp","href":"https:\/\/api.w.org\/{rel}","templated":true}]}}