{"id":12519,"date":"2025-02-10T14:29:45","date_gmt":"2025-02-10T06:29:45","guid":{"rendered":"https:\/\/www.tosunlux.eu\/?post_type=product&#038;p=12519"},"modified":"2025-02-10T14:29:48","modified_gmt":"2025-02-10T06:29:48","slug":"tsmq3-dual-power-automatic-changeover-switch","status":"publish","type":"product","link":"https:\/\/www.tosunlux.eu\/tr\/products\/tsmq3-dual-power-automatic-changeover-switch\/","title":{"rendered":"TSMQ3 \u00c7ift G\u00fc\u00e7 Otomatik Ge\u00e7i\u015f Anahtar\u0131"},"content":{"rendered":"<p><strong>\u015eartname<\/strong><\/p>\n\n\n<table style=\"height: 740px;\" width=\"989\">\n<tbody>\n<tr>\n<td width=\"228\">\u00dcr\u00fcn Kategorisi<\/td>\n<td style=\"text-align: center;\" colspan=\"5\" width=\"588\">PC S\u0131n\u0131f\u0131 Otomatik Ge\u00e7i\u015f Anahtar\u0131<\/td>\n<\/tr>\n<tr>\n<td width=\"228\">\u00d6rnek<\/td>\n<td style=\"text-align: center;\" width=\"154\">TSM3-63<\/td>\n<td style=\"text-align: center;\" width=\"142\">TSMQ3-125<\/td>\n<td style=\"text-align: center;\" colspan=\"2\" width=\"142\">TSMQ3-250<\/td>\n<td style=\"text-align: center;\" width=\"149\">TSMQ3-630<\/td>\n<\/tr>\n<tr>\n<td width=\"228\">Kutup Say\u0131s\u0131<\/td>\n<td style=\"text-align: center;\" colspan=\"5\" width=\"588\">2P, 3P, 4P<\/td>\n<\/tr>\n<tr>\n<td width=\"228\">Anma Ak\u0131m\u0131<\/td>\n<td style=\"text-align: center;\" width=\"154\">\u00a0\u00a0\u00a0 16A, 20A, 25A, 32A,<br \/>\u00a0\u00a0\u00a0\u00a0\u00a0\u00a0\u00a0 40A, 50A, 63A<\/td>\n<td style=\"text-align: center;\" width=\"142\">20A, 25A, 32A, 40A,<br \/>50A, 63A, 80A,<br \/>100A, 125A<\/td>\n<td style=\"text-align: center;\" colspan=\"2\" width=\"142\">160A, 200A,<br \/>225A, 250A<\/td>\n<td style=\"text-align: center;\" width=\"149\">\u00a0\u00a0\u00a0\u00a0 315A, 350A, 400A,<br \/>\u00a0\u00a0\u00a0\u00a0 450A, 500A, 550A,<br \/>\u00a0\u00a0\u00a0\u00a0\u00a0\u00a0\u00a0\u00a0\u00a0 600A, 630A<\/td>\n<\/tr>\n<tr>\n<td width=\"228\">\u00c7al\u0131\u015fma \u00d6zelli\u011fi<\/td>\n<td style=\"text-align: center;\" colspan=\"5\" width=\"588\">3 Pozisyon 1-0-2<\/td>\n<\/tr>\n<tr>\n<td width=\"228\">Anma Yal\u0131t\u0131m Voltaj\u0131<\/td>\n<td style=\"text-align: center;\" colspan=\"5\" width=\"588\">AC690V<\/td>\n<\/tr>\n<tr>\n<td width=\"228\">Anma Gerilimi<\/td>\n<td style=\"text-align: center;\" colspan=\"5\" width=\"588\">AC400V<\/td>\n<\/tr>\n<tr>\n<td width=\"228\">Anma Darbe Dayan\u0131m Gerilimi<\/td>\n<td style=\"text-align: center;\" colspan=\"5\" width=\"588\">8kV<\/td>\n<\/tr>\n<tr>\n<td width=\"228\">Kullan\u0131m Kategorisi<\/td>\n<td style=\"text-align: center;\" colspan=\"5\" width=\"588\">AC-33iB<\/td>\n<\/tr>\n<tr>\n<td width=\"228\">Pozisyon Numaras\u0131<\/td>\n<td style=\"text-align: center;\" colspan=\"5\" width=\"588\">\u00c7ift At\u0131\u015f<\/td>\n<\/tr>\n<tr>\n<td width=\"228\">Kablolama Bi\u00e7imi<\/td>\n<td style=\"text-align: center;\" colspan=\"5\" width=\"588\">Panel Montaj\u0131<\/td>\n<\/tr>\n<tr>\n<td width=\"228\">K\u0131sa S\u00fcreli Dayan\u0131m Ak\u0131m\u0131<\/td>\n<td style=\"text-align: center;\" width=\"154\">5kA<\/td>\n<td style=\"text-align: center;\" colspan=\"3\" width=\"284\">10kA<\/td>\n<td style=\"text-align: center;\" width=\"149\">12,6kA<\/td>\n<\/tr>\n<tr>\n<td width=\"228\">Alt kapasiteyi ba\u011flay\u0131n<\/td>\n<td style=\"text-align: center;\" width=\"154\">10 libre<\/td>\n<td style=\"text-align: center;\" colspan=\"3\" width=\"284\">6li<\/td>\n<td style=\"text-align: center;\" width=\"149\">6li<\/td>\n<\/tr>\n<tr>\n<td width=\"228\">Mekanik Ya\u015fam<\/td>\n<td style=\"text-align: center;\" colspan=\"4\" width=\"439\">20000 kez<\/td>\n<td style=\"text-align: center;\" width=\"149\">4000 kez<\/td>\n<\/tr>\n<tr>\n<td width=\"228\">Elektriksel \u00d6m\u00fcr<\/td>\n<td style=\"text-align: center;\" colspan=\"4\" width=\"439\">6000 kez<\/td>\n<td style=\"text-align: center;\" width=\"149\">1000 kez<\/td>\n<\/tr>\n<tr>\n<td width=\"228\">\u0130\u015fletme D\u00f6ng\u00fcs\u00fc<\/td>\n<td style=\"text-align: center;\" colspan=\"5\" width=\"588\">60 kez\/saat<\/td>\n<\/tr>\n<tr>\n<td width=\"228\">Aksesuar<\/td>\n<td style=\"text-align: center;\" colspan=\"5\" width=\"588\">Manuel \u00e7al\u0131\u015ft\u0131rma kolu, b\u00f6lme plakas\u0131<\/td>\n<\/tr>\n<tr>\n<td rowspan=\"2\" width=\"228\">\u00c7al\u0131\u015fma Modu<\/td>\n<td style=\"text-align: center;\" colspan=\"3\" width=\"327\">R: \u015eebeke elektri\u011fine \u00f6ncelik (varsay\u0131lan)<\/td>\n<td style=\"text-align: center;\" colspan=\"2\" width=\"261\">B: Bekleme g\u00fcc\u00fc II i\u00e7in \u00f6ncelik (iste\u011fe ba\u011fl\u0131)<\/td>\n<\/tr>\n<tr>\n<td colspan=\"3\" width=\"327\">F: Jenerat\u00f6rden g\u00fc\u00e7 temini \u00f6nceli\u011fi (iste\u011fe ba\u011fl\u0131)<\/td>\n<td style=\"text-align: center;\" colspan=\"2\" width=\"261\">T: \u0130leti\u015fim fonksiyonu ile (iste\u011fe ba\u011fl\u0131)<\/td>\n<\/tr>\n<\/tbody>\n<\/table>","protected":false},"parent":0,"template":"","product_category":[24,86],"class_list":["post-12519","product","type-product","status-publish","hentry","product_category-power-distribution-system","product_category-automatic-changeover-switch"],"yoast_head":"<!-- This site is optimized with the Yoast SEO plugin v27.6 - https:\/\/yoast.com\/product\/yoast-seo-wordpress\/ -->\n<title>WholesaleTSMQ3 Dual Power Automatic Changeover Switch - TOSUNlux Official Site - Electrical Circuit Breaker Manufacturer in China Low Voltage Electrical Supplier | TOSUNlux<\/title>\n<meta name=\"description\" content=\"TSMQ3 Dual Power Automatic Changeover Switch Supplier - Wholesale direct from TOSUNlux, a trusted manufacturer since 1994. Get your B2B factory quote on our certified Low Voltage electrical products.\" \/>\n<meta name=\"robots\" content=\"index, follow, max-snippet:-1, max-image-preview:large, max-video-preview:-1\" \/>\n<link rel=\"canonical\" href=\"https:\/\/www.tosunlux.eu\/tr\/products\/tsmq3-dual-power-automatic-changeover-switch\/\" \/>\n<meta property=\"og:locale\" content=\"tr_TR\" \/>\n<meta property=\"og:type\" content=\"article\" \/>\n<meta property=\"og:title\" content=\"WholesaleTSMQ3 Dual Power Automatic Changeover Switch - TOSUNlux Official Site - Electrical Circuit Breaker Manufacturer in China Low Voltage Electrical Supplier | TOSUNlux\" \/>\n<meta property=\"og:description\" content=\"TSMQ3 Dual Power Automatic Changeover Switch Supplier - Wholesale direct from TOSUNlux, a trusted manufacturer since 1994. Get your B2B factory quote on our certified Low Voltage electrical products.\" \/>\n<meta property=\"og:url\" content=\"https:\/\/www.tosunlux.eu\/tr\/products\/tsmq3-dual-power-automatic-changeover-switch\/\" \/>\n<meta property=\"og:site_name\" content=\"TOSUNlux Official Site - Electrical Circuit Breaker Manufacturer in China\" \/>\n<meta property=\"article:publisher\" content=\"https:\/\/www.facebook.com\/TOSUNelectric\/\" \/>\n<meta property=\"article:modified_time\" content=\"2025-02-10T06:29:48+00:00\" \/>\n<meta property=\"og:image\" content=\"https:\/\/www.tosunlux.eu\/wp-content\/uploads\/2023\/04\/DSC08160_\u526f\u672c.jpg\" \/>\n\t<meta property=\"og:image:width\" content=\"1500\" \/>\n\t<meta property=\"og:image:height\" content=\"940\" \/>\n\t<meta property=\"og:image:type\" content=\"image\/jpeg\" \/>\n<meta name=\"twitter:card\" content=\"summary_large_image\" \/>\n<meta name=\"twitter:label1\" content=\"Tahmini okuma s\u00fcresi\" \/>\n\t<meta name=\"twitter:data1\" content=\"1 dakika\" \/>\n<script type=\"application\/ld+json\" class=\"yoast-schema-graph\">{\"@context\":\"https:\\\/\\\/schema.org\",\"@graph\":[{\"@type\":\"WebPage\",\"@id\":\"https:\\\/\\\/www.tosunlux.eu\\\/products\\\/tsmq3-dual-power-automatic-changeover-switch\\\/\",\"url\":\"https:\\\/\\\/www.tosunlux.eu\\\/products\\\/tsmq3-dual-power-automatic-changeover-switch\\\/\",\"name\":\"WholesaleTSMQ3 Dual Power Automatic Changeover Switch - TOSUNlux Official Site - Electrical Circuit Breaker Manufacturer in China Low Voltage Electrical Supplier | TOSUNlux\",\"isPartOf\":{\"@id\":\"https:\\\/\\\/www.tosunlux.eu\\\/ru\\\/#website\"},\"datePublished\":\"2025-02-10T06:29:45+00:00\",\"dateModified\":\"2025-02-10T06:29:48+00:00\",\"description\":\"TSMQ3 Dual Power Automatic Changeover Switch Supplier - Wholesale direct from TOSUNlux, a trusted manufacturer since 1994. Get your B2B factory quote on our certified Low Voltage electrical products.\",\"breadcrumb\":{\"@id\":\"https:\\\/\\\/www.tosunlux.eu\\\/products\\\/tsmq3-dual-power-automatic-changeover-switch\\\/#breadcrumb\"},\"inLanguage\":\"tr\",\"potentialAction\":[{\"@type\":\"ReadAction\",\"target\":[\"https:\\\/\\\/www.tosunlux.eu\\\/products\\\/tsmq3-dual-power-automatic-changeover-switch\\\/\"]}]},{\"@type\":\"BreadcrumbList\",\"@id\":\"https:\\\/\\\/www.tosunlux.eu\\\/products\\\/tsmq3-dual-power-automatic-changeover-switch\\\/#breadcrumb\",\"itemListElement\":[{\"@type\":\"ListItem\",\"position\":1,\"name\":\"Home\",\"item\":\"https:\\\/\\\/www.tosunlux.eu\\\/ru\\\/\"},{\"@type\":\"ListItem\",\"position\":2,\"name\":\"Products\",\"item\":\"https:\\\/\\\/www.tosunlux.eu\\\/products\\\/\"},{\"@type\":\"ListItem\",\"position\":3,\"name\":\"TSMQ3 Dual Power Automatic Changeover Switch\"}]},{\"@type\":\"WebSite\",\"@id\":\"https:\\\/\\\/www.tosunlux.eu\\\/ru\\\/#website\",\"url\":\"https:\\\/\\\/www.tosunlux.eu\\\/ru\\\/\",\"name\":\"TOSUNlux Official Site - Electrical Circuit Breaker Manufacturer in China\",\"description\":\"Power Distribution System Supplier\",\"publisher\":{\"@id\":\"https:\\\/\\\/www.tosunlux.eu\\\/ru\\\/#organization\"},\"alternateName\":\"TOSUNlux\",\"potentialAction\":[{\"@type\":\"SearchAction\",\"target\":{\"@type\":\"EntryPoint\",\"urlTemplate\":\"https:\\\/\\\/www.tosunlux.eu\\\/ru\\\/?s={search_term_string}\"},\"query-input\":{\"@type\":\"PropertyValueSpecification\",\"valueRequired\":true,\"valueName\":\"search_term_string\"}}],\"inLanguage\":\"tr\"},{\"@type\":\"Organization\",\"@id\":\"https:\\\/\\\/www.tosunlux.eu\\\/ru\\\/#organization\",\"name\":\"TOSUNlux\",\"url\":\"https:\\\/\\\/www.tosunlux.eu\\\/ru\\\/\",\"logo\":{\"@type\":\"ImageObject\",\"inLanguage\":\"tr\",\"@id\":\"https:\\\/\\\/www.tosunlux.eu\\\/ru\\\/#\\\/schema\\\/logo\\\/image\\\/\",\"url\":\"https:\\\/\\\/www.tosunlux.eu\\\/wp-content\\\/uploads\\\/2022\\\/01\\\/LOGOSYSM.71762f1.png\",\"contentUrl\":\"https:\\\/\\\/www.tosunlux.eu\\\/wp-content\\\/uploads\\\/2022\\\/01\\\/LOGOSYSM.71762f1.png\",\"width\":153,\"height\":55,\"caption\":\"TOSUNlux\"},\"image\":{\"@id\":\"https:\\\/\\\/www.tosunlux.eu\\\/ru\\\/#\\\/schema\\\/logo\\\/image\\\/\"},\"sameAs\":[\"https:\\\/\\\/www.facebook.com\\\/TOSUNelectric\\\/\",\"https:\\\/\\\/www.linkedin.com\\\/company\\\/wenzhou-tosun-electric-co.-ltd\\\/\"]}]}<\/script>\n<!-- \/ Yoast SEO plugin. -->","yoast_head_json":{"title":"WholesaleTSMQ3 Dual Power Automatic Changeover Switch - TOSUNlux Official Site - Electrical Circuit Breaker Manufacturer in China Low Voltage Electrical Supplier | TOSUNlux","description":"TSMQ3 Dual Power Automatic Changeover Switch Supplier - Wholesale direct from TOSUNlux, a trusted manufacturer since 1994. Get your B2B factory quote on our certified Low Voltage electrical products.","robots":{"index":"index","follow":"follow","max-snippet":"max-snippet:-1","max-image-preview":"max-image-preview:large","max-video-preview":"max-video-preview:-1"},"canonical":"https:\/\/www.tosunlux.eu\/tr\/products\/tsmq3-dual-power-automatic-changeover-switch\/","og_locale":"tr_TR","og_type":"article","og_title":"WholesaleTSMQ3 Dual Power Automatic Changeover Switch - TOSUNlux Official Site - Electrical Circuit Breaker Manufacturer in China Low Voltage Electrical Supplier | TOSUNlux","og_description":"TSMQ3 Dual Power Automatic Changeover Switch Supplier - Wholesale direct from TOSUNlux, a trusted manufacturer since 1994. Get your B2B factory quote on our certified Low Voltage electrical products.","og_url":"https:\/\/www.tosunlux.eu\/tr\/products\/tsmq3-dual-power-automatic-changeover-switch\/","og_site_name":"TOSUNlux Official Site - Electrical Circuit Breaker Manufacturer in China","article_publisher":"https:\/\/www.facebook.com\/TOSUNelectric\/","article_modified_time":"2025-02-10T06:29:48+00:00","og_image":[{"width":1500,"height":940,"url":"https:\/\/www.tosunlux.eu\/wp-content\/uploads\/2023\/04\/DSC08160_\u526f\u672c.jpg","type":"image\/jpeg"}],"twitter_card":"summary_large_image","twitter_misc":{"Tahmini okuma s\u00fcresi":"1 dakika"},"schema":{"@context":"https:\/\/schema.org","@graph":[{"@type":"WebPage","@id":"https:\/\/www.tosunlux.eu\/products\/tsmq3-dual-power-automatic-changeover-switch\/","url":"https:\/\/www.tosunlux.eu\/products\/tsmq3-dual-power-automatic-changeover-switch\/","name":"WholesaleTSMQ3 Dual Power Automatic Changeover Switch - TOSUNlux Official Site - Electrical Circuit Breaker Manufacturer in China Low Voltage Electrical Supplier | TOSUNlux","isPartOf":{"@id":"https:\/\/www.tosunlux.eu\/ru\/#website"},"datePublished":"2025-02-10T06:29:45+00:00","dateModified":"2025-02-10T06:29:48+00:00","description":"TSMQ3 Dual Power Automatic Changeover Switch Supplier - Wholesale direct from TOSUNlux, a trusted manufacturer since 1994. Get your B2B factory quote on our certified Low Voltage electrical products.","breadcrumb":{"@id":"https:\/\/www.tosunlux.eu\/products\/tsmq3-dual-power-automatic-changeover-switch\/#breadcrumb"},"inLanguage":"tr","potentialAction":[{"@type":"ReadAction","target":["https:\/\/www.tosunlux.eu\/products\/tsmq3-dual-power-automatic-changeover-switch\/"]}]},{"@type":"BreadcrumbList","@id":"https:\/\/www.tosunlux.eu\/products\/tsmq3-dual-power-automatic-changeover-switch\/#breadcrumb","itemListElement":[{"@type":"ListItem","position":1,"name":"Home","item":"https:\/\/www.tosunlux.eu\/ru\/"},{"@type":"ListItem","position":2,"name":"Products","item":"https:\/\/www.tosunlux.eu\/products\/"},{"@type":"ListItem","position":3,"name":"TSMQ3 Dual Power Automatic Changeover Switch"}]},{"@type":"WebSite","@id":"https:\/\/www.tosunlux.eu\/ru\/#website","url":"https:\/\/www.tosunlux.eu\/ru\/","name":"TOSUNlux Resmi Sitesi - \u00c7in&#039;de Elektrik Sigortas\u0131 \u00dcreticisi","description":"G\u00fc\u00e7 Da\u011f\u0131t\u0131m Sistemi Tedarik\u00e7isi","publisher":{"@id":"https:\/\/www.tosunlux.eu\/ru\/#organization"},"alternateName":"TOSUNlux","potentialAction":[{"@type":"SearchAction","target":{"@type":"EntryPoint","urlTemplate":"https:\/\/www.tosunlux.eu\/ru\/?s={search_term_string}"},"query-input":{"@type":"PropertyValueSpecification","valueRequired":true,"valueName":"search_term_string"}}],"inLanguage":"tr"},{"@type":"Organization","@id":"https:\/\/www.tosunlux.eu\/ru\/#organization","name":"TOSUNlux","url":"https:\/\/www.tosunlux.eu\/ru\/","logo":{"@type":"ImageObject","inLanguage":"tr","@id":"https:\/\/www.tosunlux.eu\/ru\/#\/schema\/logo\/image\/","url":"https:\/\/www.tosunlux.eu\/wp-content\/uploads\/2022\/01\/LOGOSYSM.71762f1.png","contentUrl":"https:\/\/www.tosunlux.eu\/wp-content\/uploads\/2022\/01\/LOGOSYSM.71762f1.png","width":153,"height":55,"caption":"TOSUNlux"},"image":{"@id":"https:\/\/www.tosunlux.eu\/ru\/#\/schema\/logo\/image\/"},"sameAs":["https:\/\/www.facebook.com\/TOSUNelectric\/","https:\/\/www.linkedin.com\/company\/wenzhou-tosun-electric-co.-ltd\/"]}]}},"_links":{"self":[{"href":"https:\/\/www.tosunlux.eu\/tr\/wp-json\/wp\/v2\/product\/12519","targetHints":{"allow":["GET"]}}],"collection":[{"href":"https:\/\/www.tosunlux.eu\/tr\/wp-json\/wp\/v2\/product"}],"about":[{"href":"https:\/\/www.tosunlux.eu\/tr\/wp-json\/wp\/v2\/types\/product"}],"version-history":[{"count":1,"href":"https:\/\/www.tosunlux.eu\/tr\/wp-json\/wp\/v2\/product\/12519\/revisions"}],"predecessor-version":[{"id":12521,"href":"https:\/\/www.tosunlux.eu\/tr\/wp-json\/wp\/v2\/product\/12519\/revisions\/12521"}],"wp:attachment":[{"href":"https:\/\/www.tosunlux.eu\/tr\/wp-json\/wp\/v2\/media?parent=12519"}],"wp:term":[{"taxonomy":"product_category","embeddable":true,"href":"https:\/\/www.tosunlux.eu\/tr\/wp-json\/wp\/v2\/product_category?post=12519"}],"curies":[{"name":"wp","href":"https:\/\/api.w.org\/{rel}","templated":true}]}}