{"id":12522,"date":"2025-02-10T14:43:33","date_gmt":"2025-02-10T06:43:33","guid":{"rendered":"https:\/\/www.tosunlux.eu\/?post_type=product&#038;p=12522"},"modified":"2025-02-10T14:43:41","modified_gmt":"2025-02-10T06:43:41","slug":"tsmq4-dual-power-automatic-changeover-switch","status":"publish","type":"product","link":"https:\/\/www.tosunlux.eu\/tr\/products\/tsmq4-dual-power-automatic-changeover-switch\/","title":{"rendered":"TSMQ4 \u00c7ift G\u00fc\u00e7 Otomatik Ge\u00e7i\u015f Anahtar\u0131"},"content":{"rendered":"<p><strong>\u015eartname<\/strong><\/p>\n\n\n<table style=\"border-collapse: collapse; width: 621.02pt;\" border=\"0\" width=\"828\" cellspacing=\"0\" cellpadding=\"0\">\n<tbody>\n<tr style=\"height: 24.30pt;\">\n<td class=\"et2\" style=\"height: 24.30pt; width: 171.45pt;\" width=\"228\" height=\"32\"><span class=\"font1\">\u00dcr\u00fcn Kategorisi<\/span><\/td>\n<td class=\"et3\" style=\"width: 449.65pt; text-align: center;\" colspan=\"7\" width=\"599\"><span class=\"font1\">PC S\u0131n\u0131f\u0131 Otomatik Ge\u00e7i\u015f Anahtar\u0131<\/span><\/td>\n<\/tr>\n<tr style=\"height: 24.20pt;\">\n<td class=\"et2\" style=\"height: 24.20pt; width: 171.45pt;\" width=\"228\" height=\"32\"><span class=\"font1\">\u00d6rnek<\/span><\/td>\n<td class=\"et5\" style=\"width: 78.85pt; text-align: center;\" width=\"105\"><span class=\"font1\">TSMQ4-32<\/span><\/td>\n<td class=\"et5\" style=\"width: 75.85pt; text-align: center;\" width=\"101\"><span class=\"font1\">TSMQ4-63<\/span><\/td>\n<td class=\"et5\" style=\"width: 68.65pt; text-align: center;\" width=\"91\"><span class=\"font1\">TSMQ4-125<\/span><\/td>\n<td class=\"et5\" style=\"width: 92.15pt; text-align: center;\" colspan=\"2\" width=\"122\"><span class=\"font1\">TSMQ4-250<\/span><\/td>\n<td class=\"et5\" style=\"width: 67pt; text-align: center;\" width=\"89\"><span class=\"font1\">TSMQ4-400<\/span><\/td>\n<td class=\"et3\" style=\"width: 67.15pt; text-align: center;\" width=\"89\"><span class=\"font1\">TSMQ4-630<\/span><\/td>\n<\/tr>\n<tr style=\"height: 24.20pt;\">\n<td class=\"et2\" style=\"height: 24.20pt; width: 171.45pt;\" width=\"228\" height=\"32\"><span class=\"font1\">Kutup Say\u0131s\u0131<\/span><\/td>\n<td class=\"et5\" style=\"width: 382.5pt; text-align: center;\" colspan=\"6\" width=\"510\"><span class=\"font1\">2P, 3P, 4P<\/span><\/td>\n<td class=\"et3\" style=\"width: 67.15pt;\" width=\"89\"><span class=\"font1\">3P, 4P<\/span><\/td>\n<\/tr>\n<tr style=\"height: 48.40pt;\">\n<td class=\"et2\" style=\"height: 48.40pt; width: 171.45pt;\" width=\"228\" height=\"64\"><span class=\"font1\">Anma Ak\u0131m\u0131<\/span><\/td>\n<td class=\"et5\" style=\"width: 78.85pt; text-align: center;\" width=\"105\"><span class=\"font1\">16A, 20A, 25A,<br \/><\/span><span class=\"font1\">32A<\/span><\/td>\n<td class=\"et5\" style=\"width: 75.85pt; text-align: center;\" width=\"101\"><span class=\"font1\">40A, 50A, 63A<\/span><\/td>\n<td class=\"et5\" style=\"width: 68.65pt; text-align: center;\" width=\"91\"><span class=\"font1\">80A, 100A,<br \/><\/span><span class=\"font1\">125A<\/span><\/td>\n<td class=\"et5\" style=\"width: 92.15pt; text-align: center;\" colspan=\"2\" width=\"122\"><span class=\"font1\">160A, 180A, 200A,<br \/><\/span><span class=\"font1\">225A, 250A<\/span><\/td>\n<td class=\"et5\" style=\"width: 67pt; text-align: center;\" width=\"89\"><span class=\"font1\">250A, 315A,<br \/><\/span><span class=\"font1\">400A<\/span><\/td>\n<td class=\"et3\" style=\"width: 67.15pt; text-align: center;\" width=\"89\"><span class=\"font1\">500A, 630A<\/span><\/td>\n<\/tr>\n<tr style=\"height: 24.20pt;\">\n<td class=\"et2\" style=\"height: 24.20pt; width: 171.45pt;\" width=\"228\" height=\"32\"><span class=\"font1\">\u00c7al\u0131\u015fma \u00d6zelli\u011fi<\/span><\/td>\n<td class=\"et3\" style=\"width: 449.65pt; text-align: center;\" colspan=\"7\" width=\"599\"><span class=\"font1\">2 Pozisyon 1-2<\/span><\/td>\n<\/tr>\n<tr style=\"height: 24.20pt;\">\n<td class=\"et2\" style=\"height: 24.20pt; width: 171.45pt;\" width=\"228\" height=\"32\"><span class=\"font1\">Anma Kontrol Ak\u0131m\u0131<\/span><\/td>\n<td class=\"et5\" style=\"width: 223.35pt; text-align: center;\" colspan=\"3\" width=\"297\"><span class=\"font1\">5A<\/span><\/td>\n<td class=\"et3\" style=\"width: 226.3pt; text-align: center;\" colspan=\"4\" width=\"301\"><span class=\"font1\">7A<\/span><\/td>\n<\/tr>\n<tr style=\"height: 24.20pt;\">\n<td class=\"et2\" style=\"height: 24.20pt; width: 171.45pt;\" width=\"228\" height=\"32\"><span class=\"font1\">Anma K\u0131sa Devre Ak\u0131m\u0131<\/span><\/td>\n<td class=\"et3\" style=\"width: 449.65pt; text-align: center;\" colspan=\"7\" width=\"599\"><span class=\"font1\">10kA<\/span><\/td>\n<\/tr>\n<tr style=\"height: 24.20pt;\">\n<td class=\"et2\" style=\"height: 24.20pt; width: 171.45pt;\" width=\"228\" height=\"32\"><span class=\"font1\">Anma Darbe Dayan\u0131m Gerilimi<\/span><\/td>\n<td class=\"et3\" style=\"width: 449.65pt; text-align: center;\" colspan=\"7\" width=\"599\"><span class=\"font1\">8kV<\/span><\/td>\n<\/tr>\n<tr style=\"height: 24.20pt;\">\n<td class=\"et2\" style=\"height: 24.20pt; width: 171.45pt;\" width=\"228\" height=\"32\"><span class=\"font1\">Kullan\u0131m Kategorisi<\/span><\/td>\n<td class=\"et3\" style=\"width: 449.65pt; text-align: center;\" colspan=\"7\" width=\"599\"><span class=\"font1\">AC-33B<\/span><\/td>\n<\/tr>\n<tr style=\"height: 24.20pt;\">\n<td class=\"et2\" style=\"height: 24.20pt; width: 171.45pt;\" width=\"228\" height=\"32\"><span class=\"font1\">Mekanik Ya\u015fam<\/span><\/td>\n<td class=\"et5\" style=\"width: 223.35pt; text-align: center;\" colspan=\"3\" width=\"297\"><span class=\"font1\">20000 kez<\/span><\/td>\n<td class=\"et3\" style=\"width: 226.3pt; text-align: center;\" colspan=\"4\" width=\"301\"><span class=\"font1\">17000 kez<\/span><\/td>\n<\/tr>\n<tr style=\"height: 24.20pt;\">\n<td class=\"et2\" style=\"height: 24.20pt; width: 171.45pt;\" width=\"228\" height=\"32\"><span class=\"font1\">Elektrikli Hayat<\/span><\/td>\n<td class=\"et5\" style=\"width: 223.35pt; text-align: center;\" colspan=\"3\" width=\"297\"><span class=\"font1\">6000 kez<\/span><\/td>\n<td class=\"et3\" style=\"width: 226.3pt; text-align: center;\" colspan=\"4\" width=\"301\"><span class=\"font1\">6000 kez<\/span><\/td>\n<\/tr>\n<tr style=\"height: 24.30pt;\">\n<td class=\"et2\" style=\"height: 24.30pt; width: 171.45pt;\" width=\"228\" height=\"32\"><span class=\"font1\">\u0130\u015fletme D\u00f6ng\u00fcs\u00fc<\/span><\/td>\n<td class=\"et3\" style=\"width: 449.65pt; text-align: center;\" colspan=\"7\" width=\"599\"><span class=\"font1\">360 kez\/saat<\/span><\/td>\n<\/tr>\n<tr style=\"height: 13.50pt;\">\n<td class=\"et7\" style=\"height: 27.00pt; width: 171.45pt;\" rowspan=\"2\" width=\"228\" height=\"36\"><span class=\"font1\">\u00c7al\u0131\u015fma Modu<\/span><\/td>\n<td class=\"et8\" style=\"width: 253.5pt; text-align: center;\" colspan=\"4\" width=\"338\"><span class=\"font1\">R: \u015eebeke elektri\u011fine \u00f6ncelik (varsay\u0131lan)<\/span><\/td>\n<td class=\"et8\" style=\"width: 196.15pt; text-align: center;\" colspan=\"3\" width=\"261\"><span class=\"font1\">B: Bekleme g\u00fcc\u00fc II i\u00e7in \u00f6ncelik (iste\u011fe ba\u011fl\u0131)<\/span><\/td>\n<\/tr>\n<tr style=\"height: 13.50pt;\">\n<td class=\"et7\" style=\"width: 253.5pt; text-align: center;\" colspan=\"4\" width=\"338\"><span class=\"font1\">F: Jenerat\u00f6rden g\u00fc\u00e7 temini \u00f6nceli\u011fi (iste\u011fe ba\u011fl\u0131)<\/span><\/td>\n<td class=\"et7\" style=\"width: 196.15pt; text-align: center;\" colspan=\"3\" width=\"261\"><span class=\"font1\">T: \u0130leti\u015fim fonksiyonu ile (iste\u011fe ba\u011fl\u0131)<\/span><\/td>\n<\/tr>\n<\/tbody>\n<\/table>","protected":false},"parent":0,"template":"","product_category":[24,86],"class_list":["post-12522","product","type-product","status-publish","hentry","product_category-power-distribution-system","product_category-automatic-changeover-switch"],"yoast_head":"<!-- This site is optimized with the Yoast SEO plugin v27.5 - https:\/\/yoast.com\/product\/yoast-seo-wordpress\/ -->\n<title>WholesaleTSMQ4 Dual Power Automatic Changeover Switch - TOSUNlux Official Site - Electrical Circuit Breaker Manufacturer in China Low Voltage Electrical Supplier | TOSUNlux<\/title>\n<meta name=\"description\" content=\"TSMQ4 Dual Power Automatic Changeover Switch Supplier - Wholesale direct from TOSUNlux, a trusted manufacturer since 1994. Get your B2B factory quote on our certified Low Voltage electrical products.\" \/>\n<meta name=\"robots\" content=\"index, follow, max-snippet:-1, max-image-preview:large, max-video-preview:-1\" \/>\n<link rel=\"canonical\" href=\"https:\/\/www.tosunlux.eu\/tr\/products\/tsmq4-dual-power-automatic-changeover-switch\/\" \/>\n<meta property=\"og:locale\" content=\"tr_TR\" \/>\n<meta property=\"og:type\" content=\"article\" \/>\n<meta property=\"og:title\" content=\"WholesaleTSMQ4 Dual Power Automatic Changeover Switch - TOSUNlux Official Site - Electrical Circuit Breaker Manufacturer in China Low Voltage Electrical Supplier | TOSUNlux\" \/>\n<meta property=\"og:description\" content=\"TSMQ4 Dual Power Automatic Changeover Switch Supplier - Wholesale direct from TOSUNlux, a trusted manufacturer since 1994. Get your B2B factory quote on our certified Low Voltage electrical products.\" \/>\n<meta property=\"og:url\" content=\"https:\/\/www.tosunlux.eu\/tr\/products\/tsmq4-dual-power-automatic-changeover-switch\/\" \/>\n<meta property=\"og:site_name\" content=\"TOSUNlux Official Site - Electrical Circuit Breaker Manufacturer in China\" \/>\n<meta property=\"article:publisher\" content=\"https:\/\/www.facebook.com\/TOSUNelectric\/\" \/>\n<meta property=\"article:modified_time\" content=\"2025-02-10T06:43:41+00:00\" \/>\n<meta property=\"og:image\" content=\"https:\/\/www.tosunlux.eu\/wp-content\/uploads\/2023\/04\/DSC08160_\u526f\u672c.jpg\" \/>\n\t<meta property=\"og:image:width\" content=\"1500\" \/>\n\t<meta property=\"og:image:height\" content=\"940\" \/>\n\t<meta property=\"og:image:type\" content=\"image\/jpeg\" \/>\n<meta name=\"twitter:card\" content=\"summary_large_image\" \/>\n<meta name=\"twitter:label1\" content=\"Tahmini okuma s\u00fcresi\" \/>\n\t<meta name=\"twitter:data1\" content=\"1 dakika\" \/>\n<script type=\"application\/ld+json\" class=\"yoast-schema-graph\">{\"@context\":\"https:\\\/\\\/schema.org\",\"@graph\":[{\"@type\":\"WebPage\",\"@id\":\"https:\\\/\\\/www.tosunlux.eu\\\/fr\\\/products\\\/tsmq4-dual-power-automatic-changeover-switch\\\/\",\"url\":\"https:\\\/\\\/www.tosunlux.eu\\\/fr\\\/products\\\/tsmq4-dual-power-automatic-changeover-switch\\\/\",\"name\":\"WholesaleTSMQ4 Dual Power Automatic Changeover Switch - TOSUNlux Official Site - Electrical Circuit Breaker Manufacturer in China Low Voltage Electrical Supplier | TOSUNlux\",\"isPartOf\":{\"@id\":\"https:\\\/\\\/www.tosunlux.eu\\\/ru\\\/#website\"},\"datePublished\":\"2025-02-10T06:43:33+00:00\",\"dateModified\":\"2025-02-10T06:43:41+00:00\",\"description\":\"TSMQ4 Dual Power Automatic Changeover Switch Supplier - Wholesale direct from TOSUNlux, a trusted manufacturer since 1994. Get your B2B factory quote on our certified Low Voltage electrical products.\",\"breadcrumb\":{\"@id\":\"https:\\\/\\\/www.tosunlux.eu\\\/fr\\\/products\\\/tsmq4-dual-power-automatic-changeover-switch\\\/#breadcrumb\"},\"inLanguage\":\"tr\",\"potentialAction\":[{\"@type\":\"ReadAction\",\"target\":[\"https:\\\/\\\/www.tosunlux.eu\\\/fr\\\/products\\\/tsmq4-dual-power-automatic-changeover-switch\\\/\"]}]},{\"@type\":\"BreadcrumbList\",\"@id\":\"https:\\\/\\\/www.tosunlux.eu\\\/fr\\\/products\\\/tsmq4-dual-power-automatic-changeover-switch\\\/#breadcrumb\",\"itemListElement\":[{\"@type\":\"ListItem\",\"position\":1,\"name\":\"Home\",\"item\":\"https:\\\/\\\/www.tosunlux.eu\\\/ru\\\/\"},{\"@type\":\"ListItem\",\"position\":2,\"name\":\"Products\",\"item\":\"https:\\\/\\\/www.tosunlux.eu\\\/products\\\/\"},{\"@type\":\"ListItem\",\"position\":3,\"name\":\"TSMQ4 Dual Power Automatic Changeover Switch\"}]},{\"@type\":\"WebSite\",\"@id\":\"https:\\\/\\\/www.tosunlux.eu\\\/ru\\\/#website\",\"url\":\"https:\\\/\\\/www.tosunlux.eu\\\/ru\\\/\",\"name\":\"TOSUNlux Official Site - Electrical Circuit Breaker Manufacturer in China\",\"description\":\"Power Distribution System Supplier\",\"publisher\":{\"@id\":\"https:\\\/\\\/www.tosunlux.eu\\\/ru\\\/#organization\"},\"alternateName\":\"TOSUNlux\",\"potentialAction\":[{\"@type\":\"SearchAction\",\"target\":{\"@type\":\"EntryPoint\",\"urlTemplate\":\"https:\\\/\\\/www.tosunlux.eu\\\/ru\\\/?s={search_term_string}\"},\"query-input\":{\"@type\":\"PropertyValueSpecification\",\"valueRequired\":true,\"valueName\":\"search_term_string\"}}],\"inLanguage\":\"tr\"},{\"@type\":\"Organization\",\"@id\":\"https:\\\/\\\/www.tosunlux.eu\\\/ru\\\/#organization\",\"name\":\"TOSUNlux\",\"url\":\"https:\\\/\\\/www.tosunlux.eu\\\/ru\\\/\",\"logo\":{\"@type\":\"ImageObject\",\"inLanguage\":\"tr\",\"@id\":\"https:\\\/\\\/www.tosunlux.eu\\\/ru\\\/#\\\/schema\\\/logo\\\/image\\\/\",\"url\":\"https:\\\/\\\/www.tosunlux.eu\\\/wp-content\\\/uploads\\\/2022\\\/01\\\/LOGOSYSM.71762f1.png\",\"contentUrl\":\"https:\\\/\\\/www.tosunlux.eu\\\/wp-content\\\/uploads\\\/2022\\\/01\\\/LOGOSYSM.71762f1.png\",\"width\":153,\"height\":55,\"caption\":\"TOSUNlux\"},\"image\":{\"@id\":\"https:\\\/\\\/www.tosunlux.eu\\\/ru\\\/#\\\/schema\\\/logo\\\/image\\\/\"},\"sameAs\":[\"https:\\\/\\\/www.facebook.com\\\/TOSUNelectric\\\/\",\"https:\\\/\\\/www.linkedin.com\\\/company\\\/wenzhou-tosun-electric-co.-ltd\\\/\"]}]}<\/script>\n<!-- \/ Yoast SEO plugin. -->","yoast_head_json":{"title":"WholesaleTSMQ4 Dual Power Automatic Changeover Switch - TOSUNlux Official Site - Electrical Circuit Breaker Manufacturer in China Low Voltage Electrical Supplier | TOSUNlux","description":"TSMQ4 Dual Power Automatic Changeover Switch Supplier - Wholesale direct from TOSUNlux, a trusted manufacturer since 1994. Get your B2B factory quote on our certified Low Voltage electrical products.","robots":{"index":"index","follow":"follow","max-snippet":"max-snippet:-1","max-image-preview":"max-image-preview:large","max-video-preview":"max-video-preview:-1"},"canonical":"https:\/\/www.tosunlux.eu\/tr\/products\/tsmq4-dual-power-automatic-changeover-switch\/","og_locale":"tr_TR","og_type":"article","og_title":"WholesaleTSMQ4 Dual Power Automatic Changeover Switch - TOSUNlux Official Site - Electrical Circuit Breaker Manufacturer in China Low Voltage Electrical Supplier | TOSUNlux","og_description":"TSMQ4 Dual Power Automatic Changeover Switch Supplier - Wholesale direct from TOSUNlux, a trusted manufacturer since 1994. Get your B2B factory quote on our certified Low Voltage electrical products.","og_url":"https:\/\/www.tosunlux.eu\/tr\/products\/tsmq4-dual-power-automatic-changeover-switch\/","og_site_name":"TOSUNlux Official Site - Electrical Circuit Breaker Manufacturer in China","article_publisher":"https:\/\/www.facebook.com\/TOSUNelectric\/","article_modified_time":"2025-02-10T06:43:41+00:00","og_image":[{"width":1500,"height":940,"url":"https:\/\/www.tosunlux.eu\/wp-content\/uploads\/2023\/04\/DSC08160_\u526f\u672c.jpg","type":"image\/jpeg"}],"twitter_card":"summary_large_image","twitter_misc":{"Tahmini okuma s\u00fcresi":"1 dakika"},"schema":{"@context":"https:\/\/schema.org","@graph":[{"@type":"WebPage","@id":"https:\/\/www.tosunlux.eu\/fr\/products\/tsmq4-dual-power-automatic-changeover-switch\/","url":"https:\/\/www.tosunlux.eu\/fr\/products\/tsmq4-dual-power-automatic-changeover-switch\/","name":"WholesaleTSMQ4 Dual Power Automatic Changeover Switch - TOSUNlux Official Site - Electrical Circuit Breaker Manufacturer in China Low Voltage Electrical Supplier | TOSUNlux","isPartOf":{"@id":"https:\/\/www.tosunlux.eu\/ru\/#website"},"datePublished":"2025-02-10T06:43:33+00:00","dateModified":"2025-02-10T06:43:41+00:00","description":"TSMQ4 Dual Power Automatic Changeover Switch Supplier - Wholesale direct from TOSUNlux, a trusted manufacturer since 1994. Get your B2B factory quote on our certified Low Voltage electrical products.","breadcrumb":{"@id":"https:\/\/www.tosunlux.eu\/fr\/products\/tsmq4-dual-power-automatic-changeover-switch\/#breadcrumb"},"inLanguage":"tr","potentialAction":[{"@type":"ReadAction","target":["https:\/\/www.tosunlux.eu\/fr\/products\/tsmq4-dual-power-automatic-changeover-switch\/"]}]},{"@type":"BreadcrumbList","@id":"https:\/\/www.tosunlux.eu\/fr\/products\/tsmq4-dual-power-automatic-changeover-switch\/#breadcrumb","itemListElement":[{"@type":"ListItem","position":1,"name":"Home","item":"https:\/\/www.tosunlux.eu\/ru\/"},{"@type":"ListItem","position":2,"name":"Products","item":"https:\/\/www.tosunlux.eu\/products\/"},{"@type":"ListItem","position":3,"name":"TSMQ4 Dual Power Automatic Changeover Switch"}]},{"@type":"WebSite","@id":"https:\/\/www.tosunlux.eu\/ru\/#website","url":"https:\/\/www.tosunlux.eu\/ru\/","name":"TOSUNlux Resmi Sitesi - \u00c7in&#039;de Elektrik Sigortas\u0131 \u00dcreticisi","description":"G\u00fc\u00e7 Da\u011f\u0131t\u0131m Sistemi Tedarik\u00e7isi","publisher":{"@id":"https:\/\/www.tosunlux.eu\/ru\/#organization"},"alternateName":"TOSUNlux","potentialAction":[{"@type":"SearchAction","target":{"@type":"EntryPoint","urlTemplate":"https:\/\/www.tosunlux.eu\/ru\/?s={search_term_string}"},"query-input":{"@type":"PropertyValueSpecification","valueRequired":true,"valueName":"search_term_string"}}],"inLanguage":"tr"},{"@type":"Organization","@id":"https:\/\/www.tosunlux.eu\/ru\/#organization","name":"TOSUNlux","url":"https:\/\/www.tosunlux.eu\/ru\/","logo":{"@type":"ImageObject","inLanguage":"tr","@id":"https:\/\/www.tosunlux.eu\/ru\/#\/schema\/logo\/image\/","url":"https:\/\/www.tosunlux.eu\/wp-content\/uploads\/2022\/01\/LOGOSYSM.71762f1.png","contentUrl":"https:\/\/www.tosunlux.eu\/wp-content\/uploads\/2022\/01\/LOGOSYSM.71762f1.png","width":153,"height":55,"caption":"TOSUNlux"},"image":{"@id":"https:\/\/www.tosunlux.eu\/ru\/#\/schema\/logo\/image\/"},"sameAs":["https:\/\/www.facebook.com\/TOSUNelectric\/","https:\/\/www.linkedin.com\/company\/wenzhou-tosun-electric-co.-ltd\/"]}]}},"_links":{"self":[{"href":"https:\/\/www.tosunlux.eu\/tr\/wp-json\/wp\/v2\/product\/12522","targetHints":{"allow":["GET"]}}],"collection":[{"href":"https:\/\/www.tosunlux.eu\/tr\/wp-json\/wp\/v2\/product"}],"about":[{"href":"https:\/\/www.tosunlux.eu\/tr\/wp-json\/wp\/v2\/types\/product"}],"version-history":[{"count":2,"href":"https:\/\/www.tosunlux.eu\/tr\/wp-json\/wp\/v2\/product\/12522\/revisions"}],"predecessor-version":[{"id":12526,"href":"https:\/\/www.tosunlux.eu\/tr\/wp-json\/wp\/v2\/product\/12522\/revisions\/12526"}],"wp:attachment":[{"href":"https:\/\/www.tosunlux.eu\/tr\/wp-json\/wp\/v2\/media?parent=12522"}],"wp:term":[{"taxonomy":"product_category","embeddable":true,"href":"https:\/\/www.tosunlux.eu\/tr\/wp-json\/wp\/v2\/product_category?post=12522"}],"curies":[{"name":"wp","href":"https:\/\/api.w.org\/{rel}","templated":true}]}}