{"id":12564,"date":"2025-02-13T15:15:23","date_gmt":"2025-02-13T07:15:23","guid":{"rendered":"https:\/\/www.tosunlux.eu\/?post_type=product&#038;p=12564"},"modified":"2025-02-13T15:40:18","modified_gmt":"2025-02-13T07:40:18","slug":"off-grid-solar-inverter","status":"publish","type":"product","link":"https:\/\/www.tosunlux.eu\/tr\/products\/off-grid-solar-inverter\/","title":{"rendered":"\u015eebeke D\u0131\u015f\u0131 G\u00fcne\u015f Enerjisi \u0130nvert\u00f6r\u00fc 1800W ve 3000W"},"content":{"rendered":"<figure class=\"wp-block-image size-large is-resized\"><img fetchpriority=\"high\" decoding=\"async\" src=\"https:\/\/www.tosunlux.eu\/wp-content\/uploads\/2025\/02\/3-1-1024x495.jpg\" alt=\"\" class=\"wp-image-12566\" width=\"768\" height=\"371\" srcset=\"https:\/\/www.tosunlux.eu\/wp-content\/uploads\/2025\/02\/3-1-1024x495.jpg 1024w, https:\/\/www.tosunlux.eu\/wp-content\/uploads\/2025\/02\/3-1-300x145.jpg 300w, https:\/\/www.tosunlux.eu\/wp-content\/uploads\/2025\/02\/3-1-768x371.jpg 768w, https:\/\/www.tosunlux.eu\/wp-content\/uploads\/2025\/02\/3-1-1536x742.jpg 1536w, https:\/\/www.tosunlux.eu\/wp-content\/uploads\/2025\/02\/3-1-2048x990.jpg 2048w, https:\/\/www.tosunlux.eu\/wp-content\/uploads\/2025\/02\/3-1-18x9.jpg 18w\" sizes=\"(max-width: 768px) 100vw, 768px\" \/><\/figure>\n\n\n\n<figure class=\"wp-block-image size-large is-resized\"><img decoding=\"async\" src=\"https:\/\/www.tosunlux.eu\/wp-content\/uploads\/2025\/02\/2-5-1024x94.jpg\" alt=\"\" class=\"wp-image-12567\" width=\"768\" height=\"71\" srcset=\"https:\/\/www.tosunlux.eu\/wp-content\/uploads\/2025\/02\/2-5-1024x94.jpg 1024w, https:\/\/www.tosunlux.eu\/wp-content\/uploads\/2025\/02\/2-5-300x28.jpg 300w, https:\/\/www.tosunlux.eu\/wp-content\/uploads\/2025\/02\/2-5-768x71.jpg 768w, https:\/\/www.tosunlux.eu\/wp-content\/uploads\/2025\/02\/2-5-1536x142.jpg 1536w, https:\/\/www.tosunlux.eu\/wp-content\/uploads\/2025\/02\/2-5-18x2.jpg 18w, https:\/\/www.tosunlux.eu\/wp-content\/uploads\/2025\/02\/2-5.jpg 1789w\" sizes=\"(max-width: 768px) 100vw, 768px\" \/><\/figure>\n\n\n\n<p><strong>Ba\u015fvuru<\/strong><\/p>\n\n\n\n<ul class=\"wp-block-list\"><li>Saf sin\u00fcs dalga invert\u00f6r\u00fc<\/li><li>PV, batarya veya \u015febeke i\u00e7in programlanabilir besleme \u00f6nceli\u011fi<\/li><li>Y\u00fcksek PV giri\u015f voltaj aral\u0131\u011f\u0131 (55~450VDC)<\/li><li>Dahili Maksimum 60A (3.8KW ve 6.2KW) MPPT g\u00fcne\u015f \u015farj\u0131<\/li><li>Lityum iyon pil ile uyumluluk<\/li><li>Lityum pil ile BMS ileti\u015fimini destekleyin<\/li><li>Pil \u00f6mr\u00fcn\u00fc optimize etmek i\u00e7in ak\u0131ll\u0131 pil \u015farj tasar\u0131m\u0131<\/li><li>A\u015f\u0131r\u0131 y\u00fck, y\u00fcksek s\u0131cakl\u0131k, inverter \u00e7\u0131k\u0131\u015f\u0131 k\u0131sa devre<\/li><li>devre korumas\u0131<\/li><li>So\u011fuk ba\u015flatma fonksiyonu<\/li><li>Ak\u0131ll\u0131 fan h\u0131z\u0131 ayar\u0131<\/li><li>Zorlu ortamlar i\u00e7in dahili alacakaranl\u0131k \u00f6nleme kiti (iste\u011fe ba\u011fl\u0131)<\/li><li>IOS ve Android i\u00e7in Wi-Fi ve GPRS mevcuttur<\/li><\/ul>\n\n\n\n<p><strong>G\u00fcne\u015f Sistemi Ba\u011flant\u0131s\u0131<\/strong><\/p>\n\n\n\n<figure class=\"wp-block-image size-large is-resized\"><img decoding=\"async\" src=\"https:\/\/www.tosunlux.eu\/wp-content\/uploads\/2025\/02\/4-1024x356.jpg\" alt=\"\" class=\"wp-image-12568\" width=\"768\" height=\"267\" srcset=\"https:\/\/www.tosunlux.eu\/wp-content\/uploads\/2025\/02\/4-1024x356.jpg 1024w, https:\/\/www.tosunlux.eu\/wp-content\/uploads\/2025\/02\/4-300x104.jpg 300w, https:\/\/www.tosunlux.eu\/wp-content\/uploads\/2025\/02\/4-768x267.jpg 768w, https:\/\/www.tosunlux.eu\/wp-content\/uploads\/2025\/02\/4-1536x534.jpg 1536w, https:\/\/www.tosunlux.eu\/wp-content\/uploads\/2025\/02\/4-18x6.jpg 18w, https:\/\/www.tosunlux.eu\/wp-content\/uploads\/2025\/02\/4.jpg 1896w\" sizes=\"(max-width: 768px) 100vw, 768px\" \/><\/figure>\n\n\n<table style=\"height: 970px;\" width=\"807\">\n<tbody>\n<tr>\n<td width=\"244\">\u00d6rnek<\/td>\n<td style=\"text-align: center;\" width=\"236\">TSIF1-1800W<\/td>\n<td style=\"text-align: center;\" width=\"236\">TSIF1-3000W<\/td>\n<\/tr>\n<tr>\n<td width=\"244\">Anma G\u00fcc\u00fc<\/td>\n<td style=\"text-align: center;\" width=\"236\">2200VA\/ 1800W<\/td>\n<td style=\"text-align: center;\" width=\"236\">3200VA\/3000W<\/td>\n<\/tr>\n<tr>\n<td width=\"244\">Faz<\/td>\n<td style=\"text-align: center;\" colspan=\"2\" width=\"473\">Tek Fazl\u0131<\/td>\n<\/tr>\n<tr>\n<td width=\"244\">Gerilim<\/td>\n<td style=\"text-align: center;\" colspan=\"2\" width=\"473\">230VAC<\/td>\n<\/tr>\n<tr>\n<td width=\"244\">Se\u00e7ilebilir Voltaj Aral\u0131\u011f\u0131<\/td>\n<td style=\"text-align: center;\" colspan=\"2\" width=\"473\">170-280VAC (ki\u015fisel bilgisayarlar i\u00e7in)<br>90-280VAC (ev aletleri i\u00e7in)<\/td>\n<\/tr>\n<tr>\n<td width=\"244\">Frekans Aral\u0131\u011f\u0131<\/td>\n<td style=\"text-align: center;\" colspan=\"2\" width=\"473\">50Hz\/ 60Hz (Otomatik alg\u0131lama)<\/td>\n<\/tr>\n<tr>\n<td colspan=\"3\" width=\"717\">\u00c7\u0131kt\u0131<\/td>\n<\/tr>\n<tr>\n<td width=\"244\">AC Voltaj Reg\u00fclasyonu (Batt.Mod)<\/td>\n<td style=\"text-align: center;\" colspan=\"2\" width=\"473\">230VAC\u00b15%<\/td>\n<\/tr>\n<tr>\n<td width=\"244\">Dalgalanma G\u00fcc\u00fc<\/td>\n<td style=\"text-align: center;\" width=\"236\">4400VA<\/td>\n<td style=\"text-align: center;\" width=\"236\">6400VA<\/td>\n<\/tr>\n<tr>\n<td width=\"244\">Transfer S\u00fcresi<\/td>\n<td style=\"text-align: center;\" colspan=\"2\" width=\"473\">10ms (ki\u015fisel bilgisayarlar i\u00e7in)<br>20ms (ev aletleri i\u00e7in)<\/td>\n<\/tr>\n<tr>\n<td width=\"244\">Dalga formu<\/td>\n<td style=\"text-align: center;\" colspan=\"2\" width=\"473\">Saf Sin\u00fcs Dalgas\u0131<\/td>\n<\/tr>\n<tr>\n<td colspan=\"3\" width=\"717\">Pil ve AC \u015earj Cihaz\u0131<\/td>\n<\/tr>\n<tr>\n<td width=\"244\">Pil Voltaj\u0131<\/td>\n<td style=\"text-align: center;\" width=\"236\">12VDC<\/td>\n<td style=\"text-align: center;\" width=\"236\">24VDC<\/td>\n<\/tr>\n<tr>\n<td width=\"244\">Y\u00fczen \u015earj Voltaj\u0131<\/td>\n<td style=\"text-align: center;\" width=\"236\">13. 5VDC<\/td>\n<td style=\"text-align: center;\" width=\"236\">27VDC<\/td>\n<\/tr>\n<tr>\n<td width=\"244\">A\u015f\u0131r\u0131 \u015earj Korumas\u0131<\/td>\n<td style=\"text-align: center;\" width=\"236\">15. 5VDC<\/td>\n<td width=\"236\">31VDC<\/td>\n<\/tr>\n<tr>\n<td width=\"244\">Maksimum \u015earj Ak\u0131m\u0131<\/td>\n<td style=\"text-align: center;\" colspan=\"2\" width=\"473\">60A<\/td>\n<\/tr>\n<tr>\n<td colspan=\"3\" width=\"717\">G\u00fcne\u015f Enerjili \u015earj Cihaz\u0131<\/td>\n<\/tr>\n<tr>\n<td width=\"244\">MAX.PV Dizi G\u00fcc\u00fc<\/td>\n<td style=\"text-align: center;\" width=\"236\">2000W<\/td>\n<td style=\"text-align: center;\" width=\"236\">3000W<\/td>\n<\/tr>\n<tr>\n<td width=\"244\">MPPT Gerilim Aral\u0131\u011f\u0131<\/td>\n<td style=\"text-align: center;\" colspan=\"2\" width=\"473\">55-450VDC<\/td>\n<\/tr>\n<tr>\n<td width=\"244\">Maksimum PV Dizisi A\u00e7\u0131k Devre Voltaj\u0131<\/td>\n<td style=\"text-align: center;\" colspan=\"2\" width=\"473\">450VDC<\/td>\n<\/tr>\n<tr>\n<td width=\"244\">Maksimum \u015earj Ak\u0131m\u0131<\/td>\n<td style=\"text-align: center;\" colspan=\"2\" width=\"473\">80A<\/td>\n<\/tr>\n<tr>\n<td width=\"244\">Maksimum Verimlilik<\/td>\n<td style=\"text-align: center;\" colspan=\"2\" width=\"473\">98%<\/td>\n<\/tr>\n<tr>\n<td colspan=\"3\" width=\"717\">Fiziksel<\/td>\n<\/tr>\n<tr>\n<td width=\"244\">Boyut.D*G*Y (mm)<\/td>\n<td style=\"text-align: center;\" colspan=\"2\" width=\"473\">405*286*98mm<\/td>\n<\/tr>\n<tr>\n<td width=\"244\">Net A\u011f\u0131rl\u0131k (kg)<\/td>\n<td style=\"text-align: center;\" width=\"236\">4,5 kilo<\/td>\n<td style=\"text-align: center;\" width=\"236\">5,0 kilo<\/td>\n<\/tr>\n<tr>\n<td width=\"244\">\u0130leti\u015fim Aray\u00fcz\u00fc<\/td>\n<td style=\"text-align: center;\" colspan=\"2\" width=\"473\">RS232\/ RS485 (Standart) Wi-Fi (Opsiyonel)<\/td>\n<\/tr>\n<tr>\n<td colspan=\"3\" width=\"717\">\u00c7al\u0131\u015fma Ortam\u0131<\/td>\n<\/tr>\n<tr>\n<td width=\"244\">Nem<\/td>\n<td style=\"text-align: center;\" colspan=\"2\" width=\"473\">5% ila 95% Ba\u011f\u0131l Nem (Yo\u011fu\u015fmas\u0131z)<\/td>\n<\/tr>\n<tr>\n<td width=\"244\">\u00c7al\u0131\u015fma S\u0131cakl\u0131\u011f\u0131<\/td>\n<td style=\"text-align: center;\" colspan=\"2\" width=\"473\">-10\u00b0 C ila 55\u00b0 C<\/td>\n<\/tr>\n<tr>\n<td width=\"244\">Depolama S\u0131cakl\u0131\u011f\u0131<\/td>\n<td style=\"text-align: center;\" colspan=\"2\" width=\"473\">-15\u00b0 C ila 60\u00b0 C<\/td>\n<\/tr>\n<\/tbody>\n<\/table>","protected":false},"parent":0,"template":"","product_category":[37,218],"class_list":["post-12564","product","type-product","status-publish","hentry","product_category-new-energy-instruments","product_category-grid-solar-inverter"],"yoast_head":"<!-- This site is optimized with the Yoast SEO plugin v27.5 - https:\/\/yoast.com\/product\/yoast-seo-wordpress\/ -->\n<title>WholesaleOFF Grid Solar Inverter 1800W &amp; 3000W - TOSUNlux Official Site - Electrical Circuit Breaker Manufacturer in China Low Voltage Electrical Supplier | TOSUNlux<\/title>\n<meta name=\"description\" content=\"OFF Grid Solar Inverter 1800W &amp; 3000W Supplier - Wholesale direct from TOSUNlux, a trusted manufacturer since 1994. Get your B2B factory quote on our certified Low Voltage electrical products.\" \/>\n<meta name=\"robots\" content=\"index, follow, max-snippet:-1, max-image-preview:large, max-video-preview:-1\" \/>\n<link rel=\"canonical\" href=\"https:\/\/www.tosunlux.eu\/tr\/products\/off-grid-solar-inverter\/\" \/>\n<meta property=\"og:locale\" content=\"tr_TR\" \/>\n<meta property=\"og:type\" content=\"article\" \/>\n<meta property=\"og:title\" content=\"WholesaleOFF Grid Solar Inverter 1800W &amp; 3000W - TOSUNlux Official Site - Electrical Circuit Breaker Manufacturer in China Low Voltage Electrical Supplier | TOSUNlux\" \/>\n<meta property=\"og:description\" content=\"OFF Grid Solar Inverter 1800W &amp; 3000W Supplier - Wholesale direct from TOSUNlux, a trusted manufacturer since 1994. Get your B2B factory quote on our certified Low Voltage electrical products.\" \/>\n<meta property=\"og:url\" content=\"https:\/\/www.tosunlux.eu\/tr\/products\/off-grid-solar-inverter\/\" \/>\n<meta property=\"og:site_name\" content=\"TOSUNlux Official Site - Electrical Circuit Breaker Manufacturer in China\" \/>\n<meta property=\"article:publisher\" content=\"https:\/\/www.facebook.com\/TOSUNelectric\/\" \/>\n<meta property=\"article:modified_time\" content=\"2025-02-13T07:40:18+00:00\" \/>\n<meta property=\"og:image\" content=\"https:\/\/www.tosunlux.eu\/wp-content\/uploads\/2025\/02\/3-1-1024x495.jpg\" \/>\n<meta name=\"twitter:card\" content=\"summary_large_image\" \/>\n<meta name=\"twitter:label1\" content=\"Tahmini okuma s\u00fcresi\" \/>\n\t<meta name=\"twitter:data1\" content=\"2 dakika\" \/>\n<script type=\"application\/ld+json\" class=\"yoast-schema-graph\">{\"@context\":\"https:\\\/\\\/schema.org\",\"@graph\":[{\"@type\":\"WebPage\",\"@id\":\"https:\\\/\\\/www.tosunlux.eu\\\/nl\\\/products\\\/off-grid-solar-inverter\\\/\",\"url\":\"https:\\\/\\\/www.tosunlux.eu\\\/nl\\\/products\\\/off-grid-solar-inverter\\\/\",\"name\":\"WholesaleOFF Grid Solar Inverter 1800W & 3000W - TOSUNlux Official Site - Electrical Circuit Breaker Manufacturer in China Low Voltage Electrical Supplier | TOSUNlux\",\"isPartOf\":{\"@id\":\"https:\\\/\\\/www.tosunlux.eu\\\/ru\\\/#website\"},\"primaryImageOfPage\":{\"@id\":\"https:\\\/\\\/www.tosunlux.eu\\\/nl\\\/products\\\/off-grid-solar-inverter\\\/#primaryimage\"},\"image\":{\"@id\":\"https:\\\/\\\/www.tosunlux.eu\\\/nl\\\/products\\\/off-grid-solar-inverter\\\/#primaryimage\"},\"thumbnailUrl\":\"https:\\\/\\\/www.tosunlux.eu\\\/wp-content\\\/uploads\\\/2025\\\/02\\\/3-1-1024x495.jpg\",\"datePublished\":\"2025-02-13T07:15:23+00:00\",\"dateModified\":\"2025-02-13T07:40:18+00:00\",\"description\":\"OFF Grid Solar Inverter 1800W & 3000W Supplier - Wholesale direct from TOSUNlux, a trusted manufacturer since 1994. Get your B2B factory quote on our certified Low Voltage electrical products.\",\"breadcrumb\":{\"@id\":\"https:\\\/\\\/www.tosunlux.eu\\\/nl\\\/products\\\/off-grid-solar-inverter\\\/#breadcrumb\"},\"inLanguage\":\"tr\",\"potentialAction\":[{\"@type\":\"ReadAction\",\"target\":[\"https:\\\/\\\/www.tosunlux.eu\\\/nl\\\/products\\\/off-grid-solar-inverter\\\/\"]}]},{\"@type\":\"ImageObject\",\"inLanguage\":\"tr\",\"@id\":\"https:\\\/\\\/www.tosunlux.eu\\\/nl\\\/products\\\/off-grid-solar-inverter\\\/#primaryimage\",\"url\":\"https:\\\/\\\/www.tosunlux.eu\\\/wp-content\\\/uploads\\\/2025\\\/02\\\/3-1-1024x495.jpg\",\"contentUrl\":\"https:\\\/\\\/www.tosunlux.eu\\\/wp-content\\\/uploads\\\/2025\\\/02\\\/3-1-1024x495.jpg\"},{\"@type\":\"BreadcrumbList\",\"@id\":\"https:\\\/\\\/www.tosunlux.eu\\\/nl\\\/products\\\/off-grid-solar-inverter\\\/#breadcrumb\",\"itemListElement\":[{\"@type\":\"ListItem\",\"position\":1,\"name\":\"Home\",\"item\":\"https:\\\/\\\/www.tosunlux.eu\\\/ru\\\/\"},{\"@type\":\"ListItem\",\"position\":2,\"name\":\"Products\",\"item\":\"https:\\\/\\\/www.tosunlux.eu\\\/products\\\/\"},{\"@type\":\"ListItem\",\"position\":3,\"name\":\"OFF Grid Solar Inverter 1800W &#038; 3000W\"}]},{\"@type\":\"WebSite\",\"@id\":\"https:\\\/\\\/www.tosunlux.eu\\\/ru\\\/#website\",\"url\":\"https:\\\/\\\/www.tosunlux.eu\\\/ru\\\/\",\"name\":\"TOSUNlux Official Site - Electrical Circuit Breaker Manufacturer in China\",\"description\":\"Power Distribution System Supplier\",\"publisher\":{\"@id\":\"https:\\\/\\\/www.tosunlux.eu\\\/ru\\\/#organization\"},\"alternateName\":\"TOSUNlux\",\"potentialAction\":[{\"@type\":\"SearchAction\",\"target\":{\"@type\":\"EntryPoint\",\"urlTemplate\":\"https:\\\/\\\/www.tosunlux.eu\\\/ru\\\/?s={search_term_string}\"},\"query-input\":{\"@type\":\"PropertyValueSpecification\",\"valueRequired\":true,\"valueName\":\"search_term_string\"}}],\"inLanguage\":\"tr\"},{\"@type\":\"Organization\",\"@id\":\"https:\\\/\\\/www.tosunlux.eu\\\/ru\\\/#organization\",\"name\":\"TOSUNlux\",\"url\":\"https:\\\/\\\/www.tosunlux.eu\\\/ru\\\/\",\"logo\":{\"@type\":\"ImageObject\",\"inLanguage\":\"tr\",\"@id\":\"https:\\\/\\\/www.tosunlux.eu\\\/ru\\\/#\\\/schema\\\/logo\\\/image\\\/\",\"url\":\"https:\\\/\\\/www.tosunlux.eu\\\/wp-content\\\/uploads\\\/2022\\\/01\\\/LOGOSYSM.71762f1.png\",\"contentUrl\":\"https:\\\/\\\/www.tosunlux.eu\\\/wp-content\\\/uploads\\\/2022\\\/01\\\/LOGOSYSM.71762f1.png\",\"width\":153,\"height\":55,\"caption\":\"TOSUNlux\"},\"image\":{\"@id\":\"https:\\\/\\\/www.tosunlux.eu\\\/ru\\\/#\\\/schema\\\/logo\\\/image\\\/\"},\"sameAs\":[\"https:\\\/\\\/www.facebook.com\\\/TOSUNelectric\\\/\",\"https:\\\/\\\/www.linkedin.com\\\/company\\\/wenzhou-tosun-electric-co.-ltd\\\/\"]}]}<\/script>\n<!-- \/ Yoast SEO plugin. -->","yoast_head_json":{"title":"Toptan Kapal\u0131 \u015eebeke G\u00fcne\u015f \u0130nvert\u00f6r\u00fc 1800W ve 3000W - TOSUNlux Resmi Sitesi - \u00c7in&#039;de Elektrik Sigortas\u0131 \u00dcreticisi ve D\u00fc\u015f\u00fck Voltajl\u0131 Elektrik Tedarik\u00e7isi | TOSUNlux","description":"\u015eebeke D\u0131\u015f\u0131 G\u00fcne\u015f Enerjisi \u0130nvert\u00f6r\u00fc 1800W ve 3000W Tedarik\u00e7isi - 1994&#039;ten beri g\u00fcvenilir bir \u00fcretici olan TOSUNlux&#039;tan do\u011frudan toptan sat\u0131\u015f. Sertifikal\u0131 D\u00fc\u015f\u00fck Gerilim elektrik \u00fcr\u00fcnlerimiz i\u00e7in B2B fabrika fiyat teklifinizi al\u0131n.","robots":{"index":"index","follow":"follow","max-snippet":"max-snippet:-1","max-image-preview":"max-image-preview:large","max-video-preview":"max-video-preview:-1"},"canonical":"https:\/\/www.tosunlux.eu\/tr\/products\/off-grid-solar-inverter\/","og_locale":"tr_TR","og_type":"article","og_title":"WholesaleOFF Grid Solar Inverter 1800W & 3000W - TOSUNlux Official Site - Electrical Circuit Breaker Manufacturer in China Low Voltage Electrical Supplier | TOSUNlux","og_description":"OFF Grid Solar Inverter 1800W & 3000W Supplier - Wholesale direct from TOSUNlux, a trusted manufacturer since 1994. Get your B2B factory quote on our certified Low Voltage electrical products.","og_url":"https:\/\/www.tosunlux.eu\/tr\/products\/off-grid-solar-inverter\/","og_site_name":"TOSUNlux Official Site - Electrical Circuit Breaker Manufacturer in China","article_publisher":"https:\/\/www.facebook.com\/TOSUNelectric\/","article_modified_time":"2025-02-13T07:40:18+00:00","og_image":[{"url":"https:\/\/www.tosunlux.eu\/wp-content\/uploads\/2025\/02\/3-1-1024x495.jpg","type":"","width":"","height":""}],"twitter_card":"summary_large_image","twitter_misc":{"Tahmini okuma s\u00fcresi":"2 dakika"},"schema":{"@context":"https:\/\/schema.org","@graph":[{"@type":"WebPage","@id":"https:\/\/www.tosunlux.eu\/nl\/products\/off-grid-solar-inverter\/","url":"https:\/\/www.tosunlux.eu\/nl\/products\/off-grid-solar-inverter\/","name":"Toptan Kapal\u0131 \u015eebeke G\u00fcne\u015f \u0130nvert\u00f6r\u00fc 1800W ve 3000W - TOSUNlux Resmi Sitesi - \u00c7in&#039;de Elektrik Sigortas\u0131 \u00dcreticisi ve D\u00fc\u015f\u00fck Voltajl\u0131 Elektrik Tedarik\u00e7isi | TOSUNlux","isPartOf":{"@id":"https:\/\/www.tosunlux.eu\/ru\/#website"},"primaryImageOfPage":{"@id":"https:\/\/www.tosunlux.eu\/nl\/products\/off-grid-solar-inverter\/#primaryimage"},"image":{"@id":"https:\/\/www.tosunlux.eu\/nl\/products\/off-grid-solar-inverter\/#primaryimage"},"thumbnailUrl":"https:\/\/www.tosunlux.eu\/wp-content\/uploads\/2025\/02\/3-1-1024x495.jpg","datePublished":"2025-02-13T07:15:23+00:00","dateModified":"2025-02-13T07:40:18+00:00","description":"\u015eebeke D\u0131\u015f\u0131 G\u00fcne\u015f Enerjisi \u0130nvert\u00f6r\u00fc 1800W ve 3000W Tedarik\u00e7isi - 1994&#039;ten beri g\u00fcvenilir bir \u00fcretici olan TOSUNlux&#039;tan do\u011frudan toptan sat\u0131\u015f. Sertifikal\u0131 D\u00fc\u015f\u00fck Gerilim elektrik \u00fcr\u00fcnlerimiz i\u00e7in B2B fabrika fiyat teklifinizi al\u0131n.","breadcrumb":{"@id":"https:\/\/www.tosunlux.eu\/nl\/products\/off-grid-solar-inverter\/#breadcrumb"},"inLanguage":"tr","potentialAction":[{"@type":"ReadAction","target":["https:\/\/www.tosunlux.eu\/nl\/products\/off-grid-solar-inverter\/"]}]},{"@type":"ImageObject","inLanguage":"tr","@id":"https:\/\/www.tosunlux.eu\/nl\/products\/off-grid-solar-inverter\/#primaryimage","url":"https:\/\/www.tosunlux.eu\/wp-content\/uploads\/2025\/02\/3-1-1024x495.jpg","contentUrl":"https:\/\/www.tosunlux.eu\/wp-content\/uploads\/2025\/02\/3-1-1024x495.jpg"},{"@type":"BreadcrumbList","@id":"https:\/\/www.tosunlux.eu\/nl\/products\/off-grid-solar-inverter\/#breadcrumb","itemListElement":[{"@type":"ListItem","position":1,"name":"Home","item":"https:\/\/www.tosunlux.eu\/ru\/"},{"@type":"ListItem","position":2,"name":"Products","item":"https:\/\/www.tosunlux.eu\/products\/"},{"@type":"ListItem","position":3,"name":"OFF Grid Solar Inverter 1800W &#038; 3000W"}]},{"@type":"WebSite","@id":"https:\/\/www.tosunlux.eu\/ru\/#website","url":"https:\/\/www.tosunlux.eu\/ru\/","name":"TOSUNlux Resmi Sitesi - \u00c7in&#039;de Elektrik Sigortas\u0131 \u00dcreticisi","description":"G\u00fc\u00e7 Da\u011f\u0131t\u0131m Sistemi Tedarik\u00e7isi","publisher":{"@id":"https:\/\/www.tosunlux.eu\/ru\/#organization"},"alternateName":"TOSUNlux","potentialAction":[{"@type":"SearchAction","target":{"@type":"EntryPoint","urlTemplate":"https:\/\/www.tosunlux.eu\/ru\/?s={search_term_string}"},"query-input":{"@type":"PropertyValueSpecification","valueRequired":true,"valueName":"search_term_string"}}],"inLanguage":"tr"},{"@type":"Organization","@id":"https:\/\/www.tosunlux.eu\/ru\/#organization","name":"TOSUNlux","url":"https:\/\/www.tosunlux.eu\/ru\/","logo":{"@type":"ImageObject","inLanguage":"tr","@id":"https:\/\/www.tosunlux.eu\/ru\/#\/schema\/logo\/image\/","url":"https:\/\/www.tosunlux.eu\/wp-content\/uploads\/2022\/01\/LOGOSYSM.71762f1.png","contentUrl":"https:\/\/www.tosunlux.eu\/wp-content\/uploads\/2022\/01\/LOGOSYSM.71762f1.png","width":153,"height":55,"caption":"TOSUNlux"},"image":{"@id":"https:\/\/www.tosunlux.eu\/ru\/#\/schema\/logo\/image\/"},"sameAs":["https:\/\/www.facebook.com\/TOSUNelectric\/","https:\/\/www.linkedin.com\/company\/wenzhou-tosun-electric-co.-ltd\/"]}]}},"_links":{"self":[{"href":"https:\/\/www.tosunlux.eu\/tr\/wp-json\/wp\/v2\/product\/12564","targetHints":{"allow":["GET"]}}],"collection":[{"href":"https:\/\/www.tosunlux.eu\/tr\/wp-json\/wp\/v2\/product"}],"about":[{"href":"https:\/\/www.tosunlux.eu\/tr\/wp-json\/wp\/v2\/types\/product"}],"version-history":[{"count":2,"href":"https:\/\/www.tosunlux.eu\/tr\/wp-json\/wp\/v2\/product\/12564\/revisions"}],"predecessor-version":[{"id":12582,"href":"https:\/\/www.tosunlux.eu\/tr\/wp-json\/wp\/v2\/product\/12564\/revisions\/12582"}],"wp:attachment":[{"href":"https:\/\/www.tosunlux.eu\/tr\/wp-json\/wp\/v2\/media?parent=12564"}],"wp:term":[{"taxonomy":"product_category","embeddable":true,"href":"https:\/\/www.tosunlux.eu\/tr\/wp-json\/wp\/v2\/product_category?post=12564"}],"curies":[{"name":"wp","href":"https:\/\/api.w.org\/{rel}","templated":true}]}}