{"id":1478,"date":"2022-04-19T17:52:05","date_gmt":"2022-04-19T09:52:05","guid":{"rendered":"https:\/\/www.tosunlux.eu\/?post_type=product&#038;p=1478"},"modified":"2022-04-20T09:08:14","modified_gmt":"2022-04-20T01:08:14","slug":"cd60-ac-motor-start-capacitor","status":"publish","type":"product","link":"https:\/\/www.tosunlux.eu\/tr\/products\/cd60-ac-motor-start-capacitor\/","title":{"rendered":"CD60 AC Motor Ba\u015flatma Kondansat\u00f6r\u00fc"},"content":{"rendered":"<p><strong>Ba\u015fvuru<\/strong><\/p>\n\n\n\n<p>Motor mar\u015f kondansat\u00f6r\u00fc AC elektrolitik kondansat\u00f6rlerin aral\u0131\u011f\u0131ndad\u0131r.<\/p>\n\n\n\n<p>Bu kondansat\u00f6rler genellikle AC motorlar\u0131 ve di\u011fer kesintili AC uygulamalar\u0131n\u0131 \u00e7al\u0131\u015ft\u0131rmak i\u00e7in gerekli torku sa\u011flamak amac\u0131yla kullan\u0131l\u0131r.<\/p>\n\n\n\n<p><strong>\u015eartname<\/strong><\/p>\n\n\n<table style=\"height: 181px;\" width=\"907\">\n<tbody>\n<tr>\n<td width=\"346\">\u00d6rnek<\/td>\n<td width=\"605\">CD60-A 21-1200uf CD60-F 50-1000uf<\/td>\n<\/tr>\n<tr>\n<td>Anma Gerilimi<\/td>\n<td>220-250VAC<\/td>\n<\/tr>\n<tr>\n<td>Kapasitans Tolerans\u0131<\/td>\n<td>-10% \u2013 +20%<\/td>\n<\/tr>\n<tr>\n<td>Da\u011f\u0131lma Fakt\u00f6r\u00fc (100Hz ve 20\u2103&#039;de)<\/td>\n<td>Tan \u2264 0.001(50Hz)<\/td>\n<\/tr>\n<tr>\n<td rowspan=\"2\">Dayan\u0131m Gerilimi<\/td>\n<td width=\"605\">Terminaller Aras\u0131: 1.25UR 2S ar\u0131za veya patlama olmadan.<\/td>\n<\/tr>\n<tr>\n<td width=\"605\">Terminal ve kasa aras\u0131: 10 saniye boyunca 2000VAC, ar\u0131za veya patlama olmadan.<\/td>\n<\/tr>\n<tr>\n<td>\u00c7al\u0131\u015fma S\u0131cakl\u0131\u011f\u0131<\/td>\n<td>-10\u2103\uff5e+60\u2103<\/td>\n<\/tr>\n<\/tbody>\n<\/table>\n\n\n<p><\/p>\n\n\n\n<p><strong>Boyut<\/strong><\/p>\n\n\n\n<p><strong>CD60-A<\/strong><\/p>\n\n\n<table style=\"border-collapse: collapse; width: 558.02pt;\" border=\"0\" width=\"744\" cellspacing=\"0\" cellpadding=\"0\">\n<tbody>\n<tr style=\"height: 15.00pt;\">\n<td class=\"et3\" style=\"height: 15pt; width: 93pt; text-align: center;\" width=\"124\" height=\"20\">Kapasite (uf)<\/td>\n<td class=\"et3\" style=\"width: 93pt; text-align: center;\" width=\"124\">DxH<\/td>\n<td class=\"et3\" style=\"width: 93pt; text-align: center;\" width=\"124\">Kapasite (uf)<\/td>\n<td class=\"et3\" style=\"width: 93pt; text-align: center;\" width=\"124\">DxH<\/td>\n<td class=\"et3\" style=\"width: 93pt; text-align: center;\" width=\"124\">Kapasite (uf)<\/td>\n<td class=\"et3\" style=\"width: 93pt; text-align: center;\" width=\"124\">DxH<\/td>\n<\/tr>\n<tr style=\"height: 14.25pt;\">\n<td class=\"et4\" style=\"height: 14.25pt; text-align: center;\" height=\"19\">21-25<\/td>\n<td class=\"et4\" style=\"text-align: center;\">36\u00d770<\/td>\n<td class=\"et4\" style=\"text-align: center;\">145-175<\/td>\n<td class=\"et4\" style=\"text-align: center;\">36\u00d770<\/td>\n<td class=\"et4\" style=\"text-align: center;\">430-516<\/td>\n<td class=\"et4\" style=\"text-align: center;\">46\u00d785<\/td>\n<\/tr>\n<tr style=\"height: 14.25pt;\">\n<td class=\"et4\" style=\"height: 14.25pt; text-align: center;\" height=\"19\">36-43<\/td>\n<td class=\"et4\" style=\"text-align: center;\">36\u00d770<\/td>\n<td class=\"et4\" style=\"text-align: center;\">161-193<\/td>\n<td class=\"et4\" style=\"text-align: center;\">46\u00d785<\/td>\n<td class=\"et4\" style=\"text-align: center;\">460-552<\/td>\n<td class=\"et4\" style=\"text-align: center;\">46\u00d785<\/td>\n<\/tr>\n<tr style=\"height: 14.25pt;\">\n<td class=\"et4\" style=\"height: 14.25pt; text-align: center;\" height=\"19\">43-52<\/td>\n<td class=\"et4\" style=\"text-align: center;\">36\u00d770<\/td>\n<td class=\"et4\" style=\"text-align: center;\">189-227<\/td>\n<td class=\"et4\" style=\"text-align: center;\">46\u00d785<\/td>\n<td class=\"et4\" style=\"text-align: center;\">540-648<\/td>\n<td class=\"et4\" style=\"text-align: center;\">46\u00d785<\/td>\n<\/tr>\n<tr style=\"height: 14.25pt;\">\n<td class=\"et4\" style=\"height: 14.25pt; text-align: center;\" height=\"19\">47-56<\/td>\n<td class=\"et4\" style=\"text-align: center;\">36\u00d770<\/td>\n<td class=\"et4\" style=\"text-align: center;\">216-259<\/td>\n<td class=\"et4\" style=\"text-align: center;\">46\u00d785<\/td>\n<td class=\"et4\" style=\"text-align: center;\">590-708<\/td>\n<td class=\"et4\" style=\"text-align: center;\">46\u00d7111<\/td>\n<\/tr>\n<tr style=\"height: 14.25pt;\">\n<td class=\"et4\" style=\"height: 14.25pt; text-align: center;\" height=\"19\">53-64<\/td>\n<td class=\"et4\" style=\"text-align: center;\">36\u00d770<\/td>\n<td class=\"et4\" style=\"text-align: center;\">233-280<\/td>\n<td class=\"et4\" style=\"text-align: center;\">46\u00d785<\/td>\n<td class=\"et4\" style=\"text-align: center;\">645-774<\/td>\n<td class=\"et4\" style=\"text-align: center;\">46\u00d7111<\/td>\n<\/tr>\n<tr style=\"height: 14.25pt;\">\n<td class=\"et4\" style=\"height: 14.25pt; text-align: center;\" height=\"19\">64-77<\/td>\n<td class=\"et4\" style=\"text-align: center;\">36\u00d770<\/td>\n<td class=\"et4\" style=\"text-align: center;\">243-292<\/td>\n<td class=\"et4\" style=\"text-align: center;\">46\u00d785<\/td>\n<td class=\"et4\" style=\"text-align: center;\">708-850<\/td>\n<td class=\"et4\" style=\"text-align: center;\">46\u00d7111<\/td>\n<\/tr>\n<tr style=\"height: 14.25pt;\">\n<td class=\"et4\" style=\"height: 14.25pt; text-align: center;\" height=\"19\">72-86<\/td>\n<td class=\"et4\" style=\"text-align: center;\">36\u00d770<\/td>\n<td class=\"et4\" style=\"text-align: center;\">270-324<\/td>\n<td class=\"et4\" style=\"text-align: center;\">46\u00d785<\/td>\n<td class=\"et4\" style=\"text-align: center;\">720-864<\/td>\n<td class=\"et4\" style=\"text-align: center;\">46\u00d7111<\/td>\n<\/tr>\n<tr style=\"height: 14.25pt;\">\n<td class=\"et4\" style=\"height: 14.25pt; text-align: center;\" height=\"19\">88-108<\/td>\n<td class=\"et4\" style=\"text-align: center;\">36\u00d770<\/td>\n<td class=\"et4\" style=\"text-align: center;\">324-389<\/td>\n<td class=\"et4\" style=\"text-align: center;\">46\u00d785<\/td>\n<td class=\"et4\" style=\"text-align: center;\">829-995<\/td>\n<td class=\"et4\" style=\"text-align: center;\">46\u00d7111<\/td>\n<\/tr>\n<tr style=\"height: 14.25pt;\">\n<td class=\"et4\" style=\"height: 14.25pt; text-align: center;\" height=\"19\">108-130<\/td>\n<td class=\"et4\" style=\"text-align: center;\">36\u00d770<\/td>\n<td class=\"et4\" style=\"text-align: center;\">340-408<\/td>\n<td class=\"et4\" style=\"text-align: center;\">46\u00d785<\/td>\n<td class=\"et4\" style=\"text-align: center;\">850-1020<\/td>\n<td class=\"et4\" style=\"text-align: center;\">46\u00d7111<\/td>\n<\/tr>\n<tr style=\"height: 14.25pt;\">\n<td class=\"et4\" style=\"height: 14.25pt; text-align: center;\" height=\"19\">124-149<\/td>\n<td class=\"et4\" style=\"text-align: center;\">36\u00d770<\/td>\n<td class=\"et4\" style=\"text-align: center;\">378-454<\/td>\n<td class=\"et4\" style=\"text-align: center;\">46\u00d785<\/td>\n<td class=\"et4\" style=\"text-align: center;\">1000-1200<\/td>\n<td class=\"et4\" style=\"text-align: center;\">46\u00d7111<\/td>\n<\/tr>\n<tr style=\"height: 14.25pt;\">\n<td class=\"et4\" style=\"height: 14.25pt; text-align: center;\" height=\"19\">130-156<\/td>\n<td class=\"et4\" style=\"text-align: center;\">36\u00d770<\/td>\n<td class=\"et4\" style=\"text-align: center;\">400-480<\/td>\n<td class=\"et4\" style=\"text-align: center;\">46\u00d785<\/td>\n<td class=\"et4\" style=\"text-align: center;\">\u00a0<\/td>\n<td class=\"et4\" style=\"text-align: center;\">\u00a0<\/td>\n<\/tr>\n<\/tbody>\n<\/table>\n\n\n<p> <\/p>\n\n\n\n<p><strong>CD60-F<\/strong><\/p>\n\n\n<table style=\"border-collapse: collapse; width: 558.02pt;\" border=\"0\" width=\"744\" cellspacing=\"0\" cellpadding=\"0\">\n<tbody>\n<tr style=\"height: 15.00pt;\">\n<td class=\"et3\" style=\"height: 15pt; width: 93pt; text-align: center;\" width=\"124\" height=\"20\">Kapasite (uf)<\/td>\n<td class=\"et3\" style=\"width: 93pt; text-align: center;\" width=\"124\">DxH<\/td>\n<td class=\"et3\" style=\"width: 93pt; text-align: center;\" width=\"124\">Kapasite (uf)<\/td>\n<td class=\"et3\" style=\"width: 93pt; text-align: center;\" width=\"124\">DxH<\/td>\n<td class=\"et3\" style=\"width: 93pt; text-align: center;\" width=\"124\">Kapasite (uf)<\/td>\n<td class=\"et3\" style=\"width: 93pt; text-align: center;\" width=\"124\">DxH<\/td>\n<\/tr>\n<tr style=\"height: 14.25pt;\">\n<td class=\"et4\" style=\"height: 14.25pt; text-align: center;\" height=\"19\">50<\/td>\n<td class=\"et4\" style=\"text-align: center;\">42X80<\/td>\n<td class=\"et4\" style=\"text-align: center;\">200<\/td>\n<td class=\"et4\" style=\"text-align: center;\">42X80<\/td>\n<td class=\"et4\" style=\"text-align: center;\">500<\/td>\n<td class=\"et4\" style=\"text-align: center;\">50\u00d7100<\/td>\n<\/tr>\n<tr style=\"height: 14.25pt;\">\n<td class=\"et4\" style=\"height: 14.25pt; text-align: center;\" height=\"19\">75<\/td>\n<td class=\"et4\" style=\"text-align: center;\">42\u00d770<\/td>\n<td class=\"et4\" style=\"text-align: center;\">250<\/td>\n<td class=\"et4\" style=\"text-align: center;\">50\u00d7100<\/td>\n<td class=\"et4\" style=\"text-align: center;\">550<\/td>\n<td class=\"et4\" style=\"text-align: center;\">50\u00d7100<\/td>\n<\/tr>\n<tr style=\"height: 14.25pt;\">\n<td class=\"et4\" style=\"height: 14.25pt; text-align: center;\" height=\"19\">100<\/td>\n<td class=\"et4\" style=\"text-align: center;\">42\u00d770<\/td>\n<td class=\"et4\" style=\"text-align: center;\">300<\/td>\n<td class=\"et4\" style=\"text-align: center;\">50\u00d7100<\/td>\n<td class=\"et4\" style=\"text-align: center;\">600<\/td>\n<td class=\"et4\" style=\"text-align: center;\">50\u00d7100<\/td>\n<\/tr>\n<tr style=\"height: 14.25pt;\">\n<td class=\"et4\" style=\"height: 14.25pt; text-align: center;\" height=\"19\">120<\/td>\n<td class=\"et4\" style=\"text-align: center;\">42\u00d770<\/td>\n<td class=\"et4\" style=\"text-align: center;\">350<\/td>\n<td class=\"et4\" style=\"text-align: center;\">50\u00d7100<\/td>\n<td class=\"et4\" style=\"text-align: center;\">700<\/td>\n<td class=\"et4\" style=\"text-align: center;\">50\u00d7100<\/td>\n<\/tr>\n<tr style=\"height: 14.25pt;\">\n<td class=\"et4\" style=\"height: 14.25pt; text-align: center;\" height=\"19\">150<\/td>\n<td class=\"et4\" style=\"text-align: center;\">42X80<\/td>\n<td class=\"et4\" style=\"text-align: center;\">400<\/td>\n<td class=\"et4\" style=\"text-align: center;\">50\u00d7100<\/td>\n<td class=\"et4\" style=\"text-align: center;\">800<\/td>\n<td class=\"et4\" style=\"text-align: center;\">50\u00d7100<\/td>\n<\/tr>\n<tr style=\"height: 14.25pt;\">\n<td class=\"et4\" style=\"height: 14.25pt; text-align: center;\" height=\"19\">180<\/td>\n<td class=\"et4\" style=\"text-align: center;\">42X80<\/td>\n<td class=\"et4\" style=\"text-align: center;\">450<\/td>\n<td class=\"et4\" style=\"text-align: center;\">50\u00d7100<\/td>\n<td class=\"et4\" style=\"text-align: center;\">1000<\/td>\n<td class=\"et4\" style=\"text-align: center;\">50\u00d7100<\/td>\n<\/tr>\n<\/tbody>\n<\/table>","protected":false},"parent":0,"template":"","product_category":[36,114],"class_list":["post-1478","product","type-product","status-publish","hentry","product_category-electrical-accessories","product_category-capacitor"],"yoast_head":"<!-- This site is optimized with the Yoast SEO plugin v27.3 - https:\/\/yoast.com\/product\/yoast-seo-wordpress\/ -->\n<title>WholesaleCD60 AC Motor Start Capacitor - TOSUNlux Official Site - Electrical Circuit Breaker Manufacturer in China Low Voltage Electrical Supplier | TOSUNlux<\/title>\n<meta name=\"description\" content=\"CD60 AC Motor Start Capacitor Supplier - Wholesale direct from TOSUNlux, a trusted manufacturer since 1994. Get your B2B factory quote on our certified Low Voltage electrical products.\" \/>\n<meta name=\"robots\" content=\"index, follow, max-snippet:-1, max-image-preview:large, max-video-preview:-1\" \/>\n<link rel=\"canonical\" href=\"https:\/\/www.tosunlux.eu\/tr\/products\/cd60-ac-motor-start-capacitor\/\" \/>\n<meta property=\"og:locale\" content=\"tr_TR\" \/>\n<meta property=\"og:type\" content=\"article\" \/>\n<meta property=\"og:title\" content=\"WholesaleCD60 AC Motor Start Capacitor - TOSUNlux Official Site - Electrical Circuit Breaker Manufacturer in China Low Voltage Electrical Supplier | TOSUNlux\" \/>\n<meta property=\"og:description\" content=\"CD60 AC Motor Start Capacitor Supplier - Wholesale direct from TOSUNlux, a trusted manufacturer since 1994. Get your B2B factory quote on our certified Low Voltage electrical products.\" \/>\n<meta property=\"og:url\" content=\"https:\/\/www.tosunlux.eu\/tr\/products\/cd60-ac-motor-start-capacitor\/\" \/>\n<meta property=\"og:site_name\" content=\"TOSUNlux Official Site - Electrical Circuit Breaker Manufacturer in China\" \/>\n<meta property=\"article:publisher\" content=\"https:\/\/www.facebook.com\/TOSUNelectric\/\" \/>\n<meta property=\"article:modified_time\" content=\"2022-04-20T01:08:14+00:00\" \/>\n<meta property=\"og:image\" content=\"https:\/\/www.tosunlux.eu\/wp-content\/uploads\/2023\/04\/DSC08160_\u526f\u672c.jpg\" \/>\n\t<meta property=\"og:image:width\" content=\"1500\" \/>\n\t<meta property=\"og:image:height\" content=\"940\" \/>\n\t<meta property=\"og:image:type\" content=\"image\/jpeg\" \/>\n<meta name=\"twitter:card\" content=\"summary_large_image\" \/>\n<meta name=\"twitter:label1\" content=\"Tahmini okuma s\u00fcresi\" \/>\n\t<meta name=\"twitter:data1\" content=\"1 dakika\" \/>\n<script type=\"application\/ld+json\" class=\"yoast-schema-graph\">{\"@context\":\"https:\\\/\\\/schema.org\",\"@graph\":[{\"@type\":\"WebPage\",\"@id\":\"https:\\\/\\\/www.tosunlux.eu\\\/ru\\\/products\\\/cd60-ac-motor-start-capacitor\\\/\",\"url\":\"https:\\\/\\\/www.tosunlux.eu\\\/ru\\\/products\\\/cd60-ac-motor-start-capacitor\\\/\",\"name\":\"WholesaleCD60 AC Motor Start Capacitor - TOSUNlux Official Site - Electrical Circuit Breaker Manufacturer in China Low Voltage Electrical Supplier | TOSUNlux\",\"isPartOf\":{\"@id\":\"https:\\\/\\\/www.tosunlux.eu\\\/ru\\\/#website\"},\"datePublished\":\"2022-04-19T09:52:05+00:00\",\"dateModified\":\"2022-04-20T01:08:14+00:00\",\"description\":\"CD60 AC Motor Start Capacitor Supplier - Wholesale direct from TOSUNlux, a trusted manufacturer since 1994. Get your B2B factory quote on our certified Low Voltage electrical products.\",\"breadcrumb\":{\"@id\":\"https:\\\/\\\/www.tosunlux.eu\\\/ru\\\/products\\\/cd60-ac-motor-start-capacitor\\\/#breadcrumb\"},\"inLanguage\":\"tr\",\"potentialAction\":[{\"@type\":\"ReadAction\",\"target\":[\"https:\\\/\\\/www.tosunlux.eu\\\/ru\\\/products\\\/cd60-ac-motor-start-capacitor\\\/\"]}]},{\"@type\":\"BreadcrumbList\",\"@id\":\"https:\\\/\\\/www.tosunlux.eu\\\/ru\\\/products\\\/cd60-ac-motor-start-capacitor\\\/#breadcrumb\",\"itemListElement\":[{\"@type\":\"ListItem\",\"position\":1,\"name\":\"Home\",\"item\":\"https:\\\/\\\/www.tosunlux.eu\\\/ru\\\/\"},{\"@type\":\"ListItem\",\"position\":2,\"name\":\"Products\",\"item\":\"https:\\\/\\\/www.tosunlux.eu\\\/products\\\/\"},{\"@type\":\"ListItem\",\"position\":3,\"name\":\"CD60 AC Motor Start Capacitor\"}]},{\"@type\":\"WebSite\",\"@id\":\"https:\\\/\\\/www.tosunlux.eu\\\/ru\\\/#website\",\"url\":\"https:\\\/\\\/www.tosunlux.eu\\\/ru\\\/\",\"name\":\"TOSUNlux Official Site - Electrical Circuit Breaker Manufacturer in China\",\"description\":\"Power Distribution System Supplier\",\"publisher\":{\"@id\":\"https:\\\/\\\/www.tosunlux.eu\\\/ru\\\/#organization\"},\"alternateName\":\"TOSUNlux\",\"potentialAction\":[{\"@type\":\"SearchAction\",\"target\":{\"@type\":\"EntryPoint\",\"urlTemplate\":\"https:\\\/\\\/www.tosunlux.eu\\\/ru\\\/?s={search_term_string}\"},\"query-input\":{\"@type\":\"PropertyValueSpecification\",\"valueRequired\":true,\"valueName\":\"search_term_string\"}}],\"inLanguage\":\"tr\"},{\"@type\":\"Organization\",\"@id\":\"https:\\\/\\\/www.tosunlux.eu\\\/ru\\\/#organization\",\"name\":\"TOSUNlux\",\"url\":\"https:\\\/\\\/www.tosunlux.eu\\\/ru\\\/\",\"logo\":{\"@type\":\"ImageObject\",\"inLanguage\":\"tr\",\"@id\":\"https:\\\/\\\/www.tosunlux.eu\\\/ru\\\/#\\\/schema\\\/logo\\\/image\\\/\",\"url\":\"https:\\\/\\\/www.tosunlux.eu\\\/wp-content\\\/uploads\\\/2022\\\/01\\\/LOGOSYSM.71762f1.png\",\"contentUrl\":\"https:\\\/\\\/www.tosunlux.eu\\\/wp-content\\\/uploads\\\/2022\\\/01\\\/LOGOSYSM.71762f1.png\",\"width\":153,\"height\":55,\"caption\":\"TOSUNlux\"},\"image\":{\"@id\":\"https:\\\/\\\/www.tosunlux.eu\\\/ru\\\/#\\\/schema\\\/logo\\\/image\\\/\"},\"sameAs\":[\"https:\\\/\\\/www.facebook.com\\\/TOSUNelectric\\\/\",\"https:\\\/\\\/www.linkedin.com\\\/company\\\/wenzhou-tosun-electric-co.-ltd\\\/\"]}]}<\/script>\n<!-- \/ Yoast SEO plugin. -->","yoast_head_json":{"title":"Toptan CD60 AC Motor Ba\u015flatma Kondansat\u00f6r\u00fc - TOSUNlux Resmi Sitesi - \u00c7in&#039;de Elektrik Devre Kesici \u00dcreticisi, D\u00fc\u015f\u00fck Voltajl\u0131 Elektrik Tedarik\u00e7isi | TOSUNlux","description":"CD60 AC Motor Ba\u015flatma Kondansat\u00f6r\u00fc Tedarik\u00e7isi - 1994&#039;ten beri g\u00fcvenilir bir \u00fcretici olan TOSUNlux&#039;tan do\u011frudan toptan sat\u0131\u015f. Sertifikal\u0131 D\u00fc\u015f\u00fck Gerilim elektrik \u00fcr\u00fcnlerimiz i\u00e7in B2B fabrika fiyat teklifinizi al\u0131n.","robots":{"index":"index","follow":"follow","max-snippet":"max-snippet:-1","max-image-preview":"max-image-preview:large","max-video-preview":"max-video-preview:-1"},"canonical":"https:\/\/www.tosunlux.eu\/tr\/products\/cd60-ac-motor-start-capacitor\/","og_locale":"tr_TR","og_type":"article","og_title":"WholesaleCD60 AC Motor Start Capacitor - TOSUNlux Official Site - Electrical Circuit Breaker Manufacturer in China Low Voltage Electrical Supplier | TOSUNlux","og_description":"CD60 AC Motor Start Capacitor Supplier - Wholesale direct from TOSUNlux, a trusted manufacturer since 1994. Get your B2B factory quote on our certified Low Voltage electrical products.","og_url":"https:\/\/www.tosunlux.eu\/tr\/products\/cd60-ac-motor-start-capacitor\/","og_site_name":"TOSUNlux Official Site - Electrical Circuit Breaker Manufacturer in China","article_publisher":"https:\/\/www.facebook.com\/TOSUNelectric\/","article_modified_time":"2022-04-20T01:08:14+00:00","og_image":[{"width":1500,"height":940,"url":"https:\/\/www.tosunlux.eu\/wp-content\/uploads\/2023\/04\/DSC08160_\u526f\u672c.jpg","type":"image\/jpeg"}],"twitter_card":"summary_large_image","twitter_misc":{"Tahmini okuma s\u00fcresi":"1 dakika"},"schema":{"@context":"https:\/\/schema.org","@graph":[{"@type":"WebPage","@id":"https:\/\/www.tosunlux.eu\/ru\/products\/cd60-ac-motor-start-capacitor\/","url":"https:\/\/www.tosunlux.eu\/ru\/products\/cd60-ac-motor-start-capacitor\/","name":"Toptan CD60 AC Motor Ba\u015flatma Kondansat\u00f6r\u00fc - TOSUNlux Resmi Sitesi - \u00c7in&#039;de Elektrik Devre Kesici \u00dcreticisi, D\u00fc\u015f\u00fck Voltajl\u0131 Elektrik Tedarik\u00e7isi | TOSUNlux","isPartOf":{"@id":"https:\/\/www.tosunlux.eu\/ru\/#website"},"datePublished":"2022-04-19T09:52:05+00:00","dateModified":"2022-04-20T01:08:14+00:00","description":"CD60 AC Motor Ba\u015flatma Kondansat\u00f6r\u00fc Tedarik\u00e7isi - 1994&#039;ten beri g\u00fcvenilir bir \u00fcretici olan TOSUNlux&#039;tan do\u011frudan toptan sat\u0131\u015f. Sertifikal\u0131 D\u00fc\u015f\u00fck Gerilim elektrik \u00fcr\u00fcnlerimiz i\u00e7in B2B fabrika fiyat teklifinizi al\u0131n.","breadcrumb":{"@id":"https:\/\/www.tosunlux.eu\/ru\/products\/cd60-ac-motor-start-capacitor\/#breadcrumb"},"inLanguage":"tr","potentialAction":[{"@type":"ReadAction","target":["https:\/\/www.tosunlux.eu\/ru\/products\/cd60-ac-motor-start-capacitor\/"]}]},{"@type":"BreadcrumbList","@id":"https:\/\/www.tosunlux.eu\/ru\/products\/cd60-ac-motor-start-capacitor\/#breadcrumb","itemListElement":[{"@type":"ListItem","position":1,"name":"Home","item":"https:\/\/www.tosunlux.eu\/ru\/"},{"@type":"ListItem","position":2,"name":"Products","item":"https:\/\/www.tosunlux.eu\/products\/"},{"@type":"ListItem","position":3,"name":"CD60 AC Motor Start Capacitor"}]},{"@type":"WebSite","@id":"https:\/\/www.tosunlux.eu\/ru\/#website","url":"https:\/\/www.tosunlux.eu\/ru\/","name":"TOSUNlux Resmi Sitesi - \u00c7in&#039;de Elektrik Sigortas\u0131 \u00dcreticisi","description":"G\u00fc\u00e7 Da\u011f\u0131t\u0131m Sistemi Tedarik\u00e7isi","publisher":{"@id":"https:\/\/www.tosunlux.eu\/ru\/#organization"},"alternateName":"TOSUNlux","potentialAction":[{"@type":"SearchAction","target":{"@type":"EntryPoint","urlTemplate":"https:\/\/www.tosunlux.eu\/ru\/?s={search_term_string}"},"query-input":{"@type":"PropertyValueSpecification","valueRequired":true,"valueName":"search_term_string"}}],"inLanguage":"tr"},{"@type":"Organization","@id":"https:\/\/www.tosunlux.eu\/ru\/#organization","name":"TOSUNlux","url":"https:\/\/www.tosunlux.eu\/ru\/","logo":{"@type":"ImageObject","inLanguage":"tr","@id":"https:\/\/www.tosunlux.eu\/ru\/#\/schema\/logo\/image\/","url":"https:\/\/www.tosunlux.eu\/wp-content\/uploads\/2022\/01\/LOGOSYSM.71762f1.png","contentUrl":"https:\/\/www.tosunlux.eu\/wp-content\/uploads\/2022\/01\/LOGOSYSM.71762f1.png","width":153,"height":55,"caption":"TOSUNlux"},"image":{"@id":"https:\/\/www.tosunlux.eu\/ru\/#\/schema\/logo\/image\/"},"sameAs":["https:\/\/www.facebook.com\/TOSUNelectric\/","https:\/\/www.linkedin.com\/company\/wenzhou-tosun-electric-co.-ltd\/"]}]}},"_links":{"self":[{"href":"https:\/\/www.tosunlux.eu\/tr\/wp-json\/wp\/v2\/product\/1478","targetHints":{"allow":["GET"]}}],"collection":[{"href":"https:\/\/www.tosunlux.eu\/tr\/wp-json\/wp\/v2\/product"}],"about":[{"href":"https:\/\/www.tosunlux.eu\/tr\/wp-json\/wp\/v2\/types\/product"}],"version-history":[{"count":0,"href":"https:\/\/www.tosunlux.eu\/tr\/wp-json\/wp\/v2\/product\/1478\/revisions"}],"wp:attachment":[{"href":"https:\/\/www.tosunlux.eu\/tr\/wp-json\/wp\/v2\/media?parent=1478"}],"wp:term":[{"taxonomy":"product_category","embeddable":true,"href":"https:\/\/www.tosunlux.eu\/tr\/wp-json\/wp\/v2\/product_category?post=1478"}],"curies":[{"name":"wp","href":"https:\/\/api.w.org\/{rel}","templated":true}]}}