{"id":1905,"date":"2022-04-25T15:27:32","date_gmt":"2022-04-25T07:27:32","guid":{"rendered":"https:\/\/www.tosunlux.eu\/?post_type=product&#038;p=1905"},"modified":"2022-04-25T15:28:08","modified_gmt":"2022-04-25T07:28:08","slug":"pushbutton-switch-pb2-bp31","status":"publish","type":"product","link":"https:\/\/www.tosunlux.eu\/tr\/products\/pushbutton-switch-pb2-bp31\/","title":{"rendered":"Basmal\u0131 D\u00fc\u011fme Anahtar\u0131 PB2-BP31"},"content":{"rendered":"<p>Yuvarlak kafa, krom kaplamal\u0131 metal \u00e7er\u00e7eve<br>Vida ve sabit kablo kelep\u00e7esi ba\u011flant\u0131lar\u0131na sahip komple \u00fcniteler<\/p>\n\n\n<table style=\"border-collapse: collapse; width: 316.52pt;\" border=\"0\" width=\"422\" cellspacing=\"0\" cellpadding=\"0\">\n<tbody>\n<tr style=\"height: 13.50pt;\">\n<td class=\"et2\" style=\"height: 13.50pt; width: 317.00pt; border-right: .5pt solid #000000;\" colspan=\"5\" width=\"422\" height=\"18\">Basmal\u0131 d\u00fc\u011fmeler, 22mm<\/td>\n<\/tr>\n<tr style=\"height: 13.50pt;\">\n<td class=\"et5\" style=\"height: 13.50pt; width: 81.85pt;\" width=\"109\" height=\"18\">Tan\u0131m<\/td>\n<td class=\"et5\" style=\"width: 54.00pt;\" width=\"72\">Temas etmek<\/td>\n<td class=\"et5\" style=\"width: 54.00pt;\" width=\"72\">Devre<\/td>\n<td class=\"et5\" style=\"width: 54.00pt;\" width=\"72\">Renk<\/td>\n<td class=\"et5\" style=\"width: 73.15pt;\" width=\"97\">\u00d6rnek<\/td>\n<\/tr>\n<tr style=\"height: 13.50pt;\">\n<td class=\"et6\" style=\"height: 104.00pt; width: 81.85pt; border-bottom: .5pt solid #000000;\" rowspan=\"7\" width=\"109\" height=\"138\">Sifon d\u00fc\u011fmesi<br \/>Bahar d\u00f6n\u00fc\u015f\u00fc<br \/>Su ge\u00e7irmez kapakl\u0131<br \/>IP65<\/td>\n<td class=\"et6\" style=\"width: 54.00pt;\" rowspan=\"5\" width=\"72\">HAYIR<\/td>\n<td class=\"et6\" style=\"width: 54.00pt;\" rowspan=\"5\" width=\"72\"><img decoding=\"async\" class=\"alignnone  wp-image-1902\" src=\"https:\/\/www.tosunlux.eu\/wp-content\/uploads\/2022\/04\/35-35-300x240.jpg\" alt=\"\" width=\"53\" height=\"42\" srcset=\"https:\/\/www.tosunlux.eu\/wp-content\/uploads\/2022\/04\/35-35-300x240.jpg 300w, https:\/\/www.tosunlux.eu\/wp-content\/uploads\/2022\/04\/35-35-1024x820.jpg 1024w, https:\/\/www.tosunlux.eu\/wp-content\/uploads\/2022\/04\/35-35-768x615.jpg 768w, https:\/\/www.tosunlux.eu\/wp-content\/uploads\/2022\/04\/35-35-1536x1231.jpg 1536w, https:\/\/www.tosunlux.eu\/wp-content\/uploads\/2022\/04\/35-35.jpg 1600w\" sizes=\"(max-width: 53px) 100vw, 53px\" \/><\/td>\n<td class=\"et5\" style=\"width: 54.00pt;\" width=\"72\">beyaz<\/td>\n<td class=\"et5\" style=\"width: 73.15pt;\" width=\"97\">PB2-BP11<\/td>\n<\/tr>\n<tr style=\"height: 13.50pt;\">\n<td class=\"et5\" style=\"width: 54.00pt;\" width=\"72\">siyah<\/td>\n<td class=\"et5\" style=\"width: 73.15pt;\" width=\"97\">PB2-BP21<\/td>\n<\/tr>\n<tr style=\"height: 13.50pt;\">\n<td class=\"et5\" style=\"width: 54.00pt;\" width=\"72\">ye\u015fil<\/td>\n<td class=\"et5\" style=\"width: 73.15pt;\" width=\"97\">PB2-BP31<\/td>\n<\/tr>\n<tr style=\"height: 13.50pt;\">\n<td class=\"et5\" style=\"width: 54.00pt;\" width=\"72\">sar\u0131<\/td>\n<td class=\"et5\" style=\"width: 73.15pt;\" width=\"97\">PB2-BP51<\/td>\n<\/tr>\n<tr style=\"height: 13.50pt;\">\n<td class=\"et5\" style=\"width: 54.00pt;\" width=\"72\">mavi<\/td>\n<td class=\"et5\" style=\"width: 73.15pt;\" width=\"97\">PB2-BP61<\/td>\n<\/tr>\n<tr style=\"height: 13.50pt;\">\n<td class=\"et6\" style=\"width: 54.00pt; border-bottom: .5pt solid #000000;\" rowspan=\"2\" width=\"72\">Yok<\/td>\n<td class=\"et6\" style=\"width: 54.00pt; border-bottom: .5pt solid #000000;\" rowspan=\"2\" width=\"72\"><img decoding=\"async\" class=\"alignnone  wp-image-1896\" src=\"https:\/\/www.tosunlux.eu\/wp-content\/uploads\/2022\/04\/35-44-300x157.jpg\" alt=\"\" width=\"53\" height=\"27\" srcset=\"https:\/\/www.tosunlux.eu\/wp-content\/uploads\/2022\/04\/35-44-300x157.jpg 300w, https:\/\/www.tosunlux.eu\/wp-content\/uploads\/2022\/04\/35-44-1024x535.jpg 1024w, https:\/\/www.tosunlux.eu\/wp-content\/uploads\/2022\/04\/35-44-768x401.jpg 768w, https:\/\/www.tosunlux.eu\/wp-content\/uploads\/2022\/04\/35-44-1536x802.jpg 1536w, https:\/\/www.tosunlux.eu\/wp-content\/uploads\/2022\/04\/35-44.jpg 1599w\" sizes=\"(max-width: 53px) 100vw, 53px\" \/><\/td>\n<td class=\"et6\" style=\"width: 54.00pt; border-bottom: .5pt solid #000000;\" rowspan=\"2\" width=\"72\">k\u0131rm\u0131z\u0131<\/td>\n<td class=\"et6\" style=\"width: 73.15pt; border-bottom: .5pt solid #000000;\" rowspan=\"2\" width=\"97\">PB2-BP42<\/td>\n<\/tr>\n<\/tbody>\n<\/table>","protected":false},"parent":0,"template":"","product_category":[35,94],"class_list":["post-1905","product","type-product","status-publish","hentry","product_category-industrial-control-devices","product_category-pushbutton-switch"],"yoast_head":"<!-- This site is optimized with the Yoast SEO plugin v27.5 - https:\/\/yoast.com\/product\/yoast-seo-wordpress\/ -->\n<title>WholesalePushbutton Switch PB2-BP31 - TOSUNlux Official Site - Electrical Circuit Breaker Manufacturer in China Low Voltage Electrical Supplier | TOSUNlux<\/title>\n<meta name=\"description\" content=\"Pushbutton Switch PB2-BP31 Supplier - Wholesale direct from TOSUNlux, a trusted manufacturer since 1994. Get your B2B factory quote on our certified Low Voltage electrical products.\" \/>\n<meta name=\"robots\" content=\"index, follow, max-snippet:-1, max-image-preview:large, max-video-preview:-1\" \/>\n<link rel=\"canonical\" href=\"https:\/\/www.tosunlux.eu\/tr\/products\/pushbutton-switch-pb2-bp31\/\" \/>\n<meta property=\"og:locale\" content=\"tr_TR\" \/>\n<meta property=\"og:type\" content=\"article\" \/>\n<meta property=\"og:title\" content=\"WholesalePushbutton Switch PB2-BP31 - TOSUNlux Official Site - Electrical Circuit Breaker Manufacturer in China Low Voltage Electrical Supplier | TOSUNlux\" \/>\n<meta property=\"og:description\" content=\"Pushbutton Switch PB2-BP31 Supplier - Wholesale direct from TOSUNlux, a trusted manufacturer since 1994. Get your B2B factory quote on our certified Low Voltage electrical products.\" \/>\n<meta property=\"og:url\" content=\"https:\/\/www.tosunlux.eu\/tr\/products\/pushbutton-switch-pb2-bp31\/\" \/>\n<meta property=\"og:site_name\" content=\"TOSUNlux Official Site - Electrical Circuit Breaker Manufacturer in China\" \/>\n<meta property=\"article:publisher\" content=\"https:\/\/www.facebook.com\/TOSUNelectric\/\" \/>\n<meta property=\"article:modified_time\" content=\"2022-04-25T07:28:08+00:00\" \/>\n<meta property=\"og:image\" content=\"https:\/\/www.tosunlux.eu\/wp-content\/uploads\/2022\/04\/35-35-300x240.jpg\" \/>\n<meta name=\"twitter:card\" content=\"summary_large_image\" \/>\n<meta name=\"twitter:label1\" content=\"Tahmini okuma s\u00fcresi\" \/>\n\t<meta name=\"twitter:data1\" content=\"1 dakika\" \/>\n<script type=\"application\/ld+json\" class=\"yoast-schema-graph\">{\"@context\":\"https:\\\/\\\/schema.org\",\"@graph\":[{\"@type\":\"WebPage\",\"@id\":\"https:\\\/\\\/www.tosunlux.eu\\\/hy\\\/products\\\/pushbutton-switch-pb2-bp31\\\/\",\"url\":\"https:\\\/\\\/www.tosunlux.eu\\\/hy\\\/products\\\/pushbutton-switch-pb2-bp31\\\/\",\"name\":\"WholesalePushbutton Switch PB2-BP31 - TOSUNlux Official Site - Electrical Circuit Breaker Manufacturer in China Low Voltage Electrical Supplier | TOSUNlux\",\"isPartOf\":{\"@id\":\"https:\\\/\\\/www.tosunlux.eu\\\/ru\\\/#website\"},\"primaryImageOfPage\":{\"@id\":\"https:\\\/\\\/www.tosunlux.eu\\\/hy\\\/products\\\/pushbutton-switch-pb2-bp31\\\/#primaryimage\"},\"image\":{\"@id\":\"https:\\\/\\\/www.tosunlux.eu\\\/hy\\\/products\\\/pushbutton-switch-pb2-bp31\\\/#primaryimage\"},\"thumbnailUrl\":\"https:\\\/\\\/www.tosunlux.eu\\\/wp-content\\\/uploads\\\/2022\\\/04\\\/35-35-300x240.jpg\",\"datePublished\":\"2022-04-25T07:27:32+00:00\",\"dateModified\":\"2022-04-25T07:28:08+00:00\",\"description\":\"Pushbutton Switch PB2-BP31 Supplier - Wholesale direct from TOSUNlux, a trusted manufacturer since 1994. Get your B2B factory quote on our certified Low Voltage electrical products.\",\"breadcrumb\":{\"@id\":\"https:\\\/\\\/www.tosunlux.eu\\\/hy\\\/products\\\/pushbutton-switch-pb2-bp31\\\/#breadcrumb\"},\"inLanguage\":\"tr\",\"potentialAction\":[{\"@type\":\"ReadAction\",\"target\":[\"https:\\\/\\\/www.tosunlux.eu\\\/hy\\\/products\\\/pushbutton-switch-pb2-bp31\\\/\"]}]},{\"@type\":\"ImageObject\",\"inLanguage\":\"tr\",\"@id\":\"https:\\\/\\\/www.tosunlux.eu\\\/hy\\\/products\\\/pushbutton-switch-pb2-bp31\\\/#primaryimage\",\"url\":\"https:\\\/\\\/www.tosunlux.eu\\\/wp-content\\\/uploads\\\/2022\\\/04\\\/35-35-300x240.jpg\",\"contentUrl\":\"https:\\\/\\\/www.tosunlux.eu\\\/wp-content\\\/uploads\\\/2022\\\/04\\\/35-35-300x240.jpg\"},{\"@type\":\"BreadcrumbList\",\"@id\":\"https:\\\/\\\/www.tosunlux.eu\\\/hy\\\/products\\\/pushbutton-switch-pb2-bp31\\\/#breadcrumb\",\"itemListElement\":[{\"@type\":\"ListItem\",\"position\":1,\"name\":\"Home\",\"item\":\"https:\\\/\\\/www.tosunlux.eu\\\/ru\\\/\"},{\"@type\":\"ListItem\",\"position\":2,\"name\":\"Products\",\"item\":\"https:\\\/\\\/www.tosunlux.eu\\\/products\\\/\"},{\"@type\":\"ListItem\",\"position\":3,\"name\":\"Pushbutton Switch PB2-BP31\"}]},{\"@type\":\"WebSite\",\"@id\":\"https:\\\/\\\/www.tosunlux.eu\\\/ru\\\/#website\",\"url\":\"https:\\\/\\\/www.tosunlux.eu\\\/ru\\\/\",\"name\":\"TOSUNlux Official Site - Electrical Circuit Breaker Manufacturer in China\",\"description\":\"Power Distribution System Supplier\",\"publisher\":{\"@id\":\"https:\\\/\\\/www.tosunlux.eu\\\/ru\\\/#organization\"},\"alternateName\":\"TOSUNlux\",\"potentialAction\":[{\"@type\":\"SearchAction\",\"target\":{\"@type\":\"EntryPoint\",\"urlTemplate\":\"https:\\\/\\\/www.tosunlux.eu\\\/ru\\\/?s={search_term_string}\"},\"query-input\":{\"@type\":\"PropertyValueSpecification\",\"valueRequired\":true,\"valueName\":\"search_term_string\"}}],\"inLanguage\":\"tr\"},{\"@type\":\"Organization\",\"@id\":\"https:\\\/\\\/www.tosunlux.eu\\\/ru\\\/#organization\",\"name\":\"TOSUNlux\",\"url\":\"https:\\\/\\\/www.tosunlux.eu\\\/ru\\\/\",\"logo\":{\"@type\":\"ImageObject\",\"inLanguage\":\"tr\",\"@id\":\"https:\\\/\\\/www.tosunlux.eu\\\/ru\\\/#\\\/schema\\\/logo\\\/image\\\/\",\"url\":\"https:\\\/\\\/www.tosunlux.eu\\\/wp-content\\\/uploads\\\/2022\\\/01\\\/LOGOSYSM.71762f1.png\",\"contentUrl\":\"https:\\\/\\\/www.tosunlux.eu\\\/wp-content\\\/uploads\\\/2022\\\/01\\\/LOGOSYSM.71762f1.png\",\"width\":153,\"height\":55,\"caption\":\"TOSUNlux\"},\"image\":{\"@id\":\"https:\\\/\\\/www.tosunlux.eu\\\/ru\\\/#\\\/schema\\\/logo\\\/image\\\/\"},\"sameAs\":[\"https:\\\/\\\/www.facebook.com\\\/TOSUNelectric\\\/\",\"https:\\\/\\\/www.linkedin.com\\\/company\\\/wenzhou-tosun-electric-co.-ltd\\\/\"]}]}<\/script>\n<!-- \/ Yoast SEO plugin. -->","yoast_head_json":{"title":"Toptan Basmal\u0131 Buton Anahtar\u0131 PB2-BP31 - TOSUNlux Resmi Sitesi - \u00c7in&#039;de Elektrik Sigortas\u0131 \u00dcreticisi ve D\u00fc\u015f\u00fck Voltajl\u0131 Elektrik Tedarik\u00e7isi | TOSUNlux","description":"Basmal\u0131 Buton Anahtar\u0131 PB2-BP31 Tedarik\u00e7isi - 1994&#039;ten beri g\u00fcvenilir bir \u00fcretici olan TOSUNlux&#039;tan do\u011frudan toptan sat\u0131\u015f. Sertifikal\u0131 D\u00fc\u015f\u00fck Gerilim elektrik \u00fcr\u00fcnlerimiz i\u00e7in B2B fabrika fiyat teklifinizi al\u0131n.","robots":{"index":"index","follow":"follow","max-snippet":"max-snippet:-1","max-image-preview":"max-image-preview:large","max-video-preview":"max-video-preview:-1"},"canonical":"https:\/\/www.tosunlux.eu\/tr\/products\/pushbutton-switch-pb2-bp31\/","og_locale":"tr_TR","og_type":"article","og_title":"WholesalePushbutton Switch PB2-BP31 - TOSUNlux Official Site - Electrical Circuit Breaker Manufacturer in China Low Voltage Electrical Supplier | TOSUNlux","og_description":"Pushbutton Switch PB2-BP31 Supplier - Wholesale direct from TOSUNlux, a trusted manufacturer since 1994. Get your B2B factory quote on our certified Low Voltage electrical products.","og_url":"https:\/\/www.tosunlux.eu\/tr\/products\/pushbutton-switch-pb2-bp31\/","og_site_name":"TOSUNlux Official Site - Electrical Circuit Breaker Manufacturer in China","article_publisher":"https:\/\/www.facebook.com\/TOSUNelectric\/","article_modified_time":"2022-04-25T07:28:08+00:00","og_image":[{"url":"https:\/\/www.tosunlux.eu\/wp-content\/uploads\/2022\/04\/35-35-300x240.jpg","type":"","width":"","height":""}],"twitter_card":"summary_large_image","twitter_misc":{"Tahmini okuma s\u00fcresi":"1 dakika"},"schema":{"@context":"https:\/\/schema.org","@graph":[{"@type":"WebPage","@id":"https:\/\/www.tosunlux.eu\/hy\/products\/pushbutton-switch-pb2-bp31\/","url":"https:\/\/www.tosunlux.eu\/hy\/products\/pushbutton-switch-pb2-bp31\/","name":"Toptan Basmal\u0131 Buton Anahtar\u0131 PB2-BP31 - TOSUNlux Resmi Sitesi - \u00c7in&#039;de Elektrik Sigortas\u0131 \u00dcreticisi ve D\u00fc\u015f\u00fck Voltajl\u0131 Elektrik Tedarik\u00e7isi | TOSUNlux","isPartOf":{"@id":"https:\/\/www.tosunlux.eu\/ru\/#website"},"primaryImageOfPage":{"@id":"https:\/\/www.tosunlux.eu\/hy\/products\/pushbutton-switch-pb2-bp31\/#primaryimage"},"image":{"@id":"https:\/\/www.tosunlux.eu\/hy\/products\/pushbutton-switch-pb2-bp31\/#primaryimage"},"thumbnailUrl":"https:\/\/www.tosunlux.eu\/wp-content\/uploads\/2022\/04\/35-35-300x240.jpg","datePublished":"2022-04-25T07:27:32+00:00","dateModified":"2022-04-25T07:28:08+00:00","description":"Basmal\u0131 Buton Anahtar\u0131 PB2-BP31 Tedarik\u00e7isi - 1994&#039;ten beri g\u00fcvenilir bir \u00fcretici olan TOSUNlux&#039;tan do\u011frudan toptan sat\u0131\u015f. Sertifikal\u0131 D\u00fc\u015f\u00fck Gerilim elektrik \u00fcr\u00fcnlerimiz i\u00e7in B2B fabrika fiyat teklifinizi al\u0131n.","breadcrumb":{"@id":"https:\/\/www.tosunlux.eu\/hy\/products\/pushbutton-switch-pb2-bp31\/#breadcrumb"},"inLanguage":"tr","potentialAction":[{"@type":"ReadAction","target":["https:\/\/www.tosunlux.eu\/hy\/products\/pushbutton-switch-pb2-bp31\/"]}]},{"@type":"ImageObject","inLanguage":"tr","@id":"https:\/\/www.tosunlux.eu\/hy\/products\/pushbutton-switch-pb2-bp31\/#primaryimage","url":"https:\/\/www.tosunlux.eu\/wp-content\/uploads\/2022\/04\/35-35-300x240.jpg","contentUrl":"https:\/\/www.tosunlux.eu\/wp-content\/uploads\/2022\/04\/35-35-300x240.jpg"},{"@type":"BreadcrumbList","@id":"https:\/\/www.tosunlux.eu\/hy\/products\/pushbutton-switch-pb2-bp31\/#breadcrumb","itemListElement":[{"@type":"ListItem","position":1,"name":"Home","item":"https:\/\/www.tosunlux.eu\/ru\/"},{"@type":"ListItem","position":2,"name":"Products","item":"https:\/\/www.tosunlux.eu\/products\/"},{"@type":"ListItem","position":3,"name":"Pushbutton Switch PB2-BP31"}]},{"@type":"WebSite","@id":"https:\/\/www.tosunlux.eu\/ru\/#website","url":"https:\/\/www.tosunlux.eu\/ru\/","name":"TOSUNlux Resmi Sitesi - \u00c7in&#039;de Elektrik Sigortas\u0131 \u00dcreticisi","description":"G\u00fc\u00e7 Da\u011f\u0131t\u0131m Sistemi Tedarik\u00e7isi","publisher":{"@id":"https:\/\/www.tosunlux.eu\/ru\/#organization"},"alternateName":"TOSUNlux","potentialAction":[{"@type":"SearchAction","target":{"@type":"EntryPoint","urlTemplate":"https:\/\/www.tosunlux.eu\/ru\/?s={search_term_string}"},"query-input":{"@type":"PropertyValueSpecification","valueRequired":true,"valueName":"search_term_string"}}],"inLanguage":"tr"},{"@type":"Organization","@id":"https:\/\/www.tosunlux.eu\/ru\/#organization","name":"TOSUNlux","url":"https:\/\/www.tosunlux.eu\/ru\/","logo":{"@type":"ImageObject","inLanguage":"tr","@id":"https:\/\/www.tosunlux.eu\/ru\/#\/schema\/logo\/image\/","url":"https:\/\/www.tosunlux.eu\/wp-content\/uploads\/2022\/01\/LOGOSYSM.71762f1.png","contentUrl":"https:\/\/www.tosunlux.eu\/wp-content\/uploads\/2022\/01\/LOGOSYSM.71762f1.png","width":153,"height":55,"caption":"TOSUNlux"},"image":{"@id":"https:\/\/www.tosunlux.eu\/ru\/#\/schema\/logo\/image\/"},"sameAs":["https:\/\/www.facebook.com\/TOSUNelectric\/","https:\/\/www.linkedin.com\/company\/wenzhou-tosun-electric-co.-ltd\/"]}]}},"_links":{"self":[{"href":"https:\/\/www.tosunlux.eu\/tr\/wp-json\/wp\/v2\/product\/1905","targetHints":{"allow":["GET"]}}],"collection":[{"href":"https:\/\/www.tosunlux.eu\/tr\/wp-json\/wp\/v2\/product"}],"about":[{"href":"https:\/\/www.tosunlux.eu\/tr\/wp-json\/wp\/v2\/types\/product"}],"version-history":[{"count":0,"href":"https:\/\/www.tosunlux.eu\/tr\/wp-json\/wp\/v2\/product\/1905\/revisions"}],"wp:attachment":[{"href":"https:\/\/www.tosunlux.eu\/tr\/wp-json\/wp\/v2\/media?parent=1905"}],"wp:term":[{"taxonomy":"product_category","embeddable":true,"href":"https:\/\/www.tosunlux.eu\/tr\/wp-json\/wp\/v2\/product_category?post=1905"}],"curies":[{"name":"wp","href":"https:\/\/api.w.org\/{rel}","templated":true}]}}