{"id":1948,"date":"2022-04-25T18:03:38","date_gmt":"2022-04-25T10:03:38","guid":{"rendered":"https:\/\/www.tosunlux.eu\/?post_type=product&#038;p=1948"},"modified":"2022-05-14T18:00:26","modified_gmt":"2022-05-14T10:00:26","slug":"digital-panel-meter-vt-at-ft","status":"publish","type":"product","link":"https:\/\/www.tosunlux.eu\/tr\/products\/digital-panel-meter-vt-at-ft\/","title":{"rendered":"Dijital Panel Metre VT\/AT\/FT"},"content":{"rendered":"<table style=\"border-collapse: collapse; width: 337.52pt;\" border=\"0\" width=\"450\" cellspacing=\"0\" cellpadding=\"0\">\n<tbody>\n<tr style=\"height: 16.50pt;\">\n<td class=\"et2\" style=\"height: 16.50pt; width: 109.50pt;\" width=\"146\" height=\"22\">\u00d6rnek<\/td>\n<td class=\"et2\" style=\"width: 121.50pt;\" width=\"162\">\u00d6l\u00e7\u00fcm Aral\u0131\u011f\u0131<\/td>\n<td class=\"et2\" style=\"width: 106.50pt;\" width=\"142\">Boyutlar(mm)<\/td>\n<\/tr>\n<tr style=\"height: 16.50pt;\">\n<td class=\"et2\" style=\"height: 16.50pt;\" height=\"22\">VT-60 Voltmetre<\/td>\n<td class=\"et2\">AC20~500V<\/td>\n<td class=\"et3\" rowspan=\"2\"><img fetchpriority=\"high\" decoding=\"async\" class=\"aligncenter wp-image-1950 size-full\" src=\"https:\/\/www.tosunlux.eu\/wp-content\/uploads\/2022\/04\/VT-60-Dimensions.jpg\" alt=\"\" width=\"639\" height=\"354\" srcset=\"https:\/\/www.tosunlux.eu\/wp-content\/uploads\/2022\/04\/VT-60-Dimensions.jpg 639w, https:\/\/www.tosunlux.eu\/wp-content\/uploads\/2022\/04\/VT-60-Dimensions-300x166.jpg 300w\" sizes=\"(max-width: 639px) 100vw, 639px\" \/><\/td>\n<\/tr>\n<tr style=\"height: 14.25pt;\">\n<td class=\"et2\" style=\"height: 14.25pt;\" height=\"19\">AT-60 Ampermetre<\/td>\n<td class=\"et2\">0-100A<\/td>\n<\/tr>\n<tr style=\"height: 16.50pt;\">\n<td class=\"et2\" style=\"height: 16.50pt;\" height=\"22\">VT-80 Voltmetre<\/td>\n<td class=\"et2\">AC20~500V<\/td>\n<td class=\"et3\" rowspan=\"2\"><img decoding=\"async\" class=\"alignnone wp-image-1960 size-full\" src=\"https:\/\/www.tosunlux.eu\/wp-content\/uploads\/2022\/04\/VT-80-Dimensions.jpg\" alt=\"\" width=\"639\" height=\"354\" srcset=\"https:\/\/www.tosunlux.eu\/wp-content\/uploads\/2022\/04\/VT-80-Dimensions.jpg 639w, https:\/\/www.tosunlux.eu\/wp-content\/uploads\/2022\/04\/VT-80-Dimensions-300x166.jpg 300w\" sizes=\"(max-width: 639px) 100vw, 639px\" \/><\/td>\n<\/tr>\n<tr style=\"height: 14.25pt;\">\n<td class=\"et2\" style=\"height: 14.25pt;\" height=\"19\">AT-80 Ampermetre<\/td>\n<td class=\"et2\">0-100A<\/td>\n<\/tr>\n<tr style=\"height: 14.25pt;\">\n<td class=\"et2\" style=\"height: 14.25pt;\" height=\"19\">VT-72<\/td>\n<td class=\"et2\">AC50~500V<\/td>\n<td class=\"et2\"><img decoding=\"async\" class=\"alignnone wp-image-1958 size-full\" src=\"https:\/\/www.tosunlux.eu\/wp-content\/uploads\/2022\/04\/VT-72-Dimensions.jpg\" alt=\"\" width=\"639\" height=\"354\" srcset=\"https:\/\/www.tosunlux.eu\/wp-content\/uploads\/2022\/04\/VT-72-Dimensions.jpg 639w, https:\/\/www.tosunlux.eu\/wp-content\/uploads\/2022\/04\/VT-72-Dimensions-300x166.jpg 300w\" sizes=\"(max-width: 639px) 100vw, 639px\" \/><\/td>\n<\/tr>\n<tr style=\"height: 14.25pt;\">\n<td class=\"et2\" style=\"height: 14.25pt;\" height=\"19\">AT-72<\/td>\n<td class=\"et2\">3-120A<\/td>\n<td class=\"et5\"><img loading=\"lazy\" decoding=\"async\" class=\"alignnone wp-image-1952 size-full\" src=\"https:\/\/www.tosunlux.eu\/wp-content\/uploads\/2022\/04\/AT-72-Dimensions.jpg\" alt=\"\" width=\"639\" height=\"353\" srcset=\"https:\/\/www.tosunlux.eu\/wp-content\/uploads\/2022\/04\/AT-72-Dimensions.jpg 639w, https:\/\/www.tosunlux.eu\/wp-content\/uploads\/2022\/04\/AT-72-Dimensions-300x166.jpg 300w\" sizes=\"(max-width: 639px) 100vw, 639px\" \/><\/td>\n<\/tr>\n<tr style=\"height: 14.25pt;\">\n<td class=\"et2\" style=\"height: 14.25pt;\" height=\"19\">FT-72<\/td>\n<td class=\"et2\">3-120Hz<\/td>\n<td class=\"et5\"><img loading=\"lazy\" decoding=\"async\" class=\"alignnone wp-image-1954 size-full\" src=\"https:\/\/www.tosunlux.eu\/wp-content\/uploads\/2022\/04\/FT-72-Dimensions.jpg\" alt=\"\" width=\"639\" height=\"353\" srcset=\"https:\/\/www.tosunlux.eu\/wp-content\/uploads\/2022\/04\/FT-72-Dimensions.jpg 639w, https:\/\/www.tosunlux.eu\/wp-content\/uploads\/2022\/04\/FT-72-Dimensions-300x166.jpg 300w\" sizes=\"(max-width: 639px) 100vw, 639px\" \/><\/td>\n<\/tr>\n<\/tbody>\n<\/table>\n\n\n<p><\/p>","protected":false},"parent":0,"template":"","product_category":[75,124],"class_list":["post-1948","product","type-product","status-publish","hentry","product_category-instruments","product_category-panel-meter"],"yoast_head":"<!-- This site is optimized with the Yoast SEO plugin v27.3 - https:\/\/yoast.com\/product\/yoast-seo-wordpress\/ -->\n<title>WholesaleDigital Panel Meter VT\/AT\/FT - TOSUNlux Official Site - Electrical Circuit Breaker Manufacturer in China Low Voltage Electrical Supplier | TOSUNlux<\/title>\n<meta name=\"description\" content=\"Digital Panel Meter VT\/AT\/FT Supplier - Wholesale direct from TOSUNlux, a trusted manufacturer since 1994. Get your B2B factory quote on our certified Low Voltage electrical products.\" \/>\n<meta name=\"robots\" content=\"index, follow, max-snippet:-1, max-image-preview:large, max-video-preview:-1\" \/>\n<link rel=\"canonical\" href=\"https:\/\/www.tosunlux.eu\/tr\/products\/digital-panel-meter-vt-at-ft\/\" \/>\n<meta property=\"og:locale\" content=\"tr_TR\" \/>\n<meta property=\"og:type\" content=\"article\" \/>\n<meta property=\"og:title\" content=\"WholesaleDigital Panel Meter VT\/AT\/FT - TOSUNlux Official Site - Electrical Circuit Breaker Manufacturer in China Low Voltage Electrical Supplier | TOSUNlux\" \/>\n<meta property=\"og:description\" content=\"Digital Panel Meter VT\/AT\/FT Supplier - Wholesale direct from TOSUNlux, a trusted manufacturer since 1994. Get your B2B factory quote on our certified Low Voltage electrical products.\" \/>\n<meta property=\"og:url\" content=\"https:\/\/www.tosunlux.eu\/tr\/products\/digital-panel-meter-vt-at-ft\/\" \/>\n<meta property=\"og:site_name\" content=\"TOSUNlux Official Site - Electrical Circuit Breaker Manufacturer in China\" \/>\n<meta property=\"article:publisher\" content=\"https:\/\/www.facebook.com\/TOSUNelectric\/\" \/>\n<meta property=\"article:modified_time\" content=\"2022-05-14T10:00:26+00:00\" \/>\n<meta property=\"og:image\" content=\"https:\/\/www.tosunlux.eu\/wp-content\/uploads\/2022\/04\/VT-60-Dimensions.jpg\" \/>\n<meta name=\"twitter:card\" content=\"summary_large_image\" \/>\n<meta name=\"twitter:label1\" content=\"Tahmini okuma s\u00fcresi\" \/>\n\t<meta name=\"twitter:data1\" content=\"2 dakika\" \/>\n<script type=\"application\/ld+json\" class=\"yoast-schema-graph\">{\"@context\":\"https:\\\/\\\/schema.org\",\"@graph\":[{\"@type\":\"WebPage\",\"@id\":\"https:\\\/\\\/www.tosunlux.eu\\\/nl\\\/products\\\/digital-panel-meter-vt-at-ft\\\/\",\"url\":\"https:\\\/\\\/www.tosunlux.eu\\\/nl\\\/products\\\/digital-panel-meter-vt-at-ft\\\/\",\"name\":\"WholesaleDigital Panel Meter VT\\\/AT\\\/FT - TOSUNlux Official Site - Electrical Circuit Breaker Manufacturer in China Low Voltage Electrical Supplier | TOSUNlux\",\"isPartOf\":{\"@id\":\"https:\\\/\\\/www.tosunlux.eu\\\/ru\\\/#website\"},\"primaryImageOfPage\":{\"@id\":\"https:\\\/\\\/www.tosunlux.eu\\\/nl\\\/products\\\/digital-panel-meter-vt-at-ft\\\/#primaryimage\"},\"image\":{\"@id\":\"https:\\\/\\\/www.tosunlux.eu\\\/nl\\\/products\\\/digital-panel-meter-vt-at-ft\\\/#primaryimage\"},\"thumbnailUrl\":\"https:\\\/\\\/www.tosunlux.eu\\\/wp-content\\\/uploads\\\/2022\\\/04\\\/VT-60-Dimensions.jpg\",\"datePublished\":\"2022-04-25T10:03:38+00:00\",\"dateModified\":\"2022-05-14T10:00:26+00:00\",\"description\":\"Digital Panel Meter VT\\\/AT\\\/FT Supplier - Wholesale direct from TOSUNlux, a trusted manufacturer since 1994. Get your B2B factory quote on our certified Low Voltage electrical products.\",\"breadcrumb\":{\"@id\":\"https:\\\/\\\/www.tosunlux.eu\\\/nl\\\/products\\\/digital-panel-meter-vt-at-ft\\\/#breadcrumb\"},\"inLanguage\":\"tr\",\"potentialAction\":[{\"@type\":\"ReadAction\",\"target\":[\"https:\\\/\\\/www.tosunlux.eu\\\/nl\\\/products\\\/digital-panel-meter-vt-at-ft\\\/\"]}]},{\"@type\":\"ImageObject\",\"inLanguage\":\"tr\",\"@id\":\"https:\\\/\\\/www.tosunlux.eu\\\/nl\\\/products\\\/digital-panel-meter-vt-at-ft\\\/#primaryimage\",\"url\":\"https:\\\/\\\/www.tosunlux.eu\\\/wp-content\\\/uploads\\\/2022\\\/04\\\/VT-60-Dimensions.jpg\",\"contentUrl\":\"https:\\\/\\\/www.tosunlux.eu\\\/wp-content\\\/uploads\\\/2022\\\/04\\\/VT-60-Dimensions.jpg\"},{\"@type\":\"BreadcrumbList\",\"@id\":\"https:\\\/\\\/www.tosunlux.eu\\\/nl\\\/products\\\/digital-panel-meter-vt-at-ft\\\/#breadcrumb\",\"itemListElement\":[{\"@type\":\"ListItem\",\"position\":1,\"name\":\"Home\",\"item\":\"https:\\\/\\\/www.tosunlux.eu\\\/ru\\\/\"},{\"@type\":\"ListItem\",\"position\":2,\"name\":\"Products\",\"item\":\"https:\\\/\\\/www.tosunlux.eu\\\/products\\\/\"},{\"@type\":\"ListItem\",\"position\":3,\"name\":\"Digital Panel Meter VT\\\/AT\\\/FT\"}]},{\"@type\":\"WebSite\",\"@id\":\"https:\\\/\\\/www.tosunlux.eu\\\/ru\\\/#website\",\"url\":\"https:\\\/\\\/www.tosunlux.eu\\\/ru\\\/\",\"name\":\"TOSUNlux Official Site - Electrical Circuit Breaker Manufacturer in China\",\"description\":\"Power Distribution System Supplier\",\"publisher\":{\"@id\":\"https:\\\/\\\/www.tosunlux.eu\\\/ru\\\/#organization\"},\"alternateName\":\"TOSUNlux\",\"potentialAction\":[{\"@type\":\"SearchAction\",\"target\":{\"@type\":\"EntryPoint\",\"urlTemplate\":\"https:\\\/\\\/www.tosunlux.eu\\\/ru\\\/?s={search_term_string}\"},\"query-input\":{\"@type\":\"PropertyValueSpecification\",\"valueRequired\":true,\"valueName\":\"search_term_string\"}}],\"inLanguage\":\"tr\"},{\"@type\":\"Organization\",\"@id\":\"https:\\\/\\\/www.tosunlux.eu\\\/ru\\\/#organization\",\"name\":\"TOSUNlux\",\"url\":\"https:\\\/\\\/www.tosunlux.eu\\\/ru\\\/\",\"logo\":{\"@type\":\"ImageObject\",\"inLanguage\":\"tr\",\"@id\":\"https:\\\/\\\/www.tosunlux.eu\\\/ru\\\/#\\\/schema\\\/logo\\\/image\\\/\",\"url\":\"https:\\\/\\\/www.tosunlux.eu\\\/wp-content\\\/uploads\\\/2022\\\/01\\\/LOGOSYSM.71762f1.png\",\"contentUrl\":\"https:\\\/\\\/www.tosunlux.eu\\\/wp-content\\\/uploads\\\/2022\\\/01\\\/LOGOSYSM.71762f1.png\",\"width\":153,\"height\":55,\"caption\":\"TOSUNlux\"},\"image\":{\"@id\":\"https:\\\/\\\/www.tosunlux.eu\\\/ru\\\/#\\\/schema\\\/logo\\\/image\\\/\"},\"sameAs\":[\"https:\\\/\\\/www.facebook.com\\\/TOSUNelectric\\\/\",\"https:\\\/\\\/www.linkedin.com\\\/company\\\/wenzhou-tosun-electric-co.-ltd\\\/\"]}]}<\/script>\n<!-- \/ Yoast SEO plugin. -->","yoast_head_json":{"title":"WholesaleDigital Panel Meter VT\/AT\/FT - TOSUNlux Official Site - Electrical Circuit Breaker Manufacturer in China Low Voltage Electrical Supplier | TOSUNlux","description":"Digital Panel Meter VT\/AT\/FT Supplier - Wholesale direct from TOSUNlux, a trusted manufacturer since 1994. Get your B2B factory quote on our certified Low Voltage electrical products.","robots":{"index":"index","follow":"follow","max-snippet":"max-snippet:-1","max-image-preview":"max-image-preview:large","max-video-preview":"max-video-preview:-1"},"canonical":"https:\/\/www.tosunlux.eu\/tr\/products\/digital-panel-meter-vt-at-ft\/","og_locale":"tr_TR","og_type":"article","og_title":"WholesaleDigital Panel Meter VT\/AT\/FT - TOSUNlux Official Site - Electrical Circuit Breaker Manufacturer in China Low Voltage Electrical Supplier | TOSUNlux","og_description":"Digital Panel Meter VT\/AT\/FT Supplier - Wholesale direct from TOSUNlux, a trusted manufacturer since 1994. Get your B2B factory quote on our certified Low Voltage electrical products.","og_url":"https:\/\/www.tosunlux.eu\/tr\/products\/digital-panel-meter-vt-at-ft\/","og_site_name":"TOSUNlux Official Site - Electrical Circuit Breaker Manufacturer in China","article_publisher":"https:\/\/www.facebook.com\/TOSUNelectric\/","article_modified_time":"2022-05-14T10:00:26+00:00","og_image":[{"url":"https:\/\/www.tosunlux.eu\/wp-content\/uploads\/2022\/04\/VT-60-Dimensions.jpg","type":"","width":"","height":""}],"twitter_card":"summary_large_image","twitter_misc":{"Tahmini okuma s\u00fcresi":"2 dakika"},"schema":{"@context":"https:\/\/schema.org","@graph":[{"@type":"WebPage","@id":"https:\/\/www.tosunlux.eu\/nl\/products\/digital-panel-meter-vt-at-ft\/","url":"https:\/\/www.tosunlux.eu\/nl\/products\/digital-panel-meter-vt-at-ft\/","name":"WholesaleDigital Panel Meter VT\/AT\/FT - TOSUNlux Official Site - Electrical Circuit Breaker Manufacturer in China Low Voltage Electrical Supplier | TOSUNlux","isPartOf":{"@id":"https:\/\/www.tosunlux.eu\/ru\/#website"},"primaryImageOfPage":{"@id":"https:\/\/www.tosunlux.eu\/nl\/products\/digital-panel-meter-vt-at-ft\/#primaryimage"},"image":{"@id":"https:\/\/www.tosunlux.eu\/nl\/products\/digital-panel-meter-vt-at-ft\/#primaryimage"},"thumbnailUrl":"https:\/\/www.tosunlux.eu\/wp-content\/uploads\/2022\/04\/VT-60-Dimensions.jpg","datePublished":"2022-04-25T10:03:38+00:00","dateModified":"2022-05-14T10:00:26+00:00","description":"Digital Panel Meter VT\/AT\/FT Supplier - Wholesale direct from TOSUNlux, a trusted manufacturer since 1994. Get your B2B factory quote on our certified Low Voltage electrical products.","breadcrumb":{"@id":"https:\/\/www.tosunlux.eu\/nl\/products\/digital-panel-meter-vt-at-ft\/#breadcrumb"},"inLanguage":"tr","potentialAction":[{"@type":"ReadAction","target":["https:\/\/www.tosunlux.eu\/nl\/products\/digital-panel-meter-vt-at-ft\/"]}]},{"@type":"ImageObject","inLanguage":"tr","@id":"https:\/\/www.tosunlux.eu\/nl\/products\/digital-panel-meter-vt-at-ft\/#primaryimage","url":"https:\/\/www.tosunlux.eu\/wp-content\/uploads\/2022\/04\/VT-60-Dimensions.jpg","contentUrl":"https:\/\/www.tosunlux.eu\/wp-content\/uploads\/2022\/04\/VT-60-Dimensions.jpg"},{"@type":"BreadcrumbList","@id":"https:\/\/www.tosunlux.eu\/nl\/products\/digital-panel-meter-vt-at-ft\/#breadcrumb","itemListElement":[{"@type":"ListItem","position":1,"name":"Home","item":"https:\/\/www.tosunlux.eu\/ru\/"},{"@type":"ListItem","position":2,"name":"Products","item":"https:\/\/www.tosunlux.eu\/products\/"},{"@type":"ListItem","position":3,"name":"Digital Panel Meter VT\/AT\/FT"}]},{"@type":"WebSite","@id":"https:\/\/www.tosunlux.eu\/ru\/#website","url":"https:\/\/www.tosunlux.eu\/ru\/","name":"TOSUNlux Resmi Sitesi - \u00c7in&#039;de Elektrik Sigortas\u0131 \u00dcreticisi","description":"G\u00fc\u00e7 Da\u011f\u0131t\u0131m Sistemi Tedarik\u00e7isi","publisher":{"@id":"https:\/\/www.tosunlux.eu\/ru\/#organization"},"alternateName":"TOSUNlux","potentialAction":[{"@type":"SearchAction","target":{"@type":"EntryPoint","urlTemplate":"https:\/\/www.tosunlux.eu\/ru\/?s={search_term_string}"},"query-input":{"@type":"PropertyValueSpecification","valueRequired":true,"valueName":"search_term_string"}}],"inLanguage":"tr"},{"@type":"Organization","@id":"https:\/\/www.tosunlux.eu\/ru\/#organization","name":"TOSUNlux","url":"https:\/\/www.tosunlux.eu\/ru\/","logo":{"@type":"ImageObject","inLanguage":"tr","@id":"https:\/\/www.tosunlux.eu\/ru\/#\/schema\/logo\/image\/","url":"https:\/\/www.tosunlux.eu\/wp-content\/uploads\/2022\/01\/LOGOSYSM.71762f1.png","contentUrl":"https:\/\/www.tosunlux.eu\/wp-content\/uploads\/2022\/01\/LOGOSYSM.71762f1.png","width":153,"height":55,"caption":"TOSUNlux"},"image":{"@id":"https:\/\/www.tosunlux.eu\/ru\/#\/schema\/logo\/image\/"},"sameAs":["https:\/\/www.facebook.com\/TOSUNelectric\/","https:\/\/www.linkedin.com\/company\/wenzhou-tosun-electric-co.-ltd\/"]}]}},"_links":{"self":[{"href":"https:\/\/www.tosunlux.eu\/tr\/wp-json\/wp\/v2\/product\/1948","targetHints":{"allow":["GET"]}}],"collection":[{"href":"https:\/\/www.tosunlux.eu\/tr\/wp-json\/wp\/v2\/product"}],"about":[{"href":"https:\/\/www.tosunlux.eu\/tr\/wp-json\/wp\/v2\/types\/product"}],"version-history":[{"count":0,"href":"https:\/\/www.tosunlux.eu\/tr\/wp-json\/wp\/v2\/product\/1948\/revisions"}],"wp:attachment":[{"href":"https:\/\/www.tosunlux.eu\/tr\/wp-json\/wp\/v2\/media?parent=1948"}],"wp:term":[{"taxonomy":"product_category","embeddable":true,"href":"https:\/\/www.tosunlux.eu\/tr\/wp-json\/wp\/v2\/product_category?post=1948"}],"curies":[{"name":"wp","href":"https:\/\/api.w.org\/{rel}","templated":true}]}}