{"id":2139,"date":"2022-04-29T15:42:53","date_gmt":"2022-04-29T07:42:53","guid":{"rendered":"https:\/\/www.tosunlux.eu\/?post_type=product&#038;p=2139"},"modified":"2025-01-09T15:51:56","modified_gmt":"2025-01-09T07:51:56","slug":"tsw8-intelligent-circuit-breaker","status":"publish","type":"product","link":"https:\/\/www.tosunlux.eu\/tr\/products\/tsw8-intelligent-circuit-breaker\/","title":{"rendered":"TSW8 Ak\u0131ll\u0131 Devre Kesici"},"content":{"rendered":"<figure class=\"wp-block-image size-full is-resized\"><img decoding=\"async\" src=\"https:\/\/www.tosunlux.eu\/wp-content\/uploads\/2025\/01\/\u8ba4\u8bc1-1.jpg\" alt=\"\" class=\"wp-image-12242\" width=\"81\" height=\"127\"\/><\/figure>\n\n\n\n<p><strong>Ba\u015fvuru<\/strong><\/p>\n\n\n\n<p>TSW8 serisi ak\u0131ll\u0131 devre kesici, 400V, 690V nominal gerilim ve 6300A&#039;ya kadar nominal ak\u0131m ile AC 50\/60Hz devresi i\u00e7in uygundur. Esas olarak elektrik enerjisi da\u011f\u0131t\u0131m\u0131 ve ayr\u0131ca devre ve g\u00fc\u00e7 kayna\u011f\u0131 ekipmanlar\u0131n\u0131 a\u015f\u0131r\u0131 y\u00fck, d\u00fc\u015f\u00fck voltaj, k\u0131sa devre ve tek fazl\u0131 topraklamadan korumak i\u00e7in kullan\u0131l\u0131r. Ak\u0131ll\u0131 ve se\u00e7ici koruma fonksiyonlar\u0131 ile devre kesici, g\u00fc\u00e7 kayna\u011f\u0131n\u0131n g\u00fcvenilirli\u011fini art\u0131rabilir ve gereksiz elektrik kesintilerini \u00f6nleyebilir. Devre kesici, elektrik santrallerine, fabrikalara, madenlere (690V i\u00e7in) ve modern y\u00fcksek binalara, \u00f6zellikle ak\u0131ll\u0131 bina da\u011f\u0131t\u0131m sistemine uygulan\u0131r. IEC60947-2&#039;li \u00fcr\u00fcnler.<\/p>\n\n\n\n<p><strong> \u015eartname <\/strong><\/p>\n\n\n<table style=\"height: 615px;\" width=\"933\">\n<tbody>\n<tr>\n<td colspan=\"2\" width=\"215\">\u00d6rnek<\/td>\n<td style=\"text-align: center;\" width=\"94\">TSW8-1600<\/td>\n<td style=\"text-align: center;\" width=\"97\">TSW8-2000<\/td>\n<td style=\"text-align: center;\" width=\"95\">TSW8-3200<\/td>\n<td style=\"text-align: center;\" width=\"92\">TSW8-4000<\/td>\n<td style=\"text-align: center;\" width=\"93\">TSW8-6300<\/td>\n<\/tr>\n<tr>\n<td colspan=\"2\" width=\"215\">\u00c7er\u00e7eve Nominal Ak\u0131m Inm (A)<\/td>\n<td style=\"text-align: center;\" width=\"94\">1600&nbsp;<\/td>\n<td style=\"text-align: center;\" width=\"97\">2000&nbsp;<\/td>\n<td style=\"text-align: center;\" width=\"95\">3200&nbsp;<\/td>\n<td style=\"text-align: center;\" width=\"92\">4000&nbsp;<\/td>\n<td style=\"text-align: center;\" width=\"93\">6300&nbsp;<\/td>\n<\/tr>\n<tr>\n<td colspan=\"2\" width=\"215\">Kutup Say\u0131s\u0131<\/td>\n<td style=\"text-align: center;\" width=\"94\">34<\/td>\n<td style=\"text-align: center;\" width=\"97\">34<\/td>\n<td style=\"text-align: center;\" width=\"95\">34<\/td>\n<td style=\"text-align: center;\" width=\"92\">34<\/td>\n<td style=\"text-align: center;\" width=\"93\">34<\/td>\n<\/tr>\n<tr>\n<td colspan=\"2\" width=\"215\">Anma Ak\u0131m\u0131 (A)<\/td>\n<td style=\"text-align: center;\" width=\"94\">&nbsp;&nbsp;&nbsp;&nbsp;&nbsp; 400 , 630 ,<br>&nbsp;&nbsp;&nbsp;&nbsp;&nbsp; 800 , 1000 ,<br>&nbsp;&nbsp;&nbsp;&nbsp;&nbsp; 1250 , 1600<\/td>\n<td style=\"text-align: center;\" width=\"97\">&nbsp;&nbsp;&nbsp;&nbsp; 630 , 800 ,<br>&nbsp;&nbsp;&nbsp;&nbsp; 1000 , 1250 ,<br>&nbsp;&nbsp;&nbsp;&nbsp; 1600 , 2000<\/td>\n<td style=\"text-align: center;\" width=\"95\">&nbsp;&nbsp;&nbsp;&nbsp; 2000 , 2500 ,<br>&nbsp;&nbsp;&nbsp;&nbsp; 2900 ,3200<\/td>\n<td style=\"text-align: center;\" width=\"92\">36,004,000<\/td>\n<td style=\"text-align: center;\" width=\"93\">&nbsp;&nbsp;&nbsp; 4000 , 5000 ,<br>&nbsp;&nbsp;&nbsp;&nbsp;&nbsp;&nbsp;&nbsp;&nbsp;&nbsp; 6300<\/td>\n<\/tr>\n<tr>\n<td rowspan=\"2\" width=\"118\">Yo\u011fun Bak\u0131m (kA)<\/td>\n<td style=\"text-align: center;\" width=\"97\">400V<\/td>\n<td style=\"text-align: center;\" width=\"94\">50&nbsp;<\/td>\n<td style=\"text-align: center;\" width=\"97\">65&nbsp;<\/td>\n<td style=\"text-align: center;\" width=\"95\">80&nbsp;<\/td>\n<td style=\"text-align: center;\" width=\"92\">80&nbsp;<\/td>\n<td style=\"text-align: center;\" width=\"93\">120&nbsp;<\/td>\n<\/tr>\n<tr>\n<td style=\"text-align: center;\" width=\"97\">690V<\/td>\n<td style=\"text-align: center;\" width=\"94\">35&nbsp;<\/td>\n<td style=\"text-align: center;\" width=\"97\">50&nbsp;<\/td>\n<td style=\"text-align: center;\" width=\"95\">65&nbsp;<\/td>\n<td style=\"text-align: center;\" width=\"92\">65&nbsp;<\/td>\n<td style=\"text-align: center;\" width=\"93\">85&nbsp;<\/td>\n<\/tr>\n<tr>\n<td rowspan=\"2\" width=\"118\">\u0130cs (kA)<\/td>\n<td style=\"text-align: center;\" width=\"97\">400V<\/td>\n<td style=\"text-align: center;\" width=\"94\">42&nbsp;<\/td>\n<td style=\"text-align: center;\" width=\"97\">50&nbsp;<\/td>\n<td style=\"text-align: center;\" width=\"95\">65&nbsp;<\/td>\n<td style=\"text-align: center;\" width=\"92\">65&nbsp;<\/td>\n<td style=\"text-align: center;\" width=\"93\">100&nbsp;<\/td>\n<\/tr>\n<tr>\n<td style=\"text-align: center;\" width=\"97\">690V<\/td>\n<td style=\"text-align: center;\" width=\"94\">35&nbsp;<\/td>\n<td style=\"text-align: center;\" width=\"97\">40&nbsp;<\/td>\n<td style=\"text-align: center;\" width=\"95\">50&nbsp;<\/td>\n<td style=\"text-align: center;\" width=\"92\">50&nbsp;<\/td>\n<td style=\"text-align: center;\" width=\"93\">75&nbsp;<\/td>\n<\/tr>\n<tr>\n<td colspan=\"2\" width=\"215\">N-kutbundaki Anma Ak\u0131m\u0131 (A)<\/td>\n<td style=\"text-align: center;\" width=\"94\">100% \u0130\u00e7inde<\/td>\n<td style=\"text-align: center;\" width=\"97\">100% \u0130\u00e7inde<\/td>\n<td style=\"text-align: center;\" width=\"95\">100% \u0130\u00e7inde<\/td>\n<td style=\"text-align: center;\" width=\"92\">50% Giri\u015f<\/td>\n<td style=\"text-align: center;\" width=\"93\">50% Giri\u015f<\/td>\n<\/tr>\n<tr>\n<td colspan=\"2\" width=\"215\">Do\u011fal Yap\u0131m ve Bozulma Zaman\u0131<\/td>\n<td style=\"text-align: center;\" colspan=\"5\" width=\"474\">30ms<\/td>\n<\/tr>\n<tr>\n<td colspan=\"2\" width=\"215\">Elektriksel \u00d6m\u00fcr (kez)<\/td>\n<td style=\"text-align: center;\" width=\"94\">1500&nbsp;<\/td>\n<td style=\"text-align: center;\" width=\"97\">1500&nbsp;<\/td>\n<td style=\"text-align: center;\" width=\"95\">1000&nbsp;<\/td>\n<td style=\"text-align: center;\" width=\"92\">500&nbsp;<\/td>\n<td style=\"text-align: center;\" width=\"93\">500&nbsp;<\/td>\n<\/tr>\n<tr>\n<td colspan=\"2\" width=\"215\">Mekanik \u00d6m\u00fcr (kez)<\/td>\n<td style=\"text-align: center;\" width=\"94\">5000&nbsp;<\/td>\n<td style=\"text-align: center;\" width=\"97\">5000&nbsp;<\/td>\n<td style=\"text-align: center;\" width=\"95\">4000&nbsp;<\/td>\n<td style=\"text-align: center;\" width=\"92\">2500&nbsp;<\/td>\n<td style=\"text-align: center;\" width=\"93\">2500&nbsp;<\/td>\n<\/tr>\n<tr>\n<td colspan=\"2\" width=\"215\">Montaj Modu<\/td>\n<td style=\"text-align: center;\" colspan=\"5\" width=\"474\">Sabit tip veya \u00c7ekilebilir tip<\/td>\n<\/tr>\n<tr>\n<td colspan=\"2\" width=\"215\">Yay Mesafesi (mm)<\/td>\n<td style=\"text-align: center;\" colspan=\"5\" width=\"474\">\u2013<\/td>\n<\/tr>\n<tr>\n<td colspan=\"2\" width=\"215\">Ak\u0131ll\u0131 Kontrol\u00f6r<\/td>\n<td style=\"text-align: center;\" colspan=\"5\" width=\"474\">Standart tip (M), telekom\u00fcnikasyon tipi (H)<\/td>\n<\/tr>\n<\/tbody>\n<\/table>\n\n\n<p><strong>Sabit Tip Yap\u0131 Diyagram\u0131<\/strong><\/p>\n\n\n\n<figure class=\"wp-block-image size-large is-resized\"><img fetchpriority=\"high\" decoding=\"async\" src=\"https:\/\/www.tosunlux.eu\/wp-content\/uploads\/2025\/01\/1-11-1024x684.jpg\" alt=\"\" class=\"wp-image-12243\" width=\"905\" height=\"605\" srcset=\"https:\/\/www.tosunlux.eu\/wp-content\/uploads\/2025\/01\/1-11-1024x684.jpg 1024w, https:\/\/www.tosunlux.eu\/wp-content\/uploads\/2025\/01\/1-11-300x200.jpg 300w, https:\/\/www.tosunlux.eu\/wp-content\/uploads\/2025\/01\/1-11-768x513.jpg 768w, https:\/\/www.tosunlux.eu\/wp-content\/uploads\/2025\/01\/1-11-1536x1026.jpg 1536w, https:\/\/www.tosunlux.eu\/wp-content\/uploads\/2025\/01\/1-11-18x12.jpg 18w, https:\/\/www.tosunlux.eu\/wp-content\/uploads\/2025\/01\/1-11.jpg 1809w\" sizes=\"(max-width: 905px) 100vw, 905px\" \/><\/figure>\n\n\n\n<p><strong>\u00c7ekmece Tipi Yap\u0131 \u015eemas\u0131<\/strong><\/p>\n\n\n\n<figure class=\"wp-block-image size-large is-resized\"><img decoding=\"async\" src=\"https:\/\/www.tosunlux.eu\/wp-content\/uploads\/2025\/01\/2-6-1024x650.jpg\" alt=\"\" class=\"wp-image-12244\" width=\"970\" height=\"616\" srcset=\"https:\/\/www.tosunlux.eu\/wp-content\/uploads\/2025\/01\/2-6-1024x650.jpg 1024w, https:\/\/www.tosunlux.eu\/wp-content\/uploads\/2025\/01\/2-6-300x191.jpg 300w, https:\/\/www.tosunlux.eu\/wp-content\/uploads\/2025\/01\/2-6-768x488.jpg 768w, https:\/\/www.tosunlux.eu\/wp-content\/uploads\/2025\/01\/2-6-1536x975.jpg 1536w, https:\/\/www.tosunlux.eu\/wp-content\/uploads\/2025\/01\/2-6-18x12.jpg 18w, https:\/\/www.tosunlux.eu\/wp-content\/uploads\/2025\/01\/2-6.jpg 1910w\" sizes=\"(max-width: 970px) 100vw, 970px\" \/><\/figure>","protected":false},"parent":0,"template":"","product_category":[24,85],"class_list":["post-2139","product","type-product","status-publish","hentry","product_category-power-distribution-system","product_category-intelligent-circuit-breaker"],"yoast_head":"<!-- This site is optimized with the Yoast SEO plugin v27.5 - https:\/\/yoast.com\/product\/yoast-seo-wordpress\/ -->\n<title>WholesaleTSW8 Intelligent Circuit Breaker - TOSUNlux Official Site - Electrical Circuit Breaker Manufacturer in China Low Voltage Electrical Supplier | TOSUNlux<\/title>\n<meta name=\"description\" content=\"TSW8 Intelligent Circuit Breaker Supplier - Wholesale direct from TOSUNlux, a trusted manufacturer since 1994. Get your B2B factory quote on our certified Low Voltage electrical products.\" \/>\n<meta name=\"robots\" content=\"index, follow, max-snippet:-1, max-image-preview:large, max-video-preview:-1\" \/>\n<link rel=\"canonical\" href=\"https:\/\/www.tosunlux.eu\/tr\/products\/tsw8-intelligent-circuit-breaker\/\" \/>\n<meta property=\"og:locale\" content=\"tr_TR\" \/>\n<meta property=\"og:type\" content=\"article\" \/>\n<meta property=\"og:title\" content=\"WholesaleTSW8 Intelligent Circuit Breaker - TOSUNlux Official Site - Electrical Circuit Breaker Manufacturer in China Low Voltage Electrical Supplier | TOSUNlux\" \/>\n<meta property=\"og:description\" content=\"TSW8 Intelligent Circuit Breaker Supplier - Wholesale direct from TOSUNlux, a trusted manufacturer since 1994. Get your B2B factory quote on our certified Low Voltage electrical products.\" \/>\n<meta property=\"og:url\" content=\"https:\/\/www.tosunlux.eu\/tr\/products\/tsw8-intelligent-circuit-breaker\/\" \/>\n<meta property=\"og:site_name\" content=\"TOSUNlux Official Site - Electrical Circuit Breaker Manufacturer in China\" \/>\n<meta property=\"article:publisher\" content=\"https:\/\/www.facebook.com\/TOSUNelectric\/\" \/>\n<meta property=\"article:modified_time\" content=\"2025-01-09T07:51:56+00:00\" \/>\n<meta property=\"og:image\" content=\"https:\/\/www.tosunlux.eu\/wp-content\/uploads\/2025\/01\/1-11-1024x684.jpg\" \/>\n<meta name=\"twitter:card\" content=\"summary_large_image\" \/>\n<meta name=\"twitter:label1\" content=\"Tahmini okuma s\u00fcresi\" \/>\n\t<meta name=\"twitter:data1\" content=\"2 dakika\" \/>\n<script type=\"application\/ld+json\" class=\"yoast-schema-graph\">{\"@context\":\"https:\\\/\\\/schema.org\",\"@graph\":[{\"@type\":\"WebPage\",\"@id\":\"https:\\\/\\\/www.tosunlux.eu\\\/pl\\\/products\\\/tsw8-intelligent-circuit-breaker\\\/\",\"url\":\"https:\\\/\\\/www.tosunlux.eu\\\/pl\\\/products\\\/tsw8-intelligent-circuit-breaker\\\/\",\"name\":\"WholesaleTSW8 Intelligent Circuit Breaker - TOSUNlux Official Site - Electrical Circuit Breaker Manufacturer in China Low Voltage Electrical Supplier | TOSUNlux\",\"isPartOf\":{\"@id\":\"https:\\\/\\\/www.tosunlux.eu\\\/ru\\\/#website\"},\"primaryImageOfPage\":{\"@id\":\"https:\\\/\\\/www.tosunlux.eu\\\/pl\\\/products\\\/tsw8-intelligent-circuit-breaker\\\/#primaryimage\"},\"image\":{\"@id\":\"https:\\\/\\\/www.tosunlux.eu\\\/pl\\\/products\\\/tsw8-intelligent-circuit-breaker\\\/#primaryimage\"},\"thumbnailUrl\":\"https:\\\/\\\/www.tosunlux.eu\\\/wp-content\\\/uploads\\\/2025\\\/01\\\/1-11-1024x684.jpg\",\"datePublished\":\"2022-04-29T07:42:53+00:00\",\"dateModified\":\"2025-01-09T07:51:56+00:00\",\"description\":\"TSW8 Intelligent Circuit Breaker Supplier - Wholesale direct from TOSUNlux, a trusted manufacturer since 1994. Get your B2B factory quote on our certified Low Voltage electrical products.\",\"breadcrumb\":{\"@id\":\"https:\\\/\\\/www.tosunlux.eu\\\/pl\\\/products\\\/tsw8-intelligent-circuit-breaker\\\/#breadcrumb\"},\"inLanguage\":\"tr\",\"potentialAction\":[{\"@type\":\"ReadAction\",\"target\":[\"https:\\\/\\\/www.tosunlux.eu\\\/pl\\\/products\\\/tsw8-intelligent-circuit-breaker\\\/\"]}]},{\"@type\":\"ImageObject\",\"inLanguage\":\"tr\",\"@id\":\"https:\\\/\\\/www.tosunlux.eu\\\/pl\\\/products\\\/tsw8-intelligent-circuit-breaker\\\/#primaryimage\",\"url\":\"https:\\\/\\\/www.tosunlux.eu\\\/wp-content\\\/uploads\\\/2025\\\/01\\\/1-11-1024x684.jpg\",\"contentUrl\":\"https:\\\/\\\/www.tosunlux.eu\\\/wp-content\\\/uploads\\\/2025\\\/01\\\/1-11-1024x684.jpg\"},{\"@type\":\"BreadcrumbList\",\"@id\":\"https:\\\/\\\/www.tosunlux.eu\\\/pl\\\/products\\\/tsw8-intelligent-circuit-breaker\\\/#breadcrumb\",\"itemListElement\":[{\"@type\":\"ListItem\",\"position\":1,\"name\":\"Home\",\"item\":\"https:\\\/\\\/www.tosunlux.eu\\\/ru\\\/\"},{\"@type\":\"ListItem\",\"position\":2,\"name\":\"Products\",\"item\":\"https:\\\/\\\/www.tosunlux.eu\\\/products\\\/\"},{\"@type\":\"ListItem\",\"position\":3,\"name\":\"TSW8 Intelligent Circuit Breaker\"}]},{\"@type\":\"WebSite\",\"@id\":\"https:\\\/\\\/www.tosunlux.eu\\\/ru\\\/#website\",\"url\":\"https:\\\/\\\/www.tosunlux.eu\\\/ru\\\/\",\"name\":\"TOSUNlux Official Site - Electrical Circuit Breaker Manufacturer in China\",\"description\":\"Power Distribution System Supplier\",\"publisher\":{\"@id\":\"https:\\\/\\\/www.tosunlux.eu\\\/ru\\\/#organization\"},\"alternateName\":\"TOSUNlux\",\"potentialAction\":[{\"@type\":\"SearchAction\",\"target\":{\"@type\":\"EntryPoint\",\"urlTemplate\":\"https:\\\/\\\/www.tosunlux.eu\\\/ru\\\/?s={search_term_string}\"},\"query-input\":{\"@type\":\"PropertyValueSpecification\",\"valueRequired\":true,\"valueName\":\"search_term_string\"}}],\"inLanguage\":\"tr\"},{\"@type\":\"Organization\",\"@id\":\"https:\\\/\\\/www.tosunlux.eu\\\/ru\\\/#organization\",\"name\":\"TOSUNlux\",\"url\":\"https:\\\/\\\/www.tosunlux.eu\\\/ru\\\/\",\"logo\":{\"@type\":\"ImageObject\",\"inLanguage\":\"tr\",\"@id\":\"https:\\\/\\\/www.tosunlux.eu\\\/ru\\\/#\\\/schema\\\/logo\\\/image\\\/\",\"url\":\"https:\\\/\\\/www.tosunlux.eu\\\/wp-content\\\/uploads\\\/2022\\\/01\\\/LOGOSYSM.71762f1.png\",\"contentUrl\":\"https:\\\/\\\/www.tosunlux.eu\\\/wp-content\\\/uploads\\\/2022\\\/01\\\/LOGOSYSM.71762f1.png\",\"width\":153,\"height\":55,\"caption\":\"TOSUNlux\"},\"image\":{\"@id\":\"https:\\\/\\\/www.tosunlux.eu\\\/ru\\\/#\\\/schema\\\/logo\\\/image\\\/\"},\"sameAs\":[\"https:\\\/\\\/www.facebook.com\\\/TOSUNelectric\\\/\",\"https:\\\/\\\/www.linkedin.com\\\/company\\\/wenzhou-tosun-electric-co.-ltd\\\/\"]}]}<\/script>\n<!-- \/ Yoast SEO plugin. -->","yoast_head_json":{"title":"Toptan TSW8 Ak\u0131ll\u0131 Devre Kesici - TOSUNlux Resmi Sitesi - \u00c7in&#039;de Elektrik Devre Kesici \u00dcreticisi, D\u00fc\u015f\u00fck Voltajl\u0131 Elektrik Tedarik\u00e7isi | TOSUNlux","description":"TSW8 Ak\u0131ll\u0131 Devre Kesici Tedarik\u00e7isi - 1994&#039;ten beri g\u00fcvenilir bir \u00fcretici olan TOSUNlux&#039;tan do\u011frudan toptan sat\u0131\u015f. Sertifikal\u0131 D\u00fc\u015f\u00fck Gerilim elektrik \u00fcr\u00fcnlerimiz i\u00e7in B2B fabrika fiyat teklifinizi al\u0131n.","robots":{"index":"index","follow":"follow","max-snippet":"max-snippet:-1","max-image-preview":"max-image-preview:large","max-video-preview":"max-video-preview:-1"},"canonical":"https:\/\/www.tosunlux.eu\/tr\/products\/tsw8-intelligent-circuit-breaker\/","og_locale":"tr_TR","og_type":"article","og_title":"WholesaleTSW8 Intelligent Circuit Breaker - TOSUNlux Official Site - Electrical Circuit Breaker Manufacturer in China Low Voltage Electrical Supplier | TOSUNlux","og_description":"TSW8 Intelligent Circuit Breaker Supplier - Wholesale direct from TOSUNlux, a trusted manufacturer since 1994. Get your B2B factory quote on our certified Low Voltage electrical products.","og_url":"https:\/\/www.tosunlux.eu\/tr\/products\/tsw8-intelligent-circuit-breaker\/","og_site_name":"TOSUNlux Official Site - Electrical Circuit Breaker Manufacturer in China","article_publisher":"https:\/\/www.facebook.com\/TOSUNelectric\/","article_modified_time":"2025-01-09T07:51:56+00:00","og_image":[{"url":"https:\/\/www.tosunlux.eu\/wp-content\/uploads\/2025\/01\/1-11-1024x684.jpg","type":"","width":"","height":""}],"twitter_card":"summary_large_image","twitter_misc":{"Tahmini okuma s\u00fcresi":"2 dakika"},"schema":{"@context":"https:\/\/schema.org","@graph":[{"@type":"WebPage","@id":"https:\/\/www.tosunlux.eu\/pl\/products\/tsw8-intelligent-circuit-breaker\/","url":"https:\/\/www.tosunlux.eu\/pl\/products\/tsw8-intelligent-circuit-breaker\/","name":"Toptan TSW8 Ak\u0131ll\u0131 Devre Kesici - TOSUNlux Resmi Sitesi - \u00c7in&#039;de Elektrik Devre Kesici \u00dcreticisi, D\u00fc\u015f\u00fck Voltajl\u0131 Elektrik Tedarik\u00e7isi | TOSUNlux","isPartOf":{"@id":"https:\/\/www.tosunlux.eu\/ru\/#website"},"primaryImageOfPage":{"@id":"https:\/\/www.tosunlux.eu\/pl\/products\/tsw8-intelligent-circuit-breaker\/#primaryimage"},"image":{"@id":"https:\/\/www.tosunlux.eu\/pl\/products\/tsw8-intelligent-circuit-breaker\/#primaryimage"},"thumbnailUrl":"https:\/\/www.tosunlux.eu\/wp-content\/uploads\/2025\/01\/1-11-1024x684.jpg","datePublished":"2022-04-29T07:42:53+00:00","dateModified":"2025-01-09T07:51:56+00:00","description":"TSW8 Ak\u0131ll\u0131 Devre Kesici Tedarik\u00e7isi - 1994&#039;ten beri g\u00fcvenilir bir \u00fcretici olan TOSUNlux&#039;tan do\u011frudan toptan sat\u0131\u015f. Sertifikal\u0131 D\u00fc\u015f\u00fck Gerilim elektrik \u00fcr\u00fcnlerimiz i\u00e7in B2B fabrika fiyat teklifinizi al\u0131n.","breadcrumb":{"@id":"https:\/\/www.tosunlux.eu\/pl\/products\/tsw8-intelligent-circuit-breaker\/#breadcrumb"},"inLanguage":"tr","potentialAction":[{"@type":"ReadAction","target":["https:\/\/www.tosunlux.eu\/pl\/products\/tsw8-intelligent-circuit-breaker\/"]}]},{"@type":"ImageObject","inLanguage":"tr","@id":"https:\/\/www.tosunlux.eu\/pl\/products\/tsw8-intelligent-circuit-breaker\/#primaryimage","url":"https:\/\/www.tosunlux.eu\/wp-content\/uploads\/2025\/01\/1-11-1024x684.jpg","contentUrl":"https:\/\/www.tosunlux.eu\/wp-content\/uploads\/2025\/01\/1-11-1024x684.jpg"},{"@type":"BreadcrumbList","@id":"https:\/\/www.tosunlux.eu\/pl\/products\/tsw8-intelligent-circuit-breaker\/#breadcrumb","itemListElement":[{"@type":"ListItem","position":1,"name":"Home","item":"https:\/\/www.tosunlux.eu\/ru\/"},{"@type":"ListItem","position":2,"name":"Products","item":"https:\/\/www.tosunlux.eu\/products\/"},{"@type":"ListItem","position":3,"name":"TSW8 Intelligent Circuit Breaker"}]},{"@type":"WebSite","@id":"https:\/\/www.tosunlux.eu\/ru\/#website","url":"https:\/\/www.tosunlux.eu\/ru\/","name":"TOSUNlux Resmi Sitesi - \u00c7in&#039;de Elektrik Sigortas\u0131 \u00dcreticisi","description":"G\u00fc\u00e7 Da\u011f\u0131t\u0131m Sistemi Tedarik\u00e7isi","publisher":{"@id":"https:\/\/www.tosunlux.eu\/ru\/#organization"},"alternateName":"TOSUNlux","potentialAction":[{"@type":"SearchAction","target":{"@type":"EntryPoint","urlTemplate":"https:\/\/www.tosunlux.eu\/ru\/?s={search_term_string}"},"query-input":{"@type":"PropertyValueSpecification","valueRequired":true,"valueName":"search_term_string"}}],"inLanguage":"tr"},{"@type":"Organization","@id":"https:\/\/www.tosunlux.eu\/ru\/#organization","name":"TOSUNlux","url":"https:\/\/www.tosunlux.eu\/ru\/","logo":{"@type":"ImageObject","inLanguage":"tr","@id":"https:\/\/www.tosunlux.eu\/ru\/#\/schema\/logo\/image\/","url":"https:\/\/www.tosunlux.eu\/wp-content\/uploads\/2022\/01\/LOGOSYSM.71762f1.png","contentUrl":"https:\/\/www.tosunlux.eu\/wp-content\/uploads\/2022\/01\/LOGOSYSM.71762f1.png","width":153,"height":55,"caption":"TOSUNlux"},"image":{"@id":"https:\/\/www.tosunlux.eu\/ru\/#\/schema\/logo\/image\/"},"sameAs":["https:\/\/www.facebook.com\/TOSUNelectric\/","https:\/\/www.linkedin.com\/company\/wenzhou-tosun-electric-co.-ltd\/"]}]}},"_links":{"self":[{"href":"https:\/\/www.tosunlux.eu\/tr\/wp-json\/wp\/v2\/product\/2139","targetHints":{"allow":["GET"]}}],"collection":[{"href":"https:\/\/www.tosunlux.eu\/tr\/wp-json\/wp\/v2\/product"}],"about":[{"href":"https:\/\/www.tosunlux.eu\/tr\/wp-json\/wp\/v2\/types\/product"}],"version-history":[{"count":3,"href":"https:\/\/www.tosunlux.eu\/tr\/wp-json\/wp\/v2\/product\/2139\/revisions"}],"predecessor-version":[{"id":12248,"href":"https:\/\/www.tosunlux.eu\/tr\/wp-json\/wp\/v2\/product\/2139\/revisions\/12248"}],"wp:attachment":[{"href":"https:\/\/www.tosunlux.eu\/tr\/wp-json\/wp\/v2\/media?parent=2139"}],"wp:term":[{"taxonomy":"product_category","embeddable":true,"href":"https:\/\/www.tosunlux.eu\/tr\/wp-json\/wp\/v2\/product_category?post=2139"}],"curies":[{"name":"wp","href":"https:\/\/api.w.org\/{rel}","templated":true}]}}