{"id":2199,"date":"2022-05-03T13:42:10","date_gmt":"2022-05-03T05:42:10","guid":{"rendered":"https:\/\/www.tosunlux.eu\/?post_type=product&#038;p=2199"},"modified":"2023-07-18T16:11:56","modified_gmt":"2023-07-18T08:11:56","slug":"mp-motor-protection-circuit-breaker-mp3","status":"publish","type":"product","link":"https:\/\/www.tosunlux.eu\/tr\/products\/mp-motor-protection-circuit-breaker-mp3\/","title":{"rendered":"MP Motor Koruma Devre Kesici MP3"},"content":{"rendered":"<p><strong>\u015eartname<\/strong><\/p>\n\n\n\n<p><\/p>\n\n\n\n<p><\/p>\n\n\n<table width=\"468\">\n<tbody>\n<tr>\n<td rowspan=\"3\" width=\"69\">\u00d6rnek<\/td>\n<td colspan=\"4\" width=\"278\">\n<p>3-fazl\u0131 nominal standart g\u00fc\u00e7\u00a0<\/p>\n<p>AC-3 kategorisindeki 50\/60Hz motorlar<\/p>\n<\/td>\n<td rowspan=\"3\" width=\"61\">Ayar Aral\u0131\u011f\u0131(A)<\/td>\n<td rowspan=\"3\" width=\"60\">ManyetikGeziAk\u0131m\u0131(A)<\/td>\n<\/tr>\n<tr>\n<td width=\"72\">230V<\/td>\n<td width=\"72\">400V<\/td>\n<td width=\"72\">415V<\/td>\n<td width=\"62\">440V<\/td>\n<\/tr>\n<tr>\n<td width=\"72\">Anahtar Kelime<\/td>\n<td width=\"72\">Anahtar Kelime<\/td>\n<td width=\"72\">Anahtar Kelime<\/td>\n<td width=\"62\">Anahtar Kelime<\/td>\n<\/tr>\n<tr>\n<td width=\"69\">MP3-M40<\/td>\n<td width=\"72\">11<\/td>\n<td width=\"72\">18.5<\/td>\n<td width=\"72\">22<\/td>\n<td width=\"62\">22<\/td>\n<td width=\"61\">25-40<\/td>\n<td width=\"60\">480<\/td>\n<\/tr>\n<tr>\n<td width=\"69\">MP3-M63<\/td>\n<td width=\"72\">15<\/td>\n<td width=\"72\">30<\/td>\n<td width=\"72\">33<\/td>\n<td width=\"62\">33<\/td>\n<td width=\"61\">40-63<\/td>\n<td width=\"60\">756<\/td>\n<\/tr>\n<tr>\n<td width=\"69\">MP3-M80<\/td>\n<td width=\"72\">22<\/td>\n<td width=\"72\">40<\/td>\n<td width=\"72\">45<\/td>\n<td width=\"62\">45<\/td>\n<td width=\"61\">56-80<\/td>\n<td width=\"60\">960<\/td>\n<\/tr>\n<\/tbody>\n<\/table>\n<p>\u00a0<\/p>\n<p><strong>Boyutlar<\/strong><\/p>\n<p>\u00a0<\/p>\n<p>\u00a0<\/p>\n\n\n<figure class=\"wp-block-image size-large is-resized\"><img fetchpriority=\"high\" decoding=\"async\" src=\"https:\/\/www.tosunlux.eu\/wp-content\/uploads\/2022\/05\/36-3-1-1024x566.jpg\" alt=\"\" class=\"wp-image-2201\" width=\"616\" height=\"340\" srcset=\"https:\/\/www.tosunlux.eu\/wp-content\/uploads\/2022\/05\/36-3-1-1024x566.jpg 1024w, https:\/\/www.tosunlux.eu\/wp-content\/uploads\/2022\/05\/36-3-1-300x166.jpg 300w, https:\/\/www.tosunlux.eu\/wp-content\/uploads\/2022\/05\/36-3-1-768x424.jpg 768w, https:\/\/www.tosunlux.eu\/wp-content\/uploads\/2022\/05\/36-3-1-1536x849.jpg 1536w, https:\/\/www.tosunlux.eu\/wp-content\/uploads\/2022\/05\/36-3-1.jpg 1600w\" sizes=\"(max-width: 616px) 100vw, 616px\" \/><\/figure>","protected":false},"parent":0,"template":"","product_category":[24,81,85],"class_list":["post-2199","product","type-product","status-publish","hentry","product_category-power-distribution-system","product_category-mpcb","product_category-intelligent-circuit-breaker"],"yoast_head":"<!-- This site is optimized with the Yoast SEO plugin v27.5 - https:\/\/yoast.com\/product\/yoast-seo-wordpress\/ -->\n<title>WholesaleMP Motor Protection Circuit Breaker MP3 - TOSUNlux Official Site - Electrical Circuit Breaker Manufacturer in China Low Voltage Electrical Supplier | TOSUNlux<\/title>\n<meta name=\"description\" content=\"MP Motor Protection Circuit Breaker MP3 Supplier - Wholesale direct from TOSUNlux, a trusted manufacturer since 1994. Get your B2B factory quote on our certified Low Voltage electrical products.\" \/>\n<meta name=\"robots\" content=\"index, follow, max-snippet:-1, max-image-preview:large, max-video-preview:-1\" \/>\n<link rel=\"canonical\" href=\"https:\/\/www.tosunlux.eu\/tr\/products\/mp-motor-protection-circuit-breaker-mp3\/\" \/>\n<meta property=\"og:locale\" content=\"tr_TR\" \/>\n<meta property=\"og:type\" content=\"article\" \/>\n<meta property=\"og:title\" content=\"WholesaleMP Motor Protection Circuit Breaker MP3 - TOSUNlux Official Site - Electrical Circuit Breaker Manufacturer in China Low Voltage Electrical Supplier | TOSUNlux\" \/>\n<meta property=\"og:description\" content=\"MP Motor Protection Circuit Breaker MP3 Supplier - Wholesale direct from TOSUNlux, a trusted manufacturer since 1994. Get your B2B factory quote on our certified Low Voltage electrical products.\" \/>\n<meta property=\"og:url\" content=\"https:\/\/www.tosunlux.eu\/tr\/products\/mp-motor-protection-circuit-breaker-mp3\/\" \/>\n<meta property=\"og:site_name\" content=\"TOSUNlux Official Site - Electrical Circuit Breaker Manufacturer in China\" \/>\n<meta property=\"article:publisher\" content=\"https:\/\/www.facebook.com\/TOSUNelectric\/\" \/>\n<meta property=\"article:modified_time\" content=\"2023-07-18T08:11:56+00:00\" \/>\n<meta property=\"og:image\" content=\"https:\/\/www.tosunlux.eu\/wp-content\/uploads\/2022\/05\/36-3-1-1024x566.jpg\" \/>\n<meta name=\"twitter:card\" content=\"summary_large_image\" \/>\n<meta name=\"twitter:label1\" content=\"Tahmini okuma s\u00fcresi\" \/>\n\t<meta name=\"twitter:data1\" content=\"1 dakika\" \/>\n<script type=\"application\/ld+json\" class=\"yoast-schema-graph\">{\"@context\":\"https:\\\/\\\/schema.org\",\"@graph\":[{\"@type\":\"WebPage\",\"@id\":\"https:\\\/\\\/www.tosunlux.eu\\\/ar\\\/products\\\/mp-motor-protection-circuit-breaker-mp3\\\/\",\"url\":\"https:\\\/\\\/www.tosunlux.eu\\\/ar\\\/products\\\/mp-motor-protection-circuit-breaker-mp3\\\/\",\"name\":\"WholesaleMP Motor Protection Circuit Breaker MP3 - TOSUNlux Official Site - Electrical Circuit Breaker Manufacturer in China Low Voltage Electrical Supplier | TOSUNlux\",\"isPartOf\":{\"@id\":\"https:\\\/\\\/www.tosunlux.eu\\\/ru\\\/#website\"},\"primaryImageOfPage\":{\"@id\":\"https:\\\/\\\/www.tosunlux.eu\\\/ar\\\/products\\\/mp-motor-protection-circuit-breaker-mp3\\\/#primaryimage\"},\"image\":{\"@id\":\"https:\\\/\\\/www.tosunlux.eu\\\/ar\\\/products\\\/mp-motor-protection-circuit-breaker-mp3\\\/#primaryimage\"},\"thumbnailUrl\":\"https:\\\/\\\/www.tosunlux.eu\\\/wp-content\\\/uploads\\\/2022\\\/05\\\/36-3-1-1024x566.jpg\",\"datePublished\":\"2022-05-03T05:42:10+00:00\",\"dateModified\":\"2023-07-18T08:11:56+00:00\",\"description\":\"MP Motor Protection Circuit Breaker MP3 Supplier - Wholesale direct from TOSUNlux, a trusted manufacturer since 1994. Get your B2B factory quote on our certified Low Voltage electrical products.\",\"breadcrumb\":{\"@id\":\"https:\\\/\\\/www.tosunlux.eu\\\/ar\\\/products\\\/mp-motor-protection-circuit-breaker-mp3\\\/#breadcrumb\"},\"inLanguage\":\"tr\",\"potentialAction\":[{\"@type\":\"ReadAction\",\"target\":[\"https:\\\/\\\/www.tosunlux.eu\\\/ar\\\/products\\\/mp-motor-protection-circuit-breaker-mp3\\\/\"]}]},{\"@type\":\"ImageObject\",\"inLanguage\":\"tr\",\"@id\":\"https:\\\/\\\/www.tosunlux.eu\\\/ar\\\/products\\\/mp-motor-protection-circuit-breaker-mp3\\\/#primaryimage\",\"url\":\"https:\\\/\\\/www.tosunlux.eu\\\/wp-content\\\/uploads\\\/2022\\\/05\\\/36-3-1-1024x566.jpg\",\"contentUrl\":\"https:\\\/\\\/www.tosunlux.eu\\\/wp-content\\\/uploads\\\/2022\\\/05\\\/36-3-1-1024x566.jpg\"},{\"@type\":\"BreadcrumbList\",\"@id\":\"https:\\\/\\\/www.tosunlux.eu\\\/ar\\\/products\\\/mp-motor-protection-circuit-breaker-mp3\\\/#breadcrumb\",\"itemListElement\":[{\"@type\":\"ListItem\",\"position\":1,\"name\":\"Home\",\"item\":\"https:\\\/\\\/www.tosunlux.eu\\\/ru\\\/\"},{\"@type\":\"ListItem\",\"position\":2,\"name\":\"Products\",\"item\":\"https:\\\/\\\/www.tosunlux.eu\\\/products\\\/\"},{\"@type\":\"ListItem\",\"position\":3,\"name\":\"MP Motor Protection Circuit Breaker MP3\"}]},{\"@type\":\"WebSite\",\"@id\":\"https:\\\/\\\/www.tosunlux.eu\\\/ru\\\/#website\",\"url\":\"https:\\\/\\\/www.tosunlux.eu\\\/ru\\\/\",\"name\":\"TOSUNlux Official Site - Electrical Circuit Breaker Manufacturer in China\",\"description\":\"Power Distribution System Supplier\",\"publisher\":{\"@id\":\"https:\\\/\\\/www.tosunlux.eu\\\/ru\\\/#organization\"},\"alternateName\":\"TOSUNlux\",\"potentialAction\":[{\"@type\":\"SearchAction\",\"target\":{\"@type\":\"EntryPoint\",\"urlTemplate\":\"https:\\\/\\\/www.tosunlux.eu\\\/ru\\\/?s={search_term_string}\"},\"query-input\":{\"@type\":\"PropertyValueSpecification\",\"valueRequired\":true,\"valueName\":\"search_term_string\"}}],\"inLanguage\":\"tr\"},{\"@type\":\"Organization\",\"@id\":\"https:\\\/\\\/www.tosunlux.eu\\\/ru\\\/#organization\",\"name\":\"TOSUNlux\",\"url\":\"https:\\\/\\\/www.tosunlux.eu\\\/ru\\\/\",\"logo\":{\"@type\":\"ImageObject\",\"inLanguage\":\"tr\",\"@id\":\"https:\\\/\\\/www.tosunlux.eu\\\/ru\\\/#\\\/schema\\\/logo\\\/image\\\/\",\"url\":\"https:\\\/\\\/www.tosunlux.eu\\\/wp-content\\\/uploads\\\/2022\\\/01\\\/LOGOSYSM.71762f1.png\",\"contentUrl\":\"https:\\\/\\\/www.tosunlux.eu\\\/wp-content\\\/uploads\\\/2022\\\/01\\\/LOGOSYSM.71762f1.png\",\"width\":153,\"height\":55,\"caption\":\"TOSUNlux\"},\"image\":{\"@id\":\"https:\\\/\\\/www.tosunlux.eu\\\/ru\\\/#\\\/schema\\\/logo\\\/image\\\/\"},\"sameAs\":[\"https:\\\/\\\/www.facebook.com\\\/TOSUNelectric\\\/\",\"https:\\\/\\\/www.linkedin.com\\\/company\\\/wenzhou-tosun-electric-co.-ltd\\\/\"]}]}<\/script>\n<!-- \/ Yoast SEO plugin. -->","yoast_head_json":{"title":"Toptan MP Motor Koruma Devre Kesici MP3 - TOSUNlux Resmi Sitesi - \u00c7in&#039;de Elektrik Devre Kesici \u00dcreticisi, D\u00fc\u015f\u00fck Voltajl\u0131 Elektrik Tedarik\u00e7isi | TOSUNlux","description":"MP Motor Koruma Devre Kesici MP3 Tedarik\u00e7isi - 1994&#039;ten beri g\u00fcvenilir bir \u00fcretici olan TOSUNlux&#039;tan do\u011frudan toptan sat\u0131\u015f. Sertifikal\u0131 D\u00fc\u015f\u00fck Gerilim elektrik \u00fcr\u00fcnlerimiz i\u00e7in B2B fabrika fiyat teklifinizi al\u0131n.","robots":{"index":"index","follow":"follow","max-snippet":"max-snippet:-1","max-image-preview":"max-image-preview:large","max-video-preview":"max-video-preview:-1"},"canonical":"https:\/\/www.tosunlux.eu\/tr\/products\/mp-motor-protection-circuit-breaker-mp3\/","og_locale":"tr_TR","og_type":"article","og_title":"WholesaleMP Motor Protection Circuit Breaker MP3 - TOSUNlux Official Site - Electrical Circuit Breaker Manufacturer in China Low Voltage Electrical Supplier | TOSUNlux","og_description":"MP Motor Protection Circuit Breaker MP3 Supplier - Wholesale direct from TOSUNlux, a trusted manufacturer since 1994. Get your B2B factory quote on our certified Low Voltage electrical products.","og_url":"https:\/\/www.tosunlux.eu\/tr\/products\/mp-motor-protection-circuit-breaker-mp3\/","og_site_name":"TOSUNlux Official Site - Electrical Circuit Breaker Manufacturer in China","article_publisher":"https:\/\/www.facebook.com\/TOSUNelectric\/","article_modified_time":"2023-07-18T08:11:56+00:00","og_image":[{"url":"https:\/\/www.tosunlux.eu\/wp-content\/uploads\/2022\/05\/36-3-1-1024x566.jpg","type":"","width":"","height":""}],"twitter_card":"summary_large_image","twitter_misc":{"Tahmini okuma s\u00fcresi":"1 dakika"},"schema":{"@context":"https:\/\/schema.org","@graph":[{"@type":"WebPage","@id":"https:\/\/www.tosunlux.eu\/ar\/products\/mp-motor-protection-circuit-breaker-mp3\/","url":"https:\/\/www.tosunlux.eu\/ar\/products\/mp-motor-protection-circuit-breaker-mp3\/","name":"Toptan MP Motor Koruma Devre Kesici MP3 - TOSUNlux Resmi Sitesi - \u00c7in&#039;de Elektrik Devre Kesici \u00dcreticisi, D\u00fc\u015f\u00fck Voltajl\u0131 Elektrik Tedarik\u00e7isi | TOSUNlux","isPartOf":{"@id":"https:\/\/www.tosunlux.eu\/ru\/#website"},"primaryImageOfPage":{"@id":"https:\/\/www.tosunlux.eu\/ar\/products\/mp-motor-protection-circuit-breaker-mp3\/#primaryimage"},"image":{"@id":"https:\/\/www.tosunlux.eu\/ar\/products\/mp-motor-protection-circuit-breaker-mp3\/#primaryimage"},"thumbnailUrl":"https:\/\/www.tosunlux.eu\/wp-content\/uploads\/2022\/05\/36-3-1-1024x566.jpg","datePublished":"2022-05-03T05:42:10+00:00","dateModified":"2023-07-18T08:11:56+00:00","description":"MP Motor Koruma Devre Kesici MP3 Tedarik\u00e7isi - 1994&#039;ten beri g\u00fcvenilir bir \u00fcretici olan TOSUNlux&#039;tan do\u011frudan toptan sat\u0131\u015f. Sertifikal\u0131 D\u00fc\u015f\u00fck Gerilim elektrik \u00fcr\u00fcnlerimiz i\u00e7in B2B fabrika fiyat teklifinizi al\u0131n.","breadcrumb":{"@id":"https:\/\/www.tosunlux.eu\/ar\/products\/mp-motor-protection-circuit-breaker-mp3\/#breadcrumb"},"inLanguage":"tr","potentialAction":[{"@type":"ReadAction","target":["https:\/\/www.tosunlux.eu\/ar\/products\/mp-motor-protection-circuit-breaker-mp3\/"]}]},{"@type":"ImageObject","inLanguage":"tr","@id":"https:\/\/www.tosunlux.eu\/ar\/products\/mp-motor-protection-circuit-breaker-mp3\/#primaryimage","url":"https:\/\/www.tosunlux.eu\/wp-content\/uploads\/2022\/05\/36-3-1-1024x566.jpg","contentUrl":"https:\/\/www.tosunlux.eu\/wp-content\/uploads\/2022\/05\/36-3-1-1024x566.jpg"},{"@type":"BreadcrumbList","@id":"https:\/\/www.tosunlux.eu\/ar\/products\/mp-motor-protection-circuit-breaker-mp3\/#breadcrumb","itemListElement":[{"@type":"ListItem","position":1,"name":"Home","item":"https:\/\/www.tosunlux.eu\/ru\/"},{"@type":"ListItem","position":2,"name":"Products","item":"https:\/\/www.tosunlux.eu\/products\/"},{"@type":"ListItem","position":3,"name":"MP Motor Protection Circuit Breaker MP3"}]},{"@type":"WebSite","@id":"https:\/\/www.tosunlux.eu\/ru\/#website","url":"https:\/\/www.tosunlux.eu\/ru\/","name":"TOSUNlux Resmi Sitesi - \u00c7in&#039;de Elektrik Sigortas\u0131 \u00dcreticisi","description":"G\u00fc\u00e7 Da\u011f\u0131t\u0131m Sistemi Tedarik\u00e7isi","publisher":{"@id":"https:\/\/www.tosunlux.eu\/ru\/#organization"},"alternateName":"TOSUNlux","potentialAction":[{"@type":"SearchAction","target":{"@type":"EntryPoint","urlTemplate":"https:\/\/www.tosunlux.eu\/ru\/?s={search_term_string}"},"query-input":{"@type":"PropertyValueSpecification","valueRequired":true,"valueName":"search_term_string"}}],"inLanguage":"tr"},{"@type":"Organization","@id":"https:\/\/www.tosunlux.eu\/ru\/#organization","name":"TOSUNlux","url":"https:\/\/www.tosunlux.eu\/ru\/","logo":{"@type":"ImageObject","inLanguage":"tr","@id":"https:\/\/www.tosunlux.eu\/ru\/#\/schema\/logo\/image\/","url":"https:\/\/www.tosunlux.eu\/wp-content\/uploads\/2022\/01\/LOGOSYSM.71762f1.png","contentUrl":"https:\/\/www.tosunlux.eu\/wp-content\/uploads\/2022\/01\/LOGOSYSM.71762f1.png","width":153,"height":55,"caption":"TOSUNlux"},"image":{"@id":"https:\/\/www.tosunlux.eu\/ru\/#\/schema\/logo\/image\/"},"sameAs":["https:\/\/www.facebook.com\/TOSUNelectric\/","https:\/\/www.linkedin.com\/company\/wenzhou-tosun-electric-co.-ltd\/"]}]}},"_links":{"self":[{"href":"https:\/\/www.tosunlux.eu\/tr\/wp-json\/wp\/v2\/product\/2199","targetHints":{"allow":["GET"]}}],"collection":[{"href":"https:\/\/www.tosunlux.eu\/tr\/wp-json\/wp\/v2\/product"}],"about":[{"href":"https:\/\/www.tosunlux.eu\/tr\/wp-json\/wp\/v2\/types\/product"}],"version-history":[{"count":1,"href":"https:\/\/www.tosunlux.eu\/tr\/wp-json\/wp\/v2\/product\/2199\/revisions"}],"predecessor-version":[{"id":7594,"href":"https:\/\/www.tosunlux.eu\/tr\/wp-json\/wp\/v2\/product\/2199\/revisions\/7594"}],"wp:attachment":[{"href":"https:\/\/www.tosunlux.eu\/tr\/wp-json\/wp\/v2\/media?parent=2199"}],"wp:term":[{"taxonomy":"product_category","embeddable":true,"href":"https:\/\/www.tosunlux.eu\/tr\/wp-json\/wp\/v2\/product_category?post=2199"}],"curies":[{"name":"wp","href":"https:\/\/api.w.org\/{rel}","templated":true}]}}