{"id":2205,"date":"2022-05-03T14:26:19","date_gmt":"2022-05-03T06:26:19","guid":{"rendered":"https:\/\/www.tosunlux.eu\/?post_type=product&#038;p=2205"},"modified":"2024-12-28T15:48:43","modified_gmt":"2024-12-28T07:48:43","slug":"tsm2-moulded-case-circuit-breaker","status":"publish","type":"product","link":"https:\/\/www.tosunlux.eu\/tr\/products\/tsm2-moulded-case-circuit-breaker\/","title":{"rendered":"TSM2 Kal\u0131pl\u0131 Kasa Devre Kesici"},"content":{"rendered":"<figure class=\"wp-block-image size-large is-resized\"><img decoding=\"async\" src=\"https:\/\/www.tosunlux.eu\/wp-content\/uploads\/2023\/06\/logo-2-1024x253.jpg\" alt=\"\" class=\"wp-image-7256\" width=\"256\" height=\"63\" srcset=\"https:\/\/www.tosunlux.eu\/wp-content\/uploads\/2023\/06\/logo-2-1024x253.jpg 1024w, https:\/\/www.tosunlux.eu\/wp-content\/uploads\/2023\/06\/logo-2-300x74.jpg 300w, https:\/\/www.tosunlux.eu\/wp-content\/uploads\/2023\/06\/logo-2-768x190.jpg 768w, https:\/\/www.tosunlux.eu\/wp-content\/uploads\/2023\/06\/logo-2-1536x380.jpg 1536w, https:\/\/www.tosunlux.eu\/wp-content\/uploads\/2023\/06\/logo-2-18x4.jpg 18w, https:\/\/www.tosunlux.eu\/wp-content\/uploads\/2023\/06\/logo-2.jpg 1600w\" sizes=\"(max-width: 256px) 100vw, 256px\" \/><\/figure>\n\n\n\n<p><strong>Ba\u015fvuru<\/strong><\/p>\n\n\n\n<p><\/p>\n\n\n\n<p>TSM2 serisi kal\u0131pl\u0131 kasa devre kesici, 800V nominal yal\u0131t\u0131m voltaj\u0131 ile tedarik edilir ve AC 50Hz devreleri, AC 400V nominal \u00e7al\u0131\u015fma voltaj\u0131 veya 1600A&#039;ya kadar nominal \u00e7al\u0131\u015fma ak\u0131m\u0131n\u0131n alt\u0131nda, motorlar\u0131n seyrek olarak de\u011fi\u015ftirilmesi ve \u00e7al\u0131\u015ft\u0131r\u0131lmas\u0131 i\u00e7in kullan\u0131l\u0131r. A\u015f\u0131r\u0131 ak\u0131m, k\u0131sa devre ve d\u00fc\u015f\u00fck voltaj i\u00e7in koruma cihazlar\u0131 ile donat\u0131lm\u0131\u015f olan \u00fcr\u00fcn, devrelerin ve besleme \u00fcnitelerinin hasar g\u00f6rmesini \u00f6nleyebilir. \u00dcr\u00fcnler IEC60947-2 ile uyumludur.<\/p>\n\n\n\n<p><\/p>\n\n\n\n<p><strong>\u015eartname<\/strong><\/p>\n\n\n\n<p><\/p>\n\n\n\n<p><\/p>\n\n\n<table width=\"715\">\n<tbody>\n<tr>\n<td rowspan=\"2\" width=\"102\">\u00d6rnek<\/td>\n<td rowspan=\"2\" width=\"109\">Anma ak\u0131m\u0131 (A)<\/td>\n<td rowspan=\"2\" width=\"72\">Kutup Say\u0131s\u0131<\/td>\n<td rowspan=\"2\" width=\"72\">Nominal Yal\u0131t\u0131m Voltaj\u0131 (V)<\/td>\n<td rowspan=\"2\" width=\"72\">Yaylanma Mesafesi(mm)<\/td>\n<td rowspan=\"2\" width=\"72\">UltimateshortCircuitBreakingCapacity(KA)<\/td>\n<td rowspan=\"2\" width=\"72\">HizmetK\u0131saDevreKesmeKapasitesi(KA)<\/td>\n<td colspan=\"2\" width=\"144\">\u0130\u015flemPerformans<\/td>\n<\/tr>\n<tr>\n<td width=\"72\">A\u00c7IK<\/td>\n<td width=\"72\">KAPALI<\/td>\n<\/tr>\n<tr>\n<td width=\"102\">TSM2-63L<\/td>\n<td rowspan=\"2\" width=\"109\">10.16.20.25.32.40.50.63<\/td>\n<td rowspan=\"12\" width=\"72\">3.4<\/td>\n<td rowspan=\"2\" width=\"72\">500<\/td>\n<td width=\"72\">0(\u226650)<\/td>\n<td width=\"72\">25<\/td>\n<td width=\"72\">18<\/td>\n<td rowspan=\"5\" width=\"72\">1500<\/td>\n<td rowspan=\"5\" width=\"72\">8500<\/td>\n<\/tr>\n<tr>\n<td width=\"102\">TSM2-63M<\/td>\n<td width=\"72\">0(\u226650)<\/td>\n<td width=\"72\">50<\/td>\n<td width=\"72\">22<\/td>\n<\/tr>\n<tr>\n<td width=\"102\">TSM2-125L<\/td>\n<td rowspan=\"3\" width=\"109\">16,20.25.32.40.50.63.80.100,125<\/td>\n<td rowspan=\"13\" width=\"72\">1000<\/td>\n<td width=\"72\">0(\u226650)<\/td>\n<td width=\"72\">35<\/td>\n<td width=\"72\">22<\/td>\n<\/tr>\n<tr>\n<td width=\"102\">TSM2-125M<\/td>\n<td width=\"72\">0(\u226650)<\/td>\n<td width=\"72\">50<\/td>\n<td width=\"72\">35<\/td>\n<\/tr>\n<tr>\n<td width=\"102\">TSM2-125H<\/td>\n<td width=\"72\">0(\u226650)<\/td>\n<td width=\"72\">65<\/td>\n<td width=\"72\">50<\/td>\n<\/tr>\n<tr>\n<td width=\"102\">TSM2-225L<\/td>\n<td rowspan=\"3\" width=\"109\">100,125160,180.200,225<\/td>\n<td width=\"72\">&nbsp;\u226680<\/td>\n<td width=\"72\">35<\/td>\n<td width=\"72\">22<\/td>\n<td rowspan=\"3\" width=\"72\">1000<\/td>\n<td rowspan=\"3\" width=\"72\">7000<\/td>\n<\/tr>\n<tr>\n<td width=\"102\">TSM2-225M<\/td>\n<td width=\"72\">&nbsp;\u226680<\/td>\n<td width=\"72\">50<\/td>\n<td width=\"72\">35<\/td>\n<\/tr>\n<tr>\n<td width=\"102\">TSM2-225H<\/td>\n<td width=\"72\">&nbsp;\u226680<\/td>\n<td width=\"72\">70<\/td>\n<td width=\"72\">50<\/td>\n<\/tr>\n<tr>\n<td width=\"102\">TSM2-400L<\/td>\n<td rowspan=\"2\" width=\"109\">225.250315,350400<\/td>\n<td width=\"72\">&nbsp;\u2266100<\/td>\n<td width=\"72\">50<\/td>\n<td width=\"72\">25<\/td>\n<td rowspan=\"4\" width=\"72\">1000<\/td>\n<td rowspan=\"4\" width=\"72\">4000<\/td>\n<\/tr>\n<tr>\n<td width=\"102\">TSM2-400M<\/td>\n<td width=\"72\">&nbsp;\u2266100<\/td>\n<td width=\"72\">65<\/td>\n<td width=\"72\">32.5<\/td>\n<\/tr>\n<tr>\n<td width=\"102\">TSM2-630L<\/td>\n<td rowspan=\"2\" width=\"109\">400630<\/td>\n<td width=\"72\">&nbsp;\u2266100<\/td>\n<td width=\"72\">50<\/td>\n<td width=\"72\">25<\/td>\n<\/tr>\n<tr>\n<td width=\"102\">TSM2-630H<\/td>\n<td width=\"72\">&nbsp;\u2266100<\/td>\n<td width=\"72\">100<\/td>\n<td width=\"72\">50<\/td>\n<\/tr>\n<tr>\n<td width=\"102\">TSM2-800M<\/td>\n<td width=\"109\">630.700800<\/td>\n<td rowspan=\"3\" width=\"72\">3<\/td>\n<td width=\"72\">&nbsp;\u2266100<\/td>\n<td width=\"72\">75<\/td>\n<td width=\"72\">37.5<\/td>\n<td rowspan=\"3\" width=\"72\">500<\/td>\n<td rowspan=\"3\" width=\"72\">2500<\/td>\n<\/tr>\n<tr>\n<td width=\"102\">TSM2-1250M<\/td>\n<td width=\"109\">1000,1250<\/td>\n<td width=\"72\">&nbsp;\u2266100<\/td>\n<td width=\"72\">65<\/td>\n<td width=\"72\">50<\/td>\n<\/tr>\n<tr>\n<td width=\"102\">TSM2-1600M<\/td>\n<td width=\"109\">1600<\/td>\n<td width=\"72\">&nbsp;\u2266100<\/td>\n<td width=\"72\">65<\/td>\n<td width=\"72\">50<\/td>\n<\/tr>\n<\/tbody>\n<\/table>","protected":false},"parent":0,"template":"","product_category":[24,79],"class_list":["post-2205","product","type-product","status-publish","hentry","product_category-power-distribution-system","product_category-mccb"],"yoast_head":"<!-- This site is optimized with the Yoast SEO plugin v27.5 - https:\/\/yoast.com\/product\/yoast-seo-wordpress\/ -->\n<title>WholesaleTSM2 Moulded Case Circuit Breaker - TOSUNlux Official Site - Electrical Circuit Breaker Manufacturer in China Low Voltage Electrical Supplier | TOSUNlux<\/title>\n<meta name=\"description\" content=\"TSM2 Moulded Case Circuit Breaker Supplier - Wholesale direct from TOSUNlux, a trusted manufacturer since 1994. Get your B2B factory quote on our certified Low Voltage electrical products.\" \/>\n<meta name=\"robots\" content=\"index, follow, max-snippet:-1, max-image-preview:large, max-video-preview:-1\" \/>\n<link rel=\"canonical\" href=\"https:\/\/www.tosunlux.eu\/tr\/products\/tsm2-moulded-case-circuit-breaker\/\" \/>\n<meta property=\"og:locale\" content=\"tr_TR\" \/>\n<meta property=\"og:type\" content=\"article\" \/>\n<meta property=\"og:title\" content=\"WholesaleTSM2 Moulded Case Circuit Breaker - TOSUNlux Official Site - Electrical Circuit Breaker Manufacturer in China Low Voltage Electrical Supplier | TOSUNlux\" \/>\n<meta property=\"og:description\" content=\"TSM2 Moulded Case Circuit Breaker Supplier - Wholesale direct from TOSUNlux, a trusted manufacturer since 1994. Get your B2B factory quote on our certified Low Voltage electrical products.\" \/>\n<meta property=\"og:url\" content=\"https:\/\/www.tosunlux.eu\/tr\/products\/tsm2-moulded-case-circuit-breaker\/\" \/>\n<meta property=\"og:site_name\" content=\"TOSUNlux Official Site - Electrical Circuit Breaker Manufacturer in China\" \/>\n<meta property=\"article:publisher\" content=\"https:\/\/www.facebook.com\/TOSUNelectric\/\" \/>\n<meta property=\"article:modified_time\" content=\"2024-12-28T07:48:43+00:00\" \/>\n<meta property=\"og:image\" content=\"https:\/\/www.tosunlux.eu\/wp-content\/uploads\/2023\/06\/logo-2-1024x253.jpg\" \/>\n<meta name=\"twitter:card\" content=\"summary_large_image\" \/>\n<meta name=\"twitter:label1\" content=\"Tahmini okuma s\u00fcresi\" \/>\n\t<meta name=\"twitter:data1\" content=\"1 dakika\" \/>\n<script type=\"application\/ld+json\" class=\"yoast-schema-graph\">{\"@context\":\"https:\\\/\\\/schema.org\",\"@graph\":[{\"@type\":\"WebPage\",\"@id\":\"https:\\\/\\\/www.tosunlux.eu\\\/hy\\\/products\\\/tsm2-moulded-case-circuit-breaker\\\/\",\"url\":\"https:\\\/\\\/www.tosunlux.eu\\\/hy\\\/products\\\/tsm2-moulded-case-circuit-breaker\\\/\",\"name\":\"WholesaleTSM2 Moulded Case Circuit Breaker - TOSUNlux Official Site - Electrical Circuit Breaker Manufacturer in China Low Voltage Electrical Supplier | TOSUNlux\",\"isPartOf\":{\"@id\":\"https:\\\/\\\/www.tosunlux.eu\\\/ru\\\/#website\"},\"primaryImageOfPage\":{\"@id\":\"https:\\\/\\\/www.tosunlux.eu\\\/hy\\\/products\\\/tsm2-moulded-case-circuit-breaker\\\/#primaryimage\"},\"image\":{\"@id\":\"https:\\\/\\\/www.tosunlux.eu\\\/hy\\\/products\\\/tsm2-moulded-case-circuit-breaker\\\/#primaryimage\"},\"thumbnailUrl\":\"https:\\\/\\\/www.tosunlux.eu\\\/wp-content\\\/uploads\\\/2023\\\/06\\\/logo-2-1024x253.jpg\",\"datePublished\":\"2022-05-03T06:26:19+00:00\",\"dateModified\":\"2024-12-28T07:48:43+00:00\",\"description\":\"TSM2 Moulded Case Circuit Breaker Supplier - Wholesale direct from TOSUNlux, a trusted manufacturer since 1994. Get your B2B factory quote on our certified Low Voltage electrical products.\",\"breadcrumb\":{\"@id\":\"https:\\\/\\\/www.tosunlux.eu\\\/hy\\\/products\\\/tsm2-moulded-case-circuit-breaker\\\/#breadcrumb\"},\"inLanguage\":\"tr\",\"potentialAction\":[{\"@type\":\"ReadAction\",\"target\":[\"https:\\\/\\\/www.tosunlux.eu\\\/hy\\\/products\\\/tsm2-moulded-case-circuit-breaker\\\/\"]}]},{\"@type\":\"ImageObject\",\"inLanguage\":\"tr\",\"@id\":\"https:\\\/\\\/www.tosunlux.eu\\\/hy\\\/products\\\/tsm2-moulded-case-circuit-breaker\\\/#primaryimage\",\"url\":\"https:\\\/\\\/www.tosunlux.eu\\\/wp-content\\\/uploads\\\/2023\\\/06\\\/logo-2-1024x253.jpg\",\"contentUrl\":\"https:\\\/\\\/www.tosunlux.eu\\\/wp-content\\\/uploads\\\/2023\\\/06\\\/logo-2-1024x253.jpg\"},{\"@type\":\"BreadcrumbList\",\"@id\":\"https:\\\/\\\/www.tosunlux.eu\\\/hy\\\/products\\\/tsm2-moulded-case-circuit-breaker\\\/#breadcrumb\",\"itemListElement\":[{\"@type\":\"ListItem\",\"position\":1,\"name\":\"Home\",\"item\":\"https:\\\/\\\/www.tosunlux.eu\\\/ru\\\/\"},{\"@type\":\"ListItem\",\"position\":2,\"name\":\"Products\",\"item\":\"https:\\\/\\\/www.tosunlux.eu\\\/products\\\/\"},{\"@type\":\"ListItem\",\"position\":3,\"name\":\"TSM2 Moulded Case Circuit Breaker\"}]},{\"@type\":\"WebSite\",\"@id\":\"https:\\\/\\\/www.tosunlux.eu\\\/ru\\\/#website\",\"url\":\"https:\\\/\\\/www.tosunlux.eu\\\/ru\\\/\",\"name\":\"TOSUNlux Official Site - Electrical Circuit Breaker Manufacturer in China\",\"description\":\"Power Distribution System Supplier\",\"publisher\":{\"@id\":\"https:\\\/\\\/www.tosunlux.eu\\\/ru\\\/#organization\"},\"alternateName\":\"TOSUNlux\",\"potentialAction\":[{\"@type\":\"SearchAction\",\"target\":{\"@type\":\"EntryPoint\",\"urlTemplate\":\"https:\\\/\\\/www.tosunlux.eu\\\/ru\\\/?s={search_term_string}\"},\"query-input\":{\"@type\":\"PropertyValueSpecification\",\"valueRequired\":true,\"valueName\":\"search_term_string\"}}],\"inLanguage\":\"tr\"},{\"@type\":\"Organization\",\"@id\":\"https:\\\/\\\/www.tosunlux.eu\\\/ru\\\/#organization\",\"name\":\"TOSUNlux\",\"url\":\"https:\\\/\\\/www.tosunlux.eu\\\/ru\\\/\",\"logo\":{\"@type\":\"ImageObject\",\"inLanguage\":\"tr\",\"@id\":\"https:\\\/\\\/www.tosunlux.eu\\\/ru\\\/#\\\/schema\\\/logo\\\/image\\\/\",\"url\":\"https:\\\/\\\/www.tosunlux.eu\\\/wp-content\\\/uploads\\\/2022\\\/01\\\/LOGOSYSM.71762f1.png\",\"contentUrl\":\"https:\\\/\\\/www.tosunlux.eu\\\/wp-content\\\/uploads\\\/2022\\\/01\\\/LOGOSYSM.71762f1.png\",\"width\":153,\"height\":55,\"caption\":\"TOSUNlux\"},\"image\":{\"@id\":\"https:\\\/\\\/www.tosunlux.eu\\\/ru\\\/#\\\/schema\\\/logo\\\/image\\\/\"},\"sameAs\":[\"https:\\\/\\\/www.facebook.com\\\/TOSUNelectric\\\/\",\"https:\\\/\\\/www.linkedin.com\\\/company\\\/wenzhou-tosun-electric-co.-ltd\\\/\"]}]}<\/script>\n<!-- \/ Yoast SEO plugin. -->","yoast_head_json":{"title":"WholesaleTSM2 Moulded Case Circuit Breaker - TOSUNlux Official Site - Electrical Circuit Breaker Manufacturer in China Low Voltage Electrical Supplier | TOSUNlux","description":"TSM2 Moulded Case Circuit Breaker Supplier - Wholesale direct from TOSUNlux, a trusted manufacturer since 1994. Get your B2B factory quote on our certified Low Voltage electrical products.","robots":{"index":"index","follow":"follow","max-snippet":"max-snippet:-1","max-image-preview":"max-image-preview:large","max-video-preview":"max-video-preview:-1"},"canonical":"https:\/\/www.tosunlux.eu\/tr\/products\/tsm2-moulded-case-circuit-breaker\/","og_locale":"tr_TR","og_type":"article","og_title":"WholesaleTSM2 Moulded Case Circuit Breaker - TOSUNlux Official Site - Electrical Circuit Breaker Manufacturer in China Low Voltage Electrical Supplier | TOSUNlux","og_description":"TSM2 Moulded Case Circuit Breaker Supplier - Wholesale direct from TOSUNlux, a trusted manufacturer since 1994. Get your B2B factory quote on our certified Low Voltage electrical products.","og_url":"https:\/\/www.tosunlux.eu\/tr\/products\/tsm2-moulded-case-circuit-breaker\/","og_site_name":"TOSUNlux Official Site - Electrical Circuit Breaker Manufacturer in China","article_publisher":"https:\/\/www.facebook.com\/TOSUNelectric\/","article_modified_time":"2024-12-28T07:48:43+00:00","og_image":[{"url":"https:\/\/www.tosunlux.eu\/wp-content\/uploads\/2023\/06\/logo-2-1024x253.jpg","type":"","width":"","height":""}],"twitter_card":"summary_large_image","twitter_misc":{"Tahmini okuma s\u00fcresi":"1 dakika"},"schema":{"@context":"https:\/\/schema.org","@graph":[{"@type":"WebPage","@id":"https:\/\/www.tosunlux.eu\/hy\/products\/tsm2-moulded-case-circuit-breaker\/","url":"https:\/\/www.tosunlux.eu\/hy\/products\/tsm2-moulded-case-circuit-breaker\/","name":"WholesaleTSM2 Moulded Case Circuit Breaker - TOSUNlux Official Site - Electrical Circuit Breaker Manufacturer in China Low Voltage Electrical Supplier | TOSUNlux","isPartOf":{"@id":"https:\/\/www.tosunlux.eu\/ru\/#website"},"primaryImageOfPage":{"@id":"https:\/\/www.tosunlux.eu\/hy\/products\/tsm2-moulded-case-circuit-breaker\/#primaryimage"},"image":{"@id":"https:\/\/www.tosunlux.eu\/hy\/products\/tsm2-moulded-case-circuit-breaker\/#primaryimage"},"thumbnailUrl":"https:\/\/www.tosunlux.eu\/wp-content\/uploads\/2023\/06\/logo-2-1024x253.jpg","datePublished":"2022-05-03T06:26:19+00:00","dateModified":"2024-12-28T07:48:43+00:00","description":"TSM2 Moulded Case Circuit Breaker Supplier - Wholesale direct from TOSUNlux, a trusted manufacturer since 1994. Get your B2B factory quote on our certified Low Voltage electrical products.","breadcrumb":{"@id":"https:\/\/www.tosunlux.eu\/hy\/products\/tsm2-moulded-case-circuit-breaker\/#breadcrumb"},"inLanguage":"tr","potentialAction":[{"@type":"ReadAction","target":["https:\/\/www.tosunlux.eu\/hy\/products\/tsm2-moulded-case-circuit-breaker\/"]}]},{"@type":"ImageObject","inLanguage":"tr","@id":"https:\/\/www.tosunlux.eu\/hy\/products\/tsm2-moulded-case-circuit-breaker\/#primaryimage","url":"https:\/\/www.tosunlux.eu\/wp-content\/uploads\/2023\/06\/logo-2-1024x253.jpg","contentUrl":"https:\/\/www.tosunlux.eu\/wp-content\/uploads\/2023\/06\/logo-2-1024x253.jpg"},{"@type":"BreadcrumbList","@id":"https:\/\/www.tosunlux.eu\/hy\/products\/tsm2-moulded-case-circuit-breaker\/#breadcrumb","itemListElement":[{"@type":"ListItem","position":1,"name":"Home","item":"https:\/\/www.tosunlux.eu\/ru\/"},{"@type":"ListItem","position":2,"name":"Products","item":"https:\/\/www.tosunlux.eu\/products\/"},{"@type":"ListItem","position":3,"name":"TSM2 Moulded Case Circuit Breaker"}]},{"@type":"WebSite","@id":"https:\/\/www.tosunlux.eu\/ru\/#website","url":"https:\/\/www.tosunlux.eu\/ru\/","name":"TOSUNlux Resmi Sitesi - \u00c7in&#039;de Elektrik Sigortas\u0131 \u00dcreticisi","description":"G\u00fc\u00e7 Da\u011f\u0131t\u0131m Sistemi Tedarik\u00e7isi","publisher":{"@id":"https:\/\/www.tosunlux.eu\/ru\/#organization"},"alternateName":"TOSUNlux","potentialAction":[{"@type":"SearchAction","target":{"@type":"EntryPoint","urlTemplate":"https:\/\/www.tosunlux.eu\/ru\/?s={search_term_string}"},"query-input":{"@type":"PropertyValueSpecification","valueRequired":true,"valueName":"search_term_string"}}],"inLanguage":"tr"},{"@type":"Organization","@id":"https:\/\/www.tosunlux.eu\/ru\/#organization","name":"TOSUNlux","url":"https:\/\/www.tosunlux.eu\/ru\/","logo":{"@type":"ImageObject","inLanguage":"tr","@id":"https:\/\/www.tosunlux.eu\/ru\/#\/schema\/logo\/image\/","url":"https:\/\/www.tosunlux.eu\/wp-content\/uploads\/2022\/01\/LOGOSYSM.71762f1.png","contentUrl":"https:\/\/www.tosunlux.eu\/wp-content\/uploads\/2022\/01\/LOGOSYSM.71762f1.png","width":153,"height":55,"caption":"TOSUNlux"},"image":{"@id":"https:\/\/www.tosunlux.eu\/ru\/#\/schema\/logo\/image\/"},"sameAs":["https:\/\/www.facebook.com\/TOSUNelectric\/","https:\/\/www.linkedin.com\/company\/wenzhou-tosun-electric-co.-ltd\/"]}]}},"_links":{"self":[{"href":"https:\/\/www.tosunlux.eu\/tr\/wp-json\/wp\/v2\/product\/2205","targetHints":{"allow":["GET"]}}],"collection":[{"href":"https:\/\/www.tosunlux.eu\/tr\/wp-json\/wp\/v2\/product"}],"about":[{"href":"https:\/\/www.tosunlux.eu\/tr\/wp-json\/wp\/v2\/types\/product"}],"version-history":[{"count":1,"href":"https:\/\/www.tosunlux.eu\/tr\/wp-json\/wp\/v2\/product\/2205\/revisions"}],"predecessor-version":[{"id":7257,"href":"https:\/\/www.tosunlux.eu\/tr\/wp-json\/wp\/v2\/product\/2205\/revisions\/7257"}],"wp:attachment":[{"href":"https:\/\/www.tosunlux.eu\/tr\/wp-json\/wp\/v2\/media?parent=2205"}],"wp:term":[{"taxonomy":"product_category","embeddable":true,"href":"https:\/\/www.tosunlux.eu\/tr\/wp-json\/wp\/v2\/product_category?post=2205"}],"curies":[{"name":"wp","href":"https:\/\/api.w.org\/{rel}","templated":true}]}}