{"id":2215,"date":"2022-05-03T15:25:45","date_gmt":"2022-05-03T07:25:45","guid":{"rendered":"https:\/\/www.tosunlux.eu\/?post_type=product&#038;p=2215"},"modified":"2025-02-10T15:10:27","modified_gmt":"2025-02-10T07:10:27","slug":"hr17-fuse-disconnector","status":"publish","type":"product","link":"https:\/\/www.tosunlux.eu\/tr\/products\/hr17-fuse-disconnector\/","title":{"rendered":"HR17 Sigorta Ay\u0131r\u0131c\u0131"},"content":{"rendered":"<p><strong>Ba\u015fvuru<\/strong><\/p>\n\n\n\n<p>HR17 Sigorta ay\u0131r\u0131c\u0131, AC 50\/60 HZ, 690 V&#039;a kadar voltaj ve 630 A&#039;ya kadar nominal \u00e7al\u0131\u015fma ak\u0131m\u0131 ile y\u00fcksek k\u0131sa devre ak\u0131m devresine uygulan\u0131r. \u00dcst ve alt u\u00e7 giri\u015f ve \u00e7\u0131k\u0131\u015f yap\u0131s\u0131n\u0131 i\u015fler, b\u0131\u00e7ak a\u011f\u0131zl\u0131 ve ark s\u00f6nd\u00fcrme ekipman\u0131na sahip ekipmanlarda u\u00e7lar ve ayr\u0131ca y\u00fck ile \u00e7al\u0131\u015ft\u0131r\u0131labilir. Ak\u0131m\u0131 korumak i\u00e7in g\u00fc\u00e7 anahtar\u0131, izolasyon anahtar\u0131 ve acil durum anahtar\u0131 olarak kullan\u0131l\u0131r.<\/p>\n\n\n\n<p><\/p>\n\n\n\n<p><strong>\u015eartname<\/strong><\/p>\n\n\n\n<p><\/p>\n\n\n<table width=\"576\">\n<tbody>\n<tr>\n<td style=\"text-align: center;\" width=\"72\">\u00d6rnek<\/td>\n<td style=\"text-align: center;\" width=\"72\">Anma \u00c7al\u0131\u015fma Ak\u0131m\u0131 le<\/td>\n<td style=\"text-align: center;\" width=\"72\">Anma K\u0131sa Devre Ba\u011flant\u0131 Kapasitesi Icm<\/td>\n<td style=\"text-align: center;\" width=\"72\">Anma S\u0131n\u0131r\u0131K\u0131sa DevreAk\u0131m Inc<\/td>\n<td style=\"text-align: center;\" width=\"72\">Anma Yal\u0131t\u0131ml\u0131 Gerilim Ui<\/td>\n<td style=\"text-align: center;\" width=\"72\">Kullan\u0131m T\u00fcr\u00fc<\/td>\n<td style=\"text-align: center;\" width=\"72\">Kutup Say\u0131s\u0131<\/td>\n<td style=\"text-align: center;\" width=\"72\">E\u015fle\u015fen Sigorta Ba\u011flant\u0131s\u0131<\/td>\n<\/tr>\n<tr>\n<td style=\"text-align: center;\" width=\"72\">HR17-160<\/td>\n<td style=\"text-align: center;\" width=\"72\">160A<\/td>\n<td style=\"text-align: center;\" width=\"72\">1600A<\/td>\n<td style=\"text-align: center;\" rowspan=\"4\" width=\"72\">50kA<\/td>\n<td style=\"text-align: center;\" rowspan=\"4\" width=\"72\">690V<\/td>\n<td style=\"text-align: center;\" rowspan=\"4\" width=\"72\">AC-23B<\/td>\n<td style=\"text-align: center;\" rowspan=\"4\" width=\"72\">3,4<\/td>\n<td style=\"text-align: center;\" width=\"72\">NT00<\/td>\n<\/tr>\n<tr>\n<td style=\"text-align: center;\" width=\"72\">HR17-250<\/td>\n<td style=\"text-align: center;\" width=\"72\">250A<\/td>\n<td style=\"text-align: center;\" width=\"72\">2500A<\/td>\n<td style=\"text-align: center;\" width=\"72\">NT1<\/td>\n<\/tr>\n<tr>\n<td style=\"text-align: center;\" width=\"72\">HR17-400<\/td>\n<td style=\"text-align: center;\" width=\"72\">400A<\/td>\n<td style=\"text-align: center;\" width=\"72\">4000A<\/td>\n<td style=\"text-align: center;\" width=\"72\">NT2<\/td>\n<\/tr>\n<tr>\n<td style=\"text-align: center;\" width=\"72\">HR17-630<\/td>\n<td style=\"text-align: center;\" width=\"72\">630A<\/td>\n<td style=\"text-align: center;\" width=\"72\">6300A<\/td>\n<td style=\"text-align: center;\" width=\"72\">NT3<\/td>\n<\/tr>\n<\/tbody>\n<\/table>\n<p><strong>Boyut<\/strong><\/p>\n<p>\u00a0<\/p>\n<table width=\"687\">\n<tbody>\n<tr>\n<td style=\"text-align: center;\" width=\"111\">\u00d6rnek<\/td>\n<td style=\"text-align: center;\" width=\"72\">\u00c7e\u015fitli Sigorta<\/td>\n<td style=\"text-align: center;\" width=\"72\">A<\/td>\n<td style=\"text-align: center;\" width=\"72\">B<\/td>\n<td style=\"text-align: center;\" width=\"72\">C<\/td>\n<td style=\"text-align: center;\" width=\"72\">D<\/td>\n<td style=\"text-align: center;\" width=\"72\">A<\/td>\n<td style=\"text-align: center;\" width=\"72\">B<\/td>\n<td style=\"text-align: center;\" width=\"72\">\u03a6c<\/td>\n<\/tr>\n<tr>\n<td style=\"text-align: center;\" width=\"111\">HR17-160\/3P<\/td>\n<td style=\"text-align: center;\" width=\"72\">NT00<\/td>\n<td style=\"text-align: center;\" width=\"72\">106<\/td>\n<td style=\"text-align: center;\" width=\"72\">200<\/td>\n<td style=\"text-align: center;\" width=\"72\">83<\/td>\n<td style=\"text-align: center;\" width=\"72\">205<\/td>\n<td style=\"text-align: center;\" width=\"72\">66<\/td>\n<td style=\"text-align: center;\" width=\"72\">25<\/td>\n<td style=\"text-align: center;\" width=\"72\">7. sayfa<\/td>\n<\/tr>\n<tr>\n<td style=\"text-align: center;\" width=\"111\">HR17-250\/3P<\/td>\n<td style=\"text-align: center;\" width=\"72\">NT1<\/td>\n<td style=\"text-align: center;\" width=\"72\">185<\/td>\n<td style=\"text-align: center;\" width=\"72\">247<\/td>\n<td style=\"text-align: center;\" width=\"72\">110<\/td>\n<td style=\"text-align: center;\" width=\"72\">295<\/td>\n<td style=\"text-align: center;\" width=\"72\">114<\/td>\n<td style=\"text-align: center;\" width=\"72\">50<\/td>\n<td style=\"text-align: center;\" width=\"72\">11. sayfa<\/td>\n<\/tr>\n<tr>\n<td style=\"text-align: center;\" width=\"111\">HR17-400\/3P<\/td>\n<td style=\"text-align: center;\" width=\"72\">NT2<\/td>\n<td style=\"text-align: center;\" width=\"72\">210<\/td>\n<td style=\"text-align: center;\" width=\"72\">290<\/td>\n<td style=\"text-align: center;\" width=\"72\">125<\/td>\n<td style=\"text-align: center;\" width=\"72\">340<\/td>\n<td style=\"text-align: center;\" width=\"72\">130<\/td>\n<td style=\"text-align: center;\" width=\"72\">50<\/td>\n<td style=\"text-align: center;\" width=\"72\">11. sayfa<\/td>\n<\/tr>\n<tr>\n<td style=\"text-align: center;\" width=\"111\">HR17-630\/3P<\/td>\n<td style=\"text-align: center;\" width=\"72\">NT3<\/td>\n<td style=\"text-align: center;\" width=\"72\">256<\/td>\n<td style=\"text-align: center;\" width=\"72\">300<\/td>\n<td style=\"text-align: center;\" width=\"72\">145<\/td>\n<td style=\"text-align: center;\" width=\"72\">360<\/td>\n<td style=\"text-align: center;\" width=\"72\">162<\/td>\n<td style=\"text-align: center;\" width=\"72\">50<\/td>\n<td style=\"text-align: center;\" width=\"72\">11. sayfa<\/td>\n<\/tr>\n<tr>\n<td style=\"text-align: center;\" width=\"111\">HR17-160\/4P<\/td>\n<td style=\"text-align: center;\" width=\"72\">NTO0<\/td>\n<td style=\"text-align: center;\" width=\"72\">138<\/td>\n<td style=\"text-align: center;\" width=\"72\">200<\/td>\n<td style=\"text-align: center;\" width=\"72\">83<\/td>\n<td style=\"text-align: center;\" width=\"72\">205<\/td>\n<td style=\"text-align: center;\" width=\"72\">100<\/td>\n<td style=\"text-align: center;\" width=\"72\">25<\/td>\n<td style=\"text-align: center;\" width=\"72\">\u03a67<\/td>\n<\/tr>\n<tr>\n<td style=\"text-align: center;\" width=\"111\">HR17-250\/4P<\/td>\n<td style=\"text-align: center;\" width=\"72\">NT1<\/td>\n<td style=\"text-align: center;\" width=\"72\">242<\/td>\n<td style=\"text-align: center;\" width=\"72\">247<\/td>\n<td style=\"text-align: center;\" width=\"72\">110<\/td>\n<td style=\"text-align: center;\" width=\"72\">295<\/td>\n<td style=\"text-align: center;\" width=\"72\">172<\/td>\n<td style=\"text-align: center;\" width=\"72\">50<\/td>\n<td style=\"text-align: center;\" width=\"72\">11. sayfa<\/td>\n<\/tr>\n<tr>\n<td style=\"text-align: center;\" width=\"111\">HR17-400\/4P<\/td>\n<td style=\"text-align: center;\" width=\"72\">NT2<\/td>\n<td style=\"text-align: center;\" width=\"72\">276<\/td>\n<td style=\"text-align: center;\" width=\"72\">290<\/td>\n<td style=\"text-align: center;\" width=\"72\">125<\/td>\n<td style=\"text-align: center;\" width=\"72\">340<\/td>\n<td style=\"text-align: center;\" width=\"72\">195<\/td>\n<td style=\"text-align: center;\" width=\"72\">50<\/td>\n<td style=\"text-align: center;\" width=\"72\">11. sayfa<\/td>\n<\/tr>\n<tr>\n<td style=\"text-align: center;\" width=\"111\">HR17-630\/4P<\/td>\n<td style=\"text-align: center;\" width=\"72\">NT3<\/td>\n<td style=\"text-align: center;\" width=\"72\">340<\/td>\n<td style=\"text-align: center;\" width=\"72\">300<\/td>\n<td style=\"text-align: center;\" width=\"72\">145<\/td>\n<td style=\"text-align: center;\" width=\"72\">360<\/td>\n<td style=\"text-align: center;\" width=\"72\">243<\/td>\n<td style=\"text-align: center;\" width=\"72\">50<\/td>\n<td style=\"text-align: center;\" width=\"72\">11. sayfa<\/td>\n<\/tr>\n<\/tbody>\n<\/table>\n\n\n<figure class=\"wp-block-image size-large is-resized\"><img fetchpriority=\"high\" decoding=\"async\" src=\"https:\/\/www.tosunlux.eu\/wp-content\/uploads\/2022\/05\/38-3-1024x520.jpg\" alt=\"\" class=\"wp-image-2216\" width=\"683\" height=\"346\" srcset=\"https:\/\/www.tosunlux.eu\/wp-content\/uploads\/2022\/05\/38-3-1024x520.jpg 1024w, https:\/\/www.tosunlux.eu\/wp-content\/uploads\/2022\/05\/38-3-300x152.jpg 300w, https:\/\/www.tosunlux.eu\/wp-content\/uploads\/2022\/05\/38-3-768x390.jpg 768w, https:\/\/www.tosunlux.eu\/wp-content\/uploads\/2022\/05\/38-3-1536x780.jpg 1536w, https:\/\/www.tosunlux.eu\/wp-content\/uploads\/2022\/05\/38-3.jpg 1600w\" sizes=\"(max-width: 683px) 100vw, 683px\" \/><\/figure>\n\n\n\n<p><\/p>","protected":false},"parent":0,"template":"","product_category":[24,88],"class_list":["post-2215","product","type-product","status-publish","hentry","product_category-power-distribution-system","product_category-fuse"],"yoast_head":"<!-- This site is optimized with the Yoast SEO plugin v27.5 - https:\/\/yoast.com\/product\/yoast-seo-wordpress\/ -->\n<title>WholesaleHR17 Fuse Disconnector - TOSUNlux Official Site - Electrical Circuit Breaker Manufacturer in China Low Voltage Electrical Supplier | TOSUNlux<\/title>\n<meta name=\"description\" content=\"HR17 Fuse Disconnector Supplier - Wholesale direct from TOSUNlux, a trusted manufacturer since 1994. Get your B2B factory quote on our certified Low Voltage electrical products.\" \/>\n<meta name=\"robots\" content=\"index, follow, max-snippet:-1, max-image-preview:large, max-video-preview:-1\" \/>\n<link rel=\"canonical\" href=\"https:\/\/www.tosunlux.eu\/tr\/products\/hr17-fuse-disconnector\/\" \/>\n<meta property=\"og:locale\" content=\"tr_TR\" \/>\n<meta property=\"og:type\" content=\"article\" \/>\n<meta property=\"og:title\" content=\"WholesaleHR17 Fuse Disconnector - TOSUNlux Official Site - Electrical Circuit Breaker Manufacturer in China Low Voltage Electrical Supplier | TOSUNlux\" \/>\n<meta property=\"og:description\" content=\"HR17 Fuse Disconnector Supplier - Wholesale direct from TOSUNlux, a trusted manufacturer since 1994. Get your B2B factory quote on our certified Low Voltage electrical products.\" \/>\n<meta property=\"og:url\" content=\"https:\/\/www.tosunlux.eu\/tr\/products\/hr17-fuse-disconnector\/\" \/>\n<meta property=\"og:site_name\" content=\"TOSUNlux Official Site - Electrical Circuit Breaker Manufacturer in China\" \/>\n<meta property=\"article:publisher\" content=\"https:\/\/www.facebook.com\/TOSUNelectric\/\" \/>\n<meta property=\"article:modified_time\" content=\"2025-02-10T07:10:27+00:00\" \/>\n<meta property=\"og:image\" content=\"https:\/\/www.tosunlux.eu\/wp-content\/uploads\/2022\/05\/38-3-1024x520.jpg\" \/>\n<meta name=\"twitter:card\" content=\"summary_large_image\" \/>\n<meta name=\"twitter:label1\" content=\"Tahmini okuma s\u00fcresi\" \/>\n\t<meta name=\"twitter:data1\" content=\"2 dakika\" \/>\n<script type=\"application\/ld+json\" class=\"yoast-schema-graph\">{\"@context\":\"https:\\\/\\\/schema.org\",\"@graph\":[{\"@type\":\"WebPage\",\"@id\":\"https:\\\/\\\/www.tosunlux.eu\\\/ur\\\/products\\\/hr17-fuse-disconnector\\\/\",\"url\":\"https:\\\/\\\/www.tosunlux.eu\\\/ur\\\/products\\\/hr17-fuse-disconnector\\\/\",\"name\":\"WholesaleHR17 Fuse Disconnector - TOSUNlux Official Site - Electrical Circuit Breaker Manufacturer in China Low Voltage Electrical Supplier | TOSUNlux\",\"isPartOf\":{\"@id\":\"https:\\\/\\\/www.tosunlux.eu\\\/ru\\\/#website\"},\"primaryImageOfPage\":{\"@id\":\"https:\\\/\\\/www.tosunlux.eu\\\/ur\\\/products\\\/hr17-fuse-disconnector\\\/#primaryimage\"},\"image\":{\"@id\":\"https:\\\/\\\/www.tosunlux.eu\\\/ur\\\/products\\\/hr17-fuse-disconnector\\\/#primaryimage\"},\"thumbnailUrl\":\"https:\\\/\\\/www.tosunlux.eu\\\/wp-content\\\/uploads\\\/2022\\\/05\\\/38-3-1024x520.jpg\",\"datePublished\":\"2022-05-03T07:25:45+00:00\",\"dateModified\":\"2025-02-10T07:10:27+00:00\",\"description\":\"HR17 Fuse Disconnector Supplier - Wholesale direct from TOSUNlux, a trusted manufacturer since 1994. Get your B2B factory quote on our certified Low Voltage electrical products.\",\"breadcrumb\":{\"@id\":\"https:\\\/\\\/www.tosunlux.eu\\\/ur\\\/products\\\/hr17-fuse-disconnector\\\/#breadcrumb\"},\"inLanguage\":\"tr\",\"potentialAction\":[{\"@type\":\"ReadAction\",\"target\":[\"https:\\\/\\\/www.tosunlux.eu\\\/ur\\\/products\\\/hr17-fuse-disconnector\\\/\"]}]},{\"@type\":\"ImageObject\",\"inLanguage\":\"tr\",\"@id\":\"https:\\\/\\\/www.tosunlux.eu\\\/ur\\\/products\\\/hr17-fuse-disconnector\\\/#primaryimage\",\"url\":\"https:\\\/\\\/www.tosunlux.eu\\\/wp-content\\\/uploads\\\/2022\\\/05\\\/38-3-1024x520.jpg\",\"contentUrl\":\"https:\\\/\\\/www.tosunlux.eu\\\/wp-content\\\/uploads\\\/2022\\\/05\\\/38-3-1024x520.jpg\"},{\"@type\":\"BreadcrumbList\",\"@id\":\"https:\\\/\\\/www.tosunlux.eu\\\/ur\\\/products\\\/hr17-fuse-disconnector\\\/#breadcrumb\",\"itemListElement\":[{\"@type\":\"ListItem\",\"position\":1,\"name\":\"Home\",\"item\":\"https:\\\/\\\/www.tosunlux.eu\\\/ru\\\/\"},{\"@type\":\"ListItem\",\"position\":2,\"name\":\"Products\",\"item\":\"https:\\\/\\\/www.tosunlux.eu\\\/products\\\/\"},{\"@type\":\"ListItem\",\"position\":3,\"name\":\"HR17 Fuse Disconnector\"}]},{\"@type\":\"WebSite\",\"@id\":\"https:\\\/\\\/www.tosunlux.eu\\\/ru\\\/#website\",\"url\":\"https:\\\/\\\/www.tosunlux.eu\\\/ru\\\/\",\"name\":\"TOSUNlux Official Site - Electrical Circuit Breaker Manufacturer in China\",\"description\":\"Power Distribution System Supplier\",\"publisher\":{\"@id\":\"https:\\\/\\\/www.tosunlux.eu\\\/ru\\\/#organization\"},\"alternateName\":\"TOSUNlux\",\"potentialAction\":[{\"@type\":\"SearchAction\",\"target\":{\"@type\":\"EntryPoint\",\"urlTemplate\":\"https:\\\/\\\/www.tosunlux.eu\\\/ru\\\/?s={search_term_string}\"},\"query-input\":{\"@type\":\"PropertyValueSpecification\",\"valueRequired\":true,\"valueName\":\"search_term_string\"}}],\"inLanguage\":\"tr\"},{\"@type\":\"Organization\",\"@id\":\"https:\\\/\\\/www.tosunlux.eu\\\/ru\\\/#organization\",\"name\":\"TOSUNlux\",\"url\":\"https:\\\/\\\/www.tosunlux.eu\\\/ru\\\/\",\"logo\":{\"@type\":\"ImageObject\",\"inLanguage\":\"tr\",\"@id\":\"https:\\\/\\\/www.tosunlux.eu\\\/ru\\\/#\\\/schema\\\/logo\\\/image\\\/\",\"url\":\"https:\\\/\\\/www.tosunlux.eu\\\/wp-content\\\/uploads\\\/2022\\\/01\\\/LOGOSYSM.71762f1.png\",\"contentUrl\":\"https:\\\/\\\/www.tosunlux.eu\\\/wp-content\\\/uploads\\\/2022\\\/01\\\/LOGOSYSM.71762f1.png\",\"width\":153,\"height\":55,\"caption\":\"TOSUNlux\"},\"image\":{\"@id\":\"https:\\\/\\\/www.tosunlux.eu\\\/ru\\\/#\\\/schema\\\/logo\\\/image\\\/\"},\"sameAs\":[\"https:\\\/\\\/www.facebook.com\\\/TOSUNelectric\\\/\",\"https:\\\/\\\/www.linkedin.com\\\/company\\\/wenzhou-tosun-electric-co.-ltd\\\/\"]}]}<\/script>\n<!-- \/ Yoast SEO plugin. -->","yoast_head_json":{"title":"WholesaleHR17 Fuse Disconnector - TOSUNlux Official Site - Electrical Circuit Breaker Manufacturer in China Low Voltage Electrical Supplier | TOSUNlux","description":"HR17 Fuse Disconnector Supplier - Wholesale direct from TOSUNlux, a trusted manufacturer since 1994. Get your B2B factory quote on our certified Low Voltage electrical products.","robots":{"index":"index","follow":"follow","max-snippet":"max-snippet:-1","max-image-preview":"max-image-preview:large","max-video-preview":"max-video-preview:-1"},"canonical":"https:\/\/www.tosunlux.eu\/tr\/products\/hr17-fuse-disconnector\/","og_locale":"tr_TR","og_type":"article","og_title":"WholesaleHR17 Fuse Disconnector - TOSUNlux Official Site - Electrical Circuit Breaker Manufacturer in China Low Voltage Electrical Supplier | TOSUNlux","og_description":"HR17 Fuse Disconnector Supplier - Wholesale direct from TOSUNlux, a trusted manufacturer since 1994. Get your B2B factory quote on our certified Low Voltage electrical products.","og_url":"https:\/\/www.tosunlux.eu\/tr\/products\/hr17-fuse-disconnector\/","og_site_name":"TOSUNlux Official Site - Electrical Circuit Breaker Manufacturer in China","article_publisher":"https:\/\/www.facebook.com\/TOSUNelectric\/","article_modified_time":"2025-02-10T07:10:27+00:00","og_image":[{"url":"https:\/\/www.tosunlux.eu\/wp-content\/uploads\/2022\/05\/38-3-1024x520.jpg","type":"","width":"","height":""}],"twitter_card":"summary_large_image","twitter_misc":{"Tahmini okuma s\u00fcresi":"2 dakika"},"schema":{"@context":"https:\/\/schema.org","@graph":[{"@type":"WebPage","@id":"https:\/\/www.tosunlux.eu\/ur\/products\/hr17-fuse-disconnector\/","url":"https:\/\/www.tosunlux.eu\/ur\/products\/hr17-fuse-disconnector\/","name":"WholesaleHR17 Fuse Disconnector - TOSUNlux Official Site - Electrical Circuit Breaker Manufacturer in China Low Voltage Electrical Supplier | TOSUNlux","isPartOf":{"@id":"https:\/\/www.tosunlux.eu\/ru\/#website"},"primaryImageOfPage":{"@id":"https:\/\/www.tosunlux.eu\/ur\/products\/hr17-fuse-disconnector\/#primaryimage"},"image":{"@id":"https:\/\/www.tosunlux.eu\/ur\/products\/hr17-fuse-disconnector\/#primaryimage"},"thumbnailUrl":"https:\/\/www.tosunlux.eu\/wp-content\/uploads\/2022\/05\/38-3-1024x520.jpg","datePublished":"2022-05-03T07:25:45+00:00","dateModified":"2025-02-10T07:10:27+00:00","description":"HR17 Fuse Disconnector Supplier - Wholesale direct from TOSUNlux, a trusted manufacturer since 1994. Get your B2B factory quote on our certified Low Voltage electrical products.","breadcrumb":{"@id":"https:\/\/www.tosunlux.eu\/ur\/products\/hr17-fuse-disconnector\/#breadcrumb"},"inLanguage":"tr","potentialAction":[{"@type":"ReadAction","target":["https:\/\/www.tosunlux.eu\/ur\/products\/hr17-fuse-disconnector\/"]}]},{"@type":"ImageObject","inLanguage":"tr","@id":"https:\/\/www.tosunlux.eu\/ur\/products\/hr17-fuse-disconnector\/#primaryimage","url":"https:\/\/www.tosunlux.eu\/wp-content\/uploads\/2022\/05\/38-3-1024x520.jpg","contentUrl":"https:\/\/www.tosunlux.eu\/wp-content\/uploads\/2022\/05\/38-3-1024x520.jpg"},{"@type":"BreadcrumbList","@id":"https:\/\/www.tosunlux.eu\/ur\/products\/hr17-fuse-disconnector\/#breadcrumb","itemListElement":[{"@type":"ListItem","position":1,"name":"Home","item":"https:\/\/www.tosunlux.eu\/ru\/"},{"@type":"ListItem","position":2,"name":"Products","item":"https:\/\/www.tosunlux.eu\/products\/"},{"@type":"ListItem","position":3,"name":"HR17 Fuse Disconnector"}]},{"@type":"WebSite","@id":"https:\/\/www.tosunlux.eu\/ru\/#website","url":"https:\/\/www.tosunlux.eu\/ru\/","name":"TOSUNlux Resmi Sitesi - \u00c7in&#039;de Elektrik Sigortas\u0131 \u00dcreticisi","description":"G\u00fc\u00e7 Da\u011f\u0131t\u0131m Sistemi Tedarik\u00e7isi","publisher":{"@id":"https:\/\/www.tosunlux.eu\/ru\/#organization"},"alternateName":"TOSUNlux","potentialAction":[{"@type":"SearchAction","target":{"@type":"EntryPoint","urlTemplate":"https:\/\/www.tosunlux.eu\/ru\/?s={search_term_string}"},"query-input":{"@type":"PropertyValueSpecification","valueRequired":true,"valueName":"search_term_string"}}],"inLanguage":"tr"},{"@type":"Organization","@id":"https:\/\/www.tosunlux.eu\/ru\/#organization","name":"TOSUNlux","url":"https:\/\/www.tosunlux.eu\/ru\/","logo":{"@type":"ImageObject","inLanguage":"tr","@id":"https:\/\/www.tosunlux.eu\/ru\/#\/schema\/logo\/image\/","url":"https:\/\/www.tosunlux.eu\/wp-content\/uploads\/2022\/01\/LOGOSYSM.71762f1.png","contentUrl":"https:\/\/www.tosunlux.eu\/wp-content\/uploads\/2022\/01\/LOGOSYSM.71762f1.png","width":153,"height":55,"caption":"TOSUNlux"},"image":{"@id":"https:\/\/www.tosunlux.eu\/ru\/#\/schema\/logo\/image\/"},"sameAs":["https:\/\/www.facebook.com\/TOSUNelectric\/","https:\/\/www.linkedin.com\/company\/wenzhou-tosun-electric-co.-ltd\/"]}]}},"_links":{"self":[{"href":"https:\/\/www.tosunlux.eu\/tr\/wp-json\/wp\/v2\/product\/2215","targetHints":{"allow":["GET"]}}],"collection":[{"href":"https:\/\/www.tosunlux.eu\/tr\/wp-json\/wp\/v2\/product"}],"about":[{"href":"https:\/\/www.tosunlux.eu\/tr\/wp-json\/wp\/v2\/types\/product"}],"version-history":[{"count":4,"href":"https:\/\/www.tosunlux.eu\/tr\/wp-json\/wp\/v2\/product\/2215\/revisions"}],"predecessor-version":[{"id":12533,"href":"https:\/\/www.tosunlux.eu\/tr\/wp-json\/wp\/v2\/product\/2215\/revisions\/12533"}],"wp:attachment":[{"href":"https:\/\/www.tosunlux.eu\/tr\/wp-json\/wp\/v2\/media?parent=2215"}],"wp:term":[{"taxonomy":"product_category","embeddable":true,"href":"https:\/\/www.tosunlux.eu\/tr\/wp-json\/wp\/v2\/product_category?post=2215"}],"curies":[{"name":"wp","href":"https:\/\/api.w.org\/{rel}","templated":true}]}}