{"id":2235,"date":"2022-05-03T17:14:33","date_gmt":"2022-05-03T09:14:33","guid":{"rendered":"https:\/\/www.tosunlux.eu\/?post_type=product&#038;p=2235"},"modified":"2025-02-10T15:08:00","modified_gmt":"2025-02-10T07:08:00","slug":"hgl-isolating-switch","status":"publish","type":"product","link":"https:\/\/www.tosunlux.eu\/tr\/products\/hgl-isolating-switch\/","title":{"rendered":"HGL \u0130zolasyon Anahtar\u0131"},"content":{"rendered":"<p><strong>Ba\u015fvuru<\/strong><\/p>\n\n\n\n<p><\/p>\n\n\n\n<p>\u00dcr\u00fcnler 415V voltaj, 50\/60Hz frekans, 1600A&#039;ya kadar nominal ak\u0131m g\u00fc\u00e7 devresini yapmak ve kesmek i\u00e7in uygundur, g\u00fc\u00e7 anahtar\u0131, izolasyon anahtar\u0131 ve acil durum anahtar\u0131 olarak i\u015flev g\u00f6r\u00fcr. \u00d6zel ark konta\u011f\u0131 ve ana kontak sistemi sayesinde HGL, IEC60947-3&#039;e uygun olarak y\u00fcksek verimlilik, g\u00fcvenlik ve g\u00fcvenilirlikle \u00e7al\u0131\u015f\u0131r. D\u00f6ner \u00e7al\u0131\u015fma ve kol ile hareketli kontak aras\u0131ndaki do\u011frudan mekanik ba\u011flant\u0131, a\u00e7ma-kapama kolu konta\u011f\u0131 keser ve temas yerini g\u00f6sterir. Panel ve ba\u011f\u0131ms\u0131z tip kurulum HGL ile donat\u0131lm\u0131\u015ft\u0131r.<\/p>\n\n\n\n<p><\/p>\n\n\n\n<p><strong>\u015eartname<\/strong><\/p>\n\n\n\n<p><\/p>\n\n\n\n<p><\/p>\n\n\n\n<p><\/p>\n\n\n<table style=\"border-collapse: collapse; width: 735.02pt;\" border=\"0\" width=\"980\" cellspacing=\"0\" cellpadding=\"0\">\n<tbody>\n<tr style=\"height: 14.25pt;\">\n<td class=\"et2\" style=\"height: 14.25pt; width: 249.00pt;\" colspan=\"3\" width=\"332\" height=\"19\">Geleneksel Is\u0131 Ak\u0131m\u0131 Ith(A)<\/td>\n<td class=\"et2\" style=\"width: 54pt; text-align: center;\" width=\"72\">160<\/td>\n<td class=\"et2\" style=\"width: 54pt; text-align: center;\" width=\"72\">250<\/td>\n<td class=\"et2\" style=\"width: 54pt; text-align: center;\" width=\"72\">400<\/td>\n<td class=\"et2\" style=\"width: 54pt; text-align: center;\" width=\"72\">630<\/td>\n<td class=\"et2\" style=\"width: 54pt; text-align: center;\" width=\"72\">1000<\/td>\n<td class=\"et2\" style=\"width: 54pt; text-align: center;\" width=\"72\">1250<\/td>\n<td class=\"et2\" style=\"width: 54pt; text-align: center;\" width=\"72\">1600<\/td>\n<td class=\"et2\" style=\"width: 54pt; text-align: center;\" width=\"72\">2500<\/td>\n<td class=\"et2\" style=\"width: 54pt; text-align: center;\" width=\"72\">3200<\/td>\n<\/tr>\n<tr style=\"height: 14.25pt;\">\n<td class=\"et2\" style=\"height: 14.25pt; width: 249.00pt;\" colspan=\"3\" width=\"332\" height=\"19\">Nominal Yal\u0131t\u0131m Gerilimi Ui<\/td>\n<td class=\"et2\" style=\"width: 108pt; text-align: center;\" colspan=\"2\" width=\"144\">800V<\/td>\n<td class=\"et2\" style=\"width: 378pt; text-align: center;\" colspan=\"7\" width=\"504\">1000V<\/td>\n<\/tr>\n<tr style=\"height: 14.25pt;\">\n<td class=\"et2\" style=\"height: 14.25pt; width: 249.00pt;\" colspan=\"3\" width=\"332\" height=\"19\">Dielektrik Dayan\u0131m\u0131<\/td>\n<td class=\"et2\" style=\"width: 108pt; text-align: center;\" colspan=\"2\" width=\"144\">3000V<\/td>\n<td class=\"et2\" style=\"width: 378pt; text-align: center;\" colspan=\"7\" width=\"504\">3500V<\/td>\n<\/tr>\n<tr style=\"height: 14.25pt;\">\n<td class=\"et2\" style=\"height: 14.25pt; width: 249.00pt;\" colspan=\"3\" width=\"332\" height=\"19\">Anma Darbe Dayan\u0131m Gerilimi<\/td>\n<td class=\"et2\" style=\"width: 108pt; text-align: center;\" colspan=\"2\" width=\"144\">8kA<\/td>\n<td class=\"et2\" style=\"width: 378pt; text-align: center;\" colspan=\"7\" width=\"504\">12kA<\/td>\n<\/tr>\n<tr style=\"height: 14.25pt;\">\n<td class=\"et2\" style=\"height: 14.25pt; width: 249pt; text-align: left;\" colspan=\"3\" width=\"332\" height=\"19\">Nominal \u00c7al\u0131\u015fma Voltaj\u0131<\/td>\n<td class=\"et2\" style=\"width: 486pt; text-align: center;\" colspan=\"9\" width=\"648\">AC400,660V<\/td>\n<\/tr>\n<tr style=\"height: 14.25pt;\">\n<td class=\"et2\" style=\"height: 14.25pt; width: 249.00pt;\" colspan=\"3\" width=\"332\" height=\"19\">Anma Frekans\u0131<\/td>\n<td class=\"et2\" style=\"width: 486pt; text-align: center;\" colspan=\"9\" width=\"648\">50Hz<\/td>\n<\/tr>\n<tr style=\"height: 14.25pt;\">\n<td class=\"et2\" style=\"height: 14.25pt; width: 249.00pt;\" colspan=\"3\" width=\"332\" height=\"19\">Kullan\u0131m kategorisi<\/td>\n<td class=\"et2\" style=\"width: 486pt; text-align: center;\" colspan=\"9\" width=\"648\">AC-21,22,23<\/td>\n<\/tr>\n<tr style=\"height: 14.25pt;\">\n<td class=\"et2\" style=\"height: 42.75pt; width: 54.00pt;\" rowspan=\"3\" width=\"72\" height=\"57\">Anma \u00c7al\u0131\u015fma Ak\u0131m\u0131 le(A)<\/td>\n<td class=\"et2\" style=\"width: 54.00pt;\" rowspan=\"3\" width=\"72\">AC400V<\/td>\n<td class=\"et2\" style=\"width: 141pt; text-align: center;\" width=\"188\">AC-21<\/td>\n<td class=\"et2\" style=\"width: 54pt; text-align: center;\" width=\"72\">160<\/td>\n<td class=\"et2\" style=\"width: 54pt; text-align: center;\" width=\"72\">250<\/td>\n<td class=\"et2\" style=\"width: 54pt; text-align: center;\" width=\"72\">400<\/td>\n<td class=\"et2\" style=\"width: 54pt; text-align: center;\" width=\"72\">630<\/td>\n<td class=\"et2\" style=\"width: 54pt; text-align: center;\" width=\"72\">1000<\/td>\n<td class=\"et2\" style=\"width: 54pt; text-align: center;\" width=\"72\">1250<\/td>\n<td class=\"et2\" style=\"width: 54pt; text-align: center;\" width=\"72\">1600<\/td>\n<td class=\"et2\" style=\"width: 54pt; text-align: center;\" width=\"72\">2500<\/td>\n<td class=\"et2\" style=\"width: 54pt; text-align: center;\" width=\"72\">3200<\/td>\n<\/tr>\n<tr style=\"height: 14.25pt;\">\n<td class=\"et2\" style=\"width: 141pt; text-align: center;\" width=\"188\">AC-22<\/td>\n<td class=\"et2\" style=\"width: 54pt; text-align: center;\" width=\"72\">160<\/td>\n<td class=\"et2\" style=\"width: 54pt; text-align: center;\" width=\"72\">250<\/td>\n<td class=\"et2\" style=\"width: 54pt; text-align: center;\" width=\"72\">400<\/td>\n<td class=\"et2\" style=\"width: 54pt; text-align: center;\" width=\"72\">630<\/td>\n<td class=\"et2\" style=\"width: 54pt; text-align: center;\" width=\"72\">1000<\/td>\n<td class=\"et2\" style=\"width: 54pt; text-align: center;\" width=\"72\">1250<\/td>\n<td class=\"et2\" style=\"width: 54pt; text-align: center;\" width=\"72\">1600<\/td>\n<td class=\"et2\" style=\"width: 54pt; text-align: center;\" width=\"72\">2500<\/td>\n<td class=\"et2\" style=\"width: 54pt; text-align: center;\" width=\"72\">3200<\/td>\n<\/tr>\n<tr style=\"height: 14.25pt;\">\n<td class=\"et2\" style=\"width: 141pt; text-align: center;\" width=\"188\">AC-23<\/td>\n<td class=\"et2\" style=\"width: 54pt; text-align: center;\" width=\"72\">160<\/td>\n<td class=\"et2\" style=\"width: 54pt; text-align: center;\" width=\"72\">250<\/td>\n<td class=\"et2\" style=\"width: 54pt; text-align: center;\" width=\"72\">400<\/td>\n<td class=\"et2\" style=\"width: 54pt; text-align: center;\" width=\"72\">630<\/td>\n<td class=\"et2\" style=\"width: 54pt; text-align: center;\" width=\"72\">800<\/td>\n<td class=\"et2\" style=\"width: 54pt; text-align: center;\" width=\"72\">1000<\/td>\n<td class=\"et2\" style=\"width: 54pt; text-align: center;\" width=\"72\">1250<\/td>\n<td class=\"et2\" style=\"width: 54pt; text-align: center;\" width=\"72\">2000<\/td>\n<td class=\"et2\" style=\"width: 54pt; text-align: center;\" width=\"72\">2500<\/td>\n<\/tr>\n<tr style=\"height: 14.25pt;\">\n<td class=\"et2\" style=\"height: 14.25pt; width: 249.00pt;\" colspan=\"3\" width=\"332\" height=\"19\">Anma \u00dcretim Kapasitesi (A Rms)<\/td>\n<td class=\"et2\" style=\"width: 486pt; text-align: center;\" colspan=\"9\" width=\"648\">10 libre<\/td>\n<\/tr>\n<tr style=\"height: 14.25pt;\">\n<td class=\"et2\" style=\"height: 14.25pt; width: 249.00pt;\" colspan=\"3\" width=\"332\" height=\"19\">Nominal K\u0131r\u0131lma Kapasitesi (A Rms)<\/td>\n<td class=\"et2\" style=\"width: 486pt; text-align: center;\" colspan=\"9\" width=\"648\">8li<\/td>\n<\/tr>\n<tr style=\"height: 14.25pt;\">\n<td class=\"et2\" style=\"height: 14.25pt; width: 249.00pt;\" colspan=\"3\" width=\"332\" height=\"19\">Anma K\u0131sa Devre Yapma Kapasitesi lcm(kA Rms)<\/td>\n<td class=\"et2\" style=\"width: 54pt; text-align: center;\" width=\"72\">12<\/td>\n<td class=\"et2\" style=\"width: 54pt; text-align: center;\" width=\"72\">17<\/td>\n<td class=\"et2\" style=\"width: 54pt; text-align: center;\" width=\"72\">30<\/td>\n<td class=\"et2\" style=\"width: 54pt; text-align: center;\" width=\"72\">40<\/td>\n<td class=\"et2\" style=\"width: 162pt; text-align: center;\" colspan=\"3\" width=\"216\">70<\/td>\n<td class=\"et2\" style=\"width: 108pt; text-align: center;\" colspan=\"2\" width=\"144\">100<\/td>\n<\/tr>\n<tr style=\"height: 14.25pt;\">\n<td class=\"et2\" style=\"height: 14.25pt; width: 249.00pt;\" colspan=\"3\" width=\"332\" height=\"19\">1S k\u0131sa s\u00fcreli dayan\u0131m ak\u0131m\u0131 (A Rms)<\/td>\n<td class=\"et2\" style=\"width: 54pt; text-align: center;\" width=\"72\">10<\/td>\n<td class=\"et2\" style=\"width: 54pt; text-align: center;\" width=\"72\">12<\/td>\n<td class=\"et2\" style=\"width: 54pt; text-align: center;\" width=\"72\">20<\/td>\n<td class=\"et2\" style=\"width: 54pt; text-align: center;\" width=\"72\">25<\/td>\n<td class=\"et2\" style=\"width: 162pt; text-align: center;\" colspan=\"3\" width=\"216\">50<\/td>\n<td class=\"et2\" style=\"width: 108pt; text-align: center;\" colspan=\"2\" width=\"144\">70<\/td>\n<\/tr>\n<tr style=\"height: 14.25pt;\">\n<td class=\"et2\" style=\"height: 14.25pt; width: 249.00pt;\" colspan=\"3\" width=\"332\" height=\"19\">Mekanik \u00d6m\u00fcr(kere)<\/td>\n<td class=\"et2\" style=\"width: 108pt; text-align: center;\" colspan=\"2\" width=\"144\">5000<\/td>\n<td class=\"et2\" style=\"width: 108pt; text-align: center;\" colspan=\"2\" width=\"144\">3000<\/td>\n<td class=\"et2\" style=\"width: 162pt; text-align: center;\" colspan=\"3\" width=\"216\">2000<\/td>\n<td class=\"et2\" style=\"width: 108pt; text-align: center;\" colspan=\"2\" width=\"144\">1000<\/td>\n<\/tr>\n<tr style=\"height: 14.25pt;\">\n<td class=\"et2\" style=\"height: 14.25pt; width: 249.00pt;\" colspan=\"3\" width=\"332\" height=\"19\">Elektrik \u00d6mr\u00fc(kez)<\/td>\n<td class=\"et2\" style=\"width: 108pt; text-align: center;\" colspan=\"2\" width=\"144\">1000<\/td>\n<td class=\"et2\" style=\"width: 108pt; text-align: center;\" colspan=\"2\" width=\"144\">600<\/td>\n<td class=\"et2\" style=\"width: 162pt; text-align: center;\" colspan=\"3\" width=\"216\">300<\/td>\n<td class=\"et2\" style=\"width: 108pt; text-align: center;\" colspan=\"2\" width=\"144\">\/<\/td>\n<\/tr>\n<\/tbody>\n<\/table>\n\n\n<p><\/p>\n\n\n\n<p><\/p>\n\n\n\n<p><strong>Yap\u0131land\u0131rma<\/strong><\/p>\n\n\n\n<p><\/p>\n\n\n\n<figure class=\"wp-block-image size-large is-resized\"><img fetchpriority=\"high\" decoding=\"async\" src=\"https:\/\/www.tosunlux.eu\/wp-content\/uploads\/2022\/05\/42-33-1024x524.jpg\" alt=\"\" class=\"wp-image-2242\" width=\"1024\" height=\"524\" srcset=\"https:\/\/www.tosunlux.eu\/wp-content\/uploads\/2022\/05\/42-33-1024x524.jpg 1024w, https:\/\/www.tosunlux.eu\/wp-content\/uploads\/2022\/05\/42-33-300x154.jpg 300w, https:\/\/www.tosunlux.eu\/wp-content\/uploads\/2022\/05\/42-33-768x393.jpg 768w, https:\/\/www.tosunlux.eu\/wp-content\/uploads\/2022\/05\/42-33-1536x786.jpg 1536w, https:\/\/www.tosunlux.eu\/wp-content\/uploads\/2022\/05\/42-33.jpg 1600w\" sizes=\"(max-width: 1024px) 100vw, 1024px\" \/><\/figure>","protected":false},"parent":0,"template":"","product_category":[24,87],"class_list":["post-2235","product","type-product","status-publish","hentry","product_category-power-distribution-system","product_category-isolation-switch"],"yoast_head":"<!-- This site is optimized with the Yoast SEO plugin v27.5 - https:\/\/yoast.com\/product\/yoast-seo-wordpress\/ -->\n<title>WholesaleHGL Isolating Switch - TOSUNlux Official Site - Electrical Circuit Breaker Manufacturer in China Low Voltage Electrical Supplier | TOSUNlux<\/title>\n<meta name=\"description\" content=\"HGL Isolating Switch Supplier - Wholesale direct from TOSUNlux, a trusted manufacturer since 1994. Get your B2B factory quote on our certified Low Voltage electrical products.\" \/>\n<meta name=\"robots\" content=\"index, follow, max-snippet:-1, max-image-preview:large, max-video-preview:-1\" \/>\n<link rel=\"canonical\" href=\"https:\/\/www.tosunlux.eu\/tr\/products\/hgl-isolating-switch\/\" \/>\n<meta property=\"og:locale\" content=\"tr_TR\" \/>\n<meta property=\"og:type\" content=\"article\" \/>\n<meta property=\"og:title\" content=\"WholesaleHGL Isolating Switch - TOSUNlux Official Site - Electrical Circuit Breaker Manufacturer in China Low Voltage Electrical Supplier | TOSUNlux\" \/>\n<meta property=\"og:description\" content=\"HGL Isolating Switch Supplier - Wholesale direct from TOSUNlux, a trusted manufacturer since 1994. Get your B2B factory quote on our certified Low Voltage electrical products.\" \/>\n<meta property=\"og:url\" content=\"https:\/\/www.tosunlux.eu\/tr\/products\/hgl-isolating-switch\/\" \/>\n<meta property=\"og:site_name\" content=\"TOSUNlux Official Site - Electrical Circuit Breaker Manufacturer in China\" \/>\n<meta property=\"article:publisher\" content=\"https:\/\/www.facebook.com\/TOSUNelectric\/\" \/>\n<meta property=\"article:modified_time\" content=\"2025-02-10T07:08:00+00:00\" \/>\n<meta property=\"og:image\" content=\"https:\/\/www.tosunlux.eu\/wp-content\/uploads\/2022\/05\/42-33-1024x524.jpg\" \/>\n<meta name=\"twitter:card\" content=\"summary_large_image\" \/>\n<meta name=\"twitter:label1\" content=\"Tahmini okuma s\u00fcresi\" \/>\n\t<meta name=\"twitter:data1\" content=\"2 dakika\" \/>\n<script type=\"application\/ld+json\" class=\"yoast-schema-graph\">{\"@context\":\"https:\\\/\\\/schema.org\",\"@graph\":[{\"@type\":\"WebPage\",\"@id\":\"https:\\\/\\\/www.tosunlux.eu\\\/products\\\/hgl-isolating-switch\\\/\",\"url\":\"https:\\\/\\\/www.tosunlux.eu\\\/products\\\/hgl-isolating-switch\\\/\",\"name\":\"WholesaleHGL Isolating Switch - TOSUNlux Official Site - Electrical Circuit Breaker Manufacturer in China Low Voltage Electrical Supplier | TOSUNlux\",\"isPartOf\":{\"@id\":\"https:\\\/\\\/www.tosunlux.eu\\\/ru\\\/#website\"},\"primaryImageOfPage\":{\"@id\":\"https:\\\/\\\/www.tosunlux.eu\\\/products\\\/hgl-isolating-switch\\\/#primaryimage\"},\"image\":{\"@id\":\"https:\\\/\\\/www.tosunlux.eu\\\/products\\\/hgl-isolating-switch\\\/#primaryimage\"},\"thumbnailUrl\":\"https:\\\/\\\/www.tosunlux.eu\\\/wp-content\\\/uploads\\\/2022\\\/05\\\/42-33-1024x524.jpg\",\"datePublished\":\"2022-05-03T09:14:33+00:00\",\"dateModified\":\"2025-02-10T07:08:00+00:00\",\"description\":\"HGL Isolating Switch Supplier - Wholesale direct from TOSUNlux, a trusted manufacturer since 1994. Get your B2B factory quote on our certified Low Voltage electrical products.\",\"breadcrumb\":{\"@id\":\"https:\\\/\\\/www.tosunlux.eu\\\/products\\\/hgl-isolating-switch\\\/#breadcrumb\"},\"inLanguage\":\"tr\",\"potentialAction\":[{\"@type\":\"ReadAction\",\"target\":[\"https:\\\/\\\/www.tosunlux.eu\\\/products\\\/hgl-isolating-switch\\\/\"]}]},{\"@type\":\"ImageObject\",\"inLanguage\":\"tr\",\"@id\":\"https:\\\/\\\/www.tosunlux.eu\\\/products\\\/hgl-isolating-switch\\\/#primaryimage\",\"url\":\"https:\\\/\\\/www.tosunlux.eu\\\/wp-content\\\/uploads\\\/2022\\\/05\\\/42-33-1024x524.jpg\",\"contentUrl\":\"https:\\\/\\\/www.tosunlux.eu\\\/wp-content\\\/uploads\\\/2022\\\/05\\\/42-33-1024x524.jpg\"},{\"@type\":\"BreadcrumbList\",\"@id\":\"https:\\\/\\\/www.tosunlux.eu\\\/products\\\/hgl-isolating-switch\\\/#breadcrumb\",\"itemListElement\":[{\"@type\":\"ListItem\",\"position\":1,\"name\":\"Home\",\"item\":\"https:\\\/\\\/www.tosunlux.eu\\\/ru\\\/\"},{\"@type\":\"ListItem\",\"position\":2,\"name\":\"Products\",\"item\":\"https:\\\/\\\/www.tosunlux.eu\\\/products\\\/\"},{\"@type\":\"ListItem\",\"position\":3,\"name\":\"HGL Isolating Switch\"}]},{\"@type\":\"WebSite\",\"@id\":\"https:\\\/\\\/www.tosunlux.eu\\\/ru\\\/#website\",\"url\":\"https:\\\/\\\/www.tosunlux.eu\\\/ru\\\/\",\"name\":\"TOSUNlux Official Site - Electrical Circuit Breaker Manufacturer in China\",\"description\":\"Power Distribution System Supplier\",\"publisher\":{\"@id\":\"https:\\\/\\\/www.tosunlux.eu\\\/ru\\\/#organization\"},\"alternateName\":\"TOSUNlux\",\"potentialAction\":[{\"@type\":\"SearchAction\",\"target\":{\"@type\":\"EntryPoint\",\"urlTemplate\":\"https:\\\/\\\/www.tosunlux.eu\\\/ru\\\/?s={search_term_string}\"},\"query-input\":{\"@type\":\"PropertyValueSpecification\",\"valueRequired\":true,\"valueName\":\"search_term_string\"}}],\"inLanguage\":\"tr\"},{\"@type\":\"Organization\",\"@id\":\"https:\\\/\\\/www.tosunlux.eu\\\/ru\\\/#organization\",\"name\":\"TOSUNlux\",\"url\":\"https:\\\/\\\/www.tosunlux.eu\\\/ru\\\/\",\"logo\":{\"@type\":\"ImageObject\",\"inLanguage\":\"tr\",\"@id\":\"https:\\\/\\\/www.tosunlux.eu\\\/ru\\\/#\\\/schema\\\/logo\\\/image\\\/\",\"url\":\"https:\\\/\\\/www.tosunlux.eu\\\/wp-content\\\/uploads\\\/2022\\\/01\\\/LOGOSYSM.71762f1.png\",\"contentUrl\":\"https:\\\/\\\/www.tosunlux.eu\\\/wp-content\\\/uploads\\\/2022\\\/01\\\/LOGOSYSM.71762f1.png\",\"width\":153,\"height\":55,\"caption\":\"TOSUNlux\"},\"image\":{\"@id\":\"https:\\\/\\\/www.tosunlux.eu\\\/ru\\\/#\\\/schema\\\/logo\\\/image\\\/\"},\"sameAs\":[\"https:\\\/\\\/www.facebook.com\\\/TOSUNelectric\\\/\",\"https:\\\/\\\/www.linkedin.com\\\/company\\\/wenzhou-tosun-electric-co.-ltd\\\/\"]}]}<\/script>\n<!-- \/ Yoast SEO plugin. -->","yoast_head_json":{"title":"Toptan HGL \u0130zolasyon Anahtar\u0131 - TOSUNlux Resmi Sitesi - \u00c7in&#039;de Elektrik Sigortas\u0131 \u00dcreticisi ve D\u00fc\u015f\u00fck Voltajl\u0131 Elektrik Tedarik\u00e7isi | TOSUNlux","description":"HGL \u0130zolasyon Anahtar\u0131 Tedarik\u00e7isi - 1994&#039;ten beri g\u00fcvenilir bir \u00fcretici olan TOSUNlux&#039;tan do\u011frudan toptan sat\u0131\u015f. Sertifikal\u0131 D\u00fc\u015f\u00fck Gerilim elektrik \u00fcr\u00fcnlerimiz i\u00e7in B2B fabrika fiyat teklifinizi al\u0131n.","robots":{"index":"index","follow":"follow","max-snippet":"max-snippet:-1","max-image-preview":"max-image-preview:large","max-video-preview":"max-video-preview:-1"},"canonical":"https:\/\/www.tosunlux.eu\/tr\/products\/hgl-isolating-switch\/","og_locale":"tr_TR","og_type":"article","og_title":"WholesaleHGL Isolating Switch - TOSUNlux Official Site - Electrical Circuit Breaker Manufacturer in China Low Voltage Electrical Supplier | TOSUNlux","og_description":"HGL Isolating Switch Supplier - Wholesale direct from TOSUNlux, a trusted manufacturer since 1994. Get your B2B factory quote on our certified Low Voltage electrical products.","og_url":"https:\/\/www.tosunlux.eu\/tr\/products\/hgl-isolating-switch\/","og_site_name":"TOSUNlux Official Site - Electrical Circuit Breaker Manufacturer in China","article_publisher":"https:\/\/www.facebook.com\/TOSUNelectric\/","article_modified_time":"2025-02-10T07:08:00+00:00","og_image":[{"url":"https:\/\/www.tosunlux.eu\/wp-content\/uploads\/2022\/05\/42-33-1024x524.jpg","type":"","width":"","height":""}],"twitter_card":"summary_large_image","twitter_misc":{"Tahmini okuma s\u00fcresi":"2 dakika"},"schema":{"@context":"https:\/\/schema.org","@graph":[{"@type":"WebPage","@id":"https:\/\/www.tosunlux.eu\/products\/hgl-isolating-switch\/","url":"https:\/\/www.tosunlux.eu\/products\/hgl-isolating-switch\/","name":"Toptan HGL \u0130zolasyon Anahtar\u0131 - TOSUNlux Resmi Sitesi - \u00c7in&#039;de Elektrik Sigortas\u0131 \u00dcreticisi ve D\u00fc\u015f\u00fck Voltajl\u0131 Elektrik Tedarik\u00e7isi | TOSUNlux","isPartOf":{"@id":"https:\/\/www.tosunlux.eu\/ru\/#website"},"primaryImageOfPage":{"@id":"https:\/\/www.tosunlux.eu\/products\/hgl-isolating-switch\/#primaryimage"},"image":{"@id":"https:\/\/www.tosunlux.eu\/products\/hgl-isolating-switch\/#primaryimage"},"thumbnailUrl":"https:\/\/www.tosunlux.eu\/wp-content\/uploads\/2022\/05\/42-33-1024x524.jpg","datePublished":"2022-05-03T09:14:33+00:00","dateModified":"2025-02-10T07:08:00+00:00","description":"HGL \u0130zolasyon Anahtar\u0131 Tedarik\u00e7isi - 1994&#039;ten beri g\u00fcvenilir bir \u00fcretici olan TOSUNlux&#039;tan do\u011frudan toptan sat\u0131\u015f. Sertifikal\u0131 D\u00fc\u015f\u00fck Gerilim elektrik \u00fcr\u00fcnlerimiz i\u00e7in B2B fabrika fiyat teklifinizi al\u0131n.","breadcrumb":{"@id":"https:\/\/www.tosunlux.eu\/products\/hgl-isolating-switch\/#breadcrumb"},"inLanguage":"tr","potentialAction":[{"@type":"ReadAction","target":["https:\/\/www.tosunlux.eu\/products\/hgl-isolating-switch\/"]}]},{"@type":"ImageObject","inLanguage":"tr","@id":"https:\/\/www.tosunlux.eu\/products\/hgl-isolating-switch\/#primaryimage","url":"https:\/\/www.tosunlux.eu\/wp-content\/uploads\/2022\/05\/42-33-1024x524.jpg","contentUrl":"https:\/\/www.tosunlux.eu\/wp-content\/uploads\/2022\/05\/42-33-1024x524.jpg"},{"@type":"BreadcrumbList","@id":"https:\/\/www.tosunlux.eu\/products\/hgl-isolating-switch\/#breadcrumb","itemListElement":[{"@type":"ListItem","position":1,"name":"Home","item":"https:\/\/www.tosunlux.eu\/ru\/"},{"@type":"ListItem","position":2,"name":"Products","item":"https:\/\/www.tosunlux.eu\/products\/"},{"@type":"ListItem","position":3,"name":"HGL Isolating Switch"}]},{"@type":"WebSite","@id":"https:\/\/www.tosunlux.eu\/ru\/#website","url":"https:\/\/www.tosunlux.eu\/ru\/","name":"TOSUNlux Resmi Sitesi - \u00c7in&#039;de Elektrik Sigortas\u0131 \u00dcreticisi","description":"G\u00fc\u00e7 Da\u011f\u0131t\u0131m Sistemi Tedarik\u00e7isi","publisher":{"@id":"https:\/\/www.tosunlux.eu\/ru\/#organization"},"alternateName":"TOSUNlux","potentialAction":[{"@type":"SearchAction","target":{"@type":"EntryPoint","urlTemplate":"https:\/\/www.tosunlux.eu\/ru\/?s={search_term_string}"},"query-input":{"@type":"PropertyValueSpecification","valueRequired":true,"valueName":"search_term_string"}}],"inLanguage":"tr"},{"@type":"Organization","@id":"https:\/\/www.tosunlux.eu\/ru\/#organization","name":"TOSUNlux","url":"https:\/\/www.tosunlux.eu\/ru\/","logo":{"@type":"ImageObject","inLanguage":"tr","@id":"https:\/\/www.tosunlux.eu\/ru\/#\/schema\/logo\/image\/","url":"https:\/\/www.tosunlux.eu\/wp-content\/uploads\/2022\/01\/LOGOSYSM.71762f1.png","contentUrl":"https:\/\/www.tosunlux.eu\/wp-content\/uploads\/2022\/01\/LOGOSYSM.71762f1.png","width":153,"height":55,"caption":"TOSUNlux"},"image":{"@id":"https:\/\/www.tosunlux.eu\/ru\/#\/schema\/logo\/image\/"},"sameAs":["https:\/\/www.facebook.com\/TOSUNelectric\/","https:\/\/www.linkedin.com\/company\/wenzhou-tosun-electric-co.-ltd\/"]}]}},"_links":{"self":[{"href":"https:\/\/www.tosunlux.eu\/tr\/wp-json\/wp\/v2\/product\/2235","targetHints":{"allow":["GET"]}}],"collection":[{"href":"https:\/\/www.tosunlux.eu\/tr\/wp-json\/wp\/v2\/product"}],"about":[{"href":"https:\/\/www.tosunlux.eu\/tr\/wp-json\/wp\/v2\/types\/product"}],"version-history":[{"count":2,"href":"https:\/\/www.tosunlux.eu\/tr\/wp-json\/wp\/v2\/product\/2235\/revisions"}],"predecessor-version":[{"id":12531,"href":"https:\/\/www.tosunlux.eu\/tr\/wp-json\/wp\/v2\/product\/2235\/revisions\/12531"}],"wp:attachment":[{"href":"https:\/\/www.tosunlux.eu\/tr\/wp-json\/wp\/v2\/media?parent=2235"}],"wp:term":[{"taxonomy":"product_category","embeddable":true,"href":"https:\/\/www.tosunlux.eu\/tr\/wp-json\/wp\/v2\/product_category?post=2235"}],"curies":[{"name":"wp","href":"https:\/\/api.w.org\/{rel}","templated":true}]}}