{"id":2290,"date":"2022-05-05T17:08:45","date_gmt":"2022-05-05T09:08:45","guid":{"rendered":"https:\/\/www.tosunlux.eu\/?post_type=product&#038;p=2290"},"modified":"2024-03-28T16:08:17","modified_gmt":"2024-03-28T08:08:17","slug":"inverter","status":"publish","type":"product","link":"https:\/\/www.tosunlux.eu\/tr\/products\/inverter\/","title":{"rendered":"\u0130nvert\u00f6r"},"content":{"rendered":"<p><strong>Mevcut Soket<\/strong><\/p>\n\n\n\n<figure class=\"wp-block-image size-large is-resized\"><img fetchpriority=\"high\" decoding=\"async\" src=\"https:\/\/www.tosunlux.eu\/wp-content\/uploads\/2022\/05\/1-8-1024x122.jpg\" alt=\"\" class=\"wp-image-2294\" width=\"884\" height=\"105\" srcset=\"https:\/\/www.tosunlux.eu\/wp-content\/uploads\/2022\/05\/1-8-1024x122.jpg 1024w, https:\/\/www.tosunlux.eu\/wp-content\/uploads\/2022\/05\/1-8-300x36.jpg 300w, https:\/\/www.tosunlux.eu\/wp-content\/uploads\/2022\/05\/1-8-768x91.jpg 768w, https:\/\/www.tosunlux.eu\/wp-content\/uploads\/2022\/05\/1-8-1536x183.jpg 1536w, https:\/\/www.tosunlux.eu\/wp-content\/uploads\/2022\/05\/1-8.jpg 2011w\" sizes=\"(max-width: 884px) 100vw, 884px\" \/><\/figure>\n\n\n\n<p><strong>Ba\u015fvuru<\/strong><\/p>\n\n\n\n<p>Saf sin\u00fcs dalgas\u0131 \u00e7\u0131k\u0131\u015f\u0131 veya modifiye edilmi\u015f dalga \u00e7\u0131k\u0131\u015f\u0131<\/p>\n\n\n\n<p>D\u00fc\u015f\u00fck \u00e7al\u0131\u015fma sesi, y\u00fcksek verimlilik.<\/p>\n\n\n\n<p>K\u00fc\u00e7\u00fck, hafif ve sanatsal, SMD teknolojisinin benimsenmesinden faydalan\u0131lm\u0131\u015ft\u0131r.<\/p>\n\n\n\n<p>Geli\u015fmi\u015f \u00c7ift-CPU tek \u00e7ipli entelekt\u00fcel kontrol teknolojisi kullan\u0131larak y\u00fcksek g\u00fcvenilirlik ve d\u00fc\u015f\u00fck ar\u0131za oran\u0131 ile \u00f6ne \u00e7\u0131kar.<\/p>\n\n\n\n<p>So\u011futma fan\u0131 ak\u0131ll\u0131ca kontrol edilir ve \u00e7al\u0131\u015fma durumu CPU taraf\u0131ndan kontrol edilir, bu da \u00e7o\u011funlukla hizmet \u00f6mr\u00fcn\u00fc art\u0131r\u0131r ve g\u00fc\u00e7 t\u00fcketimini azaltmaya, i\u015f verimlili\u011fini art\u0131rmaya ve \u00e7al\u0131\u015fma g\u00fcr\u00fclt\u00fcs\u00fcn\u00fc d\u00fc\u015f\u00fcrmeye yard\u0131mc\u0131 olur.<\/p>\n\n\n\n<p>Tam koruma ile: a\u015f\u0131r\u0131 y\u00fck korumas\u0131, dahili a\u015f\u0131r\u0131 s\u0131cakl\u0131k korumas\u0131, \u00e7\u0131k\u0131\u015f k\u0131sa devre korumas\u0131, giri\u015f d\u00fc\u015f\u00fck voltaj korumas\u0131, giri\u015f a\u015f\u0131r\u0131 voltaj korumas\u0131, vb. \u00fcr\u00fcnlerin g\u00fcvenilirli\u011fini b\u00fcy\u00fck \u00f6l\u00e7\u00fcde art\u0131r\u0131r.<\/p>\n\n\n\n<p><strong>\u015eartname<\/strong><\/p>\n\n\n<table style=\"border-collapse: collapse; width: 849px; height: 364px;\" border=\"0\" width=\"876\" cellspacing=\"0\" cellpadding=\"0\">\n<tbody>\n<tr style=\"height: 27.75pt;\">\n<td class=\"et3\" style=\"height: 112.5pt; width: 107.25pt; text-align: center;\" rowspan=\"4\" width=\"143\" height=\"150\">Giri\u015f<\/td>\n<td class=\"et3\" style=\"width: 201pt; text-align: center;\" width=\"268\">Nominal DC voltaj\u0131<\/td>\n<td class=\"et3\" style=\"width: 348.75pt; text-align: center;\" width=\"465\">12V veya 24V veya 48V<\/td>\n<\/tr>\n<tr style=\"height: 28.50pt;\">\n<td class=\"et3\" style=\"width: 201pt; text-align: center;\" width=\"268\">Voltaj aral\u0131\u011f\u0131<\/td>\n<td class=\"et3\" style=\"width: 348.75pt; text-align: center;\" width=\"465\">10-16VDC veya 20-33VDC veya 40-63VDC<\/td>\n<\/tr>\n<tr style=\"height: 27.75pt;\">\n<td class=\"et3\" style=\"width: 201pt; text-align: center;\" width=\"268\">Yeterlik<\/td>\n<td class=\"et3\" style=\"width: 348.75pt; text-align: center;\" width=\"465\">&gt;90%<\/td>\n<\/tr>\n<tr style=\"height: 28.50pt;\">\n<td class=\"et3\" style=\"width: 201pt; text-align: center;\" width=\"268\">DC ba\u011flant\u0131s\u0131<\/td>\n<td class=\"et3\" style=\"width: 348.75pt; text-align: center;\" width=\"465\">Klipsli veya Ara\u00e7 Adapt\u00f6rl\u00fc Kablolar<\/td>\n<\/tr>\n<tr style=\"height: 27.75pt;\">\n<td class=\"et3\" style=\"height: 110.25pt; width: 107.25pt; text-align: center;\" rowspan=\"4\" width=\"143\" height=\"147\">\u00c7\u0131kt\u0131<\/td>\n<td class=\"et3\" style=\"width: 201pt; text-align: center;\" width=\"268\">AC voltaj\u0131<\/td>\n<td class=\"et3\" style=\"width: 348.75pt; text-align: center;\" width=\"465\">100\/110\/120 VAC veya 220\/230\/240 VAC<\/td>\n<\/tr>\n<tr style=\"height: 26.25pt;\">\n<td class=\"et3\" style=\"width: 201pt; text-align: center;\" width=\"268\">Dalga formu<\/td>\n<td class=\"et3\" style=\"width: 348.75pt; text-align: center;\" width=\"465\">Saf sin\u00fcs dalgas\u0131\/De\u011fi\u015ftirilmi\u015f dalga<\/td>\n<\/tr>\n<tr style=\"height: 28.50pt;\">\n<td class=\"et3\" style=\"width: 201pt; text-align: center;\" width=\"268\">S\u0131kl\u0131k<\/td>\n<td class=\"et3\" style=\"width: 348.75pt; text-align: center;\" width=\"465\">50Hz veya 60Hz<\/td>\n<\/tr>\n<tr style=\"height: 27.75pt;\">\n<td class=\"et3\" style=\"width: 201pt; text-align: center;\" width=\"268\">AC d\u00fczenlemesi<\/td>\n<td class=\"et4\" style=\"width: 348.75pt; text-align: center;\" width=\"465\">3%<\/td>\n<\/tr>\n<tr style=\"height: 28.50pt;\">\n<td class=\"et3\" style=\"height: 55.5pt; width: 107.25pt; text-align: center;\" rowspan=\"2\" width=\"143\" height=\"74\">Koruma<\/td>\n<td class=\"et3\" style=\"width: 201pt; text-align: center;\" width=\"268\">D\u00fc\u015f\u00fck voltaj alarm\u0131<\/td>\n<td class=\"et3\" style=\"width: 348.75pt; text-align: center;\" width=\"465\">10,5DC\u00b10,5V veya 21DC\u00b11V veya 42VDC\u00b11V veya 100vDC\u00b11V<\/td>\n<\/tr>\n<tr style=\"height: 27.00pt;\">\n<td class=\"et3\" style=\"width: 201pt; text-align: center;\" width=\"268\">D\u00fc\u015f\u00fck voltaj kapatma<\/td>\n<td class=\"et3\" style=\"width: 348.75pt; text-align: center;\" width=\"465\">10DC\u00b10.5V veya 20DC\u00b11V veya 40VDC\u00b11V veya 96VDC\u00b15V<\/td>\n<\/tr>\n<\/tbody>\n<\/table>\n\n\n<p> <\/p>\n\n\n\n<p><strong>Saf sin\u00fcs dalgas\u0131<\/strong><\/p>\n\n\n<table style=\"border-collapse: collapse; width: 1195px; height: 205px;\" border=\"0\" width=\"1316\" cellspacing=\"0\" cellpadding=\"0\">\n<tbody>\n<tr style=\"height: 30.00pt;\">\n<td class=\"et3\" style=\"height: 30.00pt; width: 183.75pt;\" colspan=\"2\" width=\"245\" height=\"40\">\u00d6rnek<\/td>\n<td class=\"et4\" style=\"width: 89.25pt; text-align: center;\" width=\"119\">TZ-300S<\/td>\n<td class=\"et4\" style=\"width: 89.25pt; text-align: center;\" width=\"119\">TZ-500S<\/td>\n<td class=\"et4\" style=\"width: 89.25pt; text-align: center;\" width=\"119\">TZ-600S<\/td>\n<td class=\"et4\" style=\"width: 89.25pt; text-align: center;\" width=\"119\">TZ-1000S<\/td>\n<td class=\"et4\" style=\"width: 89.25pt; text-align: center;\" width=\"119\">TZ-1500S<\/td>\n<td class=\"et4\" style=\"width: 89.25pt; text-align: center;\" width=\"119\">TZ-2000S<\/td>\n<td class=\"et4\" style=\"width: 89.25pt; text-align: center;\" width=\"119\">TZ-3000S<\/td>\n<td class=\"et4\" style=\"width: 89.25pt; text-align: center;\" width=\"119\">TZ-4000S<\/td>\n<td class=\"et4\" style=\"width: 89.25pt; text-align: center;\" width=\"119\">TZ-5000S<\/td>\n<\/tr>\n<tr style=\"height: 30.00pt;\">\n<td class=\"et5\" style=\"height: 30pt; width: 78.75pt; text-align: left;\" width=\"105\" height=\"40\">giri\u015f<\/td>\n<td class=\"et5\" style=\"width: 105pt; text-align: left;\" width=\"140\">Bo\u015fta ak\u0131m<\/td>\n<td class=\"et6\" style=\"width: 89.25pt; text-align: center;\" width=\"119\">&lt; 0,7A<\/td>\n<td class=\"et6\" style=\"width: 178.5pt; text-align: center;\" colspan=\"2\" width=\"238\">&lt; 0,5A<\/td>\n<td class=\"et6\" style=\"width: 89.25pt; text-align: center;\" width=\"119\">&lt; 0,8A<\/td>\n<td class=\"et6\" style=\"width: 89.25pt; text-align: center;\" width=\"119\">&lt; 0,8A<\/td>\n<td class=\"et6\" style=\"width: 89.25pt; text-align: center;\" width=\"119\">&lt; 1.1A<\/td>\n<td class=\"et6\" style=\"width: 267.75pt; text-align: center;\" colspan=\"3\" width=\"357\">&lt; 2,5A<\/td>\n<\/tr>\n<tr style=\"height: 30.00pt;\">\n<td class=\"et5\" style=\"height: 60.00pt; width: 78.75pt;\" rowspan=\"2\" width=\"105\" height=\"80\">\u00c7\u0131kt\u0131<\/td>\n<td class=\"et5\" style=\"width: 105pt; text-align: left;\" width=\"140\">S\u00fcrekli g\u00fc\u00e7<\/td>\n<td class=\"et6\" style=\"width: 89.25pt; text-align: center;\" width=\"119\">300VA<\/td>\n<td class=\"et6\" style=\"width: 89.25pt; text-align: center;\" width=\"119\">500VA<\/td>\n<td class=\"et6\" style=\"width: 89.25pt; text-align: center;\" width=\"119\">600VA<\/td>\n<td class=\"et6\" style=\"width: 89.25pt; text-align: center;\" width=\"119\">1000VA<\/td>\n<td class=\"et6\" style=\"width: 89.25pt; text-align: center;\" width=\"119\">1500VA<\/td>\n<td class=\"et6\" style=\"width: 89.25pt; text-align: center;\" width=\"119\">2000VA<\/td>\n<td class=\"et6\" style=\"width: 89.25pt; text-align: center;\" width=\"119\">3000VA<\/td>\n<td class=\"et6\" style=\"width: 89.25pt; text-align: center;\" width=\"119\">4000VA<\/td>\n<td class=\"et6\" style=\"width: 89.25pt; text-align: center;\" width=\"119\">5000VA<\/td>\n<\/tr>\n<tr style=\"height: 30.00pt;\">\n<td class=\"et5\" style=\"width: 105pt; text-align: left;\" width=\"140\">Dalgalanma g\u00fcc\u00fc<\/td>\n<td class=\"et6\" style=\"width: 89.25pt; text-align: center;\" width=\"119\">600VA<\/td>\n<td class=\"et6\" style=\"width: 89.25pt; text-align: center;\" width=\"119\">1000VA<\/td>\n<td class=\"et6\" style=\"width: 89.25pt; text-align: center;\" width=\"119\">1200VA<\/td>\n<td class=\"et6\" style=\"width: 89.25pt; text-align: center;\" width=\"119\">2000VA<\/td>\n<td class=\"et6\" style=\"width: 89.25pt; text-align: center;\" width=\"119\">3000VA<\/td>\n<td class=\"et6\" style=\"width: 89.25pt; text-align: center;\" width=\"119\">4000VA<\/td>\n<td class=\"et6\" style=\"width: 89.25pt; text-align: center;\" width=\"119\">6000vVA<\/td>\n<td class=\"et6\" style=\"width: 89.25pt; text-align: center;\" width=\"119\">8000VA<\/td>\n<td class=\"et6\" style=\"width: 89.25pt; text-align: center;\" width=\"119\">10000VA<\/td>\n<\/tr>\n<tr style=\"height: 30.00pt;\">\n<td class=\"et5\" style=\"height: 30pt; width: 183.75pt; text-align: left;\" colspan=\"2\" width=\"245\" height=\"40\">&nbsp;<\/td>\n<td class=\"et6\" style=\"width: 89.25pt; text-align: center;\" width=\"119\">&nbsp;<\/td>\n<td class=\"et6\" style=\"width: 178.5pt; text-align: center;\" colspan=\"2\" width=\"238\">&nbsp;<\/td>\n<td class=\"et6\" style=\"width: 89.25pt; text-align: center;\" width=\"119\">&nbsp;<\/td>\n<td class=\"et6\" style=\"width: 89.25pt; text-align: center;\" width=\"119\">&nbsp;<\/td>\n<td class=\"et6\" style=\"width: 89.25pt; text-align: center;\" width=\"119\">&nbsp;<\/td>\n<td class=\"et6\" style=\"width: 89.25pt; text-align: center;\" width=\"119\">&nbsp;<\/td>\n<td class=\"et6\" style=\"width: 89.25pt; text-align: center;\" width=\"119\">&nbsp;<\/td>\n<td class=\"et6\" style=\"width: 89.25pt; text-align: center;\" width=\"119\">&nbsp;<\/td>\n<\/tr>\n<\/tbody>\n<\/table>\n\n\n<p> <\/p>\n\n\n\n<p><strong>De\u011fi\u015ftirilmi\u015f dalga<\/strong><\/p>\n\n\n<table style=\"border-collapse: collapse; width: 897.77pt;\" border=\"0\" width=\"1197\" cellspacing=\"0\" cellpadding=\"0\">\n<tbody>\n<tr style=\"height: 30.00pt;\">\n<td class=\"et3\" style=\"height: 30.00pt; width: 183.75pt;\" colspan=\"2\" width=\"245\" height=\"40\">\u00d6rnek<\/td>\n<td class=\"et3\" style=\"width: 89.25pt; text-align: center;\" width=\"119\">TZ-300M<\/td>\n<td class=\"et3\" style=\"width: 89.25pt; text-align: center;\" width=\"119\">TZ-500M<\/td>\n<td class=\"et3\" style=\"width: 89.25pt; text-align: center;\" width=\"119\">TZ-600M<\/td>\n<td class=\"et3\" style=\"width: 89.25pt; text-align: center;\" width=\"119\">TZ-1000M<\/td>\n<td class=\"et3\" style=\"width: 89.25pt; text-align: center;\" width=\"119\">TZ-1500M<\/td>\n<td class=\"et3\" style=\"width: 89.25pt; text-align: center;\" width=\"119\">TZ-2000M<\/td>\n<td class=\"et6\" style=\"width: 89.25pt; text-align: center;\" width=\"119\">TZ-3000M<\/td>\n<td class=\"et6\" style=\"width: 89.25pt; text-align: center;\" width=\"119\">TZ-4000M<\/td>\n<\/tr>\n<tr style=\"height: 30.00pt;\">\n<td class=\"et4\" style=\"height: 30.00pt; width: 78.75pt;\" width=\"105\" height=\"40\">Giri\u015f<\/td>\n<td class=\"et4\" style=\"width: 105.00pt;\" width=\"140\">Bo\u015fta ak\u0131m<\/td>\n<td class=\"et4\" style=\"width: 89.25pt; text-align: center;\" width=\"119\">&lt; 0,7A<\/td>\n<td class=\"et5\" style=\"width: 178.5pt; text-align: center;\" colspan=\"2\" width=\"238\">&lt; 0,5A<\/td>\n<td class=\"et4\" style=\"width: 89.25pt; text-align: center;\" width=\"119\">&lt; 0,8A<\/td>\n<td class=\"et4\" style=\"width: 89.25pt; text-align: center;\" width=\"119\">&lt; 0,8A<\/td>\n<td class=\"et4\" style=\"width: 89.25pt; text-align: center;\" width=\"119\">&lt; 1.1A<\/td>\n<td class=\"et5\" style=\"width: 178.5pt; text-align: center;\" colspan=\"2\" width=\"238\">&lt; 2,5A<\/td>\n<\/tr>\n<tr style=\"height: 30.00pt;\">\n<td class=\"et4\" style=\"height: 60.00pt; width: 78.75pt;\" rowspan=\"2\" width=\"105\" height=\"80\">\u00c7\u0131kt\u0131<\/td>\n<td class=\"et4\" style=\"width: 105.00pt;\" width=\"140\">S\u00fcrekli g\u00fc\u00e7<\/td>\n<td class=\"et4\" style=\"width: 89.25pt; text-align: center;\" width=\"119\">300VA<\/td>\n<td class=\"et4\" style=\"width: 89.25pt; text-align: center;\" width=\"119\">500VA<\/td>\n<td class=\"et4\" style=\"width: 89.25pt; text-align: center;\" width=\"119\">600VA<\/td>\n<td class=\"et4\" style=\"width: 89.25pt; text-align: center;\" width=\"119\">1000VA<\/td>\n<td class=\"et4\" style=\"width: 89.25pt; text-align: center;\" width=\"119\">1500VA<\/td>\n<td class=\"et4\" style=\"width: 89.25pt; text-align: center;\" width=\"119\">2000VA<\/td>\n<td class=\"et4\" style=\"width: 89.25pt; text-align: center;\" width=\"119\">3000VA<\/td>\n<td class=\"et4\" style=\"width: 89.25pt; text-align: center;\" width=\"119\">4000VA<\/td>\n<\/tr>\n<tr style=\"height: 30.00pt;\">\n<td class=\"et4\" style=\"width: 105pt; text-align: left;\" width=\"140\">Dalgalanma g\u00fcc\u00fc<\/td>\n<td class=\"et4\" style=\"width: 89.25pt; text-align: center;\" width=\"119\">600VA<\/td>\n<td class=\"et4\" style=\"width: 89.25pt; text-align: center;\" width=\"119\">1000VA<\/td>\n<td class=\"et4\" style=\"width: 89.25pt; text-align: center;\" width=\"119\">1200VA<\/td>\n<td class=\"et4\" style=\"width: 89.25pt; text-align: center;\" width=\"119\">2000VA<\/td>\n<td class=\"et4\" style=\"width: 89.25pt; text-align: center;\" width=\"119\">3000VA<\/td>\n<td class=\"et4\" style=\"width: 89.25pt; text-align: center;\" width=\"119\">4000VA<\/td>\n<td class=\"et4\" style=\"width: 89.25pt; text-align: center;\" width=\"119\">6000VA<\/td>\n<td class=\"et4\" style=\"width: 89.25pt; text-align: center;\" width=\"119\">8000VA<\/td>\n<\/tr>\n<tr style=\"height: 30.00pt;\">\n<td class=\"et4\" style=\"height: 30pt; width: 183.75pt; text-align: left;\" colspan=\"2\" width=\"245\" height=\"40\">&nbsp;<\/td>\n<td class=\"et4\" style=\"width: 89.25pt; text-align: center;\" width=\"119\">&nbsp;<\/td>\n<td class=\"et4\" style=\"width: 178.5pt; text-align: center;\" colspan=\"2\" width=\"238\">&nbsp;<\/td>\n<td class=\"et4\" style=\"width: 89.25pt; text-align: center;\" width=\"119\">&nbsp;<\/td>\n<td class=\"et4\" style=\"width: 89.25pt; text-align: center;\" width=\"119\">&nbsp;<\/td>\n<td class=\"et4\" style=\"width: 89.25pt; text-align: center;\" width=\"119\">&nbsp;<\/td>\n<td class=\"et4\" style=\"width: 89.25pt; text-align: center;\" width=\"119\">&nbsp;<\/td>\n<td class=\"et4\" style=\"width: 89.25pt; text-align: center;\" width=\"119\">&nbsp;<\/td>\n<\/tr>\n<\/tbody>\n<\/table>","protected":false},"parent":0,"template":"","product_category":[37,120],"class_list":["post-2290","product","type-product","status-publish","hentry","product_category-new-energy-instruments","product_category-inverter"],"yoast_head":"<!-- This site is optimized with the Yoast SEO plugin v27.5 - https:\/\/yoast.com\/product\/yoast-seo-wordpress\/ -->\n<title>WholesaleInverter - TOSUNlux Official Site - Electrical Circuit Breaker Manufacturer in China Low Voltage Electrical Supplier | TOSUNlux<\/title>\n<meta name=\"description\" content=\"Inverter Supplier - Wholesale direct from TOSUNlux, a trusted manufacturer since 1994. Get your B2B factory quote on our certified Low Voltage electrical products.\" \/>\n<meta name=\"robots\" content=\"index, follow, max-snippet:-1, max-image-preview:large, max-video-preview:-1\" \/>\n<link rel=\"canonical\" href=\"https:\/\/www.tosunlux.eu\/tr\/products\/inverter\/\" \/>\n<meta property=\"og:locale\" content=\"tr_TR\" \/>\n<meta property=\"og:type\" content=\"article\" \/>\n<meta property=\"og:title\" content=\"WholesaleInverter - TOSUNlux Official Site - Electrical Circuit Breaker Manufacturer in China Low Voltage Electrical Supplier | TOSUNlux\" \/>\n<meta property=\"og:description\" content=\"Inverter Supplier - Wholesale direct from TOSUNlux, a trusted manufacturer since 1994. Get your B2B factory quote on our certified Low Voltage electrical products.\" \/>\n<meta property=\"og:url\" content=\"https:\/\/www.tosunlux.eu\/tr\/products\/inverter\/\" \/>\n<meta property=\"og:site_name\" content=\"TOSUNlux Official Site - Electrical Circuit Breaker Manufacturer in China\" \/>\n<meta property=\"article:publisher\" content=\"https:\/\/www.facebook.com\/TOSUNelectric\/\" \/>\n<meta property=\"article:modified_time\" content=\"2024-03-28T08:08:17+00:00\" \/>\n<meta property=\"og:image\" content=\"https:\/\/www.tosunlux.eu\/wp-content\/uploads\/2022\/05\/1-8-1024x122.jpg\" \/>\n<meta name=\"twitter:card\" content=\"summary_large_image\" \/>\n<meta name=\"twitter:label1\" content=\"Tahmini okuma s\u00fcresi\" \/>\n\t<meta name=\"twitter:data1\" content=\"2 dakika\" \/>\n<script type=\"application\/ld+json\" class=\"yoast-schema-graph\">{\"@context\":\"https:\\\/\\\/schema.org\",\"@graph\":[{\"@type\":\"WebPage\",\"@id\":\"https:\\\/\\\/www.tosunlux.eu\\\/pl\\\/products\\\/inverter\\\/\",\"url\":\"https:\\\/\\\/www.tosunlux.eu\\\/pl\\\/products\\\/inverter\\\/\",\"name\":\"WholesaleInverter - TOSUNlux Official Site - Electrical Circuit Breaker Manufacturer in China Low Voltage Electrical Supplier | TOSUNlux\",\"isPartOf\":{\"@id\":\"https:\\\/\\\/www.tosunlux.eu\\\/ru\\\/#website\"},\"primaryImageOfPage\":{\"@id\":\"https:\\\/\\\/www.tosunlux.eu\\\/pl\\\/products\\\/inverter\\\/#primaryimage\"},\"image\":{\"@id\":\"https:\\\/\\\/www.tosunlux.eu\\\/pl\\\/products\\\/inverter\\\/#primaryimage\"},\"thumbnailUrl\":\"https:\\\/\\\/www.tosunlux.eu\\\/wp-content\\\/uploads\\\/2022\\\/05\\\/1-8-1024x122.jpg\",\"datePublished\":\"2022-05-05T09:08:45+00:00\",\"dateModified\":\"2024-03-28T08:08:17+00:00\",\"description\":\"Inverter Supplier - Wholesale direct from TOSUNlux, a trusted manufacturer since 1994. Get your B2B factory quote on our certified Low Voltage electrical products.\",\"breadcrumb\":{\"@id\":\"https:\\\/\\\/www.tosunlux.eu\\\/pl\\\/products\\\/inverter\\\/#breadcrumb\"},\"inLanguage\":\"tr\",\"potentialAction\":[{\"@type\":\"ReadAction\",\"target\":[\"https:\\\/\\\/www.tosunlux.eu\\\/pl\\\/products\\\/inverter\\\/\"]}]},{\"@type\":\"ImageObject\",\"inLanguage\":\"tr\",\"@id\":\"https:\\\/\\\/www.tosunlux.eu\\\/pl\\\/products\\\/inverter\\\/#primaryimage\",\"url\":\"https:\\\/\\\/www.tosunlux.eu\\\/wp-content\\\/uploads\\\/2022\\\/05\\\/1-8-1024x122.jpg\",\"contentUrl\":\"https:\\\/\\\/www.tosunlux.eu\\\/wp-content\\\/uploads\\\/2022\\\/05\\\/1-8-1024x122.jpg\"},{\"@type\":\"BreadcrumbList\",\"@id\":\"https:\\\/\\\/www.tosunlux.eu\\\/pl\\\/products\\\/inverter\\\/#breadcrumb\",\"itemListElement\":[{\"@type\":\"ListItem\",\"position\":1,\"name\":\"Home\",\"item\":\"https:\\\/\\\/www.tosunlux.eu\\\/ru\\\/\"},{\"@type\":\"ListItem\",\"position\":2,\"name\":\"Products\",\"item\":\"https:\\\/\\\/www.tosunlux.eu\\\/products\\\/\"},{\"@type\":\"ListItem\",\"position\":3,\"name\":\"Inverter\"}]},{\"@type\":\"WebSite\",\"@id\":\"https:\\\/\\\/www.tosunlux.eu\\\/ru\\\/#website\",\"url\":\"https:\\\/\\\/www.tosunlux.eu\\\/ru\\\/\",\"name\":\"TOSUNlux Official Site - Electrical Circuit Breaker Manufacturer in China\",\"description\":\"Power Distribution System Supplier\",\"publisher\":{\"@id\":\"https:\\\/\\\/www.tosunlux.eu\\\/ru\\\/#organization\"},\"alternateName\":\"TOSUNlux\",\"potentialAction\":[{\"@type\":\"SearchAction\",\"target\":{\"@type\":\"EntryPoint\",\"urlTemplate\":\"https:\\\/\\\/www.tosunlux.eu\\\/ru\\\/?s={search_term_string}\"},\"query-input\":{\"@type\":\"PropertyValueSpecification\",\"valueRequired\":true,\"valueName\":\"search_term_string\"}}],\"inLanguage\":\"tr\"},{\"@type\":\"Organization\",\"@id\":\"https:\\\/\\\/www.tosunlux.eu\\\/ru\\\/#organization\",\"name\":\"TOSUNlux\",\"url\":\"https:\\\/\\\/www.tosunlux.eu\\\/ru\\\/\",\"logo\":{\"@type\":\"ImageObject\",\"inLanguage\":\"tr\",\"@id\":\"https:\\\/\\\/www.tosunlux.eu\\\/ru\\\/#\\\/schema\\\/logo\\\/image\\\/\",\"url\":\"https:\\\/\\\/www.tosunlux.eu\\\/wp-content\\\/uploads\\\/2022\\\/01\\\/LOGOSYSM.71762f1.png\",\"contentUrl\":\"https:\\\/\\\/www.tosunlux.eu\\\/wp-content\\\/uploads\\\/2022\\\/01\\\/LOGOSYSM.71762f1.png\",\"width\":153,\"height\":55,\"caption\":\"TOSUNlux\"},\"image\":{\"@id\":\"https:\\\/\\\/www.tosunlux.eu\\\/ru\\\/#\\\/schema\\\/logo\\\/image\\\/\"},\"sameAs\":[\"https:\\\/\\\/www.facebook.com\\\/TOSUNelectric\\\/\",\"https:\\\/\\\/www.linkedin.com\\\/company\\\/wenzhou-tosun-electric-co.-ltd\\\/\"]}]}<\/script>\n<!-- \/ Yoast SEO plugin. -->","yoast_head_json":{"title":"Toptan \u0130nverter - TOSUNlux Resmi Sitesi - \u00c7in&#039;de Elektrik Sigortas\u0131 \u00dcreticisi ve D\u00fc\u015f\u00fck Voltajl\u0131 Elektrik Tedarik\u00e7isi | TOSUNlux","description":"\u0130nverter Tedarik\u00e7isi - 1994&#039;ten beri g\u00fcvenilir bir \u00fcretici olan TOSUNlux&#039;tan do\u011frudan toptan sat\u0131\u015f. Sertifikal\u0131 D\u00fc\u015f\u00fck Gerilim elektrik \u00fcr\u00fcnlerimiz i\u00e7in B2B fabrika fiyat teklifinizi al\u0131n.","robots":{"index":"index","follow":"follow","max-snippet":"max-snippet:-1","max-image-preview":"max-image-preview:large","max-video-preview":"max-video-preview:-1"},"canonical":"https:\/\/www.tosunlux.eu\/tr\/products\/inverter\/","og_locale":"tr_TR","og_type":"article","og_title":"WholesaleInverter - TOSUNlux Official Site - Electrical Circuit Breaker Manufacturer in China Low Voltage Electrical Supplier | TOSUNlux","og_description":"Inverter Supplier - Wholesale direct from TOSUNlux, a trusted manufacturer since 1994. Get your B2B factory quote on our certified Low Voltage electrical products.","og_url":"https:\/\/www.tosunlux.eu\/tr\/products\/inverter\/","og_site_name":"TOSUNlux Official Site - Electrical Circuit Breaker Manufacturer in China","article_publisher":"https:\/\/www.facebook.com\/TOSUNelectric\/","article_modified_time":"2024-03-28T08:08:17+00:00","og_image":[{"url":"https:\/\/www.tosunlux.eu\/wp-content\/uploads\/2022\/05\/1-8-1024x122.jpg","type":"","width":"","height":""}],"twitter_card":"summary_large_image","twitter_misc":{"Tahmini okuma s\u00fcresi":"2 dakika"},"schema":{"@context":"https:\/\/schema.org","@graph":[{"@type":"WebPage","@id":"https:\/\/www.tosunlux.eu\/pl\/products\/inverter\/","url":"https:\/\/www.tosunlux.eu\/pl\/products\/inverter\/","name":"Toptan \u0130nverter - TOSUNlux Resmi Sitesi - \u00c7in&#039;de Elektrik Sigortas\u0131 \u00dcreticisi ve D\u00fc\u015f\u00fck Voltajl\u0131 Elektrik Tedarik\u00e7isi | TOSUNlux","isPartOf":{"@id":"https:\/\/www.tosunlux.eu\/ru\/#website"},"primaryImageOfPage":{"@id":"https:\/\/www.tosunlux.eu\/pl\/products\/inverter\/#primaryimage"},"image":{"@id":"https:\/\/www.tosunlux.eu\/pl\/products\/inverter\/#primaryimage"},"thumbnailUrl":"https:\/\/www.tosunlux.eu\/wp-content\/uploads\/2022\/05\/1-8-1024x122.jpg","datePublished":"2022-05-05T09:08:45+00:00","dateModified":"2024-03-28T08:08:17+00:00","description":"\u0130nverter Tedarik\u00e7isi - 1994&#039;ten beri g\u00fcvenilir bir \u00fcretici olan TOSUNlux&#039;tan do\u011frudan toptan sat\u0131\u015f. Sertifikal\u0131 D\u00fc\u015f\u00fck Gerilim elektrik \u00fcr\u00fcnlerimiz i\u00e7in B2B fabrika fiyat teklifinizi al\u0131n.","breadcrumb":{"@id":"https:\/\/www.tosunlux.eu\/pl\/products\/inverter\/#breadcrumb"},"inLanguage":"tr","potentialAction":[{"@type":"ReadAction","target":["https:\/\/www.tosunlux.eu\/pl\/products\/inverter\/"]}]},{"@type":"ImageObject","inLanguage":"tr","@id":"https:\/\/www.tosunlux.eu\/pl\/products\/inverter\/#primaryimage","url":"https:\/\/www.tosunlux.eu\/wp-content\/uploads\/2022\/05\/1-8-1024x122.jpg","contentUrl":"https:\/\/www.tosunlux.eu\/wp-content\/uploads\/2022\/05\/1-8-1024x122.jpg"},{"@type":"BreadcrumbList","@id":"https:\/\/www.tosunlux.eu\/pl\/products\/inverter\/#breadcrumb","itemListElement":[{"@type":"ListItem","position":1,"name":"Home","item":"https:\/\/www.tosunlux.eu\/ru\/"},{"@type":"ListItem","position":2,"name":"Products","item":"https:\/\/www.tosunlux.eu\/products\/"},{"@type":"ListItem","position":3,"name":"Inverter"}]},{"@type":"WebSite","@id":"https:\/\/www.tosunlux.eu\/ru\/#website","url":"https:\/\/www.tosunlux.eu\/ru\/","name":"TOSUNlux Resmi Sitesi - \u00c7in&#039;de Elektrik Sigortas\u0131 \u00dcreticisi","description":"G\u00fc\u00e7 Da\u011f\u0131t\u0131m Sistemi Tedarik\u00e7isi","publisher":{"@id":"https:\/\/www.tosunlux.eu\/ru\/#organization"},"alternateName":"TOSUNlux","potentialAction":[{"@type":"SearchAction","target":{"@type":"EntryPoint","urlTemplate":"https:\/\/www.tosunlux.eu\/ru\/?s={search_term_string}"},"query-input":{"@type":"PropertyValueSpecification","valueRequired":true,"valueName":"search_term_string"}}],"inLanguage":"tr"},{"@type":"Organization","@id":"https:\/\/www.tosunlux.eu\/ru\/#organization","name":"TOSUNlux","url":"https:\/\/www.tosunlux.eu\/ru\/","logo":{"@type":"ImageObject","inLanguage":"tr","@id":"https:\/\/www.tosunlux.eu\/ru\/#\/schema\/logo\/image\/","url":"https:\/\/www.tosunlux.eu\/wp-content\/uploads\/2022\/01\/LOGOSYSM.71762f1.png","contentUrl":"https:\/\/www.tosunlux.eu\/wp-content\/uploads\/2022\/01\/LOGOSYSM.71762f1.png","width":153,"height":55,"caption":"TOSUNlux"},"image":{"@id":"https:\/\/www.tosunlux.eu\/ru\/#\/schema\/logo\/image\/"},"sameAs":["https:\/\/www.facebook.com\/TOSUNelectric\/","https:\/\/www.linkedin.com\/company\/wenzhou-tosun-electric-co.-ltd\/"]}]}},"_links":{"self":[{"href":"https:\/\/www.tosunlux.eu\/tr\/wp-json\/wp\/v2\/product\/2290","targetHints":{"allow":["GET"]}}],"collection":[{"href":"https:\/\/www.tosunlux.eu\/tr\/wp-json\/wp\/v2\/product"}],"about":[{"href":"https:\/\/www.tosunlux.eu\/tr\/wp-json\/wp\/v2\/types\/product"}],"version-history":[{"count":1,"href":"https:\/\/www.tosunlux.eu\/tr\/wp-json\/wp\/v2\/product\/2290\/revisions"}],"predecessor-version":[{"id":9914,"href":"https:\/\/www.tosunlux.eu\/tr\/wp-json\/wp\/v2\/product\/2290\/revisions\/9914"}],"wp:attachment":[{"href":"https:\/\/www.tosunlux.eu\/tr\/wp-json\/wp\/v2\/media?parent=2290"}],"wp:term":[{"taxonomy":"product_category","embeddable":true,"href":"https:\/\/www.tosunlux.eu\/tr\/wp-json\/wp\/v2\/product_category?post=2290"}],"curies":[{"name":"wp","href":"https:\/\/api.w.org\/{rel}","templated":true}]}}