{"id":2463,"date":"2022-05-10T17:44:17","date_gmt":"2022-05-10T09:44:17","guid":{"rendered":"https:\/\/www.tosunlux.eu\/?post_type=product&#038;p=2463"},"modified":"2022-05-12T15:08:04","modified_gmt":"2022-05-12T07:08:04","slug":"tsd2-mg-surface-mount-distribution-board","status":"publish","type":"product","link":"https:\/\/www.tosunlux.eu\/tr\/products\/tsd2-mg-surface-mount-distribution-board\/","title":{"rendered":"TSD2-MG Y\u00fczeye Monte Da\u011f\u0131t\u0131m Panosu"},"content":{"rendered":"<p>BEN<strong>giri\u015f<\/strong><\/p>\n\n\n\n<p>Yeni ABS (g\u00f6vde) ve PC\/PS (kap\u0131) malzemeden \u00fcretilmi\u015ftir Muhafazan\u0131n arkas\u0131nda, \u00fcst\u00fcnde ve alt\u0131nda bulunan \u00e7\u0131k\u0131nt\u0131lar T\u00fcm Din-ray tipi minyat\u00fcr devre kesicileri kabul eder AC 50\/60Hz, nominal voltaj 230\/415V, nominal ak\u0131m 100A&#039;ya kadar uygundur Daha geni\u015f muhafaza kolay kablolama ve m\u00fckemmel \u0131s\u0131 da\u011f\u0131l\u0131m\u0131 sunar Y\u00fczeye monte tasar\u0131mlar 2, 4, 6, 8, 10, 12, 15, 18, 24, 36, 45 Yollu<\/p>\n\n\n\n<p><strong>TSD2-MG Y\u00fczey Montajl\u0131 Da\u011f\u0131t\u0131m Panosunun Boyutu<\/strong><\/p>\n\n\n<table class=\"table\" border=\"0\" width=\"100%\" cellspacing=\"0\" cellpadding=\"0\">\n<tbody>\n<tr class=\"firstRow\">\n<td align=\"center\" valign=\"middle\">\u00d6rnek<\/td>\n<td align=\"center\" valign=\"middle\">U(mm)<\/td>\n<td align=\"center\" valign=\"middle\">Geni\u015flik (mm)<\/td>\n<td align=\"center\" valign=\"middle\">Hmm)<\/td>\n<\/tr>\n<tr>\n<td align=\"center\" valign=\"middle\">TSD2-MG 2 y\u00f6nl\u00fc<\/td>\n<td align=\"center\" valign=\"middle\">49<\/td>\n<td align=\"center\" valign=\"middle\">130<\/td>\n<td align=\"center\" valign=\"middle\">85<\/td>\n<\/tr>\n<tr>\n<td align=\"center\" valign=\"middle\">TSD2-MG 4 y\u00f6nl\u00fc<\/td>\n<td align=\"center\" valign=\"middle\">110<\/td>\n<td align=\"center\" valign=\"middle\">200<\/td>\n<td align=\"center\" valign=\"middle\">90<\/td>\n<\/tr>\n<tr>\n<td align=\"center\" valign=\"middle\">TSD2-MG 6 yollu<\/td>\n<td align=\"center\" valign=\"middle\">148<\/td>\n<td align=\"center\" valign=\"middle\">200<\/td>\n<td align=\"center\" valign=\"middle\">90<\/td>\n<\/tr>\n<tr>\n<td align=\"center\" valign=\"middle\">TSD2-MG 8 y\u00f6nl\u00fc<\/td>\n<td align=\"center\" valign=\"middle\">182<\/td>\n<td align=\"center\" valign=\"middle\">200<\/td>\n<td align=\"center\" valign=\"middle\">90<\/td>\n<\/tr>\n<tr>\n<td align=\"center\" valign=\"middle\">TSD2-MG 10 yollu<\/td>\n<td align=\"center\" valign=\"middle\">222<\/td>\n<td align=\"center\" valign=\"middle\">200<\/td>\n<td align=\"center\" valign=\"middle\">90<\/td>\n<\/tr>\n<tr>\n<td align=\"center\" valign=\"middle\">TSD2-MG 12 yollu<\/td>\n<td align=\"center\" valign=\"middle\">255<\/td>\n<td align=\"center\" valign=\"middle\">200<\/td>\n<td align=\"center\" valign=\"middle\">90<\/td>\n<\/tr>\n<tr>\n<td align=\"center\" valign=\"middle\">TSD2-MG 15 yollu<\/td>\n<td align=\"center\" valign=\"middle\">310<\/td>\n<td align=\"center\" valign=\"middle\">200<\/td>\n<td align=\"center\" valign=\"middle\">90<\/td>\n<\/tr>\n<tr>\n<td align=\"center\" valign=\"middle\">TSD2-MG 18 yollu<\/td>\n<td align=\"center\" valign=\"middle\">364<\/td>\n<td align=\"center\" valign=\"middle\">211<\/td>\n<td align=\"center\" valign=\"middle\">94<\/td>\n<\/tr>\n<tr>\n<td align=\"center\" valign=\"middle\">TSD2-MG 24 yollu<\/td>\n<td align=\"center\" valign=\"middle\">256<\/td>\n<td align=\"center\" valign=\"middle\">326<\/td>\n<td align=\"center\" valign=\"middle\">90<\/td>\n<\/tr>\n<tr>\n<td align=\"center\" valign=\"middle\">TSD2-MG 36 yollu<\/td>\n<td align=\"center\" valign=\"middle\">271<\/td>\n<td align=\"center\" valign=\"middle\">326<\/td>\n<td align=\"center\" valign=\"middle\">100<\/td>\n<\/tr>\n<tr>\n<td align=\"center\" valign=\"middle\">TSD2-MG 45 yollu<\/td>\n<td align=\"center\" valign=\"middle\">325<\/td>\n<td align=\"center\" valign=\"middle\">472<\/td>\n<td align=\"center\" valign=\"middle\">100<\/td>\n<\/tr>\n<\/tbody>\n<\/table>","protected":false},"parent":0,"template":"","product_category":[36,102],"class_list":["post-2463","product","type-product","status-publish","hentry","product_category-electrical-accessories","product_category-panel-board-junction-box"],"yoast_head":"<!-- This site is optimized with the Yoast SEO plugin v27.5 - https:\/\/yoast.com\/product\/yoast-seo-wordpress\/ -->\n<title>WholesaleTSD2-MG Surface Mount Distribution Board - TOSUNlux Official Site - Electrical Circuit Breaker Manufacturer in China Low Voltage Electrical Supplier | TOSUNlux<\/title>\n<meta name=\"description\" content=\"TSD2-MG Surface Mount Distribution Board Supplier - Wholesale direct from TOSUNlux, a trusted manufacturer since 1994. Get your B2B factory quote on our certified Low Voltage electrical products.\" \/>\n<meta name=\"robots\" content=\"index, follow, max-snippet:-1, max-image-preview:large, max-video-preview:-1\" \/>\n<link rel=\"canonical\" href=\"https:\/\/www.tosunlux.eu\/tr\/products\/tsd2-mg-surface-mount-distribution-board\/\" \/>\n<meta property=\"og:locale\" content=\"tr_TR\" \/>\n<meta property=\"og:type\" content=\"article\" \/>\n<meta property=\"og:title\" content=\"WholesaleTSD2-MG Surface Mount Distribution Board - TOSUNlux Official Site - Electrical Circuit Breaker Manufacturer in China Low Voltage Electrical Supplier | TOSUNlux\" \/>\n<meta property=\"og:description\" content=\"TSD2-MG Surface Mount Distribution Board Supplier - Wholesale direct from TOSUNlux, a trusted manufacturer since 1994. Get your B2B factory quote on our certified Low Voltage electrical products.\" \/>\n<meta property=\"og:url\" content=\"https:\/\/www.tosunlux.eu\/tr\/products\/tsd2-mg-surface-mount-distribution-board\/\" \/>\n<meta property=\"og:site_name\" content=\"TOSUNlux Official Site - Electrical Circuit Breaker Manufacturer in China\" \/>\n<meta property=\"article:publisher\" content=\"https:\/\/www.facebook.com\/TOSUNelectric\/\" \/>\n<meta property=\"article:modified_time\" content=\"2022-05-12T07:08:04+00:00\" \/>\n<meta property=\"og:image\" content=\"https:\/\/www.tosunlux.eu\/wp-content\/uploads\/2023\/04\/DSC08160_\u526f\u672c.jpg\" \/>\n\t<meta property=\"og:image:width\" content=\"1500\" \/>\n\t<meta property=\"og:image:height\" content=\"940\" \/>\n\t<meta property=\"og:image:type\" content=\"image\/jpeg\" \/>\n<meta name=\"twitter:card\" content=\"summary_large_image\" \/>\n<meta name=\"twitter:label1\" content=\"Tahmini okuma s\u00fcresi\" \/>\n\t<meta name=\"twitter:data1\" content=\"1 dakika\" \/>\n<script type=\"application\/ld+json\" class=\"yoast-schema-graph\">{\"@context\":\"https:\\\/\\\/schema.org\",\"@graph\":[{\"@type\":\"WebPage\",\"@id\":\"https:\\\/\\\/www.tosunlux.eu\\\/pl\\\/products\\\/tsd2-mg-surface-mount-distribution-board\\\/\",\"url\":\"https:\\\/\\\/www.tosunlux.eu\\\/pl\\\/products\\\/tsd2-mg-surface-mount-distribution-board\\\/\",\"name\":\"WholesaleTSD2-MG Surface Mount Distribution Board - TOSUNlux Official Site - Electrical Circuit Breaker Manufacturer in China Low Voltage Electrical Supplier | TOSUNlux\",\"isPartOf\":{\"@id\":\"https:\\\/\\\/www.tosunlux.eu\\\/ru\\\/#website\"},\"datePublished\":\"2022-05-10T09:44:17+00:00\",\"dateModified\":\"2022-05-12T07:08:04+00:00\",\"description\":\"TSD2-MG Surface Mount Distribution Board Supplier - Wholesale direct from TOSUNlux, a trusted manufacturer since 1994. Get your B2B factory quote on our certified Low Voltage electrical products.\",\"breadcrumb\":{\"@id\":\"https:\\\/\\\/www.tosunlux.eu\\\/pl\\\/products\\\/tsd2-mg-surface-mount-distribution-board\\\/#breadcrumb\"},\"inLanguage\":\"tr\",\"potentialAction\":[{\"@type\":\"ReadAction\",\"target\":[\"https:\\\/\\\/www.tosunlux.eu\\\/pl\\\/products\\\/tsd2-mg-surface-mount-distribution-board\\\/\"]}]},{\"@type\":\"BreadcrumbList\",\"@id\":\"https:\\\/\\\/www.tosunlux.eu\\\/pl\\\/products\\\/tsd2-mg-surface-mount-distribution-board\\\/#breadcrumb\",\"itemListElement\":[{\"@type\":\"ListItem\",\"position\":1,\"name\":\"Home\",\"item\":\"https:\\\/\\\/www.tosunlux.eu\\\/ru\\\/\"},{\"@type\":\"ListItem\",\"position\":2,\"name\":\"Products\",\"item\":\"https:\\\/\\\/www.tosunlux.eu\\\/products\\\/\"},{\"@type\":\"ListItem\",\"position\":3,\"name\":\"TSD2-MG Surface Mount Distribution Board\"}]},{\"@type\":\"WebSite\",\"@id\":\"https:\\\/\\\/www.tosunlux.eu\\\/ru\\\/#website\",\"url\":\"https:\\\/\\\/www.tosunlux.eu\\\/ru\\\/\",\"name\":\"TOSUNlux Official Site - Electrical Circuit Breaker Manufacturer in China\",\"description\":\"Power Distribution System Supplier\",\"publisher\":{\"@id\":\"https:\\\/\\\/www.tosunlux.eu\\\/ru\\\/#organization\"},\"alternateName\":\"TOSUNlux\",\"potentialAction\":[{\"@type\":\"SearchAction\",\"target\":{\"@type\":\"EntryPoint\",\"urlTemplate\":\"https:\\\/\\\/www.tosunlux.eu\\\/ru\\\/?s={search_term_string}\"},\"query-input\":{\"@type\":\"PropertyValueSpecification\",\"valueRequired\":true,\"valueName\":\"search_term_string\"}}],\"inLanguage\":\"tr\"},{\"@type\":\"Organization\",\"@id\":\"https:\\\/\\\/www.tosunlux.eu\\\/ru\\\/#organization\",\"name\":\"TOSUNlux\",\"url\":\"https:\\\/\\\/www.tosunlux.eu\\\/ru\\\/\",\"logo\":{\"@type\":\"ImageObject\",\"inLanguage\":\"tr\",\"@id\":\"https:\\\/\\\/www.tosunlux.eu\\\/ru\\\/#\\\/schema\\\/logo\\\/image\\\/\",\"url\":\"https:\\\/\\\/www.tosunlux.eu\\\/wp-content\\\/uploads\\\/2022\\\/01\\\/LOGOSYSM.71762f1.png\",\"contentUrl\":\"https:\\\/\\\/www.tosunlux.eu\\\/wp-content\\\/uploads\\\/2022\\\/01\\\/LOGOSYSM.71762f1.png\",\"width\":153,\"height\":55,\"caption\":\"TOSUNlux\"},\"image\":{\"@id\":\"https:\\\/\\\/www.tosunlux.eu\\\/ru\\\/#\\\/schema\\\/logo\\\/image\\\/\"},\"sameAs\":[\"https:\\\/\\\/www.facebook.com\\\/TOSUNelectric\\\/\",\"https:\\\/\\\/www.linkedin.com\\\/company\\\/wenzhou-tosun-electric-co.-ltd\\\/\"]}]}<\/script>\n<!-- \/ Yoast SEO plugin. -->","yoast_head_json":{"title":"ToptanTSD2-MG Y\u00fczeye Monte Da\u011f\u0131t\u0131m Panosu - TOSUNlux Resmi Sitesi - \u00c7in&#039;de Elektrik Sigortas\u0131 \u00dcreticisi ve D\u00fc\u015f\u00fck Voltajl\u0131 Elektrik Tedarik\u00e7isi | TOSUNlux","description":"TSD2-MG Y\u00fczeye Monte Da\u011f\u0131t\u0131m Panosu Tedarik\u00e7isi - 1994&#039;ten beri g\u00fcvenilir bir \u00fcretici olan TOSUNlux&#039;tan do\u011frudan toptan sat\u0131\u015f. Sertifikal\u0131 D\u00fc\u015f\u00fck Gerilim elektrik \u00fcr\u00fcnlerimiz i\u00e7in B2B fabrika fiyat teklifinizi al\u0131n.","robots":{"index":"index","follow":"follow","max-snippet":"max-snippet:-1","max-image-preview":"max-image-preview:large","max-video-preview":"max-video-preview:-1"},"canonical":"https:\/\/www.tosunlux.eu\/tr\/products\/tsd2-mg-surface-mount-distribution-board\/","og_locale":"tr_TR","og_type":"article","og_title":"WholesaleTSD2-MG Surface Mount Distribution Board - TOSUNlux Official Site - Electrical Circuit Breaker Manufacturer in China Low Voltage Electrical Supplier | TOSUNlux","og_description":"TSD2-MG Surface Mount Distribution Board Supplier - Wholesale direct from TOSUNlux, a trusted manufacturer since 1994. Get your B2B factory quote on our certified Low Voltage electrical products.","og_url":"https:\/\/www.tosunlux.eu\/tr\/products\/tsd2-mg-surface-mount-distribution-board\/","og_site_name":"TOSUNlux Official Site - Electrical Circuit Breaker Manufacturer in China","article_publisher":"https:\/\/www.facebook.com\/TOSUNelectric\/","article_modified_time":"2022-05-12T07:08:04+00:00","og_image":[{"width":1500,"height":940,"url":"https:\/\/www.tosunlux.eu\/wp-content\/uploads\/2023\/04\/DSC08160_\u526f\u672c.jpg","type":"image\/jpeg"}],"twitter_card":"summary_large_image","twitter_misc":{"Tahmini okuma s\u00fcresi":"1 dakika"},"schema":{"@context":"https:\/\/schema.org","@graph":[{"@type":"WebPage","@id":"https:\/\/www.tosunlux.eu\/pl\/products\/tsd2-mg-surface-mount-distribution-board\/","url":"https:\/\/www.tosunlux.eu\/pl\/products\/tsd2-mg-surface-mount-distribution-board\/","name":"ToptanTSD2-MG Y\u00fczeye Monte Da\u011f\u0131t\u0131m Panosu - TOSUNlux Resmi Sitesi - \u00c7in&#039;de Elektrik Sigortas\u0131 \u00dcreticisi ve D\u00fc\u015f\u00fck Voltajl\u0131 Elektrik Tedarik\u00e7isi | TOSUNlux","isPartOf":{"@id":"https:\/\/www.tosunlux.eu\/ru\/#website"},"datePublished":"2022-05-10T09:44:17+00:00","dateModified":"2022-05-12T07:08:04+00:00","description":"TSD2-MG Y\u00fczeye Monte Da\u011f\u0131t\u0131m Panosu Tedarik\u00e7isi - 1994&#039;ten beri g\u00fcvenilir bir \u00fcretici olan TOSUNlux&#039;tan do\u011frudan toptan sat\u0131\u015f. Sertifikal\u0131 D\u00fc\u015f\u00fck Gerilim elektrik \u00fcr\u00fcnlerimiz i\u00e7in B2B fabrika fiyat teklifinizi al\u0131n.","breadcrumb":{"@id":"https:\/\/www.tosunlux.eu\/pl\/products\/tsd2-mg-surface-mount-distribution-board\/#breadcrumb"},"inLanguage":"tr","potentialAction":[{"@type":"ReadAction","target":["https:\/\/www.tosunlux.eu\/pl\/products\/tsd2-mg-surface-mount-distribution-board\/"]}]},{"@type":"BreadcrumbList","@id":"https:\/\/www.tosunlux.eu\/pl\/products\/tsd2-mg-surface-mount-distribution-board\/#breadcrumb","itemListElement":[{"@type":"ListItem","position":1,"name":"Home","item":"https:\/\/www.tosunlux.eu\/ru\/"},{"@type":"ListItem","position":2,"name":"Products","item":"https:\/\/www.tosunlux.eu\/products\/"},{"@type":"ListItem","position":3,"name":"TSD2-MG Surface Mount Distribution Board"}]},{"@type":"WebSite","@id":"https:\/\/www.tosunlux.eu\/ru\/#website","url":"https:\/\/www.tosunlux.eu\/ru\/","name":"TOSUNlux Resmi Sitesi - \u00c7in&#039;de Elektrik Sigortas\u0131 \u00dcreticisi","description":"G\u00fc\u00e7 Da\u011f\u0131t\u0131m Sistemi Tedarik\u00e7isi","publisher":{"@id":"https:\/\/www.tosunlux.eu\/ru\/#organization"},"alternateName":"TOSUNlux","potentialAction":[{"@type":"SearchAction","target":{"@type":"EntryPoint","urlTemplate":"https:\/\/www.tosunlux.eu\/ru\/?s={search_term_string}"},"query-input":{"@type":"PropertyValueSpecification","valueRequired":true,"valueName":"search_term_string"}}],"inLanguage":"tr"},{"@type":"Organization","@id":"https:\/\/www.tosunlux.eu\/ru\/#organization","name":"TOSUNlux","url":"https:\/\/www.tosunlux.eu\/ru\/","logo":{"@type":"ImageObject","inLanguage":"tr","@id":"https:\/\/www.tosunlux.eu\/ru\/#\/schema\/logo\/image\/","url":"https:\/\/www.tosunlux.eu\/wp-content\/uploads\/2022\/01\/LOGOSYSM.71762f1.png","contentUrl":"https:\/\/www.tosunlux.eu\/wp-content\/uploads\/2022\/01\/LOGOSYSM.71762f1.png","width":153,"height":55,"caption":"TOSUNlux"},"image":{"@id":"https:\/\/www.tosunlux.eu\/ru\/#\/schema\/logo\/image\/"},"sameAs":["https:\/\/www.facebook.com\/TOSUNelectric\/","https:\/\/www.linkedin.com\/company\/wenzhou-tosun-electric-co.-ltd\/"]}]}},"_links":{"self":[{"href":"https:\/\/www.tosunlux.eu\/tr\/wp-json\/wp\/v2\/product\/2463","targetHints":{"allow":["GET"]}}],"collection":[{"href":"https:\/\/www.tosunlux.eu\/tr\/wp-json\/wp\/v2\/product"}],"about":[{"href":"https:\/\/www.tosunlux.eu\/tr\/wp-json\/wp\/v2\/types\/product"}],"version-history":[{"count":0,"href":"https:\/\/www.tosunlux.eu\/tr\/wp-json\/wp\/v2\/product\/2463\/revisions"}],"wp:attachment":[{"href":"https:\/\/www.tosunlux.eu\/tr\/wp-json\/wp\/v2\/media?parent=2463"}],"wp:term":[{"taxonomy":"product_category","embeddable":true,"href":"https:\/\/www.tosunlux.eu\/tr\/wp-json\/wp\/v2\/product_category?post=2463"}],"curies":[{"name":"wp","href":"https:\/\/api.w.org\/{rel}","templated":true}]}}